{"id":13013,"date":"2025-02-20T08:19:54","date_gmt":"2025-02-20T08:19:54","guid":{"rendered":"https:\/\/www.delcofluid.com\/?post_type=product&#038;p=13013"},"modified":"2025-02-20T09:05:29","modified_gmt":"2025-02-20T09:05:29","slug":"delco-flange-type-pneumatic-actuator-dome-valve","status":"publish","type":"product","link":"https:\/\/www.delcofluid.com\/de\/produkt\/delco-flange-type-pneumatic-actuator-dome-valve\/","title":{"rendered":"DELCO Kuppelventil mit pneumatischem Stellantrieb und Flanschausf\u00fchrung"},"content":{"rendered":"<div data-elementor-type=\"product-post\" data-elementor-id=\"13013\" class=\"elementor elementor-13013\" data-elementor-post-type=\"product\">\n\t\t\t\t<div class=\"elementor-element elementor-element-20539a1c e-con-full e-flex e-con e-parent\" data-id=\"20539a1c\" data-element_type=\"container\" data-e-type=\"container\" data-settings=\"{&quot;ekit_has_onepagescroll_dot&quot;:&quot;yes&quot;}\">\n\t\t<div class=\"elementor-element elementor-element-3316fa6 e-con-full e-flex e-con e-child\" data-id=\"3316fa6\" data-element_type=\"container\" data-e-type=\"container\" data-settings=\"{&quot;ekit_has_onepagescroll_dot&quot;:&quot;yes&quot;}\">\n\t\t\t\t<div class=\"elementor-element elementor-element-b8b3abc elementor-widget elementor-widget-heading\" data-id=\"b8b3abc\" data-element_type=\"widget\" data-e-type=\"widget\" data-settings=\"{&quot;ekit_we_effect_on&quot;:&quot;none&quot;}\" data-widget_type=\"heading.default\">\n\t\t\t\t<div class=\"elementor-widget-container\">\n\t\t\t\t\t<h2 class=\"elementor-heading-title elementor-size-default\">Merkmale pneumatischer Domventile:<\/h2>\t\t\t\t<\/div>\n\t\t\t\t<\/div>\n\t\t\t\t<div class=\"elementor-element elementor-element-f24d1e9 elementor-widget__width-initial elementor-widget elementor-widget-text-editor\" data-id=\"f24d1e9\" data-element_type=\"widget\" data-e-type=\"widget\" data-settings=\"{&quot;ekit_we_effect_on&quot;:&quot;none&quot;}\" data-widget_type=\"text-editor.default\">\n\t\t\t\t<div class=\"elementor-widget-container\">\n\t\t\t\t\t\t\t\t\t<ul><li><strong>Gute Abdichtung:<\/strong> Das pneumatische Kuppelventil verf\u00fcgt \u00fcber eine kuppelf\u00f6rmige Ventilplatte, die dicht an der Innenwand der Rohrleitung anliegt und so eine hervorragende Abdichtung gew\u00e4hrleistet, um Materiallecks zu verhindern.<\/li><li><strong>Starke Verschlei\u00dffestigkeit:<\/strong> Die Ventilplatte und die Dichtungskomponenten bestehen aus verschlei\u00dffesten Materialien, was einen langfristigen Einsatz in rauen Umgebungen erm\u00f6glicht und die H\u00e4ufigkeit von Wartungen und Austauschen reduziert.<\/li><li><strong>Hohe Temperatur- und Druckbest\u00e4ndigkeit:<\/strong> Das pneumatische Kuppelventil h\u00e4lt dem Materialtransport bei hohen Temperaturen und hohem Druck stand und weist eine starke Anpassungsf\u00e4higkeit auf.<\/li><li><strong>Automatisierungssteuerung:<\/strong> Es kann zur Fernsteuerung und -\u00fcberwachung an Automatisierungssteuerungssysteme angeschlossen werden und so die Produktionseffizienz und -sicherheit verbessern.<\/li><li><strong>Wartungsfreundlichkeit:<\/strong> Der einfache Aufbau des pneumatischen Kuppelventils erm\u00f6glicht eine leichte Demontage und Wartung und erleichtert so die routinem\u00e4\u00dfige Instandhaltung.<\/li><\/ul>\t\t\t\t\t\t\t\t<\/div>\n\t\t\t\t<\/div>\n\t\t\t\t<\/div>\n\t\t<div class=\"elementor-element elementor-element-e796ac0 e-con-full e-flex e-con e-child\" data-id=\"e796ac0\" data-element_type=\"container\" data-e-type=\"container\" data-settings=\"{&quot;ekit_has_onepagescroll_dot&quot;:&quot;yes&quot;}\">\n\t\t<div class=\"elementor-element elementor-element-121f832 e-grid e-con-full e-con e-child\" data-id=\"121f832\" data-element_type=\"container\" data-e-type=\"container\" data-settings=\"{&quot;ekit_has_onepagescroll_dot&quot;:&quot;yes&quot;}\">\n\t\t\t\t<div class=\"elementor-element elementor-element-633243b elementor-widget elementor-widget-image\" data-id=\"633243b\" data-element_type=\"widget\" data-e-type=\"widget\" data-settings=\"{&quot;ekit_we_effect_on&quot;:&quot;none&quot;}\" data-widget_type=\"image.default\">\n\t\t\t\t<div class=\"elementor-widget-container\">\n\t\t\t\t\t\t\t\t\t\t\t\t\t\t\t<img fetchpriority=\"high\" decoding=\"async\" width=\"499\" height=\"643\" src=\"https:\/\/www.delcofluid.com\/wp-content\/uploads\/2025\/02\/\u6c14\u52a8\u5706\u9876\u9600\uff08\u8010\u78e8\u8010\u9ad8\u6e29\uff09.png\" class=\"attachment-large size-large wp-image-13029\" alt=\"DELCO Flange Type Pneumatic Actuator Dome Valve\" srcset=\"https:\/\/www.delcofluid.com\/wp-content\/uploads\/2025\/02\/\u6c14\u52a8\u5706\u9876\u9600\uff08\u8010\u78e8\u8010\u9ad8\u6e29\uff09.png 499w, https:\/\/www.delcofluid.com\/wp-content\/uploads\/2025\/02\/\u6c14\u52a8\u5706\u9876\u9600\uff08\u8010\u78e8\u8010\u9ad8\u6e29\uff09-233x300.png 233w, https:\/\/www.delcofluid.com\/wp-content\/uploads\/2025\/02\/\u6c14\u52a8\u5706\u9876\u9600\uff08\u8010\u78e8\u8010\u9ad8\u6e29\uff09-9x12.png 9w\" sizes=\"(max-width: 499px) 100vw, 499px\" \/>\t\t\t\t\t\t\t\t\t\t\t\t\t\t\t<\/div>\n\t\t\t\t<\/div>\n\t\t\t\t<div class=\"elementor-element elementor-element-ad0ec92 elementor-widget elementor-widget-image\" data-id=\"ad0ec92\" data-element_type=\"widget\" data-e-type=\"widget\" data-settings=\"{&quot;ekit_we_effect_on&quot;:&quot;none&quot;}\" data-widget_type=\"image.default\">\n\t\t\t\t<div class=\"elementor-widget-container\">\n\t\t\t\t\t\t\t\t\t\t\t\t\t\t\t<img decoding=\"async\" width=\"492\" height=\"634\" src=\"https:\/\/www.delcofluid.com\/wp-content\/uploads\/2025\/02\/\u6c14\u52a8\u5706\u9876\u9600-1.png\" class=\"attachment-large size-large wp-image-13030\" alt=\"DELCO Flange Type Pneumatic Actuator Dome Valve\" srcset=\"https:\/\/www.delcofluid.com\/wp-content\/uploads\/2025\/02\/\u6c14\u52a8\u5706\u9876\u9600-1.png 492w, https:\/\/www.delcofluid.com\/wp-content\/uploads\/2025\/02\/\u6c14\u52a8\u5706\u9876\u9600-1-233x300.png 233w, https:\/\/www.delcofluid.com\/wp-content\/uploads\/2025\/02\/\u6c14\u52a8\u5706\u9876\u9600-1-9x12.png 9w\" sizes=\"(max-width: 492px) 100vw, 492px\" \/>\t\t\t\t\t\t\t\t\t\t\t\t\t\t\t<\/div>\n\t\t\t\t<\/div>\n\t\t\t\t<\/div>\n\t\t\t\t<\/div>\n\t\t\t\t<\/div>\n\t\t<div class=\"elementor-element elementor-element-15c4c55 e-con-full e-flex e-con e-parent\" data-id=\"15c4c55\" data-element_type=\"container\" data-e-type=\"container\" data-settings=\"{&quot;background_background&quot;:&quot;classic&quot;,&quot;ekit_has_onepagescroll_dot&quot;:&quot;yes&quot;}\">\n\t\t\t\t<div class=\"elementor-element elementor-element-cf7446a elementor-widget elementor-widget-heading\" data-id=\"cf7446a\" data-element_type=\"widget\" data-e-type=\"widget\" data-settings=\"{&quot;ekit_we_effect_on&quot;:&quot;none&quot;}\" data-widget_type=\"heading.default\">\n\t\t\t\t<div class=\"elementor-widget-container\">\n\t\t\t\t\t<h2 class=\"elementor-heading-title elementor-size-default\">Datenblatt des Ventils:<\/h2>\t\t\t\t<\/div>\n\t\t\t\t<\/div>\n\t\t\t\t<\/div>\n\t\t<div class=\"elementor-element elementor-element-e2b9db7 e-con-full e-flex e-con e-parent\" data-id=\"e2b9db7\" data-element_type=\"container\" data-e-type=\"container\" data-settings=\"{&quot;ekit_has_onepagescroll_dot&quot;:&quot;yes&quot;}\">\n\t\t\t\t<div class=\"elementor-element elementor-element-4cf356d elementor-widget__width-initial elementor-widget elementor-widget-text-editor\" data-id=\"4cf356d\" data-element_type=\"widget\" data-e-type=\"widget\" data-settings=\"{&quot;ekit_we_effect_on&quot;:&quot;none&quot;}\" data-widget_type=\"text-editor.default\">\n\t\t\t\t<div class=\"elementor-widget-container\">\n\t\t\t\t\t\t\t\t\t<table><tbody><tr><td><p>Antriebstyp<\/p><\/td><td><p>Federr\u00fcckzug \/ Doppeltwirkend<\/p><\/td><td><p>Gr\u00f6\u00dfenbereich<\/p><\/td><td><p>DN15 bis DN150<\/p><\/td><\/tr><tr><td><p>Verbindung<\/p><\/td><td><p>Flansch<\/p><\/td><td><p>Dichtungsmaterial<\/p><\/td><td><p>EPDM \/ Metall<\/p><\/td><\/tr><tr><td><p>Medium<\/p><\/td><td><p>Luft, Wasser, Abwasser, \u00d6l, Schlamm usw.<\/p><\/td><td><p>Arbeitsdruck<\/p><\/td><td><p>PN16<\/p><\/td><\/tr><tr><td><p>Geh\u00e4usematerial<\/p><\/td><td><p>Kohlenstoffstahl oder Edelstahl 304\/316\/316L<\/p><\/td><td><p>Temperatur des Mediums<\/p><\/td><td><p>-10 bis 400\u2103 (14\u2109 bis 752\u2109)<\/p><\/td><\/tr><\/tbody><\/table>\t\t\t\t\t\t\t\t<\/div>\n\t\t\t\t<\/div>\n\t\t\t\t<\/div>\n\t\t<div class=\"elementor-element elementor-element-0b18e32 e-flex e-con-boxed e-con e-parent\" data-id=\"0b18e32\" data-element_type=\"container\" data-e-type=\"container\" data-settings=\"{&quot;ekit_has_onepagescroll_dot&quot;:&quot;yes&quot;}\">\n\t\t\t\t\t<div class=\"e-con-inner\">\n\t\t<div class=\"elementor-element elementor-element-352ec61 e-con-full e-flex e-con e-child\" data-id=\"352ec61\" data-element_type=\"container\" data-e-type=\"container\" data-settings=\"{&quot;background_background&quot;:&quot;classic&quot;,&quot;ekit_has_onepagescroll_dot&quot;:&quot;yes&quot;}\">\n\t\t\t\t<div class=\"elementor-element elementor-element-bd2fe08 elementor-widget elementor-widget-heading\" data-id=\"bd2fe08\" data-element_type=\"widget\" data-e-type=\"widget\" data-settings=\"{&quot;ekit_we_effect_on&quot;:&quot;none&quot;}\" data-widget_type=\"heading.default\">\n\t\t\t\t<div class=\"elementor-widget-container\">\n\t\t\t\t\t<h2 class=\"elementor-heading-title elementor-size-default\">Anwendungen von pneumatischen Kuppelventilen<\/h2>\t\t\t\t<\/div>\n\t\t\t\t<\/div>\n\t\t\t\t<\/div>\n\t\t\t\t<div class=\"elementor-element elementor-element-5ca8c4c elementor-widget elementor-widget-text-editor\" data-id=\"5ca8c4c\" data-element_type=\"widget\" data-e-type=\"widget\" data-settings=\"{&quot;ekit_we_effect_on&quot;:&quot;none&quot;}\" data-widget_type=\"text-editor.default\">\n\t\t\t\t<div class=\"elementor-widget-container\">\n\t\t\t\t\t\t\t\t\t<ul><li><strong>Kohle- und Petrochemieindustrie:<\/strong> Wird zum Umleiten, Konvergieren oder Wechseln der Flie\u00dfrichtung in Rohrleitungsmedien verwendet, um einen reibungslosen Prozessablauf zu gew\u00e4hrleisten.<\/li><li><strong>Energieerzeugung und Metallurgie:<\/strong> Wird h\u00e4ufig in pneumatischen F\u00f6rdersystemen eingesetzt, beispielsweise in Aschef\u00f6rdersystemen in Kohlekraftwerken sowie beim Materialtransport und der Materialsteuerung in metallurgischen Prozessen.<\/li><li><strong>Erneuerbare Energien:<\/strong> Wird verwendet, um den Fluss verschiedener Medien zu steuern und so einen stabilen Systembetrieb sicherzustellen.<\/li><li><strong>Lebensmittelverarbeitung und Pharmazeutik:<\/strong> Aufgrund seiner hervorragenden Abdichtung und der einfachen Reinigung wird es zur Regulierung des Flusses von Pulvern, Granulaten und anderen Materialien verwendet und gew\u00e4hrleistet so die Produkthygiene und -qualit\u00e4t.<\/li><li><strong>Pneumatische F\u00f6rdersysteme:<\/strong> Es ist eine wichtige Komponente in pneumatischen F\u00f6rdersystemen und wird verwendet, um den Materialfluss zu unterbrechen oder abzudichten. Dadurch wird eine F\u00fcllrate von 100% in Druckbeh\u00e4ltern sichergestellt, ohne dass man auf F\u00fcllstandsanzeigen im Vorratsbeh\u00e4lter angewiesen ist.<\/li><\/ul>\t\t\t\t\t\t\t\t<\/div>\n\t\t\t\t<\/div>\n\t\t\t\t\t<\/div>\n\t\t\t\t<\/div>\n\t\t<div class=\"elementor-element elementor-element-29c98da8 e-flex e-con-boxed e-con e-parent\" data-id=\"29c98da8\" data-element_type=\"container\" data-e-type=\"container\" data-settings=\"{&quot;ekit_has_onepagescroll_dot&quot;:&quot;yes&quot;}\">\n\t\t\t\t\t<div class=\"e-con-inner\">\n\t\t<div class=\"elementor-element elementor-element-24d0d7fe e-flex e-con-boxed e-con e-child\" data-id=\"24d0d7fe\" data-element_type=\"container\" data-e-type=\"container\" data-settings=\"{&quot;ekit_has_onepagescroll_dot&quot;:&quot;yes&quot;}\">\n\t\t\t\t\t<div class=\"e-con-inner\">\n\t\t<div class=\"elementor-element elementor-element-6a991f18 e-con-full e-flex e-con e-child\" data-id=\"6a991f18\" data-element_type=\"container\" data-e-type=\"container\" data-settings=\"{&quot;ekit_has_onepagescroll_dot&quot;:&quot;yes&quot;}\">\n\t\t\t\t<div class=\"elementor-element elementor-element-1c5ff5fb elementor-widget__width-initial elementor-widget elementor-widget-image\" data-id=\"1c5ff5fb\" data-element_type=\"widget\" data-e-type=\"widget\" data-settings=\"{&quot;ekit_we_effect_on&quot;:&quot;none&quot;}\" data-widget_type=\"image.default\">\n\t\t\t\t<div class=\"elementor-widget-container\">\n\t\t\t\t\t\t\t\t\t\t\t\t\t\t\t<img decoding=\"async\" width=\"1024\" height=\"328\" src=\"https:\/\/www.delcofluid.com\/wp-content\/uploads\/2025\/02\/\u672a\u6807\u9898-1www.webp\" class=\"attachment-large size-large wp-image-13005\" alt=\"DELCO Pneumatic Actuator2201612\" srcset=\"https:\/\/www.delcofluid.com\/wp-content\/uploads\/2025\/02\/\u672a\u6807\u9898-1www.webp 1024w, https:\/\/www.delcofluid.com\/wp-content\/uploads\/2025\/02\/\u672a\u6807\u9898-1www-300x96.webp 300w, https:\/\/www.delcofluid.com\/wp-content\/uploads\/2025\/02\/\u672a\u6807\u9898-1www-768x246.webp 768w, https:\/\/www.delcofluid.com\/wp-content\/uploads\/2025\/02\/\u672a\u6807\u9898-1www-18x6.webp 18w, https:\/\/www.delcofluid.com\/wp-content\/uploads\/2025\/02\/\u672a\u6807\u9898-1www-600x192.webp 600w\" sizes=\"(max-width: 1024px) 100vw, 1024px\" \/>\t\t\t\t\t\t\t\t\t\t\t\t\t\t\t<\/div>\n\t\t\t\t<\/div>\n\t\t\t\t<\/div>\n\t\t\t\t\t<\/div>\n\t\t\t\t<\/div>\n\t\t\t\t\t<\/div>\n\t\t\t\t<\/div>\n\t\t<div class=\"elementor-element elementor-element-8d1ed05 e-flex e-con-boxed e-con e-parent\" data-id=\"8d1ed05\" data-element_type=\"container\" data-e-type=\"container\" data-settings=\"{&quot;ekit_has_onepagescroll_dot&quot;:&quot;yes&quot;}\">\n\t\t\t\t\t<div class=\"e-con-inner\">\n\t\t\t\t<div class=\"elementor-element elementor-element-229f8d8a elementor-widget elementor-widget-text-editor\" data-id=\"229f8d8a\" data-element_type=\"widget\" data-e-type=\"widget\" data-settings=\"{&quot;ekit_we_effect_on&quot;:&quot;none&quot;}\" data-widget_type=\"text-editor.default\">\n\t\t\t\t<div class=\"elementor-widget-container\">\n\t\t\t\t\t\t\t\t\t<div class=\"elementor-element elementor-element-55adfb20 elementor-widget elementor-widget-text-editor\" data-id=\"55adfb20\" data-element_type=\"widget\" data-settings=\"{&quot;ekit_we_effect_on&quot;:&quot;none&quot;}\" data-widget_type=\"text-editor.default\"><div class=\"elementor-widget-container\"><p><strong>Luftquellenprozessor:\u00a0\u00a0<\/strong>Das pneumatische Triplett, ein wichtiges Zubeh\u00f6r f\u00fcr pneumatische Ventile, vereint Filter-, Druckreduzierungs- und Schmierfunktionen. Das Druckreduzierventil regelt den Eingangsdruck auf einen stabilen Ausgangsdruck und nutzt dabei die Energie des Mediums. In zweiteiligen Baugruppen wird es mit einem Filter zur Filterung der Druckluft gekoppelt. In dreiteiligen Konfigurationen f\u00fcgt es der Luft Schmiermittel hinzu und sorgt so f\u00fcr einen effizienten Betrieb.<\/p><\/div><\/div><div class=\"elementor-element elementor-element-65aef577 elementor-widget elementor-widget-text-editor\" data-id=\"65aef577\" data-element_type=\"widget\" data-settings=\"{&quot;ekit_we_effect_on&quot;:&quot;none&quot;}\" data-widget_type=\"text-editor.default\"><div class=\"elementor-widget-container\"><p><strong>Pneumatisches Magnetventil:\u00a0\u00a0<\/strong>Das pneumatische Magnetventil, auch Wegeventil genannt, ist eine wichtige Komponente zur Regelung des \u00d6ffnens und Schlie\u00dfens pneumatischer Ventile. Es funktioniert durch Magnetisierung und Entmagnetisierung, wodurch der Gasfluss auf der Grundlage von Spannungssignalen geleitet wird. Diese Ventile werden h\u00e4ufig zur Steuerung der Gasquelle und des Kreislaufflusses eingesetzt und bieten eine pr\u00e4zise Steuerung des Ventilbetriebs durch Spannungssignale.<\/p><\/div><\/div><div class=\"elementor-element elementor-element-2ca00d77 elementor-widget elementor-widget-text-editor\" data-id=\"2ca00d77\" data-element_type=\"widget\" data-settings=\"{&quot;ekit_we_effect_on&quot;:&quot;none&quot;}\" data-widget_type=\"text-editor.default\"><div class=\"elementor-widget-container\"><p><strong>Endschalter:\u00a0\u00a0<\/strong>Der Ventilendschalter, auch Wegschalter genannt, ist ein wichtiges Feldinstrument in automatischen Steuerungssystemen. Er erkennt den Status des Ventils und gibt Signale f\u00fcr offene oder geschlossene Positionen aus. Dieser Schalter ist f\u00fcr die Best\u00e4tigung und Ausf\u00fchrung nachfolgender Programme durch Programmierer unerl\u00e4sslich. Dar\u00fcber hinaus dient er als wichtige Komponente f\u00fcr den Ventilverriegelungsschutz und die Fernalarmanzeige innerhalb des Systems. Er zeigt die Bewegungsgrenzposition mechanischer Ger\u00e4te effektiv an und gibt Feedback dazu.<\/p><\/div><\/div><div class=\"elementor-element elementor-element-388afed4 elementor-widget elementor-widget-text-editor\" data-id=\"388afed4\" data-element_type=\"widget\" data-settings=\"{&quot;ekit_we_effect_on&quot;:&quot;none&quot;}\" data-widget_type=\"text-editor.default\"><div class=\"elementor-widget-container\"><p><strong>Ventilstellungsregler:\u00a0\u00a0<\/strong>Der Ventilpositionierer ist eine entscheidende Komponente pneumatischer Steuerventile und erm\u00f6glicht eine pr\u00e4zise Steuerung der Ventilpositionierung. Er nutzt das Ventilschaftverschiebungssignal als Eingangsr\u00fcckmeldung und das Reglerausgangssignal als Steuersignal. Durch den Vergleich dieser Signale l\u00f6st jede Abweichung Anpassungen des Stellantriebsausgangssignals aus, wodurch eine direkte \u00dcbereinstimmung zwischen Ventilschaftverschiebung und Reglerausgang sichergestellt wird.<\/p><\/div><\/div><div class=\"elementor-element elementor-element-18f93632 elementor-widget elementor-widget-text-editor\" data-id=\"18f93632\" data-element_type=\"widget\" data-settings=\"{&quot;ekit_we_effect_on&quot;:&quot;none&quot;}\" data-widget_type=\"text-editor.default\"><div class=\"elementor-widget-container\"><p><strong>Manuelles Ger\u00e4t:\u00a0\u00a0<\/strong>Das manuelle Ger\u00e4t ist eine wesentliche Komponente, die die pneumatische Antriebsbaugruppe erg\u00e4nzt. Es dient zur manuellen oder pneumatischen Bedienung von Absperrklappen und Kugelh\u00e4hnen mit einer 90\u00b0-\u00d6ffnung. Dieser Mechanismus ist entscheidend f\u00fcr die Vielseitigkeit und Flexibilit\u00e4t beim Ventilbetrieb und erm\u00f6glicht je nach Bedarf sowohl eine manuelle als auch eine automatisierte Steuerung.<\/p><\/div><\/div>\t\t\t\t\t\t\t\t<\/div>\n\t\t\t\t<\/div>\n\t\t\t\t\t<\/div>\n\t\t\t\t<\/div>\n\t\t<div class=\"elementor-element elementor-element-347eac96 e-flex e-con-boxed e-con e-parent\" data-id=\"347eac96\" data-element_type=\"container\" data-e-type=\"container\" data-settings=\"{&quot;ekit_has_onepagescroll_dot&quot;:&quot;yes&quot;}\">\n\t\t\t\t\t<div class=\"e-con-inner\">\n\t\t\t\t\t<\/div>\n\t\t\t\t<\/div>\n\t\t\t\t<\/div>","protected":false},"excerpt":{"rendered":"<div class=\"flex-1 overflow-hidden\">\n<div class=\"react-scroll-to-bottom--css-ymjnl-79elbk h-full\">\n<div class=\"react-scroll-to-bottom--css-ymjnl-1n7m0yu\">\n<div class=\"flex flex-col text-sm\">\n<div class=\"w-full text-token-text-primary\" dir=\"auto\" data-testid=\"conversation-turn-31\">\n<div class=\"px-4 py-2 justify-center text-base md:gap-6 m-auto\">\n<div class=\"flex flex-1 text-base mx-auto gap-3 juice:gap-4 juice:md:gap-6 md:px-5 lg:px-1 xl:px-5 md:max-w-3xl lg:max-w-[40rem] xl:max-w-[48rem]\">\n<div class=\"relative flex w-full flex-col agent-turn\">\n<div class=\"flex-col gap-1 md:gap-3\">\n<div class=\"flex flex-grow flex-col max-w-full\">\n<div class=\"min-h-[20px] text-message flex flex-col items-start gap-3 whitespace-pre-wrap break-words [.text-message+&amp;]:mt-5 overflow-x-auto\" dir=\"auto\" data-message-author-role=\"assistant\" data-message-id=\"4a6d6b9a-2028-48e5-bb27-c229b9ba8f05\">\n<div class=\"markdown prose w-full break-words dark:prose-invert light\">\n<p>DELCO Pneumatic dome valve adopts top-mounted structure, which reduces the connecting bolts of the valve body itself under the conditions of high pressure and large caliber, and enhances the reliability of the valve and overcomes the influence of the self-weight of the system on the normal work of the valve.<\/p>\n<p>As a leading electric ball valve manufacturer, DELCO provides a wide range of control valves and actuators suitable for various applications. We offer comprehensive solutions to meet the diverse needs of our customers, ensuring reliable performance and efficient operation.<\/p>\n<\/div>\n<\/div>\n<\/div>\n<\/div>\n<\/div>\n<\/div>\n<\/div>\n<\/div>\n<\/div>\n<\/div>\n<\/div>\n<\/div>\n<p><strong>Model: <\/strong>Pneumatic Dome Valve<\/p>\n<p><strong>Size Range:<\/strong> DN15 to DN150<\/p>\n<p><strong>Pressure Range: <\/strong>16bar to 25bar<\/p>\n<p><strong>Material: <\/strong>Stainless Steel or Carbon Steel<\/p>\n","protected":false},"featured_media":13026,"template":"","meta":{"site-sidebar-layout":"default","site-content-layout":"","ast-site-content-layout":"default","site-content-style":"default","site-sidebar-style":"default","ast-global-header-display":"","ast-banner-title-visibility":"","ast-main-header-display":"","ast-hfb-above-header-display":"","ast-hfb-below-header-display":"","ast-hfb-mobile-header-display":"","site-post-title":"","ast-breadcrumbs-content":"","ast-featured-img":"","footer-sml-layout":"","ast-disable-related-posts":"","theme-transparent-header-meta":"default","adv-header-id-meta":"","stick-header-meta":"","header-above-stick-meta":"","header-main-stick-meta":"","header-below-stick-meta":"","astra-migrate-meta-layouts":"set","ast-page-background-enabled":"default","ast-page-background-meta":{"desktop":{"background-color":"var(--ast-global-color-4)","background-image":"","background-repeat":"repeat","background-position":"center center","background-size":"auto","background-attachment":"scroll","background-type":"","background-media":"","overlay-type":"","overlay-color":"","overlay-opacity":"","overlay-gradient":""},"tablet":{"background-color":"","background-image":"","background-repeat":"repeat","background-position":"center center","background-size":"auto","background-attachment":"scroll","background-type":"","background-media":"","overlay-type":"","overlay-color":"","overlay-opacity":"","overlay-gradient":""},"mobile":{"background-color":"","background-image":"","background-repeat":"repeat","background-position":"center center","background-size":"auto","background-attachment":"scroll","background-type":"","background-media":"","overlay-type":"","overlay-color":"","overlay-opacity":"","overlay-gradient":""}},"ast-content-background-meta":{"desktop":{"background-color":"var(--ast-global-color-5)","background-image":"","background-repeat":"repeat","background-position":"center center","background-size":"auto","background-attachment":"scroll","background-type":"","background-media":"","overlay-type":"","overlay-color":"","overlay-opacity":"","overlay-gradient":""},"tablet":{"background-color":"var(--ast-global-color-5)","background-image":"","background-repeat":"repeat","background-position":"center center","background-size":"auto","background-attachment":"scroll","background-type":"","background-media":"","overlay-type":"","overlay-color":"","overlay-opacity":"","overlay-gradient":""},"mobile":{"background-color":"var(--ast-global-color-5)","background-image":"","background-repeat":"repeat","background-position":"center center","background-size":"auto","background-attachment":"scroll","background-type":"","background-media":"","overlay-type":"","overlay-color":"","overlay-opacity":"","overlay-gradient":""}}},"product_brand":[],"product_cat":[950,35,33],"product_tag":[951,952,459,458,953,954,73,56],"class_list":{"0":"post-13013","1":"product","2":"type-product","3":"status-publish","4":"has-post-thumbnail","6":"product_cat-pneumatic-dome-valve","7":"product_cat-pneumatic-valves","8":"product_cat-products","9":"product_tag-dome-valve","10":"product_tag-dome-valves","11":"product_tag-pneumatic-actuator-valve","12":"product_tag-pneumatic-actuator-valves","13":"product_tag-pneumatic-dome-valve","14":"product_tag-pneumatic-dome-valves","15":"product_tag-valve","16":"product_tag-valves","17":"desktop-align-center","18":"tablet-align-left","19":"mobile-align-left","21":"first","22":"instock","23":"shipping-taxable","24":"product-type-simple"},"_links":{"self":[{"href":"https:\/\/www.delcofluid.com\/de\/wp-json\/wp\/v2\/product\/13013","targetHints":{"allow":["GET"]}}],"collection":[{"href":"https:\/\/www.delcofluid.com\/de\/wp-json\/wp\/v2\/product"}],"about":[{"href":"https:\/\/www.delcofluid.com\/de\/wp-json\/wp\/v2\/types\/product"}],"version-history":[{"count":0,"href":"https:\/\/www.delcofluid.com\/de\/wp-json\/wp\/v2\/product\/13013\/revisions"}],"wp:featuredmedia":[{"embeddable":true,"href":"https:\/\/www.delcofluid.com\/de\/wp-json\/wp\/v2\/media\/13026"}],"wp:attachment":[{"href":"https:\/\/www.delcofluid.com\/de\/wp-json\/wp\/v2\/media?parent=13013"}],"wp:term":[{"taxonomy":"product_brand","embeddable":true,"href":"https:\/\/www.delcofluid.com\/de\/wp-json\/wp\/v2\/product_brand?post=13013"},{"taxonomy":"product_cat","embeddable":true,"href":"https:\/\/www.delcofluid.com\/de\/wp-json\/wp\/v2\/product_cat?post=13013"},{"taxonomy":"product_tag","embeddable":true,"href":"https:\/\/www.delcofluid.com\/de\/wp-json\/wp\/v2\/product_tag?post=13013"}],"curies":[{"name":"wp","href":"https:\/\/api.w.org\/{rel}","templated":true}]}}