{"id":13014,"date":"2025-02-20T08:21:24","date_gmt":"2025-02-20T08:21:24","guid":{"rendered":"https:\/\/www.delcofluid.com\/?post_type=product&#038;p=13014"},"modified":"2025-02-20T08:50:42","modified_gmt":"2025-02-20T08:50:42","slug":"delco-carbon-steel-flange-linear-pneumatic-actuator-globe-valve","status":"publish","type":"product","link":"https:\/\/www.delcofluid.com\/de\/produkt\/delco-carbon-steel-flange-linear-pneumatic-actuator-globe-valve\/","title":{"rendered":"DELCO-Absperrventil mit linearem pneumatischen Stellantrieb und Flansch aus Kohlenstoffstahl"},"content":{"rendered":"<div data-elementor-type=\"product-post\" data-elementor-id=\"13014\" class=\"elementor elementor-13014\" data-elementor-post-type=\"product\">\n\t\t\t\t<div class=\"elementor-element elementor-element-20539a1c e-con-full e-flex e-con e-parent\" data-id=\"20539a1c\" data-element_type=\"container\" data-e-type=\"container\" data-settings=\"{&quot;ekit_has_onepagescroll_dot&quot;:&quot;yes&quot;}\">\n\t\t<div class=\"elementor-element elementor-element-3316fa6 e-con-full e-flex e-con e-child\" data-id=\"3316fa6\" data-element_type=\"container\" data-e-type=\"container\" data-settings=\"{&quot;ekit_has_onepagescroll_dot&quot;:&quot;yes&quot;}\">\n\t\t\t\t<div class=\"elementor-element elementor-element-b8b3abc elementor-widget elementor-widget-heading\" data-id=\"b8b3abc\" data-element_type=\"widget\" data-e-type=\"widget\" data-settings=\"{&quot;ekit_we_effect_on&quot;:&quot;none&quot;}\" data-widget_type=\"heading.default\">\n\t\t\t\t<div class=\"elementor-widget-container\">\n\t\t\t\t\t<h2 class=\"elementor-heading-title elementor-size-default\">Vorteile pneumatischer Durchgangsventile:<\/h2>\t\t\t\t<\/div>\n\t\t\t\t<\/div>\n\t\t\t\t<div class=\"elementor-element elementor-element-4b43349d elementor-widget__width-initial elementor-widget elementor-widget-text-editor\" data-id=\"4b43349d\" data-element_type=\"widget\" data-e-type=\"widget\" data-settings=\"{&quot;ekit_we_effect_on&quot;:&quot;none&quot;}\" data-widget_type=\"text-editor.default\">\n\t\t\t\t<div class=\"elementor-widget-container\">\n\t\t\t\t\t\t\t\t\t<p>Pneumatische Ventile bieten einen kosteng\u00fcnstigen, schnellen und reaktionsschnellen Betrieb mit geringem Wartungsaufwand. Sie gew\u00e4hrleisten Sicherheit unter Gefahrenbedingungen, bieten effektive Dichtungsl\u00f6sungen und zeichnen sich durch Vielseitigkeit durch die nahtlose Integration mit verschiedenen Steuersignalen und Automatisierungssystemen aus.<\/p>\t\t\t\t\t\t\t\t<\/div>\n\t\t\t\t<\/div>\n\t\t\t\t<div class=\"elementor-element elementor-element-f24d1e9 elementor-widget__width-initial elementor-widget elementor-widget-text-editor\" data-id=\"f24d1e9\" data-element_type=\"widget\" data-e-type=\"widget\" data-settings=\"{&quot;ekit_we_effect_on&quot;:&quot;none&quot;}\" data-widget_type=\"text-editor.default\">\n\t\t\t\t<div class=\"elementor-widget-container\">\n\t\t\t\t\t\t\t\t\t<ul><li>Einstellbarer Hubbegrenzer f\u00fcr die Stangenr\u00fcckzugsposition, Kolbenboden f\u00fcr die Stangenausfahrposition. Spezifische Hubanwendungen verf\u00fcgbar, wenden Sie sich an das Werk.<\/li><li>Die Federstangenmutter ist verriegelt, um eine unbefugte Demontage der Federpatrone zu verhindern<\/li><li>Das Material des Pneumatikzylinders besteht aus hart eloxiertem Aluminium.<\/li><li>Das Material der Antriebsstange besteht aus verchromtem Kohlenstoffstahl, optional auch aus rostfreiem Stahl.<\/li><li>Andere Farben\/Beschichtungen auf Anfrage erh\u00e4ltlich<\/li><li>Informationen zu individuellen Schub-, Weg- und Druckanforderungen erhalten Sie im Werk.<\/li><\/ul>\t\t\t\t\t\t\t\t<\/div>\n\t\t\t\t<\/div>\n\t\t\t\t<\/div>\n\t\t<div class=\"elementor-element elementor-element-e796ac0 e-con-full e-flex e-con e-child\" data-id=\"e796ac0\" data-element_type=\"container\" data-e-type=\"container\" data-settings=\"{&quot;ekit_has_onepagescroll_dot&quot;:&quot;yes&quot;}\">\n\t\t\t\t<div class=\"elementor-element elementor-element-7ddba38 elementor-widget__width-initial elementor-widget elementor-widget-image\" data-id=\"7ddba38\" data-element_type=\"widget\" data-e-type=\"widget\" data-settings=\"{&quot;ekit_we_effect_on&quot;:&quot;none&quot;}\" data-widget_type=\"image.default\">\n\t\t\t\t<div class=\"elementor-widget-container\">\n\t\t\t\t\t\t\t\t\t\t\t\t\t\t\t<img fetchpriority=\"high\" decoding=\"async\" width=\"1024\" height=\"767\" src=\"https:\/\/www.delcofluid.com\/wp-content\/uploads\/2025\/02\/\u672a\u6807\u9898-51.png\" class=\"attachment-large size-large wp-image-13019\" alt=\"DELCO Carbon Steel Flanged Linear Pneumatic Actuator Globe Valve\" srcset=\"https:\/\/www.delcofluid.com\/wp-content\/uploads\/2025\/02\/\u672a\u6807\u9898-51.png 1024w, https:\/\/www.delcofluid.com\/wp-content\/uploads\/2025\/02\/\u672a\u6807\u9898-51-300x225.png 300w, https:\/\/www.delcofluid.com\/wp-content\/uploads\/2025\/02\/\u672a\u6807\u9898-51-768x575.png 768w, https:\/\/www.delcofluid.com\/wp-content\/uploads\/2025\/02\/\u672a\u6807\u9898-51-16x12.png 16w, https:\/\/www.delcofluid.com\/wp-content\/uploads\/2025\/02\/\u672a\u6807\u9898-51-600x449.png 600w\" sizes=\"(max-width: 1024px) 100vw, 1024px\" \/>\t\t\t\t\t\t\t\t\t\t\t\t\t\t\t<\/div>\n\t\t\t\t<\/div>\n\t\t\t\t<\/div>\n\t\t\t\t<\/div>\n\t\t<div class=\"elementor-element elementor-element-15c4c55 e-con-full e-flex e-con e-parent\" data-id=\"15c4c55\" data-element_type=\"container\" data-e-type=\"container\" data-settings=\"{&quot;background_background&quot;:&quot;classic&quot;,&quot;ekit_has_onepagescroll_dot&quot;:&quot;yes&quot;}\">\n\t\t\t\t<div class=\"elementor-element elementor-element-cf7446a elementor-widget elementor-widget-heading\" data-id=\"cf7446a\" data-element_type=\"widget\" data-e-type=\"widget\" data-settings=\"{&quot;ekit_we_effect_on&quot;:&quot;none&quot;}\" data-widget_type=\"heading.default\">\n\t\t\t\t<div class=\"elementor-widget-container\">\n\t\t\t\t\t<h2 class=\"elementor-heading-title elementor-size-default\">Datenblatt des Ventils:<\/h2>\t\t\t\t<\/div>\n\t\t\t\t<\/div>\n\t\t\t\t<\/div>\n\t\t<div class=\"elementor-element elementor-element-e2b9db7 e-con-full e-flex e-con e-parent\" data-id=\"e2b9db7\" data-element_type=\"container\" data-e-type=\"container\" data-settings=\"{&quot;ekit_has_onepagescroll_dot&quot;:&quot;yes&quot;}\">\n\t\t\t\t<div class=\"elementor-element elementor-element-4cf356d elementor-widget__width-initial elementor-widget elementor-widget-text-editor\" data-id=\"4cf356d\" data-element_type=\"widget\" data-e-type=\"widget\" data-settings=\"{&quot;ekit_we_effect_on&quot;:&quot;none&quot;}\" data-widget_type=\"text-editor.default\">\n\t\t\t\t<div class=\"elementor-widget-container\">\n\t\t\t\t\t\t\t\t\t<table><tbody><tr><td><p>Antriebstyp<\/p><\/td><td><p>Federr\u00fcckzug \/ Doppeltwirkend<\/p><\/td><td><p>Gr\u00f6\u00dfenbereich<\/p><\/td><td><p>DN15 bis DN150<\/p><\/td><\/tr><tr><td><p>Verbindung<\/p><\/td><td><p>Flansch<\/p><\/td><td><p>Dichtungsmaterial<\/p><\/td><td><p>EPDM \/ Metall<\/p><\/td><\/tr><tr><td><p>Medium<\/p><\/td><td><p>Luft, Wasser, Abwasser, \u00d6l, Schlamm usw.<\/p><\/td><td><p>Arbeitsdruck<\/p><\/td><td><p>PN16<\/p><\/td><\/tr><tr><td><p>Geh\u00e4usematerial<\/p><\/td><td><p>Kohlenstoffstahl oder Edelstahl 304\/316\/316L<\/p><\/td><td><p>Temperatur des Mediums<\/p><\/td><td><p>-10 bis 400\u2103 (14\u2109 bis 752\u2109)<\/p><\/td><\/tr><\/tbody><\/table>\t\t\t\t\t\t\t\t<\/div>\n\t\t\t\t<\/div>\n\t\t\t\t<\/div>\n\t\t<div class=\"elementor-element elementor-element-0b18e32 e-flex e-con-boxed e-con e-parent\" data-id=\"0b18e32\" data-element_type=\"container\" data-e-type=\"container\" data-settings=\"{&quot;ekit_has_onepagescroll_dot&quot;:&quot;yes&quot;}\">\n\t\t\t\t\t<div class=\"e-con-inner\">\n\t\t\t\t<div class=\"elementor-element elementor-element-c6975fe elementor-widget elementor-widget-heading\" data-id=\"c6975fe\" data-element_type=\"widget\" data-e-type=\"widget\" data-settings=\"{&quot;ekit_we_effect_on&quot;:&quot;none&quot;}\" data-widget_type=\"heading.default\">\n\t\t\t\t<div class=\"elementor-widget-container\">\n\t\t\t\t\t<h2 class=\"elementor-heading-title elementor-size-default\">DELCO Flanschtyp Lineares pneumatisches Stellglied-Kugelventil<\/h2>\t\t\t\t<\/div>\n\t\t\t\t<\/div>\n\t\t\t\t<div class=\"elementor-element elementor-element-7c2794f elementor-widget elementor-widget-image\" data-id=\"7c2794f\" data-element_type=\"widget\" data-e-type=\"widget\" data-settings=\"{&quot;ekit_we_effect_on&quot;:&quot;none&quot;}\" data-widget_type=\"image.default\">\n\t\t\t\t<div class=\"elementor-widget-container\">\n\t\t\t\t\t\t\t\t\t\t\t\t\t\t\t<img decoding=\"async\" width=\"1024\" height=\"354\" src=\"https:\/\/www.delcofluid.com\/wp-content\/uploads\/2025\/02\/\u672a\u6807\u9898-61-1024x354.png\" class=\"attachment-large size-large wp-image-13021\" alt=\"DELCO Carbon Steel Flanged Linear Pneumatic Actuator Globe Valve\" srcset=\"https:\/\/www.delcofluid.com\/wp-content\/uploads\/2025\/02\/\u672a\u6807\u9898-61-1024x354.png 1024w, https:\/\/www.delcofluid.com\/wp-content\/uploads\/2025\/02\/\u672a\u6807\u9898-61-300x104.png 300w, https:\/\/www.delcofluid.com\/wp-content\/uploads\/2025\/02\/\u672a\u6807\u9898-61-768x265.png 768w, https:\/\/www.delcofluid.com\/wp-content\/uploads\/2025\/02\/\u672a\u6807\u9898-61-1536x531.png 1536w, https:\/\/www.delcofluid.com\/wp-content\/uploads\/2025\/02\/\u672a\u6807\u9898-61-18x6.png 18w, https:\/\/www.delcofluid.com\/wp-content\/uploads\/2025\/02\/\u672a\u6807\u9898-61-600x207.png 600w, https:\/\/www.delcofluid.com\/wp-content\/uploads\/2025\/02\/\u672a\u6807\u9898-61.png 1881w\" sizes=\"(max-width: 1024px) 100vw, 1024px\" \/>\t\t\t\t\t\t\t\t\t\t\t\t\t\t\t<\/div>\n\t\t\t\t<\/div>\n\t\t\t\t\t<\/div>\n\t\t\t\t<\/div>\n\t\t<div class=\"elementor-element elementor-element-44f21df6 e-con-full e-flex e-con e-parent\" data-id=\"44f21df6\" data-element_type=\"container\" data-e-type=\"container\" data-settings=\"{&quot;background_background&quot;:&quot;classic&quot;,&quot;ekit_has_onepagescroll_dot&quot;:&quot;yes&quot;}\">\n\t\t\t\t<div class=\"elementor-element elementor-element-661968e2 elementor-widget elementor-widget-heading\" data-id=\"661968e2\" data-element_type=\"widget\" data-e-type=\"widget\" data-settings=\"{&quot;ekit_we_effect_on&quot;:&quot;none&quot;}\" data-widget_type=\"heading.default\">\n\t\t\t\t<div class=\"elementor-widget-container\">\n\t\t\t\t\t<h2 class=\"elementor-heading-title elementor-size-default\">Pneumatisches Ventilzubeh\u00f6r:<\/h2>\t\t\t\t<\/div>\n\t\t\t\t<\/div>\n\t\t\t\t<\/div>\n\t\t<div class=\"elementor-element elementor-element-29c98da8 e-flex e-con-boxed e-con e-parent\" data-id=\"29c98da8\" data-element_type=\"container\" data-e-type=\"container\" data-settings=\"{&quot;ekit_has_onepagescroll_dot&quot;:&quot;yes&quot;}\">\n\t\t\t\t\t<div class=\"e-con-inner\">\n\t\t<div class=\"elementor-element elementor-element-24d0d7fe e-flex e-con-boxed e-con e-child\" data-id=\"24d0d7fe\" data-element_type=\"container\" data-e-type=\"container\" data-settings=\"{&quot;ekit_has_onepagescroll_dot&quot;:&quot;yes&quot;}\">\n\t\t\t\t\t<div class=\"e-con-inner\">\n\t\t<div class=\"elementor-element elementor-element-6a991f18 e-con-full e-flex e-con e-child\" data-id=\"6a991f18\" data-element_type=\"container\" data-e-type=\"container\" data-settings=\"{&quot;ekit_has_onepagescroll_dot&quot;:&quot;yes&quot;}\">\n\t\t\t\t<div class=\"elementor-element elementor-element-1c5ff5fb elementor-widget__width-initial elementor-widget elementor-widget-image\" data-id=\"1c5ff5fb\" data-element_type=\"widget\" data-e-type=\"widget\" data-settings=\"{&quot;ekit_we_effect_on&quot;:&quot;none&quot;}\" data-widget_type=\"image.default\">\n\t\t\t\t<div class=\"elementor-widget-container\">\n\t\t\t\t\t\t\t\t\t\t\t\t\t\t\t<img decoding=\"async\" width=\"1024\" height=\"328\" src=\"https:\/\/www.delcofluid.com\/wp-content\/uploads\/2025\/02\/\u672a\u6807\u9898-1www.webp\" class=\"attachment-large size-large wp-image-13005\" alt=\"DELCO Pneumatic Actuator2201612\" srcset=\"https:\/\/www.delcofluid.com\/wp-content\/uploads\/2025\/02\/\u672a\u6807\u9898-1www.webp 1024w, https:\/\/www.delcofluid.com\/wp-content\/uploads\/2025\/02\/\u672a\u6807\u9898-1www-300x96.webp 300w, https:\/\/www.delcofluid.com\/wp-content\/uploads\/2025\/02\/\u672a\u6807\u9898-1www-768x246.webp 768w, https:\/\/www.delcofluid.com\/wp-content\/uploads\/2025\/02\/\u672a\u6807\u9898-1www-18x6.webp 18w, https:\/\/www.delcofluid.com\/wp-content\/uploads\/2025\/02\/\u672a\u6807\u9898-1www-600x192.webp 600w\" sizes=\"(max-width: 1024px) 100vw, 1024px\" \/>\t\t\t\t\t\t\t\t\t\t\t\t\t\t\t<\/div>\n\t\t\t\t<\/div>\n\t\t\t\t<\/div>\n\t\t\t\t\t<\/div>\n\t\t\t\t<\/div>\n\t\t\t\t\t<\/div>\n\t\t\t\t<\/div>\n\t\t<div class=\"elementor-element elementor-element-8d1ed05 e-flex e-con-boxed e-con e-parent\" data-id=\"8d1ed05\" data-element_type=\"container\" data-e-type=\"container\" data-settings=\"{&quot;ekit_has_onepagescroll_dot&quot;:&quot;yes&quot;}\">\n\t\t\t\t\t<div class=\"e-con-inner\">\n\t\t\t\t<div class=\"elementor-element elementor-element-229f8d8a elementor-widget elementor-widget-text-editor\" data-id=\"229f8d8a\" data-element_type=\"widget\" data-e-type=\"widget\" data-settings=\"{&quot;ekit_we_effect_on&quot;:&quot;none&quot;}\" data-widget_type=\"text-editor.default\">\n\t\t\t\t<div class=\"elementor-widget-container\">\n\t\t\t\t\t\t\t\t\t<div class=\"elementor-element elementor-element-55adfb20 elementor-widget elementor-widget-text-editor\" data-id=\"55adfb20\" data-element_type=\"widget\" data-settings=\"{&quot;ekit_we_effect_on&quot;:&quot;none&quot;}\" data-widget_type=\"text-editor.default\"><div class=\"elementor-widget-container\"><p><strong>Luftquellenprozessor:\u00a0\u00a0<\/strong>Das pneumatische Triplett, ein wichtiges Zubeh\u00f6r f\u00fcr pneumatische Ventile, vereint Filter-, Druckreduzierungs- und Schmierfunktionen. Das Druckreduzierventil regelt den Eingangsdruck auf einen stabilen Ausgangsdruck und nutzt dabei die Energie des Mediums. In zweiteiligen Baugruppen wird es mit einem Filter zur Filterung der Druckluft gekoppelt. In dreiteiligen Konfigurationen f\u00fcgt es der Luft Schmiermittel hinzu und sorgt so f\u00fcr einen effizienten Betrieb.<\/p><\/div><\/div><div class=\"elementor-element elementor-element-65aef577 elementor-widget elementor-widget-text-editor\" data-id=\"65aef577\" data-element_type=\"widget\" data-settings=\"{&quot;ekit_we_effect_on&quot;:&quot;none&quot;}\" data-widget_type=\"text-editor.default\"><div class=\"elementor-widget-container\"><p><strong>Pneumatisches Magnetventil:\u00a0\u00a0<\/strong>Das pneumatische Magnetventil, auch Wegeventil genannt, ist eine wichtige Komponente zur Regelung des \u00d6ffnens und Schlie\u00dfens pneumatischer Ventile. Es funktioniert durch Magnetisierung und Entmagnetisierung, wodurch der Gasfluss auf der Grundlage von Spannungssignalen geleitet wird. Diese Ventile werden h\u00e4ufig zur Steuerung der Gasquelle und des Kreislaufflusses eingesetzt und bieten eine pr\u00e4zise Steuerung des Ventilbetriebs durch Spannungssignale.<\/p><\/div><\/div><div class=\"elementor-element elementor-element-2ca00d77 elementor-widget elementor-widget-text-editor\" data-id=\"2ca00d77\" data-element_type=\"widget\" data-settings=\"{&quot;ekit_we_effect_on&quot;:&quot;none&quot;}\" data-widget_type=\"text-editor.default\"><div class=\"elementor-widget-container\"><p><strong>Endschalter:\u00a0\u00a0<\/strong>Der Ventilendschalter, auch Wegschalter genannt, ist ein wichtiges Feldinstrument in automatischen Steuerungssystemen. Er erkennt den Status des Ventils und gibt Signale f\u00fcr offene oder geschlossene Positionen aus. Dieser Schalter ist f\u00fcr die Best\u00e4tigung und Ausf\u00fchrung nachfolgender Programme durch Programmierer unerl\u00e4sslich. Dar\u00fcber hinaus dient er als wichtige Komponente f\u00fcr den Ventilverriegelungsschutz und die Fernalarmanzeige innerhalb des Systems. Er zeigt die Bewegungsgrenzposition mechanischer Ger\u00e4te effektiv an und gibt Feedback dazu.<\/p><\/div><\/div><div class=\"elementor-element elementor-element-388afed4 elementor-widget elementor-widget-text-editor\" data-id=\"388afed4\" data-element_type=\"widget\" data-settings=\"{&quot;ekit_we_effect_on&quot;:&quot;none&quot;}\" data-widget_type=\"text-editor.default\"><div class=\"elementor-widget-container\"><p><strong>Ventilstellungsregler:\u00a0\u00a0<\/strong>Der Ventilpositionierer ist eine entscheidende Komponente pneumatischer Steuerventile und erm\u00f6glicht eine pr\u00e4zise Steuerung der Ventilpositionierung. Er nutzt das Ventilschaftverschiebungssignal als Eingangsr\u00fcckmeldung und das Reglerausgangssignal als Steuersignal. Durch den Vergleich dieser Signale l\u00f6st jede Abweichung Anpassungen des Stellantriebsausgangssignals aus, wodurch eine direkte \u00dcbereinstimmung zwischen Ventilschaftverschiebung und Reglerausgang sichergestellt wird.<\/p><\/div><\/div><div class=\"elementor-element elementor-element-18f93632 elementor-widget elementor-widget-text-editor\" data-id=\"18f93632\" data-element_type=\"widget\" data-settings=\"{&quot;ekit_we_effect_on&quot;:&quot;none&quot;}\" data-widget_type=\"text-editor.default\"><div class=\"elementor-widget-container\"><p><strong>Manuelles Ger\u00e4t:\u00a0\u00a0<\/strong>Das manuelle Ger\u00e4t ist eine wesentliche Komponente, die die pneumatische Antriebsbaugruppe erg\u00e4nzt. Es dient zur manuellen oder pneumatischen Bedienung von Absperrklappen und Kugelh\u00e4hnen mit einer 90\u00b0-\u00d6ffnung. Dieser Mechanismus ist entscheidend f\u00fcr die Vielseitigkeit und Flexibilit\u00e4t beim Ventilbetrieb und erm\u00f6glicht je nach Bedarf sowohl eine manuelle als auch eine automatisierte Steuerung.<\/p><\/div><\/div>\t\t\t\t\t\t\t\t<\/div>\n\t\t\t\t<\/div>\n\t\t\t\t\t<\/div>\n\t\t\t\t<\/div>\n\t\t<div class=\"elementor-element elementor-element-347eac96 e-flex e-con-boxed e-con e-parent\" data-id=\"347eac96\" data-element_type=\"container\" data-e-type=\"container\" data-settings=\"{&quot;ekit_has_onepagescroll_dot&quot;:&quot;yes&quot;}\">\n\t\t\t\t\t<div class=\"e-con-inner\">\n\t\t\t\t\t<\/div>\n\t\t\t\t<\/div>\n\t\t\t\t<\/div>","protected":false},"excerpt":{"rendered":"<div class=\"flex-1 overflow-hidden\">\n<div class=\"react-scroll-to-bottom--css-ymjnl-79elbk h-full\">\n<div class=\"react-scroll-to-bottom--css-ymjnl-1n7m0yu\">\n<div class=\"flex flex-col text-sm\">\n<div class=\"w-full text-token-text-primary\" dir=\"auto\" data-testid=\"conversation-turn-31\">\n<div class=\"px-4 py-2 justify-center text-base md:gap-6 m-auto\">\n<div class=\"flex flex-1 text-base mx-auto gap-3 juice:gap-4 juice:md:gap-6 md:px-5 lg:px-1 xl:px-5 md:max-w-3xl lg:max-w-[40rem] xl:max-w-[48rem]\">\n<div class=\"relative flex w-full flex-col agent-turn\">\n<div class=\"flex-col gap-1 md:gap-3\">\n<div class=\"flex flex-grow flex-col max-w-full\">\n<div class=\"min-h-[20px] text-message flex flex-col items-start gap-3 whitespace-pre-wrap break-words [.text-message+&amp;]:mt-5 overflow-x-auto\" dir=\"auto\" data-message-author-role=\"assistant\" data-message-id=\"4a6d6b9a-2028-48e5-bb27-c229b9ba8f05\">\n<div class=\"markdown prose w-full break-words dark:prose-invert light\">\n<p>Pneumatic globe valves are classified as mandatory seal valves. The sealing surfaces of the valve disc and seat are constructed using iron-based alloy overlay welding or Stellite cobalt-based hard alloy overlay welding. These valves exhibit excellent wear resistance, high-temperature resistance, corrosion resistance, scratch resistance, and a long service life. When a pneumatic valve is closed, pressure must be applied to the valve disc to ensure a mandatory seal surface, preventing leaks.<\/p>\n<p>As a leading electric ball valve manufacturer, DELCO provides a wide range of control valves and actuators suitable for various applications. We offer comprehensive solutions to meet the diverse needs of our customers, ensuring reliable performance and efficient operation.<\/p>\n<\/div>\n<\/div>\n<\/div>\n<\/div>\n<\/div>\n<\/div>\n<\/div>\n<\/div>\n<\/div>\n<\/div>\n<\/div>\n<\/div>\n<p><strong>Model:<\/strong>Linear Pneumatic Globe Valve<\/p>\n<p><strong>Size Range:<\/strong> DN15 to DN150<\/p>\n<p><strong>Pressure Range:<\/strong>16bar to 25bar<\/p>\n<p><strong>Material:<\/strong>Stainless Steel or Carbon Steel<\/p>\n","protected":false},"featured_media":13016,"template":"","meta":{"site-sidebar-layout":"default","site-content-layout":"","ast-site-content-layout":"default","site-content-style":"default","site-sidebar-style":"default","ast-global-header-display":"","ast-banner-title-visibility":"","ast-main-header-display":"","ast-hfb-above-header-display":"","ast-hfb-below-header-display":"","ast-hfb-mobile-header-display":"","site-post-title":"","ast-breadcrumbs-content":"","ast-featured-img":"","footer-sml-layout":"","ast-disable-related-posts":"","theme-transparent-header-meta":"default","adv-header-id-meta":"","stick-header-meta":"","header-above-stick-meta":"","header-main-stick-meta":"","header-below-stick-meta":"","astra-migrate-meta-layouts":"set","ast-page-background-enabled":"default","ast-page-background-meta":{"desktop":{"background-color":"var(--ast-global-color-4)","background-image":"","background-repeat":"repeat","background-position":"center center","background-size":"auto","background-attachment":"scroll","background-type":"","background-media":"","overlay-type":"","overlay-color":"","overlay-opacity":"","overlay-gradient":""},"tablet":{"background-color":"","background-image":"","background-repeat":"repeat","background-position":"center center","background-size":"auto","background-attachment":"scroll","background-type":"","background-media":"","overlay-type":"","overlay-color":"","overlay-opacity":"","overlay-gradient":""},"mobile":{"background-color":"","background-image":"","background-repeat":"repeat","background-position":"center center","background-size":"auto","background-attachment":"scroll","background-type":"","background-media":"","overlay-type":"","overlay-color":"","overlay-opacity":"","overlay-gradient":""}},"ast-content-background-meta":{"desktop":{"background-color":"var(--ast-global-color-5)","background-image":"","background-repeat":"repeat","background-position":"center center","background-size":"auto","background-attachment":"scroll","background-type":"","background-media":"","overlay-type":"","overlay-color":"","overlay-opacity":"","overlay-gradient":""},"tablet":{"background-color":"var(--ast-global-color-5)","background-image":"","background-repeat":"repeat","background-position":"center center","background-size":"auto","background-attachment":"scroll","background-type":"","background-media":"","overlay-type":"","overlay-color":"","overlay-opacity":"","overlay-gradient":""},"mobile":{"background-color":"var(--ast-global-color-5)","background-image":"","background-repeat":"repeat","background-position":"center center","background-size":"auto","background-attachment":"scroll","background-type":"","background-media":"","overlay-type":"","overlay-color":"","overlay-opacity":"","overlay-gradient":""}}},"product_brand":[],"product_cat":[947,35,33],"product_tag":[555,554,459,458,948,949,73,56],"class_list":{"0":"post-13014","1":"product","2":"type-product","3":"status-publish","4":"has-post-thumbnail","6":"product_cat-pneumatic-globe-valve","7":"product_cat-pneumatic-valves","8":"product_cat-products","9":"product_tag-globe-valve","10":"product_tag-globe-valves","11":"product_tag-pneumatic-actuator-valve","12":"product_tag-pneumatic-actuator-valves","13":"product_tag-pneumatic-globe-valve","14":"product_tag-pneumatic-globe-valves","15":"product_tag-valve","16":"product_tag-valves","17":"desktop-align-center","18":"tablet-align-left","19":"mobile-align-left","21":"first","22":"instock","23":"shipping-taxable","24":"product-type-simple"},"_links":{"self":[{"href":"https:\/\/www.delcofluid.com\/de\/wp-json\/wp\/v2\/product\/13014","targetHints":{"allow":["GET"]}}],"collection":[{"href":"https:\/\/www.delcofluid.com\/de\/wp-json\/wp\/v2\/product"}],"about":[{"href":"https:\/\/www.delcofluid.com\/de\/wp-json\/wp\/v2\/types\/product"}],"version-history":[{"count":0,"href":"https:\/\/www.delcofluid.com\/de\/wp-json\/wp\/v2\/product\/13014\/revisions"}],"wp:featuredmedia":[{"embeddable":true,"href":"https:\/\/www.delcofluid.com\/de\/wp-json\/wp\/v2\/media\/13016"}],"wp:attachment":[{"href":"https:\/\/www.delcofluid.com\/de\/wp-json\/wp\/v2\/media?parent=13014"}],"wp:term":[{"taxonomy":"product_brand","embeddable":true,"href":"https:\/\/www.delcofluid.com\/de\/wp-json\/wp\/v2\/product_brand?post=13014"},{"taxonomy":"product_cat","embeddable":true,"href":"https:\/\/www.delcofluid.com\/de\/wp-json\/wp\/v2\/product_cat?post=13014"},{"taxonomy":"product_tag","embeddable":true,"href":"https:\/\/www.delcofluid.com\/de\/wp-json\/wp\/v2\/product_tag?post=13014"}],"curies":[{"name":"wp","href":"https:\/\/api.w.org\/{rel}","templated":true}]}}