{"id":13103,"date":"2025-02-24T09:19:39","date_gmt":"2025-02-24T09:19:39","guid":{"rendered":"https:\/\/www.delcofluid.com\/?post_type=product&#038;p=13103"},"modified":"2025-02-24T09:24:27","modified_gmt":"2025-02-24T09:24:27","slug":"delco-sanitary-food-grade-tri-clamp-manual-butterfly-valve","status":"publish","type":"product","link":"https:\/\/www.delcofluid.com\/de\/produkt\/delco-sanitary-food-grade-tri-clamp-manual-butterfly-valve\/","title":{"rendered":"DELCO Sanit\u00e4res, lebensmittelechtes Tri-Clamp Manuelles Absperrventil"},"content":{"rendered":"<div data-elementor-type=\"product-post\" data-elementor-id=\"13103\" class=\"elementor elementor-13103\" data-elementor-post-type=\"product\">\n\t\t\t\t<div class=\"elementor-element elementor-element-6fb59a60 e-flex e-con-boxed e-con e-parent\" data-id=\"6fb59a60\" data-element_type=\"container\" data-e-type=\"container\" data-settings=\"{&quot;ekit_has_onepagescroll_dot&quot;:&quot;yes&quot;}\">\n\t\t\t\t\t<div class=\"e-con-inner\">\n\t\t<div class=\"elementor-element elementor-element-b2e102c e-con-full e-flex e-con e-child\" data-id=\"b2e102c\" data-element_type=\"container\" data-e-type=\"container\" data-settings=\"{&quot;ekit_has_onepagescroll_dot&quot;:&quot;yes&quot;}\">\n\t\t\t\t<div class=\"elementor-element elementor-element-4c3cf80 elementor-widget elementor-widget-heading\" data-id=\"4c3cf80\" data-element_type=\"widget\" data-e-type=\"widget\" data-settings=\"{&quot;ekit_we_effect_on&quot;:&quot;none&quot;}\" data-widget_type=\"heading.default\">\n\t\t\t\t<div class=\"elementor-widget-container\">\n\t\t\t\t\t<h2 class=\"elementor-heading-title elementor-size-default\">Merkmale<\/h2>\t\t\t\t<\/div>\n\t\t\t\t<\/div>\n\t\t\t\t<div class=\"elementor-element elementor-element-1af4cc68 elementor-widget__width-initial elementor-widget elementor-widget-text-editor\" data-id=\"1af4cc68\" data-element_type=\"widget\" data-e-type=\"widget\" data-settings=\"{&quot;ekit_we_effect_on&quot;:&quot;none&quot;}\" data-widget_type=\"text-editor.default\">\n\t\t\t\t<div class=\"elementor-widget-container\">\n\t\t\t\t\t\t\t\t\t<ul><li><strong>Hygienisches Design<\/strong>: Speziell entwickelt f\u00fcr Branchen, in denen Hygiene eine entscheidende Rolle spielt, wie etwa die Lebensmittel-, Getr\u00e4nke-, Pharma- und Biotechnologiebranche.<\/li><li><strong>Pr\u00e4zise Durchflussregelung<\/strong>: Erm\u00f6glicht die genaue Regulierung der Durchflussraten, um spezifische Prozessanforderungen zu erf\u00fcllen.<\/li><li><strong>Leicht zu reinigen<\/strong>: Glatte Oberfl\u00e4chen und hygienisches Design erleichtern die Reinigung und Wartung und gew\u00e4hrleisten die Einhaltung strenger Hygienestandards.<\/li><li><strong>Zuverl\u00e4ssiger Betrieb<\/strong>: Hergestellt aus hochwertigen Materialien und mit Pr\u00e4zisionstechnik, um eine zuverl\u00e4ssige Leistung in kritischen Hygieneanwendungen zu gew\u00e4hrleisten.<\/li><li><strong>Einhaltung<\/strong>: Erf\u00fcllt Industrienormen und Vorschriften f\u00fcr Sanit\u00e4rausr\u00fcstung und bietet Benutzern in regulierten Branchen Sicherheit.<\/li><li><strong>Vielseitigkeit<\/strong>: Geeignet f\u00fcr eine Vielzahl von Hygieneanwendungen, bei denen Sauberkeit und Pr\u00e4zision f\u00fcr einen reibungslosen Betrieb unerl\u00e4sslich sind.<\/li><\/ul>\t\t\t\t\t\t\t\t<\/div>\n\t\t\t\t<\/div>\n\t\t\t\t<\/div>\n\t\t\t\t<div class=\"elementor-element elementor-element-8e57110 elementor-widget elementor-widget-image\" data-id=\"8e57110\" data-element_type=\"widget\" data-e-type=\"widget\" data-settings=\"{&quot;ekit_we_effect_on&quot;:&quot;none&quot;}\" data-widget_type=\"image.default\">\n\t\t\t\t<div class=\"elementor-widget-container\">\n\t\t\t\t\t\t\t\t\t\t\t\t\t\t\t<img fetchpriority=\"high\" decoding=\"async\" width=\"768\" height=\"759\" src=\"https:\/\/www.delcofluid.com\/wp-content\/uploads\/2024\/03\/product-finder-graphic-3-x900.jpg\" class=\"attachment-large size-large wp-image-2576\" alt=\"Solenoid Valves\" srcset=\"https:\/\/www.delcofluid.com\/wp-content\/uploads\/2024\/03\/product-finder-graphic-3-x900.jpg 768w, https:\/\/www.delcofluid.com\/wp-content\/uploads\/2024\/03\/product-finder-graphic-3-x900-100x100.jpg 100w, https:\/\/www.delcofluid.com\/wp-content\/uploads\/2024\/03\/product-finder-graphic-3-x900-600x593.jpg 600w, https:\/\/www.delcofluid.com\/wp-content\/uploads\/2024\/03\/product-finder-graphic-3-x900-300x296.jpg 300w\" sizes=\"(max-width: 768px) 100vw, 768px\" \/>\t\t\t\t\t\t\t\t\t\t\t\t\t\t\t<\/div>\n\t\t\t\t<\/div>\n\t\t\t\t\t<\/div>\n\t\t\t\t<\/div>\n\t\t<div class=\"elementor-element elementor-element-a55eeda e-flex e-con-boxed e-con e-parent\" data-id=\"a55eeda\" data-element_type=\"container\" data-e-type=\"container\" data-settings=\"{&quot;background_background&quot;:&quot;classic&quot;,&quot;ekit_has_onepagescroll_dot&quot;:&quot;yes&quot;}\">\n\t\t\t\t\t<div class=\"e-con-inner\">\n\t\t\t\t<div class=\"elementor-element elementor-element-585e9d9 elementor-widget elementor-widget-heading\" data-id=\"585e9d9\" data-element_type=\"widget\" data-e-type=\"widget\" data-settings=\"{&quot;ekit_we_effect_on&quot;:&quot;none&quot;}\" data-widget_type=\"heading.default\">\n\t\t\t\t<div class=\"elementor-widget-container\">\n\t\t\t\t\t<h2 class=\"elementor-heading-title elementor-size-default\">Technische Parameter<\/h2>\t\t\t\t<\/div>\n\t\t\t\t<\/div>\n\t\t\t\t\t<\/div>\n\t\t\t\t<\/div>\n\t\t<div class=\"elementor-element elementor-element-3414eb9 e-con-full e-flex e-con e-parent\" data-id=\"3414eb9\" data-element_type=\"container\" data-e-type=\"container\" data-settings=\"{&quot;background_background&quot;:&quot;classic&quot;,&quot;ekit_has_onepagescroll_dot&quot;:&quot;yes&quot;}\">\n\t\t\t\t<div class=\"elementor-element elementor-element-13df62f elementor-widget__width-initial elementor-widget elementor-widget-text-editor\" data-id=\"13df62f\" data-element_type=\"widget\" data-e-type=\"widget\" data-settings=\"{&quot;ekit_we_effect_on&quot;:&quot;none&quot;}\" data-widget_type=\"text-editor.default\">\n\t\t\t\t<div class=\"elementor-widget-container\">\n\t\t\t\t\t\t\t\t\t<table width=\"855\"><tbody><tr><td width=\"159\">Anschlussgr\u00f6\u00dfe:<\/td><td width=\"205\">\u00a02\u2033 bis 40\u2033<\/td><td width=\"146\">Material:<\/td><td width=\"345\">Edelstahl<\/td><\/tr><tr><td width=\"159\">Druck:<\/td><td>1,0 bis 1,6 MPa<\/td><td width=\"146\">Scheibenmaterial:\u00a0<\/td><td width=\"345\">Edelstahl<\/td><\/tr><tr><td width=\"159\">Garantie:<\/td><td width=\"205\">12 Motten<\/td><td width=\"146\">Funktion:<\/td><td width=\"345\">Handbuch<\/td><\/tr><tr><td width=\"159\">Flanschstandard:<\/td><td width=\"205\">GB, ANSI, JIS, DIN usw.<\/td><td width=\"146\">Geeignete Medien<\/td><td width=\"345\">Luft, Inertgas, \u00d6l, Meerwasser, Wasser und andere Medien.<\/td><\/tr><\/tbody><\/table>\t\t\t\t\t\t\t\t<\/div>\n\t\t\t\t<\/div>\n\t\t\t\t<\/div>\n\t\t<div class=\"elementor-element elementor-element-daef6c8 e-con-full e-flex e-con e-parent\" data-id=\"daef6c8\" data-element_type=\"container\" data-e-type=\"container\" data-settings=\"{&quot;ekit_has_onepagescroll_dot&quot;:&quot;yes&quot;}\">\n\t\t\t\t<div class=\"elementor-element elementor-element-52ddb61 elementor-widget elementor-widget-heading\" data-id=\"52ddb61\" data-element_type=\"widget\" data-e-type=\"widget\" data-settings=\"{&quot;ekit_we_effect_on&quot;:&quot;none&quot;}\" data-widget_type=\"heading.default\">\n\t\t\t\t<div class=\"elementor-widget-container\">\n\t\t\t\t\t<h2 class=\"elementor-heading-title elementor-size-default\">Anwendung<\/h2>\t\t\t\t<\/div>\n\t\t\t\t<\/div>\n\t\t\t\t<div class=\"elementor-element elementor-element-ac1034b elementor-widget elementor-widget-text-editor\" data-id=\"ac1034b\" data-element_type=\"widget\" data-e-type=\"widget\" data-settings=\"{&quot;ekit_we_effect_on&quot;:&quot;none&quot;}\" data-widget_type=\"text-editor.default\">\n\t\t\t\t<div class=\"elementor-widget-container\">\n\t\t\t\t\t\t\t\t\t<ul><li><p><strong>Lebensmittelindustrie<\/strong>: Wird in Lebensmittelverarbeitungsbetrieben verwendet, um den Fluss von Zutaten, Fl\u00fcssigkeiten und Produkten auf hygienische Weise zu kontrollieren.<\/p><\/li><li><p><strong>Getr\u00e4nkeindustrie<\/strong>: Ideal zur Regulierung des Getr\u00e4nkeflusses wie S\u00e4ften, Erfrischungsgetr\u00e4nken und alkoholischen Getr\u00e4nken w\u00e4hrend der Produktion.<\/p><\/li><li><p><strong>Pharmazeutische Industrie<\/strong>: Entscheidend f\u00fcr die Kontrolle des Flusses pharmazeutischer Inhaltsstoffe und Produkte in einer hygienischen Umgebung, um die Produktintegrit\u00e4t zu wahren.<\/p><\/li><li><p><strong>Biotechnologie<\/strong>: Unverzichtbar f\u00fcr Bioprozessanwendungen, bei denen die Aufrechterhaltung steriler Bedingungen und eine pr\u00e4zise Durchflusskontrolle f\u00fcr einen erfolgreichen Betrieb von entscheidender Bedeutung sind.<\/p><\/li><li><p><strong>Kosmetikindustrie<\/strong>: Wird bei der Herstellung von Kosmetika und K\u00f6rperpflegeprodukten verwendet, um einen sauberen und kontrollierten Fluss der Inhaltsstoffe zu gew\u00e4hrleisten.<\/p><\/li><li><p><strong>Milchindustrie<\/strong>: Wird in Molkereibetrieben zur Steuerung des Milch-, Sahne- und sonstigen Milchproduktflusses unter strikter Einhaltung von Hygienestandards verwendet.<\/p><\/li><li><p><strong>Gesundheitseinrichtungen<\/strong>: Wird in medizinischen Einrichtungen zur Steuerung des Flusses steriler Fl\u00fcssigkeiten und Gase in medizinischen Ger\u00e4ten und Systemen eingesetzt.<\/p><\/li><\/ul>\t\t\t\t\t\t\t\t<\/div>\n\t\t\t\t<\/div>\n\t\t\t\t<\/div>\n\t\t\t\t<\/div>","protected":false},"excerpt":{"rendered":"<p>Das manuelle Hygiene-Absperrventil von DELCO ist eine wichtige Komponente in Branchen, in denen Hygiene von gr\u00f6\u00dfter Bedeutung ist, wie etwa in der Lebensmittel-, Getr\u00e4nke-, Pharma- und Biotechnologiebranche. Dieses Ventil wurde mit Pr\u00e4zision und aus hochwertigen Materialien gefertigt und gew\u00e4hrleistet die Integrit\u00e4t Ihrer Prozesse.<\/p>\n<p>Dieses Ventil ist f\u00fcr eine einfache Bedienung konzipiert und bietet eine pr\u00e4zise Durchflussregelung, sodass Sie den Durchfluss genau regeln k\u00f6nnen. Dank seines hygienischen Designs und der glatten Oberfl\u00e4che ist es leicht zu reinigen und zu warten und erf\u00fcllt die strengen Hygienestandards f\u00fcr Sanit\u00e4ranwendungen.<\/p>\n<p>Mit dem Schwerpunkt auf Zuverl\u00e4ssigkeit und Effizienz ist unser manuelles Hygiene-Absperrventil die ideale Wahl f\u00fcr Branchen, in denen Sauberkeit, Pr\u00e4zision und Leistung nicht verhandelbar sind.<\/p>\n<p>Modell: Manuelles Sanit\u00e4r-Absperrventil<br \/>\nGr\u00f6\u00dfenbereich: 2\u2033 bis 40\u2033<br \/>\nDruckbereich: 1,0 bis 1,6 MPa<br \/>\nMaterial : Edelstahl<\/p>","protected":false},"featured_media":13104,"template":"","meta":{"site-sidebar-layout":"default","site-content-layout":"","ast-site-content-layout":"default","site-content-style":"default","site-sidebar-style":"default","ast-global-header-display":"","ast-banner-title-visibility":"","ast-main-header-display":"","ast-hfb-above-header-display":"","ast-hfb-below-header-display":"","ast-hfb-mobile-header-display":"","site-post-title":"","ast-breadcrumbs-content":"","ast-featured-img":"","footer-sml-layout":"","ast-disable-related-posts":"","theme-transparent-header-meta":"default","adv-header-id-meta":"","stick-header-meta":"","header-above-stick-meta":"","header-main-stick-meta":"","header-below-stick-meta":"","astra-migrate-meta-layouts":"set","ast-page-background-enabled":"default","ast-page-background-meta":{"desktop":{"background-color":"var(--ast-global-color-4)","background-image":"","background-repeat":"repeat","background-position":"center center","background-size":"auto","background-attachment":"scroll","background-type":"","background-media":"","overlay-type":"","overlay-color":"","overlay-opacity":"","overlay-gradient":""},"tablet":{"background-color":"","background-image":"","background-repeat":"repeat","background-position":"center center","background-size":"auto","background-attachment":"scroll","background-type":"","background-media":"","overlay-type":"","overlay-color":"","overlay-opacity":"","overlay-gradient":""},"mobile":{"background-color":"","background-image":"","background-repeat":"repeat","background-position":"center center","background-size":"auto","background-attachment":"scroll","background-type":"","background-media":"","overlay-type":"","overlay-color":"","overlay-opacity":"","overlay-gradient":""}},"ast-content-background-meta":{"desktop":{"background-color":"var(--ast-global-color-5)","background-image":"","background-repeat":"repeat","background-position":"center center","background-size":"auto","background-attachment":"scroll","background-type":"","background-media":"","overlay-type":"","overlay-color":"","overlay-opacity":"","overlay-gradient":""},"tablet":{"background-color":"var(--ast-global-color-5)","background-image":"","background-repeat":"repeat","background-position":"center center","background-size":"auto","background-attachment":"scroll","background-type":"","background-media":"","overlay-type":"","overlay-color":"","overlay-opacity":"","overlay-gradient":""},"mobile":{"background-color":"var(--ast-global-color-5)","background-image":"","background-repeat":"repeat","background-position":"center center","background-size":"auto","background-attachment":"scroll","background-type":"","background-media":"","overlay-type":"","overlay-color":"","overlay-opacity":"","overlay-gradient":""}}},"product_brand":[],"product_cat":[706,116,33],"product_tag":[649,656,261,102,73,56],"class_list":{"0":"post-13103","1":"product","2":"type-product","3":"status-publish","4":"has-post-thumbnail","6":"product_cat-manual-butterfly-valve","7":"product_cat-manual-valves","8":"product_cat-products","9":"product_tag-butterfly-valve-with-handle","10":"product_tag-manual-flange-butterfly-valve","11":"product_tag-manual-valve","12":"product_tag-manual-valves","13":"product_tag-valve","14":"product_tag-valves","15":"desktop-align-center","16":"tablet-align-left","17":"mobile-align-left","19":"first","20":"instock","21":"shipping-taxable","22":"product-type-simple"},"_links":{"self":[{"href":"https:\/\/www.delcofluid.com\/de\/wp-json\/wp\/v2\/product\/13103","targetHints":{"allow":["GET"]}}],"collection":[{"href":"https:\/\/www.delcofluid.com\/de\/wp-json\/wp\/v2\/product"}],"about":[{"href":"https:\/\/www.delcofluid.com\/de\/wp-json\/wp\/v2\/types\/product"}],"version-history":[{"count":0,"href":"https:\/\/www.delcofluid.com\/de\/wp-json\/wp\/v2\/product\/13103\/revisions"}],"wp:featuredmedia":[{"embeddable":true,"href":"https:\/\/www.delcofluid.com\/de\/wp-json\/wp\/v2\/media\/13104"}],"wp:attachment":[{"href":"https:\/\/www.delcofluid.com\/de\/wp-json\/wp\/v2\/media?parent=13103"}],"wp:term":[{"taxonomy":"product_brand","embeddable":true,"href":"https:\/\/www.delcofluid.com\/de\/wp-json\/wp\/v2\/product_brand?post=13103"},{"taxonomy":"product_cat","embeddable":true,"href":"https:\/\/www.delcofluid.com\/de\/wp-json\/wp\/v2\/product_cat?post=13103"},{"taxonomy":"product_tag","embeddable":true,"href":"https:\/\/www.delcofluid.com\/de\/wp-json\/wp\/v2\/product_tag?post=13103"}],"curies":[{"name":"wp","href":"https:\/\/api.w.org\/{rel}","templated":true}]}}