{"id":13192,"date":"2025-02-27T06:54:14","date_gmt":"2025-02-27T06:54:14","guid":{"rendered":"https:\/\/www.delcofluid.com\/?post_type=product&#038;p=13192"},"modified":"2025-02-27T07:14:36","modified_gmt":"2025-02-27T07:14:36","slug":"delco-zct-high-pressure-stainless-steel-solenoid-valve","status":"publish","type":"product","link":"https:\/\/www.delcofluid.com\/de\/produkt\/delco-zct-high-pressure-stainless-steel-solenoid-valve\/","title":{"rendered":"DELCO ZCT Hochdruck-Magnetventil aus Edelstahl"},"content":{"rendered":"<div data-elementor-type=\"product-post\" data-elementor-id=\"13192\" class=\"elementor elementor-13192\" data-elementor-post-type=\"product\">\n\t\t\t\t<div class=\"elementor-element elementor-element-d687e8c e-con-full e-flex e-con e-parent\" data-id=\"d687e8c\" data-element_type=\"container\" data-e-type=\"container\" data-settings=\"{&quot;ekit_has_onepagescroll_dot&quot;:&quot;yes&quot;}\">\n\t\t<div class=\"elementor-element elementor-element-af28963 e-con-full e-flex e-con e-child\" data-id=\"af28963\" data-element_type=\"container\" data-e-type=\"container\" data-settings=\"{&quot;ekit_has_onepagescroll_dot&quot;:&quot;yes&quot;}\">\n\t\t\t\t<div class=\"elementor-element elementor-element-d09385f elementor-widget elementor-widget-heading\" data-id=\"d09385f\" data-element_type=\"widget\" data-e-type=\"widget\" data-settings=\"{&quot;ekit_we_effect_on&quot;:&quot;none&quot;}\" data-widget_type=\"heading.default\">\n\t\t\t\t<div class=\"elementor-widget-container\">\n\t\t\t\t\t<h2 class=\"elementor-heading-title elementor-size-default\">Hochdruck-Magnetventile<\/h2>\t\t\t\t<\/div>\n\t\t\t\t<\/div>\n\t\t\t\t<div class=\"elementor-element elementor-element-62fbce2 elementor-widget elementor-widget-text-editor\" data-id=\"62fbce2\" data-element_type=\"widget\" data-e-type=\"widget\" data-settings=\"{&quot;ekit_we_effect_on&quot;:&quot;none&quot;}\" data-widget_type=\"text-editor.default\">\n\t\t\t\t<div class=\"elementor-widget-container\">\n\t\t\t\t\t\t\t\t\t<p>Hochdruck-Magnetventile sind Magnetventile, die in Hochdruckumgebungen die Rolle der Rohrleitungssteuerung spielen. Sie bestehen normalerweise aus Spule, Kern, Ventil- und Dichtungsmaterialien und anderen Komponenten. Sie werden haupts\u00e4chlich durch \u00c4ndern der Gr\u00f6\u00dfe des in der Magnetspule erzeugten Magnetfelds bet\u00e4tigt, um den Ventilschalter anzutreiben und so die Regelung des Mediumeingangs\/-ausgangs zu erreichen.<\/p>\t\t\t\t\t\t\t\t<\/div>\n\t\t\t\t<\/div>\n\t\t\t\t<\/div>\n\t\t<div class=\"elementor-element elementor-element-3ba88f2 e-con-full e-flex e-con e-child\" data-id=\"3ba88f2\" data-element_type=\"container\" data-e-type=\"container\" data-settings=\"{&quot;ekit_has_onepagescroll_dot&quot;:&quot;yes&quot;}\">\n\t\t\t\t<div class=\"elementor-element elementor-element-a34c371 elementor-widget__width-initial elementor-widget elementor-widget-image\" data-id=\"a34c371\" data-element_type=\"widget\" data-e-type=\"widget\" data-settings=\"{&quot;ekit_we_effect_on&quot;:&quot;none&quot;}\" data-widget_type=\"image.default\">\n\t\t\t\t<div class=\"elementor-widget-container\">\n\t\t\t\t\t\t\t\t\t\t\t\t\t\t\t<img fetchpriority=\"high\" decoding=\"async\" width=\"800\" height=\"800\" src=\"https:\/\/www.delcofluid.com\/wp-content\/uploads\/2025\/02\/3.jpg\" class=\"attachment-large size-large wp-image-13194\" alt=\"DELCO ZCT High Pressure Stainless Steel Solenoid Valve\" srcset=\"https:\/\/www.delcofluid.com\/wp-content\/uploads\/2025\/02\/3.jpg 800w, https:\/\/www.delcofluid.com\/wp-content\/uploads\/2025\/02\/3-300x300.jpg 300w, https:\/\/www.delcofluid.com\/wp-content\/uploads\/2025\/02\/3-150x150.jpg 150w, https:\/\/www.delcofluid.com\/wp-content\/uploads\/2025\/02\/3-768x768.jpg 768w, https:\/\/www.delcofluid.com\/wp-content\/uploads\/2025\/02\/3-12x12.jpg 12w, https:\/\/www.delcofluid.com\/wp-content\/uploads\/2025\/02\/3-600x600.jpg 600w, https:\/\/www.delcofluid.com\/wp-content\/uploads\/2025\/02\/3-100x100.jpg 100w\" sizes=\"(max-width: 800px) 100vw, 800px\" \/>\t\t\t\t\t\t\t\t\t\t\t\t\t\t\t<\/div>\n\t\t\t\t<\/div>\n\t\t\t\t<\/div>\n\t\t\t\t<\/div>\n\t\t<div class=\"elementor-element elementor-element-15c4c55 e-con-full e-flex e-con e-parent\" data-id=\"15c4c55\" data-element_type=\"container\" data-e-type=\"container\" data-settings=\"{&quot;background_background&quot;:&quot;classic&quot;,&quot;ekit_has_onepagescroll_dot&quot;:&quot;yes&quot;}\">\n\t\t\t\t<div class=\"elementor-element elementor-element-cf7446a elementor-widget elementor-widget-heading\" data-id=\"cf7446a\" data-element_type=\"widget\" data-e-type=\"widget\" data-settings=\"{&quot;ekit_we_effect_on&quot;:&quot;none&quot;}\" data-widget_type=\"heading.default\">\n\t\t\t\t<div class=\"elementor-widget-container\">\n\t\t\t\t\t<h2 class=\"elementor-heading-title elementor-size-default\">Technische Parameter f\u00fcr Hochdruck-Magnetventile:<\/h2>\t\t\t\t<\/div>\n\t\t\t\t<\/div>\n\t\t\t\t<\/div>\n\t\t<div class=\"elementor-element elementor-element-0b18e32 e-flex e-con-boxed e-con e-parent\" data-id=\"0b18e32\" data-element_type=\"container\" data-e-type=\"container\" data-settings=\"{&quot;ekit_has_onepagescroll_dot&quot;:&quot;yes&quot;}\">\n\t\t\t\t\t<div class=\"e-con-inner\">\n\t\t\t\t<div class=\"elementor-element elementor-element-ffd4484 elementor-widget elementor-widget-text-editor\" data-id=\"ffd4484\" data-element_type=\"widget\" data-e-type=\"widget\" data-settings=\"{&quot;ekit_we_effect_on&quot;:&quot;none&quot;}\" data-widget_type=\"text-editor.default\">\n\t\t\t\t<div class=\"elementor-widget-container\">\n\t\t\t\t\t\t\t\t\t<table width=\"288\"><tbody><tr><td width=\"72\">Typ<\/td><td width=\"72\">Magnetventil\u00a0<\/td><td width=\"72\">Anschlussgr\u00f6\u00dfe<\/td><td width=\"72\">1\/8&#8243;~1&#8243;<\/td><\/tr><tr><td width=\"72\">Material<\/td><td width=\"72\">Edelstahl\u00a0 \u00a0 \u00a0\u00a0<\/td><td width=\"72\">Dichtungsmaterial<\/td><td width=\"72\">PTFE<\/td><\/tr><tr><td width=\"72\">Druck<\/td><td width=\"72\">0 MPa-1,0 MPa<\/td><td width=\"72\">Funktion<\/td><td width=\"72\">Normalerweise geschlossen\u00a0<\/td><\/tr><tr><td width=\"72\">Garantie<\/td><td width=\"72\">\u00a012 Monate<\/td><td width=\"72\">\u00d6ffnung (mm)<\/td><td width=\"72\">\u20135,0, 6,0, 7,0<\/td><\/tr><tr><td width=\"72\">Funktion<\/td><td width=\"72\">Normalerweise geschlossen oder ge\u00f6ffnet<\/td><td width=\"72\">Modell<\/td><td width=\"72\">ZCT<\/td><\/tr><\/tbody><\/table>\t\t\t\t\t\t\t\t<\/div>\n\t\t\t\t<\/div>\n\t\t\t\t<div class=\"elementor-element elementor-element-088f1a6 elementor-widget elementor-widget-heading\" data-id=\"088f1a6\" data-element_type=\"widget\" data-e-type=\"widget\" data-settings=\"{&quot;ekit_we_effect_on&quot;:&quot;none&quot;}\" data-widget_type=\"heading.default\">\n\t\t\t\t<div class=\"elementor-widget-container\">\n\t\t\t\t\t<h2 class=\"elementor-heading-title elementor-size-default\">Hochdruck-Magnetventile Anwendungen:<\/h2>\t\t\t\t<\/div>\n\t\t\t\t<\/div>\n\t\t\t\t<div class=\"elementor-element elementor-element-6591800 elementor-widget elementor-widget-text-editor\" data-id=\"6591800\" data-element_type=\"widget\" data-e-type=\"widget\" data-settings=\"{&quot;ekit_we_effect_on&quot;:&quot;none&quot;}\" data-widget_type=\"text-editor.default\">\n\t\t\t\t<div class=\"elementor-widget-container\">\n\t\t\t\t\t\t\t\t\t<ul><li>Hydrauliksysteme: Werden h\u00e4ufig in Systemen verwendet, die Fl\u00fcssigkeiten unter Druck bewegen und Teile wie Pumpen, Zylinder und Motoren pr\u00e4zise steuern.<\/li><li>Pneumatische Systeme: Werden zur Steuerung luftbetriebener Ger\u00e4te verwendet und erm\u00f6glichen Aktionen wie das Ausfahren von Zylindern oder das \u00d6ffnen von Ventilen.<\/li><li>Gassysteme: Verwalten Sie Gasfluss und -druck f\u00fcr Sicherheit und Stabilit\u00e4t in gasbetriebenen Systemen.<\/li><li>Andere Verwendungen: Wird in Wasser-, Heizungs- und Klimaanlagen verwendet, um den Wasser- und Luftstrom pr\u00e4zise zu regulieren und so die Systemeffizienz und -leistung zu verbessern.<\/li><\/ul>\t\t\t\t\t\t\t\t<\/div>\n\t\t\t\t<\/div>\n\t\t\t\t<div class=\"elementor-element elementor-element-c6975fe elementor-widget elementor-widget-heading\" data-id=\"c6975fe\" data-element_type=\"widget\" data-e-type=\"widget\" data-settings=\"{&quot;ekit_we_effect_on&quot;:&quot;none&quot;}\" data-widget_type=\"heading.default\">\n\t\t\t\t<div class=\"elementor-widget-container\">\n\t\t\t\t\t<h2 class=\"elementor-heading-title elementor-size-default\">Vorteile von Hochdruck-Magnetventilen:<\/h2>\t\t\t\t<\/div>\n\t\t\t\t<\/div>\n\t\t\t\t<div class=\"elementor-element elementor-element-fab2721 elementor-widget elementor-widget-text-editor\" data-id=\"fab2721\" data-element_type=\"widget\" data-e-type=\"widget\" data-settings=\"{&quot;ekit_we_effect_on&quot;:&quot;none&quot;}\" data-widget_type=\"text-editor.default\">\n\t\t\t\t<div class=\"elementor-widget-container\">\n\t\t\t\t\t\t\t\t\t<ul><li>Korrosionsbest\u00e4ndigkeit: Im Gegensatz zu normalen Ventilen, die mit der Zeit rosten oder verschlei\u00dfen k\u00f6nnen, sind Hochtemperatur- und Hochdruck-Magnetventile korrosionsbest\u00e4ndig. Sie sind au\u00dferdem gut abgedichtet, um Wasserdampf fernzuhalten.<\/li><li>Hochtemperaturbest\u00e4ndigkeit: Hochtemperatur- und Hochdruck-Magnetventile k\u00f6nnen \u00fcber l\u00e4ngere Zeitr\u00e4ume bis zu 300 \u00b0C betrieben werden.<\/li><li>Lange Lebensdauer: Herk\u00f6mmliche Hochdruck-Magnetventile halten nur wenige Monate und sind teuer. Spezielle Hochtemperatur- und Hochdruck-Magnetventile aus speziellen Materialien k\u00f6nnen jedoch \u00fcber f\u00fcnfmal l\u00e4nger halten als Standardprodukte.<\/li><li>Ausgezeichneter Explosionsschutz: Herk\u00f6mmliche Magnetventile k\u00f6nnen w\u00e4hrend des Gebrauchs explodieren oder Feuer fangen. Durch die Verwendung von Hochtemperatur- und Hochdruck-Magnetventilen k\u00f6nnen diese Risiken hingegen wirksam reduziert werden.<\/li><\/ul>\t\t\t\t\t\t\t\t<\/div>\n\t\t\t\t<\/div>\n\t\t\t\t<div class=\"elementor-element elementor-element-fe1154f elementor-widget elementor-widget-heading\" data-id=\"fe1154f\" data-element_type=\"widget\" data-e-type=\"widget\" data-settings=\"{&quot;ekit_we_effect_on&quot;:&quot;none&quot;}\" data-widget_type=\"heading.default\">\n\t\t\t\t<div class=\"elementor-widget-container\">\n\t\t\t\t\t<h2 class=\"elementor-heading-title elementor-size-default\">Abschluss:<\/h2>\t\t\t\t<\/div>\n\t\t\t\t<\/div>\n\t\t\t\t<div class=\"elementor-element elementor-element-472bfac elementor-widget elementor-widget-text-editor\" data-id=\"472bfac\" data-element_type=\"widget\" data-e-type=\"widget\" data-settings=\"{&quot;ekit_we_effect_on&quot;:&quot;none&quot;}\" data-widget_type=\"text-editor.default\">\n\t\t\t\t<div class=\"elementor-widget-container\">\n\t\t\t\t\t\t\t\t\t<p>Zusammenfassend l\u00e4sst sich sagen, dass direkt gesteuerte Hochdruck-Magnetventile eine entscheidende Rolle bei der Gew\u00e4hrleistung einer effizienten und zuverl\u00e4ssigen Fl\u00fcssigkeitssteuerung in anspruchsvollen Umgebungen spielen. Mit ihren fortschrittlichen Funktionen, ihrer pr\u00e4zisen Bedienung und ihrer breiten Anwendbarkeit sind diese Ventile in zahlreichen Branchen unverzichtbare Komponenten. Da sich die Technologie st\u00e4ndig weiterentwickelt, werden diese Ventile auch weiterhin die Spitzenposition bei Fl\u00fcssigkeitssteuerungsl\u00f6sungen einnehmen, Innovationen vorantreiben und die Leistung kritischer Systeme verbessern.<\/p>\t\t\t\t\t\t\t\t<\/div>\n\t\t\t\t<\/div>\n\t\t\t\t\t<\/div>\n\t\t\t\t<\/div>\n\t\t\t\t<\/div>","protected":false},"excerpt":{"rendered":"<p>Das Hochdruck-Magnetventil von DELCO arbeitet haupts\u00e4chlich mit elektromagnetischer Kraft, um die Bewegung der Spule zu steuern und so die Ein-\/Aus-Steuerung der Fl\u00fcssigkeit zu realisieren. Seine einfache Struktur, hohe Zuverl\u00e4ssigkeit und schnelle Reaktionsgeschwindigkeit eignen sich f\u00fcr eine schnelle und genaue Steuerung der Fl\u00fcssigkeitssituationen.<\/p>\n<p>Normalerweise geschlossen: Wenn die Spule mit Strom versorgt wird, zieht sich der Pilotventilkern an und \u00f6ffnet das Pilotloch. Dadurch wird der Druck in der oberen Kammer freigegeben, sodass der mittlere Druck in der unteren Kammer den Kolben dr\u00fccken und das Magnetventil \u00f6ffnen kann. Wenn die Spule ausgeschaltet wird, wird der Pilotventilkern durch die Feder zur\u00fcckgesetzt und schlie\u00dft das Pilotloch. Die obere Kammer wird durch die Kolben\u00f6ffnung und die Kraft der R\u00fcckstellfeder unter Druck gesetzt und schlie\u00dft das Magnetventil.<\/p>\n<p>Normalerweise offen: Wenn die Spule mit Strom versorgt wird, schlie\u00dft sich das Pilotloch. Die obere Kammer wird durch die Kolben\u00f6ffnung und die Kraft der R\u00fcckstellfeder unter Druck gesetzt, wodurch das Magnetventil geschlossen wird. Wenn die Spule ausgeschaltet wird, wird der Pilotventilkern durch die Feder zur\u00fcckgesetzt und das Pilotloch ge\u00f6ffnet. Dadurch wird der Druck in der oberen Kammer freigegeben, sodass der mittlere Druck in der unteren Kammer den Kolben nach vorne dr\u00fcckt und das Magnetventil \u00f6ffnet.<\/p>\n<div class=\"elementor-element elementor-element-62fbce2 elementor-widget elementor-widget-text-editor\" data-id=\"62fbce2\" data-element_type=\"widget\" data-settings=\"{&quot;ekit_we_effect_on&quot;:&quot;none&quot;}\" data-widget_type=\"text-editor.default\">\n<div class=\"elementor-widget-container\">\n<ul>\n<li><span style=\"color: #333300\">Modell: Hochdruck-Magnetventil<\/span><\/li>\n<li><span style=\"color: #333300\">Gr\u00f6\u00dfenbereich: 1\/8\u2033~1\u2033<\/span><\/li>\n<li><span style=\"color: #333300\">Druckbereich: 0 MPa ~ 1,0 MPa<\/span><\/li>\n<li><span style=\"color: #333300\">Material: Edelstahl 304\/316<\/span><\/li>\n<\/ul>\n<\/div>\n<\/div>","protected":false},"featured_media":13194,"template":"","meta":{"site-sidebar-layout":"default","site-content-layout":"","ast-site-content-layout":"default","site-content-style":"default","site-sidebar-style":"default","ast-global-header-display":"","ast-banner-title-visibility":"","ast-main-header-display":"","ast-hfb-above-header-display":"","ast-hfb-below-header-display":"","ast-hfb-mobile-header-display":"","site-post-title":"","ast-breadcrumbs-content":"","ast-featured-img":"","footer-sml-layout":"","ast-disable-related-posts":"","theme-transparent-header-meta":"default","adv-header-id-meta":"","stick-header-meta":"","header-above-stick-meta":"","header-main-stick-meta":"","header-below-stick-meta":"","astra-migrate-meta-layouts":"set","ast-page-background-enabled":"default","ast-page-background-meta":{"desktop":{"background-color":"var(--ast-global-color-4)","background-image":"","background-repeat":"repeat","background-position":"center center","background-size":"auto","background-attachment":"scroll","background-type":"","background-media":"","overlay-type":"","overlay-color":"","overlay-opacity":"","overlay-gradient":""},"tablet":{"background-color":"","background-image":"","background-repeat":"repeat","background-position":"center center","background-size":"auto","background-attachment":"scroll","background-type":"","background-media":"","overlay-type":"","overlay-color":"","overlay-opacity":"","overlay-gradient":""},"mobile":{"background-color":"","background-image":"","background-repeat":"repeat","background-position":"center center","background-size":"auto","background-attachment":"scroll","background-type":"","background-media":"","overlay-type":"","overlay-color":"","overlay-opacity":"","overlay-gradient":""}},"ast-content-background-meta":{"desktop":{"background-color":"var(--ast-global-color-5)","background-image":"","background-repeat":"repeat","background-position":"center center","background-size":"auto","background-attachment":"scroll","background-type":"","background-media":"","overlay-type":"","overlay-color":"","overlay-opacity":"","overlay-gradient":""},"tablet":{"background-color":"var(--ast-global-color-5)","background-image":"","background-repeat":"repeat","background-position":"center center","background-size":"auto","background-attachment":"scroll","background-type":"","background-media":"","overlay-type":"","overlay-color":"","overlay-opacity":"","overlay-gradient":""},"mobile":{"background-color":"var(--ast-global-color-5)","background-image":"","background-repeat":"repeat","background-position":"center center","background-size":"auto","background-attachment":"scroll","background-type":"","background-media":"","overlay-type":"","overlay-color":"","overlay-opacity":"","overlay-gradient":""}}},"product_brand":[],"product_cat":[712,33,37],"product_tag":[205,204,158,156,73,56],"class_list":{"0":"post-13192","1":"product","2":"type-product","3":"status-publish","4":"has-post-thumbnail","6":"product_cat-high-pressure-solenoid-valve","7":"product_cat-products","8":"product_cat-solenoid-valves","9":"product_tag-high-pressure-solenoid-valve","10":"product_tag-high-pressure-solenoid-valves","11":"product_tag-solenoid-valve","12":"product_tag-solenoid-valves","13":"product_tag-valve","14":"product_tag-valves","15":"desktop-align-center","16":"tablet-align-left","17":"mobile-align-left","19":"first","20":"instock","21":"shipping-taxable","22":"product-type-simple"},"_links":{"self":[{"href":"https:\/\/www.delcofluid.com\/de\/wp-json\/wp\/v2\/product\/13192","targetHints":{"allow":["GET"]}}],"collection":[{"href":"https:\/\/www.delcofluid.com\/de\/wp-json\/wp\/v2\/product"}],"about":[{"href":"https:\/\/www.delcofluid.com\/de\/wp-json\/wp\/v2\/types\/product"}],"version-history":[{"count":0,"href":"https:\/\/www.delcofluid.com\/de\/wp-json\/wp\/v2\/product\/13192\/revisions"}],"wp:featuredmedia":[{"embeddable":true,"href":"https:\/\/www.delcofluid.com\/de\/wp-json\/wp\/v2\/media\/13194"}],"wp:attachment":[{"href":"https:\/\/www.delcofluid.com\/de\/wp-json\/wp\/v2\/media?parent=13192"}],"wp:term":[{"taxonomy":"product_brand","embeddable":true,"href":"https:\/\/www.delcofluid.com\/de\/wp-json\/wp\/v2\/product_brand?post=13192"},{"taxonomy":"product_cat","embeddable":true,"href":"https:\/\/www.delcofluid.com\/de\/wp-json\/wp\/v2\/product_cat?post=13192"},{"taxonomy":"product_tag","embeddable":true,"href":"https:\/\/www.delcofluid.com\/de\/wp-json\/wp\/v2\/product_tag?post=13192"}],"curies":[{"name":"wp","href":"https:\/\/api.w.org\/{rel}","templated":true}]}}