{"id":13219,"date":"2025-02-27T07:42:23","date_gmt":"2025-02-27T07:42:23","guid":{"rendered":"https:\/\/www.delcofluid.com\/?post_type=product&#038;p=13219"},"modified":"2025-02-27T07:50:11","modified_gmt":"2025-02-27T07:50:11","slug":"delco-zcfp-plastic-anti-corrosion-solenoid-valve","status":"publish","type":"product","link":"https:\/\/www.delcofluid.com\/de\/produkt\/delco-zcfp-plastic-anti-corrosion-solenoid-valve\/","title":{"rendered":"Korrosionsbest\u00e4ndiges Magnetventil aus Kunststoff von DELCO ZCFP"},"content":{"rendered":"<div data-elementor-type=\"product-post\" data-elementor-id=\"13219\" class=\"elementor elementor-13219\" data-elementor-post-type=\"product\">\n\t\t\t\t<div class=\"elementor-element elementor-element-20539a1c e-con-full e-flex e-con e-parent\" data-id=\"20539a1c\" data-element_type=\"container\" data-e-type=\"container\" data-settings=\"{&quot;ekit_has_onepagescroll_dot&quot;:&quot;yes&quot;}\">\n\t\t<div class=\"elementor-element elementor-element-3316fa6 e-con-full e-flex e-con e-child\" data-id=\"3316fa6\" data-element_type=\"container\" data-e-type=\"container\" data-settings=\"{&quot;ekit_has_onepagescroll_dot&quot;:&quot;yes&quot;}\">\n\t\t\t\t<div class=\"elementor-element elementor-element-b8b3abc elementor-widget elementor-widget-heading\" data-id=\"b8b3abc\" data-element_type=\"widget\" data-e-type=\"widget\" data-settings=\"{&quot;ekit_we_effect_on&quot;:&quot;none&quot;}\" data-widget_type=\"heading.default\">\n\t\t\t\t<div class=\"elementor-widget-container\">\n\t\t\t\t\t<h2 class=\"elementor-heading-title elementor-size-default\">Merkmale<\/h2>\t\t\t\t<\/div>\n\t\t\t\t<\/div>\n\t\t\t\t<div class=\"elementor-element elementor-element-4b43349d elementor-widget__width-initial elementor-widget elementor-widget-text-editor\" data-id=\"4b43349d\" data-element_type=\"widget\" data-e-type=\"widget\" data-settings=\"{&quot;ekit_we_effect_on&quot;:&quot;none&quot;}\" data-widget_type=\"text-editor.default\">\n\t\t\t\t<div class=\"elementor-widget-container\">\n\t\t\t\t\t\t\t\t\t<ul><li><strong>Hohe Korrosionsbest\u00e4ndigkeit:<\/strong> Die Verwendung korrosionsbest\u00e4ndiger Materialien und Beschichtungen stellt sicher, dass das Ventil lange Zeit korrosionsbest\u00e4ndig und f\u00fcr raue Umgebungen geeignet ist.<\/li><li><strong>Mehrere Materialoptionen:<\/strong> Je nach Arbeitsumgebung und Medium k\u00f6nnen korrosionsbest\u00e4ndige Magnetventile aus unterschiedlichen Materialien ausgew\u00e4hlt werden, um den unterschiedlichen Anforderungen gerecht zu werden.<\/li><li><strong>Weit verbreitet:<\/strong> Wird h\u00e4ufig in der Chemie-, Schifffahrts- und Abwasseraufbereitung sowie in anderen Branchen eingesetzt, um dem System einen zuverl\u00e4ssigen Korrosionsschutz zu bieten.<\/li><li><strong>Effizient und stabil:<\/strong> Die korrosionsbest\u00e4ndigen Magnetventile sind so konstruiert, dass sie stabil und zuverl\u00e4ssig funktionieren und einen effizienten Betrieb des Fl\u00fcssigkeitskontrollsystems gew\u00e4hrleisten.<\/li><li><strong>Pflegeleicht:<\/strong> Das Produktdesign ber\u00fccksichtigt die Wartungsfreundlichkeit, was die Wartung erleichtert, Ausfallzeiten reduziert und einen kontinuierlichen und stabilen Betrieb des Systems gew\u00e4hrleistet.<\/li><\/ul>\t\t\t\t\t\t\t\t<\/div>\n\t\t\t\t<\/div>\n\t\t\t\t<\/div>\n\t\t<div class=\"elementor-element elementor-element-e796ac0 e-con-full e-flex e-con e-child\" data-id=\"e796ac0\" data-element_type=\"container\" data-e-type=\"container\" data-settings=\"{&quot;ekit_has_onepagescroll_dot&quot;:&quot;yes&quot;}\">\n\t\t\t\t<div class=\"elementor-element elementor-element-7ddba38 elementor-widget__width-initial elementor-widget elementor-widget-image\" data-id=\"7ddba38\" data-element_type=\"widget\" data-e-type=\"widget\" data-settings=\"{&quot;ekit_we_effect_on&quot;:&quot;none&quot;}\" data-widget_type=\"image.default\">\n\t\t\t\t<div class=\"elementor-widget-container\">\n\t\t\t\t\t\t\t\t\t\t\t\t\t\t\t<img fetchpriority=\"high\" decoding=\"async\" width=\"768\" height=\"759\" src=\"https:\/\/www.delcofluid.com\/wp-content\/uploads\/2024\/03\/product-finder-graphic-3-x900.jpg\" class=\"attachment-large size-large wp-image-2576\" alt=\"Solenoid Valves\" srcset=\"https:\/\/www.delcofluid.com\/wp-content\/uploads\/2024\/03\/product-finder-graphic-3-x900.jpg 768w, https:\/\/www.delcofluid.com\/wp-content\/uploads\/2024\/03\/product-finder-graphic-3-x900-100x100.jpg 100w, https:\/\/www.delcofluid.com\/wp-content\/uploads\/2024\/03\/product-finder-graphic-3-x900-600x593.jpg 600w, https:\/\/www.delcofluid.com\/wp-content\/uploads\/2024\/03\/product-finder-graphic-3-x900-300x296.jpg 300w\" sizes=\"(max-width: 768px) 100vw, 768px\" \/>\t\t\t\t\t\t\t\t\t\t\t\t\t\t\t<\/div>\n\t\t\t\t<\/div>\n\t\t\t\t<\/div>\n\t\t\t\t<\/div>\n\t\t<div class=\"elementor-element elementor-element-4e8d114 e-flex e-con-boxed e-con e-parent\" data-id=\"4e8d114\" data-element_type=\"container\" data-e-type=\"container\" data-settings=\"{&quot;ekit_has_onepagescroll_dot&quot;:&quot;yes&quot;}\">\n\t\t\t\t\t<div class=\"e-con-inner\">\n\t\t\t\t<div class=\"elementor-element elementor-element-4afd6ea elementor-widget elementor-widget-heading\" data-id=\"4afd6ea\" data-element_type=\"widget\" data-e-type=\"widget\" data-settings=\"{&quot;ekit_we_effect_on&quot;:&quot;none&quot;}\" data-widget_type=\"heading.default\">\n\t\t\t\t<div class=\"elementor-widget-container\">\n\t\t\t\t\t<h2 class=\"elementor-heading-title elementor-size-default\">Arbeitsprinzipien:<\/h2>\t\t\t\t<\/div>\n\t\t\t\t<\/div>\n\t\t\t\t<div class=\"elementor-element elementor-element-ffd4484 elementor-widget elementor-widget-text-editor\" data-id=\"ffd4484\" data-element_type=\"widget\" data-e-type=\"widget\" data-settings=\"{&quot;ekit_we_effect_on&quot;:&quot;none&quot;}\" data-widget_type=\"text-editor.default\">\n\t\t\t\t<div class=\"elementor-widget-container\">\n\t\t\t\t\t\t\t\t\t<p>Normalerweise geschlossen: Wenn die Spule erregt ist, wird der Magnetkern angesaugt, das Druckentlastungsloch wird ge\u00f6ffnet, der Hauptkolben wird durch den Mediendruck gedr\u00fcckt, der Hauptventilanschluss wird ge\u00f6ffnet und das Medium flie\u00dft. Wenn die Spule stromlos ist, wird der Hauptventilanschluss geschlossen und das Medium wird abgeschaltet.<\/p><p>Normalerweise offen: Wenn die Spule erregt ist, wird der Magnetkern durch Ansaugen geschlossen, die Druckentlastungs\u00f6ffnung wird geschlossen, der Hauptkolben wird durch den Mediendruck gedr\u00fcckt, um den Hauptventilanschluss zu schlie\u00dfen, das Medium wird abgeschaltet. Wenn die Spule stromlos ist, \u00f6ffnet sich der Hauptventilanschluss und das Medium flie\u00dft.<\/p>\t\t\t\t\t\t\t\t<\/div>\n\t\t\t\t<\/div>\n\t\t\t\t\t<\/div>\n\t\t\t\t<\/div>\n\t\t<div class=\"elementor-element elementor-element-15c4c55 e-con-full e-flex e-con e-parent\" data-id=\"15c4c55\" data-element_type=\"container\" data-e-type=\"container\" data-settings=\"{&quot;background_background&quot;:&quot;classic&quot;,&quot;ekit_has_onepagescroll_dot&quot;:&quot;yes&quot;}\">\n\t\t\t\t<div class=\"elementor-element elementor-element-cf7446a elementor-widget elementor-widget-heading\" data-id=\"cf7446a\" data-element_type=\"widget\" data-e-type=\"widget\" data-settings=\"{&quot;ekit_we_effect_on&quot;:&quot;none&quot;}\" data-widget_type=\"heading.default\">\n\t\t\t\t<div class=\"elementor-widget-container\">\n\t\t\t\t\t<h2 class=\"elementor-heading-title elementor-size-default\">Korrosionsbest\u00e4ndiges Magnetventil Technische Parameter<\/h2>\t\t\t\t<\/div>\n\t\t\t\t<\/div>\n\t\t\t\t<\/div>\n\t\t<div class=\"elementor-element elementor-element-66467903 e-con-full e-flex e-con e-parent\" data-id=\"66467903\" data-element_type=\"container\" data-e-type=\"container\" data-settings=\"{&quot;ekit_has_onepagescroll_dot&quot;:&quot;yes&quot;}\">\n\t\t\t\t<div class=\"elementor-element elementor-element-3c14f475 elementor-widget__width-initial elementor-widget elementor-widget-global elementor-global-2967 elementor-widget-text-editor\" data-id=\"3c14f475\" data-element_type=\"widget\" data-e-type=\"widget\" data-settings=\"{&quot;ekit_we_effect_on&quot;:&quot;none&quot;}\" data-widget_type=\"text-editor.default\">\n\t\t\t\t<div class=\"elementor-widget-container\">\n\t\t\t\t\t\t\t\t\t<table width=\"288\"><tbody><tr><td width=\"72\">Typ<\/td><td width=\"72\">Magnetventil\u00a0<\/td><td width=\"72\">Nenndurchmesser<\/td><td width=\"72\">DN15-DN50<\/td><\/tr><tr><td width=\"72\">Nenndruck<\/td><td width=\"72\">0 bis 1,0 MPa<\/td><td width=\"72\">Verbindung<\/td><td width=\"72\">Gewinde<\/td><\/tr><tr><td width=\"72\">Struktur<\/td><td width=\"72\">Membran<\/td><td width=\"72\">Ma\u00dfgeschneiderte Unterst\u00fctzung<\/td><td width=\"72\">OEM<\/td><\/tr><tr><td width=\"72\">Garantie<\/td><td width=\"72\">\u00a012 Monate<\/td><td width=\"72\">Dichtungsmaterial<\/td><td width=\"72\">NBR, EPDM, FKM, PTFE<\/td><\/tr><tr><td width=\"72\">Medien<\/td><td width=\"72\">\u00d6l, Luft, Gas, Fl\u00fcssigkeit<\/td><td width=\"72\">Spulenspannung<\/td><td width=\"72\">DC12~24V (\u00b110%), AC110-220V<\/td><\/tr><\/tbody><\/table><p>\u00a0<\/p>\t\t\t\t\t\t\t\t<\/div>\n\t\t\t\t<\/div>\n\t\t\t\t<\/div>\n\t\t<div class=\"elementor-element elementor-element-0b18e32 e-flex e-con-boxed e-con e-parent\" data-id=\"0b18e32\" data-element_type=\"container\" data-e-type=\"container\" data-settings=\"{&quot;ekit_has_onepagescroll_dot&quot;:&quot;yes&quot;}\">\n\t\t\t\t\t<div class=\"e-con-inner\">\n\t\t\t\t<div class=\"elementor-element elementor-element-c6975fe elementor-widget elementor-widget-heading\" data-id=\"c6975fe\" data-element_type=\"widget\" data-e-type=\"widget\" data-settings=\"{&quot;ekit_we_effect_on&quot;:&quot;none&quot;}\" data-widget_type=\"heading.default\">\n\t\t\t\t<div class=\"elementor-widget-container\">\n\t\t\t\t\t<h2 class=\"elementor-heading-title elementor-size-default\">Anwendungen:<\/h2>\t\t\t\t<\/div>\n\t\t\t\t<\/div>\n\t\t\t\t<div class=\"elementor-element elementor-element-eb6e9f8 elementor-widget elementor-widget-text-editor\" data-id=\"eb6e9f8\" data-element_type=\"widget\" data-e-type=\"widget\" data-settings=\"{&quot;ekit_we_effect_on&quot;:&quot;none&quot;}\" data-widget_type=\"text-editor.default\">\n\t\t\t\t<div class=\"elementor-widget-container\">\n\t\t\t\t\t\t\t\t\t<p>Das korrosionsbest\u00e4ndige Magnetventil eignet sich f\u00fcr eine Vielzahl von stark sauren und alkalischen Gasen und Fl\u00fcssigkeiten als Arbeitsmedium und wird h\u00e4ufig in medizinischen und pharmazeutischen, chemischen und Umweltschutz- oder Reinigungsger\u00e4ten und anderen Automatisierungssteuerungssystemen eingesetzt.<\/p>\t\t\t\t\t\t\t\t<\/div>\n\t\t\t\t<\/div>\n\t\t\t\t\t<\/div>\n\t\t\t\t<\/div>\n\t\t\t\t<\/div>","protected":false},"excerpt":{"rendered":"<p>Korrosionsbest\u00e4ndige Magnetventile sind speziell auf Korrosionsbest\u00e4ndigkeit ausgelegt und bieten eine ausgezeichnete Korrosionsbest\u00e4ndigkeit und Zuverl\u00e4ssigkeit f\u00fcr die Steuerung und Regelung verschiedener korrosiver Medien. Diese Ventile werden aus hochwertigen korrosionsbest\u00e4ndigen Materialien und Beschichtungen hergestellt, um einen stabilen Betrieb \u00fcber lange Zeitr\u00e4ume in rauen Betriebsumgebungen zu gew\u00e4hrleisten. Die Vielfalt der Materialauswahl erm\u00f6glicht es ihnen, die Anforderungen verschiedener Branchen wie Chemie, Schifffahrt und Abwasserbehandlung zu erf\u00fcllen. Ihre effiziente und stabile Leistung sowie ihr praktisches Wartungsdesign machen korrosionsbest\u00e4ndige Magnetventile zu einem unverzichtbaren und wichtigen Bestandteil von Fl\u00fcssigkeitssteuerungssystemen und bieten eine zuverl\u00e4ssige Garantie f\u00fcr den sicheren Betrieb und die kontinuierliche Stabilit\u00e4t des Systems.<\/p>\n<ul>\n<li>Artikelnummer: ZCFP<\/li>\n<li>Gr\u00f6\u00dfenbereich: G1\/2\u201d<\/li>\n<li>Druckbereich: 0,0 MPa - 0,6 MPa<\/li>\n<li>Material: Kunststoff, CPVC<\/li>\n<\/ul>","protected":false},"featured_media":13222,"template":"","meta":{"site-sidebar-layout":"default","site-content-layout":"","ast-site-content-layout":"default","site-content-style":"default","site-sidebar-style":"default","ast-global-header-display":"","ast-banner-title-visibility":"","ast-main-header-display":"","ast-hfb-above-header-display":"","ast-hfb-below-header-display":"","ast-hfb-mobile-header-display":"","site-post-title":"","ast-breadcrumbs-content":"","ast-featured-img":"","footer-sml-layout":"","ast-disable-related-posts":"","theme-transparent-header-meta":"default","adv-header-id-meta":"","stick-header-meta":"","header-above-stick-meta":"","header-main-stick-meta":"","header-below-stick-meta":"","astra-migrate-meta-layouts":"set","ast-page-background-enabled":"default","ast-page-background-meta":{"desktop":{"background-color":"var(--ast-global-color-4)","background-image":"","background-repeat":"repeat","background-position":"center center","background-size":"auto","background-attachment":"scroll","background-type":"","background-media":"","overlay-type":"","overlay-color":"","overlay-opacity":"","overlay-gradient":""},"tablet":{"background-color":"","background-image":"","background-repeat":"repeat","background-position":"center center","background-size":"auto","background-attachment":"scroll","background-type":"","background-media":"","overlay-type":"","overlay-color":"","overlay-opacity":"","overlay-gradient":""},"mobile":{"background-color":"","background-image":"","background-repeat":"repeat","background-position":"center center","background-size":"auto","background-attachment":"scroll","background-type":"","background-media":"","overlay-type":"","overlay-color":"","overlay-opacity":"","overlay-gradient":""}},"ast-content-background-meta":{"desktop":{"background-color":"var(--ast-global-color-5)","background-image":"","background-repeat":"repeat","background-position":"center center","background-size":"auto","background-attachment":"scroll","background-type":"","background-media":"","overlay-type":"","overlay-color":"","overlay-opacity":"","overlay-gradient":""},"tablet":{"background-color":"var(--ast-global-color-5)","background-image":"","background-repeat":"repeat","background-position":"center center","background-size":"auto","background-attachment":"scroll","background-type":"","background-media":"","overlay-type":"","overlay-color":"","overlay-opacity":"","overlay-gradient":""},"mobile":{"background-color":"var(--ast-global-color-5)","background-image":"","background-repeat":"repeat","background-position":"center center","background-size":"auto","background-attachment":"scroll","background-type":"","background-media":"","overlay-type":"","overlay-color":"","overlay-opacity":"","overlay-gradient":""}}},"product_brand":[],"product_cat":[957,33,37],"product_tag":[195,194,958,209,208,158,156,193,192,73,56],"class_list":{"0":"post-13219","1":"product","2":"type-product","3":"status-publish","4":"has-post-thumbnail","6":"product_cat-anti-corrosion-solenoid-valve","7":"product_cat-products","8":"product_cat-solenoid-valves","9":"product_tag-2-way-solenoid-valve","10":"product_tag-2-way-solenoid-valves","11":"product_tag-corrosion-resistant-solenoid-valve","12":"product_tag-direct-acting-diaphragm-type-solenoid-valve","13":"product_tag-direct-acting-diaphragm-type-solenoid-valves","14":"product_tag-solenoid-valve","15":"product_tag-solenoid-valves","16":"product_tag-two-position-two-way-solenoid-valve","17":"product_tag-two-position-two-way-solenoid-valves","18":"product_tag-valve","19":"product_tag-valves","20":"desktop-align-center","21":"tablet-align-left","22":"mobile-align-left","24":"first","25":"instock","26":"shipping-taxable","27":"product-type-simple"},"_links":{"self":[{"href":"https:\/\/www.delcofluid.com\/de\/wp-json\/wp\/v2\/product\/13219","targetHints":{"allow":["GET"]}}],"collection":[{"href":"https:\/\/www.delcofluid.com\/de\/wp-json\/wp\/v2\/product"}],"about":[{"href":"https:\/\/www.delcofluid.com\/de\/wp-json\/wp\/v2\/types\/product"}],"version-history":[{"count":0,"href":"https:\/\/www.delcofluid.com\/de\/wp-json\/wp\/v2\/product\/13219\/revisions"}],"wp:featuredmedia":[{"embeddable":true,"href":"https:\/\/www.delcofluid.com\/de\/wp-json\/wp\/v2\/media\/13222"}],"wp:attachment":[{"href":"https:\/\/www.delcofluid.com\/de\/wp-json\/wp\/v2\/media?parent=13219"}],"wp:term":[{"taxonomy":"product_brand","embeddable":true,"href":"https:\/\/www.delcofluid.com\/de\/wp-json\/wp\/v2\/product_brand?post=13219"},{"taxonomy":"product_cat","embeddable":true,"href":"https:\/\/www.delcofluid.com\/de\/wp-json\/wp\/v2\/product_cat?post=13219"},{"taxonomy":"product_tag","embeddable":true,"href":"https:\/\/www.delcofluid.com\/de\/wp-json\/wp\/v2\/product_tag?post=13219"}],"curies":[{"name":"wp","href":"https:\/\/api.w.org\/{rel}","templated":true}]}}