{"id":13427,"date":"2025-03-11T08:04:59","date_gmt":"2025-03-11T08:04:59","guid":{"rendered":"https:\/\/www.delcofluid.com\/?post_type=product&#038;p=13427"},"modified":"2025-03-11T08:44:23","modified_gmt":"2025-03-11T08:44:23","slug":"delco-dks-motorized-electric-actuator","status":"publish","type":"product","link":"https:\/\/www.delcofluid.com\/de\/produkt\/delco-dks-motorized-electric-actuator\/","title":{"rendered":"Motorisierter elektrischer Stellantrieb DELCO DKS"},"content":{"rendered":"<div data-elementor-type=\"product-post\" data-elementor-id=\"13427\" class=\"elementor elementor-13427\" data-elementor-post-type=\"product\">\n\t\t\t\t<div class=\"elementor-element elementor-element-20539a1c e-con-full e-flex e-con e-parent\" data-id=\"20539a1c\" data-element_type=\"container\" data-e-type=\"container\" data-settings=\"{&quot;ekit_has_onepagescroll_dot&quot;:&quot;yes&quot;}\">\n\t\t<div class=\"elementor-element elementor-element-3316fa6 e-con-full e-flex e-con e-child\" data-id=\"3316fa6\" data-element_type=\"container\" data-e-type=\"container\" data-settings=\"{&quot;ekit_has_onepagescroll_dot&quot;:&quot;yes&quot;}\">\n\t\t\t\t<div class=\"elementor-element elementor-element-1f37cdb elementor-widget elementor-widget-heading\" data-id=\"1f37cdb\" data-element_type=\"widget\" data-e-type=\"widget\" data-settings=\"{&quot;ekit_we_effect_on&quot;:&quot;none&quot;}\" data-widget_type=\"heading.default\">\n\t\t\t\t<div class=\"elementor-widget-container\">\n\t\t\t\t\t<h2 class=\"elementor-heading-title elementor-size-default\">Merkmale des elektrischen DKS-Antriebs<\/h2>\t\t\t\t<\/div>\n\t\t\t\t<\/div>\n\t\t\t\t<div class=\"elementor-element elementor-element-480480c elementor-widget__width-initial elementor-widget elementor-widget-text-editor\" data-id=\"480480c\" data-element_type=\"widget\" data-e-type=\"widget\" data-settings=\"{&quot;ekit_we_effect_on&quot;:&quot;none&quot;}\" data-widget_type=\"text-editor.default\">\n\t\t\t\t<div class=\"elementor-widget-container\">\n\t\t\t\t\t\t\t\t\t<ul><li><strong>Strukturelles Design:<\/strong> Neues Design f\u00fcr eine leichtere, praktischere und flexiblere Maschine.<\/li><li><strong>Funktionalit\u00e4t:<\/strong> Bietet Schalter, Regelung und intelligente Signalausgabeintegration.<\/li><li><strong>Zuverl\u00e4ssigkeit:<\/strong> Verwendet aus Sicherheitsgr\u00fcnden hochwertige Lager und elektrische Komponenten.<\/li><li><strong>Effizienz:<\/strong> Speziell legierter Stahl f\u00fcr hohe \u00dcbertragungspr\u00e4zision und Festigkeit.<\/li><li><strong>Benutzerfreundlichkeit:<\/strong> Kann mit einphasiger, dreiphasiger, 380-V- oder Gleichstromversorgung betrieben werden. Einfache externe Verdrahtung.<\/li><li><strong>Sicherheit:<\/strong> H\u00e4lt einem 1500-V-Test stand; Motor mit F-Klasse-Isolation f\u00fcr mehr Sicherheit.<\/li><li><strong>Benutzerfreundlich:<\/strong> Kein Nachf\u00fcllen von \u00d6l oder Stichprobenkontrollen erforderlich. Wasserdicht, rostfrei und in jedem Winkel installierbar.<\/li><li><strong>Schutz:<\/strong> Beinhaltet doppelte Begrenzungen sowie \u00dcberhitzungs- und \u00dcberlastungsschutz.<\/li><li><strong>Geschwindigkeitsoptionen:<\/strong> Bietet mehrere Geschwindigkeitseinstellungen f\u00fcr verschiedene Anwendungen.<\/li><li><strong>Haltbarkeit:<\/strong> Korrosionsbest\u00e4ndiges Geh\u00e4use aus Aluminiumlegierung und Schrauben aus Edelstahl.<\/li><li><strong>Integration:<\/strong> Intelligentes Steuermodul im Ger\u00e4t integriert.<\/li><li><strong>Versiegelung:<\/strong> Hervorragende Dichtungsleistung mit IP67-Schutz.<\/li><li><strong>Selbsthemmend:<\/strong> Pr\u00e4zises Schneckengetriebe f\u00fcr Stabilit\u00e4t und Zuverl\u00e4ssigkeit.<\/li><\/ul>\t\t\t\t\t\t\t\t<\/div>\n\t\t\t\t<\/div>\n\t\t\t\t<\/div>\n\t\t<div class=\"elementor-element elementor-element-8ef2840 e-con-full e-flex e-con e-child\" data-id=\"8ef2840\" data-element_type=\"container\" data-e-type=\"container\" data-settings=\"{&quot;ekit_has_onepagescroll_dot&quot;:&quot;yes&quot;}\">\n\t\t\t\t<div class=\"elementor-element elementor-element-16a86d8 elementor-widget__width-initial elementor-widget elementor-widget-image\" data-id=\"16a86d8\" data-element_type=\"widget\" data-e-type=\"widget\" data-settings=\"{&quot;ekit_we_effect_on&quot;:&quot;none&quot;}\" data-widget_type=\"image.default\">\n\t\t\t\t<div class=\"elementor-widget-container\">\n\t\t\t\t\t\t\t\t\t\t\t\t\t\t\t<img fetchpriority=\"high\" decoding=\"async\" width=\"800\" height=\"579\" src=\"https:\/\/www.delcofluid.com\/wp-content\/uploads\/2025\/03\/\u672a\u6807\u9898-1-2.png\" class=\"attachment-large size-large wp-image-13433\" alt=\"DELCO DKS Motorized Electric Actuator\" srcset=\"https:\/\/www.delcofluid.com\/wp-content\/uploads\/2025\/03\/\u672a\u6807\u9898-1-2.png 800w, https:\/\/www.delcofluid.com\/wp-content\/uploads\/2025\/03\/\u672a\u6807\u9898-1-2-300x217.png 300w, https:\/\/www.delcofluid.com\/wp-content\/uploads\/2025\/03\/\u672a\u6807\u9898-1-2-768x556.png 768w, https:\/\/www.delcofluid.com\/wp-content\/uploads\/2025\/03\/\u672a\u6807\u9898-1-2-18x12.png 18w, https:\/\/www.delcofluid.com\/wp-content\/uploads\/2025\/03\/\u672a\u6807\u9898-1-2-600x434.png 600w\" sizes=\"(max-width: 800px) 100vw, 800px\" \/>\t\t\t\t\t\t\t\t\t\t\t\t\t\t\t<\/div>\n\t\t\t\t<\/div>\n\t\t\t\t<\/div>\n\t\t\t\t<\/div>\n\t\t<div class=\"elementor-element elementor-element-15c4c55 e-con-full e-flex e-con e-parent\" data-id=\"15c4c55\" data-element_type=\"container\" data-e-type=\"container\" data-settings=\"{&quot;background_background&quot;:&quot;classic&quot;,&quot;ekit_has_onepagescroll_dot&quot;:&quot;yes&quot;}\">\n\t\t\t\t<div class=\"elementor-element elementor-element-cf7446a elementor-widget elementor-widget-heading\" data-id=\"cf7446a\" data-element_type=\"widget\" data-e-type=\"widget\" data-settings=\"{&quot;ekit_we_effect_on&quot;:&quot;none&quot;}\" data-widget_type=\"heading.default\">\n\t\t\t\t<div class=\"elementor-widget-container\">\n\t\t\t\t\t<h2 class=\"elementor-heading-title elementor-size-default\">Technische Produktparameter<\/h2>\t\t\t\t<\/div>\n\t\t\t\t<\/div>\n\t\t\t\t<\/div>\n\t\t<div class=\"elementor-element elementor-element-e2b9db7 e-con-full e-flex e-con e-parent\" data-id=\"e2b9db7\" data-element_type=\"container\" data-e-type=\"container\" data-settings=\"{&quot;ekit_has_onepagescroll_dot&quot;:&quot;yes&quot;}\">\n\t\t<div class=\"elementor-element elementor-element-b2c245f e-con-full e-flex e-con e-child\" data-id=\"b2c245f\" data-element_type=\"container\" data-e-type=\"container\" data-settings=\"{&quot;ekit_has_onepagescroll_dot&quot;:&quot;yes&quot;}\">\n\t\t\t\t<div class=\"elementor-element elementor-element-89beaee elementor-widget__width-initial elementor-widget elementor-widget-image\" data-id=\"89beaee\" data-element_type=\"widget\" data-e-type=\"widget\" data-settings=\"{&quot;ekit_we_effect_on&quot;:&quot;none&quot;}\" data-widget_type=\"image.default\">\n\t\t\t\t<div class=\"elementor-widget-container\">\n\t\t\t\t\t\t\t\t\t\t\t\t\t\t\t<img decoding=\"async\" width=\"800\" height=\"386\" src=\"https:\/\/www.delcofluid.com\/wp-content\/uploads\/2025\/03\/\u672a\u6807\u9898-2-1.png\" class=\"attachment-large size-large wp-image-13434\" alt=\"DELCO DKS Motorized Electric Actuator\" srcset=\"https:\/\/www.delcofluid.com\/wp-content\/uploads\/2025\/03\/\u672a\u6807\u9898-2-1.png 800w, https:\/\/www.delcofluid.com\/wp-content\/uploads\/2025\/03\/\u672a\u6807\u9898-2-1-300x145.png 300w, https:\/\/www.delcofluid.com\/wp-content\/uploads\/2025\/03\/\u672a\u6807\u9898-2-1-768x371.png 768w, https:\/\/www.delcofluid.com\/wp-content\/uploads\/2025\/03\/\u672a\u6807\u9898-2-1-18x9.png 18w, https:\/\/www.delcofluid.com\/wp-content\/uploads\/2025\/03\/\u672a\u6807\u9898-2-1-600x290.png 600w\" sizes=\"(max-width: 800px) 100vw, 800px\" \/>\t\t\t\t\t\t\t\t\t\t\t\t\t\t\t<\/div>\n\t\t\t\t<\/div>\n\t\t<div class=\"elementor-element elementor-element-ac03bbd e-con-full e-flex e-con e-child\" data-id=\"ac03bbd\" data-element_type=\"container\" data-e-type=\"container\" data-settings=\"{&quot;background_background&quot;:&quot;classic&quot;,&quot;ekit_has_onepagescroll_dot&quot;:&quot;yes&quot;}\">\n\t\t\t\t<div class=\"elementor-element elementor-element-2c853c5 elementor-widget elementor-widget-heading\" data-id=\"2c853c5\" data-element_type=\"widget\" data-e-type=\"widget\" data-settings=\"{&quot;ekit_we_effect_on&quot;:&quot;none&quot;}\" data-widget_type=\"heading.default\">\n\t\t\t\t<div class=\"elementor-widget-container\">\n\t\t\t\t\t<h2 class=\"elementor-heading-title elementor-size-default\">Stellantriebe mit Ventilen<\/h2>\t\t\t\t<\/div>\n\t\t\t\t<\/div>\n\t\t\t\t<\/div>\n\t\t<div class=\"elementor-element elementor-element-2dee4c1 e-grid e-con-full e-con e-child\" data-id=\"2dee4c1\" data-element_type=\"container\" data-e-type=\"container\" data-settings=\"{&quot;ekit_has_onepagescroll_dot&quot;:&quot;yes&quot;}\">\n\t\t\t\t<div class=\"elementor-element elementor-element-be87a38 elementor-widget elementor-widget-image\" data-id=\"be87a38\" data-element_type=\"widget\" data-e-type=\"widget\" data-settings=\"{&quot;ekit_we_effect_on&quot;:&quot;none&quot;}\" data-widget_type=\"image.default\">\n\t\t\t\t<div class=\"elementor-widget-container\">\n\t\t\t\t\t\t\t\t\t\t\t\t\t\t\t<img decoding=\"async\" width=\"800\" height=\"800\" src=\"https:\/\/www.delcofluid.com\/wp-content\/uploads\/2025\/03\/a.png\" class=\"attachment-large size-large wp-image-13444\" alt=\"DKS Electric Actuator valve3111643\" srcset=\"https:\/\/www.delcofluid.com\/wp-content\/uploads\/2025\/03\/a.png 800w, https:\/\/www.delcofluid.com\/wp-content\/uploads\/2025\/03\/a-300x300.png 300w, https:\/\/www.delcofluid.com\/wp-content\/uploads\/2025\/03\/a-150x150.png 150w, https:\/\/www.delcofluid.com\/wp-content\/uploads\/2025\/03\/a-768x768.png 768w, https:\/\/www.delcofluid.com\/wp-content\/uploads\/2025\/03\/a-12x12.png 12w, https:\/\/www.delcofluid.com\/wp-content\/uploads\/2025\/03\/a-600x600.png 600w, https:\/\/www.delcofluid.com\/wp-content\/uploads\/2025\/03\/a-100x100.png 100w\" sizes=\"(max-width: 800px) 100vw, 800px\" \/>\t\t\t\t\t\t\t\t\t\t\t\t\t\t\t<\/div>\n\t\t\t\t<\/div>\n\t\t\t\t<div class=\"elementor-element elementor-element-d75d90d elementor-widget elementor-widget-image\" data-id=\"d75d90d\" data-element_type=\"widget\" data-e-type=\"widget\" data-settings=\"{&quot;ekit_we_effect_on&quot;:&quot;none&quot;}\" data-widget_type=\"image.default\">\n\t\t\t\t<div class=\"elementor-widget-container\">\n\t\t\t\t\t\t\t\t\t\t\t\t\t\t\t<img loading=\"lazy\" decoding=\"async\" width=\"800\" height=\"800\" src=\"https:\/\/www.delcofluid.com\/wp-content\/uploads\/2025\/03\/b.png\" class=\"attachment-large size-large wp-image-13445\" alt=\"DKS Electric Actuator valve\" srcset=\"https:\/\/www.delcofluid.com\/wp-content\/uploads\/2025\/03\/b.png 800w, https:\/\/www.delcofluid.com\/wp-content\/uploads\/2025\/03\/b-300x300.png 300w, https:\/\/www.delcofluid.com\/wp-content\/uploads\/2025\/03\/b-150x150.png 150w, https:\/\/www.delcofluid.com\/wp-content\/uploads\/2025\/03\/b-768x768.png 768w, https:\/\/www.delcofluid.com\/wp-content\/uploads\/2025\/03\/b-12x12.png 12w, https:\/\/www.delcofluid.com\/wp-content\/uploads\/2025\/03\/b-600x600.png 600w, https:\/\/www.delcofluid.com\/wp-content\/uploads\/2025\/03\/b-100x100.png 100w\" sizes=\"(max-width: 800px) 100vw, 800px\" \/>\t\t\t\t\t\t\t\t\t\t\t\t\t\t\t<\/div>\n\t\t\t\t<\/div>\n\t\t\t\t<div class=\"elementor-element elementor-element-34aa81b elementor-widget elementor-widget-image\" data-id=\"34aa81b\" data-element_type=\"widget\" data-e-type=\"widget\" data-settings=\"{&quot;ekit_we_effect_on&quot;:&quot;none&quot;}\" data-widget_type=\"image.default\">\n\t\t\t\t<div class=\"elementor-widget-container\">\n\t\t\t\t\t\t\t\t\t\t\t\t\t\t\t<img loading=\"lazy\" decoding=\"async\" width=\"800\" height=\"800\" src=\"https:\/\/www.delcofluid.com\/wp-content\/uploads\/2025\/03\/c.png\" class=\"attachment-large size-large wp-image-13446\" alt=\"DKS Electric Actuator valve\" srcset=\"https:\/\/www.delcofluid.com\/wp-content\/uploads\/2025\/03\/c.png 800w, https:\/\/www.delcofluid.com\/wp-content\/uploads\/2025\/03\/c-300x300.png 300w, https:\/\/www.delcofluid.com\/wp-content\/uploads\/2025\/03\/c-150x150.png 150w, https:\/\/www.delcofluid.com\/wp-content\/uploads\/2025\/03\/c-768x768.png 768w, https:\/\/www.delcofluid.com\/wp-content\/uploads\/2025\/03\/c-12x12.png 12w, https:\/\/www.delcofluid.com\/wp-content\/uploads\/2025\/03\/c-600x600.png 600w, https:\/\/www.delcofluid.com\/wp-content\/uploads\/2025\/03\/c-100x100.png 100w\" sizes=\"(max-width: 800px) 100vw, 800px\" \/>\t\t\t\t\t\t\t\t\t\t\t\t\t\t\t<\/div>\n\t\t\t\t<\/div>\n\t\t\t\t<div class=\"elementor-element elementor-element-f2ce903 elementor-widget elementor-widget-image\" data-id=\"f2ce903\" data-element_type=\"widget\" data-e-type=\"widget\" data-settings=\"{&quot;ekit_we_effect_on&quot;:&quot;none&quot;}\" data-widget_type=\"image.default\">\n\t\t\t\t<div class=\"elementor-widget-container\">\n\t\t\t\t\t\t\t\t\t\t\t\t\t\t\t<img loading=\"lazy\" decoding=\"async\" width=\"800\" height=\"800\" src=\"https:\/\/www.delcofluid.com\/wp-content\/uploads\/2025\/03\/d.png\" class=\"attachment-large size-large wp-image-13447\" alt=\"DKS Electric Actuator valve\" srcset=\"https:\/\/www.delcofluid.com\/wp-content\/uploads\/2025\/03\/d.png 800w, https:\/\/www.delcofluid.com\/wp-content\/uploads\/2025\/03\/d-300x300.png 300w, https:\/\/www.delcofluid.com\/wp-content\/uploads\/2025\/03\/d-150x150.png 150w, https:\/\/www.delcofluid.com\/wp-content\/uploads\/2025\/03\/d-768x768.png 768w, https:\/\/www.delcofluid.com\/wp-content\/uploads\/2025\/03\/d-12x12.png 12w, https:\/\/www.delcofluid.com\/wp-content\/uploads\/2025\/03\/d-600x600.png 600w, https:\/\/www.delcofluid.com\/wp-content\/uploads\/2025\/03\/d-100x100.png 100w\" sizes=\"(max-width: 800px) 100vw, 800px\" \/>\t\t\t\t\t\t\t\t\t\t\t\t\t\t\t<\/div>\n\t\t\t\t<\/div>\n\t\t\t\t<\/div>\n\t\t\t\t<\/div>\n\t\t\t\t<\/div>\n\t\t\t\t<\/div>","protected":false},"excerpt":{"rendered":"<div class=\"flex-1 overflow-hidden\">\n<div class=\"react-scroll-to-bottom--css-ymjnl-79elbk h-full\">\n<div class=\"react-scroll-to-bottom--css-ymjnl-1n7m0yu\">\n<div class=\"flex flex-col text-sm\">\n<div class=\"w-full text-token-text-primary\" dir=\"auto\" data-testid=\"conversation-turn-31\">\n<div class=\"px-4 py-2 justify-center text-base md:gap-6 m-auto\">\n<div class=\"flex flex-1 text-base mx-auto gap-3 juice:gap-4 juice:md:gap-6 md:px-5 lg:px-1 xl:px-5 md:max-w-3xl lg:max-w-[40rem] xl:max-w-[48rem]\">\n<div class=\"relative flex w-full flex-col agent-turn\">\n<div class=\"flex-col gap-1 md:gap-3\">\n<div class=\"flex flex-grow flex-col max-w-full\">\n<div class=\"min-h-[20px] text-message flex flex-col items-start gap-3 whitespace-pre-wrap break-words [.text-message+&amp;]:mt-5 overflow-x-auto\" dir=\"auto\" data-message-author-role=\"assistant\" data-message-id=\"4a6d6b9a-2028-48e5-bb27-c229b9ba8f05\">\n<div class=\"markdown prose w-full break-words dark:prose-invert light\">\n<div class=\"flex-1 overflow-hidden\">\n<div class=\"react-scroll-to-bottom--css-vzdre-79elbk h-full\">\n<div class=\"react-scroll-to-bottom--css-vzdre-1n7m0yu\">\n<div class=\"flex flex-col text-sm pb-9\">\n<div class=\"w-full text-token-text-primary\" dir=\"auto\" data-testid=\"conversation-turn-25\">\n<div class=\"px-4 py-2 justify-center text-base md:gap-6 m-auto\">\n<div class=\"flex flex-1 text-base mx-auto gap-3 juice:gap-4 juice:md:gap-6 md:px-5 lg:px-1 xl:px-5 md:max-w-3xl lg:max-w-[40rem] xl:max-w-[48rem]\">\n<div class=\"relative flex w-full flex-col agent-turn\">\n<div class=\"flex-col gap-1 md:gap-3\">\n<div class=\"flex flex-grow flex-col max-w-full\">\n<div class=\"min-h-[20px] text-message flex flex-col items-start gap-3 whitespace-pre-wrap break-words [.text-message+&amp;]:mt-5 overflow-x-auto\" dir=\"auto\" data-message-author-role=\"assistant\" data-message-id=\"34f913f5-8067-415d-9532-3b67bc792208\">\n<div class=\"markdown prose w-full break-words dark:prose-invert light\">\n<p>The DKS series electric actuators are designed for controlling valves and similar products that rotate from 0\u00b0 to 90\u00b0. They are suitable for a range of industries including petroleum, chemical, water treatment, shipbuilding, power generation, and more. These actuators operate on 380V\/220V\/110V AC or 24V\/110V DC power supplies, using 4-20mA current or 0-10V DC voltage signals for control. With a maximum output torque of 2000N.m, they enable precise positioning of valves for automated control.<\/p>\n<p>The cutting-edge DKS electric actuator from DELCO, boasting a corrosion-resistant aluminum alloy housing, high torque power, a manual operation option with handle, superior sealing with optional IP67\/IP68 protection, and self-locking capabilities for enhanced safety and reliability.<\/p>\n<p><strong>Model:<\/strong> DKS electric actuator<\/p>\n<p><strong>Torque Output:<\/strong> 30-2000Nm<\/p>\n<p><strong>Material<\/strong>:\u00a0Aluminum Alloy<\/p>\n<\/div>\n<\/div>\n<\/div>\n<\/div>\n<\/div>\n<\/div>\n<\/div>\n<\/div>\n<\/div>\n<\/div>\n<\/div>\n<\/div>\n<\/div>\n<\/div>\n<\/div>\n<\/div>\n<\/div>\n<\/div>\n<\/div>\n<\/div>\n<\/div>\n<\/div>\n<\/div>\n<\/div>\n","protected":false},"featured_media":13431,"template":"","meta":{"site-sidebar-layout":"default","site-content-layout":"","ast-site-content-layout":"default","site-content-style":"default","site-sidebar-style":"default","ast-global-header-display":"","ast-banner-title-visibility":"","ast-main-header-display":"","ast-hfb-above-header-display":"","ast-hfb-below-header-display":"","ast-hfb-mobile-header-display":"","site-post-title":"","ast-breadcrumbs-content":"","ast-featured-img":"","footer-sml-layout":"","ast-disable-related-posts":"","theme-transparent-header-meta":"default","adv-header-id-meta":"","stick-header-meta":"","header-above-stick-meta":"","header-main-stick-meta":"","header-below-stick-meta":"","astra-migrate-meta-layouts":"set","ast-page-background-enabled":"default","ast-page-background-meta":{"desktop":{"background-color":"var(--ast-global-color-4)","background-image":"","background-repeat":"repeat","background-position":"center center","background-size":"auto","background-attachment":"scroll","background-type":"","background-media":"","overlay-type":"","overlay-color":"","overlay-opacity":"","overlay-gradient":""},"tablet":{"background-color":"","background-image":"","background-repeat":"repeat","background-position":"center center","background-size":"auto","background-attachment":"scroll","background-type":"","background-media":"","overlay-type":"","overlay-color":"","overlay-opacity":"","overlay-gradient":""},"mobile":{"background-color":"","background-image":"","background-repeat":"repeat","background-position":"center center","background-size":"auto","background-attachment":"scroll","background-type":"","background-media":"","overlay-type":"","overlay-color":"","overlay-opacity":"","overlay-gradient":""}},"ast-content-background-meta":{"desktop":{"background-color":"var(--ast-global-color-5)","background-image":"","background-repeat":"repeat","background-position":"center center","background-size":"auto","background-attachment":"scroll","background-type":"","background-media":"","overlay-type":"","overlay-color":"","overlay-opacity":"","overlay-gradient":""},"tablet":{"background-color":"var(--ast-global-color-5)","background-image":"","background-repeat":"repeat","background-position":"center center","background-size":"auto","background-attachment":"scroll","background-type":"","background-media":"","overlay-type":"","overlay-color":"","overlay-opacity":"","overlay-gradient":""},"mobile":{"background-color":"var(--ast-global-color-5)","background-image":"","background-repeat":"repeat","background-position":"center center","background-size":"auto","background-attachment":"scroll","background-type":"","background-media":"","overlay-type":"","overlay-color":"","overlay-opacity":"","overlay-gradient":""}}},"product_brand":[],"product_cat":[39,717,33],"product_tag":[580,961,578,577,583,582],"class_list":{"0":"post-13427","1":"product","2":"type-product","3":"status-publish","4":"has-post-thumbnail","6":"product_cat-actuators","7":"product_cat-electric-actuator","8":"product_cat-products","9":"product_tag-actuator","10":"product_tag-actuators","11":"product_tag-explosion-proof-actuator","12":"product_tag-explosion-proof-electric-actuator","13":"product_tag-explosion-proof-motorized-actuator","14":"product_tag-motorized-actuator","15":"desktop-align-center","16":"tablet-align-left","17":"mobile-align-left","19":"first","20":"instock","21":"shipping-taxable","22":"product-type-simple"},"_links":{"self":[{"href":"https:\/\/www.delcofluid.com\/de\/wp-json\/wp\/v2\/product\/13427","targetHints":{"allow":["GET"]}}],"collection":[{"href":"https:\/\/www.delcofluid.com\/de\/wp-json\/wp\/v2\/product"}],"about":[{"href":"https:\/\/www.delcofluid.com\/de\/wp-json\/wp\/v2\/types\/product"}],"version-history":[{"count":0,"href":"https:\/\/www.delcofluid.com\/de\/wp-json\/wp\/v2\/product\/13427\/revisions"}],"wp:featuredmedia":[{"embeddable":true,"href":"https:\/\/www.delcofluid.com\/de\/wp-json\/wp\/v2\/media\/13431"}],"wp:attachment":[{"href":"https:\/\/www.delcofluid.com\/de\/wp-json\/wp\/v2\/media?parent=13427"}],"wp:term":[{"taxonomy":"product_brand","embeddable":true,"href":"https:\/\/www.delcofluid.com\/de\/wp-json\/wp\/v2\/product_brand?post=13427"},{"taxonomy":"product_cat","embeddable":true,"href":"https:\/\/www.delcofluid.com\/de\/wp-json\/wp\/v2\/product_cat?post=13427"},{"taxonomy":"product_tag","embeddable":true,"href":"https:\/\/www.delcofluid.com\/de\/wp-json\/wp\/v2\/product_tag?post=13427"}],"curies":[{"name":"wp","href":"https:\/\/api.w.org\/{rel}","templated":true}]}}