{"id":13616,"date":"2025-03-17T08:38:21","date_gmt":"2025-03-17T08:38:21","guid":{"rendered":"https:\/\/www.delcofluid.com\/?post_type=product&#038;p=13616"},"modified":"2025-03-17T08:51:53","modified_gmt":"2025-03-17T08:51:53","slug":"delco-zjhp-thread-connection-pneumatic-control-valves","status":"publish","type":"product","link":"https:\/\/www.delcofluid.com\/de\/produkt\/delco-zjhp-thread-connection-pneumatic-control-valves\/","title":{"rendered":"Pneumatische Steuerventile mit Gewindeanschluss DELCO ZJHP"},"content":{"rendered":"<div data-elementor-type=\"product-post\" data-elementor-id=\"13616\" class=\"elementor elementor-13616\" data-elementor-post-type=\"product\">\n\t\t\t\t<div class=\"elementor-element elementor-element-6f615b3 e-flex e-con-boxed e-con e-parent\" data-id=\"6f615b3\" data-element_type=\"container\" data-e-type=\"container\" data-settings=\"{&quot;ekit_has_onepagescroll_dot&quot;:&quot;yes&quot;}\">\n\t\t\t\t\t<div class=\"e-con-inner\">\n\t\t<div class=\"elementor-element elementor-element-ee97c29 e-flex e-con-boxed e-con e-child\" data-id=\"ee97c29\" data-element_type=\"container\" data-e-type=\"container\" data-settings=\"{&quot;ekit_has_onepagescroll_dot&quot;:&quot;yes&quot;}\">\n\t\t\t\t\t<div class=\"e-con-inner\">\n\t\t\t\t<div class=\"elementor-element elementor-element-c8926d1 elementor-widget elementor-widget-image\" data-id=\"c8926d1\" data-element_type=\"widget\" data-e-type=\"widget\" data-settings=\"{&quot;ekit_we_effect_on&quot;:&quot;none&quot;}\" data-widget_type=\"image.default\">\n\t\t\t\t<div class=\"elementor-widget-container\">\n\t\t\t\t\t\t\t\t\t\t\t\t\t\t\t<img fetchpriority=\"high\" decoding=\"async\" width=\"1024\" height=\"1024\" src=\"https:\/\/www.delcofluid.com\/wp-content\/uploads\/2024\/03\/258-1024x1024.jpg\" class=\"attachment-large size-large wp-image-1819\" alt=\"Control valves\" srcset=\"https:\/\/www.delcofluid.com\/wp-content\/uploads\/2024\/03\/258-1024x1024.jpg 1024w, https:\/\/www.delcofluid.com\/wp-content\/uploads\/2024\/03\/258-300x300.jpg 300w, https:\/\/www.delcofluid.com\/wp-content\/uploads\/2024\/03\/258-scaled-100x100.jpg 100w, https:\/\/www.delcofluid.com\/wp-content\/uploads\/2024\/03\/258-scaled-600x600.jpg 600w, https:\/\/www.delcofluid.com\/wp-content\/uploads\/2024\/03\/258-150x150.jpg 150w, https:\/\/www.delcofluid.com\/wp-content\/uploads\/2024\/03\/258-768x768.jpg 768w, https:\/\/www.delcofluid.com\/wp-content\/uploads\/2024\/03\/258-1536x1536.jpg 1536w, https:\/\/www.delcofluid.com\/wp-content\/uploads\/2024\/03\/258-2048x2048.jpg 2048w\" sizes=\"(max-width: 1024px) 100vw, 1024px\" \/>\t\t\t\t\t\t\t\t\t\t\t\t\t\t\t<\/div>\n\t\t\t\t<\/div>\n\t\t\t\t\t<\/div>\n\t\t\t\t<\/div>\n\t\t<div class=\"elementor-element elementor-element-03d5528 e-con-full e-flex e-con e-child\" data-id=\"03d5528\" data-element_type=\"container\" data-e-type=\"container\" data-settings=\"{&quot;ekit_has_onepagescroll_dot&quot;:&quot;yes&quot;}\">\n\t\t\t\t<div class=\"elementor-element elementor-element-528aa53 elementor-widget elementor-widget-heading\" data-id=\"528aa53\" data-element_type=\"widget\" data-e-type=\"widget\" data-settings=\"{&quot;ekit_we_effect_on&quot;:&quot;none&quot;}\" data-widget_type=\"heading.default\">\n\t\t\t\t<div class=\"elementor-widget-container\">\n\t\t\t\t\t<h2 class=\"elementor-heading-title elementor-size-default\">Beschreibung<\/h2>\t\t\t\t<\/div>\n\t\t\t\t<\/div>\n\t\t\t\t<div class=\"elementor-element elementor-element-206a84f elementor-widget-divider--view-line elementor-widget elementor-widget-divider\" data-id=\"206a84f\" data-element_type=\"widget\" data-e-type=\"widget\" data-settings=\"{&quot;ekit_we_effect_on&quot;:&quot;none&quot;}\" data-widget_type=\"divider.default\">\n\t\t\t\t<div class=\"elementor-widget-container\">\n\t\t\t\t\t\t\t<div class=\"elementor-divider\">\n\t\t\t<span class=\"elementor-divider-separator\">\n\t\t\t\t\t\t<\/span>\n\t\t<\/div>\n\t\t\t\t\t\t<\/div>\n\t\t\t\t<\/div>\n\t\t\t\t<div class=\"elementor-element elementor-element-5f5b360d elementor-widget__width-initial elementor-widget elementor-widget-text-editor\" data-id=\"5f5b360d\" data-element_type=\"widget\" data-e-type=\"widget\" data-settings=\"{&quot;ekit_we_effect_on&quot;:&quot;none&quot;}\" data-widget_type=\"text-editor.default\">\n\t\t\t\t<div class=\"elementor-widget-container\">\n\t\t\t\t\t\t\t\t\t<p>Pneumatische Regelventile nutzen pneumatische Prinzipien zur Regelung des Fl\u00fcssigkeitsflusses und werden h\u00e4ufig durch einen pneumatischen Antrieb mit Druckluft gesteuert. Diese Ventile werden h\u00e4ufig in der industriellen Automatisierung eingesetzt und passen Parameter wie Druck, Durchfluss und Temperatur an die Prozessanforderungen an. Durch die Anpassung der Antriebsposition ver\u00e4ndern sie die Ventil\u00f6ffnungen schnell. Diese Ventile zeichnen sich durch schnelle Reaktion und Genauigkeit aus, sind zuverl\u00e4ssig und ideal f\u00fcr Branchen wie die Chemie-, Erd\u00f6l- und Pharmaindustrie sowie die Fertigung.<\/p>\t\t\t\t\t\t\t\t<\/div>\n\t\t\t\t<\/div>\n\t\t\t\t<div class=\"elementor-element elementor-element-07e413f elementor-widget elementor-widget-text-editor\" data-id=\"07e413f\" data-element_type=\"widget\" data-e-type=\"widget\" data-settings=\"{&quot;ekit_we_effect_on&quot;:&quot;none&quot;}\" data-widget_type=\"text-editor.default\">\n\t\t\t\t<div class=\"elementor-widget-container\">\n\t\t\t\t\t\t\t\t\t<ul><li>Pr\u00e4zise Steuerung: die F\u00e4higkeit, Durchfluss, Druck und Temperatur des fl\u00fcssigen Mediums genau zu regulieren.<\/li><li>Schnelle Reaktion: Mit der F\u00e4higkeit, schnell zu \u00f6ffnen und zu schlie\u00dfen, ist eine sofortige Anpassung m\u00f6glich.<\/li><li>Hohe Stabilit\u00e4t: stabile Konstruktion, niedriger Schwerpunkt, anpassbar an verschiedene Arbeitsbedingungen, mit guter Vibrationsfestigkeit.<\/li><li>Weit verbreitet: Weit verbreitet in Automatisierungssteuerungssystemen in der Chemie-, Erd\u00f6l-, Elektrizit\u00e4ts- und anderen Industrien.<\/li><li>Einfache Installation und Wartung: Einfache Installation und einfache Wartung, es ist eine unverzichtbare Schl\u00fcsselkomponente im industriellen Automatisierungssystem.<\/li><\/ul>\t\t\t\t\t\t\t\t<\/div>\n\t\t\t\t<\/div>\n\t\t\t\t<\/div>\n\t\t\t\t\t<\/div>\n\t\t\t\t<\/div>\n\t\t<div class=\"elementor-element elementor-element-906b3f4 e-flex e-con-boxed e-con e-parent\" data-id=\"906b3f4\" data-element_type=\"container\" data-e-type=\"container\" data-settings=\"{&quot;background_background&quot;:&quot;classic&quot;,&quot;ekit_has_onepagescroll_dot&quot;:&quot;yes&quot;}\">\n\t\t\t\t\t<div class=\"e-con-inner\">\n\t\t\t\t<div class=\"elementor-element elementor-element-1c8b5ce elementor-widget elementor-widget-heading\" data-id=\"1c8b5ce\" data-element_type=\"widget\" data-e-type=\"widget\" data-settings=\"{&quot;ekit_we_effect_on&quot;:&quot;none&quot;}\" data-widget_type=\"heading.default\">\n\t\t\t\t<div class=\"elementor-widget-container\">\n\t\t\t\t\t<h2 class=\"elementor-heading-title elementor-size-default\">Technische Parameter pneumatischer Steuerventile:<\/h2>\t\t\t\t<\/div>\n\t\t\t\t<\/div>\n\t\t\t\t\t<\/div>\n\t\t\t\t<\/div>\n\t\t<div class=\"elementor-element elementor-element-419df0c e-flex e-con-boxed e-con e-parent\" data-id=\"419df0c\" data-element_type=\"container\" data-e-type=\"container\" data-settings=\"{&quot;ekit_has_onepagescroll_dot&quot;:&quot;yes&quot;}\">\n\t\t\t\t\t<div class=\"e-con-inner\">\n\t\t\t\t<div class=\"elementor-element elementor-element-8e45e57 elementor-widget__width-initial elementor-widget elementor-widget-text-editor\" data-id=\"8e45e57\" data-element_type=\"widget\" data-e-type=\"widget\" data-settings=\"{&quot;ekit_we_effect_on&quot;:&quot;none&quot;}\" data-widget_type=\"text-editor.default\">\n\t\t\t\t<div class=\"elementor-widget-container\">\n\t\t\t\t\t\t\t\t\t<table width=\"1025\">\n<tbody>\n<tr>\n<td width=\"205\">Typ<\/td>\n<td width=\"205\">Nenndruck<\/td>\n<td width=\"205\">Struktur<\/td>\n<td width=\"205\">K\u00fchlungsart<\/td>\n<td width=\"205\">Verpackung<\/td>\n<\/tr>\n<tr>\n<td width=\"205\">Einzelsitz, Doppelsitz, \u00c4rmel<\/td>\n<td width=\"205\">PN16, PN25, PN40, PN63<\/td>\n<td width=\"205\">Standardtyp <br>(-20\u2103 ~+200\u2103 )<\/td>\n<td width=\"205\">&nbsp;(-40~450\u2103)<\/td>\n<td width=\"205\">V-Typ PTFE, <br>flexibler Graphit<\/td>\n<\/tr>\n<tr>\n<td width=\"205\">Nenndurchmesser<\/td>\n<td width=\"205\">Verbindung<\/td>\n<td width=\"205\">Material<\/td>\n<td width=\"205\">Niedertemperatur-Typ<\/td>\n<td width=\"205\">Einstellbarer Bereich<\/td>\n<\/tr>\n<tr>\n<td width=\"205\">DN15-DN300<\/td>\n<td width=\"205\">Flansch, Gewinde, Schwei\u00df <br>(Oder anderer vom Kunden angegebener)<\/td>\n<td width=\"205\">Edelstahl oder WCB<\/td>\n<td width=\"205\">(-60\u2103 ~-196\u2103)<\/td>\n<td width=\"205\">50:1<\/td>\n<\/tr>\n<tr>\n<td width=\"205\">Dichtfl\u00e4che<\/td>\n<td width=\"205\">Grundfehler<\/td>\n<td width=\"205\">Zubeh\u00f6r<\/td>\n<td colspan=\"2\" width=\"410\">Leckageklasse<\/td>\n<\/tr>\n<tr>\n<td width=\"205\">PN16 konvexe Oberfl\u00e4che, PN40, PN63<\/td>\n<td width=\"205\">Weniger als voller Hub +-1% (Mit Ortungsger\u00e4t) Weniger als voller Hub<\/td>\n<td width=\"205\">Ortungsger\u00e4t, Luftfilter-\u00dcberdruckventil, Handradvorrichtung, Endschalter, Magnetventil, Sperrventil und andere.<\/td>\n<td width=\"205\">Metalldichtung: Weniger als 0,01 (ANSI B16.104-1976IV)<\/td>\n<td width=\"205\">Weiche Dichtung: Weniger als 0,00001%<\/td>\n<\/tr>\n<\/tbody>\n<\/table>\t\t\t\t\t\t\t\t<\/div>\n\t\t\t\t<\/div>\n\t\t\t\t\t<\/div>\n\t\t\t\t<\/div>\n\t\t<div class=\"elementor-element elementor-element-9724999 e-flex e-con-boxed e-con e-parent\" data-id=\"9724999\" data-element_type=\"container\" data-e-type=\"container\" data-settings=\"{&quot;ekit_has_onepagescroll_dot&quot;:&quot;yes&quot;}\">\n\t\t\t\t\t<div class=\"e-con-inner\">\n\t\t\t\t<div class=\"elementor-element elementor-element-e78f3c2 elementor-widget elementor-widget-text-editor\" data-id=\"e78f3c2\" data-element_type=\"widget\" data-e-type=\"widget\" data-settings=\"{&quot;ekit_we_effect_on&quot;:&quot;none&quot;}\" data-widget_type=\"text-editor.default\">\n\t\t\t\t<div class=\"elementor-widget-container\">\n\t\t\t\t\t\t\t\t\t<p><strong><span style=\"color: #000000\">Ventilkomponenten:<\/span> <\/strong>Einsitziger Kolbenkerntyp, 304, 316+ SLT-Kernsitz mit gleichprozentigen, linearen, schnell \u00f6ffnenden niedrigen Eigenschaften.<br \/><strong><span style=\"color: #000000\">Ventilantrieb:<\/span><\/strong> Membranantrieb mit mehreren Federn in direkter und umgekehrter Wirkung. Membranmaterial aus Polyestergewebe mit NBR-Gummiverst\u00e4rkung. Federbereich 20\u2013100 kPa, 40\u2013200 kPa, 80\u2013240 kPa. Versorgungsdruck von 0,4\u20130,5 MPa.<br \/><strong><span style=\"color: #000000\">Aktionstyp:<\/span> <\/strong>Luft zum Schlie\u00dfen von FO (mit direkt wirkendem Antrieb), bei Ausfall der Luftzufuhr \u00f6ffnet der Antrieb das Ventil durch Federkraft; Luft zum \u00d6ffnen von FC (mit umgekehrt wirkendem Antrieb) Bei Ausfall der Luftzufuhr schlie\u00dft der Antrieb das Ventil durch Federkraft. Linear, gleichprozentig, schnelles \u00d6ffnen.<\/p>\t\t\t\t\t\t\t\t<\/div>\n\t\t\t\t<\/div>\n\t\t\t\t\t<\/div>\n\t\t\t\t<\/div>\n\t\t<div class=\"elementor-element elementor-element-5f97730 e-flex e-con-boxed e-con e-parent\" data-id=\"5f97730\" data-element_type=\"container\" data-e-type=\"container\" data-settings=\"{&quot;ekit_has_onepagescroll_dot&quot;:&quot;yes&quot;}\">\n\t\t\t\t\t<div class=\"e-con-inner\">\n\t\t\t\t<div class=\"elementor-element elementor-element-06cbc42 elementor-widget elementor-widget-heading\" data-id=\"06cbc42\" data-element_type=\"widget\" data-e-type=\"widget\" data-settings=\"{&quot;ekit_we_effect_on&quot;:&quot;none&quot;}\" data-widget_type=\"heading.default\">\n\t\t\t\t<div class=\"elementor-widget-container\">\n\t\t\t\t\t<h2 class=\"elementor-heading-title elementor-size-default\">Auswahl der richtigen Regelventile<\/h2>\t\t\t\t<\/div>\n\t\t\t\t<\/div>\n\t\t\t\t<div class=\"elementor-element elementor-element-ee01192 elementor-widget elementor-widget-text-editor\" data-id=\"ee01192\" data-element_type=\"widget\" data-e-type=\"widget\" data-settings=\"{&quot;ekit_we_effect_on&quot;:&quot;none&quot;}\" data-widget_type=\"text-editor.default\">\n\t\t\t\t<div class=\"elementor-widget-container\">\n\t\t\t\t\t\t\t\t\t<p>Ber\u00fccksichtigen Sie bei der Auswahl eines Regelventils die folgenden Faktoren:<\/p>\t\t\t\t\t\t\t\t<\/div>\n\t\t\t\t<\/div>\n\t\t\t\t<div class=\"elementor-element elementor-element-3f366c3 elementor-widget elementor-widget-text-editor\" data-id=\"3f366c3\" data-element_type=\"widget\" data-e-type=\"widget\" data-settings=\"{&quot;ekit_we_effect_on&quot;:&quot;none&quot;}\" data-widget_type=\"text-editor.default\">\n\t\t\t\t<div class=\"elementor-widget-container\">\n\t\t\t\t\t\t\t\t\t<p><span style=\"color: #1b6dc1\"><strong>Durchflussanforderungen:<\/strong><\/span> Bewerten Sie die f\u00fcr die jeweilige Anwendung erforderlichen Durchflusseigenschaften.<br \/>Durchflusseigenschaften: Ber\u00fccksichtigen Sie die Eigenschaften der Fl\u00fcssigkeit, wie Viskosit\u00e4t, Druck und Temperatur, um ein Ventil auszuw\u00e4hlen, das den spezifischen Bedingungen gerecht wird.<br \/><strong><span style=\"color: #1b6dc1\">Ventilgr\u00f6\u00dfe:<\/span><\/strong> W\u00e4hlen Sie eine Ventilgr\u00f6\u00dfe, die zur Rohrleitungsgr\u00f6\u00dfe passt und die erforderliche Durchflusskapazit\u00e4t bietet.<br \/><strong><span style=\"color: #1b6dc1\">Antriebstyp:<\/span><\/strong> Entscheiden Sie sich je nach Systemanforderungen und verf\u00fcgbaren Ressourcen zwischen manueller, elektrischer, pneumatischer oder hydraulischer Bet\u00e4tigung. W\u00e4hlen Sie einen Aktuator, der ausreichend Kraft bietet und die gew\u00fcnschten Steuerungsanforderungen erf\u00fcllt.<br \/><strong><span style=\"color: #1b6dc1\">Materialvertr\u00e4glichkeit:<\/span><\/strong> Stellen Sie sicher, dass die Ventilmaterialien mit der zu handhabenden Fl\u00fcssigkeit kompatibel sind, um Korrosion oder andere Sch\u00e4den zu vermeiden.<br \/><strong><span style=\"color: #1b6dc1\">Regulatorische Anforderungen:<\/span><\/strong> Halten Sie branchenspezifische Vorschriften und Normen ein, um einen sicheren und effizienten Betrieb zu gew\u00e4hrleisten.<br \/><strong><span style=\"color: #1b6dc1\">L\u00e4rm und Vibrationen:<\/span> <\/strong>Option f\u00fcr ein Ventildesign, das L\u00e4rm und Vibrationen minimiert und so f\u00fcr einen sichereren, zuverl\u00e4ssigeren Betrieb sorgt.<\/p>\t\t\t\t\t\t\t\t<\/div>\n\t\t\t\t<\/div>\n\t\t<div class=\"elementor-element elementor-element-7168efe e-grid e-con-full e-con e-child\" data-id=\"7168efe\" data-element_type=\"container\" data-e-type=\"container\" data-settings=\"{&quot;ekit_has_onepagescroll_dot&quot;:&quot;yes&quot;}\">\n\t\t\t\t<div class=\"elementor-element elementor-element-6b08939 elementor-widget elementor-widget-image\" data-id=\"6b08939\" data-element_type=\"widget\" data-e-type=\"widget\" data-settings=\"{&quot;ekit_we_effect_on&quot;:&quot;none&quot;}\" data-widget_type=\"image.default\">\n\t\t\t\t<div class=\"elementor-widget-container\">\n\t\t\t\t\t\t\t\t\t\t\t\t\t\t\t<img decoding=\"async\" width=\"800\" height=\"800\" src=\"https:\/\/www.delcofluid.com\/wp-content\/uploads\/2025\/03\/\u8c03\u8282\u96001.png\" class=\"attachment-large size-large wp-image-13623\" alt=\"DELCO ZJHP Thread Connection Pneumatic Control Valves0317\" srcset=\"https:\/\/www.delcofluid.com\/wp-content\/uploads\/2025\/03\/\u8c03\u8282\u96001.png 800w, https:\/\/www.delcofluid.com\/wp-content\/uploads\/2025\/03\/\u8c03\u8282\u96001-300x300.png 300w, https:\/\/www.delcofluid.com\/wp-content\/uploads\/2025\/03\/\u8c03\u8282\u96001-150x150.png 150w, https:\/\/www.delcofluid.com\/wp-content\/uploads\/2025\/03\/\u8c03\u8282\u96001-768x768.png 768w, https:\/\/www.delcofluid.com\/wp-content\/uploads\/2025\/03\/\u8c03\u8282\u96001-12x12.png 12w, https:\/\/www.delcofluid.com\/wp-content\/uploads\/2025\/03\/\u8c03\u8282\u96001-600x600.png 600w, https:\/\/www.delcofluid.com\/wp-content\/uploads\/2025\/03\/\u8c03\u8282\u96001-100x100.png 100w\" sizes=\"(max-width: 800px) 100vw, 800px\" \/>\t\t\t\t\t\t\t\t\t\t\t\t\t\t\t<\/div>\n\t\t\t\t<\/div>\n\t\t\t\t<div class=\"elementor-element elementor-element-a54dc95 elementor-widget elementor-widget-image\" data-id=\"a54dc95\" data-element_type=\"widget\" data-e-type=\"widget\" data-settings=\"{&quot;ekit_we_effect_on&quot;:&quot;none&quot;}\" data-widget_type=\"image.default\">\n\t\t\t\t<div class=\"elementor-widget-container\">\n\t\t\t\t\t\t\t\t\t\t\t\t\t\t\t<img decoding=\"async\" width=\"800\" height=\"800\" src=\"https:\/\/www.delcofluid.com\/wp-content\/uploads\/2025\/03\/\u8c03\u8282\u96002.png\" class=\"attachment-large size-large wp-image-13624\" alt=\"DELCO ZJHP Thread Connection Pneumatic Control Valves0317\" srcset=\"https:\/\/www.delcofluid.com\/wp-content\/uploads\/2025\/03\/\u8c03\u8282\u96002.png 800w, https:\/\/www.delcofluid.com\/wp-content\/uploads\/2025\/03\/\u8c03\u8282\u96002-300x300.png 300w, https:\/\/www.delcofluid.com\/wp-content\/uploads\/2025\/03\/\u8c03\u8282\u96002-150x150.png 150w, https:\/\/www.delcofluid.com\/wp-content\/uploads\/2025\/03\/\u8c03\u8282\u96002-768x768.png 768w, https:\/\/www.delcofluid.com\/wp-content\/uploads\/2025\/03\/\u8c03\u8282\u96002-12x12.png 12w, https:\/\/www.delcofluid.com\/wp-content\/uploads\/2025\/03\/\u8c03\u8282\u96002-600x600.png 600w, https:\/\/www.delcofluid.com\/wp-content\/uploads\/2025\/03\/\u8c03\u8282\u96002-100x100.png 100w\" sizes=\"(max-width: 800px) 100vw, 800px\" \/>\t\t\t\t\t\t\t\t\t\t\t\t\t\t\t<\/div>\n\t\t\t\t<\/div>\n\t\t\t\t<div class=\"elementor-element elementor-element-b1edf1b elementor-widget elementor-widget-image\" data-id=\"b1edf1b\" data-element_type=\"widget\" data-e-type=\"widget\" data-settings=\"{&quot;ekit_we_effect_on&quot;:&quot;none&quot;}\" data-widget_type=\"image.default\">\n\t\t\t\t<div class=\"elementor-widget-container\">\n\t\t\t\t\t\t\t\t\t\t\t\t\t\t\t<img loading=\"lazy\" decoding=\"async\" width=\"800\" height=\"800\" src=\"https:\/\/www.delcofluid.com\/wp-content\/uploads\/2025\/03\/\u8c03\u8282\u96003.png\" class=\"attachment-large size-large wp-image-13625\" alt=\"DELCO ZJHP Thread Connection Pneumatic Control Valves0317\" srcset=\"https:\/\/www.delcofluid.com\/wp-content\/uploads\/2025\/03\/\u8c03\u8282\u96003.png 800w, https:\/\/www.delcofluid.com\/wp-content\/uploads\/2025\/03\/\u8c03\u8282\u96003-300x300.png 300w, https:\/\/www.delcofluid.com\/wp-content\/uploads\/2025\/03\/\u8c03\u8282\u96003-150x150.png 150w, https:\/\/www.delcofluid.com\/wp-content\/uploads\/2025\/03\/\u8c03\u8282\u96003-768x768.png 768w, https:\/\/www.delcofluid.com\/wp-content\/uploads\/2025\/03\/\u8c03\u8282\u96003-12x12.png 12w, https:\/\/www.delcofluid.com\/wp-content\/uploads\/2025\/03\/\u8c03\u8282\u96003-600x600.png 600w, https:\/\/www.delcofluid.com\/wp-content\/uploads\/2025\/03\/\u8c03\u8282\u96003-100x100.png 100w\" sizes=\"(max-width: 800px) 100vw, 800px\" \/>\t\t\t\t\t\t\t\t\t\t\t\t\t\t\t<\/div>\n\t\t\t\t<\/div>\n\t\t\t\t<div class=\"elementor-element elementor-element-727d670 elementor-widget elementor-widget-image\" data-id=\"727d670\" data-element_type=\"widget\" data-e-type=\"widget\" data-settings=\"{&quot;ekit_we_effect_on&quot;:&quot;none&quot;}\" data-widget_type=\"image.default\">\n\t\t\t\t<div class=\"elementor-widget-container\">\n\t\t\t\t\t\t\t\t\t\t\t\t\t\t\t<img loading=\"lazy\" decoding=\"async\" width=\"800\" height=\"800\" src=\"https:\/\/www.delcofluid.com\/wp-content\/uploads\/2025\/03\/\u8c03\u8282\u96004.png\" class=\"attachment-large size-large wp-image-13626\" alt=\"DELCO ZJHP Thread Connection Pneumatic Control Valves0317\" srcset=\"https:\/\/www.delcofluid.com\/wp-content\/uploads\/2025\/03\/\u8c03\u8282\u96004.png 800w, https:\/\/www.delcofluid.com\/wp-content\/uploads\/2025\/03\/\u8c03\u8282\u96004-300x300.png 300w, https:\/\/www.delcofluid.com\/wp-content\/uploads\/2025\/03\/\u8c03\u8282\u96004-150x150.png 150w, https:\/\/www.delcofluid.com\/wp-content\/uploads\/2025\/03\/\u8c03\u8282\u96004-768x768.png 768w, https:\/\/www.delcofluid.com\/wp-content\/uploads\/2025\/03\/\u8c03\u8282\u96004-12x12.png 12w, https:\/\/www.delcofluid.com\/wp-content\/uploads\/2025\/03\/\u8c03\u8282\u96004-600x600.png 600w, https:\/\/www.delcofluid.com\/wp-content\/uploads\/2025\/03\/\u8c03\u8282\u96004-100x100.png 100w\" sizes=\"(max-width: 800px) 100vw, 800px\" \/>\t\t\t\t\t\t\t\t\t\t\t\t\t\t\t<\/div>\n\t\t\t\t<\/div>\n\t\t\t\t<\/div>\n\t\t\t\t\t<\/div>\n\t\t\t\t<\/div>\n\t\t\t\t<\/div>","protected":false},"excerpt":{"rendered":"<p>Pneumatische Steuerventile sind wichtige Komponenten in der industriellen Automatisierung, da sie den Fl\u00fcssigkeitsfluss mithilfe pneumatischer Antriebe regulieren.<\/p>\n<p>Pneumatische Regelventile werden h\u00e4ufig in automatisierten Produktionssteuerungssystemen verschiedener Branchen wie der Chemie-, Erd\u00f6l-, Energie- und Metallurgieindustrie eingesetzt. Ihr Design mit niedrigem Schwerpunkt sorgt f\u00fcr hervorragende Stabilit\u00e4t; die hohe Vibrationsfestigkeit gew\u00e4hrleistet einen zuverl\u00e4ssigen Betrieb auch unter rauen Bedingungen. Einfache Installation und Wartung machen pneumatische Regelventile zu einer Schl\u00fcsselkomponente industrieller Automatisierungssteuerungssysteme.<\/p>\n<p>DELCO Valve ist spezialisiert auf die Bereitstellung hochwertiger pneumatischer Regelventile zu wettbewerbsf\u00e4higen Preisen, garantiert p\u00fcnktliche Lieferung und bietet umfassenden Kundendienst. Unsere Produkte zeichnen sich nicht nur durch hohe Zuverl\u00e4ssigkeit und stabile Leistung aus, sondern erf\u00fcllen auch die Anforderungen an pr\u00e4zise Steuerung in verschiedenen industriellen Anwendungen.<\/p>\n<p>Modell: Pneumatisches Steuerventil<br \/>\nGr\u00f6\u00dfenbereich: 1\/2\u201d~12\u2032<br \/>\nDruckbereich: 1,6 ~ 6,4 MPa<br \/>\nMaterial: Edelstahl 304, 316, 316L oder WCB<\/p>","protected":false},"featured_media":13620,"template":"","meta":{"site-sidebar-layout":"default","site-content-layout":"","ast-site-content-layout":"default","site-content-style":"default","site-sidebar-style":"default","ast-global-header-display":"","ast-banner-title-visibility":"","ast-main-header-display":"","ast-hfb-above-header-display":"","ast-hfb-below-header-display":"","ast-hfb-mobile-header-display":"","site-post-title":"","ast-breadcrumbs-content":"","ast-featured-img":"","footer-sml-layout":"","ast-disable-related-posts":"","theme-transparent-header-meta":"default","adv-header-id-meta":"","stick-header-meta":"","header-above-stick-meta":"","header-main-stick-meta":"","header-below-stick-meta":"","astra-migrate-meta-layouts":"set","ast-page-background-enabled":"default","ast-page-background-meta":{"desktop":{"background-color":"var(--ast-global-color-4)","background-image":"","background-repeat":"repeat","background-position":"center center","background-size":"auto","background-attachment":"scroll","background-type":"","background-media":"","overlay-type":"","overlay-color":"","overlay-opacity":"","overlay-gradient":""},"tablet":{"background-color":"","background-image":"","background-repeat":"repeat","background-position":"center center","background-size":"auto","background-attachment":"scroll","background-type":"","background-media":"","overlay-type":"","overlay-color":"","overlay-opacity":"","overlay-gradient":""},"mobile":{"background-color":"","background-image":"","background-repeat":"repeat","background-position":"center center","background-size":"auto","background-attachment":"scroll","background-type":"","background-media":"","overlay-type":"","overlay-color":"","overlay-opacity":"","overlay-gradient":""}},"ast-content-background-meta":{"desktop":{"background-color":"var(--ast-global-color-5)","background-image":"","background-repeat":"repeat","background-position":"center center","background-size":"auto","background-attachment":"scroll","background-type":"","background-media":"","overlay-type":"","overlay-color":"","overlay-opacity":"","overlay-gradient":""},"tablet":{"background-color":"var(--ast-global-color-5)","background-image":"","background-repeat":"repeat","background-position":"center center","background-size":"auto","background-attachment":"scroll","background-type":"","background-media":"","overlay-type":"","overlay-color":"","overlay-opacity":"","overlay-gradient":""},"mobile":{"background-color":"var(--ast-global-color-5)","background-image":"","background-repeat":"repeat","background-position":"center center","background-size":"auto","background-attachment":"scroll","background-type":"","background-media":"","overlay-type":"","overlay-color":"","overlay-opacity":"","overlay-gradient":""}}},"product_brand":[],"product_cat":[36,255,33],"product_tag":[55,59,54,87,56],"class_list":{"0":"post-13616","1":"product","2":"type-product","3":"status-publish","4":"has-post-thumbnail","6":"product_cat-control-valves","7":"product_cat-pneumatic-control-valve","8":"product_cat-products","9":"product_tag-control-valve","10":"product_tag-control-valves","11":"product_tag-pneumatic-control-valve","12":"product_tag-pneumatic-control-valves","13":"product_tag-valves","14":"desktop-align-center","15":"tablet-align-left","16":"mobile-align-left","18":"first","19":"instock","20":"shipping-taxable","21":"product-type-simple"},"_links":{"self":[{"href":"https:\/\/www.delcofluid.com\/de\/wp-json\/wp\/v2\/product\/13616","targetHints":{"allow":["GET"]}}],"collection":[{"href":"https:\/\/www.delcofluid.com\/de\/wp-json\/wp\/v2\/product"}],"about":[{"href":"https:\/\/www.delcofluid.com\/de\/wp-json\/wp\/v2\/types\/product"}],"version-history":[{"count":0,"href":"https:\/\/www.delcofluid.com\/de\/wp-json\/wp\/v2\/product\/13616\/revisions"}],"wp:featuredmedia":[{"embeddable":true,"href":"https:\/\/www.delcofluid.com\/de\/wp-json\/wp\/v2\/media\/13620"}],"wp:attachment":[{"href":"https:\/\/www.delcofluid.com\/de\/wp-json\/wp\/v2\/media?parent=13616"}],"wp:term":[{"taxonomy":"product_brand","embeddable":true,"href":"https:\/\/www.delcofluid.com\/de\/wp-json\/wp\/v2\/product_brand?post=13616"},{"taxonomy":"product_cat","embeddable":true,"href":"https:\/\/www.delcofluid.com\/de\/wp-json\/wp\/v2\/product_cat?post=13616"},{"taxonomy":"product_tag","embeddable":true,"href":"https:\/\/www.delcofluid.com\/de\/wp-json\/wp\/v2\/product_tag?post=13616"}],"curies":[{"name":"wp","href":"https:\/\/api.w.org\/{rel}","templated":true}]}}