{"id":1466,"date":"2024-03-13T08:44:00","date_gmt":"2024-03-13T08:44:00","guid":{"rendered":"https:\/\/www.delcofluid.com\/?post_type=product&#038;p=1466"},"modified":"2024-08-13T09:33:55","modified_gmt":"2024-08-13T08:33:55","slug":"3-way-pneumatics-control-valves","status":"publish","type":"product","link":"https:\/\/www.delcofluid.com\/de\/produkt\/3-way-pneumatics-control-valves\/","title":{"rendered":"DELCO 3-Wege-Pneumatik-Steuerventile-ZMAQ"},"content":{"rendered":"<div data-elementor-type=\"product-post\" data-elementor-id=\"1466\" class=\"elementor elementor-1466\" data-elementor-post-type=\"product\">\n\t\t\t\t<div class=\"elementor-element elementor-element-6fb59a60 e-flex e-con-boxed e-con e-parent\" data-id=\"6fb59a60\" data-element_type=\"container\" data-e-type=\"container\" data-settings=\"{&quot;ekit_has_onepagescroll_dot&quot;:&quot;yes&quot;}\">\n\t\t\t\t\t<div class=\"e-con-inner\">\n\t\t<div class=\"elementor-element elementor-element-b2e102c e-con-full e-flex e-con e-child\" data-id=\"b2e102c\" data-element_type=\"container\" data-e-type=\"container\" data-settings=\"{&quot;ekit_has_onepagescroll_dot&quot;:&quot;yes&quot;}\">\n\t\t\t\t<div class=\"elementor-element elementor-element-4c3cf80 elementor-widget elementor-widget-heading\" data-id=\"4c3cf80\" data-element_type=\"widget\" data-e-type=\"widget\" data-settings=\"{&quot;ekit_we_effect_on&quot;:&quot;none&quot;}\" data-widget_type=\"heading.default\">\n\t\t\t\t<div class=\"elementor-widget-container\">\n\t\t\t\t\t<h2 class=\"elementor-heading-title elementor-size-default\">Beschreibung<\/h2>\t\t\t\t<\/div>\n\t\t\t\t<\/div>\n\t\t\t\t<div class=\"elementor-element elementor-element-1af4cc68 elementor-widget__width-initial elementor-widget elementor-widget-text-editor\" data-id=\"1af4cc68\" data-element_type=\"widget\" data-e-type=\"widget\" data-settings=\"{&quot;ekit_we_effect_on&quot;:&quot;none&quot;}\" data-widget_type=\"text-editor.default\">\n\t\t\t\t<div class=\"elementor-widget-container\">\n\t\t\t\t\t\t\t\t\tDas pneumatische Dreiwegeventil ist ein Ventil, das von einem pneumatischen Antrieb gesteuert wird, um den Fl\u00fcssigkeitsfluss in drei verschiedene Richtungen zu regeln. Dieses Ventil wird h\u00e4ufig in Systemen verwendet, bei denen die Str\u00f6mungsrichtung gewechselt oder verschiedene Medien gemischt werden m\u00fcssen. Durch Einstellen der Position des pneumatischen Antriebs wird die \u00d6ffnung des Ventils gesteuert, wodurch der Fl\u00fcssigkeitsfluss und die Fl\u00fcssigkeitsrichtung pr\u00e4zise geregelt werden k\u00f6nnen. Pneumatische Dreiwegeventile finden in der industriellen Automatisierung breite Anwendung, insbesondere in Szenarien, die eine flexible Steuerung erfordern, wie z. B. in der Fertigung, bei chemischen Prozessen und in HLK-Systemen. Mit ihrer hohen Zuverl\u00e4ssigkeit und schnellen Reaktion bieten sie eine effiziente Steuerungsl\u00f6sung f\u00fcr komplexe Fl\u00fcssigkeitssysteme.\t\t\t\t\t\t\t\t<\/div>\n\t\t\t\t<\/div>\n\t\t\t\t<\/div>\n\t\t\t\t<div class=\"elementor-element elementor-element-8e57110 elementor-widget elementor-widget-image\" data-id=\"8e57110\" data-element_type=\"widget\" data-e-type=\"widget\" data-settings=\"{&quot;ekit_we_effect_on&quot;:&quot;none&quot;}\" data-widget_type=\"image.default\">\n\t\t\t\t<div class=\"elementor-widget-container\">\n\t\t\t\t\t\t\t\t\t\t\t\t\t\t\t<img fetchpriority=\"high\" decoding=\"async\" width=\"1024\" height=\"1024\" src=\"https:\/\/www.delcofluid.com\/wp-content\/uploads\/2024\/03\/1-1-1024x1024.jpg\" class=\"attachment-large size-large wp-image-1796\" alt=\"DELCO 3 Way Pneumatics Control Valves\" srcset=\"https:\/\/www.delcofluid.com\/wp-content\/uploads\/2024\/03\/1-1-1024x1024.jpg 1024w, https:\/\/www.delcofluid.com\/wp-content\/uploads\/2024\/03\/1-1-300x300.jpg 300w, https:\/\/www.delcofluid.com\/wp-content\/uploads\/2024\/03\/1-1-100x100.jpg 100w, https:\/\/www.delcofluid.com\/wp-content\/uploads\/2024\/03\/1-1-600x600.jpg 600w, https:\/\/www.delcofluid.com\/wp-content\/uploads\/2024\/03\/1-1-150x150.jpg 150w, https:\/\/www.delcofluid.com\/wp-content\/uploads\/2024\/03\/1-1-768x768.jpg 768w, https:\/\/www.delcofluid.com\/wp-content\/uploads\/2024\/03\/1-1.jpg 1500w\" sizes=\"(max-width: 1024px) 100vw, 1024px\" \/>\t\t\t\t\t\t\t\t\t\t\t\t\t\t\t<\/div>\n\t\t\t\t<\/div>\n\t\t\t\t\t<\/div>\n\t\t\t\t<\/div>\n\t\t<div class=\"elementor-element elementor-element-a55eeda e-flex e-con-boxed e-con e-parent\" data-id=\"a55eeda\" data-element_type=\"container\" data-e-type=\"container\" data-settings=\"{&quot;background_background&quot;:&quot;classic&quot;,&quot;ekit_has_onepagescroll_dot&quot;:&quot;yes&quot;}\">\n\t\t\t\t\t<div class=\"e-con-inner\">\n\t\t\t\t<div class=\"elementor-element elementor-element-585e9d9 elementor-widget elementor-widget-heading\" data-id=\"585e9d9\" data-element_type=\"widget\" data-e-type=\"widget\" data-settings=\"{&quot;ekit_we_effect_on&quot;:&quot;none&quot;}\" data-widget_type=\"heading.default\">\n\t\t\t\t<div class=\"elementor-widget-container\">\n\t\t\t\t\t<h2 class=\"elementor-heading-title elementor-size-default\">Einf\u00fchrung in pneumatische Steuerventile:<\/h2>\t\t\t\t<\/div>\n\t\t\t\t<\/div>\n\t\t\t\t\t<\/div>\n\t\t\t\t<\/div>\n\t\t<div class=\"elementor-element elementor-element-74c72de e-con-full e-flex e-con e-parent\" data-id=\"74c72de\" data-element_type=\"container\" data-e-type=\"container\" data-settings=\"{&quot;ekit_has_onepagescroll_dot&quot;:&quot;yes&quot;}\">\n\t\t\t\t<div class=\"elementor-element elementor-element-41da561 elementor-widget__width-initial elementor-widget elementor-widget-text-editor\" data-id=\"41da561\" data-element_type=\"widget\" data-e-type=\"widget\" data-settings=\"{&quot;ekit_we_effect_on&quot;:&quot;none&quot;}\" data-widget_type=\"text-editor.default\">\n\t\t\t\t<div class=\"elementor-widget-container\">\n\t\t\t\t\t\t\t\t\t<table width=\"288\">\n<tbody>\n<tr>\n<td width=\"72\">Typ<\/td>\n<td width=\"72\">Einsitzig, Doppelsitzig, \u00c4rmel<\/td>\n<td width=\"72\">Nenndurchmesser<\/td>\n<td width=\"72\">DN15-DN300<\/td>\n<\/tr>\n<tr>\n<td width=\"72\">Nenndruck<\/td>\n<td width=\"72\">PN16 bis PN64<\/td>\n<td width=\"72\">Verbindung<\/td>\n<td width=\"72\">Flansch, Gewinde, Schwei\u00dfnaht (oder andere vom Kunden angegebene)<\/td>\n<\/tr>\n<tr>\n<td width=\"72\">Struktur<\/td>\n<td width=\"72\">Standardtyp (-20\u2103 ~+200\u2103)<\/td>\n<td width=\"72\">Material<\/td>\n<td width=\"72\">304, 316, 316L, WCB,<\/td>\n<\/tr>\n<tr>\n<td width=\"72\">K\u00fchlungsart<\/td>\n<td width=\"72\">&nbsp;(-40~450\u2103)<\/td>\n<td width=\"72\">Niedertemperatur-Typ<\/td>\n<td width=\"72\">(-60\u2103 ~-196\u2103)<\/td>\n<\/tr>\n<tr>\n<td width=\"72\">Verpackung<\/td>\n<td width=\"72\">V-Typ PTFE, flexibler Graphit<\/td>\n<td width=\"72\">Einstellbarer Bereich<\/td>\n<td width=\"72\">50:01:00<\/td>\n<\/tr>\n<\/tbody>\n<\/table>\t\t\t\t\t\t\t\t<\/div>\n\t\t\t\t<\/div>\n\t\t\t\t<\/div>\n\t\t<div class=\"elementor-element elementor-element-daef6c8 e-flex e-con-boxed e-con e-parent\" data-id=\"daef6c8\" data-element_type=\"container\" data-e-type=\"container\" data-settings=\"{&quot;ekit_has_onepagescroll_dot&quot;:&quot;yes&quot;}\">\n\t\t\t\t\t<div class=\"e-con-inner\">\n\t\t\t\t<div class=\"elementor-element elementor-element-52ddb61 elementor-widget elementor-widget-heading\" data-id=\"52ddb61\" data-element_type=\"widget\" data-e-type=\"widget\" data-settings=\"{&quot;ekit_we_effect_on&quot;:&quot;none&quot;}\" data-widget_type=\"heading.default\">\n\t\t\t\t<div class=\"elementor-widget-container\">\n\t\t\t\t\t<h2 class=\"elementor-heading-title elementor-size-default\">Installation und Wartung pneumatischer 3-Wege-Steuerventile<\/h2>\t\t\t\t<\/div>\n\t\t\t\t<\/div>\n\t\t\t\t<div class=\"elementor-element elementor-element-da5701e elementor-widget__width-initial elementor-widget elementor-widget-text-editor\" data-id=\"da5701e\" data-element_type=\"widget\" data-e-type=\"widget\" data-settings=\"{&quot;ekit_we_effect_on&quot;:&quot;none&quot;}\" data-widget_type=\"text-editor.default\">\n\t\t\t\t<div class=\"elementor-widget-container\">\n\t\t\t\t\t\t\t\t\t<p>Wichtige \u00dcberlegungen zur Installation pneumatischer 3-Wege-Regelventile umfassen Handhabung, Anlagenbedingungen, Rohrleitungskonfiguration, Markierungen und Ger\u00e4uschaspekte.<\/p>\t\t\t\t\t\t\t\t<\/div>\n\t\t\t\t<\/div>\n\t\t\t\t<div class=\"elementor-element elementor-element-e1e5066 elementor-widget__width-initial elementor-widget elementor-widget-text-editor\" data-id=\"e1e5066\" data-element_type=\"widget\" data-e-type=\"widget\" data-settings=\"{&quot;ekit_we_effect_on&quot;:&quot;none&quot;}\" data-widget_type=\"text-editor.default\">\n\t\t\t\t<div class=\"elementor-widget-container\">\n\t\t\t\t\t\t\t\t\t<p>\u00a0<\/p><p><strong><span style=\"color: #000000\">Sitzdichtheit eines pneumatischen 3-Wege-Steuerventils<\/span><\/strong><br \/>Die Dichtheit des Sitzes eines pneumatischen 3-Wege-Steuerventils ist bei Auswahl und Einbau von entscheidender Bedeutung. Unzureichende Dichtheit kann zu Fl\u00fcssigkeitsverlust und Verschlechterung der Dichtfl\u00e4chen f\u00fchren, was zu einem vorzeitigen Ventilausfall f\u00fchrt.<br \/>Die Sitzdichtheit wird von drei Hauptfaktoren beeinflusst: den Ventileigenschaften, der Installationsmethode und der Ventilbetrieb.<\/p><p><strong><span style=\"color: #000000\">Eigenschaften des Ventils<\/span><\/strong><br \/>F\u00fcr eine zufriedenstellende Absperrung eines Ventils mit Metallsitz sind flache Dichtfl\u00e4chen mit hervorragender Oberfl\u00e4cheng\u00fcte unerl\u00e4sslich. Die Scheibe sollte sich auf dem Schaft ohne \u00fcberm\u00e4\u00dfige Reibung durch die F\u00fchrung bewegen k\u00f6nnen. F\u00fcr eine akzeptable Absperrung ist in der Regel eine Oberfl\u00e4cheng\u00fcte von 0,5 \u03bcm und eine Ebenheit von zwei optischen Lichtb\u00e4ndern erforderlich. Eine hohe Verschlei\u00dffestigkeit der Pass- und Dichtfl\u00e4chen verl\u00e4ngert die Lebensdauer des Ventils.<br \/>Im Gegensatz zu herk\u00f6mmlichen Absperrventilen ist die auf die Scheibe wirkende Schlie\u00dfkraft eines pneumatischen 3-Wege-Steuerventils aufgrund des minimalen Druckunterschieds relativ gering. Elastische Dichtungen k\u00f6nnen die Absperrung verbessern, sind jedoch im Vergleich zu Metallsitzen anf\u00e4lliger f\u00fcr Besch\u00e4digungen.<\/p><p><strong><span style=\"color: #000000\">Ventilinstallation<\/span><\/strong><br \/>Beim Einbau kann es beim ersten Anheben des Ventils aufgrund von Schmutz und Ablagerungen im System zu Sch\u00e4den am Ventilsitz kommen. Das Sp\u00fclen des Systems vor dem Einbau und die Montage des Ventils an einem schmutzfreien Ort helfen, das Eindringen von Fremdk\u00f6rpern zu verhindern.<\/p><p>\u00a0<\/p>\t\t\t\t\t\t\t\t<\/div>\n\t\t\t\t<\/div>\n\t\t\t\t\t<\/div>\n\t\t\t\t<\/div>\n\t\t\t\t<\/div>","protected":false},"excerpt":{"rendered":"<p>Pneumatische 3-Wege-Steuerventile bestehen aus drei Anschl\u00fcssen, die durch Durchg\u00e4nge innerhalb eines Ventilk\u00f6rpers verbunden sind. Die Ventile beaufschlagen und entl\u00fcften einen Auslassanschluss, um einen einfachwirkenden Zylinder zu steuern oder ein anderes Ventil zu steuern. Sie eignen sich f\u00fcr die industrielle Automatisierung und bieten eine effiziente L\u00f6sung zur Fl\u00fcssigkeitssteuerung.<br \/>\nSie werden h\u00e4ufig f\u00fcr automatische Produktionskontrollsysteme in der Industrie eingesetzt, unter anderem in der Chemie-, Erd\u00f6l- und Leichtindustrie, in Kraftwerken und in der Metallurgie.<br \/>\nZiel von DELCO Valves ist es, seinen Kunden Produkte h\u00f6chster Qualit\u00e4t zu \u00e4u\u00dferst wettbewerbsf\u00e4higen Preisen, p\u00fcnktlicher Lieferung und umfassendem Garantieservice anzubieten.<\/p>\n<p><strong>Modell<\/strong>: 3-Wege-Pneumatik-Steuerventile<br \/>\n<strong>Gr\u00f6\u00dfenbereich<\/strong>: 1\/2&#8221;~12&#8242;<br \/>\n<strong>Druckbereich<\/strong>: 1,6 ~ 6,4 MPa<br \/>\n<strong>Material<\/strong>: Edelstahl 304, 316, 316L oder WCB<\/p>","protected":false},"featured_media":6974,"template":"","meta":{"site-sidebar-layout":"default","site-content-layout":"","ast-site-content-layout":"default","site-content-style":"default","site-sidebar-style":"default","ast-global-header-display":"","ast-banner-title-visibility":"","ast-main-header-display":"","ast-hfb-above-header-display":"","ast-hfb-below-header-display":"","ast-hfb-mobile-header-display":"","site-post-title":"","ast-breadcrumbs-content":"","ast-featured-img":"","footer-sml-layout":"","ast-disable-related-posts":"","theme-transparent-header-meta":"default","adv-header-id-meta":"","stick-header-meta":"","header-above-stick-meta":"","header-main-stick-meta":"","header-below-stick-meta":"","astra-migrate-meta-layouts":"set","ast-page-background-enabled":"default","ast-page-background-meta":{"desktop":{"background-color":"var(--ast-global-color-4)","background-image":"","background-repeat":"repeat","background-position":"center center","background-size":"auto","background-attachment":"scroll","background-type":"","background-media":"","overlay-type":"","overlay-color":"","overlay-opacity":"","overlay-gradient":""},"tablet":{"background-color":"","background-image":"","background-repeat":"repeat","background-position":"center center","background-size":"auto","background-attachment":"scroll","background-type":"","background-media":"","overlay-type":"","overlay-color":"","overlay-opacity":"","overlay-gradient":""},"mobile":{"background-color":"","background-image":"","background-repeat":"repeat","background-position":"center center","background-size":"auto","background-attachment":"scroll","background-type":"","background-media":"","overlay-type":"","overlay-color":"","overlay-opacity":"","overlay-gradient":""}},"ast-content-background-meta":{"desktop":{"background-color":"var(--ast-global-color-5)","background-image":"","background-repeat":"repeat","background-position":"center center","background-size":"auto","background-attachment":"scroll","background-type":"","background-media":"","overlay-type":"","overlay-color":"","overlay-opacity":"","overlay-gradient":""},"tablet":{"background-color":"var(--ast-global-color-5)","background-image":"","background-repeat":"repeat","background-position":"center center","background-size":"auto","background-attachment":"scroll","background-type":"","background-media":"","overlay-type":"","overlay-color":"","overlay-opacity":"","overlay-gradient":""},"mobile":{"background-color":"var(--ast-global-color-5)","background-image":"","background-repeat":"repeat","background-position":"center center","background-size":"auto","background-attachment":"scroll","background-type":"","background-media":"","overlay-type":"","overlay-color":"","overlay-opacity":"","overlay-gradient":""}}},"product_brand":[],"product_cat":[36,255,33],"product_tag":[65,88,59,54,58,56],"class_list":{"0":"post-1466","1":"product","2":"type-product","3":"status-publish","4":"has-post-thumbnail","6":"product_cat-control-valves","7":"product_cat-pneumatic-control-valve","8":"product_cat-products","9":"product_tag-3-way-pneumatic-control-valve","10":"product_tag-3-way-pneumatic-control-valves","11":"product_tag-control-valves","12":"product_tag-pneumatic-control-valve","13":"product_tag-pneumatic-three-way-control-valve","14":"product_tag-valves","15":"desktop-align-center","16":"tablet-align-left","17":"mobile-align-left","19":"first","20":"instock","21":"shipping-taxable","22":"product-type-simple"},"_links":{"self":[{"href":"https:\/\/www.delcofluid.com\/de\/wp-json\/wp\/v2\/product\/1466","targetHints":{"allow":["GET"]}}],"collection":[{"href":"https:\/\/www.delcofluid.com\/de\/wp-json\/wp\/v2\/product"}],"about":[{"href":"https:\/\/www.delcofluid.com\/de\/wp-json\/wp\/v2\/types\/product"}],"version-history":[{"count":0,"href":"https:\/\/www.delcofluid.com\/de\/wp-json\/wp\/v2\/product\/1466\/revisions"}],"wp:featuredmedia":[{"embeddable":true,"href":"https:\/\/www.delcofluid.com\/de\/wp-json\/wp\/v2\/media\/6974"}],"wp:attachment":[{"href":"https:\/\/www.delcofluid.com\/de\/wp-json\/wp\/v2\/media?parent=1466"}],"wp:term":[{"taxonomy":"product_brand","embeddable":true,"href":"https:\/\/www.delcofluid.com\/de\/wp-json\/wp\/v2\/product_brand?post=1466"},{"taxonomy":"product_cat","embeddable":true,"href":"https:\/\/www.delcofluid.com\/de\/wp-json\/wp\/v2\/product_cat?post=1466"},{"taxonomy":"product_tag","embeddable":true,"href":"https:\/\/www.delcofluid.com\/de\/wp-json\/wp\/v2\/product_tag?post=1466"}],"curies":[{"name":"wp","href":"https:\/\/api.w.org\/{rel}","templated":true}]}}