{"id":17664,"date":"2025-11-04T09:50:22","date_gmt":"2025-11-04T09:50:22","guid":{"rendered":"https:\/\/www.delcofluid.com\/?post_type=product&#038;p=17664"},"modified":"2025-11-04T09:52:48","modified_gmt":"2025-11-04T09:52:48","slug":"delco-dk-series-high-integrity-multi-functional-electric-actuator-for-industrial-valve-automation","status":"publish","type":"product","link":"https:\/\/www.delcofluid.com\/de\/produkt\/delco-dk-series-high-integrity-multi-functional-electric-actuator-for-industrial-valve-automation\/","title":{"rendered":"Delco DK Series High-Integrity Multi-Functional Electric Actuator for Industrial Valve Automation"},"content":{"rendered":"<div data-elementor-type=\"product-post\" data-elementor-id=\"17664\" class=\"elementor elementor-17664\" data-elementor-post-type=\"product\">\n\t\t\t\t<div class=\"elementor-element elementor-element-20539a1c e-con-full e-flex e-con e-parent\" data-id=\"20539a1c\" data-element_type=\"container\" data-e-type=\"container\" data-settings=\"{&quot;ekit_has_onepagescroll_dot&quot;:&quot;yes&quot;}\">\n\t\t<div class=\"elementor-element elementor-element-3316fa6 e-con-full e-flex e-con e-child\" data-id=\"3316fa6\" data-element_type=\"container\" data-e-type=\"container\" data-settings=\"{&quot;ekit_has_onepagescroll_dot&quot;:&quot;yes&quot;}\">\n\t\t\t\t<div class=\"elementor-element elementor-element-1f37cdb elementor-widget elementor-widget-heading\" data-id=\"1f37cdb\" data-element_type=\"widget\" data-e-type=\"widget\" data-settings=\"{&quot;ekit_we_effect_on&quot;:&quot;none&quot;}\" data-widget_type=\"heading.default\">\n\t\t\t\t<div class=\"elementor-widget-container\">\n\t\t\t\t\t<h2 class=\"elementor-heading-title elementor-size-default\">Merkmale des elektrischen DKS-Antriebs<\/h2>\t\t\t\t<\/div>\n\t\t\t\t<\/div>\n\t\t\t\t<div class=\"elementor-element elementor-element-480480c elementor-widget__width-initial elementor-widget elementor-widget-text-editor\" data-id=\"480480c\" data-element_type=\"widget\" data-e-type=\"widget\" data-settings=\"{&quot;ekit_we_effect_on&quot;:&quot;none&quot;}\" data-widget_type=\"text-editor.default\">\n\t\t\t\t<div class=\"elementor-widget-container\">\n\t\t\t\t\t\t\t\t\t<p>Der neu gestaltete Ventilantrieb zeichnet sich durch ein leichtes und vielseitiges Design aus und integriert Schalt-, Regel- und intelligente Signalausgangsfunktionen f\u00fcr verbesserte Funktionalit\u00e4t. Hochwertige Lager und elektrische Komponenten sorgen f\u00fcr h\u00f6chste Zuverl\u00e4ssigkeit, w\u00e4hrend spezieller legierter Stahl f\u00fcr pr\u00e4zise Kraft\u00fcbertragung und hohe Festigkeit sorgt. Das benutzerfreundliche Design erm\u00f6glicht eine einfache Bedienung mit verschiedenen Stromversorgungen, vereinfachte Verkabelung und Sicherheitsma\u00dfnahmen wie einen 1500-V-Test und einen Motor mit F-Klasse-Isolation. Anwenderfreundlichkeit steht im Vordergrund, da \u00d6lf\u00fcllungen oder Stichprobenpr\u00fcfungen entfallen, Wasser- und Rostschutzeigenschaften sowie flexible Einbauwinkel gew\u00e4hrleistet sind. Der Antrieb verf\u00fcgt \u00fcber umfassende Schutzfunktionen wie zwei Endlagen, \u00dcberhitzungs- und \u00dcberlastschutz sowie mehrere Geschwindigkeitsstufen f\u00fcr vielf\u00e4ltige Anwendungen. Seine Langlebigkeit wird durch ein korrosionsbest\u00e4ndiges Geh\u00e4use aus Aluminiumlegierung, Edelstahlschrauben und ein pr\u00e4zises Schneckengetriebe f\u00fcr Stabilit\u00e4t gew\u00e4hrleistet, gepaart mit intelligenter Steuerungsintegration und hervorragender Abdichtung nach IP67.<\/p>\t\t\t\t\t\t\t\t<\/div>\n\t\t\t\t<\/div>\n\t\t\t\t<\/div>\n\t\t<div class=\"elementor-element elementor-element-8ef2840 e-con-full e-flex e-con e-child\" data-id=\"8ef2840\" data-element_type=\"container\" data-e-type=\"container\" data-settings=\"{&quot;ekit_has_onepagescroll_dot&quot;:&quot;yes&quot;}\">\n\t\t\t\t<div class=\"elementor-element elementor-element-16a86d8 elementor-widget__width-initial elementor-widget elementor-widget-image\" data-id=\"16a86d8\" data-element_type=\"widget\" data-e-type=\"widget\" data-settings=\"{&quot;ekit_we_effect_on&quot;:&quot;none&quot;}\" data-widget_type=\"image.default\">\n\t\t\t\t<div class=\"elementor-widget-container\">\n\t\t\t\t\t\t\t\t\t\t\t\t\t\t\t<img fetchpriority=\"high\" decoding=\"async\" width=\"800\" height=\"579\" src=\"https:\/\/www.delcofluid.com\/wp-content\/uploads\/2025\/03\/\u672a\u6807\u9898-1-2.png\" class=\"attachment-large size-large wp-image-13433\" alt=\"DELCO DKS Motorized Electric Actuator\" srcset=\"https:\/\/www.delcofluid.com\/wp-content\/uploads\/2025\/03\/\u672a\u6807\u9898-1-2.png 800w, https:\/\/www.delcofluid.com\/wp-content\/uploads\/2025\/03\/\u672a\u6807\u9898-1-2-300x217.png 300w, https:\/\/www.delcofluid.com\/wp-content\/uploads\/2025\/03\/\u672a\u6807\u9898-1-2-768x556.png 768w, https:\/\/www.delcofluid.com\/wp-content\/uploads\/2025\/03\/\u672a\u6807\u9898-1-2-18x12.png 18w, https:\/\/www.delcofluid.com\/wp-content\/uploads\/2025\/03\/\u672a\u6807\u9898-1-2-600x434.png 600w\" sizes=\"(max-width: 800px) 100vw, 800px\" \/>\t\t\t\t\t\t\t\t\t\t\t\t\t\t\t<\/div>\n\t\t\t\t<\/div>\n\t\t\t\t<\/div>\n\t\t\t\t<\/div>\n\t\t<div class=\"elementor-element elementor-element-15c4c55 e-con-full e-flex e-con e-parent\" data-id=\"15c4c55\" data-element_type=\"container\" data-e-type=\"container\" data-settings=\"{&quot;background_background&quot;:&quot;classic&quot;,&quot;ekit_has_onepagescroll_dot&quot;:&quot;yes&quot;}\">\n\t\t\t\t<div class=\"elementor-element elementor-element-cf7446a elementor-widget elementor-widget-heading\" data-id=\"cf7446a\" data-element_type=\"widget\" data-e-type=\"widget\" data-settings=\"{&quot;ekit_we_effect_on&quot;:&quot;none&quot;}\" data-widget_type=\"heading.default\">\n\t\t\t\t<div class=\"elementor-widget-container\">\n\t\t\t\t\t<h2 class=\"elementor-heading-title elementor-size-default\">Technische Produktparameter<\/h2>\t\t\t\t<\/div>\n\t\t\t\t<\/div>\n\t\t\t\t<\/div>\n\t\t<div class=\"elementor-element elementor-element-e2b9db7 e-con-full e-flex e-con e-parent\" data-id=\"e2b9db7\" data-element_type=\"container\" data-e-type=\"container\" data-settings=\"{&quot;ekit_has_onepagescroll_dot&quot;:&quot;yes&quot;}\">\n\t\t<div class=\"elementor-element elementor-element-b2c245f e-con-full e-flex e-con e-child\" data-id=\"b2c245f\" data-element_type=\"container\" data-e-type=\"container\" data-settings=\"{&quot;ekit_has_onepagescroll_dot&quot;:&quot;yes&quot;}\">\n\t\t\t\t<div class=\"elementor-element elementor-element-89beaee elementor-widget__width-initial elementor-widget elementor-widget-image\" data-id=\"89beaee\" data-element_type=\"widget\" data-e-type=\"widget\" data-settings=\"{&quot;ekit_we_effect_on&quot;:&quot;none&quot;}\" data-widget_type=\"image.default\">\n\t\t\t\t<div class=\"elementor-widget-container\">\n\t\t\t\t\t\t\t\t\t\t\t\t\t\t\t<img decoding=\"async\" width=\"800\" height=\"386\" src=\"https:\/\/www.delcofluid.com\/wp-content\/uploads\/2025\/03\/\u672a\u6807\u9898-2-1.png\" class=\"attachment-large size-large wp-image-13434\" alt=\"DELCO DKS Motorized Electric Actuator\" srcset=\"https:\/\/www.delcofluid.com\/wp-content\/uploads\/2025\/03\/\u672a\u6807\u9898-2-1.png 800w, https:\/\/www.delcofluid.com\/wp-content\/uploads\/2025\/03\/\u672a\u6807\u9898-2-1-300x145.png 300w, https:\/\/www.delcofluid.com\/wp-content\/uploads\/2025\/03\/\u672a\u6807\u9898-2-1-768x371.png 768w, https:\/\/www.delcofluid.com\/wp-content\/uploads\/2025\/03\/\u672a\u6807\u9898-2-1-18x9.png 18w, https:\/\/www.delcofluid.com\/wp-content\/uploads\/2025\/03\/\u672a\u6807\u9898-2-1-600x290.png 600w\" sizes=\"(max-width: 800px) 100vw, 800px\" \/>\t\t\t\t\t\t\t\t\t\t\t\t\t\t\t<\/div>\n\t\t\t\t<\/div>\n\t\t<div class=\"elementor-element elementor-element-ac03bbd e-con-full e-flex e-con e-child\" data-id=\"ac03bbd\" data-element_type=\"container\" data-e-type=\"container\" data-settings=\"{&quot;background_background&quot;:&quot;classic&quot;,&quot;ekit_has_onepagescroll_dot&quot;:&quot;yes&quot;}\">\n\t\t\t\t<div class=\"elementor-element elementor-element-2c853c5 elementor-widget elementor-widget-heading\" data-id=\"2c853c5\" data-element_type=\"widget\" data-e-type=\"widget\" data-settings=\"{&quot;ekit_we_effect_on&quot;:&quot;none&quot;}\" data-widget_type=\"heading.default\">\n\t\t\t\t<div class=\"elementor-widget-container\">\n\t\t\t\t\t<h2 class=\"elementor-heading-title elementor-size-default\">Stellantriebe der DKS-Serie <\/h2>\t\t\t\t<\/div>\n\t\t\t\t<\/div>\n\t\t\t\t<\/div>\n\t\t<div class=\"elementor-element elementor-element-2dee4c1 e-grid e-con-full e-con e-child\" data-id=\"2dee4c1\" data-element_type=\"container\" data-e-type=\"container\" data-settings=\"{&quot;ekit_has_onepagescroll_dot&quot;:&quot;yes&quot;}\">\n\t\t\t\t<div class=\"elementor-element elementor-element-be87a38 elementor-widget elementor-widget-image\" data-id=\"be87a38\" data-element_type=\"widget\" data-e-type=\"widget\" data-settings=\"{&quot;ekit_we_effect_on&quot;:&quot;none&quot;}\" data-widget_type=\"image.default\">\n\t\t\t\t<div class=\"elementor-widget-container\">\n\t\t\t\t\t\t\t\t\t\t\t\t\t\t\t<img decoding=\"async\" width=\"800\" height=\"800\" src=\"https:\/\/www.delcofluid.com\/wp-content\/uploads\/2025\/03\/dd.png\" class=\"attachment-large size-large wp-image-13640\" alt=\"DELCO DKS Explosion-proof Motorized Electric Actuator\" srcset=\"https:\/\/www.delcofluid.com\/wp-content\/uploads\/2025\/03\/dd.png 800w, https:\/\/www.delcofluid.com\/wp-content\/uploads\/2025\/03\/dd-300x300.png 300w, https:\/\/www.delcofluid.com\/wp-content\/uploads\/2025\/03\/dd-150x150.png 150w, https:\/\/www.delcofluid.com\/wp-content\/uploads\/2025\/03\/dd-768x768.png 768w, https:\/\/www.delcofluid.com\/wp-content\/uploads\/2025\/03\/dd-12x12.png 12w, https:\/\/www.delcofluid.com\/wp-content\/uploads\/2025\/03\/dd-600x600.png 600w, https:\/\/www.delcofluid.com\/wp-content\/uploads\/2025\/03\/dd-100x100.png 100w\" sizes=\"(max-width: 800px) 100vw, 800px\" \/>\t\t\t\t\t\t\t\t\t\t\t\t\t\t\t<\/div>\n\t\t\t\t<\/div>\n\t\t\t\t<div class=\"elementor-element elementor-element-d75d90d elementor-widget elementor-widget-image\" data-id=\"d75d90d\" data-element_type=\"widget\" data-e-type=\"widget\" data-settings=\"{&quot;ekit_we_effect_on&quot;:&quot;none&quot;}\" data-widget_type=\"image.default\">\n\t\t\t\t<div class=\"elementor-widget-container\">\n\t\t\t\t\t\t\t\t\t\t\t\t\t\t\t<img loading=\"lazy\" decoding=\"async\" width=\"800\" height=\"800\" src=\"https:\/\/www.delcofluid.com\/wp-content\/uploads\/2025\/03\/cc.png\" class=\"attachment-large size-large wp-image-13639\" alt=\"DELCO DKS Explosion-proof Motorized Electric Actuator\" srcset=\"https:\/\/www.delcofluid.com\/wp-content\/uploads\/2025\/03\/cc.png 800w, https:\/\/www.delcofluid.com\/wp-content\/uploads\/2025\/03\/cc-300x300.png 300w, https:\/\/www.delcofluid.com\/wp-content\/uploads\/2025\/03\/cc-150x150.png 150w, https:\/\/www.delcofluid.com\/wp-content\/uploads\/2025\/03\/cc-768x768.png 768w, https:\/\/www.delcofluid.com\/wp-content\/uploads\/2025\/03\/cc-12x12.png 12w, https:\/\/www.delcofluid.com\/wp-content\/uploads\/2025\/03\/cc-600x600.png 600w, https:\/\/www.delcofluid.com\/wp-content\/uploads\/2025\/03\/cc-100x100.png 100w\" sizes=\"(max-width: 800px) 100vw, 800px\" \/>\t\t\t\t\t\t\t\t\t\t\t\t\t\t\t<\/div>\n\t\t\t\t<\/div>\n\t\t\t\t<div class=\"elementor-element elementor-element-34aa81b elementor-widget elementor-widget-image\" data-id=\"34aa81b\" data-element_type=\"widget\" data-e-type=\"widget\" data-settings=\"{&quot;ekit_we_effect_on&quot;:&quot;none&quot;}\" data-widget_type=\"image.default\">\n\t\t\t\t<div class=\"elementor-widget-container\">\n\t\t\t\t\t\t\t\t\t\t\t\t\t\t\t<img loading=\"lazy\" decoding=\"async\" width=\"800\" height=\"800\" src=\"https:\/\/www.delcofluid.com\/wp-content\/uploads\/2025\/03\/bb.png\" class=\"attachment-large size-large wp-image-13638\" alt=\"DELCO DKS Explosion-proof Motorized Electric Actuator\" srcset=\"https:\/\/www.delcofluid.com\/wp-content\/uploads\/2025\/03\/bb.png 800w, https:\/\/www.delcofluid.com\/wp-content\/uploads\/2025\/03\/bb-300x300.png 300w, https:\/\/www.delcofluid.com\/wp-content\/uploads\/2025\/03\/bb-150x150.png 150w, https:\/\/www.delcofluid.com\/wp-content\/uploads\/2025\/03\/bb-768x768.png 768w, https:\/\/www.delcofluid.com\/wp-content\/uploads\/2025\/03\/bb-12x12.png 12w, https:\/\/www.delcofluid.com\/wp-content\/uploads\/2025\/03\/bb-600x600.png 600w, https:\/\/www.delcofluid.com\/wp-content\/uploads\/2025\/03\/bb-100x100.png 100w\" sizes=\"(max-width: 800px) 100vw, 800px\" \/>\t\t\t\t\t\t\t\t\t\t\t\t\t\t\t<\/div>\n\t\t\t\t<\/div>\n\t\t\t\t<div class=\"elementor-element elementor-element-f2ce903 elementor-widget elementor-widget-image\" data-id=\"f2ce903\" data-element_type=\"widget\" data-e-type=\"widget\" data-settings=\"{&quot;ekit_we_effect_on&quot;:&quot;none&quot;}\" data-widget_type=\"image.default\">\n\t\t\t\t<div class=\"elementor-widget-container\">\n\t\t\t\t\t\t\t\t\t\t\t\t\t\t\t<img loading=\"lazy\" decoding=\"async\" width=\"800\" height=\"800\" src=\"https:\/\/www.delcofluid.com\/wp-content\/uploads\/2025\/03\/aa.png\" class=\"attachment-large size-large wp-image-13637\" alt=\"DELCO DKS Explosion-proof Motorized Electric Actuator\" srcset=\"https:\/\/www.delcofluid.com\/wp-content\/uploads\/2025\/03\/aa.png 800w, https:\/\/www.delcofluid.com\/wp-content\/uploads\/2025\/03\/aa-300x300.png 300w, https:\/\/www.delcofluid.com\/wp-content\/uploads\/2025\/03\/aa-150x150.png 150w, https:\/\/www.delcofluid.com\/wp-content\/uploads\/2025\/03\/aa-768x768.png 768w, https:\/\/www.delcofluid.com\/wp-content\/uploads\/2025\/03\/aa-12x12.png 12w, https:\/\/www.delcofluid.com\/wp-content\/uploads\/2025\/03\/aa-600x600.png 600w, https:\/\/www.delcofluid.com\/wp-content\/uploads\/2025\/03\/aa-100x100.png 100w\" sizes=\"(max-width: 800px) 100vw, 800px\" \/>\t\t\t\t\t\t\t\t\t\t\t\t\t\t\t<\/div>\n\t\t\t\t<\/div>\n\t\t\t\t<\/div>\n\t\t\t\t<\/div>\n\t\t\t\t<\/div>\n\t\t\t\t<\/div>","protected":false},"excerpt":{"rendered":"<div class=\"flex-1 overflow-hidden\">\n<div class=\"react-scroll-to-bottom--css-ymjnl-79elbk h-full\">\n<div class=\"react-scroll-to-bottom--css-ymjnl-1n7m0yu\">\n<div class=\"flex flex-col text-sm\">\n<div class=\"w-full text-token-text-primary\" dir=\"auto\" data-testid=\"conversation-turn-31\">\n<div class=\"px-4 py-2 justify-center text-base md:gap-6 m-auto\">\n<div class=\"flex flex-1 text-base mx-auto gap-3 juice:gap-4 juice:md:gap-6 md:px-5 lg:px-1 xl:px-5 md:max-w-3xl lg:max-w-[40rem] xl:max-w-[48rem]\">\n<div class=\"relative flex w-full flex-col agent-turn\">\n<div class=\"flex-col gap-1 md:gap-3\">\n<div class=\"flex flex-grow flex-col max-w-full\">\n<div class=\"min-h-[20px] text-message flex flex-col items-start gap-3 whitespace-pre-wrap break-words [.text-message+&amp;]:mt-5 overflow-x-auto\" dir=\"auto\" data-message-author-role=\"assistant\" data-message-id=\"4a6d6b9a-2028-48e5-bb27-c229b9ba8f05\">\n<div class=\"markdown prose w-full break-words dark:prose-invert light\">\n<div class=\"flex-1 overflow-hidden\">\n<div class=\"react-scroll-to-bottom--css-vzdre-79elbk h-full\">\n<div class=\"react-scroll-to-bottom--css-vzdre-1n7m0yu\">\n<div class=\"flex flex-col text-sm pb-9\">\n<div class=\"w-full text-token-text-primary\" dir=\"auto\" data-testid=\"conversation-turn-25\">\n<div class=\"px-4 py-2 justify-center text-base md:gap-6 m-auto\">\n<div class=\"flex flex-1 text-base mx-auto gap-3 juice:gap-4 juice:md:gap-6 md:px-5 lg:px-1 xl:px-5 md:max-w-3xl lg:max-w-[40rem] xl:max-w-[48rem]\">\n<div class=\"relative flex w-full flex-col agent-turn\">\n<div class=\"flex-col gap-1 md:gap-3\">\n<div class=\"flex flex-grow flex-col max-w-full\">\n<div class=\"min-h-[20px] text-message flex flex-col items-start gap-3 whitespace-pre-wrap break-words [.text-message+&amp;]:mt-5 overflow-x-auto\" dir=\"auto\" data-message-author-role=\"assistant\" data-message-id=\"34f913f5-8067-415d-9532-3b67bc792208\">\n<div class=\"markdown prose w-full break-words dark:prose-invert light\">\n<p>DELCO&#8217;s Electric Actuator is an angular stroke device designed for automated valve control. It offers ON\/OFF, Regulation, and Intelligent control modes. The actuator features a hard aluminum alloy body with hard anodic oxidation and Polyester powder coating, ensuring excellent corrosion resistance and IP65 protection. Its turbo-worm structure guarantees high torque output and reliable self-lock functionality.<\/p>\n<p>&nbsp;<\/p>\n<\/div>\n<\/div>\n<\/div>\n<\/div>\n<\/div>\n<\/div>\n<\/div>\n<\/div>\n<\/div>\n<\/div>\n<\/div>\n<\/div>\n<\/div>\n<\/div>\n<\/div>\n<\/div>\n<\/div>\n<\/div>\n<\/div>\n<\/div>\n<\/div>\n<\/div>\n<\/div>\n<\/div>\n","protected":false},"featured_media":17677,"template":"","meta":{"site-sidebar-layout":"default","site-content-layout":"","ast-site-content-layout":"default","site-content-style":"default","site-sidebar-style":"default","ast-global-header-display":"","ast-banner-title-visibility":"","ast-main-header-display":"","ast-hfb-above-header-display":"","ast-hfb-below-header-display":"","ast-hfb-mobile-header-display":"","site-post-title":"","ast-breadcrumbs-content":"","ast-featured-img":"","footer-sml-layout":"","ast-disable-related-posts":"","theme-transparent-header-meta":"default","adv-header-id-meta":"","stick-header-meta":"","header-above-stick-meta":"","header-main-stick-meta":"","header-below-stick-meta":"","astra-migrate-meta-layouts":"set","ast-page-background-enabled":"default","ast-page-background-meta":{"desktop":{"background-color":"var(--ast-global-color-4)","background-image":"","background-repeat":"repeat","background-position":"center center","background-size":"auto","background-attachment":"scroll","background-type":"","background-media":"","overlay-type":"","overlay-color":"","overlay-opacity":"","overlay-gradient":""},"tablet":{"background-color":"","background-image":"","background-repeat":"repeat","background-position":"center center","background-size":"auto","background-attachment":"scroll","background-type":"","background-media":"","overlay-type":"","overlay-color":"","overlay-opacity":"","overlay-gradient":""},"mobile":{"background-color":"","background-image":"","background-repeat":"repeat","background-position":"center center","background-size":"auto","background-attachment":"scroll","background-type":"","background-media":"","overlay-type":"","overlay-color":"","overlay-opacity":"","overlay-gradient":""}},"ast-content-background-meta":{"desktop":{"background-color":"var(--ast-global-color-5)","background-image":"","background-repeat":"repeat","background-position":"center center","background-size":"auto","background-attachment":"scroll","background-type":"","background-media":"","overlay-type":"","overlay-color":"","overlay-opacity":"","overlay-gradient":""},"tablet":{"background-color":"var(--ast-global-color-5)","background-image":"","background-repeat":"repeat","background-position":"center center","background-size":"auto","background-attachment":"scroll","background-type":"","background-media":"","overlay-type":"","overlay-color":"","overlay-opacity":"","overlay-gradient":""},"mobile":{"background-color":"var(--ast-global-color-5)","background-image":"","background-repeat":"repeat","background-position":"center center","background-size":"auto","background-attachment":"scroll","background-type":"","background-media":"","overlay-type":"","overlay-color":"","overlay-opacity":"","overlay-gradient":""}}},"product_brand":[],"product_cat":[39,717,33],"product_tag":[580,961,578,577,583,582],"class_list":{"0":"post-17664","1":"product","2":"type-product","3":"status-publish","4":"has-post-thumbnail","6":"product_cat-actuators","7":"product_cat-electric-actuator","8":"product_cat-products","9":"product_tag-actuator","10":"product_tag-actuators","11":"product_tag-explosion-proof-actuator","12":"product_tag-explosion-proof-electric-actuator","13":"product_tag-explosion-proof-motorized-actuator","14":"product_tag-motorized-actuator","15":"desktop-align-center","16":"tablet-align-left","17":"mobile-align-left","19":"first","20":"instock","21":"shipping-taxable","22":"product-type-simple"},"_links":{"self":[{"href":"https:\/\/www.delcofluid.com\/de\/wp-json\/wp\/v2\/product\/17664","targetHints":{"allow":["GET"]}}],"collection":[{"href":"https:\/\/www.delcofluid.com\/de\/wp-json\/wp\/v2\/product"}],"about":[{"href":"https:\/\/www.delcofluid.com\/de\/wp-json\/wp\/v2\/types\/product"}],"version-history":[{"count":5,"href":"https:\/\/www.delcofluid.com\/de\/wp-json\/wp\/v2\/product\/17664\/revisions"}],"predecessor-version":[{"id":17671,"href":"https:\/\/www.delcofluid.com\/de\/wp-json\/wp\/v2\/product\/17664\/revisions\/17671"}],"wp:featuredmedia":[{"embeddable":true,"href":"https:\/\/www.delcofluid.com\/de\/wp-json\/wp\/v2\/media\/17677"}],"wp:attachment":[{"href":"https:\/\/www.delcofluid.com\/de\/wp-json\/wp\/v2\/media?parent=17664"}],"wp:term":[{"taxonomy":"product_brand","embeddable":true,"href":"https:\/\/www.delcofluid.com\/de\/wp-json\/wp\/v2\/product_brand?post=17664"},{"taxonomy":"product_cat","embeddable":true,"href":"https:\/\/www.delcofluid.com\/de\/wp-json\/wp\/v2\/product_cat?post=17664"},{"taxonomy":"product_tag","embeddable":true,"href":"https:\/\/www.delcofluid.com\/de\/wp-json\/wp\/v2\/product_tag?post=17664"}],"curies":[{"name":"wp","href":"https:\/\/api.w.org\/{rel}","templated":true}]}}