{"id":2066,"date":"2024-03-19T06:52:15","date_gmt":"2024-03-19T06:52:15","guid":{"rendered":"https:\/\/www.delcofluid.com\/?post_type=product&#038;p=2066"},"modified":"2024-07-30T07:35:04","modified_gmt":"2024-07-30T06:35:04","slug":"electric-3-way-control-valve","status":"publish","type":"product","link":"https:\/\/www.delcofluid.com\/de\/produkt\/electric-3-way-control-valve\/","title":{"rendered":"DELCO Elektrisches 3-Wege-Steuerventil-ZDLQ-X"},"content":{"rendered":"<div data-elementor-type=\"product-post\" data-elementor-id=\"2066\" class=\"elementor elementor-2066\" data-elementor-post-type=\"product\">\n\t\t\t\t<div class=\"elementor-element elementor-element-6fb59a60 e-flex e-con-boxed e-con e-parent\" data-id=\"6fb59a60\" data-element_type=\"container\" data-e-type=\"container\" data-settings=\"{&quot;ekit_has_onepagescroll_dot&quot;:&quot;yes&quot;}\">\n\t\t\t\t\t<div class=\"e-con-inner\">\n\t\t<div class=\"elementor-element elementor-element-b2e102c e-con-full e-flex e-con e-child\" data-id=\"b2e102c\" data-element_type=\"container\" data-e-type=\"container\" data-settings=\"{&quot;ekit_has_onepagescroll_dot&quot;:&quot;yes&quot;}\">\n\t\t\t\t<div class=\"elementor-element elementor-element-4c3cf80 elementor-widget elementor-widget-heading\" data-id=\"4c3cf80\" data-element_type=\"widget\" data-e-type=\"widget\" data-settings=\"{&quot;ekit_we_effect_on&quot;:&quot;none&quot;}\" data-widget_type=\"heading.default\">\n\t\t\t\t<div class=\"elementor-widget-container\">\n\t\t\t\t\t<h2 class=\"elementor-heading-title elementor-size-default\">Beschreibung<\/h2>\t\t\t\t<\/div>\n\t\t\t\t<\/div>\n\t\t\t\t<div class=\"elementor-element elementor-element-1af4cc68 elementor-widget__width-initial elementor-widget elementor-widget-text-editor\" data-id=\"1af4cc68\" data-element_type=\"widget\" data-e-type=\"widget\" data-settings=\"{&quot;ekit_we_effect_on&quot;:&quot;none&quot;}\" data-widget_type=\"text-editor.default\">\n\t\t\t\t<div class=\"elementor-widget-container\">\n\t\t\t\t\t\t\t\t\t<p>Im Bereich der Fl\u00fcssigkeitssteuerungssysteme ist das elektrische 3-Wege-Steuerventil ein H\u00f6hepunkt an Innovation und Effizienz. Durch die Kombination aus fortschrittlicher Technologie und Pr\u00e4zisionstechnik bieten diese Ventile beispiellose Vielseitigkeit und Leistung bei der Regulierung des Fl\u00fcssigkeitsflusses in verschiedenen industriellen Prozessen, HLK-Systemen und anderen Anwendungen.<\/p><p>Das Herzst\u00fcck des elektrischen 3-Wege-Steuerventils ist sein Antrieb, der mit Strom betrieben wird, um den internen Mechanismus des Ventils pr\u00e4zise zu positionieren. Durch Anpassen der Position des Antriebs kann das Ventil den Fl\u00fcssigkeitsfluss zu einem der drei verf\u00fcgbaren Anschl\u00fcsse leiten: Einlass A, Einlass B oder den gemeinsamen Anschluss. Dadurch kann das Ventil Funktionen ausf\u00fchren wie die Umleitung des Flusses zwischen zwei verschiedenen Systemen, das Mischen von Fl\u00fcssigkeiten aus zwei verschiedenen Quellen oder die Steuerung der Durchflussrate durch eine einzelne Rohrleitung.<\/p>\t\t\t\t\t\t\t\t<\/div>\n\t\t\t\t<\/div>\n\t\t\t\t<\/div>\n\t\t\t\t<div class=\"elementor-element elementor-element-8e57110 elementor-widget elementor-widget-image\" data-id=\"8e57110\" data-element_type=\"widget\" data-e-type=\"widget\" data-settings=\"{&quot;ekit_we_effect_on&quot;:&quot;none&quot;}\" data-widget_type=\"image.default\">\n\t\t\t\t<div class=\"elementor-widget-container\">\n\t\t\t\t\t\t\t\t\t\t\t\t\t\t\t<img fetchpriority=\"high\" decoding=\"async\" width=\"1024\" height=\"1024\" src=\"https:\/\/www.delcofluid.com\/wp-content\/uploads\/2024\/03\/1-1-1024x1024.jpg\" class=\"attachment-large size-large wp-image-1796\" alt=\"DELCO 3 Way Pneumatics Control Valves\" srcset=\"https:\/\/www.delcofluid.com\/wp-content\/uploads\/2024\/03\/1-1-1024x1024.jpg 1024w, https:\/\/www.delcofluid.com\/wp-content\/uploads\/2024\/03\/1-1-300x300.jpg 300w, https:\/\/www.delcofluid.com\/wp-content\/uploads\/2024\/03\/1-1-100x100.jpg 100w, https:\/\/www.delcofluid.com\/wp-content\/uploads\/2024\/03\/1-1-600x600.jpg 600w, https:\/\/www.delcofluid.com\/wp-content\/uploads\/2024\/03\/1-1-150x150.jpg 150w, https:\/\/www.delcofluid.com\/wp-content\/uploads\/2024\/03\/1-1-768x768.jpg 768w, https:\/\/www.delcofluid.com\/wp-content\/uploads\/2024\/03\/1-1.jpg 1500w\" sizes=\"(max-width: 1024px) 100vw, 1024px\" \/>\t\t\t\t\t\t\t\t\t\t\t\t\t\t\t<\/div>\n\t\t\t\t<\/div>\n\t\t\t\t\t<\/div>\n\t\t\t\t<\/div>\n\t\t<div class=\"elementor-element elementor-element-a55eeda e-flex e-con-boxed e-con e-parent\" data-id=\"a55eeda\" data-element_type=\"container\" data-e-type=\"container\" data-settings=\"{&quot;background_background&quot;:&quot;classic&quot;,&quot;ekit_has_onepagescroll_dot&quot;:&quot;yes&quot;}\">\n\t\t\t\t\t<div class=\"e-con-inner\">\n\t\t\t\t<div class=\"elementor-element elementor-element-585e9d9 elementor-widget elementor-widget-heading\" data-id=\"585e9d9\" data-element_type=\"widget\" data-e-type=\"widget\" data-settings=\"{&quot;ekit_we_effect_on&quot;:&quot;none&quot;}\" data-widget_type=\"heading.default\">\n\t\t\t\t<div class=\"elementor-widget-container\">\n\t\t\t\t\t<h2 class=\"elementor-heading-title elementor-size-default\">Aktuatorparameter<\/h2>\t\t\t\t<\/div>\n\t\t\t\t<\/div>\n\t\t\t\t\t<\/div>\n\t\t\t\t<\/div>\n\t\t<div class=\"elementor-element elementor-element-74c72de e-con-full e-flex e-con e-parent\" data-id=\"74c72de\" data-element_type=\"container\" data-e-type=\"container\" data-settings=\"{&quot;ekit_has_onepagescroll_dot&quot;:&quot;yes&quot;}\">\n\t\t\t\t<div class=\"elementor-element elementor-element-41da561 elementor-widget elementor-widget-text-editor\" data-id=\"41da561\" data-element_type=\"widget\" data-e-type=\"widget\" data-settings=\"{&quot;ekit_we_effect_on&quot;:&quot;none&quot;}\" data-widget_type=\"text-editor.default\">\n\t\t\t\t<div class=\"elementor-widget-container\">\n\t\t\t\t\t\t\t\t\t<table width=\"1470\"><tbody><tr><td width=\"272\">DN<\/td><td width=\"406\">25<\/td><td width=\"72\">32<\/td><td width=\"72\">40<\/td><td width=\"72\">50<\/td><td width=\"72\">65<\/td><td width=\"72\">80<\/td><td width=\"72\">100<\/td><td width=\"72\">125<\/td><td width=\"72\">150<\/td><td width=\"72\">200<\/td><td width=\"72\">250<\/td><td width=\"72\">300<\/td><\/tr><tr><td width=\"272\">Sitzdurchmesser mm<\/td><td width=\"406\">25<\/td><td width=\"72\">32<\/td><td width=\"72\">40<\/td><td width=\"72\">50<\/td><td width=\"72\">65<\/td><td width=\"72\">80<\/td><td width=\"72\">100<\/td><td width=\"72\">125<\/td><td width=\"72\">150<\/td><td width=\"72\">200<\/td><td width=\"72\">250<\/td><td width=\"72\">300<\/td><\/tr><tr><td width=\"272\">Bewerteter KV<\/td><td width=\"406\">8.5<\/td><td width=\"72\">13<\/td><td width=\"72\">21<\/td><td width=\"72\">34<\/td><td width=\"72\">53<\/td><td width=\"72\">85<\/td><td width=\"72\">135<\/td><td width=\"72\">210<\/td><td width=\"72\">340<\/td><td width=\"72\">535<\/td><td width=\"72\">800<\/td><td width=\"72\">1280<\/td><\/tr><tr><td width=\"272\">Nenndruck (MPa)<\/td><td colspan=\"12\" width=\"1198\">1.6,2.5,4.0,6.4<\/td><\/tr><tr><td width=\"272\">Fahrt (mm)<\/td><td colspan=\"2\" width=\"478\">16<\/td><td colspan=\"2\" width=\"144\">25<\/td><td colspan=\"3\" width=\"216\">40<\/td><td colspan=\"3\" width=\"216\">60<\/td><td colspan=\"2\" width=\"144\">100<\/td><\/tr><tr><td width=\"272\">Mit elektrischem Stellantrieb<\/td><td colspan=\"2\" width=\"478\">361LSA-20<\/td><td colspan=\"2\" width=\"144\">361LSB-30<\/td><td colspan=\"3\" width=\"216\">361LSB-50<\/td><td colspan=\"3\" width=\"216\">361LSB-65<\/td><td colspan=\"2\" width=\"144\">361LSB-99<\/td><\/tr><tr><td width=\"272\">Eingangssignal<\/td><td colspan=\"12\" width=\"1198\">4-20 mA DC, 1-5 V DC<\/td><\/tr><tr><td width=\"272\">Stromversorgung<\/td><td colspan=\"12\" width=\"1198\">Wechselstrom 220 V, 50 Hz<\/td><\/tr><tr><td width=\"272\">Die inh\u00e4renten Flie\u00dfeigenschaften<\/td><td colspan=\"12\" width=\"1198\">Linear, gleichprozentig, schnelles \u00d6ffnen<\/td><\/tr><tr><td width=\"272\">Das inh\u00e4rente Modulationsverh\u00e4ltnis<\/td><td colspan=\"12\" width=\"1198\">30:01:00<\/td><\/tr><tr><td width=\"272\">Das inh\u00e4rente Modulationsverh\u00e4ltnis<\/td><td colspan=\"12\" width=\"1198\">IV<\/td><\/tr><tr><td width=\"272\">Flanschgr\u00f6\u00dfe<\/td><td colspan=\"12\" width=\"1198\">Gem\u00e4\u00df JB\/79.1 (2) -94, HG20592-97, GB, ANSI, JIS, DIN und anderen Normen<\/td><\/tr><tr><td width=\"272\">Korpusmaterial<\/td><td colspan=\"12\" width=\"1198\">WCB, 304, 316, WC6, Nickel, Titan, Hastelloy, Monel usw.<\/td><\/tr><tr><td width=\"272\">Ventilmaterial<\/td><td colspan=\"12\" width=\"1198\">304, 316, 420, Nickel, Titan, Hastelloy, Monel usw.<\/td><\/tr><tr><td width=\"272\">Arbeitstemperatur \u2103<\/td><td colspan=\"12\" width=\"1198\">-40~230<\/td><\/tr><tr><td width=\"272\">Serientyp<\/td><td colspan=\"12\" width=\"1198\">Bei Raumtemperatur, Mitteltemperaturausf\u00fchrung, Balgdichtungsausf\u00fchrung<\/td><\/tr><\/tbody><\/table><p>\u00a0<\/p>\t\t\t\t\t\t\t\t<\/div>\n\t\t\t\t<\/div>\n\t\t\t\t<\/div>\n\t\t<div class=\"elementor-element elementor-element-daef6c8 e-flex e-con-boxed e-con e-parent\" data-id=\"daef6c8\" data-element_type=\"container\" data-e-type=\"container\" data-settings=\"{&quot;ekit_has_onepagescroll_dot&quot;:&quot;yes&quot;}\">\n\t\t\t\t\t<div class=\"e-con-inner\">\n\t\t\t\t<div class=\"elementor-element elementor-element-52ddb61 elementor-widget elementor-widget-heading\" data-id=\"52ddb61\" data-element_type=\"widget\" data-e-type=\"widget\" data-settings=\"{&quot;ekit_we_effect_on&quot;:&quot;none&quot;}\" data-widget_type=\"heading.default\">\n\t\t\t\t<div class=\"elementor-widget-container\">\n\t\t\t\t\t<h2 class=\"elementor-heading-title elementor-size-default\">Anwendungen f\u00fcr elektrische 3-Wege-Steuerventile<\/h2>\t\t\t\t<\/div>\n\t\t\t\t<\/div>\n\t\t\t\t<div class=\"elementor-element elementor-element-da5701e elementor-widget__width-initial elementor-widget elementor-widget-text-editor\" data-id=\"da5701e\" data-element_type=\"widget\" data-e-type=\"widget\" data-settings=\"{&quot;ekit_we_effect_on&quot;:&quot;none&quot;}\" data-widget_type=\"text-editor.default\">\n\t\t\t\t<div class=\"elementor-widget-container\">\n\t\t\t\t\t\t\t\t\t<p>Die Vielseitigkeit elektrischer 3-Wege-Steuerventile macht sie in einer Vielzahl industrieller und kommerzieller Anwendungen unverzichtbar. Einige g\u00e4ngige Anwendungen umfassen:<\/p>\t\t\t\t\t\t\t\t<\/div>\n\t\t\t\t<\/div>\n\t\t\t\t<div class=\"elementor-element elementor-element-e1e5066 elementor-widget__width-initial elementor-widget elementor-widget-text-editor\" data-id=\"e1e5066\" data-element_type=\"widget\" data-e-type=\"widget\" data-settings=\"{&quot;ekit_we_effect_on&quot;:&quot;none&quot;}\" data-widget_type=\"text-editor.default\">\n\t\t\t\t<div class=\"elementor-widget-container\">\n\t\t\t\t\t\t\t\t\t<ul><li><span style=\"color: #000000\"><strong>HVAC-Systeme:<\/strong><\/span> Diese Ventile werden in Heizungs-, L\u00fcftungs- und Klimaanlagen eingesetzt, um den Durchfluss von Warm- und Kaltwasser zu steuern und so eine pr\u00e4zise Temperaturregelung in Geb\u00e4uden und Einrichtungen zu gew\u00e4hrleisten.<\/li><li><strong><span style=\"color: #000000\">Prozesskontrolle:<\/span> <\/strong>In industriellen Prozessen wie der chemischen Herstellung, der Arzneimittelproduktion und der Lebensmittelverarbeitung spielen 3-Wege-Regelventile eine entscheidende Rolle bei der Steuerung des Durchflusses von Fl\u00fcssigkeiten, Gasen und Dampf, um optimale Prozessbedingungen und Produktqualit\u00e4t zu erreichen.<\/li><li><strong><span style=\"color: #000000\">Wasseraufbereitung:<\/span><\/strong> Elektrische 3-Wege-Steuerventile werden in Wasseraufbereitungsanlagen eingesetzt, um den Fluss von Chemikalien zu regulieren, den pH-Wert zu kontrollieren und die Mischung verschiedener Wasserstr\u00f6me zu Reinigungs- und Desinfektionszwecken zu steuern.<\/li><li><strong><span style=\"color: #000000\">Erneuerbare Energiesysteme:<\/span><\/strong> In Systemen f\u00fcr erneuerbare Energien wie Solarthermie- und Geothermiekraftwerken helfen diese Ventile dabei, den Fluss von W\u00e4rmetr\u00e4gerfl\u00fcssigkeiten zu regulieren, um die Prozesse der Energiegewinnung und -umwandlung zu optimieren.<\/li><\/ul>\t\t\t\t\t\t\t\t<\/div>\n\t\t\t\t<\/div>\n\t\t\t\t\t<\/div>\n\t\t\t\t<\/div>\n\t\t\t\t<\/div>","protected":false},"excerpt":{"rendered":"<p>Das elektrische 3-Wege-Steuerventil ist eine hochentwickelte Komponente, die den Fl\u00fcssigkeitsfluss steuert, indem sie die Fl\u00fcssigkeiten \u00fcber drei verschiedene Wege umleitet oder mischt. Im Gegensatz zu herk\u00f6mmlichen Ventilen, die normalerweise eine bin\u00e4re Ein-\/Aus-Steuerung bieten, erm\u00f6glichen 3-Wege-Steuerventile eine pr\u00e4zise Modulation der Durchflussraten und -richtungen und sorgen so f\u00fcr mehr Flexibilit\u00e4t und Optimierung in Fl\u00fcssigkeitsmanagementsystemen.<\/p>\n<p>Sie werden h\u00e4ufig f\u00fcr automatische Produktionskontrollsysteme in der Industrie eingesetzt, unter anderem in der Chemie-, Erd\u00f6l- und Leichtindustrie, in Kraftwerken und in der Metallurgie.<\/p>\n<p>Das Ziel der DELCO-Gruppe besteht darin, unseren Kunden Produkte h\u00f6chster Qualit\u00e4t zu \u00e4u\u00dferst wettbewerbsf\u00e4higen Preisen, p\u00fcnktlicher Lieferung und umfassendem Garantieservice anzubieten.<\/p>\n<p>Modell: Elektrisches 3-Wege-Steuerventil<br \/>\nGr\u00f6\u00dfenbereich: 1\/2&quot; bis 12&quot;<br \/>\nDruckbereich: 1,6 bis 6,4 MPa<br \/>\nMaterial: Edelstahl 304\/316 oder WCB<\/p>","protected":false},"featured_media":6979,"template":"","meta":{"site-sidebar-layout":"default","site-content-layout":"","ast-site-content-layout":"default","site-content-style":"default","site-sidebar-style":"default","ast-global-header-display":"","ast-banner-title-visibility":"","ast-main-header-display":"","ast-hfb-above-header-display":"","ast-hfb-below-header-display":"","ast-hfb-mobile-header-display":"","site-post-title":"","ast-breadcrumbs-content":"","ast-featured-img":"","footer-sml-layout":"","ast-disable-related-posts":"","theme-transparent-header-meta":"default","adv-header-id-meta":"","stick-header-meta":"","header-above-stick-meta":"","header-main-stick-meta":"","header-below-stick-meta":"","astra-migrate-meta-layouts":"set","ast-page-background-enabled":"default","ast-page-background-meta":{"desktop":{"background-color":"var(--ast-global-color-4)","background-image":"","background-repeat":"repeat","background-position":"center center","background-size":"auto","background-attachment":"scroll","background-type":"","background-media":"","overlay-type":"","overlay-color":"","overlay-opacity":"","overlay-gradient":""},"tablet":{"background-color":"","background-image":"","background-repeat":"repeat","background-position":"center center","background-size":"auto","background-attachment":"scroll","background-type":"","background-media":"","overlay-type":"","overlay-color":"","overlay-opacity":"","overlay-gradient":""},"mobile":{"background-color":"","background-image":"","background-repeat":"repeat","background-position":"center center","background-size":"auto","background-attachment":"scroll","background-type":"","background-media":"","overlay-type":"","overlay-color":"","overlay-opacity":"","overlay-gradient":""}},"ast-content-background-meta":{"desktop":{"background-color":"var(--ast-global-color-5)","background-image":"","background-repeat":"repeat","background-position":"center center","background-size":"auto","background-attachment":"scroll","background-type":"","background-media":"","overlay-type":"","overlay-color":"","overlay-opacity":"","overlay-gradient":""},"tablet":{"background-color":"var(--ast-global-color-5)","background-image":"","background-repeat":"repeat","background-position":"center center","background-size":"auto","background-attachment":"scroll","background-type":"","background-media":"","overlay-type":"","overlay-color":"","overlay-opacity":"","overlay-gradient":""},"mobile":{"background-color":"var(--ast-global-color-5)","background-image":"","background-repeat":"repeat","background-position":"center center","background-size":"auto","background-attachment":"scroll","background-type":"","background-media":"","overlay-type":"","overlay-color":"","overlay-opacity":"","overlay-gradient":""}}},"product_brand":[],"product_cat":[36,256,33],"product_tag":[67,55,59,135,133,54,56],"class_list":{"0":"post-2066","1":"product","2":"type-product","3":"status-publish","4":"has-post-thumbnail","6":"product_cat-control-valves","7":"product_cat-electric-control-valve","8":"product_cat-products","9":"product_tag-3-way-control-valve","10":"product_tag-control-valve","11":"product_tag-control-valves","12":"product_tag-electric-3-way-control-valve","13":"product_tag-electric-control-valve","14":"product_tag-pneumatic-control-valve","15":"product_tag-valves","16":"desktop-align-center","17":"tablet-align-left","18":"mobile-align-left","20":"first","21":"instock","22":"shipping-taxable","23":"product-type-simple"},"_links":{"self":[{"href":"https:\/\/www.delcofluid.com\/de\/wp-json\/wp\/v2\/product\/2066","targetHints":{"allow":["GET"]}}],"collection":[{"href":"https:\/\/www.delcofluid.com\/de\/wp-json\/wp\/v2\/product"}],"about":[{"href":"https:\/\/www.delcofluid.com\/de\/wp-json\/wp\/v2\/types\/product"}],"version-history":[{"count":0,"href":"https:\/\/www.delcofluid.com\/de\/wp-json\/wp\/v2\/product\/2066\/revisions"}],"wp:featuredmedia":[{"embeddable":true,"href":"https:\/\/www.delcofluid.com\/de\/wp-json\/wp\/v2\/media\/6979"}],"wp:attachment":[{"href":"https:\/\/www.delcofluid.com\/de\/wp-json\/wp\/v2\/media?parent=2066"}],"wp:term":[{"taxonomy":"product_brand","embeddable":true,"href":"https:\/\/www.delcofluid.com\/de\/wp-json\/wp\/v2\/product_brand?post=2066"},{"taxonomy":"product_cat","embeddable":true,"href":"https:\/\/www.delcofluid.com\/de\/wp-json\/wp\/v2\/product_cat?post=2066"},{"taxonomy":"product_tag","embeddable":true,"href":"https:\/\/www.delcofluid.com\/de\/wp-json\/wp\/v2\/product_tag?post=2066"}],"curies":[{"name":"wp","href":"https:\/\/api.w.org\/{rel}","templated":true}]}}