{"id":2075,"date":"2024-03-19T07:16:09","date_gmt":"2024-03-19T07:16:09","guid":{"rendered":"https:\/\/www.delcofluid.com\/?post_type=product&#038;p=2075"},"modified":"2024-08-13T09:26:47","modified_gmt":"2024-08-13T08:26:47","slug":"electric-temperature-control-valves","status":"publish","type":"product","link":"https:\/\/www.delcofluid.com\/de\/produkt\/electric-temperature-control-valves\/","title":{"rendered":"DELCO Elektrische Temperaturregelventile-ZZWPE"},"content":{"rendered":"<div data-elementor-type=\"product-post\" data-elementor-id=\"2075\" class=\"elementor elementor-2075\" data-elementor-post-type=\"product\">\n\t\t\t\t<div class=\"elementor-element elementor-element-6fb59a60 e-flex e-con-boxed e-con e-parent\" data-id=\"6fb59a60\" data-element_type=\"container\" data-e-type=\"container\" data-settings=\"{&quot;ekit_has_onepagescroll_dot&quot;:&quot;yes&quot;}\">\n\t\t\t\t\t<div class=\"e-con-inner\">\n\t\t<div class=\"elementor-element elementor-element-b2e102c e-con-full e-flex e-con e-child\" data-id=\"b2e102c\" data-element_type=\"container\" data-e-type=\"container\" data-settings=\"{&quot;ekit_has_onepagescroll_dot&quot;:&quot;yes&quot;}\">\n\t\t\t\t<div class=\"elementor-element elementor-element-4c3cf80 elementor-widget elementor-widget-heading\" data-id=\"4c3cf80\" data-element_type=\"widget\" data-e-type=\"widget\" data-settings=\"{&quot;ekit_we_effect_on&quot;:&quot;none&quot;}\" data-widget_type=\"heading.default\">\n\t\t\t\t<div class=\"elementor-widget-container\">\n\t\t\t\t\t<h2 class=\"elementor-heading-title elementor-size-default\">Beschreibung<\/h2>\t\t\t\t<\/div>\n\t\t\t\t<\/div>\n\t\t\t\t<div class=\"elementor-element elementor-element-1af4cc68 elementor-widget__width-initial elementor-widget elementor-widget-text-editor\" data-id=\"1af4cc68\" data-element_type=\"widget\" data-e-type=\"widget\" data-settings=\"{&quot;ekit_we_effect_on&quot;:&quot;none&quot;}\" data-widget_type=\"text-editor.default\">\n\t\t\t\t<div class=\"elementor-widget-container\">\n\t\t\t\t\t\t\t\t\t<p>Der <span style=\"color: #000000\"><a style=\"color: #000000\" href=\"https:\/\/www.delcofluid.com\/de\/produkt-kategorie\/control-valves\/\">elektrisches Temperaturregelventil<\/a>S<\/span> stellt einen bedeutenden Fortschritt im Bereich der W\u00e4rmemanagementtechnologie dar. Im Gegensatz zu herk\u00f6mmlichen Ventilen, die auf mechanische Mechanismen zur Temperaturregulierung angewiesen sind, verwenden elektrische Temperaturregelventile elektronische Aktuatoren, um den Fl\u00fcssigkeitsfluss auf der Grundlage von Temperaturr\u00fcckmeldungen von Sensoren pr\u00e4zise zu modulieren. Dieser innovative Ansatz erm\u00f6glicht eine hochpr\u00e4zise und reaktionsschnelle Temperaturregelung und gew\u00e4hrleistet optimale thermische Bedingungen in einer Vielzahl von Anwendungen.<\/p><p>Das Herzst\u00fcck eines elektrischen Temperaturregelventils ist sein elektronischer Aktuator, der Signale von Temperatursensoren empf\u00e4ngt, um die Position des Ventils in Echtzeit anzupassen. Wenn sich die Temperatur der zu regelnden Fl\u00fcssigkeit \u00e4ndert, reagiert der Aktuator, indem er das Ventil \u00f6ffnet oder schlie\u00dft, um den gew\u00fcnschten Temperatursollwert beizubehalten. Dieser dynamische Steuermechanismus erm\u00f6glicht es dem Ventil, den Fl\u00fcssigkeitsfluss genau zu regulieren und so im gesamten System konstante Temperaturen sicherzustellen.<\/p><p>Zusammenfassend l\u00e4sst sich sagen, dass elektrische Temperaturregelventile einen bedeutenden Fortschritt in der W\u00e4rmemanagementtechnologie darstellen und eine pr\u00e4zise und effiziente Temperaturregelung in verschiedenen industriellen, gewerblichen und privaten Anwendungen erm\u00f6glichen. Mit ihren fortschrittlichen elektronischen Steuerungssystemen bieten diese Ventile beispiellose Genauigkeit und Reaktionsf\u00e4higkeit und sorgen so f\u00fcr optimale thermische Bedingungen und Energieeffizienz in fl\u00fcssigkeitsbasierten Heiz- und K\u00fchlsystemen. W\u00e4hrend sich die Technologie weiterentwickelt, werden elektrische Temperaturregelventile weiterhin an der Spitze der W\u00e4rmemanagement-Innovation bleiben und die Effizienz, Zuverl\u00e4ssigkeit und Leistung von W\u00e4rmeregelsystemen weltweit vorantreiben.<\/p>\t\t\t\t\t\t\t\t<\/div>\n\t\t\t\t<\/div>\n\t\t\t\t<\/div>\n\t\t\t\t<div class=\"elementor-element elementor-element-8e57110 elementor-widget elementor-widget-image\" data-id=\"8e57110\" data-element_type=\"widget\" data-e-type=\"widget\" data-settings=\"{&quot;ekit_we_effect_on&quot;:&quot;none&quot;}\" data-widget_type=\"image.default\">\n\t\t\t\t<div class=\"elementor-widget-container\">\n\t\t\t\t\t\t\t\t\t\t\t\t\t\t\t<img fetchpriority=\"high\" decoding=\"async\" width=\"1024\" height=\"1024\" src=\"https:\/\/www.delcofluid.com\/wp-content\/uploads\/2024\/03\/56-1024x1024.jpg\" class=\"attachment-large size-large wp-image-2081\" alt=\"DELCO Electric temperature control valves\" srcset=\"https:\/\/www.delcofluid.com\/wp-content\/uploads\/2024\/03\/56-1024x1024.jpg 1024w, https:\/\/www.delcofluid.com\/wp-content\/uploads\/2024\/03\/56-300x300.jpg 300w, https:\/\/www.delcofluid.com\/wp-content\/uploads\/2024\/03\/56-100x100.jpg 100w, https:\/\/www.delcofluid.com\/wp-content\/uploads\/2024\/03\/56-600x600.jpg 600w, https:\/\/www.delcofluid.com\/wp-content\/uploads\/2024\/03\/56-150x150.jpg 150w, https:\/\/www.delcofluid.com\/wp-content\/uploads\/2024\/03\/56-768x768.jpg 768w, https:\/\/www.delcofluid.com\/wp-content\/uploads\/2024\/03\/56.jpg 1500w\" sizes=\"(max-width: 1024px) 100vw, 1024px\" \/>\t\t\t\t\t\t\t\t\t\t\t\t\t\t\t<\/div>\n\t\t\t\t<\/div>\n\t\t\t\t\t<\/div>\n\t\t\t\t<\/div>\n\t\t<div class=\"elementor-element elementor-element-a55eeda e-flex e-con-boxed e-con e-parent\" data-id=\"a55eeda\" data-element_type=\"container\" data-e-type=\"container\" data-settings=\"{&quot;background_background&quot;:&quot;classic&quot;,&quot;ekit_has_onepagescroll_dot&quot;:&quot;yes&quot;}\">\n\t\t\t\t\t<div class=\"e-con-inner\">\n\t\t\t\t<div class=\"elementor-element elementor-element-585e9d9 elementor-widget elementor-widget-heading\" data-id=\"585e9d9\" data-element_type=\"widget\" data-e-type=\"widget\" data-settings=\"{&quot;ekit_we_effect_on&quot;:&quot;none&quot;}\" data-widget_type=\"heading.default\">\n\t\t\t\t<div class=\"elementor-widget-container\">\n\t\t\t\t\t<h2 class=\"elementor-heading-title elementor-size-default\">Aktuatorparameter<\/h2>\t\t\t\t<\/div>\n\t\t\t\t<\/div>\n\t\t\t\t\t<\/div>\n\t\t\t\t<\/div>\n\t\t<div class=\"elementor-element elementor-element-74c72de e-con-full e-flex e-con e-parent\" data-id=\"74c72de\" data-element_type=\"container\" data-e-type=\"container\" data-settings=\"{&quot;ekit_has_onepagescroll_dot&quot;:&quot;yes&quot;}\">\n\t\t\t\t<div class=\"elementor-element elementor-element-41da561 elementor-widget elementor-widget-text-editor\" data-id=\"41da561\" data-element_type=\"widget\" data-e-type=\"widget\" data-settings=\"{&quot;ekit_we_effect_on&quot;:&quot;none&quot;}\" data-widget_type=\"text-editor.default\">\n\t\t\t\t<div class=\"elementor-widget-container\">\n\t\t\t\t\t\t\t\t\t<table width=\"709\">\n<tbody>\n<tr>\n<td width=\"85\">Aktuatormodell<\/td>\n<td colspan=\"3\" width=\"284\">Wichtigste technische Parameter:<\/td>\n<td width=\"85\">W\u00e4rmesack, Kapillarmaterial<\/td>\n<td width=\"85\">Kapillarl\u00e4nge<\/td>\n<td width=\"85\">Temperaturregelbereich<\/td>\n<td width=\"85\">Abweichung vom Sollwert<\/td>\n<\/tr>\n<tr>\n<td width=\"85\">Serie 3810, Serie PSL<\/td>\n<td width=\"85\">Versorgungsspannung: 220 V\/50 Hz, Eingangssignal: 4 \u2013 20 mA oder 1 \u2013 5 V \u00b7 DC, Ausgangssignal: 4 \u2013 20 mA \u00b7 DC<\/td>\n<td width=\"85\">Schutzart: entspricht IP55, Druckfestes Zeichen: ExdII.BT4, manuelle Funktion: Griff<\/td>\n<td width=\"114\">Umgebungstemperatur: -25~+70\u00b0C, <br>Umgebungsfeuchtigkeit: \u226495%<\/td>\n<td width=\"85\">H62, 1Cr18Ni9Ti<\/td>\n<td width=\"85\">3 Reis, 5 Reis, 10 Reis<\/td>\n<td width=\"85\">0 ~ 250 \u2103<\/td>\n<td width=\"85\">\u00b12\u2103<\/td>\n<\/tr>\n<tr>\n<td width=\"85\">Ventilk\u00f6rperform<\/td>\n<td width=\"85\">Nenndurchmesser<\/td>\n<td width=\"85\">Nenndruck<\/td>\n<td width=\"114\">Flanschnorm<\/td>\n<td width=\"85\">Anschlussform<\/td>\n<td width=\"85\">Haubenform<\/td>\n<td width=\"85\">Stopfbuchsentyp<\/td>\n<td width=\"85\">Dichtungspackung<\/td>\n<\/tr>\n<tr>\n<td width=\"85\">Durchgangs-Kugelhahn<\/td>\n<td width=\"85\">DN15\uff5e300mm<\/td>\n<td width=\"85\">PN1,6, 2,5, 4,0, 6,4 MPa<\/td>\n<td width=\"114\">GB\/T9113, JB\/T79<\/td>\n<td width=\"85\">Flansch (FF RF RTJ), geschwei\u00dft (SW BW), Gewinde (f\u00fcr bis zu 1\u2033)<\/td>\n<td width=\"85\">Standardtyp -17~+230\u00b0C, Hochtemperaturtyp +230~+450\u00b0C<\/td>\n<td width=\"85\">Anschraubbare Niederhalter<\/td>\n<td width=\"85\">V-Typ PTFE-F\u00fcllstoff, impr\u00e4gnierter PTFE-Asbestf\u00fcllstoff, Asbest-Textilf\u00fcllstoff, Graphitf\u00fcllstoff<\/td>\n<\/tr>\n<\/tbody>\n<\/table>\t\t\t\t\t\t\t\t<\/div>\n\t\t\t\t<\/div>\n\t\t\t\t<\/div>\n\t\t<div class=\"elementor-element elementor-element-daef6c8 e-flex e-con-boxed e-con e-parent\" data-id=\"daef6c8\" data-element_type=\"container\" data-e-type=\"container\" data-settings=\"{&quot;ekit_has_onepagescroll_dot&quot;:&quot;yes&quot;}\">\n\t\t\t\t\t<div class=\"e-con-inner\">\n\t\t\t\t<div class=\"elementor-element elementor-element-52ddb61 elementor-widget elementor-widget-heading\" data-id=\"52ddb61\" data-element_type=\"widget\" data-e-type=\"widget\" data-settings=\"{&quot;ekit_we_effect_on&quot;:&quot;none&quot;}\" data-widget_type=\"heading.default\">\n\t\t\t\t<div class=\"elementor-widget-container\">\n\t\t\t\t\t<h2 class=\"elementor-heading-title elementor-size-default\">Temperaturregelventile<\/h2>\t\t\t\t<\/div>\n\t\t\t\t<\/div>\n\t\t\t\t<div class=\"elementor-element elementor-element-e1e5066 elementor-widget__width-initial elementor-widget elementor-widget-text-editor\" data-id=\"e1e5066\" data-element_type=\"widget\" data-e-type=\"widget\" data-settings=\"{&quot;ekit_we_effect_on&quot;:&quot;none&quot;}\" data-widget_type=\"text-editor.default\">\n\t\t\t\t<div class=\"elementor-widget-container\">\n\t\t\t\t\t\t\t\t\t<ul><li><p><strong>\u00a0Anwendungen f\u00fcr elektrische Temperaturregelventile:<\/strong><\/p><p>Die Vielseitigkeit und Pr\u00e4zision elektrischer Temperaturregelventile machen sie f\u00fcr eine Vielzahl von Anwendungen in unterschiedlichen Branchen unverzichtbar. Einige g\u00e4ngige Anwendungen sind:<\/p><ul><li><p>HVAC-Systeme: Diese Ventile werden in Heizungs-, L\u00fcftungs- und Klimaanlagen verwendet, um den Durchfluss von hei\u00dfem und kaltem Wasser zu regulieren und so eine pr\u00e4zise Temperaturregelung in Gewerbe- und Wohngeb\u00e4uden zu gew\u00e4hrleisten.<\/p><\/li><li><p>Industrielle Prozesse: In industriellen Anwendungen wie der chemischen Herstellung, Lebensmittelverarbeitung und Arzneimittelproduktion spielen elektrische Temperaturregelventile eine entscheidende Rolle bei der Aufrechterhaltung pr\u00e4ziser Temperaturbedingungen f\u00fcr optimale Prozesseffizienz und Produktqualit\u00e4t.<\/p><\/li><li><p>W\u00e4rmemanagementsysteme: Elektrische Temperaturregelventile werden in W\u00e4rmemanagementsystemen f\u00fcr elektronische Ger\u00e4te, Automotoren und Stromerzeugungsanlagen eingesetzt, um den K\u00fchlmittelfluss zu regulieren und optimale Betriebstemperaturen aufrechtzuerhalten.<\/p><\/li><\/ul><\/li><\/ul>\t\t\t\t\t\t\t\t<\/div>\n\t\t\t\t<\/div>\n\t\t\t\t<div class=\"elementor-element elementor-element-a3d6cd0 elementor-widget__width-initial elementor-widget elementor-widget-text-editor\" data-id=\"a3d6cd0\" data-element_type=\"widget\" data-e-type=\"widget\" data-settings=\"{&quot;ekit_we_effect_on&quot;:&quot;none&quot;}\" data-widget_type=\"text-editor.default\">\n\t\t\t\t<div class=\"elementor-widget-container\">\n\t\t\t\t\t\t\t\t\t<ul><li><p><strong>\u00a0Vorteile elektrischer Temperaturregelventile:<\/strong><\/p><ul><li><p>Pr\u00e4zise Regelung: Mit ihren elektronischen Aktuatoren und Temperatur-R\u00fcckkopplungsschleifen erm\u00f6glichen elektrische Temperaturregelventile eine pr\u00e4zise und reaktionsschnelle Temperaturregelung und gew\u00e4hrleisten so konstante thermische Bedingungen in fl\u00fcssigkeitsbasierten Systemen.<\/p><\/li><li><p>Energieeffizienz: Durch die Einhaltung pr\u00e4ziser Temperatursollwerte tragen diese Ventile zur Optimierung des Energieverbrauchs in Heiz- und K\u00fchlsystemen bei und senken so Energieverbrauch und Betriebskosten.<\/p><\/li><li><p>Vielseitigkeit: Elektrische Temperaturregelventile sind \u00e4u\u00dferst anpassungsf\u00e4hig und k\u00f6nnen an die spezifischen Anforderungen verschiedener Anwendungen angepasst werden, wodurch sie f\u00fcr eine breite Palette von W\u00e4rmemanagementaufgaben geeignet sind.<\/p><\/li><li><p>Fern\u00fcberwachung und -steuerung: Viele elektrische Temperaturregelventile sind mit erweiterten Kommunikationsschnittstellen ausgestattet, die eine Fern\u00fcberwachung und -steuerung \u00fcber computergest\u00fctzte Systeme erm\u00f6glichen und so die Systemflexibilit\u00e4t und -effizienz verbessern.<\/p><\/li><\/ul><\/li><\/ul>\t\t\t\t\t\t\t\t<\/div>\n\t\t\t\t<\/div>\n\t\t\t\t\t<\/div>\n\t\t\t\t<\/div>\n\t\t\t\t<\/div>","protected":false},"excerpt":{"rendered":"<p>Im Bereich der W\u00e4rmemanagementsysteme erweisen sich die elektrischen Temperaturregelventile als innovative L\u00f6sung, die die Temperaturregelung in verschiedenen industriellen Prozessen, HLK-Systemen und anderen Anwendungen revolutioniert. Durch die Kombination fortschrittlicher Elektronik mit Pr\u00e4zisionstechnik bieten diese Ventile eine beispiellose Kontrolle und Leistung und erm\u00f6glichen eine pr\u00e4zise Temperaturmodulation und -optimierung in fl\u00fcssigkeitsbasierten Heiz- und K\u00fchlsystemen.<\/p>\n<p>Das Ziel der DELCO-Gruppe besteht darin, unseren Kunden Produkte h\u00f6chster Qualit\u00e4t zu \u00e4u\u00dferst wettbewerbsf\u00e4higen Preisen, p\u00fcnktlicher Lieferung und umfassendem Garantieservice anzubieten.<\/p>\n<p>Modell: Elektrisches Temperaturregelventil<br \/>\nGr\u00f6\u00dfenbereich: 1\/2&quot; bis 12&quot;<br \/>\nDruckbereich: 1,6 bis 6,4 MPa<br \/>\nMaterial: Edelstahl 304\/316 oder WCB<\/p>","protected":false},"featured_media":6981,"template":"","meta":{"site-sidebar-layout":"default","site-content-layout":"","ast-site-content-layout":"default","site-content-style":"default","site-sidebar-style":"default","ast-global-header-display":"","ast-banner-title-visibility":"","ast-main-header-display":"","ast-hfb-above-header-display":"","ast-hfb-below-header-display":"","ast-hfb-mobile-header-display":"","site-post-title":"","ast-breadcrumbs-content":"","ast-featured-img":"","footer-sml-layout":"","ast-disable-related-posts":"","theme-transparent-header-meta":"default","adv-header-id-meta":"","stick-header-meta":"","header-above-stick-meta":"","header-main-stick-meta":"","header-below-stick-meta":"","astra-migrate-meta-layouts":"set","ast-page-background-enabled":"default","ast-page-background-meta":{"desktop":{"background-color":"var(--ast-global-color-4)","background-image":"","background-repeat":"repeat","background-position":"center center","background-size":"auto","background-attachment":"scroll","background-type":"","background-media":"","overlay-type":"","overlay-color":"","overlay-opacity":"","overlay-gradient":""},"tablet":{"background-color":"","background-image":"","background-repeat":"repeat","background-position":"center center","background-size":"auto","background-attachment":"scroll","background-type":"","background-media":"","overlay-type":"","overlay-color":"","overlay-opacity":"","overlay-gradient":""},"mobile":{"background-color":"","background-image":"","background-repeat":"repeat","background-position":"center center","background-size":"auto","background-attachment":"scroll","background-type":"","background-media":"","overlay-type":"","overlay-color":"","overlay-opacity":"","overlay-gradient":""}},"ast-content-background-meta":{"desktop":{"background-color":"var(--ast-global-color-5)","background-image":"","background-repeat":"repeat","background-position":"center center","background-size":"auto","background-attachment":"scroll","background-type":"","background-media":"","overlay-type":"","overlay-color":"","overlay-opacity":"","overlay-gradient":""},"tablet":{"background-color":"var(--ast-global-color-5)","background-image":"","background-repeat":"repeat","background-position":"center center","background-size":"auto","background-attachment":"scroll","background-type":"","background-media":"","overlay-type":"","overlay-color":"","overlay-opacity":"","overlay-gradient":""},"mobile":{"background-color":"var(--ast-global-color-5)","background-image":"","background-repeat":"repeat","background-position":"center center","background-size":"auto","background-attachment":"scroll","background-type":"","background-media":"","overlay-type":"","overlay-color":"","overlay-opacity":"","overlay-gradient":""}}},"product_brand":[],"product_cat":[36,256,33],"product_tag":[55,59,133,86,134,70,73,56],"class_list":{"0":"post-2075","1":"product","2":"type-product","3":"status-publish","4":"has-post-thumbnail","6":"product_cat-control-valves","7":"product_cat-electric-control-valve","8":"product_cat-products","9":"product_tag-control-valve","10":"product_tag-control-valves","11":"product_tag-electric-control-valve","12":"product_tag-electric-control-valves","13":"product_tag-electric-temperature-control-valve","14":"product_tag-temperature-control-valve","15":"product_tag-valve","16":"product_tag-valves","17":"desktop-align-center","18":"tablet-align-left","19":"mobile-align-left","21":"first","22":"instock","23":"shipping-taxable","24":"product-type-simple"},"_links":{"self":[{"href":"https:\/\/www.delcofluid.com\/de\/wp-json\/wp\/v2\/product\/2075","targetHints":{"allow":["GET"]}}],"collection":[{"href":"https:\/\/www.delcofluid.com\/de\/wp-json\/wp\/v2\/product"}],"about":[{"href":"https:\/\/www.delcofluid.com\/de\/wp-json\/wp\/v2\/types\/product"}],"version-history":[{"count":0,"href":"https:\/\/www.delcofluid.com\/de\/wp-json\/wp\/v2\/product\/2075\/revisions"}],"wp:featuredmedia":[{"embeddable":true,"href":"https:\/\/www.delcofluid.com\/de\/wp-json\/wp\/v2\/media\/6981"}],"wp:attachment":[{"href":"https:\/\/www.delcofluid.com\/de\/wp-json\/wp\/v2\/media?parent=2075"}],"wp:term":[{"taxonomy":"product_brand","embeddable":true,"href":"https:\/\/www.delcofluid.com\/de\/wp-json\/wp\/v2\/product_brand?post=2075"},{"taxonomy":"product_cat","embeddable":true,"href":"https:\/\/www.delcofluid.com\/de\/wp-json\/wp\/v2\/product_cat?post=2075"},{"taxonomy":"product_tag","embeddable":true,"href":"https:\/\/www.delcofluid.com\/de\/wp-json\/wp\/v2\/product_tag?post=2075"}],"curies":[{"name":"wp","href":"https:\/\/api.w.org\/{rel}","templated":true}]}}