{"id":2088,"date":"2024-03-19T07:43:58","date_gmt":"2024-03-19T07:43:58","guid":{"rendered":"https:\/\/www.delcofluid.com\/?post_type=product&#038;p=2088"},"modified":"2024-11-27T12:35:37","modified_gmt":"2024-11-27T12:35:37","slug":"self-operated-pressure-control-valve","status":"publish","type":"product","link":"https:\/\/www.delcofluid.com\/de\/produkt\/self-operated-pressure-control-valve\/","title":{"rendered":"DELCO Selbstgesteuertes Druckregelventil-ZZYP"},"content":{"rendered":"<div data-elementor-type=\"product-post\" data-elementor-id=\"2088\" class=\"elementor elementor-2088\" data-elementor-post-type=\"product\">\n\t\t\t\t<div class=\"elementor-element elementor-element-6fb59a60 e-flex e-con-boxed e-con e-parent\" data-id=\"6fb59a60\" data-element_type=\"container\" data-e-type=\"container\" data-settings=\"{&quot;ekit_has_onepagescroll_dot&quot;:&quot;yes&quot;}\">\n\t\t\t\t\t<div class=\"e-con-inner\">\n\t\t<div class=\"elementor-element elementor-element-b2e102c e-con-full e-flex e-con e-child\" data-id=\"b2e102c\" data-element_type=\"container\" data-e-type=\"container\" data-settings=\"{&quot;ekit_has_onepagescroll_dot&quot;:&quot;yes&quot;}\">\n\t\t\t\t<div class=\"elementor-element elementor-element-4c3cf80 elementor-widget elementor-widget-heading\" data-id=\"4c3cf80\" data-element_type=\"widget\" data-e-type=\"widget\" data-settings=\"{&quot;ekit_we_effect_on&quot;:&quot;none&quot;}\" data-widget_type=\"heading.default\">\n\t\t\t\t<div class=\"elementor-widget-container\">\n\t\t\t\t\t<h2 class=\"elementor-heading-title elementor-size-default\">Beschreibung<\/h2>\t\t\t\t<\/div>\n\t\t\t\t<\/div>\n\t\t\t\t<div class=\"elementor-element elementor-element-1af4cc68 elementor-widget__width-initial elementor-widget elementor-widget-text-editor\" data-id=\"1af4cc68\" data-element_type=\"widget\" data-e-type=\"widget\" data-settings=\"{&quot;ekit_we_effect_on&quot;:&quot;none&quot;}\" data-widget_type=\"text-editor.default\">\n\t\t\t\t<div class=\"elementor-widget-container\">\n\t\t\t\t\t\t\t\t\t<p>Im Bereich der Fl\u00fcssigkeitskontrollsysteme ist das selbstgesteuerte Druckregelventil ein H\u00f6hepunkt in puncto Innovation, Effizienz und Zuverl\u00e4ssigkeit. Mit seinem einzigartigen Design und seiner fortschrittlichen Technologie bietet dieses Ventil eine pr\u00e4zise und autonome Kontrolle der Druckniveaus in verschiedenen industriellen Prozessen, HLK-Systemen und anderen Anwendungen. Selbstgesteuerte Druckregelventile kombinieren die Prinzipien der Selbstregulierung mit robuster Technik und gew\u00e4hrleisten optimale Leistung und Sicherheit in fl\u00fcssigkeitsbasierten Systemen.<br \/>Das Herzst\u00fcck eines selbstgesteuerten Druckregelventils ist sein einzigartiger selbstregulierender Mechanismus, der aus einem Sensorelement, einem Steuermechanismus und einem Ventilantrieb besteht. Das Sensorelement \u00fcberwacht den Druck im System und sendet R\u00fcckmeldesignale an den Steuermechanismus. Basierend auf dieser R\u00fcckmeldung passt der Steuermechanismus die Position des Ventilantriebs an, um den Fl\u00fcssigkeitsfluss zu modulieren und so den gew\u00fcnschten Drucksollwert aufrechtzuerhalten.<\/p>\t\t\t\t\t\t\t\t<\/div>\n\t\t\t\t<\/div>\n\t\t\t\t<\/div>\n\t\t\t\t<div class=\"elementor-element elementor-element-8e57110 elementor-widget elementor-widget-image\" data-id=\"8e57110\" data-element_type=\"widget\" data-e-type=\"widget\" data-settings=\"{&quot;ekit_we_effect_on&quot;:&quot;none&quot;}\" data-widget_type=\"image.default\">\n\t\t\t\t<div class=\"elementor-widget-container\">\n\t\t\t\t\t\t\t\t\t\t\t\t\t\t\t<img fetchpriority=\"high\" decoding=\"async\" width=\"1024\" height=\"819\" src=\"https:\/\/www.delcofluid.com\/wp-content\/uploads\/2024\/03\/78-1024x819.jpg\" class=\"attachment-large size-large wp-image-2094\" alt=\"DELCO Self-operated Pressure Control Valve\" srcset=\"https:\/\/www.delcofluid.com\/wp-content\/uploads\/2024\/03\/78-1024x819.jpg 1024w, https:\/\/www.delcofluid.com\/wp-content\/uploads\/2024\/03\/78-600x480.jpg 600w, https:\/\/www.delcofluid.com\/wp-content\/uploads\/2024\/03\/78-300x240.jpg 300w, https:\/\/www.delcofluid.com\/wp-content\/uploads\/2024\/03\/78-768x614.jpg 768w, https:\/\/www.delcofluid.com\/wp-content\/uploads\/2024\/03\/78.jpg 1500w\" sizes=\"(max-width: 1024px) 100vw, 1024px\" \/>\t\t\t\t\t\t\t\t\t\t\t\t\t\t\t<\/div>\n\t\t\t\t<\/div>\n\t\t\t\t\t<\/div>\n\t\t\t\t<\/div>\n\t\t<div class=\"elementor-element elementor-element-a55eeda e-flex e-con-boxed e-con e-parent\" data-id=\"a55eeda\" data-element_type=\"container\" data-e-type=\"container\" data-settings=\"{&quot;background_background&quot;:&quot;classic&quot;,&quot;ekit_has_onepagescroll_dot&quot;:&quot;yes&quot;}\">\n\t\t\t\t\t<div class=\"e-con-inner\">\n\t\t\t\t<div class=\"elementor-element elementor-element-585e9d9 elementor-widget elementor-widget-heading\" data-id=\"585e9d9\" data-element_type=\"widget\" data-e-type=\"widget\" data-settings=\"{&quot;ekit_we_effect_on&quot;:&quot;none&quot;}\" data-widget_type=\"heading.default\">\n\t\t\t\t<div class=\"elementor-widget-container\">\n\t\t\t\t\t<h2 class=\"elementor-heading-title elementor-size-default\">Technische Parameter<\/h2>\t\t\t\t<\/div>\n\t\t\t\t<\/div>\n\t\t\t\t\t<\/div>\n\t\t\t\t<\/div>\n\t\t<div class=\"elementor-element elementor-element-3414eb9 e-flex e-con-boxed e-con e-parent\" data-id=\"3414eb9\" data-element_type=\"container\" data-e-type=\"container\" data-settings=\"{&quot;background_background&quot;:&quot;classic&quot;,&quot;ekit_has_onepagescroll_dot&quot;:&quot;yes&quot;}\">\n\t\t\t\t\t<div class=\"e-con-inner\">\n\t\t\t\t<div class=\"elementor-element elementor-element-13df62f elementor-widget__width-initial elementor-widget elementor-widget-text-editor\" data-id=\"13df62f\" data-element_type=\"widget\" data-e-type=\"widget\" data-settings=\"{&quot;ekit_we_effect_on&quot;:&quot;none&quot;}\" data-widget_type=\"text-editor.default\">\n\t\t\t\t<div class=\"elementor-widget-container\">\n\t\t\t\t\t\t\t\t\t<table width=\"288\"><tbody><tr><td width=\"72\">Typ<\/td><td width=\"72\">Einzelsitz, Doppelsitz, \u00c4rmel<\/td><td width=\"72\">Nenndurchmesser<\/td><td width=\"72\">DN15-DN300<\/td><\/tr><tr><td width=\"72\">Nenndruck<\/td><td width=\"72\">PN16, PN25, PN40, PN63, PN100<\/td><td width=\"72\">Verbindung<\/td><td width=\"72\">Flansch, Gewinde, Schwei\u00dfnaht (oder andere vom Kunden angegebene)<\/td><\/tr><tr><td width=\"72\">Struktur<\/td><td width=\"72\">Standardtyp (-20\u2103 ~+200\u2103)<\/td><td width=\"72\">Material<\/td><td width=\"72\">WCB, 304, 316, 316L<\/td><\/tr><tr><td width=\"72\">K\u00fchlungsart<\/td><td width=\"72\">\u00a0(-40~450\u2103)<\/td><td width=\"72\">Niedertemperatur-Typ<\/td><td width=\"72\">(-60\u2103 ~-196\u2103)<\/td><\/tr><tr><td width=\"72\">Verpackung<\/td><td width=\"72\">V-Typ PTFE, flexibler Graphit<\/td><td width=\"72\">Einstellbarer Bereich<\/td><td width=\"72\">50:01:00<\/td><\/tr><\/tbody><\/table><p>\u00a0<\/p>\t\t\t\t\t\t\t\t<\/div>\n\t\t\t\t<\/div>\n\t\t\t\t\t<\/div>\n\t\t\t\t<\/div>\n\t\t<div class=\"elementor-element elementor-element-74c72de e-con-full e-flex e-con e-parent\" data-id=\"74c72de\" data-element_type=\"container\" data-e-type=\"container\" data-settings=\"{&quot;ekit_has_onepagescroll_dot&quot;:&quot;yes&quot;}\">\n\t\t\t\t<\/div>\n\t\t<div class=\"elementor-element elementor-element-daef6c8 e-flex e-con-boxed e-con e-parent\" data-id=\"daef6c8\" data-element_type=\"container\" data-e-type=\"container\" data-settings=\"{&quot;ekit_has_onepagescroll_dot&quot;:&quot;yes&quot;}\">\n\t\t\t\t\t<div class=\"e-con-inner\">\n\t\t\t\t<div class=\"elementor-element elementor-element-52ddb61 elementor-widget elementor-widget-heading\" data-id=\"52ddb61\" data-element_type=\"widget\" data-e-type=\"widget\" data-settings=\"{&quot;ekit_we_effect_on&quot;:&quot;none&quot;}\" data-widget_type=\"heading.default\">\n\t\t\t\t<div class=\"elementor-widget-container\">\n\t\t\t\t\t<h2 class=\"elementor-heading-title elementor-size-default\">Selbstgesteuerte Druckregelventile<\/h2>\t\t\t\t<\/div>\n\t\t\t\t<\/div>\n\t\t\t\t<div class=\"elementor-element elementor-element-e1e5066 elementor-widget__width-initial elementor-widget elementor-widget-text-editor\" data-id=\"e1e5066\" data-element_type=\"widget\" data-e-type=\"widget\" data-settings=\"{&quot;ekit_we_effect_on&quot;:&quot;none&quot;}\" data-widget_type=\"text-editor.default\">\n\t\t\t\t<div class=\"elementor-widget-container\">\n\t\t\t\t\t\t\t\t\t<ul><li><p><strong>\u00a0Anwendungen f\u00fcr selbstgesteuerte Druckregelventile:<\/strong><\/p><p>Die Vielseitigkeit und Autonomie selbstgesteuerter Druckregelventile machen sie f\u00fcr eine Vielzahl von Anwendungen in unterschiedlichen Branchen unverzichtbar. Einige g\u00e4ngige Anwendungen sind:<\/p><ul><li><p>Dampfsysteme: Diese Ventile werden h\u00e4ufig in Dampfverteilungssystemen verwendet, um den Dampfdruck zu regulieren und eine gleichbleibende Leistung beim Erhitzen, Sterilisieren und anderen Prozessen sicherzustellen.<\/p><\/li><li><p>\u00d6l- und Gasf\u00f6rderung: In der \u00d6l- und Gasindustrie spielen selbstt\u00e4tige Druckregelventile eine entscheidende Rolle bei der Kontrolle des Druckniveaus in Produktionsbohrungen, Pipelines und Verarbeitungsanlagen und gew\u00e4hrleisten einen sicheren und effizienten Betrieb.<\/p><\/li><li><p>Wasserverteilungsnetze: In Wasserverteilungsnetzen werden selbststeuernde Druckregelventile eingesetzt, um in st\u00e4dtischen Wasserversorgungssystemen optimale Druckniveaus aufrechtzuerhalten, Wasserschl\u00e4ge zu verhindern und eine zuverl\u00e4ssige Wasserversorgung der Verbraucher zu gew\u00e4hrleisten.<\/p><\/li><\/ul><\/li><\/ul>\t\t\t\t\t\t\t\t<\/div>\n\t\t\t\t<\/div>\n\t\t\t\t<div class=\"elementor-element elementor-element-a3d6cd0 elementor-widget__width-initial elementor-widget elementor-widget-text-editor\" data-id=\"a3d6cd0\" data-element_type=\"widget\" data-e-type=\"widget\" data-settings=\"{&quot;ekit_we_effect_on&quot;:&quot;none&quot;}\" data-widget_type=\"text-editor.default\">\n\t\t\t\t<div class=\"elementor-widget-container\">\n\t\t\t\t\t\t\t\t\t<ul><li><p><strong>\u00a0Vorteile selbstt\u00e4tiger Druckregelventile:<\/strong><\/p><ul><li><p>Autonomie: Selbstgesteuerte Druckregelventile erfordern keine externen Energiequellen oder komplexen Steuerungssysteme. Sie verlassen sich ausschlie\u00dflich auf den Druck der Fl\u00fcssigkeit selbst, um die Durchflussraten zu regulieren und das Druckniveau aufrechtzuerhalten. Dadurch wird die Abh\u00e4ngigkeit von externer Infrastruktur verringert und die Systemzuverl\u00e4ssigkeit verbessert.<\/p><\/li><li><p>Effizienz: Durch die automatische Anpassung der Durchflussraten als Reaktion auf Druck\u00e4nderungen tragen selbststeuernde Ventile zur Optimierung des Energieverbrauchs und zur Senkung der Betriebskosten in fl\u00fcssigkeitsbasierten Systemen bei.<\/p><\/li><li><p>Zuverl\u00e4ssigkeit: Dank ihrer robusten Bauweise und des selbstregelnden Mechanismus bieten selbstgesteuerte Druckregelventile eine zuverl\u00e4ssige Leistung unter verschiedensten Betriebsbedingungen und gew\u00e4hrleisten so eine stabile Druckregelung und Systemsicherheit.<\/p><\/li><li><p>Flexibilit\u00e4t: Selbstgesteuerte Druckregelventile sind \u00e4u\u00dferst anpassungsf\u00e4hig und k\u00f6nnen an die spezifischen Anforderungen verschiedener Anwendungen angepasst werden, sodass sie f\u00fcr eine Vielzahl von Aufgaben zur Fl\u00fcssigkeitsregelung geeignet sind.<\/p><\/li><\/ul><\/li><\/ul>\t\t\t\t\t\t\t\t<\/div>\n\t\t\t\t<\/div>\n\t\t\t\t\t<\/div>\n\t\t\t\t<\/div>\n\t\t\t\t<\/div>","protected":false},"excerpt":{"rendered":"<p>Das selbstt\u00e4tige Druckregelventil ist ein hochentwickeltes Ger\u00e4t, das den Fl\u00fcssigkeitsfluss automatisch regelt, um einen konstanten Druckpegel innerhalb eines Systems aufrechtzuerhalten. Im Gegensatz zu herk\u00f6mmlichen Druckregelventilen, die externe Energiequellen oder komplexe Steuersysteme ben\u00f6tigen, nutzen selbstt\u00e4tige Ventile den Druck der Fl\u00fcssigkeit selbst, um die Durchflussrate zu modulieren und den Druck zu regulieren, was sie in einer Vielzahl von Anwendungen hocheffizient und zuverl\u00e4ssig macht.<\/p>\n<p>Modell: Selbstgesteuertes Druckregelventil-ZZYP<br \/>\nGr\u00f6\u00dfenbereich: 1\/2&quot; bis 12&quot;<br \/>\nDruckbereich: 1,6 bis 6,4 MPa<br \/>\nMaterial: WCB oder Edelstahl 304\/316<\/p>","protected":false},"featured_media":6985,"template":"","meta":{"site-sidebar-layout":"default","site-content-layout":"","ast-site-content-layout":"default","site-content-style":"default","site-sidebar-style":"default","ast-global-header-display":"","ast-banner-title-visibility":"","ast-main-header-display":"","ast-hfb-above-header-display":"","ast-hfb-below-header-display":"","ast-hfb-mobile-header-display":"","site-post-title":"","ast-breadcrumbs-content":"","ast-featured-img":"","footer-sml-layout":"","ast-disable-related-posts":"","theme-transparent-header-meta":"default","adv-header-id-meta":"","stick-header-meta":"","header-above-stick-meta":"","header-main-stick-meta":"","header-below-stick-meta":"","astra-migrate-meta-layouts":"set","ast-page-background-enabled":"default","ast-page-background-meta":{"desktop":{"background-color":"var(--ast-global-color-4)","background-image":"","background-repeat":"repeat","background-position":"center center","background-size":"auto","background-attachment":"scroll","background-type":"","background-media":"","overlay-type":"","overlay-color":"","overlay-opacity":"","overlay-gradient":""},"tablet":{"background-color":"","background-image":"","background-repeat":"repeat","background-position":"center center","background-size":"auto","background-attachment":"scroll","background-type":"","background-media":"","overlay-type":"","overlay-color":"","overlay-opacity":"","overlay-gradient":""},"mobile":{"background-color":"","background-image":"","background-repeat":"repeat","background-position":"center center","background-size":"auto","background-attachment":"scroll","background-type":"","background-media":"","overlay-type":"","overlay-color":"","overlay-opacity":"","overlay-gradient":""}},"ast-content-background-meta":{"desktop":{"background-color":"var(--ast-global-color-5)","background-image":"","background-repeat":"repeat","background-position":"center center","background-size":"auto","background-attachment":"scroll","background-type":"","background-media":"","overlay-type":"","overlay-color":"","overlay-opacity":"","overlay-gradient":""},"tablet":{"background-color":"var(--ast-global-color-5)","background-image":"","background-repeat":"repeat","background-position":"center center","background-size":"auto","background-attachment":"scroll","background-type":"","background-media":"","overlay-type":"","overlay-color":"","overlay-opacity":"","overlay-gradient":""},"mobile":{"background-color":"var(--ast-global-color-5)","background-image":"","background-repeat":"repeat","background-position":"center center","background-size":"auto","background-attachment":"scroll","background-type":"","background-media":"","overlay-type":"","overlay-color":"","overlay-opacity":"","overlay-gradient":""}}},"product_brand":[],"product_cat":[36,33,934],"product_tag":[55,59,71,90,72,73,56],"class_list":{"0":"post-2088","1":"product","2":"type-product","3":"status-publish","4":"has-post-thumbnail","6":"product_cat-control-valves","7":"product_cat-products","8":"product_cat-self-opereted-control-valve","9":"product_tag-control-valve","10":"product_tag-control-valves","11":"product_tag-self-operated-pressure-control-valve","12":"product_tag-self-operated-pressure-control-valves","13":"product_tag-self-operated-pressure-regulating-valve","14":"product_tag-valve","15":"product_tag-valves","16":"desktop-align-center","17":"tablet-align-left","18":"mobile-align-left","20":"first","21":"instock","22":"shipping-taxable","23":"product-type-simple"},"_links":{"self":[{"href":"https:\/\/www.delcofluid.com\/de\/wp-json\/wp\/v2\/product\/2088","targetHints":{"allow":["GET"]}}],"collection":[{"href":"https:\/\/www.delcofluid.com\/de\/wp-json\/wp\/v2\/product"}],"about":[{"href":"https:\/\/www.delcofluid.com\/de\/wp-json\/wp\/v2\/types\/product"}],"version-history":[{"count":0,"href":"https:\/\/www.delcofluid.com\/de\/wp-json\/wp\/v2\/product\/2088\/revisions"}],"wp:featuredmedia":[{"embeddable":true,"href":"https:\/\/www.delcofluid.com\/de\/wp-json\/wp\/v2\/media\/6985"}],"wp:attachment":[{"href":"https:\/\/www.delcofluid.com\/de\/wp-json\/wp\/v2\/media?parent=2088"}],"wp:term":[{"taxonomy":"product_brand","embeddable":true,"href":"https:\/\/www.delcofluid.com\/de\/wp-json\/wp\/v2\/product_brand?post=2088"},{"taxonomy":"product_cat","embeddable":true,"href":"https:\/\/www.delcofluid.com\/de\/wp-json\/wp\/v2\/product_cat?post=2088"},{"taxonomy":"product_tag","embeddable":true,"href":"https:\/\/www.delcofluid.com\/de\/wp-json\/wp\/v2\/product_tag?post=2088"}],"curies":[{"name":"wp","href":"https:\/\/api.w.org\/{rel}","templated":true}]}}