{"id":2117,"date":"2024-03-20T01:30:16","date_gmt":"2024-03-20T01:30:16","guid":{"rendered":"https:\/\/www.delcofluid.com\/?post_type=product&#038;p=2117"},"modified":"2024-11-27T12:38:43","modified_gmt":"2024-11-27T12:38:43","slug":"self-operated-nitrogen-sealing-valve-zzyvp","status":"publish","type":"product","link":"https:\/\/www.delcofluid.com\/de\/produkt\/self-operated-nitrogen-sealing-valve-zzyvp\/","title":{"rendered":"Selbstgesteuertes Stickstoff-Dichtungssteuerventil-ZZYVP-16"},"content":{"rendered":"<div data-elementor-type=\"product-post\" data-elementor-id=\"2117\" class=\"elementor elementor-2117\" data-elementor-post-type=\"product\">\n\t\t\t\t<div class=\"elementor-element elementor-element-6fb59a60 e-flex e-con-boxed e-con e-parent\" data-id=\"6fb59a60\" data-element_type=\"container\" data-e-type=\"container\" data-settings=\"{&quot;ekit_has_onepagescroll_dot&quot;:&quot;yes&quot;}\">\n\t\t\t\t\t<div class=\"e-con-inner\">\n\t\t<div class=\"elementor-element elementor-element-b2e102c e-con-full e-flex e-con e-child\" data-id=\"b2e102c\" data-element_type=\"container\" data-e-type=\"container\" data-settings=\"{&quot;ekit_has_onepagescroll_dot&quot;:&quot;yes&quot;}\">\n\t\t\t\t<div class=\"elementor-element elementor-element-4c3cf80 elementor-widget elementor-widget-heading\" data-id=\"4c3cf80\" data-element_type=\"widget\" data-e-type=\"widget\" data-settings=\"{&quot;ekit_we_effect_on&quot;:&quot;none&quot;}\" data-widget_type=\"heading.default\">\n\t\t\t\t<div class=\"elementor-widget-container\">\n\t\t\t\t\t<h2 class=\"elementor-heading-title elementor-size-default\">Beschreibung<\/h2>\t\t\t\t<\/div>\n\t\t\t\t<\/div>\n\t\t\t\t<div class=\"elementor-element elementor-element-1af4cc68 elementor-widget__width-initial elementor-widget elementor-widget-text-editor\" data-id=\"1af4cc68\" data-element_type=\"widget\" data-e-type=\"widget\" data-settings=\"{&quot;ekit_we_effect_on&quot;:&quot;none&quot;}\" data-widget_type=\"text-editor.default\">\n\t\t\t\t<div class=\"elementor-widget-container\">\n\t\t\t\t\t\t\t\t\t<p>Das selbstt\u00e4tige Stickstoff-Abdichtungsventil wird haupts\u00e4chlich zur konstanten Kontrolle des Stickstoffdrucks oben im Lagertank verwendet, um die Materialien im Tank vor Nitrierung zu sch\u00fctzen und die Sicherheit des Lagertanks zu gew\u00e4hrleisten. Das Druckregelventil mit Regler besteht aus zwei Hauptteilen: einem Schnellablassventil und einem selbstt\u00e4tigen Mikrodruckregelventil. Das Schnellablassventil besteht aus einem Druckregler und einem Einsitz-Absperrventil.<br \/>Funktionsprinzip: Wenn der Druck im Lagertank auf den eingestellten Druck ansteigt, \u00f6ffnet sich das Schnellablassventil schnell, um den \u00dcberdruck im Tank abzulassen. Wenn der Druck im Lagertank sinkt, \u00f6ffnet sich das Mikrodruckregelventil und f\u00fcllt den Tank mit Stickstoffgas, da das Mikrodruckregelventil bei einem Druck unter 0,05 kPa verwendet werden muss und der Druck vor Ort hoch ist. Bevor es verwendet werden kann, muss ein Druckregelventil installiert werden, um den Druck auf unter 0,05 kPa zu senken. Der Nenndruck betr\u00e4gt 0,05 kPa und der Druck kann stufenweise von 0,05 kPa bis unter 66 kPa eingestellt werden. Die Mediumtemperatur betr\u00e4gt 80 \u00b0C.<\/p>\t\t\t\t\t\t\t\t<\/div>\n\t\t\t\t<\/div>\n\t\t\t\t<\/div>\n\t\t\t\t<div class=\"elementor-element elementor-element-8e57110 elementor-widget elementor-widget-image\" data-id=\"8e57110\" data-element_type=\"widget\" data-e-type=\"widget\" data-settings=\"{&quot;ekit_we_effect_on&quot;:&quot;none&quot;}\" data-widget_type=\"image.default\">\n\t\t\t\t<div class=\"elementor-widget-container\">\n\t\t\t\t\t\t\t\t\t\t\t\t\t\t\t<img fetchpriority=\"high\" decoding=\"async\" width=\"1024\" height=\"620\" src=\"https:\/\/www.delcofluid.com\/wp-content\/uploads\/2024\/03\/z4-1-1024x620.jpg\" class=\"attachment-large size-large wp-image-2122\" alt=\"Self-Operated Nitrogen Sealing Control Valve\" srcset=\"https:\/\/www.delcofluid.com\/wp-content\/uploads\/2024\/03\/z4-1-1024x620.jpg 1024w, https:\/\/www.delcofluid.com\/wp-content\/uploads\/2024\/03\/z4-1-600x363.jpg 600w, https:\/\/www.delcofluid.com\/wp-content\/uploads\/2024\/03\/z4-1-300x182.jpg 300w, https:\/\/www.delcofluid.com\/wp-content\/uploads\/2024\/03\/z4-1-768x465.jpg 768w, https:\/\/www.delcofluid.com\/wp-content\/uploads\/2024\/03\/z4-1.jpg 1500w\" sizes=\"(max-width: 1024px) 100vw, 1024px\" \/>\t\t\t\t\t\t\t\t\t\t\t\t\t\t\t<\/div>\n\t\t\t\t<\/div>\n\t\t\t\t\t<\/div>\n\t\t\t\t<\/div>\n\t\t<div class=\"elementor-element elementor-element-a55eeda e-flex e-con-boxed e-con e-parent\" data-id=\"a55eeda\" data-element_type=\"container\" data-e-type=\"container\" data-settings=\"{&quot;background_background&quot;:&quot;classic&quot;,&quot;ekit_has_onepagescroll_dot&quot;:&quot;yes&quot;}\">\n\t\t\t\t\t<div class=\"e-con-inner\">\n\t\t\t\t<div class=\"elementor-element elementor-element-585e9d9 elementor-widget elementor-widget-heading\" data-id=\"585e9d9\" data-element_type=\"widget\" data-e-type=\"widget\" data-settings=\"{&quot;ekit_we_effect_on&quot;:&quot;none&quot;}\" data-widget_type=\"heading.default\">\n\t\t\t\t<div class=\"elementor-widget-container\">\n\t\t\t\t\t<h2 class=\"elementor-heading-title elementor-size-default\">Technische Parameter<\/h2>\t\t\t\t<\/div>\n\t\t\t\t<\/div>\n\t\t\t\t\t<\/div>\n\t\t\t\t<\/div>\n\t\t<div class=\"elementor-element elementor-element-3414eb9 e-flex e-con-boxed e-con e-parent\" data-id=\"3414eb9\" data-element_type=\"container\" data-e-type=\"container\" data-settings=\"{&quot;background_background&quot;:&quot;classic&quot;,&quot;ekit_has_onepagescroll_dot&quot;:&quot;yes&quot;}\">\n\t\t\t\t\t<div class=\"e-con-inner\">\n\t\t\t\t<div class=\"elementor-element elementor-element-13df62f elementor-widget__width-initial elementor-widget elementor-widget-text-editor\" data-id=\"13df62f\" data-element_type=\"widget\" data-e-type=\"widget\" data-settings=\"{&quot;ekit_we_effect_on&quot;:&quot;none&quot;}\" data-widget_type=\"text-editor.default\">\n\t\t\t\t<div class=\"elementor-widget-container\">\n\t\t\t\t\t\t\t\t\t<table width=\"921\"><tbody><tr><td width=\"72\">DN (mm)<\/td><td width=\"72\">Sitzdurchmesser (mm)<\/td><td width=\"86\">Nenndurchflusskoeffizient Kv<\/td><td width=\"94\">Druckregelbereich KPa<\/td><td width=\"91\">Nenndruck PN (MPa).<\/td><td width=\"109\">Temperatur des einzustellenden Mediums (\u00b0C)<\/td><td width=\"96\">Durchflusseigenschaften<\/td><td width=\"72\">Einstellgenauigkeit (%)<\/td><td width=\"120\">Effektive Fl\u00e4che des Aktuators (cm2).<\/td><td width=\"109\">Druckschlauch-Schnittstelle<\/td><\/tr><tr><td rowspan=\"3\" width=\"72\">20<\/td><td width=\"72\">6<\/td><td width=\"86\">0.32<\/td><td rowspan=\"13\" width=\"94\">0,2\uff5e0,5\u3001<br \/>0,5\uff5e1,5\u3001<br \/>1\uff5e3\u3001<br \/>4,0\uff5e10<\/td><td rowspan=\"13\" width=\"91\">1,6, 2,5<\/td><td rowspan=\"13\" width=\"109\">-5\uff5e+75<\/td><td rowspan=\"13\" width=\"96\">Beeil dich<\/td><td rowspan=\"13\" width=\"72\">\u2264\u00b15<\/td><td rowspan=\"5\" width=\"120\">200<\/td><td rowspan=\"13\" width=\"109\">M16\u00d71,5<\/td><\/tr><tr><td width=\"72\">15<\/td><td width=\"86\">5<\/td><\/tr><tr><td width=\"72\">20<\/td><td width=\"86\">8<\/td><\/tr><tr><td width=\"72\">25<\/td><td width=\"72\">25<\/td><td width=\"86\">11<\/td><\/tr><tr><td rowspan=\"3\" width=\"72\">40<\/td><td rowspan=\"2\" width=\"72\">32<\/td><td rowspan=\"2\" width=\"86\">20<\/td><\/tr><tr><td rowspan=\"3\" width=\"120\">280<\/td><\/tr><tr><td width=\"72\">40<\/td><td width=\"86\">30<\/td><\/tr><tr><td width=\"72\">50<\/td><td width=\"72\">50<\/td><td width=\"86\">48<\/td><\/tr><tr><td rowspan=\"2\" width=\"72\">80<\/td><td width=\"72\">65<\/td><td width=\"86\">75<\/td><td rowspan=\"3\" width=\"120\">400<\/td><\/tr><tr><td width=\"72\">80<\/td><td width=\"86\">120<\/td><\/tr><tr><td width=\"72\">100<\/td><td width=\"72\">100<\/td><td width=\"86\">190<\/td><\/tr><tr><td rowspan=\"2\" width=\"72\">150<\/td><td width=\"72\">125<\/td><td width=\"86\">300<\/td><td rowspan=\"2\" width=\"120\">600<\/td><\/tr><tr><td width=\"72\">150<\/td><td width=\"86\">480<\/td><\/tr><\/tbody><\/table>\t\t\t\t\t\t\t\t<\/div>\n\t\t\t\t<\/div>\n\t\t\t\t\t<\/div>\n\t\t\t\t<\/div>\n\t\t<div class=\"elementor-element elementor-element-daef6c8 e-flex e-con-boxed e-con e-parent\" data-id=\"daef6c8\" data-element_type=\"container\" data-e-type=\"container\" data-settings=\"{&quot;ekit_has_onepagescroll_dot&quot;:&quot;yes&quot;}\">\n\t\t\t\t\t<div class=\"e-con-inner\">\n\t\t\t\t<div class=\"elementor-element elementor-element-52ddb61 elementor-widget elementor-widget-heading\" data-id=\"52ddb61\" data-element_type=\"widget\" data-e-type=\"widget\" data-settings=\"{&quot;ekit_we_effect_on&quot;:&quot;none&quot;}\" data-widget_type=\"heading.default\">\n\t\t\t\t<div class=\"elementor-widget-container\">\n\t\t\t\t\t<h2 class=\"elementor-heading-title elementor-size-default\">Selbststeuerndes Stickstoff-Sperrventil<\/h2>\t\t\t\t<\/div>\n\t\t\t\t<\/div>\n\t\t\t\t<div class=\"elementor-element elementor-element-e1e5066 elementor-widget__width-initial elementor-widget elementor-widget-text-editor\" data-id=\"e1e5066\" data-element_type=\"widget\" data-e-type=\"widget\" data-settings=\"{&quot;ekit_we_effect_on&quot;:&quot;none&quot;}\" data-widget_type=\"text-editor.default\">\n\t\t\t\t<div class=\"elementor-widget-container\">\n\t\t\t\t\t\t\t\t\t<ul><li><p><strong>\u00a0Anwendungen f\u00fcr selbstgesteuerte Stickstoff-Sperrventile:<\/strong><\/p><p>Die Vielseitigkeit und Zuverl\u00e4ssigkeit selbstt\u00e4tiger Stickstoff-Dichtventile machen sie in einer Vielzahl industrieller Anwendungen unverzichtbar. Einige g\u00e4ngige Anwendungen sind:<\/p><ul><li><p>Chemische Verarbeitung: In chemischen Produktions- und Verarbeitungsanlagen werden selbstt\u00e4tige Stickstoff-Sperrventile verwendet, um in Lagertanks, Reaktoren und anderen Ger\u00e4ten eine inerte Atmosph\u00e4re zu erzeugen und so Oxidation, Kontamination und gef\u00e4hrliche Reaktionen zu verhindern.<\/p><\/li><li><p>Lebensmittel- und Getr\u00e4nkeproduktion: In der Lebensmittel- und Getr\u00e4nkeindustrie werden diese Ventile eingesetzt, um w\u00e4hrend der Lagerung und Verpackung eine Stickstoffschicht \u00fcber fl\u00fcssigen Produkten aufrechtzuerhalten und so Verderb, Oxidation und mikrobielles Wachstum zu verhindern.<\/p><\/li><li><p>Pharmazeutische Herstellung: In pharmazeutischen Produktionsanlagen werden selbstt\u00e4tige Stickstoff-Verschlussventile eingesetzt, um in Verarbeitungsger\u00e4ten und Lagerbeh\u00e4ltern eine sterile Umgebung zu schaffen und so die Reinheit und Stabilit\u00e4t der Produkte sicherzustellen.<\/p><\/li><li><p>Elektronikfertigung: In der Halbleiter- und Elektronikfertigung spielen diese Ventile eine entscheidende Rolle bei der Verhinderung des Eindringens von Feuchtigkeit und Sauerstoff w\u00e4hrend Montage- und Verpackungsprozessen und sch\u00fctzen so empfindliche elektronische Komponenten und Ger\u00e4te.<\/p><\/li><\/ul><\/li><\/ul>\t\t\t\t\t\t\t\t<\/div>\n\t\t\t\t<\/div>\n\t\t\t\t<div class=\"elementor-element elementor-element-a3d6cd0 elementor-widget__width-initial elementor-widget elementor-widget-text-editor\" data-id=\"a3d6cd0\" data-element_type=\"widget\" data-e-type=\"widget\" data-settings=\"{&quot;ekit_we_effect_on&quot;:&quot;none&quot;}\" data-widget_type=\"text-editor.default\">\n\t\t\t\t<div class=\"elementor-widget-container\">\n\t\t\t\t\t\t\t\t\t<ul><li><p><strong>\u00a0Vorteile selbstt\u00e4tiger Stickstoff-Sperrventile:<\/strong><\/p><ul><li><p>Autonomer Betrieb: Selbstbetriebene Stickstoff-Dichtungsventile ben\u00f6tigen keine externen Stromquellen oder komplexen Steuerungssysteme. Sie verlassen sich ausschlie\u00dflich auf den Druck des Stickstoffgases selbst, um die Durchflussraten zu regulieren und den Dichtungsdruck aufrechtzuerhalten. Dadurch wird die Abh\u00e4ngigkeit von externer Infrastruktur verringert und die Systemzuverl\u00e4ssigkeit verbessert.<\/p><\/li><li><p>Effizienz: Durch die automatische Anpassung der Durchflussraten als Reaktion auf \u00c4nderungen des Dichtungsdrucks tragen diese Ventile zur Optimierung des Stickstoffverbrauchs und zur Reduzierung der Betriebskosten bei Dichtungsanwendungen bei und verbessern so die Effizienz und Nachhaltigkeit.<\/p><\/li><li><p>Zuverl\u00e4ssigkeit: Dank ihrer robusten Bauweise und des selbstregulierenden Mechanismus bieten selbstbetriebene Stickstoff-Dichtventile eine zuverl\u00e4ssige Leistung unter verschiedensten Betriebsbedingungen und gew\u00e4hrleisten einen gleichbleibenden Dichtungsdruck und Systemintegrit\u00e4t.<\/p><\/li><li><p>Flexibilit\u00e4t: Selbstgesteuerte Stickstoff-Dichtventile sind \u00e4u\u00dferst anpassungsf\u00e4hig und k\u00f6nnen an die spezifischen Anforderungen verschiedener Anwendungen angepasst werden, sodass sie f\u00fcr eine Vielzahl von Dichtungsaufgaben in verschiedenen Branchen geeignet sind.<\/p><\/li><\/ul><\/li><\/ul>\t\t\t\t\t\t\t\t<\/div>\n\t\t\t\t<\/div>\n\t\t\t\t<div class=\"elementor-element elementor-element-0b33c82 elementor-widget__width-initial elementor-widget elementor-widget-text-editor\" data-id=\"0b33c82\" data-element_type=\"widget\" data-e-type=\"widget\" data-settings=\"{&quot;ekit_we_effect_on&quot;:&quot;none&quot;}\" data-widget_type=\"text-editor.default\">\n\t\t\t\t<div class=\"elementor-widget-container\">\n\t\t\t\t\t\t\t\t\t<p>Das selbstgesteuerte Stickstoff-Dichtungsventil stellt einen bedeutenden Fortschritt in der Dichtungstechnologie dar und bietet eine autonome und effiziente Kontrolle des Dichtungsdrucks in industriellen Prozessen. Mit ihrem einzigartigen selbstregulierenden Mechanismus und ihrer Zuverl\u00e4ssigkeit bieten diese Ventile verbesserte Sicherheit, Integrit\u00e4t und Effizienz bei Dichtungsanwendungen in verschiedenen Branchen. W\u00e4hrend sich die Technologie weiterentwickelt, werden selbstgesteuerte Stickstoff-Dichtungsventile weiterhin an der Spitze der Dichtungsinnovation bleiben und die Effizienz, Zuverl\u00e4ssigkeit und Leistung in industriellen Prozessen weltweit vorantreiben.<\/p>\t\t\t\t\t\t\t\t<\/div>\n\t\t\t\t<\/div>\n\t\t\t\t\t<\/div>\n\t\t\t\t<\/div>\n\t\t\t\t<\/div>","protected":false},"excerpt":{"rendered":"<p>Der Commander vom Typ ZZYVP bedient das selbstt\u00e4tige Druckregelventil (Stickstoff-Dichtventil), ein energiesparendes Druckregelventil, das den Druck hinter dem Ventil automatisch auf einen eingestellten Wert einstellen und stabilisieren kann, indem es die Druck\u00e4nderung des geregelten Mediums selbst ohne externe Energie nutzt. Die Druckeinstellung des Ventils erfolgt am Commander, was bequem und schnell ist, und der Drucksollwert kann w\u00e4hrend des Betriebs beliebig angepasst werden. Die Regelgenauigkeit ist hoch, sie ist doppelt so hoch wie bei einem gew\u00f6hnlichen direkt betriebenen selbstt\u00e4tigen Druckregelventil und eignet sich f\u00fcr Situationen mit hohen Anforderungen an die Regelgenauigkeit. Es wird h\u00e4ufig in der Chemie-, Erd\u00f6l-, Metallurgie-, Strom-, Textil- und anderen Industriezweigen zur automatischen Regelung des Produktionsprozesses eingesetzt.<\/p>\n<p><strong>Modell: <\/strong>Selbstgesteuertes Stickstoff-Dichtungsregelventil<\/p>\n<p><strong>Gr\u00f6\u00dfenbereich:<\/strong> 1\/2&#8221;~12&#8242;<\/p>\n<p><strong>Druckbereich:<\/strong>1.6~6.4<\/p>\n<p><strong>Material:<\/strong> WCB, Edelstahl 304\/306<\/p>","protected":false},"featured_media":6989,"template":"","meta":{"site-sidebar-layout":"default","site-content-layout":"","ast-site-content-layout":"default","site-content-style":"default","site-sidebar-style":"default","ast-global-header-display":"","ast-banner-title-visibility":"","ast-main-header-display":"","ast-hfb-above-header-display":"","ast-hfb-below-header-display":"","ast-hfb-mobile-header-display":"","site-post-title":"","ast-breadcrumbs-content":"","ast-featured-img":"","footer-sml-layout":"","ast-disable-related-posts":"","theme-transparent-header-meta":"default","adv-header-id-meta":"","stick-header-meta":"","header-above-stick-meta":"","header-main-stick-meta":"","header-below-stick-meta":"","astra-migrate-meta-layouts":"set","ast-page-background-enabled":"default","ast-page-background-meta":{"desktop":{"background-color":"var(--ast-global-color-4)","background-image":"","background-repeat":"repeat","background-position":"center center","background-size":"auto","background-attachment":"scroll","background-type":"","background-media":"","overlay-type":"","overlay-color":"","overlay-opacity":"","overlay-gradient":""},"tablet":{"background-color":"","background-image":"","background-repeat":"repeat","background-position":"center center","background-size":"auto","background-attachment":"scroll","background-type":"","background-media":"","overlay-type":"","overlay-color":"","overlay-opacity":"","overlay-gradient":""},"mobile":{"background-color":"","background-image":"","background-repeat":"repeat","background-position":"center center","background-size":"auto","background-attachment":"scroll","background-type":"","background-media":"","overlay-type":"","overlay-color":"","overlay-opacity":"","overlay-gradient":""}},"ast-content-background-meta":{"desktop":{"background-color":"var(--ast-global-color-5)","background-image":"","background-repeat":"repeat","background-position":"center center","background-size":"auto","background-attachment":"scroll","background-type":"","background-media":"","overlay-type":"","overlay-color":"","overlay-opacity":"","overlay-gradient":""},"tablet":{"background-color":"var(--ast-global-color-5)","background-image":"","background-repeat":"repeat","background-position":"center center","background-size":"auto","background-attachment":"scroll","background-type":"","background-media":"","overlay-type":"","overlay-color":"","overlay-opacity":"","overlay-gradient":""},"mobile":{"background-color":"var(--ast-global-color-5)","background-image":"","background-repeat":"repeat","background-position":"center center","background-size":"auto","background-attachment":"scroll","background-type":"","background-media":"","overlay-type":"","overlay-color":"","overlay-opacity":"","overlay-gradient":""}}},"product_brand":[],"product_cat":[36,33,934],"product_tag":[55,59,84,85,74,73],"class_list":{"0":"post-2117","1":"product","2":"type-product","3":"status-publish","4":"has-post-thumbnail","6":"product_cat-control-valves","7":"product_cat-products","8":"product_cat-self-opereted-control-valve","9":"product_tag-control-valve","10":"product_tag-control-valves","11":"product_tag-self-operated-nitrogen-sealing-control-valve","12":"product_tag-self-operated-nitrogen-sealing-control-valves","13":"product_tag-self-operated-nitrogen-sealing-valve","14":"product_tag-valve","15":"desktop-align-center","16":"tablet-align-left","17":"mobile-align-left","19":"first","20":"instock","21":"shipping-taxable","22":"product-type-simple"},"_links":{"self":[{"href":"https:\/\/www.delcofluid.com\/de\/wp-json\/wp\/v2\/product\/2117","targetHints":{"allow":["GET"]}}],"collection":[{"href":"https:\/\/www.delcofluid.com\/de\/wp-json\/wp\/v2\/product"}],"about":[{"href":"https:\/\/www.delcofluid.com\/de\/wp-json\/wp\/v2\/types\/product"}],"version-history":[{"count":0,"href":"https:\/\/www.delcofluid.com\/de\/wp-json\/wp\/v2\/product\/2117\/revisions"}],"wp:featuredmedia":[{"embeddable":true,"href":"https:\/\/www.delcofluid.com\/de\/wp-json\/wp\/v2\/media\/6989"}],"wp:attachment":[{"href":"https:\/\/www.delcofluid.com\/de\/wp-json\/wp\/v2\/media?parent=2117"}],"wp:term":[{"taxonomy":"product_brand","embeddable":true,"href":"https:\/\/www.delcofluid.com\/de\/wp-json\/wp\/v2\/product_brand?post=2117"},{"taxonomy":"product_cat","embeddable":true,"href":"https:\/\/www.delcofluid.com\/de\/wp-json\/wp\/v2\/product_cat?post=2117"},{"taxonomy":"product_tag","embeddable":true,"href":"https:\/\/www.delcofluid.com\/de\/wp-json\/wp\/v2\/product_tag?post=2117"}],"curies":[{"name":"wp","href":"https:\/\/api.w.org\/{rel}","templated":true}]}}