{"id":2126,"date":"2024-03-20T02:44:29","date_gmt":"2024-03-20T02:44:29","guid":{"rendered":"https:\/\/www.delcofluid.com\/?post_type=product&#038;p=2126"},"modified":"2024-08-12T08:52:15","modified_gmt":"2024-08-12T07:52:15","slug":"manual-knife-gate-valve","status":"publish","type":"product","link":"https:\/\/www.delcofluid.com\/de\/produkt\/manual-knife-gate-valve\/","title":{"rendered":"Manueller Flansch-Messerschieber von DELCO"},"content":{"rendered":"<div data-elementor-type=\"product-post\" data-elementor-id=\"2126\" class=\"elementor elementor-2126\" data-elementor-post-type=\"product\">\n\t\t\t\t<div class=\"elementor-element elementor-element-6fb59a60 e-flex e-con-boxed e-con e-parent\" data-id=\"6fb59a60\" data-element_type=\"container\" data-e-type=\"container\" data-settings=\"{&quot;ekit_has_onepagescroll_dot&quot;:&quot;yes&quot;}\">\n\t\t\t\t\t<div class=\"e-con-inner\">\n\t\t<div class=\"elementor-element elementor-element-b2e102c e-con-full e-flex e-con e-child\" data-id=\"b2e102c\" data-element_type=\"container\" data-e-type=\"container\" data-settings=\"{&quot;ekit_has_onepagescroll_dot&quot;:&quot;yes&quot;}\">\n\t\t\t\t<div class=\"elementor-element elementor-element-4c3cf80 elementor-widget elementor-widget-heading\" data-id=\"4c3cf80\" data-element_type=\"widget\" data-e-type=\"widget\" data-settings=\"{&quot;ekit_we_effect_on&quot;:&quot;none&quot;}\" data-widget_type=\"heading.default\">\n\t\t\t\t<div class=\"elementor-widget-container\">\n\t\t\t\t\t<h2 class=\"elementor-heading-title elementor-size-default\">Beschreibung<\/h2>\t\t\t\t<\/div>\n\t\t\t\t<\/div>\n\t\t\t\t<div class=\"elementor-element elementor-element-1af4cc68 elementor-widget__width-initial elementor-widget elementor-widget-text-editor\" data-id=\"1af4cc68\" data-element_type=\"widget\" data-e-type=\"widget\" data-settings=\"{&quot;ekit_we_effect_on&quot;:&quot;none&quot;}\" data-widget_type=\"text-editor.default\">\n\t\t\t\t<div class=\"elementor-widget-container\">\n\t\t\t\t\t\t\t\t\t<p>Manuelle Absperrschieber spielen eine entscheidende Rolle bei der industriellen Durchflussregelung und bieten eine zuverl\u00e4ssige, kosteng\u00fcnstige und vielseitige L\u00f6sung zur Steuerung des Durchflusses von Fl\u00fcssigkeiten, Schl\u00e4mmen und Feststoffen. Aufgrund ihres einfachen Designs, ihrer robusten Konstruktion und ihrer hervorragenden Dichtungseigenschaften eignen sie sich f\u00fcr eine Vielzahl von Anwendungen und gew\u00e4hrleisten einen effizienten Betrieb und minimalen Wartungsaufwand. Ob in der Abwasserbehandlung, im Bergbau, in der chemischen Verarbeitung oder in der Landwirtschaft \u2013 manuelle Absperrschieber sind ein unverzichtbares Werkzeug f\u00fcr Branchen, die effektive Durchflussregelungsl\u00f6sungen ben\u00f6tigen.<\/p>\t\t\t\t\t\t\t\t<\/div>\n\t\t\t\t<\/div>\n\t\t\t\t<div class=\"elementor-element elementor-element-0c679dd elementor-widget__width-initial elementor-widget elementor-widget-text-editor\" data-id=\"0c679dd\" data-element_type=\"widget\" data-e-type=\"widget\" data-settings=\"{&quot;ekit_we_effect_on&quot;:&quot;none&quot;}\" data-widget_type=\"text-editor.default\">\n\t\t\t\t<div class=\"elementor-widget-container\">\n\t\t\t\t\t\t\t\t\t<p>Manuelle Absperrschieber sind ein wesentlicher Bestandteil verschiedener industrieller Prozesse und bieten eine praktische L\u00f6sung zur Steuerung des Durchflusses von Fl\u00fcssigkeiten, Schl\u00e4mmen und Sch\u00fcttg\u00fctern. Diese Ventile zeichnen sich durch ihre Einfachheit, Langlebigkeit und Wirksamkeit aus und sind in Branchen wie Abwasserbehandlung, Bergbau, chemische Verarbeitung und Landwirtschaft unverzichtbar geworden. Diese Einf\u00fchrung soll einen \u00dcberblick \u00fcber manuelle Absperrschieber geben, einschlie\u00dflich ihrer Konstruktion, Funktionsweise, Anwendungen und Vorteile.<\/p>\t\t\t\t\t\t\t\t<\/div>\n\t\t\t\t<\/div>\n\t\t\t\t<\/div>\n\t\t\t\t<div class=\"elementor-element elementor-element-8e57110 elementor-widget elementor-widget-image\" data-id=\"8e57110\" data-element_type=\"widget\" data-e-type=\"widget\" data-settings=\"{&quot;ekit_we_effect_on&quot;:&quot;none&quot;}\" data-widget_type=\"image.default\">\n\t\t\t\t<div class=\"elementor-widget-container\">\n\t\t\t\t\t\t\t\t\t\t\t\t\t\t\t<img fetchpriority=\"high\" decoding=\"async\" width=\"1024\" height=\"694\" src=\"https:\/\/www.delcofluid.com\/wp-content\/uploads\/2024\/03\/45-1024x694.jpg\" class=\"attachment-large size-large wp-image-2135\" alt=\"DELCO Manual Flange Knife Gate Valve\" srcset=\"https:\/\/www.delcofluid.com\/wp-content\/uploads\/2024\/03\/45-1024x694.jpg 1024w, https:\/\/www.delcofluid.com\/wp-content\/uploads\/2024\/03\/45-600x407.jpg 600w, https:\/\/www.delcofluid.com\/wp-content\/uploads\/2024\/03\/45-300x203.jpg 300w, https:\/\/www.delcofluid.com\/wp-content\/uploads\/2024\/03\/45-768x521.jpg 768w, https:\/\/www.delcofluid.com\/wp-content\/uploads\/2024\/03\/45.jpg 1500w\" sizes=\"(max-width: 1024px) 100vw, 1024px\" \/>\t\t\t\t\t\t\t\t\t\t\t\t\t\t\t<\/div>\n\t\t\t\t<\/div>\n\t\t\t\t\t<\/div>\n\t\t\t\t<\/div>\n\t\t<div class=\"elementor-element elementor-element-a55eeda e-flex e-con-boxed e-con e-parent\" data-id=\"a55eeda\" data-element_type=\"container\" data-e-type=\"container\" data-settings=\"{&quot;background_background&quot;:&quot;classic&quot;,&quot;ekit_has_onepagescroll_dot&quot;:&quot;yes&quot;}\">\n\t\t\t\t\t<div class=\"e-con-inner\">\n\t\t\t\t<div class=\"elementor-element elementor-element-585e9d9 elementor-widget elementor-widget-heading\" data-id=\"585e9d9\" data-element_type=\"widget\" data-e-type=\"widget\" data-settings=\"{&quot;ekit_we_effect_on&quot;:&quot;none&quot;}\" data-widget_type=\"heading.default\">\n\t\t\t\t<div class=\"elementor-widget-container\">\n\t\t\t\t\t<h2 class=\"elementor-heading-title elementor-size-default\">Technische Parameter<\/h2>\t\t\t\t<\/div>\n\t\t\t\t<\/div>\n\t\t\t\t\t<\/div>\n\t\t\t\t<\/div>\n\t\t<div class=\"elementor-element elementor-element-3414eb9 e-con-full e-flex e-con e-parent\" data-id=\"3414eb9\" data-element_type=\"container\" data-e-type=\"container\" data-settings=\"{&quot;background_background&quot;:&quot;classic&quot;,&quot;ekit_has_onepagescroll_dot&quot;:&quot;yes&quot;}\">\n\t\t\t\t<\/div>\n\t\t<div class=\"elementor-element elementor-element-daef6c8 e-flex e-con-boxed e-con e-parent\" data-id=\"daef6c8\" data-element_type=\"container\" data-e-type=\"container\" data-settings=\"{&quot;ekit_has_onepagescroll_dot&quot;:&quot;yes&quot;}\">\n\t\t\t\t\t<div class=\"e-con-inner\">\n\t\t\t\t<div class=\"elementor-element elementor-element-d21a689 elementor-widget elementor-widget-text-editor\" data-id=\"d21a689\" data-element_type=\"widget\" data-e-type=\"widget\" data-settings=\"{&quot;ekit_we_effect_on&quot;:&quot;none&quot;}\" data-widget_type=\"text-editor.default\">\n\t\t\t\t<div class=\"elementor-widget-container\">\n\t\t\t\t\t\t\t\t\t<table width=\"597\"><tbody><tr><td width=\"91\">Gr\u00f6\u00dfe<\/td><td width=\"200\">DN50\u2013DN600 (2\u201324 Zoll)<\/td><td width=\"96\">Druckbereich<\/td><td width=\"210\">1,6 bis 6,4 MPa<\/td><\/tr><tr><td width=\"91\">Temperatur<\/td><td width=\"200\">-38\u2103~1100\u2103<\/td><td width=\"96\">Dichtungsmaterial<\/td><td width=\"210\">PTFE-Metalldichtung<\/td><\/tr><tr><td width=\"91\">Endverbindung<\/td><td width=\"200\">Flansch<\/td><td width=\"96\">Flanschbohren<\/td><td width=\"210\">ANSI\/ GB\/ DIN\/ GIS\/ NF\/ BS<\/td><\/tr><tr><td width=\"91\">Hauptmaterialien<\/td><td width=\"200\">Gusseisen<\/td><td width=\"96\">Bet\u00e4tigung<\/td><td width=\"210\">Manuell, motorisiert oder pneumatisch\u00a0<\/td><\/tr><\/tbody><\/table>\t\t\t\t\t\t\t\t<\/div>\n\t\t\t\t<\/div>\n\t\t\t\t<div class=\"elementor-element elementor-element-52ddb61 elementor-widget elementor-widget-heading\" data-id=\"52ddb61\" data-element_type=\"widget\" data-e-type=\"widget\" data-settings=\"{&quot;ekit_we_effect_on&quot;:&quot;none&quot;}\" data-widget_type=\"heading.default\">\n\t\t\t\t<div class=\"elementor-widget-container\">\n\t\t\t\t\t<h2 class=\"elementor-heading-title elementor-size-default\">Manuelles Plattenschieberventil<\/h2>\t\t\t\t<\/div>\n\t\t\t\t<\/div>\n\t\t\t\t<div class=\"elementor-element elementor-element-e1e5066 elementor-widget__width-initial elementor-widget elementor-widget-text-editor\" data-id=\"e1e5066\" data-element_type=\"widget\" data-e-type=\"widget\" data-settings=\"{&quot;ekit_we_effect_on&quot;:&quot;none&quot;}\" data-widget_type=\"text-editor.default\">\n\t\t\t\t<div class=\"elementor-widget-container\">\n\t\t\t\t\t\t\t\t\t<p><span style=\"color: #000000\"><strong>Aufbau und Funktionsweise:<\/strong><\/span><\/p><p>Das manuelle Absperrventil zeichnet sich durch eine einfache Konstruktion aus. Es besteht aus einem Absperrschieber aus einer flachen Metallplatte, der in den Fl\u00fcssigkeitsweg hinein- und wieder hinausgleitet und so eine Abdichtung zur Durchflusskontrolle bietet. Dieser Absperrschieber wird manuell bet\u00e4tigt, normalerweise \u00fcber ein Handrad oder einen Hebel. So kann der Bediener die Position des Absperrschiebers und damit die Durchflussrate des durch das Ventil flie\u00dfenden Materials anpassen. Die einfache Konstruktion gew\u00e4hrleistet eine einfache Bedienung und Wartung und ist somit eine kosteng\u00fcnstige L\u00f6sung zur Durchflusskontrolle.<\/p><p>Plattenschieber sind daf\u00fcr ausgelegt, Schlamm und andere viskose Fl\u00fcssigkeiten zu durchdringen. Daher sind sie besonders n\u00fctzlich bei Anwendungen mit z\u00e4hen Fl\u00fcssigkeiten, die andere Ventiltypen verstopfen k\u00f6nnten. Die scharfe Kante des Schiebers kann Feststoffe und Sedimente durchdringen und bietet der Fl\u00fcssigkeit einen freien Weg, ohne nennenswerte Hindernisse zu flie\u00dfen.<\/p><p><strong>Anwendungen:<\/strong><\/p><p>Manuelle Absperrschieber werden h\u00e4ufig in Branchen eingesetzt, in denen der Durchfluss von viskosen Fl\u00fcssigkeiten, Schl\u00e4mmen oder Feststoffen kontrolliert werden muss. In der Abwasseraufbereitungsindustrie werden sie zur Steuerung des Durchflusses von Abwasser und Schlamm eingesetzt und bieten zuverl\u00e4ssige Leistung, selbst bei Vorhandensein von Feststoffen und Schutt. Im Bergbau und in der Mineralverarbeitung kontrollieren Absperrschieber den Durchfluss von abrasiven Schl\u00e4mmen und gew\u00e4hrleisten so trotz der schwierigen Bedingungen einen effizienten Betrieb. Die chemische Industrie profitiert von ihrer F\u00e4higkeit, korrosive Fl\u00fcssigkeiten zu handhaben, w\u00e4hrend sie im Agrarsektor f\u00fcr Bew\u00e4sserungssysteme und die Handhabung von Tierkot eingesetzt werden.<\/p><p><strong>Vorteile:<\/strong><\/p><p>Einer der Hauptvorteile manueller Absperrschieber ist ihre Kosteneffizienz. Die Einfachheit ihres Designs macht sie nicht nur erschwinglich, sondern minimiert auch den Wartungsaufwand und senkt so die Gesamtbetriebskosten. Dar\u00fcber hinaus verringert ihre F\u00e4higkeit, Feststoffe und viskose Fl\u00fcssigkeiten zu durchdringen, die Wahrscheinlichkeit von Verstopfungen und Blockaden, was einen reibungsloseren Betrieb und weniger Ausfallzeiten f\u00fcr Reinigung und Reparaturen gew\u00e4hrleistet.<\/p><p>Ein weiterer wesentlicher Vorteil ist die Vielseitigkeit manueller Schieberventile. Sie k\u00f6nnen eine breite Palette von Fl\u00fcssigkeiten und Materialien verarbeiten, von Wasser und Abwasser bis hin zu Chemikalien und Schl\u00e4mmen. Diese Vielseitigkeit, kombiniert mit ihrer robusten Konstruktion, macht sie f\u00fcr den Einsatz in rauen Umgebungen und anspruchsvollen industriellen Anwendungen geeignet.<\/p><p>Dar\u00fcber hinaus bieten manuelle Schieberventile hervorragende Abdichtungseigenschaften. Wenn das Schieberventil vollst\u00e4ndig geschlossen ist, sorgt es f\u00fcr eine dichte Abdichtung, die Leckagen verhindert und so die Effizienz und Sicherheit industrieller Prozesse verbessert.<\/p>\t\t\t\t\t\t\t\t<\/div>\n\t\t\t\t<\/div>\n\t\t\t\t\t<\/div>\n\t\t\t\t<\/div>\n\t\t\t\t<\/div>","protected":false},"excerpt":{"rendered":"<p>Ein manuelles Schieberventil ist ein Ventiltyp, der ein Schieber oder eine keilf\u00f6rmige Scheibe verwendet, um den Fl\u00fcssigkeitsfluss durch eine Rohrleitung zu steuern. Der Schieber wird manuell durch Drehen eines Hebels oder Rads bet\u00e4tigt, wodurch der Schieber angehoben oder abgesenkt wird, um das Ventil zu \u00f6ffnen oder zu schlie\u00dfen. Der Schieber hat eine scharfe Kante, daher das sogenannte \u201eMesserschieber\u201c, das es ihm erm\u00f6glicht, Feststoffe, die in der Fl\u00fcssigkeit vorhanden sein k\u00f6nnen, zu durchtrennen. Diese Art von Ventil wird h\u00e4ufig in Anwendungen verwendet, in denen eine schnelle Abschaltung erforderlich ist, wie z. B. Bew\u00e4sserungssysteme, Abwasseraufbereitungsanlagen und industrielle Prozessleitungen. Es wird auch oft in Anwendungen verwendet, in denen Feststoffe in der Fl\u00fcssigkeit zu erwarten sind, da die scharfe Kante der T\u00fcr es erm\u00f6glicht, den Feststofffluss effektiv abzuschneiden und zu schlie\u00dfen.<\/p>\n<p>Modell: Manuelles Ventil<\/p>\n<p>Gr\u00f6\u00dfenbereich: 2\u2033 bis 24\u2033 (Sondergr\u00f6\u00dfen k\u00f6nnen individuell angepasst werden)<\/p>\n<p>Druckbereich: 1,6 MPa bis 6,4 MPa<\/p>\n<p>Material: Gusseisen, Stahlguss, Sph\u00e4roguss, Edelstahl<\/p>","protected":false},"featured_media":7379,"template":"","meta":{"site-sidebar-layout":"default","site-content-layout":"","ast-site-content-layout":"default","site-content-style":"default","site-sidebar-style":"default","ast-global-header-display":"","ast-banner-title-visibility":"","ast-main-header-display":"","ast-hfb-above-header-display":"","ast-hfb-below-header-display":"","ast-hfb-mobile-header-display":"","site-post-title":"","ast-breadcrumbs-content":"","ast-featured-img":"","footer-sml-layout":"","ast-disable-related-posts":"","theme-transparent-header-meta":"default","adv-header-id-meta":"","stick-header-meta":"","header-above-stick-meta":"","header-main-stick-meta":"","header-below-stick-meta":"","astra-migrate-meta-layouts":"set","ast-page-background-enabled":"default","ast-page-background-meta":{"desktop":{"background-color":"var(--ast-global-color-4)","background-image":"","background-repeat":"repeat","background-position":"center center","background-size":"auto","background-attachment":"scroll","background-type":"","background-media":"","overlay-type":"","overlay-color":"","overlay-opacity":"","overlay-gradient":""},"tablet":{"background-color":"","background-image":"","background-repeat":"repeat","background-position":"center center","background-size":"auto","background-attachment":"scroll","background-type":"","background-media":"","overlay-type":"","overlay-color":"","overlay-opacity":"","overlay-gradient":""},"mobile":{"background-color":"","background-image":"","background-repeat":"repeat","background-position":"center center","background-size":"auto","background-attachment":"scroll","background-type":"","background-media":"","overlay-type":"","overlay-color":"","overlay-opacity":"","overlay-gradient":""}},"ast-content-background-meta":{"desktop":{"background-color":"var(--ast-global-color-5)","background-image":"","background-repeat":"repeat","background-position":"center center","background-size":"auto","background-attachment":"scroll","background-type":"","background-media":"","overlay-type":"","overlay-color":"","overlay-opacity":"","overlay-gradient":""},"tablet":{"background-color":"var(--ast-global-color-5)","background-image":"","background-repeat":"repeat","background-position":"center center","background-size":"auto","background-attachment":"scroll","background-type":"","background-media":"","overlay-type":"","overlay-color":"","overlay-opacity":"","overlay-gradient":""},"mobile":{"background-color":"var(--ast-global-color-5)","background-image":"","background-repeat":"repeat","background-position":"center center","background-size":"auto","background-attachment":"scroll","background-type":"","background-media":"","overlay-type":"","overlay-color":"","overlay-opacity":"","overlay-gradient":""}}},"product_brand":[],"product_cat":[38,704,708,116,33],"product_tag":[78,80,79,261,102,73,56],"class_list":{"0":"post-2126","1":"product","2":"type-product","3":"status-publish","4":"has-post-thumbnail","6":"product_cat-knife-gate-valve","7":"product_cat-manual-knife-gate-valve","8":"product_cat-manual-knife-gate-valve-manual-valves","9":"product_cat-manual-valves","10":"product_cat-products","11":"product_tag-manual-knife-gate-valve","12":"product_tag-manual-knife-gate-valve-suppliers","13":"product_tag-manual-knife-gate-valves","14":"product_tag-manual-valve","15":"product_tag-manual-valves","16":"product_tag-valve","17":"product_tag-valves","18":"desktop-align-center","19":"tablet-align-left","20":"mobile-align-left","22":"first","23":"instock","24":"shipping-taxable","25":"product-type-simple"},"_links":{"self":[{"href":"https:\/\/www.delcofluid.com\/de\/wp-json\/wp\/v2\/product\/2126","targetHints":{"allow":["GET"]}}],"collection":[{"href":"https:\/\/www.delcofluid.com\/de\/wp-json\/wp\/v2\/product"}],"about":[{"href":"https:\/\/www.delcofluid.com\/de\/wp-json\/wp\/v2\/types\/product"}],"version-history":[{"count":0,"href":"https:\/\/www.delcofluid.com\/de\/wp-json\/wp\/v2\/product\/2126\/revisions"}],"wp:featuredmedia":[{"embeddable":true,"href":"https:\/\/www.delcofluid.com\/de\/wp-json\/wp\/v2\/media\/7379"}],"wp:attachment":[{"href":"https:\/\/www.delcofluid.com\/de\/wp-json\/wp\/v2\/media?parent=2126"}],"wp:term":[{"taxonomy":"product_brand","embeddable":true,"href":"https:\/\/www.delcofluid.com\/de\/wp-json\/wp\/v2\/product_brand?post=2126"},{"taxonomy":"product_cat","embeddable":true,"href":"https:\/\/www.delcofluid.com\/de\/wp-json\/wp\/v2\/product_cat?post=2126"},{"taxonomy":"product_tag","embeddable":true,"href":"https:\/\/www.delcofluid.com\/de\/wp-json\/wp\/v2\/product_tag?post=2126"}],"curies":[{"name":"wp","href":"https:\/\/api.w.org\/{rel}","templated":true}]}}