{"id":2150,"date":"2024-03-20T05:44:12","date_gmt":"2024-03-20T05:44:12","guid":{"rendered":"https:\/\/www.delcofluid.com\/?post_type=product&#038;p=2150"},"modified":"2024-08-05T08:35:15","modified_gmt":"2024-08-05T07:35:15","slug":"pneumatic-actuator-knife-gate-valve","status":"publish","type":"product","link":"https:\/\/www.delcofluid.com\/de\/produkt\/pneumatic-actuator-knife-gate-valve\/","title":{"rendered":"DELCO Pneumatischer Antrieb f\u00fcr Absperrschieber"},"content":{"rendered":"<div data-elementor-type=\"product-post\" data-elementor-id=\"2150\" class=\"elementor elementor-2150\" data-elementor-post-type=\"product\">\n\t\t\t\t<div class=\"elementor-element elementor-element-6fb59a60 e-flex e-con-boxed e-con e-parent\" data-id=\"6fb59a60\" data-element_type=\"container\" data-e-type=\"container\" data-settings=\"{&quot;ekit_has_onepagescroll_dot&quot;:&quot;yes&quot;}\">\n\t\t\t\t\t<div class=\"e-con-inner\">\n\t\t<div class=\"elementor-element elementor-element-b2e102c e-con-full e-flex e-con e-child\" data-id=\"b2e102c\" data-element_type=\"container\" data-e-type=\"container\" data-settings=\"{&quot;ekit_has_onepagescroll_dot&quot;:&quot;yes&quot;}\">\n\t\t\t\t<div class=\"elementor-element elementor-element-4c3cf80 elementor-widget elementor-widget-heading\" data-id=\"4c3cf80\" data-element_type=\"widget\" data-e-type=\"widget\" data-settings=\"{&quot;ekit_we_effect_on&quot;:&quot;none&quot;}\" data-widget_type=\"heading.default\">\n\t\t\t\t<div class=\"elementor-widget-container\">\n\t\t\t\t\t<h2 class=\"elementor-heading-title elementor-size-default\">Beschreibung<\/h2>\t\t\t\t<\/div>\n\t\t\t\t<\/div>\n\t\t\t\t<div class=\"elementor-element elementor-element-1af4cc68 elementor-widget__width-initial elementor-widget elementor-widget-text-editor\" data-id=\"1af4cc68\" data-element_type=\"widget\" data-e-type=\"widget\" data-settings=\"{&quot;ekit_we_effect_on&quot;:&quot;none&quot;}\" data-widget_type=\"text-editor.default\">\n\t\t\t\t<div class=\"elementor-widget-container\">\n\t\t\t\t\t\t\t\t\t<p>Ein pneumatisches Absperrventil besteht aus einem schlanken Schieber, der durch das Medium schneidet und von einem pneumatischen Antrieb bet\u00e4tigt wird. Das Design ist unkompliziert und dennoch effektiv. Es verf\u00fcgt \u00fcber einen scharfkantigen Schieber, der schwere Schl\u00e4mme, past\u00f6se Substanzen und sogar feste Materialien durchschneiden kann, die Teil des flie\u00dfenden Mediums sind. Diese F\u00e4higkeit, schwierige Flie\u00dfmaterialien ohne Verstopfungen oder Blockaden zu handhaben, unterscheidet es von anderen Ventiltypen.<\/p>\t\t\t\t\t\t\t\t<\/div>\n\t\t\t\t<\/div>\n\t\t\t\t<div class=\"elementor-element elementor-element-0c679dd elementor-widget__width-initial elementor-widget elementor-widget-text-editor\" data-id=\"0c679dd\" data-element_type=\"widget\" data-e-type=\"widget\" data-settings=\"{&quot;ekit_we_effect_on&quot;:&quot;none&quot;}\" data-widget_type=\"text-editor.default\">\n\t\t\t\t<div class=\"elementor-widget-container\">\n\t\t\t\t\t\t\t\t\t<p>Der pneumatische Antrieb, der doppeltwirkend (Luft zum \u00d6ffnen, Luft zum Schlie\u00dfen) oder einfachwirkend mit Federr\u00fcckstellung sein kann, liefert die Antriebskraft. Die Verwendung von Druckluft als Bet\u00e4tigungsmedium erm\u00f6glicht schnelles Handeln und ein hohes Ma\u00df an Kontrolle \u00fcber das \u00d6ffnen und Schlie\u00dfen des Ventils, was die Prozesseffizienz und -sicherheit verbessert. Der Ventilk\u00f6rper kann aus verschiedenen Materialien hergestellt werden, darunter Edelstahl, Gusseisen oder Speziallegierungen, um verschiedenen Medien und Anwendungsumgebungen gerecht zu werden.<\/p>\t\t\t\t\t\t\t\t<\/div>\n\t\t\t\t<\/div>\n\t\t\t\t<div class=\"elementor-element elementor-element-b3aab3c elementor-widget__width-initial elementor-widget elementor-widget-text-editor\" data-id=\"b3aab3c\" data-element_type=\"widget\" data-e-type=\"widget\" data-settings=\"{&quot;ekit_we_effect_on&quot;:&quot;none&quot;}\" data-widget_type=\"text-editor.default\">\n\t\t\t\t<div class=\"elementor-widget-container\">\n\t\t\t\t\t\t\t\t\t<p>Der Betrieb eines pneumatischen Schieberventils wird durch die Zufuhr von Druckluft zum pneumatischen Antrieb gesteuert. Wenn Luft in den Antrieb eingeleitet wird, erzeugt sie eine Kraft, die den Kolben bewegt, der wiederum das Tor nach oben oder unten schiebt. Diese Bewegung erm\u00f6glicht die pr\u00e4zise Steuerung des Durchflusses von vollst\u00e4ndig ge\u00f6ffneten bis zu vollst\u00e4ndig geschlossenen Positionen und jedem Zwischenniveau, je nach Prozessanforderung. Die schnelle Bet\u00e4tigung ist besonders vorteilhaft f\u00fcr Anwendungen, bei denen eine schnelle Absperrung oder Wiederherstellung des Durchflusses erforderlich ist.<\/p>\t\t\t\t\t\t\t\t<\/div>\n\t\t\t\t<\/div>\n\t\t\t\t<\/div>\n\t\t\t\t<div class=\"elementor-element elementor-element-8e57110 elementor-widget elementor-widget-image\" data-id=\"8e57110\" data-element_type=\"widget\" data-e-type=\"widget\" data-settings=\"{&quot;ekit_we_effect_on&quot;:&quot;none&quot;}\" data-widget_type=\"image.default\">\n\t\t\t\t<div class=\"elementor-widget-container\">\n\t\t\t\t\t\t\t\t\t\t\t\t\t\t\t<img fetchpriority=\"high\" decoding=\"async\" width=\"1024\" height=\"1024\" src=\"https:\/\/www.delcofluid.com\/wp-content\/uploads\/2024\/03\/5-4-1024x1024.jpg\" class=\"attachment-large size-large wp-image-2155\" alt=\"Pneumatic Knife Gate Valve Introduction\" srcset=\"https:\/\/www.delcofluid.com\/wp-content\/uploads\/2024\/03\/5-4-1024x1024.jpg 1024w, https:\/\/www.delcofluid.com\/wp-content\/uploads\/2024\/03\/5-4-300x300.jpg 300w, https:\/\/www.delcofluid.com\/wp-content\/uploads\/2024\/03\/5-4-100x100.jpg 100w, https:\/\/www.delcofluid.com\/wp-content\/uploads\/2024\/03\/5-4-600x600.jpg 600w, https:\/\/www.delcofluid.com\/wp-content\/uploads\/2024\/03\/5-4-150x150.jpg 150w, https:\/\/www.delcofluid.com\/wp-content\/uploads\/2024\/03\/5-4-768x768.jpg 768w, https:\/\/www.delcofluid.com\/wp-content\/uploads\/2024\/03\/5-4.jpg 1500w\" sizes=\"(max-width: 1024px) 100vw, 1024px\" \/>\t\t\t\t\t\t\t\t\t\t\t\t\t\t\t<\/div>\n\t\t\t\t<\/div>\n\t\t\t\t\t<\/div>\n\t\t\t\t<\/div>\n\t\t<div class=\"elementor-element elementor-element-a55eeda e-flex e-con-boxed e-con e-parent\" data-id=\"a55eeda\" data-element_type=\"container\" data-e-type=\"container\" data-settings=\"{&quot;background_background&quot;:&quot;classic&quot;,&quot;ekit_has_onepagescroll_dot&quot;:&quot;yes&quot;}\">\n\t\t\t\t\t<div class=\"e-con-inner\">\n\t\t\t\t<div class=\"elementor-element elementor-element-585e9d9 elementor-widget elementor-widget-heading\" data-id=\"585e9d9\" data-element_type=\"widget\" data-e-type=\"widget\" data-settings=\"{&quot;ekit_we_effect_on&quot;:&quot;none&quot;}\" data-widget_type=\"heading.default\">\n\t\t\t\t<div class=\"elementor-widget-container\">\n\t\t\t\t\t<h2 class=\"elementor-heading-title elementor-size-default\">Technische Parameter<\/h2>\t\t\t\t<\/div>\n\t\t\t\t<\/div>\n\t\t\t\t\t<\/div>\n\t\t\t\t<\/div>\n\t\t<div class=\"elementor-element elementor-element-daef6c8 e-con-full e-flex e-con e-parent\" data-id=\"daef6c8\" data-element_type=\"container\" data-e-type=\"container\" data-settings=\"{&quot;ekit_has_onepagescroll_dot&quot;:&quot;yes&quot;}\">\n\t\t\t\t<div class=\"elementor-element elementor-element-bf954c1 elementor-widget elementor-widget-text-editor\" data-id=\"bf954c1\" data-element_type=\"widget\" data-e-type=\"widget\" data-settings=\"{&quot;ekit_we_effect_on&quot;:&quot;none&quot;}\" data-widget_type=\"text-editor.default\">\n\t\t\t\t<div class=\"elementor-widget-container\">\n\t\t\t\t\t\t\t\t\t<table style=\"border-collapse: collapse;width: 910.52pt\" border=\"0\" width=\"686\" cellspacing=\"0\" cellpadding=\"0\">\n<tbody>\n<tr style=\"height: 31.50pt\">\n<td class=\"et2\" style=\"height: 31.50pt;width: 120.75pt\" width=\"161\" height=\"42\">Doppeltwirkend<\/td>\n<td class=\"et2\" style=\"width: 99.00pt\" width=\"132\">Einfachwirkend \u00d6ffner<\/td>\n<td class=\"et2\" style=\"width: 141.00pt\" colspan=\"2\" width=\"188\">Einfachwirkend, Schlie\u00dfer<\/td>\n<td class=\"et2\" style=\"width: 153.75pt\" colspan=\"2\" width=\"205\">Optionales Zubeh\u00f6r<\/td>\n<\/tr>\n<tr style=\"height: 103.00pt\">\n<td class=\"et3\" style=\"height: 103.00pt;width: 120.75pt\" width=\"161\" height=\"137\">Luft zum \u00d6ffnen, Luft zum Schlie\u00dfen, Luftlieferant kann die aktuelle Position nicht halten<\/td>\n<td class=\"et3\" style=\"width: 99.00pt\" width=\"132\">Luft zum \u00d6ffnen, Luftunterbrechung zum Schlie\u00dfen, Luftausfall zum Schlie\u00dfen<\/td>\n<td class=\"et3\" style=\"width: 141.00pt\" colspan=\"2\" width=\"188\">Luft schlie\u00dft, Luft unterbricht, Luft \u00f6ffnet, Luftausfall \u00f6ffnet<\/td>\n<td class=\"et3\" style=\"width: 153.75pt\" colspan=\"2\" width=\"205\">Umkehrmagnetventil, Endschalterkasten, Luftfilter-Reduzierventil, Stellungsregler, Handgriff, Sperrventil.<\/td>\n<\/tr>\n<tr style=\"height: 39.00pt\">\n<td class=\"et2\" style=\"height: 89.00pt;width: 120.75pt\" rowspan=\"2\" width=\"161\" height=\"118\">K\u00f6rper<\/td>\n<td class=\"et2\" style=\"width: 99.00pt\" width=\"132\">Gr\u00f6\u00dfenbereich<\/td>\n<td class=\"et2\" style=\"width: 72.00pt\" width=\"96\">Korpusmaterial<\/td>\n<td class=\"et2\" style=\"width: 69.00pt\" width=\"92\">Endverbindung<\/td>\n<td class=\"et2\" style=\"width: 65.25pt\" width=\"87\">Betriebsdruck<\/td>\n<td class=\"et2\" style=\"width: 88.50pt\" width=\"118\">Struktur<\/td>\n<\/tr>\n<tr style=\"height: 50.00pt\">\n<td class=\"et3\" style=\"width: 99.00pt\" width=\"132\">DN50 bis DN600<\/td>\n<td class=\"et3\" style=\"width: 72.00pt\" width=\"96\">Gusseisen<\/td>\n<td class=\"et3\" style=\"width: 69.00pt\" width=\"92\">&nbsp;Flansch<\/td>\n<td class=\"et3\" style=\"width: 65.25pt\" width=\"87\">0,0 MPa<br>bis 1 MPa<\/td>\n<td class=\"et3\" style=\"width: 88.50pt\" width=\"118\">Mittellinienstruktur<\/td>\n<\/tr>\n<tr style=\"height: 45.00pt\">\n<td class=\"et2\" style=\"height: 101.00pt;width: 120.75pt\" rowspan=\"2\" width=\"161\" height=\"134\">Ventil<br>Komponenten<\/td>\n<td class=\"et2\" style=\"width: 99.00pt\" width=\"132\">Dichtungsmaterial<\/td>\n<td class=\"et2\" style=\"width: 72.00pt\" width=\"96\">Kernmaterial<\/td>\n<td class=\"et2\" style=\"width: 69.00pt\" width=\"92\">Schaftmaterial<\/td>\n<td class=\"et2\" style=\"width: 153.75pt\" colspan=\"2\" width=\"205\">Anwendbare Medien<\/td>\n<\/tr>\n<tr style=\"height: 56.00pt\">\n<td class=\"et3\" style=\"width: 99.00pt\" width=\"132\">PTFE, PPL<\/td>\n<td class=\"et3\" style=\"width: 72.00pt\" width=\"96\">Edelstahl<\/td>\n<td class=\"et3\" style=\"width: 69.00pt\" width=\"92\">Edelstahl<\/td>\n<td class=\"et3\" style=\"width: 153.75pt\" colspan=\"2\" width=\"205\">Wasser, \u00d6l, Gas, Fl\u00fcssigkeit, Dampf, Pulver, Korrosionsschutzbasis<\/td>\n<\/tr>\n<\/tbody>\n<\/table>\t\t\t\t\t\t\t\t<\/div>\n\t\t\t\t<\/div>\n\t\t\t\t<div class=\"elementor-element elementor-element-52ddb61 elementor-widget elementor-widget-heading\" data-id=\"52ddb61\" data-element_type=\"widget\" data-e-type=\"widget\" data-settings=\"{&quot;ekit_we_effect_on&quot;:&quot;none&quot;}\" data-widget_type=\"heading.default\">\n\t\t\t\t<div class=\"elementor-widget-container\">\n\t\t\t\t\t<h2 class=\"elementor-heading-title elementor-size-default\">Absperrschieber mit pneumatischem Antrieb<\/h2>\t\t\t\t<\/div>\n\t\t\t\t<\/div>\n\t\t\t\t<div class=\"elementor-element elementor-element-e1e5066 elementor-widget__width-initial elementor-widget elementor-widget-text-editor\" data-id=\"e1e5066\" data-element_type=\"widget\" data-e-type=\"widget\" data-settings=\"{&quot;ekit_we_effect_on&quot;:&quot;none&quot;}\" data-widget_type=\"text-editor.default\">\n\t\t\t\t<div class=\"elementor-widget-container\">\n\t\t\t\t\t\t\t\t\t<p><span style=\"color: #000000\"><strong>\u00a0 \u00a0 \u00a0 \u00a0 \u00a0 \u00a0 \u00a0 \u00a0 \u00a0 \u00a0 \u00a0 \u00a0 \u00a0 \u00a0 \u00a0 \u00a0 \u00a0 \u00a0 \u00a0 \u00a0 \u00a0 \u00a0 \u00a0 \u00a0 \u00a0 \u00a0 \u00a0 \u00a0 \u00a0 \u00a0 \u00a0 \u00a0 \u00a0 \u00a0 \u00a0 \u00a0 \u00a0 \u00a0 \u00a0 \u00a0 \u00a0 \u00a0 \u00a0 \u00a0 \u00a0 \u00a0 \u00a0 \u00a0 \u00a0 \u00a0 \u00a0 \u00a0 \u00a0 \u00a0 \u00a0 \u00a0 \u00a0 \u00a0 \u00a0 \u00a0 \u00a0 \u00a0 \u00a0 \u00a0 \u00a0 \u00a0 Merkmale<\/strong><\/span><br \/><span style=\"color: #000000\"><strong>K\u00f6rper:<\/strong><\/span><br \/>Ein integrierter K\u00f6rper mit durchgehender Bohrungsstruktur gew\u00e4hrleistet einen gleichm\u00e4\u00dfigen Durchfluss, eine einfache Montage und eine geringere Leckagegefahr des Geh\u00e4uses.<br \/>An der Unterseite des Anschlusses sind anstelle einer Nut F\u00fchrungsklauen zur Befestigung des Tors angebracht, die m\u00f6gliche Verstopfungen beim Schlie\u00dfen des Ventils verhindern.<br \/><span style=\"color: #000000\"><strong>Tor:<\/strong><\/span><br \/>Die abgeschr\u00e4gte Messerkante sorgt f\u00fcr starke Schneidkraft und dichte Versiegelung.<br \/>Eine elastische PTFE-Punktf\u00fchrung \u00fcber der \u00d6ffnung verhindert Metall-Metall-Kontakt zwischen Tor und K\u00f6rper.<br \/>Um einem h\u00f6heren Druck standzuhalten, kann die Angussdicke erh\u00f6ht werden.<br \/><span style=\"color: #000000\"><strong>Sitz:<\/strong><\/span><br \/>Der Sitz ist austauschbar, was die Wartungskosten senkt, und kann angepasst werden, um verschiedenen Dichtungsklassen zu entsprechen und den normalen Sitzverschlei\u00df auszugleichen.<\/p>\t\t\t\t\t\t\t\t<\/div>\n\t\t\t\t<\/div>\n\t\t\t\t<div class=\"elementor-element elementor-element-667f6fe elementor-widget__width-initial elementor-widget elementor-widget-text-editor\" data-id=\"667f6fe\" data-element_type=\"widget\" data-e-type=\"widget\" data-settings=\"{&quot;ekit_we_effect_on&quot;:&quot;none&quot;}\" data-widget_type=\"text-editor.default\">\n\t\t\t\t<div class=\"elementor-widget-container\">\n\t\t\t\t\t\t\t\t\t<p><span style=\"color: #000000\"><strong>\u00a0 \u00a0 \u00a0 \u00a0 \u00a0 \u00a0 \u00a0 \u00a0 \u00a0 \u00a0 \u00a0 \u00a0 \u00a0 \u00a0 \u00a0 \u00a0 \u00a0 \u00a0 \u00a0 \u00a0 \u00a0 \u00a0 \u00a0 \u00a0 \u00a0 \u00a0 \u00a0 \u00a0 \u00a0 \u00a0 \u00a0 \u00a0 \u00a0 \u00a0 \u00a0 \u00a0 \u00a0 \u00a0 \u00a0 \u00a0 \u00a0 \u00a0 \u00a0 \u00a0 \u00a0 \u00a0 \u00a0 \u00a0 \u00a0 \u00a0 \u00a0 \u00a0 \u00a0 \u00a0 \u00a0 \u00a0 \u00a0 \u00a0 \u00a0 \u00a0 \u00a0 \u00a0 \u00a0 \u00a0 \u00a0 \u00a0 Vorteile<\/strong><\/span><br \/><strong><span style=\"color: #000000\">Vielseitigkeit:<\/span> <\/strong>Pneumatische Plattenschieber k\u00f6nnen mit einer Vielzahl von Medien umgehen, darunter auch korrosive, abrasive und viskose Fl\u00fcssigkeiten sowie trockene Sch\u00fcttg\u00fcter.<br \/><strong><span style=\"color: #000000\">Haltbarkeit:<\/span> <\/strong>Diese Ventile sind f\u00fcr raue Bedingungen ausgelegt und k\u00f6nnen in Umgebungen mit hohen Konzentrationen von Feststoffen oder abrasiven Materialien effizient betrieben werden.<br \/><strong><span style=\"color: #000000\">Geringer Wartungsaufwand:<\/span> <\/strong>Das einfache Design und die robuste Konstruktion minimieren den Wartungsaufwand und verl\u00e4ngern die Lebensdauer.<br \/><strong><span style=\"color: #000000\">Schnelle Reaktion:<\/span><\/strong> Die pneumatische Bet\u00e4tigung gew\u00e4hrleistet einen schnellen und zuverl\u00e4ssigen Ventilbetrieb, der bei Not-Abschaltungen und automatisierten Prozessen von entscheidender Bedeutung ist.<br \/><strong><span style=\"color: #000000\">Kosteng\u00fcnstig:<\/span><\/strong> Trotz ihrer erweiterten Funktionalit\u00e4t sind pneumatische Schieberventile kosteng\u00fcnstig und weisen im Vergleich zu anderen Ventiltypen, die f\u00fcr \u00e4hnliche Anwendungen geeignet sind, geringere Gesamtbetriebskosten auf.<\/p>\t\t\t\t\t\t\t\t<\/div>\n\t\t\t\t<\/div>\n\t\t\t\t<\/div>\n\t\t\t\t<\/div>","protected":false},"excerpt":{"rendered":"<p>Bei dem Messerschieber handelt es sich um einen unidirektionalen Messerkantenschieber, der in industriellen Rohrleitungen f\u00fcr den Auf-Zu-Betrieb verwendet wird.<br \/>\nDie Struktur von K\u00f6rper und Sitz verhindert ein Verstopfen des Durchflusses durch feine Partikel. Dar\u00fcber hinaus hilft die abgeschr\u00e4gte Messerkante dem Tor dabei, dicke Medien problemlos zu durchschneiden.<br \/>\nPneumatische Schieberventile stellen eine entscheidende Entwicklung in der Technologie und Anwendung von Industrieventilen dar. Sie sind speziell f\u00fcr die Steuerung des Durchflusses abrasiver, viskoser oder feststoffhaltiger Fl\u00fcssigkeiten konzipiert und daher in Branchen wie Bergbau, Abwasseraufbereitung, Zellstoff- und Papierherstellung sowie Sch\u00fcttgutumschlag unverzichtbar. Diese detaillierte Untersuchung befasst sich mit dem Design, der Funktionsweise, den Vorteilen und den Anwendungen pneumatischer Schieberventile und hebt ihre Bedeutung in modernen Industriebetrieben hervor.<\/p>\n<p>Modell: Absperrschieber mit pneumatischem Antrieb<\/p>\n<p>Gr\u00f6\u00dfenbereich: 2&quot;~24&quot;<\/p>\n<p>Druckbereich: 0,0 MPa bis 1,0 MPa<\/p>\n<p>Material: Gusseisen, Edelstahl 304 oder 316<\/p>","protected":false},"featured_media":7038,"template":"","meta":{"site-sidebar-layout":"default","site-content-layout":"","ast-site-content-layout":"default","site-content-style":"default","site-sidebar-style":"default","ast-global-header-display":"","ast-banner-title-visibility":"","ast-main-header-display":"","ast-hfb-above-header-display":"","ast-hfb-below-header-display":"","ast-hfb-mobile-header-display":"","site-post-title":"","ast-breadcrumbs-content":"","ast-featured-img":"","footer-sml-layout":"","ast-disable-related-posts":"","theme-transparent-header-meta":"default","adv-header-id-meta":"","stick-header-meta":"","header-above-stick-meta":"","header-main-stick-meta":"","header-below-stick-meta":"","astra-migrate-meta-layouts":"set","ast-page-background-enabled":"default","ast-page-background-meta":{"desktop":{"background-color":"var(--ast-global-color-4)","background-image":"","background-repeat":"repeat","background-position":"center center","background-size":"auto","background-attachment":"scroll","background-type":"","background-media":"","overlay-type":"","overlay-color":"","overlay-opacity":"","overlay-gradient":""},"tablet":{"background-color":"","background-image":"","background-repeat":"repeat","background-position":"center center","background-size":"auto","background-attachment":"scroll","background-type":"","background-media":"","overlay-type":"","overlay-color":"","overlay-opacity":"","overlay-gradient":""},"mobile":{"background-color":"","background-image":"","background-repeat":"repeat","background-position":"center center","background-size":"auto","background-attachment":"scroll","background-type":"","background-media":"","overlay-type":"","overlay-color":"","overlay-opacity":"","overlay-gradient":""}},"ast-content-background-meta":{"desktop":{"background-color":"var(--ast-global-color-5)","background-image":"","background-repeat":"repeat","background-position":"center center","background-size":"auto","background-attachment":"scroll","background-type":"","background-media":"","overlay-type":"","overlay-color":"","overlay-opacity":"","overlay-gradient":""},"tablet":{"background-color":"var(--ast-global-color-5)","background-image":"","background-repeat":"repeat","background-position":"center center","background-size":"auto","background-attachment":"scroll","background-type":"","background-media":"","overlay-type":"","overlay-color":"","overlay-opacity":"","overlay-gradient":""},"mobile":{"background-color":"var(--ast-global-color-5)","background-image":"","background-repeat":"repeat","background-position":"center center","background-size":"auto","background-attachment":"scroll","background-type":"","background-media":"","overlay-type":"","overlay-color":"","overlay-opacity":"","overlay-gradient":""}}},"product_brand":[],"product_cat":[274,35,33],"product_tag":[81,83,82,73,56],"class_list":{"0":"post-2150","1":"product","2":"type-product","3":"status-publish","4":"has-post-thumbnail","6":"product_cat-pneumatic-knife-gate-valve","7":"product_cat-pneumatic-valves","8":"product_cat-products","9":"product_tag-pneumatic-actuator-knife-gate-valve","10":"product_tag-pneumatic-actuator-knife-gate-valve-factory","11":"product_tag-pneumatic-actuator-knife-gate-valves","12":"product_tag-valve","13":"product_tag-valves","14":"desktop-align-center","15":"tablet-align-left","16":"mobile-align-left","18":"first","19":"instock","20":"shipping-taxable","21":"product-type-simple"},"_links":{"self":[{"href":"https:\/\/www.delcofluid.com\/de\/wp-json\/wp\/v2\/product\/2150","targetHints":{"allow":["GET"]}}],"collection":[{"href":"https:\/\/www.delcofluid.com\/de\/wp-json\/wp\/v2\/product"}],"about":[{"href":"https:\/\/www.delcofluid.com\/de\/wp-json\/wp\/v2\/types\/product"}],"version-history":[{"count":0,"href":"https:\/\/www.delcofluid.com\/de\/wp-json\/wp\/v2\/product\/2150\/revisions"}],"wp:featuredmedia":[{"embeddable":true,"href":"https:\/\/www.delcofluid.com\/de\/wp-json\/wp\/v2\/media\/7038"}],"wp:attachment":[{"href":"https:\/\/www.delcofluid.com\/de\/wp-json\/wp\/v2\/media?parent=2150"}],"wp:term":[{"taxonomy":"product_brand","embeddable":true,"href":"https:\/\/www.delcofluid.com\/de\/wp-json\/wp\/v2\/product_brand?post=2150"},{"taxonomy":"product_cat","embeddable":true,"href":"https:\/\/www.delcofluid.com\/de\/wp-json\/wp\/v2\/product_cat?post=2150"},{"taxonomy":"product_tag","embeddable":true,"href":"https:\/\/www.delcofluid.com\/de\/wp-json\/wp\/v2\/product_tag?post=2150"}],"curies":[{"name":"wp","href":"https:\/\/api.w.org\/{rel}","templated":true}]}}