{"id":2277,"date":"2024-03-20T08:38:36","date_gmt":"2024-03-20T08:38:36","guid":{"rendered":"https:\/\/www.delcofluid.com\/?post_type=product&#038;p=2277"},"modified":"2024-08-14T07:37:44","modified_gmt":"2024-08-14T06:37:44","slug":"motorized-electric-knife-gate-valves","status":"publish","type":"product","link":"https:\/\/www.delcofluid.com\/de\/produkt\/motorized-electric-knife-gate-valves\/","title":{"rendered":"DELCO Motorventile Elektrische Flanschplattenschieber"},"content":{"rendered":"<div data-elementor-type=\"product-post\" data-elementor-id=\"2277\" class=\"elementor elementor-2277\" data-elementor-post-type=\"product\">\n\t\t\t\t<div class=\"elementor-element elementor-element-20539a1c e-flex e-con-boxed e-con e-parent\" data-id=\"20539a1c\" data-element_type=\"container\" data-e-type=\"container\" data-settings=\"{&quot;ekit_has_onepagescroll_dot&quot;:&quot;yes&quot;}\">\n\t\t\t\t\t<div class=\"e-con-inner\">\n\t\t<div class=\"elementor-element elementor-element-3316fa6 e-con-full e-flex e-con e-child\" data-id=\"3316fa6\" data-element_type=\"container\" data-e-type=\"container\" data-settings=\"{&quot;ekit_has_onepagescroll_dot&quot;:&quot;yes&quot;}\">\n\t\t\t\t<div class=\"elementor-element elementor-element-b8b3abc elementor-widget elementor-widget-heading\" data-id=\"b8b3abc\" data-element_type=\"widget\" data-e-type=\"widget\" data-settings=\"{&quot;ekit_we_effect_on&quot;:&quot;none&quot;}\" data-widget_type=\"heading.default\">\n\t\t\t\t<div class=\"elementor-widget-container\">\n\t\t\t\t\t<h2 class=\"elementor-heading-title elementor-size-default\">Beschreibung<\/h2>\t\t\t\t<\/div>\n\t\t\t\t<\/div>\n\t\t\t\t<div class=\"elementor-element elementor-element-4b43349d elementor-widget__width-initial elementor-widget elementor-widget-text-editor\" data-id=\"4b43349d\" data-element_type=\"widget\" data-e-type=\"widget\" data-settings=\"{&quot;ekit_we_effect_on&quot;:&quot;none&quot;}\" data-widget_type=\"text-editor.default\">\n\t\t\t\t<div class=\"elementor-widget-container\">\n\t\t\t\t\t\t\t\t\t<p>Elektrische Schieber zeichnen sich durch ein robustes und kompaktes Design aus, das f\u00fcr eine effiziente Fl\u00fcssigkeitssteuerung optimiert ist. Der Ventilk\u00f6rper besteht normalerweise aus korrosionsbest\u00e4ndigen Materialien wie Edelstahl oder Gusseisen, was Haltbarkeit und Langlebigkeit in rauen Betriebsumgebungen gew\u00e4hrleistet. Im Ventilk\u00f6rper wird ein scharfkantiges Tor oder eine Klinge von einem Elektromotor bet\u00e4tigt, was eine pr\u00e4zise Steuerung des Str\u00f6mungswegs erm\u00f6glicht.<\/p>\t\t\t\t\t\t\t\t<\/div>\n\t\t\t\t<\/div>\n\t\t\t\t<div class=\"elementor-element elementor-element-6b35d83 elementor-widget__width-initial elementor-widget elementor-widget-text-editor\" data-id=\"6b35d83\" data-element_type=\"widget\" data-e-type=\"widget\" data-settings=\"{&quot;ekit_we_effect_on&quot;:&quot;none&quot;}\" data-widget_type=\"text-editor.default\">\n\t\t\t\t<div class=\"elementor-widget-container\">\n\t\t\t\t\t\t\t\t\t<p>Der elektrische Antrieb ist das Herzst\u00fcck des elektrischen Schieberventils und liefert die Antriebskraft zum \u00d6ffnen und Schlie\u00dfen des Schieberventils. Er wird mit Strom betrieben und von einer speicherprogrammierbaren Steuerung (SPS), einem verteilten Steuerungssystem (DCS) oder anderen Automatisierungssystemen gesteuert. Die elektrische Bet\u00e4tigung bietet mehrere Vorteile, darunter pr\u00e4zise Positionierung, Fernsteuerungsm\u00f6glichkeit und Integration mit fortschrittlichen Steuerungsstrategien.<\/p>\t\t\t\t\t\t\t\t<\/div>\n\t\t\t\t<\/div>\n\t\t\t\t<div class=\"elementor-element elementor-element-b2411cb elementor-widget__width-initial elementor-widget elementor-widget-text-editor\" data-id=\"b2411cb\" data-element_type=\"widget\" data-e-type=\"widget\" data-settings=\"{&quot;ekit_we_effect_on&quot;:&quot;none&quot;}\" data-widget_type=\"text-editor.default\">\n\t\t\t\t<div class=\"elementor-widget-container\">\n\t\t\t\t\t\t\t\t\t<p>Zusammenfassend l\u00e4sst sich sagen, dass elektrische Schieberventile einen Eckpfeiler der Fluidsteuerungstechnologie darstellen und un\u00fcbertroffene Pr\u00e4zision, Zuverl\u00e4ssigkeit und Vielseitigkeit in industriellen Anwendungen bieten. Ihr innovatives Design, ihre elektrische Bet\u00e4tigung und zahlreiche Vorteile machen sie zu einem unverzichtbaren Bestandteil von Fluidhandhabungssystemen und gew\u00e4hrleisten optimale Leistung und Effizienz in verschiedenen industriellen Prozessen.<\/p>\t\t\t\t\t\t\t\t<\/div>\n\t\t\t\t<\/div>\n\t\t\t\t<\/div>\n\t\t<div class=\"elementor-element elementor-element-e796ac0 e-flex e-con-boxed e-con e-child\" data-id=\"e796ac0\" data-element_type=\"container\" data-e-type=\"container\" data-settings=\"{&quot;ekit_has_onepagescroll_dot&quot;:&quot;yes&quot;}\">\n\t\t\t\t\t<div class=\"e-con-inner\">\n\t\t\t\t<div class=\"elementor-element elementor-element-7ddba38 elementor-widget elementor-widget-image\" data-id=\"7ddba38\" data-element_type=\"widget\" data-e-type=\"widget\" data-settings=\"{&quot;ekit_we_effect_on&quot;:&quot;none&quot;}\" data-widget_type=\"image.default\">\n\t\t\t\t<div class=\"elementor-widget-container\">\n\t\t\t\t\t\t\t\t\t\t\t\t\t\t\t<img fetchpriority=\"high\" decoding=\"async\" width=\"1024\" height=\"934\" src=\"https:\/\/www.delcofluid.com\/wp-content\/uploads\/2024\/03\/z4-1024x934.jpg\" class=\"attachment-large size-large wp-image-2324\" alt=\"Electric Actuator\" srcset=\"https:\/\/www.delcofluid.com\/wp-content\/uploads\/2024\/03\/z4-1024x934.jpg 1024w, https:\/\/www.delcofluid.com\/wp-content\/uploads\/2024\/03\/z4-600x547.jpg 600w, https:\/\/www.delcofluid.com\/wp-content\/uploads\/2024\/03\/z4-300x274.jpg 300w, https:\/\/www.delcofluid.com\/wp-content\/uploads\/2024\/03\/z4-768x700.jpg 768w, https:\/\/www.delcofluid.com\/wp-content\/uploads\/2024\/03\/z4.jpg 1500w\" sizes=\"(max-width: 1024px) 100vw, 1024px\" \/>\t\t\t\t\t\t\t\t\t\t\t\t\t\t\t<\/div>\n\t\t\t\t<\/div>\n\t\t\t\t\t<\/div>\n\t\t\t\t<\/div>\n\t\t\t\t\t<\/div>\n\t\t\t\t<\/div>\n\t\t<div class=\"elementor-element elementor-element-23c1635 e-flex e-con-boxed e-con e-parent\" data-id=\"23c1635\" data-element_type=\"container\" data-e-type=\"container\" data-settings=\"{&quot;ekit_has_onepagescroll_dot&quot;:&quot;yes&quot;}\">\n\t\t\t\t\t<div class=\"e-con-inner\">\n\t\t<div class=\"elementor-element elementor-element-556380c e-flex e-con-boxed e-con e-child\" data-id=\"556380c\" data-element_type=\"container\" data-e-type=\"container\" data-settings=\"{&quot;ekit_has_onepagescroll_dot&quot;:&quot;yes&quot;}\">\n\t\t\t\t\t<div class=\"e-con-inner\">\n\t\t\t\t<div class=\"elementor-element elementor-element-e0391e7 elementor-widget__width-initial elementor-widget elementor-widget-text-editor\" data-id=\"e0391e7\" data-element_type=\"widget\" data-e-type=\"widget\" data-settings=\"{&quot;ekit_we_effect_on&quot;:&quot;none&quot;}\" data-widget_type=\"text-editor.default\">\n\t\t\t\t<div class=\"elementor-widget-container\">\n\t\t\t\t\t\t\t\t\t<p>Bei dem elektrischen Messerschieber handelt es sich um einen unidirektionalen Wafer-Messerkantenschieber, der in industriellen Rohrleitungen f\u00fcr den Ein-\/Aus-Betrieb verwendet wird. <br \/>Die Struktur von K\u00f6rper und Sitz verhindert ein Verstopfen des Durchflusses durch feine Partikel. Dar\u00fcber hinaus hilft die abgeschr\u00e4gte Messerkante dem Tor, dicke Medien leicht zu durchtrennen. Je nach Arbeitssituation sind folgende Modelle erh\u00e4ltlich: Messerschieber mit nicht steigender Spindel, Messerschieber mit Wafer, Messerschieber mit \u00d6sen, pneumatische Messerschieber, elektrische Messerschieber, manuelle Messerschieber und Messerschieber mit Kegelradgetriebe.<\/p>\t\t\t\t\t\t\t\t<\/div>\n\t\t\t\t<\/div>\n\t\t\t\t\t<\/div>\n\t\t\t\t<\/div>\n\t\t\t\t\t<\/div>\n\t\t\t\t<\/div>\n\t\t<div class=\"elementor-element elementor-element-15c4c55 e-flex e-con-boxed e-con e-parent\" data-id=\"15c4c55\" data-element_type=\"container\" data-e-type=\"container\" data-settings=\"{&quot;background_background&quot;:&quot;classic&quot;,&quot;ekit_has_onepagescroll_dot&quot;:&quot;yes&quot;}\">\n\t\t\t\t\t<div class=\"e-con-inner\">\n\t\t\t\t<div class=\"elementor-element elementor-element-cf7446a elementor-widget elementor-widget-heading\" data-id=\"cf7446a\" data-element_type=\"widget\" data-e-type=\"widget\" data-settings=\"{&quot;ekit_we_effect_on&quot;:&quot;none&quot;}\" data-widget_type=\"heading.default\">\n\t\t\t\t<div class=\"elementor-widget-container\">\n\t\t\t\t\t<h2 class=\"elementor-heading-title elementor-size-default\">Technische Parameter des elektrischen Messerschiebers<\/h2>\t\t\t\t<\/div>\n\t\t\t\t<\/div>\n\t\t\t\t\t<\/div>\n\t\t\t\t<\/div>\n\t\t<div class=\"elementor-element elementor-element-e2b9db7 e-flex e-con-boxed e-con e-parent\" data-id=\"e2b9db7\" data-element_type=\"container\" data-e-type=\"container\" data-settings=\"{&quot;ekit_has_onepagescroll_dot&quot;:&quot;yes&quot;}\">\n\t\t\t\t\t<div class=\"e-con-inner\">\n\t\t\t\t<div class=\"elementor-element elementor-element-6b3925b elementor-widget__width-initial elementor-widget elementor-widget-text-editor\" data-id=\"6b3925b\" data-element_type=\"widget\" data-e-type=\"widget\" data-settings=\"{&quot;ekit_we_effect_on&quot;:&quot;none&quot;}\" data-widget_type=\"text-editor.default\">\n\t\t\t\t<div class=\"elementor-widget-container\">\n\t\t\t\t\t\t\t\t\t<table border=\"0\" width=\"288\" cellspacing=\"0\" cellpadding=\"0\"><tbody><tr><td class=\"et2\" colspan=\"2\" width=\"144\" height=\"43\">Ventilk\u00f6rper<\/td><td class=\"et2\" colspan=\"2\" width=\"144\">Ventilkomponenten<\/td><\/tr><tr><td class=\"et3\" width=\"72\" height=\"61\">Nenngr\u00f6\u00dfe<\/td><td class=\"et4\" width=\"72\">DN50-DN500<\/td><td class=\"et3\" width=\"72\">Dichtungsmaterial<\/td><td class=\"et4\" width=\"72\">PTFE, NBR, EPDM, VITON<\/td><\/tr><tr><td class=\"et3\" width=\"72\" height=\"43\">Geh\u00e4usematerial<\/td><td class=\"et4\" width=\"72\">Gusseisen<\/td><td class=\"et3\" width=\"72\">Scheibenmaterial<\/td><td class=\"et4\" width=\"72\">SS304<\/td><\/tr><tr><td class=\"et3\" width=\"72\" height=\"64\">Endverbindung<\/td><td class=\"et4\" width=\"72\">Flansch<\/td><td class=\"et3\" width=\"72\">Schaftmaterial<\/td><td class=\"et4\" width=\"72\">Gusseisen, WCB<\/td><\/tr><tr><td class=\"et3\" width=\"72\" height=\"85\">Betriebsdruck<\/td><td class=\"et4\" width=\"72\">1,0 \/ 1,6 MPa<\/td><td class=\"et3\" width=\"72\">Anwendbare Medien<\/td><td class=\"et4\" width=\"72\">Wasser, Luft, Gas, \u00d6l, Fl\u00fcssigkeit<\/td><\/tr><tr><td class=\"et3\" width=\"72\" height=\"64\">Struktur<\/td><td class=\"et4\" width=\"72\">Mittellinienstruktur\/A-Typ<\/td><td class=\"et3\" width=\"72\">Ausf\u00fchrungsnorm<\/td><td class=\"et4\" width=\"72\">ANSI, JIS, DIN, BS, GB<\/td><\/tr><\/tbody><\/table>\t\t\t\t\t\t\t\t<\/div>\n\t\t\t\t<\/div>\n\t\t\t\t\t<\/div>\n\t\t\t\t<\/div>\n\t\t<div class=\"elementor-element elementor-element-0b18e32 e-flex e-con-boxed e-con e-parent\" data-id=\"0b18e32\" data-element_type=\"container\" data-e-type=\"container\" data-settings=\"{&quot;ekit_has_onepagescroll_dot&quot;:&quot;yes&quot;}\">\n\t\t\t\t\t<div class=\"e-con-inner\">\n\t\t\t\t<div class=\"elementor-element elementor-element-efcdb82 elementor-widget elementor-widget-heading\" data-id=\"efcdb82\" data-element_type=\"widget\" data-e-type=\"widget\" data-settings=\"{&quot;ekit_we_effect_on&quot;:&quot;none&quot;}\" data-widget_type=\"heading.default\">\n\t\t\t\t<div class=\"elementor-widget-container\">\n\t\t\t\t\t<h2 class=\"elementor-heading-title elementor-size-default\">Merkmale von Messerschiebern <\/h2>\t\t\t\t<\/div>\n\t\t\t\t<\/div>\n\t\t\t\t<div class=\"elementor-element elementor-element-fab2721 elementor-widget elementor-widget-text-editor\" data-id=\"fab2721\" data-element_type=\"widget\" data-e-type=\"widget\" data-settings=\"{&quot;ekit_we_effect_on&quot;:&quot;none&quot;}\" data-widget_type=\"text-editor.default\">\n\t\t\t\t<div class=\"elementor-widget-container\">\n\t\t\t\t\t\t\t\t\t<p><span style=\"color: #000000\"><strong>Pr\u00e4zisionssteuerung:<\/strong> <\/span>Elektrische Plattenschieber erm\u00f6glichen eine pr\u00e4zise Steuerung der Fl\u00fcssigkeitsdurchflussraten und gestatten so eine genaue Modulation und Regulierung der Prozessparameter.<\/p><p><span style=\"color: #000000\"><strong>Zuverl\u00e4ssiger Betrieb:<\/strong> <\/span>Durch die elektrische Bet\u00e4tigung bieten diese Ventile eine gleichbleibende und wiederholbare Leistung, minimieren das Risiko manueller Fehler und gew\u00e4hrleisten einen zuverl\u00e4ssigen Betrieb \u00fcber l\u00e4ngere Zeitr\u00e4ume.<\/p><p><span style=\"color: #000000\"><strong>Fernbedienungsfunktion:<\/strong><\/span> Elektrische Plattenschieber k\u00f6nnen ferngesteuert und in automatisierte Steuerungssysteme integriert werden, was eine nahtlose Einbindung in moderne Industrieprozesse erm\u00f6glicht.<\/p><p><span style=\"color: #000000\"><strong>Geringer Wartungsaufwand:<\/strong><\/span> Im Vergleich zu manuellen oder pneumatischen Ventilen erfordern elektrische Plattenschieber nur minimale Wartung, was zu geringeren Ausfallzeiten und einer h\u00f6heren Betriebseffizienz f\u00fchrt.<\/p>\t\t\t\t\t\t\t\t<\/div>\n\t\t\t\t<\/div>\n\t\t\t\t\t<\/div>\n\t\t\t\t<\/div>\n\t\t<div class=\"elementor-element elementor-element-6778b4a e-flex e-con-boxed e-con e-parent\" data-id=\"6778b4a\" data-element_type=\"container\" data-e-type=\"container\" data-settings=\"{&quot;ekit_has_onepagescroll_dot&quot;:&quot;yes&quot;}\">\n\t\t\t\t\t<div class=\"e-con-inner\">\n\t\t\t\t<div class=\"elementor-element elementor-element-6c778a9 elementor-widget elementor-widget-heading\" data-id=\"6c778a9\" data-element_type=\"widget\" data-e-type=\"widget\" data-settings=\"{&quot;ekit_we_effect_on&quot;:&quot;none&quot;}\" data-widget_type=\"heading.default\">\n\t\t\t\t<div class=\"elementor-widget-container\">\n\t\t\t\t\t<h2 class=\"elementor-heading-title elementor-size-default\">Branchen und Anwendungen von Messerschiebern<\/h2>\t\t\t\t<\/div>\n\t\t\t\t<\/div>\n\t\t\t\t<div class=\"elementor-element elementor-element-a2c23a1 elementor-widget elementor-widget-text-editor\" data-id=\"a2c23a1\" data-element_type=\"widget\" data-e-type=\"widget\" data-settings=\"{&quot;ekit_we_effect_on&quot;:&quot;none&quot;}\" data-widget_type=\"text-editor.default\">\n\t\t\t\t<div class=\"elementor-widget-container\">\n\t\t\t\t\t\t\t\t\t<p><span style=\"color: #000000\"><strong>Bergbau:<\/strong> <\/span>Diese Ventile werden im Bergbau eingesetzt, um den Fluss von Schlamm, R\u00fcckst\u00e4nden und Prozesswasser zu steuern und so die effiziente Gewinnung, Verarbeitung und den Transport von Mineralien zu erm\u00f6glichen.<\/p><p><span style=\"color: #000000\"><strong>Abwasserbehandlung:<\/strong><\/span> In Kl\u00e4ranlagen regulieren elektrische Plattenschieber den Durchfluss von Schlamm, Chemikalien und Abwasser und erm\u00f6glichen so effektive Reinigungs- und Entw\u00e4sserungsprozesse.<\/p><p><span style=\"color: #000000\"><strong>Zellstoff und Papier:<\/strong> <\/span>Diese Ventile werden in Zellstoff- und Papierfabriken eingesetzt und regeln den Fluss von Zellstoff, Chemikalien und Abwasser. So tragen sie zu einer effizienten Papierproduktion und Abwasserbewirtschaftung bei.<\/p><p><span style=\"color: #000000\"><strong>Chemische Verarbeitung:<\/strong> <\/span>Elektrische Plattenschieber werden in chemischen Produktionsanlagen eingesetzt, um den Durchfluss \u00e4tzender Chemikalien, L\u00f6sungsmittel und abrasiver Schl\u00e4mme zu regulieren und so sichere und effiziente Produktionsprozesse zu gew\u00e4hrleisten.<\/p>\t\t\t\t\t\t\t\t<\/div>\n\t\t\t\t<\/div>\n\t\t\t\t\t<\/div>\n\t\t\t\t<\/div>\n\t\t\t\t<\/div>","protected":false},"excerpt":{"rendered":"<p>Der Ventilk\u00f6rper des elektrischen Absperrschiebers ist integral gestaltet, weist einen geringen Fl\u00fcssigkeitswiderstand auf und l\u00e4sst sich flexibel und bequem bedienen. Der Schraubenantrieb des Ventils ist mit einem Doppel-Planlager ausgestattet, das die \u00dcbertragungsreibung erheblich verringert und das \u00d6ffnen und Schlie\u00dfen des Ventils erleichtert.<br \/>\nMotorisierte\/elektrische Absperrschieber stellen einen H\u00f6hepunkt der Innovation in der Fl\u00fcssigkeitssteuerungstechnologie dar und bieten einen pr\u00e4zisen und zuverl\u00e4ssigen Betrieb in einer Vielzahl von Industrieanwendungen. Diese Ventile sind speziell f\u00fcr den Umgang mit anspruchsvollen Fl\u00fcssigkeiten, Schl\u00e4mmen und Feststoffen konzipiert und daher in Branchen wie Bergbau, Abwasserbehandlung, Zellstoff- und Papierherstellung sowie chemischer Verarbeitung unverzichtbar.<br \/>\nIn modernen industriellen Prozessen spielen elektrische Schieber eine entscheidende Rolle bei der Optimierung der Prozessleistung, der Steigerung der Produktivit\u00e4t und der Gew\u00e4hrleistung der Betriebssicherheit. Ihre F\u00e4higkeit zur pr\u00e4zisen Steuerung, zuverl\u00e4ssigen Bedienung und Fernsteuerung macht sie in Fl\u00fcssigkeitshandhabungssystemen in verschiedenen Branchen unverzichtbar.<\/p>\n<p><strong>Modell: <\/strong>Elektrische Plattenschieber<\/p>\n<p><strong>Gr\u00f6\u00dfenbereich:<\/strong> 2\u201d bis 20\u201d<\/p>\n<p><strong>Druckbereich:<\/strong> 1,0 MPa bis 1,6 MPa<\/p>\n<p><strong>Material<\/strong>: Edelstahl 304\/316, Gusseisen<\/p>","protected":false},"featured_media":7041,"template":"","meta":{"site-sidebar-layout":"default","site-content-layout":"","ast-site-content-layout":"default","site-content-style":"default","site-sidebar-style":"default","ast-global-header-display":"","ast-banner-title-visibility":"","ast-main-header-display":"","ast-hfb-above-header-display":"","ast-hfb-below-header-display":"","ast-hfb-mobile-header-display":"","site-post-title":"","ast-breadcrumbs-content":"","ast-featured-img":"","footer-sml-layout":"","ast-disable-related-posts":"","theme-transparent-header-meta":"default","adv-header-id-meta":"","stick-header-meta":"","header-above-stick-meta":"","header-main-stick-meta":"","header-below-stick-meta":"","astra-migrate-meta-layouts":"set","ast-page-background-enabled":"default","ast-page-background-meta":{"desktop":{"background-color":"var(--ast-global-color-4)","background-image":"","background-repeat":"repeat","background-position":"center center","background-size":"auto","background-attachment":"scroll","background-type":"","background-media":"","overlay-type":"","overlay-color":"","overlay-opacity":"","overlay-gradient":""},"tablet":{"background-color":"","background-image":"","background-repeat":"repeat","background-position":"center center","background-size":"auto","background-attachment":"scroll","background-type":"","background-media":"","overlay-type":"","overlay-color":"","overlay-opacity":"","overlay-gradient":""},"mobile":{"background-color":"","background-image":"","background-repeat":"repeat","background-position":"center center","background-size":"auto","background-attachment":"scroll","background-type":"","background-media":"","overlay-type":"","overlay-color":"","overlay-opacity":"","overlay-gradient":""}},"ast-content-background-meta":{"desktop":{"background-color":"var(--ast-global-color-5)","background-image":"","background-repeat":"repeat","background-position":"center center","background-size":"auto","background-attachment":"scroll","background-type":"","background-media":"","overlay-type":"","overlay-color":"","overlay-opacity":"","overlay-gradient":""},"tablet":{"background-color":"var(--ast-global-color-5)","background-image":"","background-repeat":"repeat","background-position":"center center","background-size":"auto","background-attachment":"scroll","background-type":"","background-media":"","overlay-type":"","overlay-color":"","overlay-opacity":"","overlay-gradient":""},"mobile":{"background-color":"var(--ast-global-color-5)","background-image":"","background-repeat":"repeat","background-position":"center center","background-size":"auto","background-attachment":"scroll","background-type":"","background-media":"","overlay-type":"","overlay-color":"","overlay-opacity":"","overlay-gradient":""}}},"product_brand":[],"product_cat":[273,34,38,567,33],"product_tag":[103,104,105,106,78,102,107,73,56],"class_list":{"0":"post-2277","1":"product","2":"type-product","3":"status-publish","4":"has-post-thumbnail","6":"product_cat-electric-knife-gate-valve","7":"product_cat-electric-valves","8":"product_cat-knife-gate-valve","9":"product_cat-multi-turn-electric-valves","10":"product_cat-products","11":"product_tag-electric-knife-gate-valve","12":"product_tag-electric-knife-gate-valves","13":"product_tag-knife-gate-valve","14":"product_tag-knife-gate-valves","15":"product_tag-manual-knife-gate-valve","16":"product_tag-manual-valves","17":"product_tag-motorized-knife-gate-valve","18":"product_tag-valve","19":"product_tag-valves","20":"desktop-align-center","21":"tablet-align-left","22":"mobile-align-left","24":"first","25":"instock","26":"shipping-taxable","27":"product-type-simple"},"_links":{"self":[{"href":"https:\/\/www.delcofluid.com\/de\/wp-json\/wp\/v2\/product\/2277","targetHints":{"allow":["GET"]}}],"collection":[{"href":"https:\/\/www.delcofluid.com\/de\/wp-json\/wp\/v2\/product"}],"about":[{"href":"https:\/\/www.delcofluid.com\/de\/wp-json\/wp\/v2\/types\/product"}],"version-history":[{"count":0,"href":"https:\/\/www.delcofluid.com\/de\/wp-json\/wp\/v2\/product\/2277\/revisions"}],"wp:featuredmedia":[{"embeddable":true,"href":"https:\/\/www.delcofluid.com\/de\/wp-json\/wp\/v2\/media\/7041"}],"wp:attachment":[{"href":"https:\/\/www.delcofluid.com\/de\/wp-json\/wp\/v2\/media?parent=2277"}],"wp:term":[{"taxonomy":"product_brand","embeddable":true,"href":"https:\/\/www.delcofluid.com\/de\/wp-json\/wp\/v2\/product_brand?post=2277"},{"taxonomy":"product_cat","embeddable":true,"href":"https:\/\/www.delcofluid.com\/de\/wp-json\/wp\/v2\/product_cat?post=2277"},{"taxonomy":"product_tag","embeddable":true,"href":"https:\/\/www.delcofluid.com\/de\/wp-json\/wp\/v2\/product_tag?post=2277"}],"curies":[{"name":"wp","href":"https:\/\/api.w.org\/{rel}","templated":true}]}}