{"id":2756,"date":"2024-03-27T05:46:55","date_gmt":"2024-03-27T05:46:55","guid":{"rendered":"https:\/\/www.delcofluid.com\/?post_type=product&#038;p=2756"},"modified":"2025-02-27T06:53:15","modified_gmt":"2025-02-27T06:53:15","slug":"high-temperature-high-pressure-solenoid-valve","status":"publish","type":"product","link":"https:\/\/www.delcofluid.com\/de\/produkt\/high-temperature-high-pressure-solenoid-valve\/","title":{"rendered":"DELCO Hochtemperatur-Hochdruck-Magnetventil-DK08"},"content":{"rendered":"<div data-elementor-type=\"product-post\" data-elementor-id=\"2756\" class=\"elementor elementor-2756\" data-elementor-post-type=\"product\">\n\t\t\t\t<div class=\"elementor-element elementor-element-20539a1c e-con-full e-flex e-con e-parent\" data-id=\"20539a1c\" data-element_type=\"container\" data-e-type=\"container\" data-settings=\"{&quot;ekit_has_onepagescroll_dot&quot;:&quot;yes&quot;}\">\n\t\t<div class=\"elementor-element elementor-element-3316fa6 e-con-full e-flex e-con e-child\" data-id=\"3316fa6\" data-element_type=\"container\" data-e-type=\"container\" data-settings=\"{&quot;ekit_has_onepagescroll_dot&quot;:&quot;yes&quot;}\">\n\t\t\t\t<div class=\"elementor-element elementor-element-b8b3abc elementor-widget elementor-widget-heading\" data-id=\"b8b3abc\" data-element_type=\"widget\" data-e-type=\"widget\" data-settings=\"{&quot;ekit_we_effect_on&quot;:&quot;none&quot;}\" data-widget_type=\"heading.default\">\n\t\t\t\t<div class=\"elementor-widget-container\">\n\t\t\t\t\t<h2 class=\"elementor-heading-title elementor-size-default\">Beschreibung<\/h2>\t\t\t\t<\/div>\n\t\t\t\t<\/div>\n\t\t\t\t<div class=\"elementor-element elementor-element-4b43349d elementor-widget__width-initial elementor-widget elementor-widget-text-editor\" data-id=\"4b43349d\" data-element_type=\"widget\" data-e-type=\"widget\" data-settings=\"{&quot;ekit_we_effect_on&quot;:&quot;none&quot;}\" data-widget_type=\"text-editor.default\">\n\t\t\t\t<div class=\"elementor-widget-container\">\n\t\t\t\t\t\t\t\t\t<p>Dank ihrer robusten Konstruktion und fortschrittlichen Technologie bieten unsere Magnetventile einen reibungslosen Betrieb und eine au\u00dfergew\u00f6hnliche Haltbarkeit in verschiedenen industriellen Anwendungen. Mit Einlass- und Auslassrohranschl\u00fcssen erm\u00f6glichen sie eine effiziente Fl\u00fcssigkeitsflusssteuerung und gew\u00e4hrleisten einen reibungslosen und zuverl\u00e4ssigen Betrieb in Ihren Systemen.<\/p>\t\t\t\t\t\t\t\t<\/div>\n\t\t\t\t<\/div>\n\t\t\t\t<div class=\"elementor-element elementor-element-f24d1e9 elementor-widget__width-initial elementor-widget elementor-widget-text-editor\" data-id=\"f24d1e9\" data-element_type=\"widget\" data-e-type=\"widget\" data-settings=\"{&quot;ekit_we_effect_on&quot;:&quot;none&quot;}\" data-widget_type=\"text-editor.default\">\n\t\t\t\t<div class=\"elementor-widget-container\">\n\t\t\t\t\t\t\t\t\t<p>W\u00e4hlen Sie aus einer Reihe von Konfigurationen, einschlie\u00dflich normalerweise offen oder normalerweise geschlossen, die Ihren spezifischen Anforderungen entsprechen. Ganz gleich, ob Sie den Fl\u00fcssigkeitsfluss zulassen oder unterbrechen m\u00fcssen, unsere 2-Wege-2-Positionen-Magnetventile bieten gleichbleibende Leistung und pr\u00e4zise Steuerung und steigern so die Effizienz und Produktivit\u00e4t Ihrer Abl\u00e4ufe.<\/p>\t\t\t\t\t\t\t\t<\/div>\n\t\t\t\t<\/div>\n\t\t\t\t<\/div>\n\t\t<div class=\"elementor-element elementor-element-e796ac0 e-con-full e-flex e-con e-child\" data-id=\"e796ac0\" data-element_type=\"container\" data-e-type=\"container\" data-settings=\"{&quot;ekit_has_onepagescroll_dot&quot;:&quot;yes&quot;}\">\n\t\t\t\t<div class=\"elementor-element elementor-element-7ddba38 elementor-widget__width-initial elementor-widget elementor-widget-image\" data-id=\"7ddba38\" data-element_type=\"widget\" data-e-type=\"widget\" data-settings=\"{&quot;ekit_we_effect_on&quot;:&quot;none&quot;}\" data-widget_type=\"image.default\">\n\t\t\t\t<div class=\"elementor-widget-container\">\n\t\t\t\t\t\t\t\t\t\t\t\t\t\t\t<img fetchpriority=\"high\" decoding=\"async\" width=\"1024\" height=\"1024\" src=\"https:\/\/www.delcofluid.com\/wp-content\/uploads\/2024\/03\/5-10-1024x1024.jpg\" class=\"attachment-large size-large wp-image-4490\" alt=\"DELCO High Temperature High Pressure Solenoid Valve\" srcset=\"https:\/\/www.delcofluid.com\/wp-content\/uploads\/2024\/03\/5-10-1024x1024.jpg 1024w, https:\/\/www.delcofluid.com\/wp-content\/uploads\/2024\/03\/5-10-300x300.jpg 300w, https:\/\/www.delcofluid.com\/wp-content\/uploads\/2024\/03\/5-10-150x150.jpg 150w, https:\/\/www.delcofluid.com\/wp-content\/uploads\/2024\/03\/5-10-768x768.jpg 768w, https:\/\/www.delcofluid.com\/wp-content\/uploads\/2024\/03\/5-10-1536x1536.jpg 1536w, https:\/\/www.delcofluid.com\/wp-content\/uploads\/2024\/03\/5-10-2048x2048.jpg 2048w, https:\/\/www.delcofluid.com\/wp-content\/uploads\/2024\/03\/5-10-600x600.jpg 600w, https:\/\/www.delcofluid.com\/wp-content\/uploads\/2024\/03\/5-10-100x100.jpg 100w\" sizes=\"(max-width: 1024px) 100vw, 1024px\" \/>\t\t\t\t\t\t\t\t\t\t\t\t\t\t\t<\/div>\n\t\t\t\t<\/div>\n\t\t\t\t<\/div>\n\t\t\t\t<\/div>\n\t\t<div class=\"elementor-element elementor-element-15c4c55 e-con-full e-flex e-con e-parent\" data-id=\"15c4c55\" data-element_type=\"container\" data-e-type=\"container\" data-settings=\"{&quot;background_background&quot;:&quot;classic&quot;,&quot;ekit_has_onepagescroll_dot&quot;:&quot;yes&quot;}\">\n\t\t\t\t<div class=\"elementor-element elementor-element-cf7446a elementor-widget elementor-widget-heading\" data-id=\"cf7446a\" data-element_type=\"widget\" data-e-type=\"widget\" data-settings=\"{&quot;ekit_we_effect_on&quot;:&quot;none&quot;}\" data-widget_type=\"heading.default\">\n\t\t\t\t<div class=\"elementor-widget-container\">\n\t\t\t\t\t<h2 class=\"elementor-heading-title elementor-size-default\">Technische Parameter f\u00fcr 2-Wege-2-Positions-Magnetventile<\/h2>\t\t\t\t<\/div>\n\t\t\t\t<\/div>\n\t\t\t\t<\/div>\n\t\t<div class=\"elementor-element elementor-element-e2b9db7 e-con-full e-flex e-con e-parent\" data-id=\"e2b9db7\" data-element_type=\"container\" data-e-type=\"container\" data-settings=\"{&quot;ekit_has_onepagescroll_dot&quot;:&quot;yes&quot;}\">\n\t\t\t\t<div class=\"elementor-element elementor-element-abe663e elementor-widget__width-initial elementor-widget elementor-widget-text-editor\" data-id=\"abe663e\" data-element_type=\"widget\" data-e-type=\"widget\" data-settings=\"{&quot;ekit_we_effect_on&quot;:&quot;none&quot;}\" data-widget_type=\"text-editor.default\">\n\t\t\t\t<div class=\"elementor-widget-container\">\n\t\t\t\t\t\t\t\t\t<table style=\"border-collapse: collapse; width: 930.02pt;\" border=\"0\" width=\"928\" cellspacing=\"0\" cellpadding=\"0\">\n<tbody>\n<tr style=\"height: 15.75pt;\">\n<td class=\"et2\" style=\"height: 15.75pt; width: 143.25pt;\" width=\"191\" height=\"21\">Anschlussgr\u00f6\u00dfe<\/td>\n<td class=\"et2\" style=\"width: 158.25pt;\" width=\"211\">Anschlussgewinde<\/td>\n<td class=\"et2\" style=\"width: 137.25pt;\" width=\"183\">Druck<\/td>\n<td class=\"et2\" style=\"width: 150.75pt;\" width=\"201\">Temperatur des Mediums<\/td>\n<td class=\"et2\" style=\"width: 106.50pt;\" width=\"142\">Material<\/td>\n<\/tr>\n<tr style=\"height: 30.00pt;\">\n<td class=\"et3\" style=\"height: 30.00pt; width: 143.25pt;\" width=\"191\" height=\"40\">1\/2\u2033, 3\/4\u2033, 1\u2033, 1\u00bc\u201c, 1\u00bd\u201c, 2\u2033<\/td>\n<td class=\"et3\" style=\"width: 158.25pt;\" width=\"211\">BSPP, BSPT, NPT, FLANSCH<\/td>\n<td class=\"et3\" style=\"width: 137.25pt;\" width=\"183\">0,03 MPa-1,0 MPa, 0,03 MPa-2,5 MPa<\/td>\n<td class=\"et3\" style=\"width: 150.75pt;\" width=\"201\">-10~180\u2103 ;-10~220\u2103<\/td>\n<td class=\"et3\" style=\"width: 106.50pt;\" width=\"142\">Edelstahl<\/td>\n<\/tr>\n<tr style=\"height: 15.75pt;\">\n<td class=\"et2\" style=\"height: 15.75pt; width: 143.25pt;\" width=\"191\" height=\"21\">\u00d6ffnung (mm)<\/td>\n<td class=\"et2\" style=\"width: 158.25pt;\" width=\"211\">Funktion<\/td>\n<td class=\"et2\" style=\"width: 137.25pt;\" width=\"183\">Stromspannung<\/td>\n<td class=\"et2\" style=\"width: 150.75pt;\" width=\"201\">Geeignete Medien<\/td>\n<td class=\"et2\" style=\"width: 106.50pt;\" width=\"142\">Dichtungsmaterial<\/td>\n<\/tr>\n<tr style=\"height: 45.00pt;\">\n<td class=\"et3\" style=\"height: 45.00pt; width: 143.25pt;\" width=\"191\" height=\"60\">10,15, 20, 25, 32, 40, 50<\/td>\n<td class=\"et3\" style=\"width: 158.25pt;\" width=\"211\">Normalerweise geschlossen oder ge\u00f6ffnet<\/td>\n<td class=\"et3\" style=\"width: 137.25pt;\" width=\"183\">Gleichstrom 12 V, 24 V; Wechselstrom 24 V, 120 V, 240 V\/60 Hz; 110 V, 220 V\/50 Hz<\/td>\n<td class=\"et3\" style=\"width: 150.75pt;\" width=\"201\">Stamm, Warmwasser, Zivilgas, \u00d6l.<\/td>\n<td class=\"et3\" style=\"width: 106.50pt;\" width=\"142\">PTFE, VITON<\/td>\n<\/tr>\n<\/tbody>\n<\/table>\t\t\t\t\t\t\t\t<\/div>\n\t\t\t\t<\/div>\n\t\t\t\t<\/div>\n\t\t<div class=\"elementor-element elementor-element-0b18e32 e-flex e-con-boxed e-con e-parent\" data-id=\"0b18e32\" data-element_type=\"container\" data-e-type=\"container\" data-settings=\"{&quot;ekit_has_onepagescroll_dot&quot;:&quot;yes&quot;}\">\n\t\t\t\t\t<div class=\"e-con-inner\">\n\t\t\t\t<div class=\"elementor-element elementor-element-c6975fe elementor-widget elementor-widget-heading\" data-id=\"c6975fe\" data-element_type=\"widget\" data-e-type=\"widget\" data-settings=\"{&quot;ekit_we_effect_on&quot;:&quot;none&quot;}\" data-widget_type=\"heading.default\">\n\t\t\t\t<div class=\"elementor-widget-container\">\n\t\t\t\t\t<h2 class=\"elementor-heading-title elementor-size-default\">2-Wege-2-Positionen-Magnetventile \u2013 Produktmerkmale:<\/h2>\t\t\t\t<\/div>\n\t\t\t\t<\/div>\n\t\t\t\t<div class=\"elementor-element elementor-element-a2c23a1 elementor-widget elementor-widget-text-editor\" data-id=\"a2c23a1\" data-element_type=\"widget\" data-e-type=\"widget\" data-settings=\"{&quot;ekit_we_effect_on&quot;:&quot;none&quot;}\" data-widget_type=\"text-editor.default\">\n\t\t\t\t<div class=\"elementor-widget-container\">\n\t\t\t\t\t\t\t\t\t<p>Unsere 2-Wege-2-Positionen-Magnetventile bieten zahlreiche Vorteile und Hochleistungsfunktionen und sind daher die ideale Wahl f\u00fcr Ihre Fl\u00fcssigkeitssteuerungsanforderungen:<\/p>\t\t\t\t\t\t\t\t<\/div>\n\t\t\t\t<\/div>\n\t\t\t\t<div class=\"elementor-element elementor-element-fab2721 elementor-widget elementor-widget-text-editor\" data-id=\"fab2721\" data-element_type=\"widget\" data-e-type=\"widget\" data-settings=\"{&quot;ekit_we_effect_on&quot;:&quot;none&quot;}\" data-widget_type=\"text-editor.default\">\n\t\t\t\t<div class=\"elementor-widget-container\">\n\t\t\t\t\t\t\t\t\t<ol><li><p><strong>Zuverl\u00e4ssige Fl\u00fcssigkeitskontrolle<\/strong>: Unsere pr\u00e4zise konstruierten Magnetventile gew\u00e4hrleisten eine zuverl\u00e4ssige Steuerung des Fl\u00fcssigkeits- oder Gasflusses und sorgen f\u00fcr eine konstante Leistung in verschiedenen industriellen Anwendungen.<\/p><\/li><li><p><strong>Langlebige Konstruktion<\/strong>: Unsere Ventile werden aus hochwertigen Materialien hergestellt und zeichnen sich durch eine robuste Konstruktion aus, die auch in anspruchsvollen Umgebungen eine lange Haltbarkeit und Best\u00e4ndigkeit gegen Korrosion und Verschlei\u00df gew\u00e4hrleistet.<\/p><\/li><li><p><strong>Effizienter Betrieb<\/strong>: Ausgestattet mit modernster Technologie bieten unsere Magnetventile einen effizienten Betrieb und erm\u00f6glichen schnelle Reaktionszeiten sowie eine pr\u00e4zise Modulation der Durchflussraten, um spezifische Prozessanforderungen zu erf\u00fcllen.<\/p><\/li><li><p><strong>Breite Kompatibilit\u00e4t<\/strong>: Unsere Ventile sind f\u00fcr eine Vielzahl von Medien wie Wasser, Luft, Erdgas und \u00d6l ausgelegt und sind vielseitig und mit verschiedenen Fl\u00fcssigkeitshandhabungssystemen kompatibel.<\/p><\/li><li><p><strong>Flexible Konfigurationen<\/strong>: Unsere Magnetventile sind sowohl in normalerweise offenen als auch in normalerweise geschlossenen Konfigurationen erh\u00e4ltlich und bieten die Flexibilit\u00e4t, sich an unterschiedliche Anwendungsanforderungen anzupassen. So k\u00f6nnen Sie die ideale Konfiguration f\u00fcr Ihre spezifischen Anforderungen ausw\u00e4hlen.<\/p><\/li><li><p><strong>Einfache Installation und Wartung<\/strong>: Dank des benutzerfreundlichen Designs sind unsere Ventile einfach zu installieren und zu warten. Dadurch werden Ausfallzeiten minimiert und ein problemloser Betrieb w\u00e4hrend der gesamten Lebensdauer gew\u00e4hrleistet.<\/p><\/li><li><p><strong>Branchenf\u00fchrende Marken<\/strong>: Durch Partnerschaften mit Top-Marken wie ASCO bieten wir Magnetventile an, die f\u00fcr ihre Zuverl\u00e4ssigkeit, Leistung und ihren guten Ruf in der Branche bekannt sind.<\/p><\/li><\/ol>\t\t\t\t\t\t\t\t<\/div>\n\t\t\t\t<\/div>\n\t\t\t\t<div class=\"elementor-element elementor-element-e2e6cf1 elementor-widget elementor-widget-text-editor\" data-id=\"e2e6cf1\" data-element_type=\"widget\" data-e-type=\"widget\" data-settings=\"{&quot;ekit_we_effect_on&quot;:&quot;none&quot;}\" data-widget_type=\"text-editor.default\">\n\t\t\t\t<div class=\"elementor-widget-container\">\n\t\t\t\t\t\t\t\t\t<p>Erleben Sie die \u00fcberlegene Qualit\u00e4t, Leistung und Zuverl\u00e4ssigkeit unserer 2-Wege-2-Positionen-Magnetventile. Kontaktieren Sie uns noch heute, um zu erfahren, wie unsere Ventile Ihre Fl\u00fcssigkeitssteuerungsprozesse optimieren und Ihre Betriebseffizienz steigern k\u00f6nnen.<\/p>\t\t\t\t\t\t\t\t<\/div>\n\t\t\t\t<\/div>\n\t\t\t\t\t<\/div>\n\t\t\t\t<\/div>\n\t\t\t\t<\/div>","protected":false},"excerpt":{"rendered":"<p>Der Text listet mehrere Spannungsoptionen auf, die f\u00fcr das Hochtemperatur-Hochdruck-Magnetventil verf\u00fcgbar sind, darunter sowohl Gleich- als auch Wechselstromkonfigurationen. Die Gleichstromoptionen sind 12 V und 24 V, w\u00e4hrend die Wechselstromalternativen breit gef\u00e4chert sind und 24 V, 120 V und 240 V bei 60 Hz sowie 110 V und 220 V bei 50 Hz umfassen.<br \/>\nIn Bezug auf die Kompatibilit\u00e4t mit verschiedenen Medien ist das Ventil f\u00fcr die Handhabung mehrerer Typen ausgelegt. Dazu geh\u00f6ren Dampf, Hei\u00dfwasser, Gas und \u00d6l. Diese Vielseitigkeit stellt sicher, dass es in einer Reihe von Umgebungen und mit mehreren Arten von Fl\u00fcssigkeiten und Gasen eingesetzt werden kann.<\/p>\n<ul>\n<li>Modell: DK08<\/li>\n<li>Gr\u00f6\u00dfenbereich: 1\/2&quot;~2&quot;<\/li>\n<li>Druckbereich: 0 Bar-25 Bar<\/li>\n<li>Material: Edelstahl 304\/316<\/li>\n<\/ul>","protected":false},"featured_media":6935,"template":"","meta":{"site-sidebar-layout":"default","site-content-layout":"","ast-site-content-layout":"default","site-content-style":"default","site-sidebar-style":"default","ast-global-header-display":"","ast-banner-title-visibility":"","ast-main-header-display":"","ast-hfb-above-header-display":"","ast-hfb-below-header-display":"","ast-hfb-mobile-header-display":"","site-post-title":"","ast-breadcrumbs-content":"","ast-featured-img":"","footer-sml-layout":"","ast-disable-related-posts":"","theme-transparent-header-meta":"default","adv-header-id-meta":"","stick-header-meta":"","header-above-stick-meta":"","header-main-stick-meta":"","header-below-stick-meta":"","astra-migrate-meta-layouts":"set","ast-page-background-enabled":"default","ast-page-background-meta":{"desktop":{"background-color":"var(--ast-global-color-4)","background-image":"","background-repeat":"repeat","background-position":"center center","background-size":"auto","background-attachment":"scroll","background-type":"","background-media":"","overlay-type":"","overlay-color":"","overlay-opacity":"","overlay-gradient":""},"tablet":{"background-color":"","background-image":"","background-repeat":"repeat","background-position":"center center","background-size":"auto","background-attachment":"scroll","background-type":"","background-media":"","overlay-type":"","overlay-color":"","overlay-opacity":"","overlay-gradient":""},"mobile":{"background-color":"","background-image":"","background-repeat":"repeat","background-position":"center center","background-size":"auto","background-attachment":"scroll","background-type":"","background-media":"","overlay-type":"","overlay-color":"","overlay-opacity":"","overlay-gradient":""}},"ast-content-background-meta":{"desktop":{"background-color":"var(--ast-global-color-5)","background-image":"","background-repeat":"repeat","background-position":"center center","background-size":"auto","background-attachment":"scroll","background-type":"","background-media":"","overlay-type":"","overlay-color":"","overlay-opacity":"","overlay-gradient":""},"tablet":{"background-color":"var(--ast-global-color-5)","background-image":"","background-repeat":"repeat","background-position":"center center","background-size":"auto","background-attachment":"scroll","background-type":"","background-media":"","overlay-type":"","overlay-color":"","overlay-opacity":"","overlay-gradient":""},"mobile":{"background-color":"var(--ast-global-color-5)","background-image":"","background-repeat":"repeat","background-position":"center center","background-size":"auto","background-attachment":"scroll","background-type":"","background-media":"","overlay-type":"","overlay-color":"","overlay-opacity":"","overlay-gradient":""}}},"product_brand":[],"product_cat":[714,33,37],"product_tag":[157,155,158,156,160,159,73,56],"class_list":{"0":"post-2756","1":"product","2":"type-product","3":"status-publish","4":"has-post-thumbnail","6":"product_cat-pilot-operated-solenoid-valve","7":"product_cat-products","8":"product_cat-solenoid-valves","9":"product_tag-2-way-2-position-solenoid-valve","10":"product_tag-2-way-2-position-solenoid-valves","11":"product_tag-solenoid-valve","12":"product_tag-solenoid-valves","13":"product_tag-two-way-solenoid-valve","14":"product_tag-two-way-solenoid-valves","15":"product_tag-valve","16":"product_tag-valves","17":"desktop-align-center","18":"tablet-align-left","19":"mobile-align-left","21":"first","22":"instock","23":"shipping-taxable","24":"product-type-simple"},"_links":{"self":[{"href":"https:\/\/www.delcofluid.com\/de\/wp-json\/wp\/v2\/product\/2756","targetHints":{"allow":["GET"]}}],"collection":[{"href":"https:\/\/www.delcofluid.com\/de\/wp-json\/wp\/v2\/product"}],"about":[{"href":"https:\/\/www.delcofluid.com\/de\/wp-json\/wp\/v2\/types\/product"}],"version-history":[{"count":0,"href":"https:\/\/www.delcofluid.com\/de\/wp-json\/wp\/v2\/product\/2756\/revisions"}],"wp:featuredmedia":[{"embeddable":true,"href":"https:\/\/www.delcofluid.com\/de\/wp-json\/wp\/v2\/media\/6935"}],"wp:attachment":[{"href":"https:\/\/www.delcofluid.com\/de\/wp-json\/wp\/v2\/media?parent=2756"}],"wp:term":[{"taxonomy":"product_brand","embeddable":true,"href":"https:\/\/www.delcofluid.com\/de\/wp-json\/wp\/v2\/product_brand?post=2756"},{"taxonomy":"product_cat","embeddable":true,"href":"https:\/\/www.delcofluid.com\/de\/wp-json\/wp\/v2\/product_cat?post=2756"},{"taxonomy":"product_tag","embeddable":true,"href":"https:\/\/www.delcofluid.com\/de\/wp-json\/wp\/v2\/product_tag?post=2756"}],"curies":[{"name":"wp","href":"https:\/\/api.w.org\/{rel}","templated":true}]}}