{"id":2779,"date":"2024-03-27T06:50:37","date_gmt":"2024-03-27T06:50:37","guid":{"rendered":"https:\/\/www.delcofluid.com\/?post_type=product&#038;p=2779"},"modified":"2024-08-02T04:04:18","modified_gmt":"2024-08-02T03:04:18","slug":"hard-cast-steel-seal-wafer-butterfly-valves","status":"publish","type":"product","link":"https:\/\/www.delcofluid.com\/de\/produkt\/hard-cast-steel-seal-wafer-butterfly-valves\/","title":{"rendered":"Absperrklappen mit Dichtung aus Hartgusseisen mit Wafer-Design - DK56-WB-G"},"content":{"rendered":"<div data-elementor-type=\"product-post\" data-elementor-id=\"2779\" class=\"elementor elementor-2779\" data-elementor-post-type=\"product\">\n\t\t\t\t<div class=\"elementor-element elementor-element-20539a1c e-con-full e-flex e-con e-parent\" data-id=\"20539a1c\" data-element_type=\"container\" data-e-type=\"container\" data-settings=\"{&quot;ekit_has_onepagescroll_dot&quot;:&quot;yes&quot;}\">\n\t\t<div class=\"elementor-element elementor-element-3316fa6 e-con-full e-flex e-con e-child\" data-id=\"3316fa6\" data-element_type=\"container\" data-e-type=\"container\" data-settings=\"{&quot;ekit_has_onepagescroll_dot&quot;:&quot;yes&quot;}\">\n\t\t\t\t<div class=\"elementor-element elementor-element-b8b3abc elementor-widget elementor-widget-heading\" data-id=\"b8b3abc\" data-element_type=\"widget\" data-e-type=\"widget\" data-settings=\"{&quot;ekit_we_effect_on&quot;:&quot;none&quot;}\" data-widget_type=\"heading.default\">\n\t\t\t\t<div class=\"elementor-widget-container\">\n\t\t\t\t\t<h2 class=\"elementor-heading-title elementor-size-default\">Beschreibung<\/h2>\t\t\t\t<\/div>\n\t\t\t\t<\/div>\n\t\t\t\t<div class=\"elementor-element elementor-element-4b43349d elementor-widget__width-initial elementor-widget elementor-widget-text-editor\" data-id=\"4b43349d\" data-element_type=\"widget\" data-e-type=\"widget\" data-settings=\"{&quot;ekit_we_effect_on&quot;:&quot;none&quot;}\" data-widget_type=\"text-editor.default\">\n\t\t\t\t<div class=\"elementor-widget-container\">\n\t\t\t\t\t\t\t\t\t<p>Das Absperrklappenventil besteht aus vielen zus\u00e4tzlichen Teilen. Dazu geh\u00f6ren das Geh\u00e4use, die Dichtung, die Packung, der Schaft, der Antrieb und der elastische Sitz. Um eine optimale Abdichtung zu gew\u00e4hrleisten, wird der robuste Sitz auf dem Ventilgeh\u00e4use angebracht. F\u00fcr den Fall, dass der robuste Sitz besch\u00e4digt wird, bietet die Packung eine zus\u00e4tzliche Abdichtung.<\/p>\t\t\t\t\t\t\t\t<\/div>\n\t\t\t\t<\/div>\n\t\t\t\t<div class=\"elementor-element elementor-element-f24d1e9 elementor-widget__width-initial elementor-widget elementor-widget-text-editor\" data-id=\"f24d1e9\" data-element_type=\"widget\" data-e-type=\"widget\" data-settings=\"{&quot;ekit_we_effect_on&quot;:&quot;none&quot;}\" data-widget_type=\"text-editor.default\">\n\t\t\t\t<div class=\"elementor-widget-container\">\n\t\t\t\t\t\t\t\t\t<p>Es gibt verschiedene Konfigurationen f\u00fcr industrielle Absperrklappen. Je nach Methode werden einige manuell und andere elektronisch bedient. Sie sind auch in verschiedenen Ausf\u00fchrungen erh\u00e4ltlich, die Sie bei einem Lieferanten f\u00fcr Industrieventile erwerben k\u00f6nnen. Einige bieten hervorragende Leistung bei Frontansaugung und gro\u00dfen Pumpenleitungen.<\/p>\t\t\t\t\t\t\t\t<\/div>\n\t\t\t\t<\/div>\n\t\t\t\t<\/div>\n\t\t<div class=\"elementor-element elementor-element-e796ac0 e-con-full e-flex e-con e-child\" data-id=\"e796ac0\" data-element_type=\"container\" data-e-type=\"container\" data-settings=\"{&quot;ekit_has_onepagescroll_dot&quot;:&quot;yes&quot;}\">\n\t\t\t\t<div class=\"elementor-element elementor-element-7ddba38 elementor-widget__width-initial elementor-widget elementor-widget-image\" data-id=\"7ddba38\" data-element_type=\"widget\" data-e-type=\"widget\" data-settings=\"{&quot;ekit_we_effect_on&quot;:&quot;none&quot;}\" data-widget_type=\"image.default\">\n\t\t\t\t<div class=\"elementor-widget-container\">\n\t\t\t\t\t\t\t\t\t\t\t\t\t\t\t<img fetchpriority=\"high\" decoding=\"async\" width=\"1024\" height=\"549\" src=\"https:\/\/www.delcofluid.com\/wp-content\/uploads\/2024\/03\/z4-8-1024x549.jpg\" class=\"attachment-large size-large wp-image-2857\" alt=\"Butterfly Valves\" srcset=\"https:\/\/www.delcofluid.com\/wp-content\/uploads\/2024\/03\/z4-8-1024x549.jpg 1024w, https:\/\/www.delcofluid.com\/wp-content\/uploads\/2024\/03\/z4-8-600x321.jpg 600w, https:\/\/www.delcofluid.com\/wp-content\/uploads\/2024\/03\/z4-8-300x161.jpg 300w, https:\/\/www.delcofluid.com\/wp-content\/uploads\/2024\/03\/z4-8-768x412.jpg 768w, https:\/\/www.delcofluid.com\/wp-content\/uploads\/2024\/03\/z4-8.jpg 1284w\" sizes=\"(max-width: 1024px) 100vw, 1024px\" \/>\t\t\t\t\t\t\t\t\t\t\t\t\t\t\t<\/div>\n\t\t\t\t<\/div>\n\t\t\t\t<\/div>\n\t\t\t\t<\/div>\n\t\t<div class=\"elementor-element elementor-element-15c4c55 e-con-full e-flex e-con e-parent\" data-id=\"15c4c55\" data-element_type=\"container\" data-e-type=\"container\" data-settings=\"{&quot;background_background&quot;:&quot;classic&quot;,&quot;ekit_has_onepagescroll_dot&quot;:&quot;yes&quot;}\">\n\t\t\t\t<div class=\"elementor-element elementor-element-cf7446a elementor-widget elementor-widget-heading\" data-id=\"cf7446a\" data-element_type=\"widget\" data-e-type=\"widget\" data-settings=\"{&quot;ekit_we_effect_on&quot;:&quot;none&quot;}\" data-widget_type=\"heading.default\">\n\t\t\t\t<div class=\"elementor-widget-container\">\n\t\t\t\t\t<h2 class=\"elementor-heading-title elementor-size-default\">Technische Parameter f\u00fcr Absperrklappen mit Hartgusseisen-Dichtung<\/h2>\t\t\t\t<\/div>\n\t\t\t\t<\/div>\n\t\t\t\t<\/div>\n\t\t<div class=\"elementor-element elementor-element-e2b9db7 e-con-full e-flex e-con e-parent\" data-id=\"e2b9db7\" data-element_type=\"container\" data-e-type=\"container\" data-settings=\"{&quot;ekit_has_onepagescroll_dot&quot;:&quot;yes&quot;}\">\n\t\t\t\t<div class=\"elementor-element elementor-element-abe663e elementor-widget__width-initial elementor-widget elementor-widget-text-editor\" data-id=\"abe663e\" data-element_type=\"widget\" data-e-type=\"widget\" data-settings=\"{&quot;ekit_we_effect_on&quot;:&quot;none&quot;}\" data-widget_type=\"text-editor.default\">\n\t\t\t\t<div class=\"elementor-widget-container\">\n\t\t\t\t\t\t\t\t\t<table border=\"0\" width=\"288\" cellspacing=\"0\" cellpadding=\"0\"><tbody><tr><td class=\"et2\" colspan=\"2\" width=\"144\" height=\"22\">K\u00f6rper<\/td><td class=\"et2\" colspan=\"2\" width=\"144\">Ventilkomponenten<\/td><\/tr><tr><td class=\"et3\" width=\"72\" height=\"32\">Gr\u00f6\u00dfenbereich<\/td><td class=\"et4\" width=\"72\">DN50 bis DN400<\/td><td class=\"et3\" width=\"72\">Dichtungsmaterial<\/td><td class=\"et4\" width=\"72\">PTFE<\/td><\/tr><tr><td class=\"et3\" width=\"72\" height=\"32\">Korpusmaterial<\/td><td class=\"et4\" width=\"72\">Gusseisen, Edelstahl, WCB<\/td><td class=\"et3\" width=\"72\">Kernmaterial<\/td><td class=\"et4\" width=\"72\">Edelstahl<\/td><\/tr><tr><td class=\"et3\" width=\"72\" height=\"22\">Endverbindung<\/td><td class=\"et4\" width=\"72\">Wafer, Flansch<\/td><td class=\"et3\" width=\"72\">Schaftmaterial<\/td><td class=\"et4\" width=\"72\">Edelstahl<\/td><\/tr><tr><td class=\"et3\" width=\"72\" height=\"30\">Betriebsdruck<\/td><td class=\"et4\" width=\"72\">1,0 bis 2,5 MPa<\/td><td class=\"et5\" rowspan=\"2\" width=\"72\">Anwendbare Medien<\/td><td class=\"et4\" rowspan=\"2\" width=\"72\">Wasser, \u00d6l, Gas, Fl\u00fcssigkeit, Dampf, Pulver, Korrosionsschutzbasis<\/td><\/tr><\/tbody><\/table>\t\t\t\t\t\t\t\t<\/div>\n\t\t\t\t<\/div>\n\t\t\t\t<\/div>\n\t\t<div class=\"elementor-element elementor-element-0b18e32 e-flex e-con-boxed e-con e-parent\" data-id=\"0b18e32\" data-element_type=\"container\" data-e-type=\"container\" data-settings=\"{&quot;ekit_has_onepagescroll_dot&quot;:&quot;yes&quot;}\">\n\t\t\t\t\t<div class=\"e-con-inner\">\n\t\t\t\t<div class=\"elementor-element elementor-element-c6975fe elementor-widget elementor-widget-heading\" data-id=\"c6975fe\" data-element_type=\"widget\" data-e-type=\"widget\" data-settings=\"{&quot;ekit_we_effect_on&quot;:&quot;none&quot;}\" data-widget_type=\"heading.default\">\n\t\t\t\t<div class=\"elementor-widget-container\">\n\t\t\t\t\t<h2 class=\"elementor-heading-title elementor-size-default\">Vorteile von Wafer-Absperrklappen<\/h2>\t\t\t\t<\/div>\n\t\t\t\t<\/div>\n\t\t\t\t<div class=\"elementor-element elementor-element-a2c23a1 elementor-widget elementor-widget-text-editor\" data-id=\"a2c23a1\" data-element_type=\"widget\" data-e-type=\"widget\" data-settings=\"{&quot;ekit_we_effect_on&quot;:&quot;none&quot;}\" data-widget_type=\"text-editor.default\">\n\t\t\t\t<div class=\"elementor-widget-container\">\n\t\t\t\t\t\t\t\t\t<p>Hier sind die Hauptvorteile von Absperrklappen mit Zwischenflansch:<\/p>\t\t\t\t\t\t\t\t<\/div>\n\t\t\t\t<\/div>\n\t\t\t\t<div class=\"elementor-element elementor-element-fab2721 elementor-widget elementor-widget-text-editor\" data-id=\"fab2721\" data-element_type=\"widget\" data-e-type=\"widget\" data-settings=\"{&quot;ekit_we_effect_on&quot;:&quot;none&quot;}\" data-widget_type=\"text-editor.default\">\n\t\t\t\t<div class=\"elementor-widget-container\">\n\t\t\t\t\t\t\t\t\t<p>Das flie\u00dfende Medium kann durch eine stromlinienf\u00f6rmige Drosselklappe flie\u00dfen, ohne dass es zu einer nennenswerten Druckreduzierung oder Durchflussbeschr\u00e4nkung kommt.<\/p><p>Absperrklappen mit Schnellschlusskupplung sind schnellschaltend. Um das Ventil von der vollst\u00e4ndig ge\u00f6ffneten in die vollst\u00e4ndig geschlossene Stellung zu bringen, muss die Spindel lediglich um 90 Grad (1\/4 Drehung) bewegt werden.<\/p><p>Das Design des Absperrklappen-Waferventils ist gut f\u00fcr die Durchflussregulierung geeignet und erzeugt keine allzu turbulente Str\u00f6mung, wenn es etwas ge\u00f6ffnet oder geschlossen ist.<\/p><p>F\u00fcr gr\u00f6\u00dfere Anwendungen sind die Absperrklappen mit Zwischenflansch besser geeignet, da sie oft weniger teuer und nicht so schwer sind.<\/p>\t\t\t\t\t\t\t\t<\/div>\n\t\t\t\t<\/div>\n\t\t\t\t\t<\/div>\n\t\t\t\t<\/div>\n\t\t<div class=\"elementor-element elementor-element-44f21df6 e-con-full e-flex e-con e-parent\" data-id=\"44f21df6\" data-element_type=\"container\" data-e-type=\"container\" data-settings=\"{&quot;background_background&quot;:&quot;classic&quot;,&quot;ekit_has_onepagescroll_dot&quot;:&quot;yes&quot;}\">\n\t\t\t\t<div class=\"elementor-element elementor-element-661968e2 elementor-widget elementor-widget-heading\" data-id=\"661968e2\" data-element_type=\"widget\" data-e-type=\"widget\" data-settings=\"{&quot;ekit_we_effect_on&quot;:&quot;none&quot;}\" data-widget_type=\"heading.default\">\n\t\t\t\t<div class=\"elementor-widget-container\">\n\t\t\t\t\t<h2 class=\"elementor-heading-title elementor-size-default\">Elektrischer Antrieb:<\/h2>\t\t\t\t<\/div>\n\t\t\t\t<\/div>\n\t\t\t\t<\/div>\n\t\t<div class=\"elementor-element elementor-element-29c98da8 e-flex e-con-boxed e-con e-parent\" data-id=\"29c98da8\" data-element_type=\"container\" data-e-type=\"container\" data-settings=\"{&quot;ekit_has_onepagescroll_dot&quot;:&quot;yes&quot;}\">\n\t\t\t\t\t<div class=\"e-con-inner\">\n\t\t<div class=\"elementor-element elementor-element-24d0d7fe e-flex e-con-boxed e-con e-child\" data-id=\"24d0d7fe\" data-element_type=\"container\" data-e-type=\"container\" data-settings=\"{&quot;ekit_has_onepagescroll_dot&quot;:&quot;yes&quot;}\">\n\t\t\t\t\t<div class=\"e-con-inner\">\n\t\t<div class=\"elementor-element elementor-element-6a991f18 e-con-full e-flex e-con e-child\" data-id=\"6a991f18\" data-element_type=\"container\" data-e-type=\"container\" data-settings=\"{&quot;ekit_has_onepagescroll_dot&quot;:&quot;yes&quot;}\">\n\t\t\t\t<div class=\"elementor-element elementor-element-1c5ff5fb elementor-widget elementor-widget-image\" data-id=\"1c5ff5fb\" data-element_type=\"widget\" data-e-type=\"widget\" data-settings=\"{&quot;ekit_we_effect_on&quot;:&quot;none&quot;}\" data-widget_type=\"image.default\">\n\t\t\t\t<div class=\"elementor-widget-container\">\n\t\t\t\t\t\t\t\t\t\t\t\t\t\t\t<img decoding=\"async\" width=\"1024\" height=\"563\" src=\"https:\/\/www.delcofluid.com\/wp-content\/uploads\/2024\/03\/Plastic-Butterfly-Valve.jpg\" class=\"attachment-large size-large wp-image-3768\" alt=\"Plastic Butterfly Valve\" srcset=\"https:\/\/www.delcofluid.com\/wp-content\/uploads\/2024\/03\/Plastic-Butterfly-Valve.jpg 1024w, https:\/\/www.delcofluid.com\/wp-content\/uploads\/2024\/03\/Plastic-Butterfly-Valve-300x165.jpg 300w, https:\/\/www.delcofluid.com\/wp-content\/uploads\/2024\/03\/Plastic-Butterfly-Valve-768x422.jpg 768w, https:\/\/www.delcofluid.com\/wp-content\/uploads\/2024\/03\/Plastic-Butterfly-Valve-600x330.jpg 600w\" sizes=\"(max-width: 1024px) 100vw, 1024px\" \/>\t\t\t\t\t\t\t\t\t\t\t\t\t\t\t<\/div>\n\t\t\t\t<\/div>\n\t\t\t\t<\/div>\n\t\t<div class=\"elementor-element elementor-element-392374be e-con-full e-flex e-con e-child\" data-id=\"392374be\" data-element_type=\"container\" data-e-type=\"container\" data-settings=\"{&quot;ekit_has_onepagescroll_dot&quot;:&quot;yes&quot;}\">\n\t\t\t\t<div class=\"elementor-element elementor-element-7e6944f3 elementor-widget elementor-widget-image\" data-id=\"7e6944f3\" data-element_type=\"widget\" data-e-type=\"widget\" data-settings=\"{&quot;ekit_we_effect_on&quot;:&quot;none&quot;}\" data-widget_type=\"image.default\">\n\t\t\t\t<div class=\"elementor-widget-container\">\n\t\t\t\t\t\t\t\t\t\t\t\t\t\t\t<img decoding=\"async\" width=\"1024\" height=\"563\" src=\"https:\/\/www.delcofluid.com\/wp-content\/uploads\/2024\/03\/Electric-Actuator06-1024x563.jpg\" class=\"attachment-large size-large wp-image-2608\" alt=\"Electric Actuator\" srcset=\"https:\/\/www.delcofluid.com\/wp-content\/uploads\/2024\/03\/Electric-Actuator06-1024x563.jpg 1024w, https:\/\/www.delcofluid.com\/wp-content\/uploads\/2024\/03\/Electric-Actuator06-600x330.jpg 600w, https:\/\/www.delcofluid.com\/wp-content\/uploads\/2024\/03\/Electric-Actuator06-300x165.jpg 300w, https:\/\/www.delcofluid.com\/wp-content\/uploads\/2024\/03\/Electric-Actuator06-768x422.jpg 768w, https:\/\/www.delcofluid.com\/wp-content\/uploads\/2024\/03\/Electric-Actuator06.jpg 1500w\" sizes=\"(max-width: 1024px) 100vw, 1024px\" \/>\t\t\t\t\t\t\t\t\t\t\t\t\t\t\t<\/div>\n\t\t\t\t<\/div>\n\t\t\t\t<\/div>\n\t\t\t\t\t<\/div>\n\t\t\t\t<\/div>\n\t\t\t\t\t<\/div>\n\t\t\t\t<\/div>\n\t\t<div class=\"elementor-element elementor-element-12df9766 e-flex e-con-boxed e-con e-parent\" data-id=\"12df9766\" data-element_type=\"container\" data-e-type=\"container\" data-settings=\"{&quot;ekit_has_onepagescroll_dot&quot;:&quot;yes&quot;}\">\n\t\t\t\t\t<div class=\"e-con-inner\">\n\t\t\t\t<div class=\"elementor-element elementor-element-165f8b8b elementor-widget elementor-widget-text-editor\" data-id=\"165f8b8b\" data-element_type=\"widget\" data-e-type=\"widget\" data-settings=\"{&quot;ekit_we_effect_on&quot;:&quot;none&quot;}\" data-widget_type=\"text-editor.default\">\n\t\t\t\t<div class=\"elementor-widget-container\">\n\t\t\t\t\t\t\t\t\t<p><span style=\"color: #000000\"><strong>Elektrischer Stellantrieb vom Typ EIN\/AUS:<\/strong><\/span> Dieser Aktuator ist um 90 Grad drehbar und bietet AC\/DC-Stromversorgung, Signalsteuerung und manuelle \u00dcbersteuerungsfunktionen. Mit einem hohen Drehmoment von bis zu 4000 Nm gew\u00e4hrleistet er eine zuverl\u00e4ssige Leistung in anspruchsvollen Umgebungen.<\/p>\t\t\t\t\t\t\t\t<\/div>\n\t\t\t\t<\/div>\n\t\t\t\t<div class=\"elementor-element elementor-element-9449d32 elementor-widget elementor-widget-text-editor\" data-id=\"9449d32\" data-element_type=\"widget\" data-e-type=\"widget\" data-settings=\"{&quot;ekit_we_effect_on&quot;:&quot;none&quot;}\" data-widget_type=\"text-editor.default\">\n\t\t\t\t<div class=\"elementor-widget-container\">\n\t\t\t\t\t\t\t\t\t<p><strong><span style=\"color: #000000\">Elektrischer Stellantrieb mit Modulation:<\/span><\/strong> Mit diesem Aktuator k\u00f6nnen Sie den \u00d6ffnungs-\/Schlie\u00dfwinkel stufenlos von 0 bis 90 Grad einstellen. Ausgestattet mit AC\/DC-Stromversorgung, Signalsteuerung und manueller \u00dcbersteuerung bietet er pr\u00e4zise Steuerung und ein hohes Drehmoment von bis zu 4000 Nm.<\/p>\t\t\t\t\t\t\t\t<\/div>\n\t\t\t\t<\/div>\n\t\t\t\t<div class=\"elementor-element elementor-element-5741774c elementor-widget elementor-widget-text-editor\" data-id=\"5741774c\" data-element_type=\"widget\" data-e-type=\"widget\" data-settings=\"{&quot;ekit_we_effect_on&quot;:&quot;none&quot;}\" data-widget_type=\"text-editor.default\">\n\t\t\t\t<div class=\"elementor-widget-container\">\n\t\t\t\t\t\t\t\t\t<p><strong><span style=\"color: #000000\">Intelligenter elektrischer Aktuator:<\/span><\/strong> \u00dcbernehmen Sie m\u00fchelos die Kontrolle mit dem intelligenten Aktuator, mit dem Sie den \u00d6ffnungs-\/Schlie\u00dfwinkel pr\u00e4zise einstellen k\u00f6nnen. Er verf\u00fcgt \u00fcber ein LED-Display zur bequemen \u00dcberwachung und bietet AC\/DC-Stromversorgung, Signalsteuerung, manuelle \u00dcbersteuerung und ein hohes Drehmoment von bis zu 4000 Nm.\u201c<\/p>\t\t\t\t\t\t\t\t<\/div>\n\t\t\t\t<\/div>\n\t\t\t\t\t<\/div>\n\t\t\t\t<\/div>\n\t\t<div class=\"elementor-element elementor-element-347eac96 e-flex e-con-boxed e-con e-parent\" data-id=\"347eac96\" data-element_type=\"container\" data-e-type=\"container\" data-settings=\"{&quot;ekit_has_onepagescroll_dot&quot;:&quot;yes&quot;}\">\n\t\t\t\t\t<div class=\"e-con-inner\">\n\t\t\t\t<div class=\"elementor-element elementor-element-54899551 elementor-widget elementor-widget-text-editor\" data-id=\"54899551\" data-element_type=\"widget\" data-e-type=\"widget\" data-settings=\"{&quot;ekit_we_effect_on&quot;:&quot;none&quot;}\" data-widget_type=\"text-editor.default\">\n\t\t\t\t<div class=\"elementor-widget-container\">\n\t\t\t\t\t\t\t\t\t<table width=\"1240\">\n<tbody>\n<tr>\n<td width=\"182\">Produktmodell:<\/td>\n<td width=\"418\">DK56-WB-G<\/td>\n<td width=\"204\">Geh\u00e4usematerial:<\/td>\n<td width=\"436\">Aluminiumlegierung<\/td>\n<\/tr>\n<tr>\n<td width=\"182\">Wasserdichtigkeit:<\/td>\n<td width=\"418\">IP67<\/td>\n<td width=\"204\">Motorstromversorgung:<\/td>\n<td width=\"436\">24\/110\/220\/380 V Wechselstrom \u00b1 10 %, 24\/110\/220 V Gleichstrom 50\/60 Hz \u00b1 10 %<\/td>\n<\/tr>\n<tr>\n<td width=\"182\">Motor:<\/td>\n<td width=\"418\">K\u00e4figl\u00e4ufer-Asynchronmotor<\/td>\n<td width=\"204\">Route:<\/td>\n<td width=\"436\">90\u00b0-270\u00b110\u00b0 (\u00fcber 90\u00b0 im Voraus)<\/td>\n<\/tr>\n<tr>\n<td width=\"182\">Ausfallsicher:<\/td>\n<td width=\"418\">Eingebauter Thermoschutz ein: 120\u00b0C\u00b15\u00b0C<\/td>\n<td width=\"204\">Betriebstemperatur:<\/td>\n<td width=\"436\">97\u2103\u00b115\u2103<\/td>\n<\/tr>\n<tr>\n<td width=\"182\">Indikator:<\/td>\n<td width=\"418\">Kontinuierliche Positionsanzeige<\/td>\n<td width=\"204\">Manuelle Bedienung:<\/td>\n<td width=\"436\">Mechanische Griffe<\/td>\n<\/tr>\n<tr>\n<td width=\"182\">Selbsthemmende Vorrichtung:<\/td>\n<td width=\"418\">Der Turbinen- und Schneckenmechanismus sorgt f\u00fcr Selbsthemmung<\/td>\n<td width=\"204\">Mechanische Grenze:<\/td>\n<td width=\"436\">2 externe Anpassungen<\/td>\n<\/tr>\n<tr>\n<td width=\"182\">Anschlussl\u00f6cher:<\/td>\n<td width=\"418\">M18<\/td>\n<td width=\"204\">Umgebungstemperatur:<\/td>\n<td width=\"436\">-20\u2103-70\u2103<\/td>\n<\/tr>\n<tr>\n<td width=\"182\">Schmierung:<\/td>\n<td width=\"418\">Aluminiumbasiertes Fett Typ EP<\/td>\n<td width=\"204\">Material:<\/td>\n<td width=\"436\">Stahl, Aluminiumlegierung, Aluminiumbronze, Polycarbonat<\/td>\n<\/tr>\n<tr>\n<td width=\"182\">Luftfeuchtigkeit:<\/td>\n<td width=\"418\">Bis zu 90%<\/td>\n<td width=\"204\">Schutz vor Eindringen:<\/td>\n<td width=\"436\">IP65; IP67; IP68<\/td>\n<\/tr>\n<tr>\n<td width=\"182\">Explosionsschutzklasse:<\/td>\n<td width=\"418\">Exd II BT4; Exd II CT6<\/td>\n<td width=\"204\">Umgebungstemperatur:<\/td>\n<td width=\"436\">-25\u2103-55\u2103<\/td>\n<\/tr>\n<tr>\n<td width=\"182\">Luftfeuchtigkeit:<\/td>\n<td width=\"418\">10~90%RH<\/td>\n<td width=\"204\">Seismische Leistung:<\/td>\n<td width=\"436\">XYZ 10 Gramm, 0,2\u201334 Hz, 30 Minuten<\/td>\n<\/tr>\n<tr>\n<td width=\"182\">Beschichtung:<\/td>\n<td width=\"418\">Trockenpulver, Epoxidpolyester<\/td>\n<td width=\"204\">Fertigungsstandards:<\/td>\n<td width=\"436\">GB\/JB\/HG\/HG\/ANSI\/API\/JIS\/DIN\/ANDERE STANDARDS ANGEPASST<\/td>\n<\/tr>\n<\/tbody>\n<\/table>\t\t\t\t\t\t\t\t<\/div>\n\t\t\t\t<\/div>\n\t\t\t\t\t<\/div>\n\t\t\t\t<\/div>\n\t\t\t\t<\/div>","protected":false},"excerpt":{"rendered":"<p>Die Wafer-Absperrklappen haben oft nur zwei oder vier gewindelose L\u00f6cher, um sie an Ort und Stelle zu halten und sie mit zwei zusammengef\u00fcgten Flanschen auszurichten. Bei Verwendung eines Waferventils wird ein langer Bolzen oder eine Gewindestange verwendet, die gerade durch die beiden Flansche des Ventils geht. Durch Zusammenziehen der Flansche werden die Ventile an Ort und Stelle gehalten. Der Zweck eines Wafer-Absperrventils besteht darin, eine Dichtung aufrechtzuerhalten, um vor zweiseitig gerichteten Druckunterschieden im Fl\u00fcssigkeitsfluss zu sch\u00fctzen.<br \/>\nAbsperrklappen mit Zwischenflansch werden in Hausleitungen, Feuerl\u00f6schger\u00e4ten und Schiffen verwendet. Diese Ventile werden h\u00e4ufig im K\u00fchlwassersystem von W\u00e4rmekraftwerken sowie in anderen allgemeinen Industriezweigen wie Erd\u00f6l, Chemie, Gas und Wasseraufbereitung eingesetzt. Absperrklappen mit Zwischenflansch eignen sich auch f\u00fcr Druckanwendungen mit Luft oder Gas.<\/p>\n<ul>\n<li>Modell: Absperrklappe<\/li>\n<li>Gr\u00f6\u00dfenbereich: 2&quot;~16&quot;<\/li>\n<li>Druckbereich: 1,0 MPa bis 2,5 MPa<\/li>\n<li>Material: Gusseisen, Edelstahl 304\/316<\/li>\n<\/ul>","protected":false},"featured_media":7207,"template":"","meta":{"site-sidebar-layout":"default","site-content-layout":"","ast-site-content-layout":"default","site-content-style":"default","site-sidebar-style":"default","ast-global-header-display":"","ast-banner-title-visibility":"","ast-main-header-display":"","ast-hfb-above-header-display":"","ast-hfb-below-header-display":"","ast-hfb-mobile-header-display":"","site-post-title":"","ast-breadcrumbs-content":"","ast-featured-img":"","footer-sml-layout":"","ast-disable-related-posts":"","theme-transparent-header-meta":"default","adv-header-id-meta":"","stick-header-meta":"","header-above-stick-meta":"","header-main-stick-meta":"","header-below-stick-meta":"","astra-migrate-meta-layouts":"set","ast-page-background-enabled":"default","ast-page-background-meta":{"desktop":{"background-color":"var(--ast-global-color-4)","background-image":"","background-repeat":"repeat","background-position":"center center","background-size":"auto","background-attachment":"scroll","background-type":"","background-media":"","overlay-type":"","overlay-color":"","overlay-opacity":"","overlay-gradient":""},"tablet":{"background-color":"","background-image":"","background-repeat":"repeat","background-position":"center center","background-size":"auto","background-attachment":"scroll","background-type":"","background-media":"","overlay-type":"","overlay-color":"","overlay-opacity":"","overlay-gradient":""},"mobile":{"background-color":"","background-image":"","background-repeat":"repeat","background-position":"center center","background-size":"auto","background-attachment":"scroll","background-type":"","background-media":"","overlay-type":"","overlay-color":"","overlay-opacity":"","overlay-gradient":""}},"ast-content-background-meta":{"desktop":{"background-color":"var(--ast-global-color-5)","background-image":"","background-repeat":"repeat","background-position":"center center","background-size":"auto","background-attachment":"scroll","background-type":"","background-media":"","overlay-type":"","overlay-color":"","overlay-opacity":"","overlay-gradient":""},"tablet":{"background-color":"var(--ast-global-color-5)","background-image":"","background-repeat":"repeat","background-position":"center center","background-size":"auto","background-attachment":"scroll","background-type":"","background-media":"","overlay-type":"","overlay-color":"","overlay-opacity":"","overlay-gradient":""},"mobile":{"background-color":"var(--ast-global-color-5)","background-image":"","background-repeat":"repeat","background-position":"center center","background-size":"auto","background-attachment":"scroll","background-type":"","background-media":"","overlay-type":"","overlay-color":"","overlay-opacity":"","overlay-gradient":""}}},"product_brand":[],"product_cat":[260,34,33],"product_tag":[168,167,73,56,139,138],"class_list":{"0":"post-2779","1":"product","2":"type-product","3":"status-publish","4":"has-post-thumbnail","6":"product_cat-electric-butterfly-valves","7":"product_cat-electric-valves","8":"product_cat-products","9":"product_tag-hard-cast-steel-seal-wafer-butterfly-valve","10":"product_tag-hard-cast-steel-seal-wafer-butterfly-valves","11":"product_tag-valve","12":"product_tag-valves","13":"product_tag-wafer-butterfly-valve","14":"product_tag-wafer-butterfly-valves","15":"desktop-align-center","16":"tablet-align-left","17":"mobile-align-left","19":"first","20":"instock","21":"shipping-taxable","22":"product-type-simple"},"_links":{"self":[{"href":"https:\/\/www.delcofluid.com\/de\/wp-json\/wp\/v2\/product\/2779","targetHints":{"allow":["GET"]}}],"collection":[{"href":"https:\/\/www.delcofluid.com\/de\/wp-json\/wp\/v2\/product"}],"about":[{"href":"https:\/\/www.delcofluid.com\/de\/wp-json\/wp\/v2\/types\/product"}],"version-history":[{"count":0,"href":"https:\/\/www.delcofluid.com\/de\/wp-json\/wp\/v2\/product\/2779\/revisions"}],"wp:featuredmedia":[{"embeddable":true,"href":"https:\/\/www.delcofluid.com\/de\/wp-json\/wp\/v2\/media\/7207"}],"wp:attachment":[{"href":"https:\/\/www.delcofluid.com\/de\/wp-json\/wp\/v2\/media?parent=2779"}],"wp:term":[{"taxonomy":"product_brand","embeddable":true,"href":"https:\/\/www.delcofluid.com\/de\/wp-json\/wp\/v2\/product_brand?post=2779"},{"taxonomy":"product_cat","embeddable":true,"href":"https:\/\/www.delcofluid.com\/de\/wp-json\/wp\/v2\/product_cat?post=2779"},{"taxonomy":"product_tag","embeddable":true,"href":"https:\/\/www.delcofluid.com\/de\/wp-json\/wp\/v2\/product_tag?post=2779"}],"curies":[{"name":"wp","href":"https:\/\/api.w.org\/{rel}","templated":true}]}}