{"id":2963,"date":"2024-03-29T02:39:56","date_gmt":"2024-03-29T02:39:56","guid":{"rendered":"https:\/\/www.delcofluid.com\/?post_type=product&#038;p=2963"},"modified":"2024-12-04T09:45:16","modified_gmt":"2024-12-04T09:45:16","slug":"2-position-2-way-solenoid-valves","status":"publish","type":"product","link":"https:\/\/www.delcofluid.com\/de\/produkt\/2-position-2-way-solenoid-valves\/","title":{"rendered":"DELCO Edelstahl-2-Positionen-2-Wege-Magnetventile-2W31"},"content":{"rendered":"<div data-elementor-type=\"product-post\" data-elementor-id=\"2963\" class=\"elementor elementor-2963\" data-elementor-post-type=\"product\">\n\t\t\t\t<div class=\"elementor-element elementor-element-20539a1c e-con-full e-flex e-con e-parent\" data-id=\"20539a1c\" data-element_type=\"container\" data-e-type=\"container\" data-settings=\"{&quot;ekit_has_onepagescroll_dot&quot;:&quot;yes&quot;}\">\n\t\t<div class=\"elementor-element elementor-element-3316fa6 e-con-full e-flex e-con e-child\" data-id=\"3316fa6\" data-element_type=\"container\" data-e-type=\"container\" data-settings=\"{&quot;ekit_has_onepagescroll_dot&quot;:&quot;yes&quot;}\">\n\t\t\t\t<div class=\"elementor-element elementor-element-b8b3abc elementor-widget elementor-widget-heading\" data-id=\"b8b3abc\" data-element_type=\"widget\" data-e-type=\"widget\" data-settings=\"{&quot;ekit_we_effect_on&quot;:&quot;none&quot;}\" data-widget_type=\"heading.default\">\n\t\t\t\t<div class=\"elementor-widget-container\">\n\t\t\t\t\t<h2 class=\"elementor-heading-title elementor-size-default\">Merkmale<\/h2>\t\t\t\t<\/div>\n\t\t\t\t<\/div>\n\t\t\t\t<div class=\"elementor-element elementor-element-4b43349d elementor-widget__width-initial elementor-widget elementor-widget-text-editor\" data-id=\"4b43349d\" data-element_type=\"widget\" data-e-type=\"widget\" data-settings=\"{&quot;ekit_we_effect_on&quot;:&quot;none&quot;}\" data-widget_type=\"text-editor.default\">\n\t\t\t\t<div class=\"elementor-widget-container\">\n\t\t\t\t\t\t\t\t\t<ul><li><p><strong>Kompaktes Design:<\/strong> Zweiwege-Magnetventile mit zwei Positionen sind kompakt und leicht und erm\u00f6glichen so die einfache Integration in vorhandene Fl\u00fcssigkeitssteuerungssysteme.<\/p><\/li><li><p><strong>Schnelle Reaktionszeit:<\/strong> Diese Ventile bieten schnelle Reaktionszeiten und erm\u00f6glichen rasches \u00d6ffnen und Schlie\u00dfen, um den Fl\u00fcssigkeitsfluss pr\u00e4zise zu steuern.<\/p><\/li><li><p><strong>Langlebige Konstruktion:<\/strong> Die aus hochwertigen Materialien wie Edelstahl oder Messing gefertigten Zweipositions-Zweiwege-Magnetventile sind so konstruiert, dass sie rauen Betriebsbedingungen standhalten und langfristige Zuverl\u00e4ssigkeit gew\u00e4hrleisten.<\/p><\/li><li><p><strong>Geringer Stromverbrauch:<\/strong> Durch die effiziente Magnetkonstruktion verbrauchen diese Ventile nur minimalen Strom. Dies senkt die Energiekosten und verbessert die Gesamteffizienz des Systems.<\/p><\/li><\/ul>\t\t\t\t\t\t\t\t<\/div>\n\t\t\t\t<\/div>\n\t\t\t\t<\/div>\n\t\t<div class=\"elementor-element elementor-element-e796ac0 e-con-full e-flex e-con e-child\" data-id=\"e796ac0\" data-element_type=\"container\" data-e-type=\"container\" data-settings=\"{&quot;ekit_has_onepagescroll_dot&quot;:&quot;yes&quot;}\">\n\t\t\t\t<div class=\"elementor-element elementor-element-7ddba38 elementor-widget__width-initial elementor-widget elementor-widget-image\" data-id=\"7ddba38\" data-element_type=\"widget\" data-e-type=\"widget\" data-settings=\"{&quot;ekit_we_effect_on&quot;:&quot;none&quot;}\" data-widget_type=\"image.default\">\n\t\t\t\t<div class=\"elementor-widget-container\">\n\t\t\t\t\t\t\t\t\t\t\t\t\t\t\t<img fetchpriority=\"high\" decoding=\"async\" width=\"768\" height=\"759\" src=\"https:\/\/www.delcofluid.com\/wp-content\/uploads\/2024\/03\/product-finder-graphic-3-x900.jpg\" class=\"attachment-large size-large wp-image-2576\" alt=\"Solenoid Valves\" srcset=\"https:\/\/www.delcofluid.com\/wp-content\/uploads\/2024\/03\/product-finder-graphic-3-x900.jpg 768w, https:\/\/www.delcofluid.com\/wp-content\/uploads\/2024\/03\/product-finder-graphic-3-x900-100x100.jpg 100w, https:\/\/www.delcofluid.com\/wp-content\/uploads\/2024\/03\/product-finder-graphic-3-x900-600x593.jpg 600w, https:\/\/www.delcofluid.com\/wp-content\/uploads\/2024\/03\/product-finder-graphic-3-x900-300x296.jpg 300w\" sizes=\"(max-width: 768px) 100vw, 768px\" \/>\t\t\t\t\t\t\t\t\t\t\t\t\t\t\t<\/div>\n\t\t\t\t<\/div>\n\t\t\t\t<\/div>\n\t\t\t\t<\/div>\n\t\t<div class=\"elementor-element elementor-element-15c4c55 e-con-full e-flex e-con e-parent\" data-id=\"15c4c55\" data-element_type=\"container\" data-e-type=\"container\" data-settings=\"{&quot;background_background&quot;:&quot;classic&quot;,&quot;ekit_has_onepagescroll_dot&quot;:&quot;yes&quot;}\">\n\t\t\t\t<div class=\"elementor-element elementor-element-cf7446a elementor-widget elementor-widget-heading\" data-id=\"cf7446a\" data-element_type=\"widget\" data-e-type=\"widget\" data-settings=\"{&quot;ekit_we_effect_on&quot;:&quot;none&quot;}\" data-widget_type=\"heading.default\">\n\t\t\t\t<div class=\"elementor-widget-container\">\n\t\t\t\t\t<h2 class=\"elementor-heading-title elementor-size-default\">Technische Parameter f\u00fcr 2-Positionen-2-Wege-Magnetventile<\/h2>\t\t\t\t<\/div>\n\t\t\t\t<\/div>\n\t\t\t\t<\/div>\n\t\t<div class=\"elementor-element elementor-element-66467903 e-con-full e-flex e-con e-parent\" data-id=\"66467903\" data-element_type=\"container\" data-e-type=\"container\" data-settings=\"{&quot;ekit_has_onepagescroll_dot&quot;:&quot;yes&quot;}\">\n\t\t\t\t<div class=\"elementor-element elementor-element-3c14f475 elementor-widget__width-initial elementor-widget elementor-widget-global elementor-global-2967 elementor-widget-text-editor\" data-id=\"3c14f475\" data-element_type=\"widget\" data-e-type=\"widget\" data-settings=\"{&quot;ekit_we_effect_on&quot;:&quot;none&quot;}\" data-widget_type=\"text-editor.default\">\n\t\t\t\t<div class=\"elementor-widget-container\">\n\t\t\t\t\t\t\t\t\t<table width=\"288\"><tbody><tr><td width=\"72\">Typ<\/td><td width=\"72\">Magnetventil\u00a0<\/td><td width=\"72\">Nenndurchmesser<\/td><td width=\"72\">DN15-DN50<\/td><\/tr><tr><td width=\"72\">Nenndruck<\/td><td width=\"72\">0 bis 1,0 MPa<\/td><td width=\"72\">Verbindung<\/td><td width=\"72\">Gewinde<\/td><\/tr><tr><td width=\"72\">Struktur<\/td><td width=\"72\">Membran<\/td><td width=\"72\">Ma\u00dfgeschneiderte Unterst\u00fctzung<\/td><td width=\"72\">OEM<\/td><\/tr><tr><td width=\"72\">Garantie<\/td><td width=\"72\">\u00a012 Monate<\/td><td width=\"72\">Dichtungsmaterial<\/td><td width=\"72\">NBR, EPDM, FKM, PTFE<\/td><\/tr><tr><td width=\"72\">Medien<\/td><td width=\"72\">\u00d6l, Luft, Gas, Fl\u00fcssigkeit<\/td><td width=\"72\">Spulenspannung<\/td><td width=\"72\">DC12~24V (\u00b110%), AC110-220V<\/td><\/tr><\/tbody><\/table><p>\u00a0<\/p>\t\t\t\t\t\t\t\t<\/div>\n\t\t\t\t<\/div>\n\t\t\t\t<\/div>\n\t\t<div class=\"elementor-element elementor-element-0b18e32 e-flex e-con-boxed e-con e-parent\" data-id=\"0b18e32\" data-element_type=\"container\" data-e-type=\"container\" data-settings=\"{&quot;ekit_has_onepagescroll_dot&quot;:&quot;yes&quot;}\">\n\t\t\t\t\t<div class=\"e-con-inner\">\n\t\t\t\t<div class=\"elementor-element elementor-element-c6975fe elementor-widget elementor-widget-heading\" data-id=\"c6975fe\" data-element_type=\"widget\" data-e-type=\"widget\" data-settings=\"{&quot;ekit_we_effect_on&quot;:&quot;none&quot;}\" data-widget_type=\"heading.default\">\n\t\t\t\t<div class=\"elementor-widget-container\">\n\t\t\t\t\t<h2 class=\"elementor-heading-title elementor-size-default\">Anwendungen:<\/h2>\t\t\t\t<\/div>\n\t\t\t\t<\/div>\n\t\t\t\t<div class=\"elementor-element elementor-element-eb6e9f8 elementor-widget elementor-widget-text-editor\" data-id=\"eb6e9f8\" data-element_type=\"widget\" data-e-type=\"widget\" data-settings=\"{&quot;ekit_we_effect_on&quot;:&quot;none&quot;}\" data-widget_type=\"text-editor.default\">\n\t\t\t\t<div class=\"elementor-widget-container\">\n\t\t\t\t\t\t\t\t\t<p>Zweiwege-Magnetventile mit zwei Positionen finden in zahlreichen Branchen Anwendung, darunter:<\/p>\t\t\t\t\t\t\t\t<\/div>\n\t\t\t\t<\/div>\n\t\t\t\t<div class=\"elementor-element elementor-element-fab2721 elementor-widget elementor-widget-text-editor\" data-id=\"fab2721\" data-element_type=\"widget\" data-e-type=\"widget\" data-settings=\"{&quot;ekit_we_effect_on&quot;:&quot;none&quot;}\" data-widget_type=\"text-editor.default\">\n\t\t\t\t<div class=\"elementor-widget-container\">\n\t\t\t\t\t\t\t\t\t<ul><li><p><strong>Wasseraufbereitung:<\/strong> Wird zur Steuerung des Wasserflusses in Filtersystemen, Bew\u00e4sserungssystemen und Wasserverteilungsnetzen verwendet.<\/p><\/li><li><p><strong>Industrielle Automatisierung:<\/strong> Wird in pneumatischen und hydraulischen Systemen zur Prozesssteuerung, Maschinenautomatisierung und Ger\u00e4tebet\u00e4tigung eingesetzt.<\/p><\/li><li><p><strong>Medizinische Ausr\u00fcstung:<\/strong> Integriert in medizinische Ger\u00e4te und Diagnoseinstrumente zur pr\u00e4zisen Fl\u00fcssigkeitskontrolle bei Anwendungen wie An\u00e4sthesieverabreichung und Fl\u00fcssigkeitstherapie.<\/p><\/li><li><p><strong>HVAC-Systeme:<\/strong> Wird in Heizungs-, L\u00fcftungs- und Klimaanlagen zur Regulierung des Durchflusses von K\u00fchlmitteln, Gasen und Fl\u00fcssigkeiten eingebaut.<\/p><\/li><li><p><strong>Automobilindustrie:<\/strong> Wird in Fahrzeugsystemen zur Steuerung des Kraftstoffflusses, der K\u00fchlmittelzirkulation und der pneumatischen Bet\u00e4tigung verwendet.<\/p><\/li><\/ul>\t\t\t\t\t\t\t\t<\/div>\n\t\t\t\t<\/div>\n\t\t\t\t<div class=\"elementor-element elementor-element-7679752 elementor-widget elementor-widget-heading\" data-id=\"7679752\" data-element_type=\"widget\" data-e-type=\"widget\" data-settings=\"{&quot;ekit_we_effect_on&quot;:&quot;none&quot;}\" data-widget_type=\"heading.default\">\n\t\t\t\t<div class=\"elementor-widget-container\">\n\t\t\t\t\t<h2 class=\"elementor-heading-title elementor-size-default\">Vorteile:<\/h2>\t\t\t\t<\/div>\n\t\t\t\t<\/div>\n\t\t\t\t<div class=\"elementor-element elementor-element-339f1f7 elementor-widget elementor-widget-text-editor\" data-id=\"339f1f7\" data-element_type=\"widget\" data-e-type=\"widget\" data-settings=\"{&quot;ekit_we_effect_on&quot;:&quot;none&quot;}\" data-widget_type=\"text-editor.default\">\n\t\t\t\t<div class=\"elementor-widget-container\">\n\t\t\t\t\t\t\t\t\t<ul><li><p><strong>Pr\u00e4zisionssteuerung:<\/strong> Zweiwege-Magnetventile mit zwei Positionen erm\u00f6glichen eine genaue und wiederholbare Kontrolle des Fl\u00fcssigkeitsflusses und gew\u00e4hrleisten so eine optimale Systemleistung.<\/p><\/li><li><p><strong>Fernbedienung:<\/strong> Durch die elektrische Bet\u00e4tigung k\u00f6nnen diese Ventile ferngesteuert oder in automatisierte Steuerungssysteme integriert werden, was die Betriebseffizienz und Flexibilit\u00e4t verbessert.<\/p><\/li><li><p><strong>Zuverl\u00e4ssigkeit:<\/strong> Die auf hohe Zuverl\u00e4ssigkeit und Haltbarkeit ausgelegten Zweiwege-Magnetventile bieten selbst in anspruchsvollen Umgebungen eine verl\u00e4ssliche Leistung.<\/p><\/li><li><p><strong>Vielseitigkeit:<\/strong> Diese Ventile sind in verschiedenen Gr\u00f6\u00dfen, Materialien und Konfigurationen erh\u00e4ltlich und k\u00f6nnen an spezifische Anwendungsanforderungen angepasst werden.<\/p><\/li><\/ul>\t\t\t\t\t\t\t\t<\/div>\n\t\t\t\t<\/div>\n\t\t\t\t<div class=\"elementor-element elementor-element-fe1154f elementor-widget elementor-widget-heading\" data-id=\"fe1154f\" data-element_type=\"widget\" data-e-type=\"widget\" data-settings=\"{&quot;ekit_we_effect_on&quot;:&quot;none&quot;}\" data-widget_type=\"heading.default\">\n\t\t\t\t<div class=\"elementor-widget-container\">\n\t\t\t\t\t<h2 class=\"elementor-heading-title elementor-size-default\">Abschluss:<\/h2>\t\t\t\t<\/div>\n\t\t\t\t<\/div>\n\t\t\t\t<div class=\"elementor-element elementor-element-472bfac elementor-widget elementor-widget-text-editor\" data-id=\"472bfac\" data-element_type=\"widget\" data-e-type=\"widget\" data-settings=\"{&quot;ekit_we_effect_on&quot;:&quot;none&quot;}\" data-widget_type=\"text-editor.default\">\n\t\t\t\t<div class=\"elementor-widget-container\">\n\t\t\t\t\t\t\t\t\t<p>Zweiwege-Magnetventile mit zwei Positionen sind wesentliche Komponenten in Fl\u00fcssigkeitssteuerungssystemen und erm\u00f6glichen eine pr\u00e4zise, zuverl\u00e4ssige und effiziente Steuerung des Fl\u00fcssigkeits- und Gasflusses. Mit ihrem kompakten Design, ihrer schnellen Reaktionszeit und ihren vielseitigen Einsatzm\u00f6glichkeiten spielen diese Ventile eine entscheidende Rolle bei der Verbesserung der Kontrolle und Effizienz in einer Vielzahl von Branchen.<\/p>\t\t\t\t\t\t\t\t<\/div>\n\t\t\t\t<\/div>\n\t\t\t\t\t<\/div>\n\t\t\t\t<\/div>\n\t\t\t\t<\/div>","protected":false},"excerpt":{"rendered":"<p>2-Positionen-2-Wege-Magnetventile sind elektromechanische Ger\u00e4te, die den Fl\u00fcssigkeitsfluss durch \u00d6ffnen oder Schlie\u00dfen von Durchg\u00e4ngen im Ventilk\u00f6rper steuern. Sie werden normalerweise mit elektrischem Strom betrieben und eignen sich daher ideal f\u00fcr Anwendungen, bei denen eine Fern- oder automatische Steuerung erforderlich ist.<\/p>\n<p>2-Positionen-2-Wege-Magnetventile sind wichtige Komponenten in Fl\u00fcssigkeitssteuerungssystemen und bieten eine pr\u00e4zise und zuverl\u00e4ssige Steuerung des Fl\u00fcssigkeits- und Gasflusses. In dieser Produkt\u00fcbersicht untersuchen wir die Funktionen, Funktionsprinzipien, Anwendungen und Vorteile dieser Ventile und heben ihre Bedeutung in verschiedenen Branchen hervor.<\/p>\n<ul>\n<li>Modell: 2W31<\/li>\n<li>Gr\u00f6\u00dfenbereich: 1\/2&quot;~1&quot;<\/li>\n<li>Druckbereich: 0,0 MPa - 1,0 MPa<\/li>\n<li>Material: Edelstahl 304\/316, Messing<\/li>\n<\/ul>","protected":false},"featured_media":6940,"template":"","meta":{"site-sidebar-layout":"default","site-content-layout":"","ast-site-content-layout":"default","site-content-style":"default","site-sidebar-style":"default","ast-global-header-display":"","ast-banner-title-visibility":"","ast-main-header-display":"","ast-hfb-above-header-display":"","ast-hfb-below-header-display":"","ast-hfb-mobile-header-display":"","site-post-title":"","ast-breadcrumbs-content":"","ast-featured-img":"","footer-sml-layout":"","ast-disable-related-posts":"","theme-transparent-header-meta":"default","adv-header-id-meta":"","stick-header-meta":"","header-above-stick-meta":"","header-main-stick-meta":"","header-below-stick-meta":"","astra-migrate-meta-layouts":"set","ast-page-background-enabled":"default","ast-page-background-meta":{"desktop":{"background-color":"var(--ast-global-color-4)","background-image":"","background-repeat":"repeat","background-position":"center center","background-size":"auto","background-attachment":"scroll","background-type":"","background-media":"","overlay-type":"","overlay-color":"","overlay-opacity":"","overlay-gradient":""},"tablet":{"background-color":"","background-image":"","background-repeat":"repeat","background-position":"center center","background-size":"auto","background-attachment":"scroll","background-type":"","background-media":"","overlay-type":"","overlay-color":"","overlay-opacity":"","overlay-gradient":""},"mobile":{"background-color":"","background-image":"","background-repeat":"repeat","background-position":"center center","background-size":"auto","background-attachment":"scroll","background-type":"","background-media":"","overlay-type":"","overlay-color":"","overlay-opacity":"","overlay-gradient":""}},"ast-content-background-meta":{"desktop":{"background-color":"var(--ast-global-color-5)","background-image":"","background-repeat":"repeat","background-position":"center center","background-size":"auto","background-attachment":"scroll","background-type":"","background-media":"","overlay-type":"","overlay-color":"","overlay-opacity":"","overlay-gradient":""},"tablet":{"background-color":"var(--ast-global-color-5)","background-image":"","background-repeat":"repeat","background-position":"center center","background-size":"auto","background-attachment":"scroll","background-type":"","background-media":"","overlay-type":"","overlay-color":"","overlay-opacity":"","overlay-gradient":""},"mobile":{"background-color":"var(--ast-global-color-5)","background-image":"","background-repeat":"repeat","background-position":"center center","background-size":"auto","background-attachment":"scroll","background-type":"","background-media":"","overlay-type":"","overlay-color":"","overlay-opacity":"","overlay-gradient":""}}},"product_brand":[],"product_cat":[714,33,37],"product_tag":[195,194,158,156,193,192,73,56],"class_list":{"0":"post-2963","1":"product","2":"type-product","3":"status-publish","4":"has-post-thumbnail","6":"product_cat-pilot-operated-solenoid-valve","7":"product_cat-products","8":"product_cat-solenoid-valves","9":"product_tag-2-way-solenoid-valve","10":"product_tag-2-way-solenoid-valves","11":"product_tag-solenoid-valve","12":"product_tag-solenoid-valves","13":"product_tag-two-position-two-way-solenoid-valve","14":"product_tag-two-position-two-way-solenoid-valves","15":"product_tag-valve","16":"product_tag-valves","17":"desktop-align-center","18":"tablet-align-left","19":"mobile-align-left","21":"first","22":"instock","23":"shipping-taxable","24":"product-type-simple"},"_links":{"self":[{"href":"https:\/\/www.delcofluid.com\/de\/wp-json\/wp\/v2\/product\/2963","targetHints":{"allow":["GET"]}}],"collection":[{"href":"https:\/\/www.delcofluid.com\/de\/wp-json\/wp\/v2\/product"}],"about":[{"href":"https:\/\/www.delcofluid.com\/de\/wp-json\/wp\/v2\/types\/product"}],"version-history":[{"count":0,"href":"https:\/\/www.delcofluid.com\/de\/wp-json\/wp\/v2\/product\/2963\/revisions"}],"wp:featuredmedia":[{"embeddable":true,"href":"https:\/\/www.delcofluid.com\/de\/wp-json\/wp\/v2\/media\/6940"}],"wp:attachment":[{"href":"https:\/\/www.delcofluid.com\/de\/wp-json\/wp\/v2\/media?parent=2963"}],"wp:term":[{"taxonomy":"product_brand","embeddable":true,"href":"https:\/\/www.delcofluid.com\/de\/wp-json\/wp\/v2\/product_brand?post=2963"},{"taxonomy":"product_cat","embeddable":true,"href":"https:\/\/www.delcofluid.com\/de\/wp-json\/wp\/v2\/product_cat?post=2963"},{"taxonomy":"product_tag","embeddable":true,"href":"https:\/\/www.delcofluid.com\/de\/wp-json\/wp\/v2\/product_tag?post=2963"}],"curies":[{"name":"wp","href":"https:\/\/api.w.org\/{rel}","templated":true}]}}