{"id":3022,"date":"2024-03-29T05:36:49","date_gmt":"2024-03-29T05:36:49","guid":{"rendered":"https:\/\/www.delcofluid.com\/?post_type=product&#038;p=3022"},"modified":"2024-11-29T07:23:19","modified_gmt":"2024-11-29T07:23:19","slug":"miniature-direct-acting-solenoid-valves","status":"publish","type":"product","link":"https:\/\/www.delcofluid.com\/de\/produkt\/miniature-direct-acting-solenoid-valves\/","title":{"rendered":"DELCO Miniatur-Magnetventile aus Edelstahl mit Direktwirkung - DK02"},"content":{"rendered":"<div data-elementor-type=\"product-post\" data-elementor-id=\"3022\" class=\"elementor elementor-3022\" data-elementor-post-type=\"product\">\n\t\t\t\t<div class=\"elementor-element elementor-element-20539a1c e-con-full e-flex e-con e-parent\" data-id=\"20539a1c\" data-element_type=\"container\" data-e-type=\"container\" data-settings=\"{&quot;ekit_has_onepagescroll_dot&quot;:&quot;yes&quot;}\">\n\t\t<div class=\"elementor-element elementor-element-3316fa6 e-con-full e-flex e-con e-child\" data-id=\"3316fa6\" data-element_type=\"container\" data-e-type=\"container\" data-settings=\"{&quot;ekit_has_onepagescroll_dot&quot;:&quot;yes&quot;}\">\n\t\t\t\t<div class=\"elementor-element elementor-element-b8b3abc elementor-widget elementor-widget-heading\" data-id=\"b8b3abc\" data-element_type=\"widget\" data-e-type=\"widget\" data-settings=\"{&quot;ekit_we_effect_on&quot;:&quot;none&quot;}\" data-widget_type=\"heading.default\">\n\t\t\t\t<div class=\"elementor-widget-container\">\n\t\t\t\t\t<h2 class=\"elementor-heading-title elementor-size-default\">Direkte Aktion, schnelle Reaktion:<\/h2>\t\t\t\t<\/div>\n\t\t\t\t<\/div>\n\t\t\t\t<div class=\"elementor-element elementor-element-4b43349d elementor-widget__width-initial elementor-widget elementor-widget-text-editor\" data-id=\"4b43349d\" data-element_type=\"widget\" data-e-type=\"widget\" data-settings=\"{&quot;ekit_we_effect_on&quot;:&quot;none&quot;}\" data-widget_type=\"text-editor.default\">\n\t\t\t\t<div class=\"elementor-widget-container\">\n\t\t\t\t\t\t\t\t\t<p>Der direkt wirkende Mechanismus dieser Ventile gew\u00e4hrleistet schnelle Reaktionszeiten und eine pr\u00e4zise Steuerung des Fl\u00fcssigkeitsflusses. Da kein Pilotventil erforderlich ist, rationalisieren sie den Betrieb und steigern die Effizienz. Damit sind sie unverzichtbar f\u00fcr Anwendungen, bei denen eine schnelle und genaue Fl\u00fcssigkeitssteuerung von gr\u00f6\u00dfter Bedeutung ist.<\/p>\t\t\t\t\t\t\t\t<\/div>\n\t\t\t\t<\/div>\n\t\t\t\t<\/div>\n\t\t\t\t<\/div>\n\t\t<div class=\"elementor-element elementor-element-d687e8c e-con-full e-flex e-con e-parent\" data-id=\"d687e8c\" data-element_type=\"container\" data-e-type=\"container\" data-settings=\"{&quot;ekit_has_onepagescroll_dot&quot;:&quot;yes&quot;}\">\n\t\t<div class=\"elementor-element elementor-element-af28963 e-con-full e-flex e-con e-child\" data-id=\"af28963\" data-element_type=\"container\" data-e-type=\"container\" data-settings=\"{&quot;ekit_has_onepagescroll_dot&quot;:&quot;yes&quot;}\">\n\t\t\t\t<div class=\"elementor-element elementor-element-bdb24f8 elementor-widget__width-initial elementor-widget elementor-widget-heading\" data-id=\"bdb24f8\" data-element_type=\"widget\" data-e-type=\"widget\" data-settings=\"{&quot;ekit_we_effect_on&quot;:&quot;none&quot;}\" data-widget_type=\"heading.default\">\n\t\t\t\t<div class=\"elementor-widget-container\">\n\t\t\t\t\t<h2 class=\"elementor-heading-title elementor-size-default\">Miniatur-Direktsteuerungsmagnetventile werden in zahlreichen Branchen eingesetzt:<\/h2>\t\t\t\t<\/div>\n\t\t\t\t<\/div>\n\t\t\t\t<div class=\"elementor-element elementor-element-12e21a0 elementor-widget__width-initial elementor-widget elementor-widget-text-editor\" data-id=\"12e21a0\" data-element_type=\"widget\" data-e-type=\"widget\" data-settings=\"{&quot;ekit_we_effect_on&quot;:&quot;none&quot;}\" data-widget_type=\"text-editor.default\">\n\t\t\t\t<div class=\"elementor-widget-container\">\n\t\t\t\t\t\t\t\t\t<ul><li><p><strong>Medizinischer Bereich:<\/strong> Diese Ventile spielen in medizinischen Ger\u00e4ten und Diagnoseausr\u00fcstungen eine wichtige Rolle, da bei ihnen eine pr\u00e4zise Fl\u00fcssigkeitskontrolle f\u00fcr Aufgaben wie die Verabreichung von Medikamenten und die Patienten\u00fcberwachung von entscheidender Bedeutung ist.<\/p><\/li><li><p><strong>Automobilindustrie:<\/strong> In Automobilsystemen regulieren sie den Kraftstofffluss, steuern die Emissionen und kontrollieren pneumatische Aktuatoren in Motoren und Getrieben und tragen so zu einer optimalen Fahrzeugleistung bei.<\/p><\/li><li><p><strong>Laborautomatisierung:<\/strong> Labore verlassen sich bei der Fl\u00fcssigkeitshandhabung in automatisierten Systemen, Chromatographieger\u00e4ten und chemischen Analyseinstrumenten auf diese Ventile, um zuverl\u00e4ssige und genaue Ergebnisse zu gew\u00e4hrleisten.<\/p><\/li><li><p><strong>HVAC-Systeme:<\/strong> In Heizungs-, L\u00fcftungs- und Klimaanlagen regulieren sie den Fluss von K\u00fchlmitteln, Luft und Wasser und sorgen so f\u00fcr optimale Umgebungsbedingungen.<\/p><\/li><li><p><strong>Industrielle Automatisierung:<\/strong><span style=\"color: #000000\"><a style=\"color: #000000\" href=\"https:\/\/www.delcofluid.com\/de\/produkt-kategorie\/products\/\">Direktwirkende Miniatur-Magnetventile<\/a><\/span> spielen eine entscheidende Rolle in pneumatischen und hydraulischen Systemen und erm\u00f6glichen eine pr\u00e4zise Prozesssteuerung, Ger\u00e4tebet\u00e4tigung und Maschinenautomatisierung in Fertigungsumgebungen.<\/p><\/li><\/ul>\t\t\t\t\t\t\t\t<\/div>\n\t\t\t\t<\/div>\n\t\t\t\t<\/div>\n\t\t<div class=\"elementor-element elementor-element-3ba88f2 e-con-full e-flex e-con e-child\" data-id=\"3ba88f2\" data-element_type=\"container\" data-e-type=\"container\" data-settings=\"{&quot;ekit_has_onepagescroll_dot&quot;:&quot;yes&quot;}\">\n\t\t\t\t<div class=\"elementor-element elementor-element-a34c371 elementor-widget__width-initial elementor-widget elementor-widget-image\" data-id=\"a34c371\" data-element_type=\"widget\" data-e-type=\"widget\" data-settings=\"{&quot;ekit_we_effect_on&quot;:&quot;none&quot;}\" data-widget_type=\"image.default\">\n\t\t\t\t<div class=\"elementor-widget-container\">\n\t\t\t\t\t\t\t\t\t\t\t\t\t\t\t<img fetchpriority=\"high\" decoding=\"async\" width=\"1024\" height=\"1024\" src=\"https:\/\/www.delcofluid.com\/wp-content\/uploads\/2024\/03\/z4-5-1024x1024.jpg\" class=\"attachment-large size-large wp-image-3012\" alt=\"solenoid valve\" srcset=\"https:\/\/www.delcofluid.com\/wp-content\/uploads\/2024\/03\/z4-5-1024x1024.jpg 1024w, https:\/\/www.delcofluid.com\/wp-content\/uploads\/2024\/03\/z4-5-300x300.jpg 300w, https:\/\/www.delcofluid.com\/wp-content\/uploads\/2024\/03\/z4-5-100x100.jpg 100w, https:\/\/www.delcofluid.com\/wp-content\/uploads\/2024\/03\/z4-5-600x600.jpg 600w, https:\/\/www.delcofluid.com\/wp-content\/uploads\/2024\/03\/z4-5-150x150.jpg 150w, https:\/\/www.delcofluid.com\/wp-content\/uploads\/2024\/03\/z4-5-768x768.jpg 768w, https:\/\/www.delcofluid.com\/wp-content\/uploads\/2024\/03\/z4-5.jpg 1500w\" sizes=\"(max-width: 1024px) 100vw, 1024px\" \/>\t\t\t\t\t\t\t\t\t\t\t\t\t\t\t<\/div>\n\t\t\t\t<\/div>\n\t\t\t\t<\/div>\n\t\t\t\t<\/div>\n\t\t<div class=\"elementor-element elementor-element-15c4c55 e-con-full e-flex e-con e-parent\" data-id=\"15c4c55\" data-element_type=\"container\" data-e-type=\"container\" data-settings=\"{&quot;background_background&quot;:&quot;classic&quot;,&quot;ekit_has_onepagescroll_dot&quot;:&quot;yes&quot;}\">\n\t\t\t\t<div class=\"elementor-element elementor-element-cf7446a elementor-widget elementor-widget-heading\" data-id=\"cf7446a\" data-element_type=\"widget\" data-e-type=\"widget\" data-settings=\"{&quot;ekit_we_effect_on&quot;:&quot;none&quot;}\" data-widget_type=\"heading.default\">\n\t\t\t\t<div class=\"elementor-widget-container\">\n\t\t\t\t\t<h2 class=\"elementor-heading-title elementor-size-default\">Parameter f\u00fcr direkt wirkende Magnetventile:<\/h2>\t\t\t\t<\/div>\n\t\t\t\t<\/div>\n\t\t\t\t<\/div>\n\t\t<div class=\"elementor-element elementor-element-0b18e32 e-flex e-con-boxed e-con e-parent\" data-id=\"0b18e32\" data-element_type=\"container\" data-e-type=\"container\" data-settings=\"{&quot;ekit_has_onepagescroll_dot&quot;:&quot;yes&quot;}\">\n\t\t\t\t\t<div class=\"e-con-inner\">\n\t\t\t\t<div class=\"elementor-element elementor-element-ffd4484 elementor-widget elementor-widget-text-editor\" data-id=\"ffd4484\" data-element_type=\"widget\" data-e-type=\"widget\" data-settings=\"{&quot;ekit_we_effect_on&quot;:&quot;none&quot;}\" data-widget_type=\"text-editor.default\">\n\t\t\t\t<div class=\"elementor-widget-container\">\n\t\t\t\t\t\t\t\t\t<p>Der direkt wirkende Mechanismus dieser Ventile gew\u00e4hrleistet schnelle Reaktionszeiten und eine pr\u00e4zise Steuerung des Fl\u00fcssigkeitsflusses. Da kein Pilotventil erforderlich ist, rationalisieren sie den Betrieb und steigern die Effizienz. Damit sind sie unverzichtbar f\u00fcr Anwendungen, bei denen eine schnelle und genaue Fl\u00fcssigkeitssteuerung von gr\u00f6\u00dfter Bedeutung ist.<\/p>\t\t\t\t\t\t\t\t<\/div>\n\t\t\t\t<\/div>\n\t\t\t\t<div class=\"elementor-element elementor-element-c95fcf1 elementor-widget elementor-widget-text-editor\" data-id=\"c95fcf1\" data-element_type=\"widget\" data-e-type=\"widget\" data-settings=\"{&quot;ekit_we_effect_on&quot;:&quot;none&quot;}\" data-widget_type=\"text-editor.default\">\n\t\t\t\t<div class=\"elementor-widget-container\">\n\t\t\t\t\t\t\t\t\t<table width=\"650\">\n<tbody>\n<tr>\n<td width=\"325\">Gr\u00f6\u00dfenbereich<\/td>\n<td width=\"325\">DN06~DN10 (1\/8\u2033~3\/8\u2033)<\/td>\n<\/tr>\n<tr>\n<td width=\"325\">Nenndruck<\/td>\n<td width=\"325\">0 bis 1,0 MPa<\/td>\n<\/tr>\n<tr>\n<td width=\"325\">Schaltmodus<\/td>\n<td width=\"325\">Normalerweise geschlossen<\/td>\n<\/tr>\n<tr>\n<td width=\"325\">Verbindung<\/td>\n<td width=\"325\">Innengewinde<\/td>\n<\/tr>\n<tr>\n<td width=\"325\">Korpusmaterial<\/td>\n<td width=\"325\">Edelstahl, Messing,<\/td>\n<\/tr>\n<tr>\n<td width=\"325\">Dichtungsmaterial<\/td>\n<td width=\"325\">Viton<\/td>\n<\/tr>\n<tr>\n<td width=\"325\">Spulenspannung<\/td>\n<td width=\"325\">Wechselstrom 110 V\/220 V, Gleichstrom 12 V\/24 V<\/td>\n<\/tr>\n<tr>\n<td width=\"325\">Anwendbare Medien<\/td>\n<td width=\"325\">Wasser, \u00d6l, Luft usw.<\/td>\n<\/tr>\n<\/tbody>\n<\/table>\t\t\t\t\t\t\t\t<\/div>\n\t\t\t\t<\/div>\n\t\t\t\t<div class=\"elementor-element elementor-element-c6975fe elementor-widget elementor-widget-heading\" data-id=\"c6975fe\" data-element_type=\"widget\" data-e-type=\"widget\" data-settings=\"{&quot;ekit_we_effect_on&quot;:&quot;none&quot;}\" data-widget_type=\"heading.default\">\n\t\t\t\t<div class=\"elementor-widget-container\">\n\t\t\t\t\t<h2 class=\"elementor-heading-title elementor-size-default\">Hauptvorteile:<\/h2>\t\t\t\t<\/div>\n\t\t\t\t<\/div>\n\t\t\t\t<div class=\"elementor-element elementor-element-fab2721 elementor-widget elementor-widget-text-editor\" data-id=\"fab2721\" data-element_type=\"widget\" data-e-type=\"widget\" data-settings=\"{&quot;ekit_we_effect_on&quot;:&quot;none&quot;}\" data-widget_type=\"text-editor.default\">\n\t\t\t\t<div class=\"elementor-widget-container\">\n\t\t\t\t\t\t\t\t\t<ul><li><p><strong>Pr\u00e4zisionssteuerung:<\/strong> Diese Ventile bieten beispiellose Pr\u00e4zision und Wiederholbarkeit bei der Fl\u00fcssigkeitsregulierung und garantieren eine gleichbleibende Leistung in kritischen Anwendungen.<\/p><\/li><li><p><strong>Platzoptimierung:<\/strong> Mit ihrem kompakten Formfaktor erm\u00f6glichen direktwirkende Miniatur-Magnetventile eine effiziente Raumausnutzung und damit eine flexible Integration in unterschiedliche Systeme.<\/p><\/li><li><p><strong>Schnelle Antwort:<\/strong> Der Direktwirkungsmechanismus gew\u00e4hrleistet schnelle Reaktionszeiten, erm\u00f6glicht rasche Anpassungen und verbessert die Systemleistung.<\/p><\/li><li><p><strong>Anpassungsoptionen:<\/strong> Diese Ventile sind in verschiedenen Konfigurationen, Materialien und Gr\u00f6\u00dfen erh\u00e4ltlich und k\u00f6nnen an die individuellen Anforderungen bestimmter Anwendungen angepasst werden, wodurch Vielseitigkeit und Anpassungsf\u00e4higkeit gew\u00e4hrleistet werden.<\/p><\/li><\/ul>\t\t\t\t\t\t\t\t<\/div>\n\t\t\t\t<\/div>\n\t\t\t\t<div class=\"elementor-element elementor-element-fe1154f elementor-widget elementor-widget-heading\" data-id=\"fe1154f\" data-element_type=\"widget\" data-e-type=\"widget\" data-settings=\"{&quot;ekit_we_effect_on&quot;:&quot;none&quot;}\" data-widget_type=\"heading.default\">\n\t\t\t\t<div class=\"elementor-widget-container\">\n\t\t\t\t\t<h2 class=\"elementor-heading-title elementor-size-default\">Abschluss:<\/h2>\t\t\t\t<\/div>\n\t\t\t\t<\/div>\n\t\t\t\t<div class=\"elementor-element elementor-element-472bfac elementor-widget elementor-widget-text-editor\" data-id=\"472bfac\" data-element_type=\"widget\" data-e-type=\"widget\" data-settings=\"{&quot;ekit_we_effect_on&quot;:&quot;none&quot;}\" data-widget_type=\"text-editor.default\">\n\t\t\t\t<div class=\"elementor-widget-container\">\n\t\t\t\t\t\t\t\t\t<p>Miniatur-Direktsteuerungsmagnetventile stehen f\u00fcr Pr\u00e4zision und Effizienz bei der Fl\u00fcssigkeitssteuerung und bieten kompakte und dennoch leistungsstarke L\u00f6sungen f\u00fcr eine breite Palette von Anwendungen in verschiedenen Branchen. Mit ihren schnellen Reaktionszeiten, pr\u00e4zisen Regelungen und vielseitigen Einsatzm\u00f6glichkeiten treiben diese Ventile weiterhin Innovation und Effizienz in Fl\u00fcssigkeitssteuerungssystemen weltweit voran.<\/p>\t\t\t\t\t\t\t\t<\/div>\n\t\t\t\t<\/div>\n\t\t\t\t\t<\/div>\n\t\t\t\t<\/div>\n\t\t\t\t<\/div>","protected":false},"excerpt":{"rendered":"<p><strong>Direktwirkende Miniatur-Magnetventile: Pr\u00e4zision in kompakter Bauweise<\/strong><\/p>\n<p>Miniatur-Direktsteuerungsmagnetventile stellen den H\u00f6hepunkt der Fl\u00fcssigkeitssteuerungstechnologie dar und bieten pr\u00e4zise Regelung bei bemerkenswert geringem Platzbedarf. In dieser umfassenden Untersuchung gehen wir auf die Feinheiten dieser Ventile ein und decken ihre Funktionen, Funktionsprinzipien, vielf\u00e4ltigen Anwendungen und die unz\u00e4hligen Vorteile auf, die sie Branchen weltweit bieten.<\/p>\n<p><strong>Kompakte Effizienz:<\/strong><\/p>\n<p>Miniatur-Direktmagnetventile wurden mit Fokus auf Platzoptimierung entwickelt und sind so konstruiert, dass sie bei maximaler Leistung nur minimalen Platz einnehmen. Ihr kompaktes Design erm\u00f6glicht eine nahtlose Integration in Systeme mit begrenztem Platzangebot, ohne Kompromisse bei der Funktionalit\u00e4t einzugehen.<\/p>\n<ul>\n<li><strong>Modell:<\/strong> DK02<\/li>\n<li><strong>Gr\u00f6\u00dfenbereich:<\/strong> 1\/8&#8221;~3\/8&#8221;<\/li>\n<li><strong>Druckbereich:<\/strong> 0,0 MPa bis 1,0 MPa<\/li>\n<li><strong>Material: <\/strong>Edelstahl 304\/316 oder Messing<\/li>\n<\/ul>","protected":false},"featured_media":9773,"template":"","meta":{"site-sidebar-layout":"default","site-content-layout":"","ast-site-content-layout":"default","site-content-style":"default","site-sidebar-style":"default","ast-global-header-display":"","ast-banner-title-visibility":"","ast-main-header-display":"","ast-hfb-above-header-display":"","ast-hfb-below-header-display":"","ast-hfb-mobile-header-display":"","site-post-title":"","ast-breadcrumbs-content":"","ast-featured-img":"","footer-sml-layout":"","ast-disable-related-posts":"","theme-transparent-header-meta":"default","adv-header-id-meta":"","stick-header-meta":"","header-above-stick-meta":"","header-main-stick-meta":"","header-below-stick-meta":"","astra-migrate-meta-layouts":"set","ast-page-background-enabled":"default","ast-page-background-meta":{"desktop":{"background-color":"var(--ast-global-color-4)","background-image":"","background-repeat":"repeat","background-position":"center center","background-size":"auto","background-attachment":"scroll","background-type":"","background-media":"","overlay-type":"","overlay-color":"","overlay-opacity":"","overlay-gradient":""},"tablet":{"background-color":"","background-image":"","background-repeat":"repeat","background-position":"center center","background-size":"auto","background-attachment":"scroll","background-type":"","background-media":"","overlay-type":"","overlay-color":"","overlay-opacity":"","overlay-gradient":""},"mobile":{"background-color":"","background-image":"","background-repeat":"repeat","background-position":"center center","background-size":"auto","background-attachment":"scroll","background-type":"","background-media":"","overlay-type":"","overlay-color":"","overlay-opacity":"","overlay-gradient":""}},"ast-content-background-meta":{"desktop":{"background-color":"var(--ast-global-color-5)","background-image":"","background-repeat":"repeat","background-position":"center center","background-size":"auto","background-attachment":"scroll","background-type":"","background-media":"","overlay-type":"","overlay-color":"","overlay-opacity":"","overlay-gradient":""},"tablet":{"background-color":"var(--ast-global-color-5)","background-image":"","background-repeat":"repeat","background-position":"center center","background-size":"auto","background-attachment":"scroll","background-type":"","background-media":"","overlay-type":"","overlay-color":"","overlay-opacity":"","overlay-gradient":""},"mobile":{"background-color":"var(--ast-global-color-5)","background-image":"","background-repeat":"repeat","background-position":"center center","background-size":"auto","background-attachment":"scroll","background-type":"","background-media":"","overlay-type":"","overlay-color":"","overlay-opacity":"","overlay-gradient":""}}},"product_brand":[],"product_cat":[713,33,37],"product_tag":[199,198,197,196,200,201,158,156,73,56],"class_list":{"0":"post-3022","1":"product","2":"type-product","3":"status-publish","4":"has-post-thumbnail","6":"product_cat-direct-acting-solenoid-valve","7":"product_cat-products","8":"product_cat-solenoid-valves","9":"product_tag-direct-acting-solenoid-valve","10":"product_tag-direct-acting-solenoid-valves","11":"product_tag-mini-direct-acting-solenoid-valve","12":"product_tag-mini-direct-acting-solenoid-valves","13":"product_tag-miniature-direct-acting-solenoid-valve","14":"product_tag-miniature-direct-acting-solenoid-valves","15":"product_tag-solenoid-valve","16":"product_tag-solenoid-valves","17":"product_tag-valve","18":"product_tag-valves","19":"desktop-align-center","20":"tablet-align-left","21":"mobile-align-left","23":"first","24":"instock","25":"shipping-taxable","26":"product-type-simple"},"_links":{"self":[{"href":"https:\/\/www.delcofluid.com\/de\/wp-json\/wp\/v2\/product\/3022","targetHints":{"allow":["GET"]}}],"collection":[{"href":"https:\/\/www.delcofluid.com\/de\/wp-json\/wp\/v2\/product"}],"about":[{"href":"https:\/\/www.delcofluid.com\/de\/wp-json\/wp\/v2\/types\/product"}],"version-history":[{"count":0,"href":"https:\/\/www.delcofluid.com\/de\/wp-json\/wp\/v2\/product\/3022\/revisions"}],"wp:featuredmedia":[{"embeddable":true,"href":"https:\/\/www.delcofluid.com\/de\/wp-json\/wp\/v2\/media\/9773"}],"wp:attachment":[{"href":"https:\/\/www.delcofluid.com\/de\/wp-json\/wp\/v2\/media?parent=3022"}],"wp:term":[{"taxonomy":"product_brand","embeddable":true,"href":"https:\/\/www.delcofluid.com\/de\/wp-json\/wp\/v2\/product_brand?post=3022"},{"taxonomy":"product_cat","embeddable":true,"href":"https:\/\/www.delcofluid.com\/de\/wp-json\/wp\/v2\/product_cat?post=3022"},{"taxonomy":"product_tag","embeddable":true,"href":"https:\/\/www.delcofluid.com\/de\/wp-json\/wp\/v2\/product_tag?post=3022"}],"curies":[{"name":"wp","href":"https:\/\/api.w.org\/{rel}","templated":true}]}}