{"id":3040,"date":"2024-03-29T07:03:39","date_gmt":"2024-03-29T07:03:39","guid":{"rendered":"https:\/\/www.delcofluid.com\/?post_type=product&#038;p=3040"},"modified":"2024-12-04T09:45:08","modified_gmt":"2024-12-04T09:45:08","slug":"directly-operated-high-pressure-solenoid-valves","status":"publish","type":"product","link":"https:\/\/www.delcofluid.com\/de\/produkt\/directly-operated-high-pressure-solenoid-valves\/","title":{"rendered":"Direktwirkende Hochdruck-Magnetventile von DELCO - DKBB"},"content":{"rendered":"<div data-elementor-type=\"product-post\" data-elementor-id=\"3040\" class=\"elementor elementor-3040\" data-elementor-post-type=\"product\">\n\t\t\t\t<div class=\"elementor-element elementor-element-d687e8c e-con-full e-flex e-con e-parent\" data-id=\"d687e8c\" data-element_type=\"container\" data-e-type=\"container\" data-settings=\"{&quot;ekit_has_onepagescroll_dot&quot;:&quot;yes&quot;}\">\n\t\t<div class=\"elementor-element elementor-element-af28963 e-con-full e-flex e-con e-child\" data-id=\"af28963\" data-element_type=\"container\" data-e-type=\"container\" data-settings=\"{&quot;ekit_has_onepagescroll_dot&quot;:&quot;yes&quot;}\">\n\t\t\t\t<div class=\"elementor-element elementor-element-d09385f elementor-widget elementor-widget-heading\" data-id=\"d09385f\" data-element_type=\"widget\" data-e-type=\"widget\" data-settings=\"{&quot;ekit_we_effect_on&quot;:&quot;none&quot;}\" data-widget_type=\"heading.default\">\n\t\t\t\t<div class=\"elementor-widget-container\">\n\t\t\t\t\t<h2 class=\"elementor-heading-title elementor-size-default\">Hochdruck-Magnetventile<\/h2>\t\t\t\t<\/div>\n\t\t\t\t<\/div>\n\t\t\t\t<div class=\"elementor-element elementor-element-62fbce2 elementor-widget elementor-widget-text-editor\" data-id=\"62fbce2\" data-element_type=\"widget\" data-e-type=\"widget\" data-settings=\"{&quot;ekit_we_effect_on&quot;:&quot;none&quot;}\" data-widget_type=\"text-editor.default\">\n\t\t\t\t<div class=\"elementor-widget-container\">\n\t\t\t\t\t\t\t\t\t<p>Material und Konstruktion: Das Ventil ist vollst\u00e4ndig aus hochwertigem Edelstahl gefertigt, was Langlebigkeit und Korrosionsbest\u00e4ndigkeit gew\u00e4hrleistet.<br \/>Konstruktionsspezifikationen: Es ist als 2\/2-Wegeventil konzipiert, d.\u00a0h. es hat zwei Anschl\u00fcsse und zwei Positionen \u2013 offen und geschlossen.<br \/>Betriebsmechanismus: Der Betrieb erfolgt nach dem Ruhezustandsprinzip, wobei das Ventil standardm\u00e4\u00dfig geschlossen ist und sich bei Aktivierung \u00f6ffnet.<br \/>Gr\u00f6\u00dfen- und Druckkompatibilit\u00e4t: Die verf\u00fcgbaren Gr\u00f6\u00dfen reichen von 1\/4 Zoll bis 1\/2 Zoll, mit einer Druckbelastbarkeit zwischen 0,5 MPa und 25 MPa, und decken so ein breites Spektrum an Betriebsanforderungen ab.<br \/>Spannungsunterst\u00fctzung: Dieses Ventil unterst\u00fctzt Gleichspannungseing\u00e4nge von 12\/24 V und ist daher f\u00fcr verschiedene elektrische Konfigurationen vielseitig einsetzbar.<br \/>Verbindungstyp: Verf\u00fcgt \u00fcber einen Gewindeanschluss f\u00fcr eine sichere und einfache Installation.<br \/>Funktionsweise: Durch die kontinuierliche Einschaltdauer ist ein unterbrechungsfreier Betrieb des Ventils gew\u00e4hrleistet.<br \/>Vielseitigkeit: Es eignet sich ideal f\u00fcr Wasser- und Luftanwendungen, ist jedoch speziell auf hohe Effizienz bei CNG-Abgabeaufgaben ausgelegt.<\/p>\t\t\t\t\t\t\t\t<\/div>\n\t\t\t\t<\/div>\n\t\t\t\t<\/div>\n\t\t<div class=\"elementor-element elementor-element-3ba88f2 e-con-full e-flex e-con e-child\" data-id=\"3ba88f2\" data-element_type=\"container\" data-e-type=\"container\" data-settings=\"{&quot;ekit_has_onepagescroll_dot&quot;:&quot;yes&quot;}\">\n\t\t\t\t<div class=\"elementor-element elementor-element-a34c371 elementor-widget__width-initial elementor-widget elementor-widget-image\" data-id=\"a34c371\" data-element_type=\"widget\" data-e-type=\"widget\" data-settings=\"{&quot;ekit_we_effect_on&quot;:&quot;none&quot;}\" data-widget_type=\"image.default\">\n\t\t\t\t<div class=\"elementor-widget-container\">\n\t\t\t\t\t\t\t\t\t\t\t\t\t\t\t<img fetchpriority=\"high\" decoding=\"async\" width=\"1024\" height=\"1024\" src=\"https:\/\/www.delcofluid.com\/wp-content\/uploads\/2024\/03\/13-1-1024x1024.jpg\" class=\"attachment-large size-large wp-image-3046\" alt=\"Solenoid Valves-2\" srcset=\"https:\/\/www.delcofluid.com\/wp-content\/uploads\/2024\/03\/13-1-1024x1024.jpg 1024w, https:\/\/www.delcofluid.com\/wp-content\/uploads\/2024\/03\/13-1-300x300.jpg 300w, https:\/\/www.delcofluid.com\/wp-content\/uploads\/2024\/03\/13-1-100x100.jpg 100w, https:\/\/www.delcofluid.com\/wp-content\/uploads\/2024\/03\/13-1-600x600.jpg 600w, https:\/\/www.delcofluid.com\/wp-content\/uploads\/2024\/03\/13-1-150x150.jpg 150w, https:\/\/www.delcofluid.com\/wp-content\/uploads\/2024\/03\/13-1-768x768.jpg 768w, https:\/\/www.delcofluid.com\/wp-content\/uploads\/2024\/03\/13-1.jpg 1500w\" sizes=\"(max-width: 1024px) 100vw, 1024px\" \/>\t\t\t\t\t\t\t\t\t\t\t\t\t\t\t<\/div>\n\t\t\t\t<\/div>\n\t\t\t\t<\/div>\n\t\t\t\t<\/div>\n\t\t<div class=\"elementor-element elementor-element-15c4c55 e-con-full e-flex e-con e-parent\" data-id=\"15c4c55\" data-element_type=\"container\" data-e-type=\"container\" data-settings=\"{&quot;background_background&quot;:&quot;classic&quot;,&quot;ekit_has_onepagescroll_dot&quot;:&quot;yes&quot;}\">\n\t\t\t\t<div class=\"elementor-element elementor-element-cf7446a elementor-widget elementor-widget-heading\" data-id=\"cf7446a\" data-element_type=\"widget\" data-e-type=\"widget\" data-settings=\"{&quot;ekit_we_effect_on&quot;:&quot;none&quot;}\" data-widget_type=\"heading.default\">\n\t\t\t\t<div class=\"elementor-widget-container\">\n\t\t\t\t\t<h2 class=\"elementor-heading-title elementor-size-default\">Technische Parameter f\u00fcr Hochdruck-Magnetventile:<\/h2>\t\t\t\t<\/div>\n\t\t\t\t<\/div>\n\t\t\t\t<\/div>\n\t\t<div class=\"elementor-element elementor-element-0b18e32 e-flex e-con-boxed e-con e-parent\" data-id=\"0b18e32\" data-element_type=\"container\" data-e-type=\"container\" data-settings=\"{&quot;ekit_has_onepagescroll_dot&quot;:&quot;yes&quot;}\">\n\t\t\t\t\t<div class=\"e-con-inner\">\n\t\t\t\t<div class=\"elementor-element elementor-element-ffd4484 elementor-widget elementor-widget-text-editor\" data-id=\"ffd4484\" data-element_type=\"widget\" data-e-type=\"widget\" data-settings=\"{&quot;ekit_we_effect_on&quot;:&quot;none&quot;}\" data-widget_type=\"text-editor.default\">\n\t\t\t\t<div class=\"elementor-widget-container\">\n\t\t\t\t\t\t\t\t\t<table width=\"288\"><tbody><tr><td width=\"72\">Typ<\/td><td width=\"72\">Magnetventil\u00a0<\/td><td width=\"72\">Anschlussgr\u00f6\u00dfe<\/td><td width=\"72\">1\/4\u201d, 3\/8\u201d, 1\/2\u2033<\/td><\/tr><tr><td width=\"72\">Material<\/td><td width=\"72\">Edelstahl\u00a0 \u00a0 \u00a0\u00a0<\/td><td width=\"72\">Dichtungsmaterial<\/td><td width=\"72\">PTFE<\/td><\/tr><tr><td width=\"72\">Druck<\/td><td width=\"72\">0 MPa-25 MPa<\/td><td width=\"72\">Funktion<\/td><td width=\"72\">Normalerweise geschlossen\u00a0<\/td><\/tr><tr><td width=\"72\">Garantie<\/td><td width=\"72\">\u00a012 Monate<\/td><td width=\"72\">\u00d6ffnung (mm)<\/td><td width=\"72\">\u20135,0, 6,0, 7,0<\/td><\/tr><tr><td width=\"72\">Funktion<\/td><td width=\"72\">Normalerweise geschlossen oder ge\u00f6ffnet<\/td><td width=\"72\">Modell<\/td><td width=\"72\">DKKB<\/td><\/tr><\/tbody><\/table><p>\u00a0<\/p>\t\t\t\t\t\t\t\t<\/div>\n\t\t\t\t<\/div>\n\t\t\t\t<div class=\"elementor-element elementor-element-088f1a6 elementor-widget elementor-widget-heading\" data-id=\"088f1a6\" data-element_type=\"widget\" data-e-type=\"widget\" data-settings=\"{&quot;ekit_we_effect_on&quot;:&quot;none&quot;}\" data-widget_type=\"heading.default\">\n\t\t\t\t<div class=\"elementor-widget-container\">\n\t\t\t\t\t<h2 class=\"elementor-heading-title elementor-size-default\">Hochdruck-Magnetventile Anwendungen:<\/h2>\t\t\t\t<\/div>\n\t\t\t\t<\/div>\n\t\t\t\t<div class=\"elementor-element elementor-element-6591800 elementor-widget elementor-widget-text-editor\" data-id=\"6591800\" data-element_type=\"widget\" data-e-type=\"widget\" data-settings=\"{&quot;ekit_we_effect_on&quot;:&quot;none&quot;}\" data-widget_type=\"text-editor.default\">\n\t\t\t\t<div class=\"elementor-widget-container\">\n\t\t\t\t\t\t\t\t\t<p>Diese Ventile werden h\u00e4ufig in Branchen eingesetzt, in denen eine pr\u00e4zise Fl\u00fcssigkeitssteuerung von entscheidender Bedeutung ist, wie z. B. in der \u00d6l- und Gasindustrie, Petrochemie, chemischen Verarbeitung und Luft- und Raumfahrt. Sie werden in Anwendungen wie Hydrauliksystemen, pneumatischen Systemen, Prozessautomatisierung und Hochdruckfl\u00fcssigkeitshandhabung eingesetzt. Ob es um die Steuerung des Hydraulikfl\u00fcssigkeitsflusses in schweren Maschinen oder die Regulierung des Gasdrucks in Luft- und Raumfahrtanwendungen geht, diese Ventile eignen sich hervorragend f\u00fcr vielf\u00e4ltige und anspruchsvolle Szenarien.<\/p>\t\t\t\t\t\t\t\t<\/div>\n\t\t\t\t<\/div>\n\t\t\t\t<div class=\"elementor-element elementor-element-c6975fe elementor-widget elementor-widget-heading\" data-id=\"c6975fe\" data-element_type=\"widget\" data-e-type=\"widget\" data-settings=\"{&quot;ekit_we_effect_on&quot;:&quot;none&quot;}\" data-widget_type=\"heading.default\">\n\t\t\t\t<div class=\"elementor-widget-container\">\n\t\t\t\t\t<h2 class=\"elementor-heading-title elementor-size-default\">Vorteile von Hochdruck-Magnetventilen:<\/h2>\t\t\t\t<\/div>\n\t\t\t\t<\/div>\n\t\t\t\t<div class=\"elementor-element elementor-element-fab2721 elementor-widget elementor-widget-text-editor\" data-id=\"fab2721\" data-element_type=\"widget\" data-e-type=\"widget\" data-settings=\"{&quot;ekit_we_effect_on&quot;:&quot;none&quot;}\" data-widget_type=\"text-editor.default\">\n\t\t\t\t<div class=\"elementor-widget-container\">\n\t\t\t\t\t\t\t\t\t<p>Die Vorteile direkt gesteuerter Hochdruck-Magnetventile sind vielf\u00e4ltig. Ihre pr\u00e4zisen Steuerungsm\u00f6glichkeiten sorgen f\u00fcr optimale Leistung und Effizienz in Fl\u00fcssigkeitshandhabungssystemen. Dar\u00fcber hinaus tragen ihre robuste Konstruktion und ihr zuverl\u00e4ssiger Betrieb zu geringeren Ausfallzeiten und Wartungskosten bei. Dar\u00fcber hinaus sind diese Ventile mit einer Vielzahl von Fl\u00fcssigkeiten und Gasen kompatibel und stellen somit vielseitige L\u00f6sungen f\u00fcr verschiedene industrielle Anwendungen dar.<\/p>\t\t\t\t\t\t\t\t<\/div>\n\t\t\t\t<\/div>\n\t\t\t\t<div class=\"elementor-element elementor-element-fe1154f elementor-widget elementor-widget-heading\" data-id=\"fe1154f\" data-element_type=\"widget\" data-e-type=\"widget\" data-settings=\"{&quot;ekit_we_effect_on&quot;:&quot;none&quot;}\" data-widget_type=\"heading.default\">\n\t\t\t\t<div class=\"elementor-widget-container\">\n\t\t\t\t\t<h2 class=\"elementor-heading-title elementor-size-default\">Abschluss:<\/h2>\t\t\t\t<\/div>\n\t\t\t\t<\/div>\n\t\t\t\t<div class=\"elementor-element elementor-element-472bfac elementor-widget elementor-widget-text-editor\" data-id=\"472bfac\" data-element_type=\"widget\" data-e-type=\"widget\" data-settings=\"{&quot;ekit_we_effect_on&quot;:&quot;none&quot;}\" data-widget_type=\"text-editor.default\">\n\t\t\t\t<div class=\"elementor-widget-container\">\n\t\t\t\t\t\t\t\t\t<p>Zusammenfassend l\u00e4sst sich sagen, dass direkt gesteuerte Hochdruck-Magnetventile eine entscheidende Rolle bei der Gew\u00e4hrleistung einer effizienten und zuverl\u00e4ssigen Fl\u00fcssigkeitssteuerung in anspruchsvollen Umgebungen spielen. Mit ihren fortschrittlichen Funktionen, ihrer pr\u00e4zisen Bedienung und ihrer breiten Anwendbarkeit sind diese Ventile in zahlreichen Branchen unverzichtbare Komponenten. Da sich die Technologie st\u00e4ndig weiterentwickelt, werden diese Ventile auch weiterhin die Spitzenposition bei Fl\u00fcssigkeitssteuerungsl\u00f6sungen einnehmen, Innovationen vorantreiben und die Leistung kritischer Systeme verbessern.<\/p>\t\t\t\t\t\t\t\t<\/div>\n\t\t\t\t<\/div>\n\t\t\t\t\t<\/div>\n\t\t\t\t<\/div>\n\t\t\t\t<\/div>","protected":false},"excerpt":{"rendered":"<p><span style=\"color: #333300\">Das Hochdruck-Magnetventil aus Edelstahl der Serie DKKB von DELCO zeichnet sich durch eine Reihe robuster Funktionen aus und ist daher die erste Wahl f\u00fcr verschiedene Anwendungen, insbesondere f\u00fcr die Abgabe von komprimiertem Erdgas (CNG).\u00a0<\/span><\/p>\n<p><span style=\"color: #333300\">Jedes Merkmal des Magnetventils der Serie DKKB von DELCO unterstreicht seinen Nutzen in industriellen Umgebungen, in denen eine pr\u00e4zise Steuerung von Hochdruckgasen und -fl\u00fcssigkeiten erforderlich ist.<\/span><\/p>\n<div class=\"elementor-element elementor-element-62fbce2 elementor-widget elementor-widget-text-editor\" data-id=\"62fbce2\" data-element_type=\"widget\" data-settings=\"{&quot;ekit_we_effect_on&quot;:&quot;none&quot;}\" data-widget_type=\"text-editor.default\">\n<div class=\"elementor-widget-container\">\n<ul>\n<li><span style=\"color: #333300\">Modell: Hochdruck-Magnetventil<\/span><\/li>\n<li><span style=\"color: #333300\">Gr\u00f6\u00dfenbereich: 3\/8&quot;~2&quot;<\/span><\/li>\n<li><span style=\"color: #333300\">Druckbereich: 0 MPa ~ 25 MPa<\/span><\/li>\n<li><span style=\"color: #333300\">Material: Edelstahl 304\/316<\/span><\/li>\n<\/ul>\n<\/div>\n<\/div>","protected":false},"featured_media":6805,"template":"","meta":{"site-sidebar-layout":"default","site-content-layout":"","ast-site-content-layout":"default","site-content-style":"default","site-sidebar-style":"default","ast-global-header-display":"","ast-banner-title-visibility":"","ast-main-header-display":"","ast-hfb-above-header-display":"","ast-hfb-below-header-display":"","ast-hfb-mobile-header-display":"","site-post-title":"","ast-breadcrumbs-content":"","ast-featured-img":"","footer-sml-layout":"","ast-disable-related-posts":"","theme-transparent-header-meta":"default","adv-header-id-meta":"","stick-header-meta":"","header-above-stick-meta":"","header-main-stick-meta":"","header-below-stick-meta":"","astra-migrate-meta-layouts":"set","ast-page-background-enabled":"default","ast-page-background-meta":{"desktop":{"background-color":"var(--ast-global-color-4)","background-image":"","background-repeat":"repeat","background-position":"center center","background-size":"auto","background-attachment":"scroll","background-type":"","background-media":"","overlay-type":"","overlay-color":"","overlay-opacity":"","overlay-gradient":""},"tablet":{"background-color":"","background-image":"","background-repeat":"repeat","background-position":"center center","background-size":"auto","background-attachment":"scroll","background-type":"","background-media":"","overlay-type":"","overlay-color":"","overlay-opacity":"","overlay-gradient":""},"mobile":{"background-color":"","background-image":"","background-repeat":"repeat","background-position":"center center","background-size":"auto","background-attachment":"scroll","background-type":"","background-media":"","overlay-type":"","overlay-color":"","overlay-opacity":"","overlay-gradient":""}},"ast-content-background-meta":{"desktop":{"background-color":"var(--ast-global-color-5)","background-image":"","background-repeat":"repeat","background-position":"center center","background-size":"auto","background-attachment":"scroll","background-type":"","background-media":"","overlay-type":"","overlay-color":"","overlay-opacity":"","overlay-gradient":""},"tablet":{"background-color":"var(--ast-global-color-5)","background-image":"","background-repeat":"repeat","background-position":"center center","background-size":"auto","background-attachment":"scroll","background-type":"","background-media":"","overlay-type":"","overlay-color":"","overlay-opacity":"","overlay-gradient":""},"mobile":{"background-color":"var(--ast-global-color-5)","background-image":"","background-repeat":"repeat","background-position":"center center","background-size":"auto","background-attachment":"scroll","background-type":"","background-media":"","overlay-type":"","overlay-color":"","overlay-opacity":"","overlay-gradient":""}}},"product_brand":[],"product_cat":[712,33,37],"product_tag":[203,202,205,204,158,156,73,56],"class_list":{"0":"post-3040","1":"product","2":"type-product","3":"status-publish","4":"has-post-thumbnail","6":"product_cat-high-pressure-solenoid-valve","7":"product_cat-products","8":"product_cat-solenoid-valves","9":"product_tag-directly-operated-high-pressure-solenoid-valve","10":"product_tag-directly-operated-high-pressure-solenoid-valves","11":"product_tag-high-pressure-solenoid-valve","12":"product_tag-high-pressure-solenoid-valves","13":"product_tag-solenoid-valve","14":"product_tag-solenoid-valves","15":"product_tag-valve","16":"product_tag-valves","17":"desktop-align-center","18":"tablet-align-left","19":"mobile-align-left","21":"first","22":"instock","23":"shipping-taxable","24":"product-type-simple"},"_links":{"self":[{"href":"https:\/\/www.delcofluid.com\/de\/wp-json\/wp\/v2\/product\/3040","targetHints":{"allow":["GET"]}}],"collection":[{"href":"https:\/\/www.delcofluid.com\/de\/wp-json\/wp\/v2\/product"}],"about":[{"href":"https:\/\/www.delcofluid.com\/de\/wp-json\/wp\/v2\/types\/product"}],"version-history":[{"count":0,"href":"https:\/\/www.delcofluid.com\/de\/wp-json\/wp\/v2\/product\/3040\/revisions"}],"wp:featuredmedia":[{"embeddable":true,"href":"https:\/\/www.delcofluid.com\/de\/wp-json\/wp\/v2\/media\/6805"}],"wp:attachment":[{"href":"https:\/\/www.delcofluid.com\/de\/wp-json\/wp\/v2\/media?parent=3040"}],"wp:term":[{"taxonomy":"product_brand","embeddable":true,"href":"https:\/\/www.delcofluid.com\/de\/wp-json\/wp\/v2\/product_brand?post=3040"},{"taxonomy":"product_cat","embeddable":true,"href":"https:\/\/www.delcofluid.com\/de\/wp-json\/wp\/v2\/product_cat?post=3040"},{"taxonomy":"product_tag","embeddable":true,"href":"https:\/\/www.delcofluid.com\/de\/wp-json\/wp\/v2\/product_tag?post=3040"}],"curies":[{"name":"wp","href":"https:\/\/api.w.org\/{rel}","templated":true}]}}