{"id":4756,"date":"2024-04-18T10:30:14","date_gmt":"2024-04-18T09:30:14","guid":{"rendered":"https:\/\/www.delcofluid.com\/?post_type=product&#038;p=4756"},"modified":"2024-08-01T07:21:55","modified_gmt":"2024-08-01T06:21:55","slug":"delco-female-thread-motorized-actuator-ball-valves","status":"publish","type":"product","link":"https:\/\/www.delcofluid.com\/de\/produkt\/delco-female-thread-motorized-actuator-ball-valves\/","title":{"rendered":"DELCO-Kugelh\u00e4hne mit motorisiertem Antrieb und Innengewinde - DK55-2PS"},"content":{"rendered":"<div data-elementor-type=\"product-post\" data-elementor-id=\"4756\" class=\"elementor elementor-4756\" data-elementor-post-type=\"product\">\n\t\t\t\t<div class=\"elementor-element elementor-element-20539a1c e-con-full e-flex e-con e-parent\" data-id=\"20539a1c\" data-element_type=\"container\" data-e-type=\"container\" data-settings=\"{&quot;ekit_has_onepagescroll_dot&quot;:&quot;yes&quot;}\">\n\t\t<div class=\"elementor-element elementor-element-3316fa6 e-con-full e-flex e-con e-child\" data-id=\"3316fa6\" data-element_type=\"container\" data-e-type=\"container\" data-settings=\"{&quot;ekit_has_onepagescroll_dot&quot;:&quot;yes&quot;}\">\n\t\t\t\t<div class=\"elementor-element elementor-element-b8b3abc elementor-widget elementor-widget-heading\" data-id=\"b8b3abc\" data-element_type=\"widget\" data-e-type=\"widget\" data-settings=\"{&quot;ekit_we_effect_on&quot;:&quot;none&quot;}\" data-widget_type=\"heading.default\">\n\t\t\t\t<div class=\"elementor-widget-container\">\n\t\t\t\t\t<h2 class=\"elementor-heading-title elementor-size-default\">Was ist ein Kugelhahn mit motorisiertem Antrieb und Innengewinde?<\/h2>\t\t\t\t<\/div>\n\t\t\t\t<\/div>\n\t\t\t\t<div class=\"elementor-element elementor-element-4b43349d elementor-widget__width-initial elementor-widget elementor-widget-text-editor\" data-id=\"4b43349d\" data-element_type=\"widget\" data-e-type=\"widget\" data-settings=\"{&quot;ekit_we_effect_on&quot;:&quot;none&quot;}\" data-widget_type=\"text-editor.default\">\n\t\t\t\t<div class=\"elementor-widget-container\">\n\t\t\t\t\t\t\t\t\t<p>Kugelh\u00e4hne mit Innengewinde und motorisiertem Antrieb sind Spezialh\u00e4hne, die f\u00fcr die pr\u00e4zise Fl\u00fcssigkeitssteuerung in verschiedenen Anwendungen konzipiert sind. Diese Ventile verf\u00fcgen \u00fcber einen Innengewindeanschluss, der eine einfache Installation in vorhandene Rohrleitungssysteme ohne zus\u00e4tzliche Adapter oder Armaturen erm\u00f6glicht. Ausgestattet mit einem motorisierten Antrieb bieten sie einen automatisierten Betrieb und sind daher ideal f\u00fcr Situationen, in denen eine Fern- oder automatische Steuerung erforderlich ist.<\/p>\t\t\t\t\t\t\t\t<\/div>\n\t\t\t\t<\/div>\n\t\t\t\t<div class=\"elementor-element elementor-element-f24d1e9 elementor-widget__width-initial elementor-widget elementor-widget-text-editor\" data-id=\"f24d1e9\" data-element_type=\"widget\" data-e-type=\"widget\" data-settings=\"{&quot;ekit_we_effect_on&quot;:&quot;none&quot;}\" data-widget_type=\"text-editor.default\">\n\t\t\t\t<div class=\"elementor-widget-container\">\n\t\t\t\t\t\t\t\t\t<p>Der motorisierte Antrieb erm\u00f6glicht einen reibungslosen und zuverl\u00e4ssigen Ventilbetrieb, mit Optionen f\u00fcr Vierteldrehung oder Mehrfachdrehung, je nach den spezifischen Anforderungen der Anwendung. Diese Ventile werden h\u00e4ufig in Branchen wie Heizungs-, L\u00fcftungs- und Klimatechnik, Wasseraufbereitung und industrieller Automatisierung eingesetzt, in denen eine pr\u00e4zise Kontrolle des Fl\u00fcssigkeitsflusses f\u00fcr eine optimale Leistung unerl\u00e4sslich ist.<\/p>\t\t\t\t\t\t\t\t<\/div>\n\t\t\t\t<\/div>\n\t\t\t\t<\/div>\n\t\t<div class=\"elementor-element elementor-element-e796ac0 e-con-full e-flex e-con e-child\" data-id=\"e796ac0\" data-element_type=\"container\" data-e-type=\"container\" data-settings=\"{&quot;ekit_has_onepagescroll_dot&quot;:&quot;yes&quot;}\">\n\t\t\t\t<div class=\"elementor-element elementor-element-7ddba38 elementor-widget__width-initial elementor-widget elementor-widget-image\" data-id=\"7ddba38\" data-element_type=\"widget\" data-e-type=\"widget\" data-settings=\"{&quot;ekit_we_effect_on&quot;:&quot;none&quot;}\" data-widget_type=\"image.default\">\n\t\t\t\t<div class=\"elementor-widget-container\">\n\t\t\t\t\t\t\t\t\t\t\t\t\t\t\t<img fetchpriority=\"high\" decoding=\"async\" width=\"1024\" height=\"686\" src=\"https:\/\/www.delcofluid.com\/wp-content\/uploads\/2024\/04\/754.jpg\" class=\"attachment-large size-large wp-image-4762\" alt=\"Ball Valves\" srcset=\"https:\/\/www.delcofluid.com\/wp-content\/uploads\/2024\/04\/754.jpg 1024w, https:\/\/www.delcofluid.com\/wp-content\/uploads\/2024\/04\/754-300x201.jpg 300w, https:\/\/www.delcofluid.com\/wp-content\/uploads\/2024\/04\/754-768x515.jpg 768w, https:\/\/www.delcofluid.com\/wp-content\/uploads\/2024\/04\/754-600x402.jpg 600w\" sizes=\"(max-width: 1024px) 100vw, 1024px\" \/>\t\t\t\t\t\t\t\t\t\t\t\t\t\t\t<\/div>\n\t\t\t\t<\/div>\n\t\t\t\t<\/div>\n\t\t\t\t<\/div>\n\t\t<div class=\"elementor-element elementor-element-15c4c55 e-con-full e-flex e-con e-parent\" data-id=\"15c4c55\" data-element_type=\"container\" data-e-type=\"container\" data-settings=\"{&quot;background_background&quot;:&quot;classic&quot;,&quot;ekit_has_onepagescroll_dot&quot;:&quot;yes&quot;}\">\n\t\t\t\t<div class=\"elementor-element elementor-element-cf7446a elementor-widget elementor-widget-heading\" data-id=\"cf7446a\" data-element_type=\"widget\" data-e-type=\"widget\" data-settings=\"{&quot;ekit_we_effect_on&quot;:&quot;none&quot;}\" data-widget_type=\"heading.default\">\n\t\t\t\t<div class=\"elementor-widget-container\">\n\t\t\t\t\t<h2 class=\"elementor-heading-title elementor-size-default\">Datenblatt des Ventils:<\/h2>\t\t\t\t<\/div>\n\t\t\t\t<\/div>\n\t\t\t\t<\/div>\n\t\t<div class=\"elementor-element elementor-element-e2b9db7 e-con-full e-flex e-con e-parent\" data-id=\"e2b9db7\" data-element_type=\"container\" data-e-type=\"container\" data-settings=\"{&quot;ekit_has_onepagescroll_dot&quot;:&quot;yes&quot;}\">\n\t\t<div class=\"elementor-element elementor-element-8ef2840 e-con-full e-flex e-con e-child\" data-id=\"8ef2840\" data-element_type=\"container\" data-e-type=\"container\" data-settings=\"{&quot;ekit_has_onepagescroll_dot&quot;:&quot;yes&quot;}\">\n\t\t\t\t<div class=\"elementor-element elementor-element-e8fd89b elementor-widget elementor-widget-text-editor\" data-id=\"e8fd89b\" data-element_type=\"widget\" data-e-type=\"widget\" data-settings=\"{&quot;ekit_we_effect_on&quot;:&quot;none&quot;}\" data-widget_type=\"text-editor.default\">\n\t\t\t\t<div class=\"elementor-widget-container\">\n\t\t\t\t\t\t\t\t\t<table style=\"border-collapse: collapse;width: 918.52pt\" border=\"0\" width=\"390\" cellspacing=\"0\" cellpadding=\"0\"><tbody><tr style=\"height: 15.00pt\"><td class=\"et2\" style=\"height: 30.00pt;width: 12.75pt\" rowspan=\"2\" width=\"17\" height=\"40\">Gr\u00f6\u00dfenbereich<\/td><td class=\"et2\" style=\"width: 72.75pt\" rowspan=\"2\" width=\"97\">DN15-DN100<\/td><td class=\"et2\" style=\"width: 11.25pt\" rowspan=\"2\" width=\"15\">Sitzmaterial<\/td><td class=\"et2\" style=\"width: 195.75pt\" width=\"261\">PTFE: -20\u2103~180\u2103<\/td><\/tr><tr style=\"height: 15.00pt\"><td class=\"et2\" style=\"width: 195.75pt\" width=\"261\">PPL: -20\u2103~150\u2103<\/td><\/tr><tr style=\"height: 15.00pt\"><td class=\"et2\" style=\"height: 15.00pt;width: 12.75pt\" width=\"17\" height=\"20\">Geh\u00e4usematerial<\/td><td class=\"et2\" style=\"width: 72.75pt\" width=\"97\">SS304, SS316, SS316L<\/td><td class=\"et2\" style=\"width: 11.25pt\" width=\"15\">Kernmaterial<\/td><td class=\"et2\" style=\"width: 195.75pt\" width=\"261\">Edelstahl<\/td><\/tr><tr style=\"height: 15.00pt\"><td class=\"et2\" style=\"height: 15.00pt;width: 12.75pt\" width=\"17\" height=\"20\">Endverbindung<\/td><td class=\"et2\" style=\"width: 72.75pt\" width=\"97\">Innengewinde<\/td><td class=\"et2\" style=\"width: 11.25pt\" width=\"15\">Schaftmaterial<\/td><td class=\"et2\" style=\"width: 195.75pt\" width=\"261\">Edelstahl<\/td><\/tr><tr style=\"height: 15.00pt\"><td class=\"et2\" style=\"height: 15.00pt;width: 12.75pt\" width=\"17\" height=\"20\">Betriebsdruck<\/td><td class=\"et2\" style=\"width: 72.75pt\" width=\"97\">PN1MPa bis PN1,6MPa<\/td><td class=\"et2\" style=\"width: 11.25pt\" rowspan=\"2\" width=\"15\">Anwendbare Medien<\/td><td class=\"et2\" style=\"width: 195.75pt\" rowspan=\"2\" width=\"261\">Steuerung von Wasser, Luft, Gas, \u00d6l, Fl\u00fcssigkeit, Dampf<\/td><\/tr><tr style=\"height: 15.00pt\"><td class=\"et2\" style=\"height: 15.00pt;width: 12.75pt\" width=\"17\" height=\"20\">Struktur<\/td><td class=\"et2\" style=\"width: 72.75pt\" width=\"97\">Schwimmender Kugelkern<\/td><\/tr><\/tbody><\/table>\t\t\t\t\t\t\t\t<\/div>\n\t\t\t\t<\/div>\n\t\t\t\t<\/div>\n\t\t\t\t<\/div>\n\t\t<div class=\"elementor-element elementor-element-0b18e32 e-flex e-con-boxed e-con e-parent\" data-id=\"0b18e32\" data-element_type=\"container\" data-e-type=\"container\" data-settings=\"{&quot;ekit_has_onepagescroll_dot&quot;:&quot;yes&quot;}\">\n\t\t\t\t\t<div class=\"e-con-inner\">\n\t\t\t\t<div class=\"elementor-element elementor-element-c6975fe elementor-widget elementor-widget-heading\" data-id=\"c6975fe\" data-element_type=\"widget\" data-e-type=\"widget\" data-settings=\"{&quot;ekit_we_effect_on&quot;:&quot;none&quot;}\" data-widget_type=\"heading.default\">\n\t\t\t\t<div class=\"elementor-widget-container\">\n\t\t\t\t\t<h2 class=\"elementor-heading-title elementor-size-default\">Motorisiertes Mitteldruckventil aus Edelstahl f\u00fcr Wasserfunktionen:<\/h2>\t\t\t\t<\/div>\n\t\t\t\t<\/div>\n\t\t\t\t<div class=\"elementor-element elementor-element-fab2721 elementor-widget elementor-widget-text-editor\" data-id=\"fab2721\" data-element_type=\"widget\" data-e-type=\"widget\" data-settings=\"{&quot;ekit_we_effect_on&quot;:&quot;none&quot;}\" data-widget_type=\"text-editor.default\">\n\t\t\t\t<div class=\"elementor-widget-container\">\n\t\t\t\t\t\t\t\t\t<ul><li>Die 2-teilige Ballgr\u00f6\u00dfe, gro\u00dfer Durchmesser, einfacher und bequemer Wechsel<\/li><li>Konstante Produktqualit\u00e4t und Reduzierung der Fehlerquote<\/li><li>Zuverl\u00e4ssige Wartung, Dichtfl\u00e4che und Kugel oft geschlossener Zustand, nicht leicht zu mittlerer Erosion<\/li><li>Deutliche Kostensenkung im Vergleich zur Konkurrenz<\/li><li>Ausgezeichnete Festigkeit und Robustheit, einfache Installation<\/li><li>Es kann auf Wasser, Gas, Dampf, \u00d6l, Salpeters\u00e4ure, Essigs\u00e4ure und andere Medien angewendet werden<\/li><li>G\u00fcnstigeres und kosteneffizienteres Antriebsventil f\u00fcr Ihr Unternehmen.<\/li><\/ul>\t\t\t\t\t\t\t\t<\/div>\n\t\t\t\t<\/div>\n\t\t\t\t\t<\/div>\n\t\t\t\t<\/div>\n\t\t<div class=\"elementor-element elementor-element-44f21df6 e-con-full e-flex e-con e-parent\" data-id=\"44f21df6\" data-element_type=\"container\" data-e-type=\"container\" data-settings=\"{&quot;background_background&quot;:&quot;classic&quot;,&quot;ekit_has_onepagescroll_dot&quot;:&quot;yes&quot;}\">\n\t\t\t\t<div class=\"elementor-element elementor-element-661968e2 elementor-widget elementor-widget-heading\" data-id=\"661968e2\" data-element_type=\"widget\" data-e-type=\"widget\" data-settings=\"{&quot;ekit_we_effect_on&quot;:&quot;none&quot;}\" data-widget_type=\"heading.default\">\n\t\t\t\t<div class=\"elementor-widget-container\">\n\t\t\t\t\t<h2 class=\"elementor-heading-title elementor-size-default\">Elektrischer Antrieb:<\/h2>\t\t\t\t<\/div>\n\t\t\t\t<\/div>\n\t\t\t\t<\/div>\n\t\t<div class=\"elementor-element elementor-element-29c98da8 e-flex e-con-boxed e-con e-parent\" data-id=\"29c98da8\" data-element_type=\"container\" data-e-type=\"container\" data-settings=\"{&quot;ekit_has_onepagescroll_dot&quot;:&quot;yes&quot;}\">\n\t\t\t\t\t<div class=\"e-con-inner\">\n\t\t<div class=\"elementor-element elementor-element-24d0d7fe e-flex e-con-boxed e-con e-child\" data-id=\"24d0d7fe\" data-element_type=\"container\" data-e-type=\"container\" data-settings=\"{&quot;ekit_has_onepagescroll_dot&quot;:&quot;yes&quot;}\">\n\t\t\t\t\t<div class=\"e-con-inner\">\n\t\t<div class=\"elementor-element elementor-element-6a991f18 e-con-full e-flex e-con e-child\" data-id=\"6a991f18\" data-element_type=\"container\" data-e-type=\"container\" data-settings=\"{&quot;ekit_has_onepagescroll_dot&quot;:&quot;yes&quot;}\">\n\t\t\t\t<div class=\"elementor-element elementor-element-1c5ff5fb elementor-widget elementor-widget-image\" data-id=\"1c5ff5fb\" data-element_type=\"widget\" data-e-type=\"widget\" data-settings=\"{&quot;ekit_we_effect_on&quot;:&quot;none&quot;}\" data-widget_type=\"image.default\">\n\t\t\t\t<div class=\"elementor-widget-container\">\n\t\t\t\t\t\t\t\t\t\t\t\t\t\t\t<img decoding=\"async\" width=\"1024\" height=\"563\" src=\"https:\/\/www.delcofluid.com\/wp-content\/uploads\/2024\/03\/Plastic-Butterfly-Valve.jpg\" class=\"attachment-large size-large wp-image-3768\" alt=\"Plastic Butterfly Valve\" srcset=\"https:\/\/www.delcofluid.com\/wp-content\/uploads\/2024\/03\/Plastic-Butterfly-Valve.jpg 1024w, https:\/\/www.delcofluid.com\/wp-content\/uploads\/2024\/03\/Plastic-Butterfly-Valve-300x165.jpg 300w, https:\/\/www.delcofluid.com\/wp-content\/uploads\/2024\/03\/Plastic-Butterfly-Valve-768x422.jpg 768w, https:\/\/www.delcofluid.com\/wp-content\/uploads\/2024\/03\/Plastic-Butterfly-Valve-600x330.jpg 600w\" sizes=\"(max-width: 1024px) 100vw, 1024px\" \/>\t\t\t\t\t\t\t\t\t\t\t\t\t\t\t<\/div>\n\t\t\t\t<\/div>\n\t\t\t\t<\/div>\n\t\t<div class=\"elementor-element elementor-element-392374be e-con-full e-flex e-con e-child\" data-id=\"392374be\" data-element_type=\"container\" data-e-type=\"container\" data-settings=\"{&quot;ekit_has_onepagescroll_dot&quot;:&quot;yes&quot;}\">\n\t\t\t\t<div class=\"elementor-element elementor-element-7e6944f3 elementor-widget elementor-widget-image\" data-id=\"7e6944f3\" data-element_type=\"widget\" data-e-type=\"widget\" data-settings=\"{&quot;ekit_we_effect_on&quot;:&quot;none&quot;}\" data-widget_type=\"image.default\">\n\t\t\t\t<div class=\"elementor-widget-container\">\n\t\t\t\t\t\t\t\t\t\t\t\t\t\t\t<img decoding=\"async\" width=\"1024\" height=\"563\" src=\"https:\/\/www.delcofluid.com\/wp-content\/uploads\/2024\/03\/Electric-Actuator06-1024x563.jpg\" class=\"attachment-large size-large wp-image-2608\" alt=\"Electric Actuator\" srcset=\"https:\/\/www.delcofluid.com\/wp-content\/uploads\/2024\/03\/Electric-Actuator06-1024x563.jpg 1024w, https:\/\/www.delcofluid.com\/wp-content\/uploads\/2024\/03\/Electric-Actuator06-600x330.jpg 600w, https:\/\/www.delcofluid.com\/wp-content\/uploads\/2024\/03\/Electric-Actuator06-300x165.jpg 300w, https:\/\/www.delcofluid.com\/wp-content\/uploads\/2024\/03\/Electric-Actuator06-768x422.jpg 768w, https:\/\/www.delcofluid.com\/wp-content\/uploads\/2024\/03\/Electric-Actuator06.jpg 1500w\" sizes=\"(max-width: 1024px) 100vw, 1024px\" \/>\t\t\t\t\t\t\t\t\t\t\t\t\t\t\t<\/div>\n\t\t\t\t<\/div>\n\t\t\t\t<\/div>\n\t\t\t\t\t<\/div>\n\t\t\t\t<\/div>\n\t\t\t\t\t<\/div>\n\t\t\t\t<\/div>\n\t\t<div class=\"elementor-element elementor-element-8d1ed05 e-flex e-con-boxed e-con e-parent\" data-id=\"8d1ed05\" data-element_type=\"container\" data-e-type=\"container\" data-settings=\"{&quot;ekit_has_onepagescroll_dot&quot;:&quot;yes&quot;}\">\n\t\t\t\t\t<div class=\"e-con-inner\">\n\t\t\t\t<div class=\"elementor-element elementor-element-7150acec elementor-widget elementor-widget-text-editor\" data-id=\"7150acec\" data-element_type=\"widget\" data-e-type=\"widget\" data-settings=\"{&quot;ekit_we_effect_on&quot;:&quot;none&quot;}\" data-widget_type=\"text-editor.default\">\n\t\t\t\t<div class=\"elementor-widget-container\">\n\t\t\t\t\t\t\t\t\t<p><span style=\"color: #000000\"><strong>Elektrischer Stellantrieb vom Typ EIN\/AUS:<\/strong><\/span> Dieser Aktuator ist um 90 Grad drehbar und bietet AC\/DC-Stromversorgung, Signalsteuerung und manuelle \u00dcbersteuerungsfunktionen. Mit einem hohen Drehmoment von bis zu 4000 Nm gew\u00e4hrleistet er eine zuverl\u00e4ssige Leistung in anspruchsvollen Umgebungen.<\/p>\t\t\t\t\t\t\t\t<\/div>\n\t\t\t\t<\/div>\n\t\t\t\t<div class=\"elementor-element elementor-element-3dc1587e elementor-widget elementor-widget-text-editor\" data-id=\"3dc1587e\" data-element_type=\"widget\" data-e-type=\"widget\" data-settings=\"{&quot;ekit_we_effect_on&quot;:&quot;none&quot;}\" data-widget_type=\"text-editor.default\">\n\t\t\t\t<div class=\"elementor-widget-container\">\n\t\t\t\t\t\t\t\t\t<p><strong><span style=\"color: #000000\">Elektrischer Stellantrieb mit Modulation:<\/span><\/strong> Mit diesem Aktuator k\u00f6nnen Sie den \u00d6ffnungs-\/Schlie\u00dfwinkel stufenlos von 0 bis 90 Grad einstellen. Ausgestattet mit AC\/DC-Stromversorgung, Signalsteuerung und manueller \u00dcbersteuerung bietet er pr\u00e4zise Steuerung und ein hohes Drehmoment von bis zu 4000 Nm.<\/p>\t\t\t\t\t\t\t\t<\/div>\n\t\t\t\t<\/div>\n\t\t\t\t<div class=\"elementor-element elementor-element-229f8d8a elementor-widget elementor-widget-text-editor\" data-id=\"229f8d8a\" data-element_type=\"widget\" data-e-type=\"widget\" data-settings=\"{&quot;ekit_we_effect_on&quot;:&quot;none&quot;}\" data-widget_type=\"text-editor.default\">\n\t\t\t\t<div class=\"elementor-widget-container\">\n\t\t\t\t\t\t\t\t\t<p><strong><span style=\"color: #000000\">Intelligenter elektrischer Aktuator:<\/span><\/strong> \u00dcbernehmen Sie m\u00fchelos die Kontrolle mit dem intelligenten Aktuator, mit dem Sie den \u00d6ffnungs-\/Schlie\u00dfwinkel pr\u00e4zise einstellen k\u00f6nnen. Er verf\u00fcgt \u00fcber ein LED-Display zur bequemen \u00dcberwachung und bietet AC\/DC-Stromversorgung, Signalsteuerung, manuelle \u00dcbersteuerung und ein hohes Drehmoment von bis zu 4000 Nm.\u201c<\/p>\t\t\t\t\t\t\t\t<\/div>\n\t\t\t\t<\/div>\n\t\t\t\t\t<\/div>\n\t\t\t\t<\/div>\n\t\t<div class=\"elementor-element elementor-element-347eac96 e-flex e-con-boxed e-con e-parent\" data-id=\"347eac96\" data-element_type=\"container\" data-e-type=\"container\" data-settings=\"{&quot;ekit_has_onepagescroll_dot&quot;:&quot;yes&quot;}\">\n\t\t\t\t\t<div class=\"e-con-inner\">\n\t\t\t\t<div class=\"elementor-element elementor-element-54899551 elementor-widget elementor-widget-text-editor\" data-id=\"54899551\" data-element_type=\"widget\" data-e-type=\"widget\" data-settings=\"{&quot;ekit_we_effect_on&quot;:&quot;none&quot;}\" data-widget_type=\"text-editor.default\">\n\t\t\t\t<div class=\"elementor-widget-container\">\n\t\t\t\t\t\t\t\t\t<table width=\"1240\">\n<tbody>\n<tr>\n<td width=\"182\">Produktmodell:<\/td>\n<td width=\"418\">&nbsp;DK55-2PS<\/td>\n<td width=\"204\">Geh\u00e4usematerial:<\/td>\n<td width=\"436\">Aluminiumlegierung<\/td>\n<\/tr>\n<tr>\n<td width=\"182\">Wasserdichtigkeit:<\/td>\n<td width=\"418\">IP67<\/td>\n<td width=\"204\">Motorstromversorgung:<\/td>\n<td width=\"436\">24\/110\/220\/380 V Wechselstrom \u00b1 10 %, 24\/110\/220 V Gleichstrom 50\/60 Hz \u00b1 10 %<\/td>\n<\/tr>\n<tr>\n<td width=\"182\">Motor:<\/td>\n<td width=\"418\">K\u00e4figl\u00e4ufer-Asynchronmotor<\/td>\n<td width=\"204\">Route:<\/td>\n<td width=\"436\">90\u00b0-270\u00b110\u00b0 (\u00fcber 90\u00b0 im Voraus)<\/td>\n<\/tr>\n<tr>\n<td width=\"182\">Ausfallsicher:<\/td>\n<td width=\"418\">Eingebauter Thermoschutz ein: 120\u00b0C\u00b15\u00b0C<\/td>\n<td width=\"204\">Betriebstemperatur:<\/td>\n<td width=\"436\">97\u2103\u00b115\u2103<\/td>\n<\/tr>\n<tr>\n<td width=\"182\">Indikator:<\/td>\n<td width=\"418\">Kontinuierliche Positionsanzeige<\/td>\n<td width=\"204\">Manuelle Bedienung:<\/td>\n<td width=\"436\">Mechanische Griffe<\/td>\n<\/tr>\n<tr>\n<td width=\"182\">Selbsthemmende Vorrichtung:<\/td>\n<td width=\"418\">Der Turbinen- und Schneckenmechanismus sorgt f\u00fcr Selbsthemmung<\/td>\n<td width=\"204\">Mechanische Grenze:<\/td>\n<td width=\"436\">2 externe Anpassungen<\/td>\n<\/tr>\n<tr>\n<td width=\"182\">Anschlussl\u00f6cher:<\/td>\n<td width=\"418\">M18<\/td>\n<td width=\"204\">Umgebungstemperatur:<\/td>\n<td width=\"436\">-20\u2103-70\u2103<\/td>\n<\/tr>\n<tr>\n<td width=\"182\">Schmierung:<\/td>\n<td width=\"418\">Aluminiumbasiertes Fett Typ EP<\/td>\n<td width=\"204\">Material:<\/td>\n<td width=\"436\">Stahl, Aluminiumlegierung, Aluminiumbronze, Polycarbonat<\/td>\n<\/tr>\n<tr>\n<td width=\"182\">Luftfeuchtigkeit:<\/td>\n<td width=\"418\">Bis zu 90%<\/td>\n<td width=\"204\">Schutz vor Eindringen:<\/td>\n<td width=\"436\">IP65; IP67; IP68<\/td>\n<\/tr>\n<tr>\n<td width=\"182\">Explosionsschutzklasse:<\/td>\n<td width=\"418\">Exd II BT4; Exd II CT6<\/td>\n<td width=\"204\">Umgebungstemperatur:<\/td>\n<td width=\"436\">-25\u2103-55\u2103<\/td>\n<\/tr>\n<tr>\n<td width=\"182\">Luftfeuchtigkeit:<\/td>\n<td width=\"418\">10~90%RH<\/td>\n<td width=\"204\">Seismische Leistung:<\/td>\n<td width=\"436\">XYZ 10 Gramm, 0,2\u201334 Hz, 30 Minuten<\/td>\n<\/tr>\n<tr>\n<td width=\"182\">Beschichtung:<\/td>\n<td width=\"418\">Trockenpulver, Epoxidpolyester<\/td>\n<td width=\"204\">Fertigungsstandards:<\/td>\n<td width=\"436\">GB\/JB\/HG\/HG\/ANSI\/API\/JIS\/DIN\/ANDERE STANDARDS ANGEPASST<\/td>\n<\/tr>\n<\/tbody>\n<\/table>\t\t\t\t\t\t\t\t<\/div>\n\t\t\t\t<\/div>\n\t\t\t\t\t<\/div>\n\t\t\t\t<\/div>\n\t\t\t\t<\/div>","protected":false},"excerpt":{"rendered":"<p>DELCO bietet eine Reihe motorisierter Kugelh\u00e4hne f\u00fcr die pr\u00e4zise Fl\u00fcssigkeitssteuerung in verschiedenen Anwendungen. Unsere zweiteiligen Zweiwegeventile entsprechen den GB-Standards und verf\u00fcgen \u00fcber eine elektrische Bet\u00e4tigung f\u00fcr einen reibungslosen Betrieb. Diese Ventile bestehen aus langlebigem Edelstahl 316 und sind mit einem elektrischen 90-Grad-Vierteldrehantrieb ausgestattet, der Drehmomentbereiche von 50 Nm bis 160 Nm bietet.<\/p>\n<p>Mit optionalen Gr\u00f6\u00dfen von 1\/2 Zoll bis 2 Zoll und erh\u00e4ltlich in DC-12 V, 24 V; AC 110 V, 220 V, 380 V 50\/60 Hz bieten unsere Ventile die n\u00f6tige Flexibilit\u00e4t f\u00fcr unterschiedliche Anforderungen. DELCO wird h\u00e4ufig in der Wasseraufbereitung und anderen Branchen eingesetzt und ist seit \u00fcber 20 Jahren ein zuverl\u00e4ssiger Hersteller von elektrischen Ventilen. Wir bieten eine Vielzahl von Ventiltypen an, darunter elektrische Absperrklappen und pneumatisch bet\u00e4tigte Ventile.<\/p>\n<p><strong>Modell: <\/strong>DK55-2PS<\/p>\n<p><strong>Gr\u00f6\u00dfenbereich:\u00a0<\/strong>1\/4\u201d bis 4\u201d<\/p>\n<p><strong>Druckbereich:<\/strong> 1 bis 1,6 MPa<\/p>\n<p><strong>Material:\u00a0<\/strong>Edelstahl 304\/316<\/p>","protected":false},"featured_media":7065,"template":"","meta":{"site-sidebar-layout":"default","site-content-layout":"","ast-site-content-layout":"default","site-content-style":"default","site-sidebar-style":"default","ast-global-header-display":"","ast-banner-title-visibility":"","ast-main-header-display":"","ast-hfb-above-header-display":"","ast-hfb-below-header-display":"","ast-hfb-mobile-header-display":"","site-post-title":"","ast-breadcrumbs-content":"","ast-featured-img":"","footer-sml-layout":"","ast-disable-related-posts":"","theme-transparent-header-meta":"default","adv-header-id-meta":"","stick-header-meta":"","header-above-stick-meta":"","header-main-stick-meta":"","header-below-stick-meta":"","astra-migrate-meta-layouts":"set","ast-page-background-enabled":"default","ast-page-background-meta":{"desktop":{"background-color":"var(--ast-global-color-4)","background-image":"","background-repeat":"repeat","background-position":"center center","background-size":"auto","background-attachment":"scroll","background-type":"","background-media":"","overlay-type":"","overlay-color":"","overlay-opacity":"","overlay-gradient":""},"tablet":{"background-color":"","background-image":"","background-repeat":"repeat","background-position":"center center","background-size":"auto","background-attachment":"scroll","background-type":"","background-media":"","overlay-type":"","overlay-color":"","overlay-opacity":"","overlay-gradient":""},"mobile":{"background-color":"","background-image":"","background-repeat":"repeat","background-position":"center center","background-size":"auto","background-attachment":"scroll","background-type":"","background-media":"","overlay-type":"","overlay-color":"","overlay-opacity":"","overlay-gradient":""}},"ast-content-background-meta":{"desktop":{"background-color":"var(--ast-global-color-5)","background-image":"","background-repeat":"repeat","background-position":"center center","background-size":"auto","background-attachment":"scroll","background-type":"","background-media":"","overlay-type":"","overlay-color":"","overlay-opacity":"","overlay-gradient":""},"tablet":{"background-color":"var(--ast-global-color-5)","background-image":"","background-repeat":"repeat","background-position":"center center","background-size":"auto","background-attachment":"scroll","background-type":"","background-media":"","overlay-type":"","overlay-color":"","overlay-opacity":"","overlay-gradient":""},"mobile":{"background-color":"var(--ast-global-color-5)","background-image":"","background-repeat":"repeat","background-position":"center center","background-size":"auto","background-attachment":"scroll","background-type":"","background-media":"","overlay-type":"","overlay-color":"","overlay-opacity":"","overlay-gradient":""}}},"product_brand":[],"product_cat":[259,34,33],"product_tag":[489,488,491,490,492,115,214,213,494,493,496,495,497,163,73,56],"class_list":{"0":"post-4756","1":"product","2":"type-product","3":"status-publish","4":"has-post-thumbnail","6":"product_cat-electric-ball-valves","7":"product_cat-electric-valves","8":"product_cat-products","9":"product_tag-electric-actuated-ball-valve","10":"product_tag-electric-actuated-ball-valves","11":"product_tag-electric-ball-valve","12":"product_tag-electric-ball-valves","13":"product_tag-electric-valve","14":"product_tag-electric-valves","15":"product_tag-flange-ball-valve","16":"product_tag-flange-ball-valves","17":"product_tag-motorized-actuator-ball-valve","18":"product_tag-motorized-actuator-ball-valves","19":"product_tag-motorized-ball-valve","20":"product_tag-motorized-ball-valves","21":"product_tag-motorized-valve","22":"product_tag-motorized-valves","23":"product_tag-valve","24":"product_tag-valves","25":"desktop-align-center","26":"tablet-align-left","27":"mobile-align-left","29":"first","30":"instock","31":"shipping-taxable","32":"product-type-simple"},"_links":{"self":[{"href":"https:\/\/www.delcofluid.com\/de\/wp-json\/wp\/v2\/product\/4756","targetHints":{"allow":["GET"]}}],"collection":[{"href":"https:\/\/www.delcofluid.com\/de\/wp-json\/wp\/v2\/product"}],"about":[{"href":"https:\/\/www.delcofluid.com\/de\/wp-json\/wp\/v2\/types\/product"}],"version-history":[{"count":0,"href":"https:\/\/www.delcofluid.com\/de\/wp-json\/wp\/v2\/product\/4756\/revisions"}],"wp:featuredmedia":[{"embeddable":true,"href":"https:\/\/www.delcofluid.com\/de\/wp-json\/wp\/v2\/media\/7065"}],"wp:attachment":[{"href":"https:\/\/www.delcofluid.com\/de\/wp-json\/wp\/v2\/media?parent=4756"}],"wp:term":[{"taxonomy":"product_brand","embeddable":true,"href":"https:\/\/www.delcofluid.com\/de\/wp-json\/wp\/v2\/product_brand?post=4756"},{"taxonomy":"product_cat","embeddable":true,"href":"https:\/\/www.delcofluid.com\/de\/wp-json\/wp\/v2\/product_cat?post=4756"},{"taxonomy":"product_tag","embeddable":true,"href":"https:\/\/www.delcofluid.com\/de\/wp-json\/wp\/v2\/product_tag?post=4756"}],"curies":[{"name":"wp","href":"https:\/\/api.w.org\/{rel}","templated":true}]}}