{"id":5420,"date":"2024-05-13T07:11:26","date_gmt":"2024-05-13T06:11:26","guid":{"rendered":"https:\/\/www.delcofluid.com\/?post_type=product&#038;p=5420"},"modified":"2024-07-30T10:05:38","modified_gmt":"2024-07-30T09:05:38","slug":"stainless-steel-multi-turn-electric-globe-valves-2","status":"publish","type":"product","link":"https:\/\/www.delcofluid.com\/de\/produkt\/stainless-steel-multi-turn-electric-globe-valves-2\/","title":{"rendered":"DELCO Valve Elektrische Mehrgang-Durchgangsventile aus Edelstahl"},"content":{"rendered":"<div data-elementor-type=\"product-post\" data-elementor-id=\"5420\" class=\"elementor elementor-5420\" data-elementor-post-type=\"product\">\n\t\t\t\t<div class=\"elementor-element elementor-element-20539a1c e-con-full e-flex e-con e-parent\" data-id=\"20539a1c\" data-element_type=\"container\" data-e-type=\"container\" data-settings=\"{&quot;ekit_has_onepagescroll_dot&quot;:&quot;yes&quot;}\">\n\t\t<div class=\"elementor-element elementor-element-3316fa6 e-con-full e-flex e-con e-child\" data-id=\"3316fa6\" data-element_type=\"container\" data-e-type=\"container\" data-settings=\"{&quot;ekit_has_onepagescroll_dot&quot;:&quot;yes&quot;}\">\n\t\t\t\t<div class=\"elementor-element elementor-element-b8b3abc elementor-widget elementor-widget-heading\" data-id=\"b8b3abc\" data-element_type=\"widget\" data-e-type=\"widget\" data-settings=\"{&quot;ekit_we_effect_on&quot;:&quot;none&quot;}\" data-widget_type=\"heading.default\">\n\t\t\t\t<div class=\"elementor-widget-container\">\n\t\t\t\t\t<h2 class=\"elementor-heading-title elementor-size-default\">Was sind elektrische Mehrwendelventile?<\/h2>\t\t\t\t<\/div>\n\t\t\t\t<\/div>\n\t\t\t\t<div class=\"elementor-element elementor-element-4b43349d elementor-widget__width-initial elementor-widget elementor-widget-text-editor\" data-id=\"4b43349d\" data-element_type=\"widget\" data-e-type=\"widget\" data-settings=\"{&quot;ekit_we_effect_on&quot;:&quot;none&quot;}\" data-widget_type=\"text-editor.default\">\n\t\t\t\t<div class=\"elementor-widget-container\">\n\t\t\t\t\t\t\t\t\t<p>Elektrische Mehrdreh-Gelenkventile sind moderne Regelventile, die in verschiedenen industriellen Anwendungen zur pr\u00e4zisen Durchflussregelung eingesetzt werden. Im Gegensatz zu manuellen Gelenkventilen, die manuell bedient werden m\u00fcssen, werden elektrische Mehrdreh-Gelenkventile durch einen Elektromotor bet\u00e4tigt, der den Ventilschaft dreht, um das Ventil zu \u00f6ffnen oder zu schlie\u00dfen. Diese elektrische Bet\u00e4tigung erm\u00f6glicht Fernbedienung und Automatisierung und macht sie ideal f\u00fcr den Einsatz in Systemen, in denen h\u00e4ufige Anpassungen oder eine pr\u00e4zise Durchflussregelung erforderlich sind.<\/p>\t\t\t\t\t\t\t\t<\/div>\n\t\t\t\t<\/div>\n\t\t\t\t<div class=\"elementor-element elementor-element-f24d1e9 elementor-widget__width-initial elementor-widget elementor-widget-text-editor\" data-id=\"f24d1e9\" data-element_type=\"widget\" data-e-type=\"widget\" data-settings=\"{&quot;ekit_we_effect_on&quot;:&quot;none&quot;}\" data-widget_type=\"text-editor.default\">\n\t\t\t\t<div class=\"elementor-widget-container\">\n\t\t\t\t\t\t\t\t\t<p>Diese Ventile sind mit einem elektrischen Mehrdrehantrieb ausgestattet, der eine pr\u00e4zise Positionierung der Ventilscheibe oder des Ventilkegels im Ventilk\u00f6rper erm\u00f6glicht. Durch die Steuerung der Drehung des Elektromotors k\u00f6nnen Bediener die Durchflussrate durch das Ventil modulieren und so eine genaue und wiederholbare Kontrolle des Fl\u00fcssigkeitsflusses gew\u00e4hrleisten. Elektrische Mehrdrehventile werden h\u00e4ufig in Branchen wie der Wasseraufbereitung, HLK-Systemen, Stromerzeugung und chemischen Verarbeitung eingesetzt, in denen eine zuverl\u00e4ssige und effiziente Durchflussregelung f\u00fcr die Betriebseffizienz und -sicherheit von entscheidender Bedeutung ist.<\/p>\t\t\t\t\t\t\t\t<\/div>\n\t\t\t\t<\/div>\n\t\t\t\t<\/div>\n\t\t<div class=\"elementor-element elementor-element-e796ac0 e-con-full e-flex e-con e-child\" data-id=\"e796ac0\" data-element_type=\"container\" data-e-type=\"container\" data-settings=\"{&quot;ekit_has_onepagescroll_dot&quot;:&quot;yes&quot;}\">\n\t\t\t\t<div class=\"elementor-element elementor-element-7ddba38 elementor-widget__width-initial elementor-widget elementor-widget-image\" data-id=\"7ddba38\" data-element_type=\"widget\" data-e-type=\"widget\" data-settings=\"{&quot;ekit_we_effect_on&quot;:&quot;none&quot;}\" data-widget_type=\"image.default\">\n\t\t\t\t<div class=\"elementor-widget-container\">\n\t\t\t\t\t\t\t\t\t\t\t\t\t\t\t<img fetchpriority=\"high\" decoding=\"async\" width=\"1024\" height=\"754\" src=\"https:\/\/www.delcofluid.com\/wp-content\/uploads\/2024\/05\/Electric-Globe-Valves-1024x754.jpg\" class=\"attachment-large size-large wp-image-5423\" alt=\"Electric Globe Valves\" srcset=\"https:\/\/www.delcofluid.com\/wp-content\/uploads\/2024\/05\/Electric-Globe-Valves-1024x754.jpg 1024w, https:\/\/www.delcofluid.com\/wp-content\/uploads\/2024\/05\/Electric-Globe-Valves-300x221.jpg 300w, https:\/\/www.delcofluid.com\/wp-content\/uploads\/2024\/05\/Electric-Globe-Valves-768x565.jpg 768w, https:\/\/www.delcofluid.com\/wp-content\/uploads\/2024\/05\/Electric-Globe-Valves-1536x1131.jpg 1536w, https:\/\/www.delcofluid.com\/wp-content\/uploads\/2024\/05\/Electric-Globe-Valves-2048x1508.jpg 2048w, https:\/\/www.delcofluid.com\/wp-content\/uploads\/2024\/05\/Electric-Globe-Valves-600x442.jpg 600w\" sizes=\"(max-width: 1024px) 100vw, 1024px\" \/>\t\t\t\t\t\t\t\t\t\t\t\t\t\t\t<\/div>\n\t\t\t\t<\/div>\n\t\t\t\t<\/div>\n\t\t\t\t<\/div>\n\t\t<div class=\"elementor-element elementor-element-15c4c55 e-con-full e-flex e-con e-parent\" data-id=\"15c4c55\" data-element_type=\"container\" data-e-type=\"container\" data-settings=\"{&quot;background_background&quot;:&quot;classic&quot;,&quot;ekit_has_onepagescroll_dot&quot;:&quot;yes&quot;}\">\n\t\t\t\t<div class=\"elementor-element elementor-element-cf7446a elementor-widget elementor-widget-heading\" data-id=\"cf7446a\" data-element_type=\"widget\" data-e-type=\"widget\" data-settings=\"{&quot;ekit_we_effect_on&quot;:&quot;none&quot;}\" data-widget_type=\"heading.default\">\n\t\t\t\t<div class=\"elementor-widget-container\">\n\t\t\t\t\t<h2 class=\"elementor-heading-title elementor-size-default\">Technische Parameter des Ventilantriebs<\/h2>\t\t\t\t<\/div>\n\t\t\t\t<\/div>\n\t\t\t\t<\/div>\n\t\t<div class=\"elementor-element elementor-element-e2b9db7 e-con-full e-flex e-con e-parent\" data-id=\"e2b9db7\" data-element_type=\"container\" data-e-type=\"container\" data-settings=\"{&quot;ekit_has_onepagescroll_dot&quot;:&quot;yes&quot;}\">\n\t\t<div class=\"elementor-element elementor-element-8ef2840 e-con-full e-flex e-con e-child\" data-id=\"8ef2840\" data-element_type=\"container\" data-e-type=\"container\" data-settings=\"{&quot;ekit_has_onepagescroll_dot&quot;:&quot;yes&quot;}\">\n\t\t\t\t<div class=\"elementor-element elementor-element-e800039 elementor-widget elementor-widget-text-editor\" data-id=\"e800039\" data-element_type=\"widget\" data-e-type=\"widget\" data-settings=\"{&quot;ekit_we_effect_on&quot;:&quot;none&quot;}\" data-widget_type=\"text-editor.default\">\n\t\t\t\t<div class=\"elementor-widget-container\">\n\t\t\t\t\t\t\t\t\t<table><tbody><tr><td rowspan=\"2\">Stromversorgung<\/td><td>Konventionell: einphasig 220 V, dreiphasig 380 V<\/td><\/tr><tr><td>Spezial: dreiphasig 400 V, 415 V, 660 V (50 Hz, 60 Hz)<\/td><\/tr><tr><td rowspan=\"2\">Arbeitsumfeld<\/td><td>Umgebungstemperatur: -20 ~ + 60 \u2103 (spezielle Temperaturumgebung kann angepasst werden)<\/td><\/tr><tr><td>Relative Luftfeuchtigkeit: 95% (bei 25 \u00b0C)<\/td><\/tr><tr><td>Schutzstufe<\/td><td>Die Ausf\u00fchrung f\u00fcr den Au\u00dfenbereich und die explosionsgesch\u00fctzte Ausf\u00fchrung haben die Schutzart IP55 (IP65, IP67 und IP68 sind auf Sonderbestellung erh\u00e4ltlich)<\/td><\/tr><tr><td>Arbeitssystem<\/td><td>Kurze Zeit 10 Minuten (15-60 Minuten bei Sonderbestellung)<\/td><\/tr><\/tbody><\/table><p>\u00a0<\/p>\t\t\t\t\t\t\t\t<\/div>\n\t\t\t\t<\/div>\n\t\t\t\t<\/div>\n\t\t\t\t<\/div>\n\t\t<div class=\"elementor-element elementor-element-0b18e32 e-flex e-con-boxed e-con e-parent\" data-id=\"0b18e32\" data-element_type=\"container\" data-e-type=\"container\" data-settings=\"{&quot;ekit_has_onepagescroll_dot&quot;:&quot;yes&quot;}\">\n\t\t\t\t\t<div class=\"e-con-inner\">\n\t\t\t\t<div class=\"elementor-element elementor-element-c6975fe elementor-widget elementor-widget-heading\" data-id=\"c6975fe\" data-element_type=\"widget\" data-e-type=\"widget\" data-settings=\"{&quot;ekit_we_effect_on&quot;:&quot;none&quot;}\" data-widget_type=\"heading.default\">\n\t\t\t\t<div class=\"elementor-widget-container\">\n\t\t\t\t\t<h2 class=\"elementor-heading-title elementor-size-default\">SS316 Flansch-Absperrventil mit motorisiertem Stellantrieb<\/h2>\t\t\t\t<\/div>\n\t\t\t\t<\/div>\n\t\t\t\t<div class=\"elementor-element elementor-element-fab2721 elementor-widget elementor-widget-text-editor\" data-id=\"fab2721\" data-element_type=\"widget\" data-e-type=\"widget\" data-settings=\"{&quot;ekit_we_effect_on&quot;:&quot;none&quot;}\" data-widget_type=\"text-editor.default\">\n\t\t\t\t<div class=\"elementor-widget-container\">\n\t\t\t\t\t\t\t\t\t<ol><li>Exquisit und klein, sch\u00f6n und gro\u00dfz\u00fcgig, einzigartiges Innendesign, robust und verschlei\u00dffest, nicht leicht zu besch\u00e4digen<\/li><li>Elegantes Erscheinungsbild: Geh\u00e4use aus Aluminiumdruckgusslegierung, feines und glattes Erscheinungsbild und kann elektromagnetische<\/li><li>Gro\u00dfz\u00fcgige Funktion: Schaltertyp, passiver Kontakttyp, Proportionstyp, intelligenter Anpassungstyp<\/li><li>Pr\u00e4zise Verschlei\u00dffestigkeit: perfekte Kombination von Schneckenrad und Schnecke, harmonische Verbindung<\/li><li>Die Integration des Schneckengetriebeausgangs reduziert effektiv den Verbindungsspalt und verbessert die \u00dcbertragungsgenauigkeit erheblich<\/li><li>Sicherheitsgarantie: Durch einen Spannungsfestigkeitstest von 1500 V Wechselstrom und einen hochisolierten Motor der H-Klasse wird die Sicherheit des Maschinenk\u00f6rpers und der Produktion gew\u00e4hrleistet.<\/li><li>Einfache Anpassung: einphasig, dreiphasig, Gleichstromversorgung, einfache externe Leitung<\/li><\/ol>\t\t\t\t\t\t\t\t<\/div>\n\t\t\t\t<\/div>\n\t\t\t\t\t<\/div>\n\t\t\t\t<\/div>\n\t\t<div class=\"elementor-element elementor-element-44f21df6 e-con-full e-flex e-con e-parent\" data-id=\"44f21df6\" data-element_type=\"container\" data-e-type=\"container\" data-settings=\"{&quot;background_background&quot;:&quot;classic&quot;,&quot;ekit_has_onepagescroll_dot&quot;:&quot;yes&quot;}\">\n\t\t\t\t<div class=\"elementor-element elementor-element-661968e2 elementor-widget elementor-widget-heading\" data-id=\"661968e2\" data-element_type=\"widget\" data-e-type=\"widget\" data-settings=\"{&quot;ekit_we_effect_on&quot;:&quot;none&quot;}\" data-widget_type=\"heading.default\">\n\t\t\t\t<div class=\"elementor-widget-container\">\n\t\t\t\t\t<h2 class=\"elementor-heading-title elementor-size-default\">Elektrischer Antrieb:<\/h2>\t\t\t\t<\/div>\n\t\t\t\t<\/div>\n\t\t\t\t<\/div>\n\t\t<div class=\"elementor-element elementor-element-29c98da8 e-flex e-con-boxed e-con e-parent\" data-id=\"29c98da8\" data-element_type=\"container\" data-e-type=\"container\" data-settings=\"{&quot;ekit_has_onepagescroll_dot&quot;:&quot;yes&quot;}\">\n\t\t\t\t\t<div class=\"e-con-inner\">\n\t\t<div class=\"elementor-element elementor-element-24d0d7fe e-flex e-con-boxed e-con e-child\" data-id=\"24d0d7fe\" data-element_type=\"container\" data-e-type=\"container\" data-settings=\"{&quot;ekit_has_onepagescroll_dot&quot;:&quot;yes&quot;}\">\n\t\t\t\t\t<div class=\"e-con-inner\">\n\t\t<div class=\"elementor-element elementor-element-6a991f18 e-con-full e-flex e-con e-child\" data-id=\"6a991f18\" data-element_type=\"container\" data-e-type=\"container\" data-settings=\"{&quot;ekit_has_onepagescroll_dot&quot;:&quot;yes&quot;}\">\n\t\t\t\t<div class=\"elementor-element elementor-element-1c5ff5fb elementor-widget elementor-widget-image\" data-id=\"1c5ff5fb\" data-element_type=\"widget\" data-e-type=\"widget\" data-settings=\"{&quot;ekit_we_effect_on&quot;:&quot;none&quot;}\" data-widget_type=\"image.default\">\n\t\t\t\t<div class=\"elementor-widget-container\">\n\t\t\t\t\t\t\t\t\t\t\t\t\t\t\t<img decoding=\"async\" width=\"1024\" height=\"602\" src=\"https:\/\/www.delcofluid.com\/wp-content\/uploads\/2024\/05\/Electric-Globe-Valves2-1024x602.jpg\" class=\"attachment-large size-large wp-image-5424\" alt=\"Electric Globe Valve\" srcset=\"https:\/\/www.delcofluid.com\/wp-content\/uploads\/2024\/05\/Electric-Globe-Valves2-1024x602.jpg 1024w, https:\/\/www.delcofluid.com\/wp-content\/uploads\/2024\/05\/Electric-Globe-Valves2-300x176.jpg 300w, https:\/\/www.delcofluid.com\/wp-content\/uploads\/2024\/05\/Electric-Globe-Valves2-768x451.jpg 768w, https:\/\/www.delcofluid.com\/wp-content\/uploads\/2024\/05\/Electric-Globe-Valves2-1536x903.jpg 1536w, https:\/\/www.delcofluid.com\/wp-content\/uploads\/2024\/05\/Electric-Globe-Valves2-2048x1203.jpg 2048w, https:\/\/www.delcofluid.com\/wp-content\/uploads\/2024\/05\/Electric-Globe-Valves2-600x353.jpg 600w\" sizes=\"(max-width: 1024px) 100vw, 1024px\" \/>\t\t\t\t\t\t\t\t\t\t\t\t\t\t\t<\/div>\n\t\t\t\t<\/div>\n\t\t\t\t<\/div>\n\t\t<div class=\"elementor-element elementor-element-392374be e-con-full e-flex e-con e-child\" data-id=\"392374be\" data-element_type=\"container\" data-e-type=\"container\" data-settings=\"{&quot;ekit_has_onepagescroll_dot&quot;:&quot;yes&quot;}\">\n\t\t\t\t<div class=\"elementor-element elementor-element-7e6944f3 elementor-widget elementor-widget-image\" data-id=\"7e6944f3\" data-element_type=\"widget\" data-e-type=\"widget\" data-settings=\"{&quot;ekit_we_effect_on&quot;:&quot;none&quot;}\" data-widget_type=\"image.default\">\n\t\t\t\t<div class=\"elementor-widget-container\">\n\t\t\t\t\t\t\t\t\t\t\t\t\t\t\t<img decoding=\"async\" width=\"1024\" height=\"602\" src=\"https:\/\/www.delcofluid.com\/wp-content\/uploads\/2024\/05\/Electric-Globe-Valves6-1024x602.jpg\" class=\"attachment-large size-large wp-image-5426\" alt=\"Electric Globe Valves\" srcset=\"https:\/\/www.delcofluid.com\/wp-content\/uploads\/2024\/05\/Electric-Globe-Valves6-1024x602.jpg 1024w, https:\/\/www.delcofluid.com\/wp-content\/uploads\/2024\/05\/Electric-Globe-Valves6-300x176.jpg 300w, https:\/\/www.delcofluid.com\/wp-content\/uploads\/2024\/05\/Electric-Globe-Valves6-768x451.jpg 768w, https:\/\/www.delcofluid.com\/wp-content\/uploads\/2024\/05\/Electric-Globe-Valves6-1536x903.jpg 1536w, https:\/\/www.delcofluid.com\/wp-content\/uploads\/2024\/05\/Electric-Globe-Valves6-2048x1203.jpg 2048w, https:\/\/www.delcofluid.com\/wp-content\/uploads\/2024\/05\/Electric-Globe-Valves6-600x353.jpg 600w\" sizes=\"(max-width: 1024px) 100vw, 1024px\" \/>\t\t\t\t\t\t\t\t\t\t\t\t\t\t\t<\/div>\n\t\t\t\t<\/div>\n\t\t\t\t<\/div>\n\t\t\t\t\t<\/div>\n\t\t\t\t<\/div>\n\t\t\t\t\t<\/div>\n\t\t\t\t<\/div>\n\t\t<div class=\"elementor-element elementor-element-8d1ed05 e-flex e-con-boxed e-con e-parent\" data-id=\"8d1ed05\" data-element_type=\"container\" data-e-type=\"container\" data-settings=\"{&quot;ekit_has_onepagescroll_dot&quot;:&quot;yes&quot;}\">\n\t\t\t\t\t<div class=\"e-con-inner\">\n\t\t\t\t<div class=\"elementor-element elementor-element-7150acec elementor-widget elementor-widget-text-editor\" data-id=\"7150acec\" data-element_type=\"widget\" data-e-type=\"widget\" data-settings=\"{&quot;ekit_we_effect_on&quot;:&quot;none&quot;}\" data-widget_type=\"text-editor.default\">\n\t\t\t\t<div class=\"elementor-widget-container\">\n\t\t\t\t\t\t\t\t\t<p><span style=\"color: #000000\"><strong>Elektrischer Stellantrieb vom Typ EIN\/AUS:<\/strong><\/span> Dieser Aktuator ist um 90 Grad drehbar und bietet AC\/DC-Stromversorgung, Signalsteuerung und manuelle \u00dcbersteuerungsfunktionen. Mit einem hohen Drehmoment von bis zu 4000 Nm gew\u00e4hrleistet er eine zuverl\u00e4ssige Leistung in anspruchsvollen Umgebungen.<\/p>\t\t\t\t\t\t\t\t<\/div>\n\t\t\t\t<\/div>\n\t\t\t\t<div class=\"elementor-element elementor-element-3dc1587e elementor-widget elementor-widget-text-editor\" data-id=\"3dc1587e\" data-element_type=\"widget\" data-e-type=\"widget\" data-settings=\"{&quot;ekit_we_effect_on&quot;:&quot;none&quot;}\" data-widget_type=\"text-editor.default\">\n\t\t\t\t<div class=\"elementor-widget-container\">\n\t\t\t\t\t\t\t\t\t<p><strong><span style=\"color: #000000\">Elektrischer Stellantrieb mit Modulation:<\/span><\/strong> Mit diesem Aktuator k\u00f6nnen Sie den \u00d6ffnungs-\/Schlie\u00dfwinkel stufenlos von 0 bis 90 Grad einstellen. Ausgestattet mit AC\/DC-Stromversorgung, Signalsteuerung und manueller \u00dcbersteuerung bietet er pr\u00e4zise Steuerung und ein hohes Drehmoment von bis zu 4000 Nm.<\/p>\t\t\t\t\t\t\t\t<\/div>\n\t\t\t\t<\/div>\n\t\t\t\t<div class=\"elementor-element elementor-element-229f8d8a elementor-widget elementor-widget-text-editor\" data-id=\"229f8d8a\" data-element_type=\"widget\" data-e-type=\"widget\" data-settings=\"{&quot;ekit_we_effect_on&quot;:&quot;none&quot;}\" data-widget_type=\"text-editor.default\">\n\t\t\t\t<div class=\"elementor-widget-container\">\n\t\t\t\t\t\t\t\t\t<p><strong><span style=\"color: #000000\">Intelligenter elektrischer Aktuator:<\/span><\/strong> \u00dcbernehmen Sie m\u00fchelos die Kontrolle mit dem intelligenten Aktuator, mit dem Sie den \u00d6ffnungs-\/Schlie\u00dfwinkel pr\u00e4zise einstellen k\u00f6nnen. Er verf\u00fcgt \u00fcber ein LED-Display zur bequemen \u00dcberwachung und bietet AC\/DC-Stromversorgung, Signalsteuerung, manuelle \u00dcbersteuerung und ein hohes Drehmoment von bis zu 4000 Nm.\u201c<\/p>\t\t\t\t\t\t\t\t<\/div>\n\t\t\t\t<\/div>\n\t\t\t\t\t<\/div>\n\t\t\t\t<\/div>\n\t\t\t\t<\/div>","protected":false},"excerpt":{"rendered":"<div class=\"flex-1 overflow-hidden\">\n<div class=\"react-scroll-to-bottom--css-ymjnl-79elbk h-full\">\n<div class=\"react-scroll-to-bottom--css-ymjnl-1n7m0yu\">\n<div class=\"flex flex-col text-sm\">\n<div class=\"w-full text-token-text-primary\" dir=\"auto\" data-testid=\"conversation-turn-31\">\n<div class=\"px-4 py-2 justify-center text-base md:gap-6 m-auto\">\n<div class=\"flex flex-1 text-base mx-auto gap-3 juice:gap-4 juice:md:gap-6 md:px-5 lg:px-1 xl:px-5 md:max-w-3xl lg:max-w-[40rem] xl:max-w-[48rem]\">\n<div class=\"relative flex w-full flex-col agent-turn\">\n<div class=\"flex-col gap-1 md:gap-3\">\n<div class=\"flex flex-grow flex-col max-w-full\">\n<div class=\"min-h-[20px] text-message flex flex-col items-start gap-3 whitespace-pre-wrap break-words [.text-message+&amp;]:mt-5 overflow-x-auto\" dir=\"auto\" data-message-author-role=\"assistant\" data-message-id=\"4a6d6b9a-2028-48e5-bb27-c229b9ba8f05\">\n<div class=\"markdown prose w-full break-words dark:prose-invert light\">\n<div class=\"flex-1 overflow-hidden\">\n<div class=\"react-scroll-to-bottom--css-vzdre-79elbk h-full\">\n<div class=\"react-scroll-to-bottom--css-vzdre-1n7m0yu\">\n<div class=\"flex flex-col text-sm pb-9\">\n<div class=\"w-full text-token-text-primary\" dir=\"auto\" data-testid=\"conversation-turn-25\">\n<div class=\"px-4 py-2 justify-center text-base md:gap-6 m-auto\">\n<div class=\"flex flex-1 text-base mx-auto gap-3 juice:gap-4 juice:md:gap-6 md:px-5 lg:px-1 xl:px-5 md:max-w-3xl lg:max-w-[40rem] xl:max-w-[48rem]\">\n<div class=\"relative flex w-full flex-col agent-turn\">\n<div class=\"flex-col gap-1 md:gap-3\">\n<div class=\"flex flex-grow flex-col max-w-full\">\n<div class=\"min-h-[20px] text-message flex flex-col items-start gap-3 whitespace-pre-wrap break-words [.text-message+&amp;]:mt-5 overflow-x-auto\" dir=\"auto\" data-message-author-role=\"assistant\" data-message-id=\"34f913f5-8067-415d-9532-3b67bc792208\">\n<div class=\"markdown prose w-full break-words dark:prose-invert light\">\n<p>Stainless steel 316 globe valves excel in regulating flow, particularly in applications requiring precise and consistent control. Designed with a bolted bonnet and non-rising stem, these valves ensure secure sealing and minimal risk of leakage. With flanged connections on both ends, they seamlessly integrate into pipelines or water plumbing systems, facilitating easy installation and maintenance.<\/p>\n<p>The valve body&#8217;s stainless steel 316 construction enhances durability and offers superior resistance against corrosion, ensuring reliable performance even in demanding environments. Moreover, the stem\/wedge connection meets the rigorous API 600 Pull test standards, underscoring its robust design and adherence to quality protocols.<\/p>\n<p><strong>Model: <\/strong>Multi-turn Electric Globe Valves<\/p>\n<p><strong>Size Range:\u00a0<\/strong>2&#8221; to 40&#8221;<\/p>\n<p><strong>Pressure Range:<\/strong> 1.6MPa~6.4MPa<\/p>\n<p><strong>Material:<\/strong> Stainless Steel 304\/316 or Cast Iron<\/p>\n<\/div>\n<\/div>\n<\/div>\n<\/div>\n<\/div>\n<\/div>\n<\/div>\n<\/div>\n<\/div>\n<\/div>\n<\/div>\n<\/div>\n<\/div>\n<\/div>\n<\/div>\n<\/div>\n<\/div>\n<\/div>\n<\/div>\n<\/div>\n<\/div>\n<\/div>\n<\/div>\n<\/div>\n","protected":false},"featured_media":7053,"template":"","meta":{"site-sidebar-layout":"default","site-content-layout":"","ast-site-content-layout":"default","site-content-style":"default","site-sidebar-style":"default","ast-global-header-display":"","ast-banner-title-visibility":"","ast-main-header-display":"","ast-hfb-above-header-display":"","ast-hfb-below-header-display":"","ast-hfb-mobile-header-display":"","site-post-title":"","ast-breadcrumbs-content":"","ast-featured-img":"","footer-sml-layout":"","ast-disable-related-posts":"","theme-transparent-header-meta":"default","adv-header-id-meta":"","stick-header-meta":"","header-above-stick-meta":"","header-main-stick-meta":"","header-below-stick-meta":"","astra-migrate-meta-layouts":"set","ast-page-background-enabled":"default","ast-page-background-meta":{"desktop":{"background-color":"var(--ast-global-color-4)","background-image":"","background-repeat":"repeat","background-position":"center center","background-size":"auto","background-attachment":"scroll","background-type":"","background-media":"","overlay-type":"","overlay-color":"","overlay-opacity":"","overlay-gradient":""},"tablet":{"background-color":"","background-image":"","background-repeat":"repeat","background-position":"center center","background-size":"auto","background-attachment":"scroll","background-type":"","background-media":"","overlay-type":"","overlay-color":"","overlay-opacity":"","overlay-gradient":""},"mobile":{"background-color":"","background-image":"","background-repeat":"repeat","background-position":"center center","background-size":"auto","background-attachment":"scroll","background-type":"","background-media":"","overlay-type":"","overlay-color":"","overlay-opacity":"","overlay-gradient":""}},"ast-content-background-meta":{"desktop":{"background-color":"var(--ast-global-color-5)","background-image":"","background-repeat":"repeat","background-position":"center center","background-size":"auto","background-attachment":"scroll","background-type":"","background-media":"","overlay-type":"","overlay-color":"","overlay-opacity":"","overlay-gradient":""},"tablet":{"background-color":"var(--ast-global-color-5)","background-image":"","background-repeat":"repeat","background-position":"center center","background-size":"auto","background-attachment":"scroll","background-type":"","background-media":"","overlay-type":"","overlay-color":"","overlay-opacity":"","overlay-gradient":""},"mobile":{"background-color":"var(--ast-global-color-5)","background-image":"","background-repeat":"repeat","background-position":"center center","background-size":"auto","background-attachment":"scroll","background-type":"","background-media":"","overlay-type":"","overlay-color":"","overlay-opacity":"","overlay-gradient":""}}},"product_brand":[],"product_cat":[568,34,559,567,33],"product_tag":[556,549,550,558,552,551],"class_list":{"0":"post-5420","1":"product","2":"type-product","3":"status-publish","4":"has-post-thumbnail","6":"product_cat-electric-globe-valve","7":"product_cat-electric-valves","8":"product_cat-globe-valve","9":"product_cat-multi-turn-electric-valves","10":"product_cat-products","11":"product_tag-electric-globe-valves","12":"product_tag-globe-control-valve","13":"product_tag-globe-control-valves","14":"product_tag-lectric-globe-valve","15":"product_tag-multi-turn-actuator-globe-control-valve","16":"product_tag-multi-turn-actuator-globe-control-valves","17":"desktop-align-center","18":"tablet-align-left","19":"mobile-align-left","21":"first","22":"instock","23":"shipping-taxable","24":"product-type-simple"},"_links":{"self":[{"href":"https:\/\/www.delcofluid.com\/de\/wp-json\/wp\/v2\/product\/5420","targetHints":{"allow":["GET"]}}],"collection":[{"href":"https:\/\/www.delcofluid.com\/de\/wp-json\/wp\/v2\/product"}],"about":[{"href":"https:\/\/www.delcofluid.com\/de\/wp-json\/wp\/v2\/types\/product"}],"version-history":[{"count":0,"href":"https:\/\/www.delcofluid.com\/de\/wp-json\/wp\/v2\/product\/5420\/revisions"}],"wp:featuredmedia":[{"embeddable":true,"href":"https:\/\/www.delcofluid.com\/de\/wp-json\/wp\/v2\/media\/7053"}],"wp:attachment":[{"href":"https:\/\/www.delcofluid.com\/de\/wp-json\/wp\/v2\/media?parent=5420"}],"wp:term":[{"taxonomy":"product_brand","embeddable":true,"href":"https:\/\/www.delcofluid.com\/de\/wp-json\/wp\/v2\/product_brand?post=5420"},{"taxonomy":"product_cat","embeddable":true,"href":"https:\/\/www.delcofluid.com\/de\/wp-json\/wp\/v2\/product_cat?post=5420"},{"taxonomy":"product_tag","embeddable":true,"href":"https:\/\/www.delcofluid.com\/de\/wp-json\/wp\/v2\/product_tag?post=5420"}],"curies":[{"name":"wp","href":"https:\/\/api.w.org\/{rel}","templated":true}]}}