{"id":6196,"date":"2024-06-27T04:29:52","date_gmt":"2024-06-27T03:29:52","guid":{"rendered":"https:\/\/www.delcofluid.com\/?post_type=product&#038;p=6196"},"modified":"2024-08-12T04:29:38","modified_gmt":"2024-08-12T03:29:38","slug":"manual-cast-steel-eccentric-half-ball-valve","status":"publish","type":"product","link":"https:\/\/www.delcofluid.com\/de\/produkt\/manual-cast-steel-eccentric-half-ball-valve\/","title":{"rendered":"DELCO Zapfenmontiertes exzentrisches Halbkugelventil"},"content":{"rendered":"<div data-elementor-type=\"product-post\" data-elementor-id=\"6196\" class=\"elementor elementor-6196\" data-elementor-post-type=\"product\">\n\t\t\t\t<div class=\"elementor-element elementor-element-6fb59a60 e-flex e-con-boxed e-con e-parent\" data-id=\"6fb59a60\" data-element_type=\"container\" data-e-type=\"container\" data-settings=\"{&quot;ekit_has_onepagescroll_dot&quot;:&quot;yes&quot;}\">\n\t\t\t\t\t<div class=\"e-con-inner\">\n\t\t<div class=\"elementor-element elementor-element-b2e102c e-con-full e-flex e-con e-child\" data-id=\"b2e102c\" data-element_type=\"container\" data-e-type=\"container\" data-settings=\"{&quot;ekit_has_onepagescroll_dot&quot;:&quot;yes&quot;}\">\n\t\t\t\t<div class=\"elementor-element elementor-element-4c3cf80 elementor-widget elementor-widget-heading\" data-id=\"4c3cf80\" data-element_type=\"widget\" data-e-type=\"widget\" data-settings=\"{&quot;ekit_we_effect_on&quot;:&quot;none&quot;}\" data-widget_type=\"heading.default\">\n\t\t\t\t<div class=\"elementor-widget-container\">\n\t\t\t\t\t<h2 class=\"elementor-heading-title elementor-size-default\">Merkmale<\/h2>\t\t\t\t<\/div>\n\t\t\t\t<\/div>\n\t\t\t\t<div class=\"elementor-element elementor-element-1af4cc68 elementor-widget__width-initial elementor-widget elementor-widget-text-editor\" data-id=\"1af4cc68\" data-element_type=\"widget\" data-e-type=\"widget\" data-settings=\"{&quot;ekit_we_effect_on&quot;:&quot;none&quot;}\" data-widget_type=\"text-editor.default\">\n\t\t\t\t<div class=\"elementor-widget-container\">\n\t\t\t\t\t\t\t\t\t<ul><li>Flexible Bedienung: Durch die manuelle Bedienung kann das Ventil schnell reagieren und sich an den tats\u00e4chlichen Bedarf anpassen.<\/li><li>Starke Anpassungsf\u00e4higkeit: Das Legierungsmaterial erm\u00f6glicht es, den Fl\u00fcssigkeitskontrollanforderungen verschiedener Medien und Arbeitsbedingungen gerecht zu werden.<\/li><li>Verschlei\u00dffest und korrosionsbest\u00e4ndig: Oberfl\u00e4chenlegierung und Spezialbehandlung, die Dichtfl\u00e4che ist korrosionsbest\u00e4ndig, verschlei\u00dffest und hochtemperaturbest\u00e4ndig, f\u00fcr verschiedene Anwendungen geeignet.<\/li><li>Einfache Wartung: Einfache Struktur. Nachdem das System drucklos gemacht wurde, kann es online \u00fcberpr\u00fcft und repariert werden, indem die Haube ge\u00f6ffnet wird, um die Kugelkrone und den St\u00fctzk\u00f6rper herauszuheben, ohne das gesamte Ventil zu zerlegen.<\/li><li>Reduziert Reibung und Verschlei\u00df: Das exzentrische Design verringert die Kontaktfl\u00e4che zwischen der Kugel und dem Ventilsitz und verringert so die Reibung beim \u00d6ffnen und Schlie\u00dfen. Sitz und Krone sind mit einem Ausgleichsbetrag konstruiert, sodass eine leichte Drehung nach Verschlei\u00df eine zuverl\u00e4ssige Abdichtung aufrechterhalten und die Lebensdauer des Ventils verl\u00e4ngern kann.<\/li><\/ul>\t\t\t\t\t\t\t\t<\/div>\n\t\t\t\t<\/div>\n\t\t\t\t<\/div>\n\t\t\t\t<div class=\"elementor-element elementor-element-8e57110 elementor-widget elementor-widget-image\" data-id=\"8e57110\" data-element_type=\"widget\" data-e-type=\"widget\" data-settings=\"{&quot;ekit_we_effect_on&quot;:&quot;none&quot;}\" data-widget_type=\"image.default\">\n\t\t\t\t<div class=\"elementor-widget-container\">\n\t\t\t\t\t\t\t\t\t\t\t\t\t\t\t<img fetchpriority=\"high\" decoding=\"async\" width=\"768\" height=\"759\" src=\"https:\/\/www.delcofluid.com\/wp-content\/uploads\/2024\/03\/product-finder-graphic-3-x900.jpg\" class=\"attachment-large size-large wp-image-2576\" alt=\"Solenoid Valves\" srcset=\"https:\/\/www.delcofluid.com\/wp-content\/uploads\/2024\/03\/product-finder-graphic-3-x900.jpg 768w, https:\/\/www.delcofluid.com\/wp-content\/uploads\/2024\/03\/product-finder-graphic-3-x900-100x100.jpg 100w, https:\/\/www.delcofluid.com\/wp-content\/uploads\/2024\/03\/product-finder-graphic-3-x900-600x593.jpg 600w, https:\/\/www.delcofluid.com\/wp-content\/uploads\/2024\/03\/product-finder-graphic-3-x900-300x296.jpg 300w\" sizes=\"(max-width: 768px) 100vw, 768px\" \/>\t\t\t\t\t\t\t\t\t\t\t\t\t\t\t<\/div>\n\t\t\t\t<\/div>\n\t\t\t\t\t<\/div>\n\t\t\t\t<\/div>\n\t\t<div class=\"elementor-element elementor-element-a55eeda e-flex e-con-boxed e-con e-parent\" data-id=\"a55eeda\" data-element_type=\"container\" data-e-type=\"container\" data-settings=\"{&quot;background_background&quot;:&quot;classic&quot;,&quot;ekit_has_onepagescroll_dot&quot;:&quot;yes&quot;}\">\n\t\t\t\t\t<div class=\"e-con-inner\">\n\t\t\t\t<div class=\"elementor-element elementor-element-585e9d9 elementor-widget elementor-widget-heading\" data-id=\"585e9d9\" data-element_type=\"widget\" data-e-type=\"widget\" data-settings=\"{&quot;ekit_we_effect_on&quot;:&quot;none&quot;}\" data-widget_type=\"heading.default\">\n\t\t\t\t<div class=\"elementor-widget-container\">\n\t\t\t\t\t<h2 class=\"elementor-heading-title elementor-size-default\">Technische Parameter<\/h2>\t\t\t\t<\/div>\n\t\t\t\t<\/div>\n\t\t\t\t\t<\/div>\n\t\t\t\t<\/div>\n\t\t<div class=\"elementor-element elementor-element-3414eb9 e-con-full e-flex e-con e-parent\" data-id=\"3414eb9\" data-element_type=\"container\" data-e-type=\"container\" data-settings=\"{&quot;background_background&quot;:&quot;classic&quot;,&quot;ekit_has_onepagescroll_dot&quot;:&quot;yes&quot;}\">\n\t\t\t\t<div class=\"elementor-element elementor-element-13df62f elementor-widget__width-initial elementor-widget elementor-widget-text-editor\" data-id=\"13df62f\" data-element_type=\"widget\" data-e-type=\"widget\" data-settings=\"{&quot;ekit_we_effect_on&quot;:&quot;none&quot;}\" data-widget_type=\"text-editor.default\">\n\t\t\t\t<div class=\"elementor-widget-container\">\n\t\t\t\t\t\t\t\t\t<table width=\"855\"><tbody><tr><td width=\"159\">Anschlussgr\u00f6\u00dfe:<\/td><td width=\"205\">2\u2033~24\u2033(DN50~DN600)<\/td><td width=\"146\">Material:<\/td><td width=\"345\">Kohlenstoffstahl, Edelstahl, legierter Stahl<\/td><\/tr><tr><td width=\"159\">Druck:<\/td><td>ASME-KLASSE 150\u2013600 (PN16\u2013PN100)<\/td><td width=\"146\">Durchflusskennlinie:\u00a0<\/td><td width=\"345\">Schnell\u00f6ffnungsfunktion<\/td><\/tr><tr><td width=\"159\">Garantie:<\/td><td width=\"205\">12 Motten<\/td><td width=\"146\">Funktion:<\/td><td width=\"345\">Handbuch<\/td><\/tr><tr><td width=\"159\">Geeignete Temperatur:<\/td><td width=\"205\">PTFE\u2264150\u2103 RTFE\u2264180\u2103 PPL\u2264300\u2103<br \/>Harte Versiegelung \u2264 450 \u2103<\/td><td width=\"146\">Geeignete Medien<\/td><td width=\"345\">Wasser, Gas, Dampf, \u00d6l, Korrosionsmedien etc.<\/td><\/tr><\/tbody><\/table>\t\t\t\t\t\t\t\t<\/div>\n\t\t\t\t<\/div>\n\t\t\t\t<\/div>\n\t\t<div class=\"elementor-element elementor-element-daef6c8 e-flex e-con-boxed e-con e-parent\" data-id=\"daef6c8\" data-element_type=\"container\" data-e-type=\"container\" data-settings=\"{&quot;ekit_has_onepagescroll_dot&quot;:&quot;yes&quot;}\">\n\t\t\t\t\t<div class=\"e-con-inner\">\n\t\t\t\t<div class=\"elementor-element elementor-element-52ddb61 elementor-widget elementor-widget-heading\" data-id=\"52ddb61\" data-element_type=\"widget\" data-e-type=\"widget\" data-settings=\"{&quot;ekit_we_effect_on&quot;:&quot;none&quot;}\" data-widget_type=\"heading.default\">\n\t\t\t\t<div class=\"elementor-widget-container\">\n\t\t\t\t\t<h2 class=\"elementor-heading-title elementor-size-default\">Anwendung<\/h2>\t\t\t\t<\/div>\n\t\t\t\t<\/div>\n\t\t\t\t<div class=\"elementor-element elementor-element-ac1034b elementor-widget elementor-widget-text-editor\" data-id=\"ac1034b\" data-element_type=\"widget\" data-e-type=\"widget\" data-settings=\"{&quot;ekit_we_effect_on&quot;:&quot;none&quot;}\" data-widget_type=\"text-editor.default\">\n\t\t\t\t<div class=\"elementor-widget-container\">\n\t\t\t\t\t\t\t\t\t<p>1. Abwasserbehandlung:<br \/>Exzentrische Halbkugelkugelh\u00e4hne weisen eine hervorragende Verstopfungsbest\u00e4ndigkeit und Verschlei\u00dffestigkeit bei der Handhabung von Medien mit Feststoffpartikeln und Schlamm w\u00e4hrend der Abwasserbehandlung auf. Sie regulieren den Abwasserfluss effektiv, verringern den Wartungsaufwand und verl\u00e4ngern die Lebensdauer der Ger\u00e4te.<\/p><p>2. Papierindustrie:<br \/>In der Papierindustrie regeln exzentrische Halbkugelventile den Fluss von Zellstoff und Chemikalien. Ihr exzentrisches Design und die robuste Dichtungsstruktur verhindern Ablagerungen und Verschlei\u00df und gew\u00e4hrleisten einen effizienten und stabilen Produktionsprozess, der auch Medien mit hoher Viskosit\u00e4t und hohem Feststoffanteil verarbeiten kann.<\/p><p>3. Chemische Verarbeitung:<br \/>In der chemischen Industrie muss mit korrosiven Medien, hohen Temperaturen und hohem Druck gearbeitet werden. Aufgrund ihrer Korrosionsbest\u00e4ndigkeit, Verschlei\u00dffestigkeit und Hochtemperaturbest\u00e4ndigkeit eignen sich exzentrische Halbkugelh\u00e4hne ideal f\u00fcr die Steuerung von S\u00e4uren, Basen, L\u00f6sungsmitteln und anderen chemischen Fl\u00fcssigkeiten und gew\u00e4hrleisten so die Sicherheit und Zuverl\u00e4ssigkeit des Systems.<\/p><p>4. \u00d6l- und Gaspipelines:<br \/>Ventile in der \u00d6l- und Gasindustrie m\u00fcssen unter hohem Druck, hohen Temperaturen und korrosiven Bedingungen zuverl\u00e4ssig funktionieren. Exzentrische Halbkugelh\u00e4hne regeln den \u00d6l- und Gasfluss effektiv und sorgen so f\u00fcr die Sicherheit, Effizienz und reduzierte Wartung von Rohrleitungssystemen.<\/p><p>5. Energieerzeugungsindustrie:<br \/>Exzentrische Halbkugelh\u00e4hne regeln in Kraftwerken den Durchfluss von K\u00fchlwasser, Dampf und Kraftstoff. Ihre hohe Abriebfestigkeit und hervorragende Dichtleistung erm\u00f6glichen einen stabilen Betrieb in Umgebungen mit hohen Temperaturen und hohem Druck. Dadurch werden Ventilausf\u00e4lle reduziert und die Effizienz und Sicherheit von Stromerzeugungsanlagen verbessert.<\/p><p>6. Hydraulische Entschlackung:<br \/>In hydraulischen Entschlackungssystemen handhaben exzentrische Halbkugelh\u00e4hne Fl\u00fcssigkeiten, die Feststoffpartikel und korrosive Substanzen enthalten. Ihr Design verhindert wirksam Verschlei\u00df und Verstopfungen und gew\u00e4hrleistet einen kontinuierlichen und effizienten Ablauf des Entschlackungsprozesses.<\/p>\t\t\t\t\t\t\t\t<\/div>\n\t\t\t\t<\/div>\n\t\t\t\t\t<\/div>\n\t\t\t\t<\/div>\n\t\t\t\t<\/div>","protected":false},"excerpt":{"rendered":"<p>Das exzentrische Halbkugelventil (exzentrisches Halbkugelventil) ist eine Art Industrieventil, das durch die Aufnahme und Integration der fortschrittlichen Technologie im In- und Ausland erfolgreich entwickelt wurde. Sein Konstruktionsmerkmal besteht darin, dass sich die Kugel nicht in der Mitte des Ventils befindet, sondern exzentrisch installiert ist. Die Metallkugelkrone ist auf der Exzenterkugel befestigt und das Ventil wird durch Drehen der Exzenterkurbelwelle um 90 Grad ge\u00f6ffnet und geschlossen. Dieses Design reduziert effektiv die Reibung und den Verschlei\u00df der Kugel w\u00e4hrend des Betriebs und eignet sich besonders f\u00fcr den Transport leicht skalierter Medien. Der halbkugelf\u00f6rmige Teil des Ventils befestigt die Metallkrone auf der Exzenterkugel und montiert verschiedene Legierungskronen auf der Kugel. Der Ventilsitz \u00fcberzieht die Legierung entsprechend. Nach einer speziellen Behandlung ist die Dichtungsoberfl\u00e4che mit Korrosionsschutz, Abriebfestigkeit und Hochtemperaturbest\u00e4ndigkeit sowie anderen Eigenschaften ausgestattet, die den Anforderungen unterschiedlicher Arbeitsbedingungen gerecht werden k\u00f6nnen. Der Ventilsitz und die Kugelkrone sind mit einem gewissen Ma\u00df an Kompensation konstruiert, so dass bei Verschlei\u00df des Ventilsitzes eine leichte Drehung beim Schlie\u00dfen immer noch eine zuverl\u00e4ssige Abdichtung aufrechterhalten kann, wodurch die Lebensdauer des Ventils verl\u00e4ngert und die Betriebseffizienz verbessert wird. Exzentrische Halbkugelh\u00e4hne werden h\u00e4ufig in Industriebereichen eingesetzt, in denen h\u00e4ufige Bet\u00e4tigung und strenge Durchflusskontrolle erforderlich sind, wie z. B. in Papierfabriken, Abwasseraufbereitungs- und petrochemischen und anderen Fl\u00fcssigkeitskontrollsystemen.<\/p>\n<p>Modell: Exzentrisches Halbkugelventil<br \/>\nGr\u00f6\u00dfenbereich: 2\u2033~24\u2033(DN50~DN600)<br \/>\nDruckbereich: ASME KLASSE 150~600 (PN16~PN100)<br \/>\nMaterial: Kohlenstoffstahl, Edelstahl, legierter Stahl<\/p>","protected":false},"featured_media":7368,"template":"","meta":{"site-sidebar-layout":"default","site-content-layout":"","ast-site-content-layout":"default","site-content-style":"default","site-sidebar-style":"default","ast-global-header-display":"","ast-banner-title-visibility":"","ast-main-header-display":"","ast-hfb-above-header-display":"","ast-hfb-below-header-display":"","ast-hfb-mobile-header-display":"","site-post-title":"","ast-breadcrumbs-content":"","ast-featured-img":"","footer-sml-layout":"","ast-disable-related-posts":"","theme-transparent-header-meta":"default","adv-header-id-meta":"","stick-header-meta":"","header-above-stick-meta":"","header-main-stick-meta":"","header-below-stick-meta":"","astra-migrate-meta-layouts":"set","ast-page-background-enabled":"default","ast-page-background-meta":{"desktop":{"background-color":"var(--ast-global-color-4)","background-image":"","background-repeat":"repeat","background-position":"center center","background-size":"auto","background-attachment":"scroll","background-type":"","background-media":"","overlay-type":"","overlay-color":"","overlay-opacity":"","overlay-gradient":""},"tablet":{"background-color":"","background-image":"","background-repeat":"repeat","background-position":"center center","background-size":"auto","background-attachment":"scroll","background-type":"","background-media":"","overlay-type":"","overlay-color":"","overlay-opacity":"","overlay-gradient":""},"mobile":{"background-color":"","background-image":"","background-repeat":"repeat","background-position":"center center","background-size":"auto","background-attachment":"scroll","background-type":"","background-media":"","overlay-type":"","overlay-color":"","overlay-opacity":"","overlay-gradient":""}},"ast-content-background-meta":{"desktop":{"background-color":"var(--ast-global-color-5)","background-image":"","background-repeat":"repeat","background-position":"center center","background-size":"auto","background-attachment":"scroll","background-type":"","background-media":"","overlay-type":"","overlay-color":"","overlay-opacity":"","overlay-gradient":""},"tablet":{"background-color":"var(--ast-global-color-5)","background-image":"","background-repeat":"repeat","background-position":"center center","background-size":"auto","background-attachment":"scroll","background-type":"","background-media":"","overlay-type":"","overlay-color":"","overlay-opacity":"","overlay-gradient":""},"mobile":{"background-color":"var(--ast-global-color-5)","background-image":"","background-repeat":"repeat","background-position":"center center","background-size":"auto","background-attachment":"scroll","background-type":"","background-media":"","overlay-type":"","overlay-color":"","overlay-opacity":"","overlay-gradient":""}}},"product_brand":[],"product_cat":[705,116,33],"product_tag":[642,641,640,261,102,73,56],"class_list":{"0":"post-6196","1":"product","2":"type-product","3":"status-publish","4":"has-post-thumbnail","6":"product_cat-manual-ball-valve","7":"product_cat-manual-valves","8":"product_cat-products","9":"product_tag-cast-steel-eccentric-half-ball-valve","10":"product_tag-eccentric-half-ball-valve","11":"product_tag-eccentric-half-flange-ball-valve","12":"product_tag-manual-valve","13":"product_tag-manual-valves","14":"product_tag-valve","15":"product_tag-valves","16":"desktop-align-center","17":"tablet-align-left","18":"mobile-align-left","20":"first","21":"instock","22":"shipping-taxable","23":"product-type-simple"},"_links":{"self":[{"href":"https:\/\/www.delcofluid.com\/de\/wp-json\/wp\/v2\/product\/6196","targetHints":{"allow":["GET"]}}],"collection":[{"href":"https:\/\/www.delcofluid.com\/de\/wp-json\/wp\/v2\/product"}],"about":[{"href":"https:\/\/www.delcofluid.com\/de\/wp-json\/wp\/v2\/types\/product"}],"version-history":[{"count":0,"href":"https:\/\/www.delcofluid.com\/de\/wp-json\/wp\/v2\/product\/6196\/revisions"}],"wp:featuredmedia":[{"embeddable":true,"href":"https:\/\/www.delcofluid.com\/de\/wp-json\/wp\/v2\/media\/7368"}],"wp:attachment":[{"href":"https:\/\/www.delcofluid.com\/de\/wp-json\/wp\/v2\/media?parent=6196"}],"wp:term":[{"taxonomy":"product_brand","embeddable":true,"href":"https:\/\/www.delcofluid.com\/de\/wp-json\/wp\/v2\/product_brand?post=6196"},{"taxonomy":"product_cat","embeddable":true,"href":"https:\/\/www.delcofluid.com\/de\/wp-json\/wp\/v2\/product_cat?post=6196"},{"taxonomy":"product_tag","embeddable":true,"href":"https:\/\/www.delcofluid.com\/de\/wp-json\/wp\/v2\/product_tag?post=6196"}],"curies":[{"name":"wp","href":"https:\/\/api.w.org\/{rel}","templated":true}]}}