{"id":6288,"date":"2024-07-01T09:23:01","date_gmt":"2024-07-01T08:23:01","guid":{"rendered":"https:\/\/www.delcofluid.com\/?post_type=product&#038;p=6288"},"modified":"2024-07-17T07:14:14","modified_gmt":"2024-07-17T06:14:14","slug":"manual-corrosion-resistant-plastic-upvc-butterfly-valve","status":"publish","type":"product","link":"https:\/\/www.delcofluid.com\/de\/produkt\/manual-corrosion-resistant-plastic-upvc-butterfly-valve\/","title":{"rendered":"Manuelles Absperrventil aus korrosionsbest\u00e4ndigem UPVC-Kunststoff"},"content":{"rendered":"<div data-elementor-type=\"product-post\" data-elementor-id=\"6288\" class=\"elementor elementor-6288\" data-elementor-post-type=\"product\">\n\t\t\t\t<div class=\"elementor-element elementor-element-6fb59a60 e-con-full e-flex e-con e-parent\" data-id=\"6fb59a60\" data-element_type=\"container\" data-e-type=\"container\" data-settings=\"{&quot;ekit_has_onepagescroll_dot&quot;:&quot;yes&quot;}\">\n\t\t<div class=\"elementor-element elementor-element-b2e102c e-con-full e-flex e-con e-child\" data-id=\"b2e102c\" data-element_type=\"container\" data-e-type=\"container\" data-settings=\"{&quot;ekit_has_onepagescroll_dot&quot;:&quot;yes&quot;}\">\n\t\t\t\t<div class=\"elementor-element elementor-element-4c3cf80 elementor-widget elementor-widget-heading\" data-id=\"4c3cf80\" data-element_type=\"widget\" data-e-type=\"widget\" data-settings=\"{&quot;ekit_we_effect_on&quot;:&quot;none&quot;}\" data-widget_type=\"heading.default\">\n\t\t\t\t<div class=\"elementor-widget-container\">\n\t\t\t\t\t<h2 class=\"elementor-heading-title elementor-size-default\">Merkmale<\/h2>\t\t\t\t<\/div>\n\t\t\t\t<\/div>\n\t\t\t\t<div class=\"elementor-element elementor-element-1af4cc68 elementor-widget__width-initial elementor-widget elementor-widget-text-editor\" data-id=\"1af4cc68\" data-element_type=\"widget\" data-e-type=\"widget\" data-settings=\"{&quot;ekit_we_effect_on&quot;:&quot;none&quot;}\" data-widget_type=\"text-editor.default\">\n\t\t\t\t<div class=\"elementor-widget-container\">\n\t\t\t\t\t\t\t\t\t<ul><li><strong>Geringes Gewicht und Korrosionsbest\u00e4ndigkeit<\/strong>: Das manuelle UPVC-Absperrventil ist aus Kunststoff, leicht, \u00e4u\u00dferst korrosionsbest\u00e4ndig und f\u00fcr eine Vielzahl korrosiver Medien geeignet.<\/li><li><strong>Kompakte Bauweise<\/strong>: Kompaktes und sch\u00f6nes Design, nimmt wenig Platz ein, Installation und Wartung sind sehr bequem.<\/li><li><strong>Einfache Bedienung:<\/strong>Die Schmetterlingsplatte dreht sich mit der Stange und kann durch eine Drehung um 90 Grad ge\u00f6ffnet und geschlossen werden, was eine einfache und effiziente Bedienung erm\u00f6glicht.<\/li><li><strong>Kleines Drehmoment<\/strong>: Die Drosselklappe auf beiden Seiten der Welle ist einer gleichm\u00e4\u00dfigen Kraft und einem entgegengesetzten Drehmoment ausgesetzt, sodass das \u00d6ffnungs- und Schlie\u00dfdrehmoment gering ist, was die Bedienung erleichtert.<\/li><li><strong> Breite Anwendung:<\/strong>Anwendbar in der Chemie-, Petrochemie-, Schmelz-, Pharma-, Lebensmittel- und anderen Bereichen, kann in einer hygienischen und ungiftigen Umgebung verwendet werden, ist verschlei\u00dffest, leicht zu zerlegen und leicht zu warten.<\/li><li><strong>Hervorragende Fl\u00fcssigkeitskontrolle:<\/strong>Die Dicke der Drosselklappe ist der einzige Widerstand, wenn das Medium durch den Ventilk\u00f6rper flie\u00dft. Geringer Druckabfall, ausgezeichnete Durchflussregelleistung, geeignet f\u00fcr Anwendungen zur pr\u00e4zisen Durchflussregelung.<\/li><li><strong>Umweltfreundliches Material<\/strong>:UPVC-Material ist umweltfreundlich und ungiftig, entspricht Hygienestandards und erf\u00fcllt die strengen Anforderungen der Lebensmittel- und Pharmaindustrie.<\/li><\/ul>\t\t\t\t\t\t\t\t<\/div>\n\t\t\t\t<\/div>\n\t\t\t\t<\/div>\n\t\t\t\t<div class=\"elementor-element elementor-element-8e57110 elementor-widget elementor-widget-image\" data-id=\"8e57110\" data-element_type=\"widget\" data-e-type=\"widget\" data-settings=\"{&quot;ekit_we_effect_on&quot;:&quot;none&quot;}\" data-widget_type=\"image.default\">\n\t\t\t\t<div class=\"elementor-widget-container\">\n\t\t\t\t\t\t\t\t\t\t\t\t\t\t\t<img fetchpriority=\"high\" decoding=\"async\" width=\"768\" height=\"759\" src=\"https:\/\/www.delcofluid.com\/wp-content\/uploads\/2024\/03\/product-finder-graphic-3-x900.jpg\" class=\"attachment-large size-large wp-image-2576\" alt=\"Solenoid Valves\" srcset=\"https:\/\/www.delcofluid.com\/wp-content\/uploads\/2024\/03\/product-finder-graphic-3-x900.jpg 768w, https:\/\/www.delcofluid.com\/wp-content\/uploads\/2024\/03\/product-finder-graphic-3-x900-100x100.jpg 100w, https:\/\/www.delcofluid.com\/wp-content\/uploads\/2024\/03\/product-finder-graphic-3-x900-600x593.jpg 600w, https:\/\/www.delcofluid.com\/wp-content\/uploads\/2024\/03\/product-finder-graphic-3-x900-300x296.jpg 300w\" sizes=\"(max-width: 768px) 100vw, 768px\" \/>\t\t\t\t\t\t\t\t\t\t\t\t\t\t\t<\/div>\n\t\t\t\t<\/div>\n\t\t\t\t<\/div>\n\t\t<div class=\"elementor-element elementor-element-a55eeda e-flex e-con-boxed e-con e-parent\" data-id=\"a55eeda\" data-element_type=\"container\" data-e-type=\"container\" data-settings=\"{&quot;background_background&quot;:&quot;classic&quot;,&quot;ekit_has_onepagescroll_dot&quot;:&quot;yes&quot;}\">\n\t\t\t\t\t<div class=\"e-con-inner\">\n\t\t\t\t<div class=\"elementor-element elementor-element-585e9d9 elementor-widget elementor-widget-heading\" data-id=\"585e9d9\" data-element_type=\"widget\" data-e-type=\"widget\" data-settings=\"{&quot;ekit_we_effect_on&quot;:&quot;none&quot;}\" data-widget_type=\"heading.default\">\n\t\t\t\t<div class=\"elementor-widget-container\">\n\t\t\t\t\t<h2 class=\"elementor-heading-title elementor-size-default\">Technische Parameter<\/h2>\t\t\t\t<\/div>\n\t\t\t\t<\/div>\n\t\t\t\t\t<\/div>\n\t\t\t\t<\/div>\n\t\t<div class=\"elementor-element elementor-element-3414eb9 e-con-full e-flex e-con e-parent\" data-id=\"3414eb9\" data-element_type=\"container\" data-e-type=\"container\" data-settings=\"{&quot;background_background&quot;:&quot;classic&quot;,&quot;ekit_has_onepagescroll_dot&quot;:&quot;yes&quot;}\">\n\t\t\t\t<div class=\"elementor-element elementor-element-13df62f elementor-widget__width-initial elementor-widget elementor-widget-text-editor\" data-id=\"13df62f\" data-element_type=\"widget\" data-e-type=\"widget\" data-settings=\"{&quot;ekit_we_effect_on&quot;:&quot;none&quot;}\" data-widget_type=\"text-editor.default\">\n\t\t\t\t<div class=\"elementor-widget-container\">\n\t\t\t\t\t\t\t\t\t<table width=\"855\"><tbody><tr><td width=\"159\">Anschlussgr\u00f6\u00dfe:<\/td><td width=\"205\">2\u2033 bis 8\u2033<\/td><td width=\"146\">Material:<\/td><td width=\"345\">\u00a0UPVC, PVC<\/td><\/tr><tr><td width=\"159\">Druck:<\/td><td>1,0 MPa bis 1,6 MPa<\/td><td width=\"146\">Dichtungsaufbau:<\/td><td width=\"345\">Weiche Dichtung<\/td><\/tr><tr><td width=\"159\">Garantie:<\/td><td width=\"205\">12 Motten<\/td><td width=\"146\">Funktion:<\/td><td width=\"345\">Handbuch<\/td><\/tr><tr><td width=\"159\">Versandort:<\/td><td width=\"205\">Guangdong, China<\/td><td width=\"146\">Geeignete Medien<\/td><td width=\"345\">Wasser, Gas, Dampf, \u00d6l, Korrosionsmedien usw.<\/td><\/tr><\/tbody><\/table>\t\t\t\t\t\t\t\t<\/div>\n\t\t\t\t<\/div>\n\t\t\t\t<\/div>\n\t\t<div class=\"elementor-element elementor-element-daef6c8 e-con-full e-flex e-con e-parent\" data-id=\"daef6c8\" data-element_type=\"container\" data-e-type=\"container\" data-settings=\"{&quot;ekit_has_onepagescroll_dot&quot;:&quot;yes&quot;}\">\n\t\t\t\t<div class=\"elementor-element elementor-element-52ddb61 elementor-widget elementor-widget-heading\" data-id=\"52ddb61\" data-element_type=\"widget\" data-e-type=\"widget\" data-settings=\"{&quot;ekit_we_effect_on&quot;:&quot;none&quot;}\" data-widget_type=\"heading.default\">\n\t\t\t\t<div class=\"elementor-widget-container\">\n\t\t\t\t\t<h2 class=\"elementor-heading-title elementor-size-default\">Anwendung<\/h2>\t\t\t\t<\/div>\n\t\t\t\t<\/div>\n\t\t\t\t<div class=\"elementor-element elementor-element-ac1034b elementor-widget elementor-widget-text-editor\" data-id=\"ac1034b\" data-element_type=\"widget\" data-e-type=\"widget\" data-settings=\"{&quot;ekit_we_effect_on&quot;:&quot;none&quot;}\" data-widget_type=\"text-editor.default\">\n\t\t\t\t<div class=\"elementor-widget-container\">\n\t\t\t\t\t\t\t\t\t<p>\u00a0<\/p><p>\u00a0<\/p><ul><li><strong>Druckluft<\/strong><br \/>UPVC-Absperrklappen werden in Druckluftsystemen verwendet und regeln den Luftstrom, um einen stabilen Betrieb der Ger\u00e4te zu gew\u00e4hrleisten und den Energieverbrauch zu senken.<\/li><li><strong>\u00a0\u00d6l und Gas<\/strong><br \/>UPVC-Absperrklappen werden zur Steuerung von Durchfluss und Druck beim Transport und der Handhabung von \u00d6len und Gasen verwendet und ihre Korrosionsbest\u00e4ndigkeit gew\u00e4hrleistet Zuverl\u00e4ssigkeit und Sicherheit unter zahlreichen Betriebsbedingungen.<\/li><li><strong>HVAC (Heizung und Klimaanlage)<\/strong><br \/>Manuelle Absperrklappen aus UPVC werden in HLK-Systemen verwendet, um den Durchfluss von hei\u00dfem und kaltem Wasser und Luft zu regulieren und zu steuern und so einen effizienten Systembetrieb und Umweltkomfort zu gew\u00e4hrleisten.<\/li><li><strong>Wasserverteilung und -aufbereitung<\/strong><br \/>In Wasseraufbereitungs- und -verteilungssystemen werden UPVC-Absperrklappen zur Steuerung des Durchflusses von sauberem Wasser und Abwasser verwendet. Sie weisen eine ausgezeichnete Korrosionsbest\u00e4ndigkeit und Dichtungsleistung auf, um die Sicherheit der Wasserqualit\u00e4t und den zuverl\u00e4ssigen Betrieb des Systems zu gew\u00e4hrleisten.<\/li><li><strong style=\"font-style: inherit;color: var( --e-global-color-text );font-family: var( --e-global-typography-text-font-family ), Sans-serif;text-align: var(--text-align)\">Landwirtschaftlich\u00a0 \u00a0 \u00a0 \u00a0 \u00a0 \u00a0 \u00a0 \u00a0 \u00a0 \u00a0 \u00a0 \u00a0 \u00a0 \u00a0 \u00a0 \u00a0 \u00a0 \u00a0 \u00a0 \u00a0 \u00a0 \u00a0 \u00a0 \u00a0 \u00a0 \u00a0 \u00a0 \u00a0 \u00a0 \u00a0 \u00a0 \u00a0 \u00a0 \u00a0 \u00a0 \u00a0 \u00a0 \u00a0 \u00a0 \u00a0 \u00a0 \u00a0 \u00a0 \u00a0 \u00a0 \u00a0 \u00a0 \u00a0 \u00a0 \u00a0 \u00a0 \u00a0 \u00a0 \u00a0 \u00a0 \u00a0 \u00a0 \u00a0 \u00a0 \u00a0 \u00a0 \u00a0 \u00a0 \u00a0 \u00a0 \u00a0 \u00a0 \u00a0 \u00a0 \u00a0 \u00a0 \u00a0 \u00a0 \u00a0 \u00a0 \u00a0 \u00a0 \u00a0 \u00a0 \u00a0 \u00a0 \u00a0 \u00a0 \u00a0 \u00a0 \u00a0 \u00a0 \u00a0 \u00a0 \u00a0 \u00a0 \u00a0 \u00a0 \u00a0 \u00a0 \u00a0 \u00a0 \u00a0 \u00a0 \u00a0 \u00a0 \u00a0 \u00a0 \u00a0 \u00a0 \u00a0 \u00a0 \u00a0 \u00a0 \u00a0 \u00a0 \u00a0 \u00a0 \u00a0 \u00a0 \u00a0 \u00a0 \u00a0 \u00a0 \u00a0 \u00a0 \u00a0 \u00a0 \u00a0 \u00a0 \u00a0 \u00a0 \u00a0 \u00a0 \u00a0 \u00a0 \u00a0 \u00a0 \u00a0 \u00a0 \u00a0 \u00a0 \u00a0 \u00a0 \u00a0 \u00a0<\/strong> Manuelle Absperrklappen aus UPVC dienen zur Regulierung und Kontrolle des Wasserflusses in landwirtschaftlichen Bew\u00e4sserungssystemen und tragen so zu einer gleichm\u00e4\u00dfigen Bew\u00e4sserung der Ackerfl\u00e4chen sowie zur Verbesserung von Ernteertrag und -qualit\u00e4t bei.\u00a0 \u00a0 \u00a0 \u00a0<\/li><\/ul>\t\t\t\t\t\t\t\t<\/div>\n\t\t\t\t<\/div>\n\t\t\t\t<\/div>\n\t\t\t\t<\/div>","protected":false},"excerpt":{"rendered":"<p>Das manuelle, korrosionsbest\u00e4ndige UPVC-Absperrventil ist f\u00fcr die Anforderungen verschiedener korrosiver Rohrleitungsfl\u00fcssigkeiten konzipiert und verwendet die mit der Stange rotierende Absperrplatte als \u00d6ffnungs- und Schlie\u00dfteil. Aufgrund seines Kunststoffmaterials hat das Absperrventil nicht nur geringe Gr\u00f6\u00dfe, einfache Struktur, geringes Gewicht, Korrosionsbest\u00e4ndigkeit und andere Vorteile, sondern auch eine kompakte und sch\u00f6ne Struktur und eine bequeme Installation. Es wird in vielen Branchen weithin verwendet, eignet sich f\u00fcr ungiftige Hygienebedingungen, ist verschlei\u00dffest, leicht zu zerlegen und zu warten usw., um das \u00d6ffnen und Schlie\u00dfen des Ventils und die Einstellung zu erreichen. Im Vergleich zu einem Absperrschieber mit denselben Parametern ist das Gewicht des UPVC-Absperrventils um 30% auf 50% reduziert und die Absperrplatte kann um 90 Grad gedreht werden, um den \u00d6ffnungs- und Schlie\u00dfvorgang abzuschlie\u00dfen. Aufgrund der rotierenden Welle auf beiden Seiten der Absperrplatte ist die Medienkraft ungef\u00e4hr gleich und weist ein entgegengesetztes Drehmoment auf, sodass das \u00d6ffnungs- und Schlie\u00dfdrehmoment gering ist.<br \/>\nDer Ventilk\u00f6rper des UPVC-Absperrventils besteht aus PVC, CPVC, UPVC und anderen Materialien, die eine ausgezeichnete chemische Korrosionsbest\u00e4ndigkeit aufweisen. Der Dichtungssitz besteht aus EPDM (EPDM) oder FPM (Fluorelastomer), das eine gute Dichtungsleistung bietet und best\u00e4ndig gegen \u00d6l, Hitze, Flammen, Sonnenlicht, Ozon, S\u00e4uren, Basen und chemische Reagenzien ist. Mit seinem sch\u00f6nen Aussehen und der einfachen Installation ist das Ventil ein ideales Fl\u00fcssigkeitskontrollger\u00e4t f\u00fcr alle Arten von Rohrleitungssystemen.<\/p>\n<p>Modell: UPVC-Absperrklappe<br \/>\nGr\u00f6\u00dfenbereich: 2\u2033 bis 8\u2033<br \/>\nDruckbereich: 1,0 MPa - 1,6 MPa<br \/>\nMaterial: UPVC, PVC<\/p>","protected":false},"featured_media":7324,"template":"","meta":{"site-sidebar-layout":"default","site-content-layout":"","ast-site-content-layout":"default","site-content-style":"default","site-sidebar-style":"default","ast-global-header-display":"","ast-banner-title-visibility":"","ast-main-header-display":"","ast-hfb-above-header-display":"","ast-hfb-below-header-display":"","ast-hfb-mobile-header-display":"","site-post-title":"","ast-breadcrumbs-content":"","ast-featured-img":"","footer-sml-layout":"","ast-disable-related-posts":"","theme-transparent-header-meta":"default","adv-header-id-meta":"","stick-header-meta":"","header-above-stick-meta":"","header-main-stick-meta":"","header-below-stick-meta":"","astra-migrate-meta-layouts":"set","ast-page-background-enabled":"default","ast-page-background-meta":{"desktop":{"background-color":"var(--ast-global-color-4)","background-image":"","background-repeat":"repeat","background-position":"center center","background-size":"auto","background-attachment":"scroll","background-type":"","background-media":"","overlay-type":"","overlay-color":"","overlay-opacity":"","overlay-gradient":""},"tablet":{"background-color":"","background-image":"","background-repeat":"repeat","background-position":"center center","background-size":"auto","background-attachment":"scroll","background-type":"","background-media":"","overlay-type":"","overlay-color":"","overlay-opacity":"","overlay-gradient":""},"mobile":{"background-color":"","background-image":"","background-repeat":"repeat","background-position":"center center","background-size":"auto","background-attachment":"scroll","background-type":"","background-media":"","overlay-type":"","overlay-color":"","overlay-opacity":"","overlay-gradient":""}},"ast-content-background-meta":{"desktop":{"background-color":"var(--ast-global-color-5)","background-image":"","background-repeat":"repeat","background-position":"center center","background-size":"auto","background-attachment":"scroll","background-type":"","background-media":"","overlay-type":"","overlay-color":"","overlay-opacity":"","overlay-gradient":""},"tablet":{"background-color":"var(--ast-global-color-5)","background-image":"","background-repeat":"repeat","background-position":"center center","background-size":"auto","background-attachment":"scroll","background-type":"","background-media":"","overlay-type":"","overlay-color":"","overlay-opacity":"","overlay-gradient":""},"mobile":{"background-color":"var(--ast-global-color-5)","background-image":"","background-repeat":"repeat","background-position":"center center","background-size":"auto","background-attachment":"scroll","background-type":"","background-media":"","overlay-type":"","overlay-color":"","overlay-opacity":"","overlay-gradient":""}}},"product_brand":[],"product_cat":[706,116,33],"product_tag":[652,261,102,651,650,653,73,56],"class_list":{"0":"post-6288","1":"product","2":"type-product","3":"status-publish","4":"has-post-thumbnail","6":"product_cat-manual-butterfly-valve","7":"product_cat-manual-valves","8":"product_cat-products","9":"product_tag-corrosion-resistant-upvc-butterfly-valve","10":"product_tag-manual-valve","11":"product_tag-manual-valves","12":"product_tag-plastic-upvc-butterfly-valve","13":"product_tag-upvc-butterfly-valve","14":"product_tag-upvc-butterfly-valves","15":"product_tag-valve","16":"product_tag-valves","17":"desktop-align-center","18":"tablet-align-left","19":"mobile-align-left","21":"first","22":"instock","23":"shipping-taxable","24":"product-type-simple"},"_links":{"self":[{"href":"https:\/\/www.delcofluid.com\/de\/wp-json\/wp\/v2\/product\/6288","targetHints":{"allow":["GET"]}}],"collection":[{"href":"https:\/\/www.delcofluid.com\/de\/wp-json\/wp\/v2\/product"}],"about":[{"href":"https:\/\/www.delcofluid.com\/de\/wp-json\/wp\/v2\/types\/product"}],"version-history":[{"count":0,"href":"https:\/\/www.delcofluid.com\/de\/wp-json\/wp\/v2\/product\/6288\/revisions"}],"wp:featuredmedia":[{"embeddable":true,"href":"https:\/\/www.delcofluid.com\/de\/wp-json\/wp\/v2\/media\/7324"}],"wp:attachment":[{"href":"https:\/\/www.delcofluid.com\/de\/wp-json\/wp\/v2\/media?parent=6288"}],"wp:term":[{"taxonomy":"product_brand","embeddable":true,"href":"https:\/\/www.delcofluid.com\/de\/wp-json\/wp\/v2\/product_brand?post=6288"},{"taxonomy":"product_cat","embeddable":true,"href":"https:\/\/www.delcofluid.com\/de\/wp-json\/wp\/v2\/product_cat?post=6288"},{"taxonomy":"product_tag","embeddable":true,"href":"https:\/\/www.delcofluid.com\/de\/wp-json\/wp\/v2\/product_tag?post=6288"}],"curies":[{"name":"wp","href":"https:\/\/api.w.org\/{rel}","templated":true}]}}