{"id":6347,"date":"2024-07-02T04:40:58","date_gmt":"2024-07-02T03:40:58","guid":{"rendered":"https:\/\/www.delcofluid.com\/?post_type=product&#038;p=6347"},"modified":"2024-07-17T07:13:54","modified_gmt":"2024-07-17T06:13:54","slug":"manual-flange-butterfly-valve-with-handle","status":"publish","type":"product","link":"https:\/\/www.delcofluid.com\/de\/produkt\/manual-flange-butterfly-valve-with-handle\/","title":{"rendered":"Manuelles Flansch-Absperrventil mit Handrad"},"content":{"rendered":"<div data-elementor-type=\"product-post\" data-elementor-id=\"6347\" class=\"elementor elementor-6347\" data-elementor-post-type=\"product\">\n\t\t\t\t<div class=\"elementor-element elementor-element-6fb59a60 e-flex e-con-boxed e-con e-parent\" data-id=\"6fb59a60\" data-element_type=\"container\" data-e-type=\"container\" data-settings=\"{&quot;ekit_has_onepagescroll_dot&quot;:&quot;yes&quot;}\">\n\t\t\t\t\t<div class=\"e-con-inner\">\n\t\t<div class=\"elementor-element elementor-element-b2e102c e-con-full e-flex e-con e-child\" data-id=\"b2e102c\" data-element_type=\"container\" data-e-type=\"container\" data-settings=\"{&quot;ekit_has_onepagescroll_dot&quot;:&quot;yes&quot;}\">\n\t\t\t\t<div class=\"elementor-element elementor-element-4c3cf80 elementor-widget elementor-widget-heading\" data-id=\"4c3cf80\" data-element_type=\"widget\" data-e-type=\"widget\" data-settings=\"{&quot;ekit_we_effect_on&quot;:&quot;none&quot;}\" data-widget_type=\"heading.default\">\n\t\t\t\t<div class=\"elementor-widget-container\">\n\t\t\t\t\t<h2 class=\"elementor-heading-title elementor-size-default\">Merkmale<\/h2>\t\t\t\t<\/div>\n\t\t\t\t<\/div>\n\t\t\t\t<div class=\"elementor-element elementor-element-1af4cc68 elementor-widget__width-initial elementor-widget elementor-widget-text-editor\" data-id=\"1af4cc68\" data-element_type=\"widget\" data-e-type=\"widget\" data-settings=\"{&quot;ekit_we_effect_on&quot;:&quot;none&quot;}\" data-widget_type=\"text-editor.default\">\n\t\t\t\t<div class=\"elementor-widget-container\">\n\t\t\t\t\t\t\t\t\t<ul><li>Kompaktes Design: Kompakt, leicht, einfach zu installieren und zu warten, verbessert die Effizienz von Betrieb und Wartung.<\/li><li>Einfache Bedienung: Zum schnellen \u00d6ffnen und Schlie\u00dfen nur eine Drehung um 90 \u00b0 n\u00f6tig, geringes Drehmoment, einfache Bedienung.<\/li><li>Korrosionsbest\u00e4ndigkeit: Die Drosselklappe ist mit PTFE-Material beschichtet, das eine hervorragende Korrosionsbest\u00e4ndigkeit aufweist und f\u00fcr verschiedene Umgebungen geeignet ist.<\/li><li>Hohe Haltbarkeit: Das stiftlose Verbindungsdesign zwischen Drosselklappenplatte und Schaft schlie\u00dft die M\u00f6glichkeit interner Leckagen aus und verbessert die Zuverl\u00e4ssigkeit und Haltbarkeit des Produkts.<\/li><li>Hervorragende Durchflussregulierung: Lange Lebensdauer: Die sph\u00e4rische Drosselklappe verbessert die Dichtungsleistung und verl\u00e4ngert die Lebensdauer des Ventils, sodass auch nach mehr als 50.000 \u00d6ffnen und Schlie\u00dfen des Ventils keine Leckagen auftreten.<\/li><li>Einfache Wartung: Die Dichtungen k\u00f6nnen entsprechend den Anforderungen unterschiedlicher Arbeitsbedingungen modifiziert und entsprechend den Anforderungen des Benutzers mit verschiedenen Beschichtungen bespr\u00fcht werden, um die Korrosions- und Abriebfestigkeit zu verbessern.<\/li><\/ul>\t\t\t\t\t\t\t\t<\/div>\n\t\t\t\t<\/div>\n\t\t\t\t<\/div>\n\t\t\t\t<div class=\"elementor-element elementor-element-8e57110 elementor-widget elementor-widget-image\" data-id=\"8e57110\" data-element_type=\"widget\" data-e-type=\"widget\" data-settings=\"{&quot;ekit_we_effect_on&quot;:&quot;none&quot;}\" data-widget_type=\"image.default\">\n\t\t\t\t<div class=\"elementor-widget-container\">\n\t\t\t\t\t\t\t\t\t\t\t\t\t\t\t<img fetchpriority=\"high\" decoding=\"async\" width=\"768\" height=\"759\" src=\"https:\/\/www.delcofluid.com\/wp-content\/uploads\/2024\/03\/product-finder-graphic-3-x900.jpg\" class=\"attachment-large size-large wp-image-2576\" alt=\"Solenoid Valves\" srcset=\"https:\/\/www.delcofluid.com\/wp-content\/uploads\/2024\/03\/product-finder-graphic-3-x900.jpg 768w, https:\/\/www.delcofluid.com\/wp-content\/uploads\/2024\/03\/product-finder-graphic-3-x900-100x100.jpg 100w, https:\/\/www.delcofluid.com\/wp-content\/uploads\/2024\/03\/product-finder-graphic-3-x900-600x593.jpg 600w, https:\/\/www.delcofluid.com\/wp-content\/uploads\/2024\/03\/product-finder-graphic-3-x900-300x296.jpg 300w\" sizes=\"(max-width: 768px) 100vw, 768px\" \/>\t\t\t\t\t\t\t\t\t\t\t\t\t\t\t<\/div>\n\t\t\t\t<\/div>\n\t\t\t\t\t<\/div>\n\t\t\t\t<\/div>\n\t\t<div class=\"elementor-element elementor-element-a55eeda e-flex e-con-boxed e-con e-parent\" data-id=\"a55eeda\" data-element_type=\"container\" data-e-type=\"container\" data-settings=\"{&quot;background_background&quot;:&quot;classic&quot;,&quot;ekit_has_onepagescroll_dot&quot;:&quot;yes&quot;}\">\n\t\t\t\t\t<div class=\"e-con-inner\">\n\t\t\t\t<div class=\"elementor-element elementor-element-585e9d9 elementor-widget elementor-widget-heading\" data-id=\"585e9d9\" data-element_type=\"widget\" data-e-type=\"widget\" data-settings=\"{&quot;ekit_we_effect_on&quot;:&quot;none&quot;}\" data-widget_type=\"heading.default\">\n\t\t\t\t<div class=\"elementor-widget-container\">\n\t\t\t\t\t<h2 class=\"elementor-heading-title elementor-size-default\">Technische Parameter<\/h2>\t\t\t\t<\/div>\n\t\t\t\t<\/div>\n\t\t\t\t\t<\/div>\n\t\t\t\t<\/div>\n\t\t<div class=\"elementor-element elementor-element-3414eb9 e-con-full e-flex e-con e-parent\" data-id=\"3414eb9\" data-element_type=\"container\" data-e-type=\"container\" data-settings=\"{&quot;background_background&quot;:&quot;classic&quot;,&quot;ekit_has_onepagescroll_dot&quot;:&quot;yes&quot;}\">\n\t\t\t\t<div class=\"elementor-element elementor-element-13df62f elementor-widget__width-initial elementor-widget elementor-widget-text-editor\" data-id=\"13df62f\" data-element_type=\"widget\" data-e-type=\"widget\" data-settings=\"{&quot;ekit_we_effect_on&quot;:&quot;none&quot;}\" data-widget_type=\"text-editor.default\">\n\t\t\t\t<div class=\"elementor-widget-container\">\n\t\t\t\t\t\t\t\t\t<table width=\"855\"><tbody><tr><td width=\"159\">Anschlussgr\u00f6\u00dfe:<\/td><td width=\"205\">\u00a02\u2033 bis 40\u2033<\/td><td width=\"146\">Material:<\/td><td width=\"345\">Gusseisen, Stahlguss, WCB, Edelstahl<\/td><\/tr><tr><td width=\"159\">Druck:<\/td><td>1,0 bis 1,6 MPa<\/td><td width=\"146\">Scheibenmaterial:\u00a0<\/td><td width=\"345\">Edelstahl<\/td><\/tr><tr><td width=\"159\">Garantie:<\/td><td width=\"205\">12 Motten<\/td><td width=\"146\">Funktion:<\/td><td width=\"345\">Handbuch<\/td><\/tr><tr><td width=\"159\">Flanschstandard:<\/td><td width=\"205\">GB, ANSI, JIS, DIN usw.<\/td><td width=\"146\">Geeignete Medien<\/td><td width=\"345\">Luft, Inertgas, \u00d6l, Meerwasser, Wasser und andere Medien.<\/td><\/tr><\/tbody><\/table>\t\t\t\t\t\t\t\t<\/div>\n\t\t\t\t<\/div>\n\t\t\t\t<\/div>\n\t\t<div class=\"elementor-element elementor-element-daef6c8 e-con-full e-flex e-con e-parent\" data-id=\"daef6c8\" data-element_type=\"container\" data-e-type=\"container\" data-settings=\"{&quot;ekit_has_onepagescroll_dot&quot;:&quot;yes&quot;}\">\n\t\t\t\t<div class=\"elementor-element elementor-element-52ddb61 elementor-widget elementor-widget-heading\" data-id=\"52ddb61\" data-element_type=\"widget\" data-e-type=\"widget\" data-settings=\"{&quot;ekit_we_effect_on&quot;:&quot;none&quot;}\" data-widget_type=\"heading.default\">\n\t\t\t\t<div class=\"elementor-widget-container\">\n\t\t\t\t\t<h2 class=\"elementor-heading-title elementor-size-default\">Anwendung<\/h2>\t\t\t\t<\/div>\n\t\t\t\t<\/div>\n\t\t\t\t<div class=\"elementor-element elementor-element-ac1034b elementor-widget elementor-widget-text-editor\" data-id=\"ac1034b\" data-element_type=\"widget\" data-e-type=\"widget\" data-settings=\"{&quot;ekit_we_effect_on&quot;:&quot;none&quot;}\" data-widget_type=\"text-editor.default\">\n\t\t\t\t<div class=\"elementor-widget-container\">\n\t\t\t\t\t\t\t\t\t<p>1.Bei der Handhabung von Fl\u00fcssigkeiten:<br \/>\u00a0Diese Ventile werden in der Chemie- und Lebensmittelindustrie h\u00e4ufig zur Durchflussregulierung und -absperrung eingesetzt und sorgen so f\u00fcr einen reibungslosen Betrieb. In der \u00d6l- und Gasindustrie regeln sie die Durchflussraten in Rohrleitungen und Schmiersystemen und optimieren so die Handhabung von Erd\u00f6lprodukten.<br \/>2. Bei der Pulverhandhabung:<br \/>Die Ventile regeln den Pulverfluss und gew\u00e4hrleisten die Isolierung gegen die Umgebung, was bei der Herstellung von Arzneimitteln und D\u00fcngemitteln von entscheidender Bedeutung ist. In Dampfsystemen regeln sie den Dampffluss in Kraftwerken und Kesseln und erm\u00f6glichen so eine effiziente \u00dcbertragung thermischer Energie.<br \/>3. In der Gasaufbereitung:<br \/>Manuelle Flansch-Absperrklappen regeln den Gasfluss und sperren Medien ab, wodurch ein stabiler Luft- und Inertgastransport gew\u00e4hrleistet wird. Sie sind entscheidend f\u00fcr eine pr\u00e4zise Durchflussregelung und Systemeffizienz. Bei der Wasseraufbereitung steuern sie den Wasserfluss und die Abwasserprozesse und verbessern so die Betriebseffizienz.<br \/>4. In HLK-Systemen:<br \/>Manuelle Flansch-Absperrklappen regeln den Kalt- und Warmwasserfluss und sorgen so f\u00fcr ein optimales Raumklima. In Brandschutzsystemen sind sie f\u00fcr die Steuerung des L\u00f6schwasserflusses von entscheidender Bedeutung. In der landwirtschaftlichen Bew\u00e4sserung regeln diese Ventile den Wasserfluss, um die Effizienz zu verbessern, und in Klimaanlagen steuern sie den K\u00fchl- und Heizwasserfluss.<\/p>\t\t\t\t\t\t\t\t<\/div>\n\t\t\t\t<\/div>\n\t\t\t\t<\/div>\n\t\t\t\t<\/div>","protected":false},"excerpt":{"rendered":"<p>Manuelle Flansch-Absperrklappen sind f\u00fcr ihr kompaktes Design und ihr geringes Gewicht bekannt. Sie lassen sich mit nur einer 90\u00b0-Drehung leicht bedienen und erfordern nur minimales Drehmoment. Ihr Design erm\u00f6glicht eine einfache Demontage und Wartung, wodurch sie vielseitig f\u00fcr verschiedene Installationen einsetzbar sind.<\/p>\n<p>Die Dichtungsstruktur verf\u00fcgt \u00fcber einen Verbundsitz aus PTFE, synthetischem Gummi und Phenolharz f\u00fcr hohe Festigkeit und Elastizit\u00e4t und gew\u00e4hrleistet so eine hervorragende Dichtungsleistung. Die vollst\u00e4ndig PTFE-beschichtete Drosselklappe bietet eine hervorragende Korrosionsbest\u00e4ndigkeit, w\u00e4hrend das stiftlose Design Leckagestellen eliminiert und so die Zuverl\u00e4ssigkeit erh\u00f6ht.<\/p>\n<p>Diese Ventile haben nahezu lineare Durchflusseigenschaften f\u00fcr eine pr\u00e4zise Durchflussregelung und eine sph\u00e4rische Drosselklappenform, die die Abdichtung verbessert und die Lebensdauer verl\u00e4ngert. Austauschbare Dichtungen und anpassbare Verkleidungen f\u00fcr Korrosions- und Abriebfestigkeit gew\u00e4hrleisten eine langfristige Haltbarkeit in unterschiedlichsten Umgebungen.<\/p>\n<p>Modell: Manuelles Flanschventil<br \/>\nGr\u00f6\u00dfenbereich: 2\u2033 bis 40\u2033<br \/>\nDruckbereich: 1,0 bis 1,6 MPa<br \/>\nMaterial: Gusseisen, Stahlguss, WCB, Edelstahl<\/p>","protected":false},"featured_media":7316,"template":"","meta":{"site-sidebar-layout":"default","site-content-layout":"","ast-site-content-layout":"default","site-content-style":"default","site-sidebar-style":"default","ast-global-header-display":"","ast-banner-title-visibility":"","ast-main-header-display":"","ast-hfb-above-header-display":"","ast-hfb-below-header-display":"","ast-hfb-mobile-header-display":"","site-post-title":"","ast-breadcrumbs-content":"","ast-featured-img":"","footer-sml-layout":"","ast-disable-related-posts":"","theme-transparent-header-meta":"default","adv-header-id-meta":"","stick-header-meta":"","header-above-stick-meta":"","header-main-stick-meta":"","header-below-stick-meta":"","astra-migrate-meta-layouts":"set","ast-page-background-enabled":"default","ast-page-background-meta":{"desktop":{"background-color":"var(--ast-global-color-4)","background-image":"","background-repeat":"repeat","background-position":"center center","background-size":"auto","background-attachment":"scroll","background-type":"","background-media":"","overlay-type":"","overlay-color":"","overlay-opacity":"","overlay-gradient":""},"tablet":{"background-color":"","background-image":"","background-repeat":"repeat","background-position":"center center","background-size":"auto","background-attachment":"scroll","background-type":"","background-media":"","overlay-type":"","overlay-color":"","overlay-opacity":"","overlay-gradient":""},"mobile":{"background-color":"","background-image":"","background-repeat":"repeat","background-position":"center center","background-size":"auto","background-attachment":"scroll","background-type":"","background-media":"","overlay-type":"","overlay-color":"","overlay-opacity":"","overlay-gradient":""}},"ast-content-background-meta":{"desktop":{"background-color":"var(--ast-global-color-5)","background-image":"","background-repeat":"repeat","background-position":"center center","background-size":"auto","background-attachment":"scroll","background-type":"","background-media":"","overlay-type":"","overlay-color":"","overlay-opacity":"","overlay-gradient":""},"tablet":{"background-color":"var(--ast-global-color-5)","background-image":"","background-repeat":"repeat","background-position":"center center","background-size":"auto","background-attachment":"scroll","background-type":"","background-media":"","overlay-type":"","overlay-color":"","overlay-opacity":"","overlay-gradient":""},"mobile":{"background-color":"var(--ast-global-color-5)","background-image":"","background-repeat":"repeat","background-position":"center center","background-size":"auto","background-attachment":"scroll","background-type":"","background-media":"","overlay-type":"","overlay-color":"","overlay-opacity":"","overlay-gradient":""}}},"product_brand":[],"product_cat":[706,116,33],"product_tag":[649,176,657,656,261,102,73,56],"class_list":{"0":"post-6347","1":"product","2":"type-product","3":"status-publish","4":"has-post-thumbnail","6":"product_cat-manual-butterfly-valve","7":"product_cat-manual-valves","8":"product_cat-products","9":"product_tag-butterfly-valve-with-handle","10":"product_tag-flange-butterfly-valve","11":"product_tag-flange-butterfly-valve-with-handle","12":"product_tag-manual-flange-butterfly-valve","13":"product_tag-manual-valve","14":"product_tag-manual-valves","15":"product_tag-valve","16":"product_tag-valves","17":"desktop-align-center","18":"tablet-align-left","19":"mobile-align-left","21":"first","22":"instock","23":"shipping-taxable","24":"product-type-simple"},"_links":{"self":[{"href":"https:\/\/www.delcofluid.com\/de\/wp-json\/wp\/v2\/product\/6347","targetHints":{"allow":["GET"]}}],"collection":[{"href":"https:\/\/www.delcofluid.com\/de\/wp-json\/wp\/v2\/product"}],"about":[{"href":"https:\/\/www.delcofluid.com\/de\/wp-json\/wp\/v2\/types\/product"}],"version-history":[{"count":0,"href":"https:\/\/www.delcofluid.com\/de\/wp-json\/wp\/v2\/product\/6347\/revisions"}],"wp:featuredmedia":[{"embeddable":true,"href":"https:\/\/www.delcofluid.com\/de\/wp-json\/wp\/v2\/media\/7316"}],"wp:attachment":[{"href":"https:\/\/www.delcofluid.com\/de\/wp-json\/wp\/v2\/media?parent=6347"}],"wp:term":[{"taxonomy":"product_brand","embeddable":true,"href":"https:\/\/www.delcofluid.com\/de\/wp-json\/wp\/v2\/product_brand?post=6347"},{"taxonomy":"product_cat","embeddable":true,"href":"https:\/\/www.delcofluid.com\/de\/wp-json\/wp\/v2\/product_cat?post=6347"},{"taxonomy":"product_tag","embeddable":true,"href":"https:\/\/www.delcofluid.com\/de\/wp-json\/wp\/v2\/product_tag?post=6347"}],"curies":[{"name":"wp","href":"https:\/\/api.w.org\/{rel}","templated":true}]}}