{"id":6366,"date":"2024-07-02T09:13:18","date_gmt":"2024-07-02T08:13:18","guid":{"rendered":"https:\/\/www.delcofluid.com\/?post_type=product&#038;p=6366"},"modified":"2024-08-09T10:56:01","modified_gmt":"2024-08-09T09:56:01","slug":"manual-fluorine-lined-ball-valve-with-flange","status":"publish","type":"product","link":"https:\/\/www.delcofluid.com\/de\/produkt\/manual-fluorine-lined-ball-valve-with-flange\/","title":{"rendered":"Manueller, mit Fluor ausgekleideter Flanschkugelhahn mit Griff"},"content":{"rendered":"<div data-elementor-type=\"product-post\" data-elementor-id=\"6366\" class=\"elementor elementor-6366\" data-elementor-post-type=\"product\">\n\t\t\t\t<div class=\"elementor-element elementor-element-6fb59a60 e-flex e-con-boxed e-con e-parent\" data-id=\"6fb59a60\" data-element_type=\"container\" data-e-type=\"container\" data-settings=\"{&quot;ekit_has_onepagescroll_dot&quot;:&quot;yes&quot;}\">\n\t\t\t\t\t<div class=\"e-con-inner\">\n\t\t<div class=\"elementor-element elementor-element-b2e102c e-con-full e-flex e-con e-child\" data-id=\"b2e102c\" data-element_type=\"container\" data-e-type=\"container\" data-settings=\"{&quot;ekit_has_onepagescroll_dot&quot;:&quot;yes&quot;}\">\n\t\t\t\t<div class=\"elementor-element elementor-element-4c3cf80 elementor-widget elementor-widget-heading\" data-id=\"4c3cf80\" data-element_type=\"widget\" data-e-type=\"widget\" data-settings=\"{&quot;ekit_we_effect_on&quot;:&quot;none&quot;}\" data-widget_type=\"heading.default\">\n\t\t\t\t<div class=\"elementor-widget-container\">\n\t\t\t\t\t<h2 class=\"elementor-heading-title elementor-size-default\">Merkmale<\/h2>\t\t\t\t<\/div>\n\t\t\t\t<\/div>\n\t\t\t\t<div class=\"elementor-element elementor-element-1af4cc68 elementor-widget__width-initial elementor-widget elementor-widget-text-editor\" data-id=\"1af4cc68\" data-element_type=\"widget\" data-e-type=\"widget\" data-settings=\"{&quot;ekit_we_effect_on&quot;:&quot;none&quot;}\" data-widget_type=\"text-editor.default\">\n\t\t\t\t<div class=\"elementor-widget-container\">\n\t\t\t\t\t\t\t\t\t<ul><li>Kompaktes Design: Das kompakte und effiziente Design minimiert die Mediumr\u00fcckhaltung im Ventilk\u00f6rperhohlraum.<\/li><li>Langlebiger Ventilsitz: Der langlebige, korrosionsbest\u00e4ndige Ventilsitz aus PTFE ist auf leckagefreie Funktion und Isolierung bei geringem Drehmoment ausgelegt.<\/li><li>Hervorragende Korrosionsbest\u00e4ndigkeit: Das Ventil beh\u00e4lt seine stabile Leistung in stark korrosiven Medien wie S\u00e4uren, Basen und Salzen.<\/li><li>Schwimmende Kugelstruktur: Das Ventil verf\u00fcgt \u00fcber eine schwimmende Kugelstruktur, die \u00fcber den gesamten Druckbereich eine leckagefreie Absperrung erreicht und so die Reinigung und Wartung der Rohrleitung erleichtert.<\/li><li>Dichtungstechnologie: Ein spezielles Formverfahren sorgt f\u00fcr eine dichte Dichtfl\u00e4che. In Kombination mit einer PTFE-Dichtung ist das Ventil absolut leckagefrei.<\/li><li>Verbesserte Haltbarkeit: Das kompakte und effiziente Design, kombiniert mit fortschrittlicher Dichtungstechnologie, reduziert die Medienr\u00fcckhaltung und verbessert die Haltbarkeit und Zuverl\u00e4ssigkeit.<\/li><\/ul>\t\t\t\t\t\t\t\t<\/div>\n\t\t\t\t<\/div>\n\t\t\t\t<\/div>\n\t\t\t\t<div class=\"elementor-element elementor-element-8e57110 elementor-widget elementor-widget-image\" data-id=\"8e57110\" data-element_type=\"widget\" data-e-type=\"widget\" data-settings=\"{&quot;ekit_we_effect_on&quot;:&quot;none&quot;}\" data-widget_type=\"image.default\">\n\t\t\t\t<div class=\"elementor-widget-container\">\n\t\t\t\t\t\t\t\t\t\t\t\t\t\t\t<img fetchpriority=\"high\" decoding=\"async\" width=\"768\" height=\"759\" src=\"https:\/\/www.delcofluid.com\/wp-content\/uploads\/2024\/03\/product-finder-graphic-3-x900.jpg\" class=\"attachment-large size-large wp-image-2576\" alt=\"Solenoid Valves\" srcset=\"https:\/\/www.delcofluid.com\/wp-content\/uploads\/2024\/03\/product-finder-graphic-3-x900.jpg 768w, https:\/\/www.delcofluid.com\/wp-content\/uploads\/2024\/03\/product-finder-graphic-3-x900-100x100.jpg 100w, https:\/\/www.delcofluid.com\/wp-content\/uploads\/2024\/03\/product-finder-graphic-3-x900-600x593.jpg 600w, https:\/\/www.delcofluid.com\/wp-content\/uploads\/2024\/03\/product-finder-graphic-3-x900-300x296.jpg 300w\" sizes=\"(max-width: 768px) 100vw, 768px\" \/>\t\t\t\t\t\t\t\t\t\t\t\t\t\t\t<\/div>\n\t\t\t\t<\/div>\n\t\t\t\t\t<\/div>\n\t\t\t\t<\/div>\n\t\t<div class=\"elementor-element elementor-element-a55eeda e-flex e-con-boxed e-con e-parent\" data-id=\"a55eeda\" data-element_type=\"container\" data-e-type=\"container\" data-settings=\"{&quot;background_background&quot;:&quot;classic&quot;,&quot;ekit_has_onepagescroll_dot&quot;:&quot;yes&quot;}\">\n\t\t\t\t\t<div class=\"e-con-inner\">\n\t\t\t\t<div class=\"elementor-element elementor-element-585e9d9 elementor-widget elementor-widget-heading\" data-id=\"585e9d9\" data-element_type=\"widget\" data-e-type=\"widget\" data-settings=\"{&quot;ekit_we_effect_on&quot;:&quot;none&quot;}\" data-widget_type=\"heading.default\">\n\t\t\t\t<div class=\"elementor-widget-container\">\n\t\t\t\t\t<h2 class=\"elementor-heading-title elementor-size-default\">Technische Parameter<\/h2>\t\t\t\t<\/div>\n\t\t\t\t<\/div>\n\t\t\t\t\t<\/div>\n\t\t\t\t<\/div>\n\t\t<div class=\"elementor-element elementor-element-3414eb9 e-con-full e-flex e-con e-parent\" data-id=\"3414eb9\" data-element_type=\"container\" data-e-type=\"container\" data-settings=\"{&quot;background_background&quot;:&quot;classic&quot;,&quot;ekit_has_onepagescroll_dot&quot;:&quot;yes&quot;}\">\n\t\t\t\t<div class=\"elementor-element elementor-element-13df62f elementor-widget__width-initial elementor-widget elementor-widget-text-editor\" data-id=\"13df62f\" data-element_type=\"widget\" data-e-type=\"widget\" data-settings=\"{&quot;ekit_we_effect_on&quot;:&quot;none&quot;}\" data-widget_type=\"text-editor.default\">\n\t\t\t\t<div class=\"elementor-widget-container\">\n\t\t\t\t\t\t\t\t\t<table width=\"855\">\n<tbody>\n<tr>\n<td width=\"159\">Anschlussgr\u00f6\u00dfe:<\/td>\n<td width=\"205\">&nbsp;1\/2\u2033 bis 16\u2033<\/td>\n<td width=\"146\">Material:<\/td>\n<td width=\"345\">Gusseisen, Stahlguss, WCB oder Edelstahl<\/td>\n<\/tr>\n<tr>\n<td width=\"159\">Druck:<\/td>\n<td>1,6 bis 6,4 MPa<\/td>\n<td width=\"146\">Endverbindung:&nbsp;<\/td>\n<td width=\"345\">Flansch<\/td>\n<\/tr>\n<tr>\n<td width=\"159\">Garantie:<\/td>\n<td width=\"205\">12 Motten<\/td>\n<td width=\"146\">Arbeitstemperatur:<\/td>\n<td width=\"345\">PTFE \u2264 180 \u00b0C, Metallsitz \u2264 350 \u00b0C<\/td>\n<\/tr>\n<tr>\n<td width=\"159\">Druckbewertung:<\/td>\n<td width=\"205\">300 LB (150 LB und 600 LB sind optional)<\/td>\n<td width=\"146\">Geeignete Medien<\/td>\n<td width=\"345\">Luft, Inertgas, \u00d6l, Meerwasser, Wasser und andere Medien.<\/td>\n<\/tr>\n<\/tbody>\n<\/table>\t\t\t\t\t\t\t\t<\/div>\n\t\t\t\t<\/div>\n\t\t\t\t<\/div>\n\t\t<div class=\"elementor-element elementor-element-daef6c8 e-con-full e-flex e-con e-parent\" data-id=\"daef6c8\" data-element_type=\"container\" data-e-type=\"container\" data-settings=\"{&quot;ekit_has_onepagescroll_dot&quot;:&quot;yes&quot;}\">\n\t\t\t\t<div class=\"elementor-element elementor-element-52ddb61 elementor-widget elementor-widget-heading\" data-id=\"52ddb61\" data-element_type=\"widget\" data-e-type=\"widget\" data-settings=\"{&quot;ekit_we_effect_on&quot;:&quot;none&quot;}\" data-widget_type=\"heading.default\">\n\t\t\t\t<div class=\"elementor-widget-container\">\n\t\t\t\t\t<h2 class=\"elementor-heading-title elementor-size-default\">Anwendung<\/h2>\t\t\t\t<\/div>\n\t\t\t\t<\/div>\n\t\t\t\t<div class=\"elementor-element elementor-element-ac1034b elementor-widget elementor-widget-text-editor\" data-id=\"ac1034b\" data-element_type=\"widget\" data-e-type=\"widget\" data-settings=\"{&quot;ekit_we_effect_on&quot;:&quot;none&quot;}\" data-widget_type=\"text-editor.default\">\n\t\t\t\t<div class=\"elementor-widget-container\">\n\t\t\t\t\t\t\t\t\t<p>1. Chemische Industrie<br \/>In der chemischen Industrie werden diese Ventile zum Umgang mit \u00e4tzenden Chemikalien verwendet und gew\u00e4hrleisten die Zuverl\u00e4ssigkeit des Pipeline-Betriebs. Sie spielen eine entscheidende Rolle beim Transport, Mischen und Reagieren von Chemikalien und sind so konzipiert, dass sie rauen Umgebungen wie S\u00e4uren, Basen und Salzen standhalten.<br \/>2. Pharmaindustrie<br \/>In der Pharmaindustrie sind diese Ventile ideal f\u00fcr Anwendungen, die hohe Reinheit und zuverl\u00e4ssige Isolierung erfordern. Sie werden im Arzneimittelherstellungsprozess eingesetzt, um Sterilit\u00e4t, Reinheit und eine pr\u00e4zise Kontrolle der Bedingungen zur Vermeidung von Verunreinigungen sicherzustellen.<br \/>3. Lebensmittelindustrie<br \/>In der Lebensmittelindustrie werden manuelle, fluoridbeschichtete Flanschkugelh\u00e4hne f\u00fcr den Umgang mit Lebensmitteln und Getr\u00e4nken eingesetzt. Sie eignen sich f\u00fcr Umgebungen, in denen Hygienebedingungen und Best\u00e4ndigkeit gegen aggressive Reinigungsmittel gefordert sind.<br \/>4. Umweltschutzindustrie<br \/>In der Umweltschutzbranche werden diese Ventile zur Abwasserbewirtschaftung, Schadstoffbehandlung und zur Einhaltung von Umweltvorschriften eingesetzt. Sie sind f\u00fcr eine wirksame Schadstoffbek\u00e4mpfung und Umweltschutzma\u00dfnahmen von entscheidender Bedeutung.<\/p>\t\t\t\t\t\t\t\t<\/div>\n\t\t\t\t<\/div>\n\t\t\t\t<\/div>\n\t\t\t\t<\/div>","protected":false},"excerpt":{"rendered":"<p>Der mit Fluor ausgekleidete Kugelhahn zeichnet sich durch au\u00dfergew\u00f6hnliche chemische Best\u00e4ndigkeit und eine kompakte, gut durchdachte Struktur aus. Durch die Konstruktion mit durchgehender Bohrung und schwimmender Kugel minimiert der Hahn den Hohlraum im Inneren, verringert die Mediumr\u00fcckhaltung und maximiert den Durchfluss. Dies erleichtert das Molchen, Reinigen und Warten des Rohrleitungssystems. Das spezielle Formverfahren sorgt f\u00fcr eine dichte und zuverl\u00e4ssige Dichtfl\u00e4che, die durch die chevronf\u00f6rmige PTFE-Dichtung noch weiter verbessert wird, sodass keine Leckagen entstehen. Der robuste, hochfeste, ausblassichere Schaft begrenzt Verz\u00f6gerungsph\u00e4nomene und gew\u00e4hrleistet einen zuverl\u00e4ssigen Betrieb.<\/p>\n<p>Der langlebige, korrosionsbest\u00e4ndige PTFE-Ventilsitz ist auf null Leckage und geringe Drehmomentisolierung ausgelegt. Metall-Metall-K\u00f6rperverbindungen sch\u00fctzen die verriegelte Auskleidung vor \u00e4u\u00dferen Besch\u00e4digungen und die antistatische Erdungsvorrichtung verhindert statische Aufladung. Der manuelle, mit Fluor ausgekleidete Kugelhahn eignet sich f\u00fcr den Transport von Fl\u00fcssigkeiten und Gasen (einschlie\u00dflich Dampf) in verschiedenen industriellen Rohrleitungen und funktioniert gut in stark korrosiven Medien wie S\u00e4uren und Salzen.<\/p>\n<p>Modell: Mit Fluor ausgekleideter Flanschkugelhahn<br \/>\nGr\u00f6\u00dfenbereich: 1\/2\u2033 bis 16\u2033<br \/>\nDruckbereich: PN1,6, 2,5, 4,0, 6,4 MPa<br \/>\nMaterial: Stahlguss<\/p>","protected":false},"featured_media":7314,"template":"","meta":{"site-sidebar-layout":"default","site-content-layout":"","ast-site-content-layout":"default","site-content-style":"default","site-sidebar-style":"default","ast-global-header-display":"","ast-banner-title-visibility":"","ast-main-header-display":"","ast-hfb-above-header-display":"","ast-hfb-below-header-display":"","ast-hfb-mobile-header-display":"","site-post-title":"","ast-breadcrumbs-content":"","ast-featured-img":"","footer-sml-layout":"","ast-disable-related-posts":"","theme-transparent-header-meta":"default","adv-header-id-meta":"","stick-header-meta":"","header-above-stick-meta":"","header-main-stick-meta":"","header-below-stick-meta":"","astra-migrate-meta-layouts":"set","ast-page-background-enabled":"default","ast-page-background-meta":{"desktop":{"background-color":"var(--ast-global-color-4)","background-image":"","background-repeat":"repeat","background-position":"center center","background-size":"auto","background-attachment":"scroll","background-type":"","background-media":"","overlay-type":"","overlay-color":"","overlay-opacity":"","overlay-gradient":""},"tablet":{"background-color":"","background-image":"","background-repeat":"repeat","background-position":"center center","background-size":"auto","background-attachment":"scroll","background-type":"","background-media":"","overlay-type":"","overlay-color":"","overlay-opacity":"","overlay-gradient":""},"mobile":{"background-color":"","background-image":"","background-repeat":"repeat","background-position":"center center","background-size":"auto","background-attachment":"scroll","background-type":"","background-media":"","overlay-type":"","overlay-color":"","overlay-opacity":"","overlay-gradient":""}},"ast-content-background-meta":{"desktop":{"background-color":"var(--ast-global-color-5)","background-image":"","background-repeat":"repeat","background-position":"center center","background-size":"auto","background-attachment":"scroll","background-type":"","background-media":"","overlay-type":"","overlay-color":"","overlay-opacity":"","overlay-gradient":""},"tablet":{"background-color":"var(--ast-global-color-5)","background-image":"","background-repeat":"repeat","background-position":"center center","background-size":"auto","background-attachment":"scroll","background-type":"","background-media":"","overlay-type":"","overlay-color":"","overlay-opacity":"","overlay-gradient":""},"mobile":{"background-color":"var(--ast-global-color-5)","background-image":"","background-repeat":"repeat","background-position":"center center","background-size":"auto","background-attachment":"scroll","background-type":"","background-media":"","overlay-type":"","overlay-color":"","overlay-opacity":"","overlay-gradient":""}}},"product_brand":[],"product_cat":[705,116,33],"product_tag":[658,659,656,660,261,73,56],"class_list":{"0":"post-6366","1":"product","2":"type-product","3":"status-publish","4":"has-post-thumbnail","6":"product_cat-manual-ball-valve","7":"product_cat-manual-valves","8":"product_cat-products","9":"product_tag-fluorine-lined-ball-valve","10":"product_tag-fluorine-lined-ball-valve-with-flange","11":"product_tag-manual-flange-butterfly-valve","12":"product_tag-manual-fluorine-lined-ball-valve","13":"product_tag-manual-valve","14":"product_tag-valve","15":"product_tag-valves","16":"desktop-align-center","17":"tablet-align-left","18":"mobile-align-left","20":"first","21":"instock","22":"shipping-taxable","23":"product-type-simple"},"_links":{"self":[{"href":"https:\/\/www.delcofluid.com\/de\/wp-json\/wp\/v2\/product\/6366","targetHints":{"allow":["GET"]}}],"collection":[{"href":"https:\/\/www.delcofluid.com\/de\/wp-json\/wp\/v2\/product"}],"about":[{"href":"https:\/\/www.delcofluid.com\/de\/wp-json\/wp\/v2\/types\/product"}],"version-history":[{"count":0,"href":"https:\/\/www.delcofluid.com\/de\/wp-json\/wp\/v2\/product\/6366\/revisions"}],"wp:featuredmedia":[{"embeddable":true,"href":"https:\/\/www.delcofluid.com\/de\/wp-json\/wp\/v2\/media\/7314"}],"wp:attachment":[{"href":"https:\/\/www.delcofluid.com\/de\/wp-json\/wp\/v2\/media?parent=6366"}],"wp:term":[{"taxonomy":"product_brand","embeddable":true,"href":"https:\/\/www.delcofluid.com\/de\/wp-json\/wp\/v2\/product_brand?post=6366"},{"taxonomy":"product_cat","embeddable":true,"href":"https:\/\/www.delcofluid.com\/de\/wp-json\/wp\/v2\/product_cat?post=6366"},{"taxonomy":"product_tag","embeddable":true,"href":"https:\/\/www.delcofluid.com\/de\/wp-json\/wp\/v2\/product_tag?post=6366"}],"curies":[{"name":"wp","href":"https:\/\/api.w.org\/{rel}","templated":true}]}}