{"id":6378,"date":"2024-07-03T04:24:41","date_gmt":"2024-07-03T03:24:41","guid":{"rendered":"https:\/\/www.delcofluid.com\/?post_type=product&#038;p=6378"},"modified":"2024-08-09T10:49:38","modified_gmt":"2024-08-09T09:49:38","slug":"manual-stainless-steel-flange-ball-valve","status":"publish","type":"product","link":"https:\/\/www.delcofluid.com\/de\/produkt\/manual-stainless-steel-flange-ball-valve\/","title":{"rendered":"Manueller 2-teiliger Flanschkugelhahn aus Edelstahl"},"content":{"rendered":"<div data-elementor-type=\"product-post\" data-elementor-id=\"6378\" class=\"elementor elementor-6378\" data-elementor-post-type=\"product\">\n\t\t\t\t<div class=\"elementor-element elementor-element-6fb59a60 e-flex e-con-boxed e-con e-parent\" data-id=\"6fb59a60\" data-element_type=\"container\" data-e-type=\"container\" data-settings=\"{&quot;ekit_has_onepagescroll_dot&quot;:&quot;yes&quot;}\">\n\t\t\t\t\t<div class=\"e-con-inner\">\n\t\t<div class=\"elementor-element elementor-element-b2e102c e-con-full e-flex e-con e-child\" data-id=\"b2e102c\" data-element_type=\"container\" data-e-type=\"container\" data-settings=\"{&quot;ekit_has_onepagescroll_dot&quot;:&quot;yes&quot;}\">\n\t\t\t\t<div class=\"elementor-element elementor-element-4c3cf80 elementor-widget elementor-widget-heading\" data-id=\"4c3cf80\" data-element_type=\"widget\" data-e-type=\"widget\" data-settings=\"{&quot;ekit_we_effect_on&quot;:&quot;none&quot;}\" data-widget_type=\"heading.default\">\n\t\t\t\t<div class=\"elementor-widget-container\">\n\t\t\t\t\t<h2 class=\"elementor-heading-title elementor-size-default\">Merkmale<\/h2>\t\t\t\t<\/div>\n\t\t\t\t<\/div>\n\t\t\t\t<div class=\"elementor-element elementor-element-1af4cc68 elementor-widget__width-initial elementor-widget elementor-widget-text-editor\" data-id=\"1af4cc68\" data-element_type=\"widget\" data-e-type=\"widget\" data-settings=\"{&quot;ekit_we_effect_on&quot;:&quot;none&quot;}\" data-widget_type=\"text-editor.default\">\n\t\t\t\t<div class=\"elementor-widget-container\">\n\t\t\t\t\t\t\t\t\t<ul><li>Schnelle Bedienung: Das Ventil \u00f6ffnet oder schlie\u00dft mit einer 90\u00b0-Drehung des Griffs und erm\u00f6glicht so eine schnelle und effiziente Bedienung.<\/li><li>Einfache Installation: Die kompakte Gr\u00f6\u00dfe und das leichte Design des Ventils machen es langlebig, leicht zu installieren und einfach zu warten.<\/li><li>Hervorragende Dichtungsleistung: Die widerstandsf\u00e4hige Dichtung und das vorkomprimierte Metallsitzdesign gleichen den Verschlei\u00df wirksam aus und gew\u00e4hrleisten so eine langfristig zuverl\u00e4ssige Dichtung.<\/li><li>Lange Lebensdauer: Fluor-Dichtungsmaterial bietet eine hohe Erosionsbest\u00e4ndigkeit f\u00fcr l\u00e4ngere Haltbarkeit in rauen Umgebungen.<\/li><li>Minimaler Str\u00f6mungswiderstand: Das Vollbohrungsdesign stellt sicher, dass Kugeldurchgang, Ventilk\u00f6rperdurchgang und Rohrdurchmesser f\u00fcr minimalen Str\u00f6mungswiderstand ausgerichtet sind und so ein gleichm\u00e4\u00dfiger Fl\u00fcssigkeitsfluss gew\u00e4hrleistet wird.<\/li><li>Vielseitige Einsatzm\u00f6glichkeiten: Dieser Kugelhahn eignet sich f\u00fcr den Transport von Wasser, \u00d6l, Gas und einigen \u00e4tzenden Fl\u00fcssigkeiten. Er unterst\u00fctzt verschiedene Flanschnormen und Dichtfl\u00e4chen und kann manuell oder mit elektrischen, pneumatischen oder hydraulischen Antrieben bedient werden.<\/li><\/ul>\t\t\t\t\t\t\t\t<\/div>\n\t\t\t\t<\/div>\n\t\t\t\t<\/div>\n\t\t\t\t<div class=\"elementor-element elementor-element-8e57110 elementor-widget elementor-widget-image\" data-id=\"8e57110\" data-element_type=\"widget\" data-e-type=\"widget\" data-settings=\"{&quot;ekit_we_effect_on&quot;:&quot;none&quot;}\" data-widget_type=\"image.default\">\n\t\t\t\t<div class=\"elementor-widget-container\">\n\t\t\t\t\t\t\t\t\t\t\t\t\t\t\t<img fetchpriority=\"high\" decoding=\"async\" width=\"768\" height=\"759\" src=\"https:\/\/www.delcofluid.com\/wp-content\/uploads\/2024\/03\/product-finder-graphic-3-x900.jpg\" class=\"attachment-large size-large wp-image-2576\" alt=\"Solenoid Valves\" srcset=\"https:\/\/www.delcofluid.com\/wp-content\/uploads\/2024\/03\/product-finder-graphic-3-x900.jpg 768w, https:\/\/www.delcofluid.com\/wp-content\/uploads\/2024\/03\/product-finder-graphic-3-x900-100x100.jpg 100w, https:\/\/www.delcofluid.com\/wp-content\/uploads\/2024\/03\/product-finder-graphic-3-x900-600x593.jpg 600w, https:\/\/www.delcofluid.com\/wp-content\/uploads\/2024\/03\/product-finder-graphic-3-x900-300x296.jpg 300w\" sizes=\"(max-width: 768px) 100vw, 768px\" \/>\t\t\t\t\t\t\t\t\t\t\t\t\t\t\t<\/div>\n\t\t\t\t<\/div>\n\t\t\t\t\t<\/div>\n\t\t\t\t<\/div>\n\t\t<div class=\"elementor-element elementor-element-a55eeda e-flex e-con-boxed e-con e-parent\" data-id=\"a55eeda\" data-element_type=\"container\" data-e-type=\"container\" data-settings=\"{&quot;background_background&quot;:&quot;classic&quot;,&quot;ekit_has_onepagescroll_dot&quot;:&quot;yes&quot;}\">\n\t\t\t\t\t<div class=\"e-con-inner\">\n\t\t\t\t<div class=\"elementor-element elementor-element-585e9d9 elementor-widget elementor-widget-heading\" data-id=\"585e9d9\" data-element_type=\"widget\" data-e-type=\"widget\" data-settings=\"{&quot;ekit_we_effect_on&quot;:&quot;none&quot;}\" data-widget_type=\"heading.default\">\n\t\t\t\t<div class=\"elementor-widget-container\">\n\t\t\t\t\t<h2 class=\"elementor-heading-title elementor-size-default\">Technische Parameter<\/h2>\t\t\t\t<\/div>\n\t\t\t\t<\/div>\n\t\t\t\t\t<\/div>\n\t\t\t\t<\/div>\n\t\t<div class=\"elementor-element elementor-element-3414eb9 e-con-full e-flex e-con e-parent\" data-id=\"3414eb9\" data-element_type=\"container\" data-e-type=\"container\" data-settings=\"{&quot;background_background&quot;:&quot;classic&quot;,&quot;ekit_has_onepagescroll_dot&quot;:&quot;yes&quot;}\">\n\t\t\t\t<div class=\"elementor-element elementor-element-13df62f elementor-widget__width-initial elementor-widget elementor-widget-text-editor\" data-id=\"13df62f\" data-element_type=\"widget\" data-e-type=\"widget\" data-settings=\"{&quot;ekit_we_effect_on&quot;:&quot;none&quot;}\" data-widget_type=\"text-editor.default\">\n\t\t\t\t<div class=\"elementor-widget-container\">\n\t\t\t\t\t\t\t\t\t<table width=\"855\">\n<tbody>\n<tr>\n<td width=\"159\">Anschlussgr\u00f6\u00dfe:<\/td>\n<td width=\"205\">&nbsp;1\/2\u2033 bis 16\u2033<\/td>\n<td width=\"146\">K\u00f6rpermaterialien:<\/td>\n<td width=\"345\">Edelstahl 304\/316<\/td>\n<\/tr>\n<tr>\n<td width=\"159\">Druck:<\/td>\n<td>1,6 bis 6,4 MPa<\/td>\n<td width=\"146\">Endverbindung:&nbsp;<\/td>\n<td width=\"345\">Flansch<\/td>\n<\/tr>\n<tr>\n<td width=\"159\">Garantie:<\/td>\n<td width=\"205\">12 Motten<\/td>\n<td width=\"146\">Arbeitstemperatur:<\/td>\n<td width=\"345\">PTFE \u2264 180 \u00b0C, Metallsitz \u2264 350 \u00b0C<\/td>\n<\/tr>\n<tr>\n<td width=\"159\">Druckbewertung:<\/td>\n<td width=\"205\">300 LB (150 LB und 600 LB sind optional)<\/td>\n<td width=\"146\">Geeignete Medien<\/td>\n<td width=\"345\">Wasser, \u00d6l, Gas, Luft usw.<\/td>\n<\/tr>\n<\/tbody>\n<\/table>\t\t\t\t\t\t\t\t<\/div>\n\t\t\t\t<\/div>\n\t\t\t\t<\/div>\n\t\t<div class=\"elementor-element elementor-element-daef6c8 e-con-full e-flex e-con e-parent\" data-id=\"daef6c8\" data-element_type=\"container\" data-e-type=\"container\" data-settings=\"{&quot;ekit_has_onepagescroll_dot&quot;:&quot;yes&quot;}\">\n\t\t\t\t<div class=\"elementor-element elementor-element-52ddb61 elementor-widget elementor-widget-heading\" data-id=\"52ddb61\" data-element_type=\"widget\" data-e-type=\"widget\" data-settings=\"{&quot;ekit_we_effect_on&quot;:&quot;none&quot;}\" data-widget_type=\"heading.default\">\n\t\t\t\t<div class=\"elementor-widget-container\">\n\t\t\t\t\t<h2 class=\"elementor-heading-title elementor-size-default\">Anwendung<\/h2>\t\t\t\t<\/div>\n\t\t\t\t<\/div>\n\t\t\t\t<div class=\"elementor-element elementor-element-ac1034b elementor-widget elementor-widget-text-editor\" data-id=\"ac1034b\" data-element_type=\"widget\" data-e-type=\"widget\" data-settings=\"{&quot;ekit_we_effect_on&quot;:&quot;none&quot;}\" data-widget_type=\"text-editor.default\">\n\t\t\t\t<div class=\"elementor-widget-container\">\n\t\t\t\t\t\t\t\t\t<p>1. Chemische Industrie<br \/>In der chemischen Industrie ist dieser Kugelhahn speziell f\u00fcr den Umgang mit hochkorrosiven Chemikalien wie S\u00e4uren, Basen und Salzen konzipiert. Er zeichnet sich durch hohe mechanische Festigkeit und hervorragende Korrosionsbest\u00e4ndigkeit aus und eignet sich daher f\u00fcr den Transport, das Mischen und die Reaktion von Chemikalien.<br \/>2. Pharmazeutische Industrie<br \/>In der Pharmaindustrie sorgt dieses Ventil f\u00fcr eine reine und zuverl\u00e4ssig isolierte Umgebung bei der Arzneimittelherstellung. Es verhindert wirksam Kontaminationen beim Umgang mit Rohstoffen, Zwischenprodukten und Fertigprodukten und sorgt so f\u00fcr eine sterile Umgebung.<br \/>3. Lebensmittelindustrie<br \/>In der Lebensmittelindustrie wird dieses Ventil f\u00fcr den Transport und die Handhabung von Lebensmitteln und Getr\u00e4nken eingesetzt. Es zeichnet sich durch ein hygienisches Design und eine gute Best\u00e4ndigkeit gegen Reinigungsmittel aus und gew\u00e4hrleistet so die Einhaltung der Hygienestandards bei der Lebensmittelverarbeitung.<br \/>4. Umweltschutzindustrie<br \/>In der Umweltschutzbranche wird dieses Ventil zur Abwasserbewirtschaftung, Schadstoffkontrolle und Einhaltung von Umweltvorschriften eingesetzt. Sein korrosionsbest\u00e4ndiges Design und seine robuste Struktur gew\u00e4hrleisten eine effiziente Schadstoffkontrolle und Umweltschutz.<br \/>5. \u00d6l- und Gasindustrie<br \/>In der \u00d6l- und Gasindustrie wird dieses Ventil f\u00fcr den Transport von \u00d6l und Gas sowie verschiedenen Industriefl\u00fcssigkeiten verwendet. Es kann mehrere Medien verarbeiten, darunter Erd\u00f6l, Erdgas und Hochdruckfl\u00fcssigkeiten, und ist somit eine zuverl\u00e4ssige Komponente in Rohrleitungssystemen.<\/p><p>\u00a0<\/p><p>\u00a0<\/p>\t\t\t\t\t\t\t\t<\/div>\n\t\t\t\t<\/div>\n\t\t\t\t<\/div>\n\t\t\t\t<\/div>","protected":false},"excerpt":{"rendered":"<p><strong>Manueller Kugelhahn mit Edelstahlflansch<\/strong> zeichnet sich durch eine kompakte Bauweise, ein ansprechendes Erscheinungsbild und einen geringen Str\u00f6mungswiderstand aus. Sein Verschlussmechanismus besteht aus einer Kugel (oder einer Teilkugel) mit einer Bohrung, die das Ventil durch eine 90\u00b0-Drehung des Ventilschafts \u00f6ffnet oder schlie\u00dft und so den Fl\u00fcssigkeitsfluss effektiv reguliert.<br \/>\nDer Kugelhahn bietet minimalen Str\u00f6mungswiderstand. Wenn ein Kugelhahn mit vollem Durchgang ge\u00f6ffnet ist, sind der Durchmesser des Kugeldurchgangs, des Ventilk\u00f6rperdurchgangs und des Verbindungsrohrs alle ausgerichtet, wodurch ein durchgehender Weg f\u00fcr das Medium nahezu ohne Hindernisse entsteht. Diese Konstruktion stellt sicher, dass der Durchfluss des Mediums effizient und ungehindert ist.<br \/>\nUnter allen Ventiltypen ist der Kugelhahn f\u00fcr seine schnelle Bet\u00e4tigung bekannt. Seine kompakte und leichte Bauweise erleichtert die Installation und Wartung in Rohrleitungssystemen. Die Vollbohrungskonstruktion verbessert diese Effizienz noch weiter; wenn das Ventil vollst\u00e4ndig ge\u00f6ffnet ist, erzeugt die Ausrichtung von Kugel, Ventilk\u00f6rper und Verbindungsrohr einen glatten, ununterbrochenen Str\u00f6mungsweg. Diese au\u00dfergew\u00f6hnliche Durchflussleistung und schnelle Bet\u00e4tigung machen Vollbohrungskugelh\u00e4hne ideal f\u00fcr Anwendungen in der petrochemischen Industrie und bei Langstreckenpipelines.<\/p>\n<p>Modell: Manueller Flanschkugelhahn<br \/>\nGr\u00f6\u00dfenbereich: 1\/2\u2033 bis 16\u2033<br \/>\nDruckbereich: PN1,6, 2,5, 4,0, 6,4 MPa<br \/>\nMaterial: Edelstahl 304 oder Edelstahl 316<\/p>\n<p>&nbsp;<\/p>","protected":false},"featured_media":7310,"template":"","meta":{"site-sidebar-layout":"default","site-content-layout":"","ast-site-content-layout":"default","site-content-style":"default","site-sidebar-style":"default","ast-global-header-display":"","ast-banner-title-visibility":"","ast-main-header-display":"","ast-hfb-above-header-display":"","ast-hfb-below-header-display":"","ast-hfb-mobile-header-display":"","site-post-title":"","ast-breadcrumbs-content":"","ast-featured-img":"","footer-sml-layout":"","ast-disable-related-posts":"","theme-transparent-header-meta":"default","adv-header-id-meta":"","stick-header-meta":"","header-above-stick-meta":"","header-main-stick-meta":"","header-below-stick-meta":"","astra-migrate-meta-layouts":"set","ast-page-background-enabled":"default","ast-page-background-meta":{"desktop":{"background-color":"var(--ast-global-color-4)","background-image":"","background-repeat":"repeat","background-position":"center center","background-size":"auto","background-attachment":"scroll","background-type":"","background-media":"","overlay-type":"","overlay-color":"","overlay-opacity":"","overlay-gradient":""},"tablet":{"background-color":"","background-image":"","background-repeat":"repeat","background-position":"center center","background-size":"auto","background-attachment":"scroll","background-type":"","background-media":"","overlay-type":"","overlay-color":"","overlay-opacity":"","overlay-gradient":""},"mobile":{"background-color":"","background-image":"","background-repeat":"repeat","background-position":"center center","background-size":"auto","background-attachment":"scroll","background-type":"","background-media":"","overlay-type":"","overlay-color":"","overlay-opacity":"","overlay-gradient":""}},"ast-content-background-meta":{"desktop":{"background-color":"var(--ast-global-color-5)","background-image":"","background-repeat":"repeat","background-position":"center center","background-size":"auto","background-attachment":"scroll","background-type":"","background-media":"","overlay-type":"","overlay-color":"","overlay-opacity":"","overlay-gradient":""},"tablet":{"background-color":"var(--ast-global-color-5)","background-image":"","background-repeat":"repeat","background-position":"center center","background-size":"auto","background-attachment":"scroll","background-type":"","background-media":"","overlay-type":"","overlay-color":"","overlay-opacity":"","overlay-gradient":""},"mobile":{"background-color":"var(--ast-global-color-5)","background-image":"","background-repeat":"repeat","background-position":"center center","background-size":"auto","background-attachment":"scroll","background-type":"","background-media":"","overlay-type":"","overlay-color":"","overlay-opacity":"","overlay-gradient":""}}},"product_brand":[],"product_cat":[705,116,33],"product_tag":[214,656,261,661,73,56],"class_list":{"0":"post-6378","1":"product","2":"type-product","3":"status-publish","4":"has-post-thumbnail","6":"product_cat-manual-ball-valve","7":"product_cat-manual-valves","8":"product_cat-products","9":"product_tag-flange-ball-valve","10":"product_tag-manual-flange-butterfly-valve","11":"product_tag-manual-valve","12":"product_tag-stainless-steel-flange-ball-valve","13":"product_tag-valve","14":"product_tag-valves","15":"desktop-align-center","16":"tablet-align-left","17":"mobile-align-left","19":"first","20":"instock","21":"shipping-taxable","22":"product-type-simple"},"_links":{"self":[{"href":"https:\/\/www.delcofluid.com\/de\/wp-json\/wp\/v2\/product\/6378","targetHints":{"allow":["GET"]}}],"collection":[{"href":"https:\/\/www.delcofluid.com\/de\/wp-json\/wp\/v2\/product"}],"about":[{"href":"https:\/\/www.delcofluid.com\/de\/wp-json\/wp\/v2\/types\/product"}],"version-history":[{"count":0,"href":"https:\/\/www.delcofluid.com\/de\/wp-json\/wp\/v2\/product\/6378\/revisions"}],"wp:featuredmedia":[{"embeddable":true,"href":"https:\/\/www.delcofluid.com\/de\/wp-json\/wp\/v2\/media\/7310"}],"wp:attachment":[{"href":"https:\/\/www.delcofluid.com\/de\/wp-json\/wp\/v2\/media?parent=6378"}],"wp:term":[{"taxonomy":"product_brand","embeddable":true,"href":"https:\/\/www.delcofluid.com\/de\/wp-json\/wp\/v2\/product_brand?post=6378"},{"taxonomy":"product_cat","embeddable":true,"href":"https:\/\/www.delcofluid.com\/de\/wp-json\/wp\/v2\/product_cat?post=6378"},{"taxonomy":"product_tag","embeddable":true,"href":"https:\/\/www.delcofluid.com\/de\/wp-json\/wp\/v2\/product_tag?post=6378"}],"curies":[{"name":"wp","href":"https:\/\/api.w.org\/{rel}","templated":true}]}}