{"id":6400,"date":"2024-07-03T07:54:35","date_gmt":"2024-07-03T06:54:35","guid":{"rendered":"https:\/\/www.delcofluid.com\/?post_type=product&#038;p=6400"},"modified":"2024-08-09T10:46:50","modified_gmt":"2024-08-09T09:46:50","slug":"manual-stainless-steel-4-way-flange-ball-valve","status":"publish","type":"product","link":"https:\/\/www.delcofluid.com\/de\/produkt\/manual-stainless-steel-4-way-flange-ball-valve\/","title":{"rendered":"Manueller 4-Wege-Flanschkugelhahn aus Edelstahl"},"content":{"rendered":"<div data-elementor-type=\"product-post\" data-elementor-id=\"6400\" class=\"elementor elementor-6400\" data-elementor-post-type=\"product\">\n\t\t\t\t<div class=\"elementor-element elementor-element-6fb59a60 e-flex e-con-boxed e-con e-parent\" data-id=\"6fb59a60\" data-element_type=\"container\" data-e-type=\"container\" data-settings=\"{&quot;ekit_has_onepagescroll_dot&quot;:&quot;yes&quot;}\">\n\t\t\t\t\t<div class=\"e-con-inner\">\n\t\t<div class=\"elementor-element elementor-element-b2e102c e-con-full e-flex e-con e-child\" data-id=\"b2e102c\" data-element_type=\"container\" data-e-type=\"container\" data-settings=\"{&quot;ekit_has_onepagescroll_dot&quot;:&quot;yes&quot;}\">\n\t\t\t\t<div class=\"elementor-element elementor-element-4c3cf80 elementor-widget elementor-widget-heading\" data-id=\"4c3cf80\" data-element_type=\"widget\" data-e-type=\"widget\" data-settings=\"{&quot;ekit_we_effect_on&quot;:&quot;none&quot;}\" data-widget_type=\"heading.default\">\n\t\t\t\t<div class=\"elementor-widget-container\">\n\t\t\t\t\t<h2 class=\"elementor-heading-title elementor-size-default\">Merkmale<\/h2>\t\t\t\t<\/div>\n\t\t\t\t<\/div>\n\t\t\t\t<div class=\"elementor-element elementor-element-1af4cc68 elementor-widget__width-initial elementor-widget elementor-widget-text-editor\" data-id=\"1af4cc68\" data-element_type=\"widget\" data-e-type=\"widget\" data-settings=\"{&quot;ekit_we_effect_on&quot;:&quot;none&quot;}\" data-widget_type=\"text-editor.default\">\n\t\t\t\t<div class=\"elementor-widget-container\">\n\t\t\t\t\t\t\t\t\t<ul><li>Effiziente Durchflussrichtungsumschaltung: Manuelle 4-Wege-Flanschkugelh\u00e4hne k\u00f6nnen die Durchflussrichtung zweier Medien durch eine einfache 90\u00b0-Drehung schnell umschalten und bieten so eine effiziente und bequeme Steuerungsl\u00f6sung f\u00fcr Anwendungen, die eine Anpassung der Durchflussrichtung erfordern.<\/li><li>Hohe Stabilit\u00e4t und Haltbarkeit: Der Ventilk\u00f6rper wird im Pr\u00e4zisionsgussverfahren hergestellt und mit einer \u00fcbergro\u00dfen Flanschstruktur ausgestattet. Dieses Design verbessert die Stabilit\u00e4t und Haltbarkeit des Ventils erheblich, wodurch eine hervorragende Leistung in verschiedenen Industrieumgebungen gew\u00e4hrleistet werden kann.<\/li><li>Anpassbar an extreme Temperaturbedingungen: Die ummantelte Konstruktion erm\u00f6glicht den Durchfluss von hei\u00dfem Dampf oder \u00d6l durch den Ventilk\u00f6rper, wodurch das Medium in fl\u00fcssigem Zustand bleibt. Dadurch wird den Anforderungen der Produktion unter extremen Temperaturbedingungen entsprochen und es ist besonders geeignet f\u00fcr Prozesse wie die Handhabung von Bitumen und fl\u00fcssigem Schwefel.<\/li><li>Flexible Dichtungsoptionen: Der Ventilk\u00f6rper unterst\u00fctzt sowohl Weichdichtungsl\u00f6sungen als auch bidirektionale Hartdichtungsl\u00f6sungen, die an eine breite Palette industrieller Anwendungen von Raumtemperatur bis hin zu hohen Temperaturen und Dr\u00fccken angepasst werden k\u00f6nnen und flexible Dichtungsl\u00f6sungen bieten.<\/li><li>Vielseitige Erweiterbarkeit: Das Ventil kann vom Vierwege-Flanschkugelhahn abgeleitet werden, um vertikale Dreiwege- und F\u00fcnfwege-Kugelh\u00e4hne zu entwickeln, die ein komplexes Fl\u00fcssigkeitspfaddesign unterst\u00fctzen und f\u00fcr Umleitung, Zusammenf\u00fchrung und andere industrielle Anwendungsszenarien geeignet sind.<\/li><\/ul>\t\t\t\t\t\t\t\t<\/div>\n\t\t\t\t<\/div>\n\t\t\t\t<\/div>\n\t\t\t\t<div class=\"elementor-element elementor-element-8e57110 elementor-widget elementor-widget-image\" data-id=\"8e57110\" data-element_type=\"widget\" data-e-type=\"widget\" data-settings=\"{&quot;ekit_we_effect_on&quot;:&quot;none&quot;}\" data-widget_type=\"image.default\">\n\t\t\t\t<div class=\"elementor-widget-container\">\n\t\t\t\t\t\t\t\t\t\t\t\t\t\t\t<img fetchpriority=\"high\" decoding=\"async\" width=\"768\" height=\"759\" src=\"https:\/\/www.delcofluid.com\/wp-content\/uploads\/2024\/03\/product-finder-graphic-3-x900.jpg\" class=\"attachment-large size-large wp-image-2576\" alt=\"Solenoid Valves\" srcset=\"https:\/\/www.delcofluid.com\/wp-content\/uploads\/2024\/03\/product-finder-graphic-3-x900.jpg 768w, https:\/\/www.delcofluid.com\/wp-content\/uploads\/2024\/03\/product-finder-graphic-3-x900-100x100.jpg 100w, https:\/\/www.delcofluid.com\/wp-content\/uploads\/2024\/03\/product-finder-graphic-3-x900-600x593.jpg 600w, https:\/\/www.delcofluid.com\/wp-content\/uploads\/2024\/03\/product-finder-graphic-3-x900-300x296.jpg 300w\" sizes=\"(max-width: 768px) 100vw, 768px\" \/>\t\t\t\t\t\t\t\t\t\t\t\t\t\t\t<\/div>\n\t\t\t\t<\/div>\n\t\t\t\t\t<\/div>\n\t\t\t\t<\/div>\n\t\t<div class=\"elementor-element elementor-element-a55eeda e-flex e-con-boxed e-con e-parent\" data-id=\"a55eeda\" data-element_type=\"container\" data-e-type=\"container\" data-settings=\"{&quot;background_background&quot;:&quot;classic&quot;,&quot;ekit_has_onepagescroll_dot&quot;:&quot;yes&quot;}\">\n\t\t\t\t\t<div class=\"e-con-inner\">\n\t\t\t\t<div class=\"elementor-element elementor-element-585e9d9 elementor-widget elementor-widget-heading\" data-id=\"585e9d9\" data-element_type=\"widget\" data-e-type=\"widget\" data-settings=\"{&quot;ekit_we_effect_on&quot;:&quot;none&quot;}\" data-widget_type=\"heading.default\">\n\t\t\t\t<div class=\"elementor-widget-container\">\n\t\t\t\t\t<h2 class=\"elementor-heading-title elementor-size-default\">Technische Parameter<\/h2>\t\t\t\t<\/div>\n\t\t\t\t<\/div>\n\t\t\t\t\t<\/div>\n\t\t\t\t<\/div>\n\t\t<div class=\"elementor-element elementor-element-3414eb9 e-con-full e-flex e-con e-parent\" data-id=\"3414eb9\" data-element_type=\"container\" data-e-type=\"container\" data-settings=\"{&quot;background_background&quot;:&quot;classic&quot;,&quot;ekit_has_onepagescroll_dot&quot;:&quot;yes&quot;}\">\n\t\t\t\t<div class=\"elementor-element elementor-element-13df62f elementor-widget__width-initial elementor-widget elementor-widget-text-editor\" data-id=\"13df62f\" data-element_type=\"widget\" data-e-type=\"widget\" data-settings=\"{&quot;ekit_we_effect_on&quot;:&quot;none&quot;}\" data-widget_type=\"text-editor.default\">\n\t\t\t\t<div class=\"elementor-widget-container\">\n\t\t\t\t\t\t\t\t\t<table width=\"855\">\n<tbody>\n<tr>\n<td width=\"159\">Anschlussgr\u00f6\u00dfe:<\/td>\n<td width=\"205\">&nbsp;1\/2\u2033 bis 8\u2033<\/td>\n<td width=\"146\">K\u00f6rpermaterialien:<\/td>\n<td width=\"345\">Edelstahl<\/td>\n<\/tr>\n<tr>\n<td width=\"159\">Druck:<\/td>\n<td>&nbsp;PN1,6, 2,5, 4,0, 6,4 MPa<\/td>\n<td width=\"146\">Endverbindung:&nbsp;<\/td>\n<td width=\"345\">Flansch<\/td>\n<\/tr>\n<tr>\n<td width=\"159\">Garantie:<\/td>\n<td width=\"205\">12 Motten<\/td>\n<td width=\"146\">Arbeitstemperatur:<\/td>\n<td width=\"345\">PTFE \u2264 180 \u00b0C, Metallsitz \u2264 350 \u00b0C<\/td>\n<\/tr>\n<tr>\n<td width=\"159\">Druckbewertung:<\/td>\n<td width=\"205\">300 LB (150 LB und 600 LB sind optional)<\/td>\n<td width=\"146\">Geeignete Medien<\/td>\n<td width=\"345\">Wasser, \u00d6l, Gas, Luft usw.<\/td>\n<\/tr>\n<\/tbody>\n<\/table>\t\t\t\t\t\t\t\t<\/div>\n\t\t\t\t<\/div>\n\t\t\t\t<\/div>\n\t\t<div class=\"elementor-element elementor-element-daef6c8 e-con-full e-flex e-con e-parent\" data-id=\"daef6c8\" data-element_type=\"container\" data-e-type=\"container\" data-settings=\"{&quot;ekit_has_onepagescroll_dot&quot;:&quot;yes&quot;}\">\n\t\t\t\t<div class=\"elementor-element elementor-element-52ddb61 elementor-widget elementor-widget-heading\" data-id=\"52ddb61\" data-element_type=\"widget\" data-e-type=\"widget\" data-settings=\"{&quot;ekit_we_effect_on&quot;:&quot;none&quot;}\" data-widget_type=\"heading.default\">\n\t\t\t\t<div class=\"elementor-widget-container\">\n\t\t\t\t\t<h2 class=\"elementor-heading-title elementor-size-default\">Anwendung<\/h2>\t\t\t\t<\/div>\n\t\t\t\t<\/div>\n\t\t\t\t<div class=\"elementor-element elementor-element-ac1034b elementor-widget elementor-widget-text-editor\" data-id=\"ac1034b\" data-element_type=\"widget\" data-e-type=\"widget\" data-settings=\"{&quot;ekit_we_effect_on&quot;:&quot;none&quot;}\" data-widget_type=\"text-editor.default\">\n\t\t\t\t<div class=\"elementor-widget-container\">\n\t\t\t\t\t\t\t\t\t<p>1. Chemische Industrie<br \/>Der manuelle Vierwege-Flanschkugelhahn wird in der chemischen Industrie zum Lenken des Flusses chemischer Medien, zum Unterst\u00fctzen der Fl\u00fcssigkeitsumschaltung f\u00fcr Reaktoren, Mischtanks und Lagerbeh\u00e4lter und zum Erzielen einer guten Leistung unter verschiedenen Temperatur- und Druckbedingungen verwendet.<br \/>2. Brandschutzsysteme<br \/>In Brandschutzsystemen reguliert das manuelle Vierwege-Flanschkugelventil den Wasserfluss, um den unterschiedlichen Anforderungen der Brandbek\u00e4mpfung gerecht zu werden. Es eignet sich ideal zur Durchflussregelung und zum Umschalten von Rohrleitungen in L\u00f6schwassernetzen und gew\u00e4hrleistet Systemflexibilit\u00e4t und -effektivit\u00e4t.<br \/>3. Zellstoff- und Papierindustrie<br \/>In der Zellstoff- und Papierindustrie steuert dieses Ventil die Zellstoffverarbeitung, die Produktionssteuerung und die Ger\u00e4tewartung. Es eignet sich f\u00fcr den Einsatz in Produktionslinien und Zellstoff-Rohrleitungssystemen, um den Fl\u00fcssigkeitsfluss w\u00e4hrend des gesamten Produktionsprozesses anzupassen.<br \/>4. Versand und Bearbeitung<br \/>In der Schifffahrt und Handhabung steuert das manuelle Vierwege-Flanschkugelventil den Fl\u00fcssigkeitsfluss beim Be- und Entladen von Fracht. Es eignet sich zum Be- und Entladen von Schiffen und zur Frachtverwaltung und optimiert Transport- und Handhabungsprozesse.<\/p>\t\t\t\t\t\t\t\t<\/div>\n\t\t\t\t<\/div>\n\t\t\t\t<\/div>\n\t\t\t\t<\/div>","protected":false},"excerpt":{"rendered":"<p>Das manuelle Vierwege-Flanschkugelventil bietet eine au\u00dfergew\u00f6hnliche Fl\u00fcssigkeitskontrolle. Eine einfache 90\u00b0-Drehung erm\u00f6glicht einen schnellen Wechsel zwischen zwei Medienflussrichtungen f\u00fcr vielseitige Anwendungen. Dieses Design rationalisiert den Betrieb und eignet sich hervorragend f\u00fcr Szenarien, in denen eine Durchflussanpassung erforderlich ist. Der pr\u00e4zisionsgegossene Ventilk\u00f6rper verf\u00fcgt \u00fcber einen \u00fcbergro\u00dfen Flansch, der die Stabilit\u00e4t und Haltbarkeit deutlich verbessert.<\/p>\n<p>Um eine Kristallisation oder Blockierung des Mediums zu verhindern, verf\u00fcgt das Ventil \u00fcber eine ummantelte Struktur, die es erm\u00f6glicht, dass Hochtemperaturdampf oder -\u00f6l \u00fcber den Ventilk\u00f6rper str\u00f6mt. Dadurch bleibt das Medium in fl\u00fcssigem Zustand und ist ideal f\u00fcr Prozesse mit Asphalt oder fl\u00fcssigem Schwefel. Diese Konstruktion gew\u00e4hrleistet einen stabilen und effizienten Betrieb bei extremen Temperaturen.<\/p>\n<p>Dar\u00fcber hinaus bietet das Ventil verschiedene Konfigurationsoptionen, darunter T-Kugeln, schwimmende oder feste Kugeln, feuersicheres Design und antistatische Ger\u00e4te. Optionale abschlie\u00dfbare Griffe und eine ISO 5211-konforme Hochplattform erleichtern die Installation des Antriebs und machen dieses Ventil zu einer vielseitigen Wahl f\u00fcr die Chemie-, \u00d6l- und Gas- sowie Umweltschutzindustrie.<\/p>\n<p>Modell: Manueller Flanschkugelhahn<br \/>\nGr\u00f6\u00dfenbereich: 1\/2\u2033 bis 8\u2033<br \/>\nDruckbereich: PN1,6, 2,5, 4,0, 6,4 MPa<br \/>\nMaterial: Edelstahl 304 oder Edelstahl 316<\/p>\n<p>&nbsp;<\/p>","protected":false},"featured_media":7309,"template":"","meta":{"site-sidebar-layout":"default","site-content-layout":"","ast-site-content-layout":"default","site-content-style":"default","site-sidebar-style":"default","ast-global-header-display":"","ast-banner-title-visibility":"","ast-main-header-display":"","ast-hfb-above-header-display":"","ast-hfb-below-header-display":"","ast-hfb-mobile-header-display":"","site-post-title":"","ast-breadcrumbs-content":"","ast-featured-img":"","footer-sml-layout":"","ast-disable-related-posts":"","theme-transparent-header-meta":"default","adv-header-id-meta":"","stick-header-meta":"","header-above-stick-meta":"","header-main-stick-meta":"","header-below-stick-meta":"","astra-migrate-meta-layouts":"set","ast-page-background-enabled":"default","ast-page-background-meta":{"desktop":{"background-color":"var(--ast-global-color-4)","background-image":"","background-repeat":"repeat","background-position":"center center","background-size":"auto","background-attachment":"scroll","background-type":"","background-media":"","overlay-type":"","overlay-color":"","overlay-opacity":"","overlay-gradient":""},"tablet":{"background-color":"","background-image":"","background-repeat":"repeat","background-position":"center center","background-size":"auto","background-attachment":"scroll","background-type":"","background-media":"","overlay-type":"","overlay-color":"","overlay-opacity":"","overlay-gradient":""},"mobile":{"background-color":"","background-image":"","background-repeat":"repeat","background-position":"center center","background-size":"auto","background-attachment":"scroll","background-type":"","background-media":"","overlay-type":"","overlay-color":"","overlay-opacity":"","overlay-gradient":""}},"ast-content-background-meta":{"desktop":{"background-color":"var(--ast-global-color-5)","background-image":"","background-repeat":"repeat","background-position":"center center","background-size":"auto","background-attachment":"scroll","background-type":"","background-media":"","overlay-type":"","overlay-color":"","overlay-opacity":"","overlay-gradient":""},"tablet":{"background-color":"var(--ast-global-color-5)","background-image":"","background-repeat":"repeat","background-position":"center center","background-size":"auto","background-attachment":"scroll","background-type":"","background-media":"","overlay-type":"","overlay-color":"","overlay-opacity":"","overlay-gradient":""},"mobile":{"background-color":"var(--ast-global-color-5)","background-image":"","background-repeat":"repeat","background-position":"center center","background-size":"auto","background-attachment":"scroll","background-type":"","background-media":"","overlay-type":"","overlay-color":"","overlay-opacity":"","overlay-gradient":""}}},"product_brand":[],"product_cat":[705,116,33],"product_tag":[245,214,261,662,661,73,56],"class_list":{"0":"post-6400","1":"product","2":"type-product","3":"status-publish","4":"has-post-thumbnail","6":"product_cat-manual-ball-valve","7":"product_cat-manual-valves","8":"product_cat-products","9":"product_tag-4-way-ball-valve","10":"product_tag-flange-ball-valve","11":"product_tag-manual-valve","12":"product_tag-stainless-steel-4-way-flange-ball-valve","13":"product_tag-stainless-steel-flange-ball-valve","14":"product_tag-valve","15":"product_tag-valves","16":"desktop-align-center","17":"tablet-align-left","18":"mobile-align-left","20":"first","21":"instock","22":"shipping-taxable","23":"product-type-simple"},"_links":{"self":[{"href":"https:\/\/www.delcofluid.com\/de\/wp-json\/wp\/v2\/product\/6400","targetHints":{"allow":["GET"]}}],"collection":[{"href":"https:\/\/www.delcofluid.com\/de\/wp-json\/wp\/v2\/product"}],"about":[{"href":"https:\/\/www.delcofluid.com\/de\/wp-json\/wp\/v2\/types\/product"}],"version-history":[{"count":0,"href":"https:\/\/www.delcofluid.com\/de\/wp-json\/wp\/v2\/product\/6400\/revisions"}],"wp:featuredmedia":[{"embeddable":true,"href":"https:\/\/www.delcofluid.com\/de\/wp-json\/wp\/v2\/media\/7309"}],"wp:attachment":[{"href":"https:\/\/www.delcofluid.com\/de\/wp-json\/wp\/v2\/media?parent=6400"}],"wp:term":[{"taxonomy":"product_brand","embeddable":true,"href":"https:\/\/www.delcofluid.com\/de\/wp-json\/wp\/v2\/product_brand?post=6400"},{"taxonomy":"product_cat","embeddable":true,"href":"https:\/\/www.delcofluid.com\/de\/wp-json\/wp\/v2\/product_cat?post=6400"},{"taxonomy":"product_tag","embeddable":true,"href":"https:\/\/www.delcofluid.com\/de\/wp-json\/wp\/v2\/product_tag?post=6400"}],"curies":[{"name":"wp","href":"https:\/\/api.w.org\/{rel}","templated":true}]}}