{"id":6422,"date":"2024-07-04T02:14:51","date_gmt":"2024-07-04T01:14:51","guid":{"rendered":"https:\/\/www.delcofluid.com\/?post_type=product&#038;p=6422"},"modified":"2024-08-09T10:42:09","modified_gmt":"2024-08-09T09:42:09","slug":"manual-stainless-steel-3pc-flange-ball-valve","status":"publish","type":"product","link":"https:\/\/www.delcofluid.com\/de\/produkt\/manual-stainless-steel-3pc-flange-ball-valve\/","title":{"rendered":"Manueller 3-teiliger Flanschkugelhahn aus Edelstahl mit Griff"},"content":{"rendered":"<div data-elementor-type=\"product-post\" data-elementor-id=\"6422\" class=\"elementor elementor-6422\" data-elementor-post-type=\"product\">\n\t\t\t\t<div class=\"elementor-element elementor-element-6fb59a60 e-flex e-con-boxed e-con e-parent\" data-id=\"6fb59a60\" data-element_type=\"container\" data-e-type=\"container\" data-settings=\"{&quot;ekit_has_onepagescroll_dot&quot;:&quot;yes&quot;}\">\n\t\t\t\t\t<div class=\"e-con-inner\">\n\t\t<div class=\"elementor-element elementor-element-b2e102c e-con-full e-flex e-con e-child\" data-id=\"b2e102c\" data-element_type=\"container\" data-e-type=\"container\" data-settings=\"{&quot;ekit_has_onepagescroll_dot&quot;:&quot;yes&quot;}\">\n\t\t\t\t<div class=\"elementor-element elementor-element-4c3cf80 elementor-widget elementor-widget-heading\" data-id=\"4c3cf80\" data-element_type=\"widget\" data-e-type=\"widget\" data-settings=\"{&quot;ekit_we_effect_on&quot;:&quot;none&quot;}\" data-widget_type=\"heading.default\">\n\t\t\t\t<div class=\"elementor-widget-container\">\n\t\t\t\t\t<h2 class=\"elementor-heading-title elementor-size-default\">Merkmale<\/h2>\t\t\t\t<\/div>\n\t\t\t\t<\/div>\n\t\t\t\t<div class=\"elementor-element elementor-element-1af4cc68 elementor-widget__width-initial elementor-widget elementor-widget-text-editor\" data-id=\"1af4cc68\" data-element_type=\"widget\" data-e-type=\"widget\" data-settings=\"{&quot;ekit_we_effect_on&quot;:&quot;none&quot;}\" data-widget_type=\"text-editor.default\">\n\t\t\t\t<div class=\"elementor-widget-container\">\n\t\t\t\t\t\t\t\t\t<ul><li>Kompaktes Design: Das kompakte Design erm\u00f6glicht einen effizienten Betrieb auf engstem Raum, w\u00e4hrend das elegante Erscheinungsbild die \u00c4sthetik verbessert und Installation und Wartung vereinfacht.<\/li><li>\u00a0Elegantes Erscheinungsbild: Das Ventil zeichnet sich nicht nur durch seine Funktionalit\u00e4t aus, sondern verf\u00fcgt auch \u00fcber ein elegantes Design, das jedem Rohrleitungssystem eine moderne Note verleiht. Seine glatte Oberfl\u00e4che und die feine Verarbeitung verbessern die allgemeine Optik und behalten gleichzeitig die praktische Funktionalit\u00e4t.<\/li><li>\u00a0Hohe Durchflusskapazit\u00e4t: Das Vollbohrungsdesign richtet den Kugeldurchgang, den Ventilk\u00f6rperdurchgang und den Rohrdurchmesser aus, um einen ungehinderten Durchflussweg zu schaffen und so die Durchflusskapazit\u00e4t der Fl\u00fcssigkeit deutlich zu erh\u00f6hen.<\/li><li>Geringer Str\u00f6mungswiderstand: Das Vollbohrungsdesign minimiert den Str\u00f6mungswiderstand, gew\u00e4hrleistet einen effizienten Fl\u00fcssigkeitsfluss und ist ideal f\u00fcr Anwendungen, die einen geringen Str\u00f6mungswiderstand erfordern.<\/li><li>\u00a0Einfache Wartung: Das modulare Design vereinfacht die Wartung und den Teileaustausch und erm\u00f6glicht eine schnelle und effiziente Instandhaltung, ohne dass die gesamte Pipeline demontiert werden muss.<\/li><li>Benutzerfreundlich: Die leichte Struktur und das benutzerfreundliche Design vereinfachen die Installation und beschleunigen die Wartung, was die allgemeine Benutzerfreundlichkeit verbessert.<\/li><\/ul>\t\t\t\t\t\t\t\t<\/div>\n\t\t\t\t<\/div>\n\t\t\t\t<\/div>\n\t\t\t\t<div class=\"elementor-element elementor-element-8e57110 elementor-widget elementor-widget-image\" data-id=\"8e57110\" data-element_type=\"widget\" data-e-type=\"widget\" data-settings=\"{&quot;ekit_we_effect_on&quot;:&quot;none&quot;}\" data-widget_type=\"image.default\">\n\t\t\t\t<div class=\"elementor-widget-container\">\n\t\t\t\t\t\t\t\t\t\t\t\t\t\t\t<img fetchpriority=\"high\" decoding=\"async\" width=\"768\" height=\"759\" src=\"https:\/\/www.delcofluid.com\/wp-content\/uploads\/2024\/03\/product-finder-graphic-3-x900.jpg\" class=\"attachment-large size-large wp-image-2576\" alt=\"Solenoid Valves\" srcset=\"https:\/\/www.delcofluid.com\/wp-content\/uploads\/2024\/03\/product-finder-graphic-3-x900.jpg 768w, https:\/\/www.delcofluid.com\/wp-content\/uploads\/2024\/03\/product-finder-graphic-3-x900-100x100.jpg 100w, https:\/\/www.delcofluid.com\/wp-content\/uploads\/2024\/03\/product-finder-graphic-3-x900-600x593.jpg 600w, https:\/\/www.delcofluid.com\/wp-content\/uploads\/2024\/03\/product-finder-graphic-3-x900-300x296.jpg 300w\" sizes=\"(max-width: 768px) 100vw, 768px\" \/>\t\t\t\t\t\t\t\t\t\t\t\t\t\t\t<\/div>\n\t\t\t\t<\/div>\n\t\t\t\t\t<\/div>\n\t\t\t\t<\/div>\n\t\t<div class=\"elementor-element elementor-element-a55eeda e-flex e-con-boxed e-con e-parent\" data-id=\"a55eeda\" data-element_type=\"container\" data-e-type=\"container\" data-settings=\"{&quot;background_background&quot;:&quot;classic&quot;,&quot;ekit_has_onepagescroll_dot&quot;:&quot;yes&quot;}\">\n\t\t\t\t\t<div class=\"e-con-inner\">\n\t\t\t\t<div class=\"elementor-element elementor-element-585e9d9 elementor-widget elementor-widget-heading\" data-id=\"585e9d9\" data-element_type=\"widget\" data-e-type=\"widget\" data-settings=\"{&quot;ekit_we_effect_on&quot;:&quot;none&quot;}\" data-widget_type=\"heading.default\">\n\t\t\t\t<div class=\"elementor-widget-container\">\n\t\t\t\t\t<h2 class=\"elementor-heading-title elementor-size-default\">Technische Parameter<\/h2>\t\t\t\t<\/div>\n\t\t\t\t<\/div>\n\t\t\t\t\t<\/div>\n\t\t\t\t<\/div>\n\t\t<div class=\"elementor-element elementor-element-3414eb9 e-con-full e-flex e-con e-parent\" data-id=\"3414eb9\" data-element_type=\"container\" data-e-type=\"container\" data-settings=\"{&quot;background_background&quot;:&quot;classic&quot;,&quot;ekit_has_onepagescroll_dot&quot;:&quot;yes&quot;}\">\n\t\t\t\t<div class=\"elementor-element elementor-element-13df62f elementor-widget__width-initial elementor-widget elementor-widget-text-editor\" data-id=\"13df62f\" data-element_type=\"widget\" data-e-type=\"widget\" data-settings=\"{&quot;ekit_we_effect_on&quot;:&quot;none&quot;}\" data-widget_type=\"text-editor.default\">\n\t\t\t\t<div class=\"elementor-widget-container\">\n\t\t\t\t\t\t\t\t\t<table width=\"855\">\n<tbody>\n<tr>\n<td width=\"159\">Anschlussgr\u00f6\u00dfe:<\/td>\n<td width=\"205\">&nbsp;1\/2\u2033 bis 12\u2033<\/td>\n<td width=\"146\">K\u00f6rpermaterialien:<\/td>\n<td width=\"345\">Edelstahl<\/td>\n<\/tr>\n<tr>\n<td width=\"159\">Druck:<\/td>\n<td>1,6 MPa bis 6,4 MPa<br><\/td>\n<td width=\"146\">Endverbindung:&nbsp;<\/td>\n<td width=\"345\">Flansch<\/td>\n<\/tr>\n<tr>\n<td width=\"159\">Garantie:<\/td>\n<td width=\"205\">12 Motten<\/td>\n<td width=\"146\">Arbeitstemperatur:<\/td>\n<td width=\"345\">PTFE \u2264 180 \u00b0C, Metallsitz \u2264 350 \u00b0C<\/td>\n<\/tr>\n<tr>\n<td width=\"159\">Druckbewertung:<\/td>\n<td width=\"205\">300 LB (150 LB und 600 LB sind optional)<\/td>\n<td width=\"146\">Optionale Bet\u00e4tigung<\/td>\n<td width=\"345\">Pneumatisch oder elektrisch bet\u00e4tigt<\/td>\n<\/tr>\n<\/tbody>\n<\/table>\t\t\t\t\t\t\t\t<\/div>\n\t\t\t\t<\/div>\n\t\t\t\t<\/div>\n\t\t<div class=\"elementor-element elementor-element-daef6c8 e-con-full e-flex e-con e-parent\" data-id=\"daef6c8\" data-element_type=\"container\" data-e-type=\"container\" data-settings=\"{&quot;ekit_has_onepagescroll_dot&quot;:&quot;yes&quot;}\">\n\t\t\t\t<div class=\"elementor-element elementor-element-52ddb61 elementor-widget elementor-widget-heading\" data-id=\"52ddb61\" data-element_type=\"widget\" data-e-type=\"widget\" data-settings=\"{&quot;ekit_we_effect_on&quot;:&quot;none&quot;}\" data-widget_type=\"heading.default\">\n\t\t\t\t<div class=\"elementor-widget-container\">\n\t\t\t\t\t<h2 class=\"elementor-heading-title elementor-size-default\">Anwendung<\/h2>\t\t\t\t<\/div>\n\t\t\t\t<\/div>\n\t\t\t\t<div class=\"elementor-element elementor-element-ac1034b elementor-widget elementor-widget-text-editor\" data-id=\"ac1034b\" data-element_type=\"widget\" data-e-type=\"widget\" data-settings=\"{&quot;ekit_we_effect_on&quot;:&quot;none&quot;}\" data-widget_type=\"text-editor.default\">\n\t\t\t\t<div class=\"elementor-widget-container\">\n\t\t\t\t\t\t\t\t\t<p>1. Wasseraufbereitungsindustrie<br \/>Geeignet f\u00fcr die kommunale Wasserversorgung, industrielle Wasserk\u00fchlsysteme und Geb\u00e4udewasserversorgungsleitungen, um einen stabilen und kontrollierbaren Wasserfluss zu gew\u00e4hrleisten.<br \/>2. Energie- und Petrochemieindustrie<br \/>Ideal f\u00fcr den Transport von Dampf und \u00d6l, f\u00fcr hohe Temperaturen und hohen Druck ausgelegt und f\u00fcr die Handhabung einer Vielzahl von Medien geeignet.<br \/>3. Chemische Industrie<br \/>Ideal f\u00fcr den Umgang mit chemischen Medien wie Salpeter- und Essigs\u00e4ure und bietet hervorragende Korrosionsbest\u00e4ndigkeit.<br \/>4. Lebensmittelindustrie<br \/>Perfekt f\u00fcr die Lebensmittelproduktion und Getr\u00e4nkeverarbeitung, erf\u00fcllt strenge Hygienestandards, um die Sicherheit und Reinheit der Fl\u00fcssigkeiten zu gew\u00e4hrleisten.<br \/>5. Pharmaindustrie<br \/>Entwickelt f\u00fcr pharmazeutische Herstellungsprozesse, um hygienische Bedingungen zu gew\u00e4hrleisten und eine hohe Fl\u00fcssigkeitsqualit\u00e4t aufrechtzuerhalten.<br \/>6. Hochdrucksysteme<br \/>Geeignet f\u00fcr Hochdruckleitungen und -ger\u00e4te und ausgelegt auf die Anforderungen des Hochdruckfl\u00fcssigkeitstransports.<br \/>7. Wartung und Reinigung<br \/>Das Design erm\u00f6glicht eine einfache Demontage, Wartung und Reinigung und ist ideal f\u00fcr Umgebungen, in denen h\u00e4ufige Wartung erforderlich ist.<\/p>\t\t\t\t\t\t\t\t<\/div>\n\t\t\t\t<\/div>\n\t\t\t\t<\/div>\n\t\t\t\t<\/div>","protected":false},"excerpt":{"rendered":"<p>Das manuelle 3-teilige Flanschkugelventil besteht aus drei Hauptkomponenten: einem Ventilk\u00f6rper und zwei Endkappen. Sein kompaktes Design, sein attraktives Erscheinungsbild und sein geringer Str\u00f6mungswiderstand machen es sehr beliebt. Das Ventil verf\u00fcgt \u00fcber eine perforierte Kugelstruktur, die eine Fl\u00fcssigkeitsregulierung durch eine einfache 90\u00b0-Drehung des Ventilschafts erm\u00f6glicht und so eine effiziente Steuerung gew\u00e4hrleistet.<\/p>\n<p>Dieser Ventiltyp bietet minimalen Str\u00f6mungswiderstand, insbesondere bei einer Vollbohrung. Bei voller \u00d6ffnung richten sich die Durchmesser des Kugeldurchgangs, des Ventilk\u00f6rperdurchgangs und des Verbindungsrohrs so aus, dass ein ungehinderter Kanal entsteht, der einen effizienten Durchfluss erm\u00f6glicht.<\/p>\n<p>Dank seiner schnellen Bet\u00e4tigung ist der 3-teilige Flanschkugelhahn kompakt und leicht und erm\u00f6glicht eine einfache Installation und Wartung. Er ist f\u00fcr verschiedene Medien geeignet, darunter Wasser, Dampf, \u00d6l, Salpeters\u00e4ure und Essigs\u00e4ure. Das Ventil eignet sich besonders gut f\u00fcr Hochdrucksysteme oder Anwendungen, die h\u00e4ufige Wartung und Reinigung erfordern. Aufgrund seiner einfachen Wartung und Reinigung ist es ideal f\u00fcr komplexe Bedingungen und Umgebungen mit hohen Standards, insbesondere in Branchen mit strengen Hygieneanforderungen wie der Lebensmittelverarbeitung und der Pharmaindustrie.<\/p>\n<p>Modell: Manueller Flanschkugelhahn<br \/>\nGr\u00f6\u00dfenbereich: 1\/2\u2033 bis 12\u2033<br \/>\nDruckbereich: PN1,6, 2,5, 4,0, 6,4 MPa<br \/>\nMaterial: Edelstahl 304 oder Edelstahl 316<\/p>\n<p>&nbsp;<\/p>","protected":false},"featured_media":7304,"template":"","meta":{"site-sidebar-layout":"default","site-content-layout":"","ast-site-content-layout":"default","site-content-style":"default","site-sidebar-style":"default","ast-global-header-display":"","ast-banner-title-visibility":"","ast-main-header-display":"","ast-hfb-above-header-display":"","ast-hfb-below-header-display":"","ast-hfb-mobile-header-display":"","site-post-title":"","ast-breadcrumbs-content":"","ast-featured-img":"","footer-sml-layout":"","ast-disable-related-posts":"","theme-transparent-header-meta":"default","adv-header-id-meta":"","stick-header-meta":"","header-above-stick-meta":"","header-main-stick-meta":"","header-below-stick-meta":"","astra-migrate-meta-layouts":"set","ast-page-background-enabled":"default","ast-page-background-meta":{"desktop":{"background-color":"var(--ast-global-color-4)","background-image":"","background-repeat":"repeat","background-position":"center center","background-size":"auto","background-attachment":"scroll","background-type":"","background-media":"","overlay-type":"","overlay-color":"","overlay-opacity":"","overlay-gradient":""},"tablet":{"background-color":"","background-image":"","background-repeat":"repeat","background-position":"center center","background-size":"auto","background-attachment":"scroll","background-type":"","background-media":"","overlay-type":"","overlay-color":"","overlay-opacity":"","overlay-gradient":""},"mobile":{"background-color":"","background-image":"","background-repeat":"repeat","background-position":"center center","background-size":"auto","background-attachment":"scroll","background-type":"","background-media":"","overlay-type":"","overlay-color":"","overlay-opacity":"","overlay-gradient":""}},"ast-content-background-meta":{"desktop":{"background-color":"var(--ast-global-color-5)","background-image":"","background-repeat":"repeat","background-position":"center center","background-size":"auto","background-attachment":"scroll","background-type":"","background-media":"","overlay-type":"","overlay-color":"","overlay-opacity":"","overlay-gradient":""},"tablet":{"background-color":"var(--ast-global-color-5)","background-image":"","background-repeat":"repeat","background-position":"center center","background-size":"auto","background-attachment":"scroll","background-type":"","background-media":"","overlay-type":"","overlay-color":"","overlay-opacity":"","overlay-gradient":""},"mobile":{"background-color":"var(--ast-global-color-5)","background-image":"","background-repeat":"repeat","background-position":"center center","background-size":"auto","background-attachment":"scroll","background-type":"","background-media":"","overlay-type":"","overlay-color":"","overlay-opacity":"","overlay-gradient":""}}},"product_brand":[],"product_cat":[705,116,33],"product_tag":[663,214,656,261,661,73,56],"class_list":{"0":"post-6422","1":"product","2":"type-product","3":"status-publish","4":"has-post-thumbnail","6":"product_cat-manual-ball-valve","7":"product_cat-manual-valves","8":"product_cat-products","9":"product_tag-3pc-flange-ball-valve","10":"product_tag-flange-ball-valve","11":"product_tag-manual-flange-butterfly-valve","12":"product_tag-manual-valve","13":"product_tag-stainless-steel-flange-ball-valve","14":"product_tag-valve","15":"product_tag-valves","16":"desktop-align-center","17":"tablet-align-left","18":"mobile-align-left","20":"first","21":"instock","22":"shipping-taxable","23":"product-type-simple"},"_links":{"self":[{"href":"https:\/\/www.delcofluid.com\/de\/wp-json\/wp\/v2\/product\/6422","targetHints":{"allow":["GET"]}}],"collection":[{"href":"https:\/\/www.delcofluid.com\/de\/wp-json\/wp\/v2\/product"}],"about":[{"href":"https:\/\/www.delcofluid.com\/de\/wp-json\/wp\/v2\/types\/product"}],"version-history":[{"count":0,"href":"https:\/\/www.delcofluid.com\/de\/wp-json\/wp\/v2\/product\/6422\/revisions"}],"wp:featuredmedia":[{"embeddable":true,"href":"https:\/\/www.delcofluid.com\/de\/wp-json\/wp\/v2\/media\/7304"}],"wp:attachment":[{"href":"https:\/\/www.delcofluid.com\/de\/wp-json\/wp\/v2\/media?parent=6422"}],"wp:term":[{"taxonomy":"product_brand","embeddable":true,"href":"https:\/\/www.delcofluid.com\/de\/wp-json\/wp\/v2\/product_brand?post=6422"},{"taxonomy":"product_cat","embeddable":true,"href":"https:\/\/www.delcofluid.com\/de\/wp-json\/wp\/v2\/product_cat?post=6422"},{"taxonomy":"product_tag","embeddable":true,"href":"https:\/\/www.delcofluid.com\/de\/wp-json\/wp\/v2\/product_tag?post=6422"}],"curies":[{"name":"wp","href":"https:\/\/api.w.org\/{rel}","templated":true}]}}