{"id":6438,"date":"2024-07-04T04:24:05","date_gmt":"2024-07-04T03:24:05","guid":{"rendered":"https:\/\/www.delcofluid.com\/?post_type=product&#038;p=6438"},"modified":"2024-07-17T07:12:37","modified_gmt":"2024-07-17T06:12:37","slug":"manual-stainless-steel-3-way-full-bore-flange-ball-valve","status":"publish","type":"product","link":"https:\/\/www.delcofluid.com\/de\/produkt\/manual-stainless-steel-3-way-full-bore-flange-ball-valve\/","title":{"rendered":"Manueller 3-Wege-Kugelhahn aus Edelstahl mit voller Bohrung und Flansch"},"content":{"rendered":"<div data-elementor-type=\"product-post\" data-elementor-id=\"6438\" class=\"elementor elementor-6438\" data-elementor-post-type=\"product\">\n\t\t\t\t<div class=\"elementor-element elementor-element-6fb59a60 e-con-full e-flex e-con e-parent\" data-id=\"6fb59a60\" data-element_type=\"container\" data-e-type=\"container\" data-settings=\"{&quot;ekit_has_onepagescroll_dot&quot;:&quot;yes&quot;}\">\n\t\t<div class=\"elementor-element elementor-element-b2e102c e-con-full e-flex e-con e-child\" data-id=\"b2e102c\" data-element_type=\"container\" data-e-type=\"container\" data-settings=\"{&quot;ekit_has_onepagescroll_dot&quot;:&quot;yes&quot;}\">\n\t\t\t\t<div class=\"elementor-element elementor-element-4c3cf80 elementor-widget elementor-widget-heading\" data-id=\"4c3cf80\" data-element_type=\"widget\" data-e-type=\"widget\" data-settings=\"{&quot;ekit_we_effect_on&quot;:&quot;none&quot;}\" data-widget_type=\"heading.default\">\n\t\t\t\t<div class=\"elementor-widget-container\">\n\t\t\t\t\t<h2 class=\"elementor-heading-title elementor-size-default\">Merkmale<\/h2>\t\t\t\t<\/div>\n\t\t\t\t<\/div>\n\t\t\t\t<div class=\"elementor-element elementor-element-1af4cc68 elementor-widget__width-initial elementor-widget elementor-widget-text-editor\" data-id=\"1af4cc68\" data-element_type=\"widget\" data-e-type=\"widget\" data-settings=\"{&quot;ekit_we_effect_on&quot;:&quot;none&quot;}\" data-widget_type=\"text-editor.default\">\n\t\t\t\t<div class=\"elementor-widget-container\">\n\t\t\t\t\t\t\t\t\t<ul><li>Kompakte Bauweise: Dieses Ventil zeichnet sich durch ein kompaktes Design aus, das auch auf engstem Raum effizient funktioniert. Sein schlankes, modernes Erscheinungsbild verbessert sowohl die \u00c4sthetik als auch die Funktionalit\u00e4t.<\/li><li>Hervorragende Dichtungsleistung: Ausgestattet mit langlebigen PTFE-Dichtungen gew\u00e4hrleistet dieses Ventil einen langfristig dichten Betrieb unter Hochdruck- und Hochtemperaturbedingungen.<\/li><li>Hohe Durchflusskapazit\u00e4t: Das Vollbohrungsdesign minimiert den Durchflusswiderstand und erm\u00f6glicht so eine effiziente und unterbrechungsfreie Fl\u00fcssigkeits\u00fcbertragung.<\/li><li>Geringer Str\u00f6mungswiderstand: Die stromlinienf\u00f6rmige Konstruktion des Ventils sorgt f\u00fcr eine hohe Str\u00f6mungseffizienz bei minimaler Behinderung.<\/li><li>Einfache Wartung: Das modulare Design erm\u00f6glicht eine unkomplizierte Demontage und Wartung, sodass nicht die gesamte Rohrleitung entfernt werden muss.<\/li><li>Vielseitige Fl\u00fcssigkeitskontrolle: Manuelle 3-Wege-Flanschkugelh\u00e4hne bieten flexible L\u00f6sungen zum Umschalten, Umleiten und Kombinieren von Str\u00f6mungsverh\u00e4ltnissen und sind daher ideal f\u00fcr komplexe industrielle Anwendungen.<\/li><\/ul>\t\t\t\t\t\t\t\t<\/div>\n\t\t\t\t<\/div>\n\t\t\t\t<\/div>\n\t\t\t\t<div class=\"elementor-element elementor-element-8e57110 elementor-widget elementor-widget-image\" data-id=\"8e57110\" data-element_type=\"widget\" data-e-type=\"widget\" data-settings=\"{&quot;ekit_we_effect_on&quot;:&quot;none&quot;}\" data-widget_type=\"image.default\">\n\t\t\t\t<div class=\"elementor-widget-container\">\n\t\t\t\t\t\t\t\t\t\t\t\t\t\t\t<img fetchpriority=\"high\" decoding=\"async\" width=\"768\" height=\"759\" src=\"https:\/\/www.delcofluid.com\/wp-content\/uploads\/2024\/03\/product-finder-graphic-3-x900.jpg\" class=\"attachment-large size-large wp-image-2576\" alt=\"Solenoid Valves\" srcset=\"https:\/\/www.delcofluid.com\/wp-content\/uploads\/2024\/03\/product-finder-graphic-3-x900.jpg 768w, https:\/\/www.delcofluid.com\/wp-content\/uploads\/2024\/03\/product-finder-graphic-3-x900-100x100.jpg 100w, https:\/\/www.delcofluid.com\/wp-content\/uploads\/2024\/03\/product-finder-graphic-3-x900-600x593.jpg 600w, https:\/\/www.delcofluid.com\/wp-content\/uploads\/2024\/03\/product-finder-graphic-3-x900-300x296.jpg 300w\" sizes=\"(max-width: 768px) 100vw, 768px\" \/>\t\t\t\t\t\t\t\t\t\t\t\t\t\t\t<\/div>\n\t\t\t\t<\/div>\n\t\t\t\t<\/div>\n\t\t<div class=\"elementor-element elementor-element-a55eeda e-flex e-con-boxed e-con e-parent\" data-id=\"a55eeda\" data-element_type=\"container\" data-e-type=\"container\" data-settings=\"{&quot;background_background&quot;:&quot;classic&quot;,&quot;ekit_has_onepagescroll_dot&quot;:&quot;yes&quot;}\">\n\t\t\t\t\t<div class=\"e-con-inner\">\n\t\t\t\t<div class=\"elementor-element elementor-element-585e9d9 elementor-widget elementor-widget-heading\" data-id=\"585e9d9\" data-element_type=\"widget\" data-e-type=\"widget\" data-settings=\"{&quot;ekit_we_effect_on&quot;:&quot;none&quot;}\" data-widget_type=\"heading.default\">\n\t\t\t\t<div class=\"elementor-widget-container\">\n\t\t\t\t\t<h2 class=\"elementor-heading-title elementor-size-default\">Technische Parameter<\/h2>\t\t\t\t<\/div>\n\t\t\t\t<\/div>\n\t\t\t\t\t<\/div>\n\t\t\t\t<\/div>\n\t\t<div class=\"elementor-element elementor-element-3414eb9 e-con-full e-flex e-con e-parent\" data-id=\"3414eb9\" data-element_type=\"container\" data-e-type=\"container\" data-settings=\"{&quot;background_background&quot;:&quot;classic&quot;,&quot;ekit_has_onepagescroll_dot&quot;:&quot;yes&quot;}\">\n\t\t\t\t<div class=\"elementor-element elementor-element-13df62f elementor-widget__width-initial elementor-widget elementor-widget-text-editor\" data-id=\"13df62f\" data-element_type=\"widget\" data-e-type=\"widget\" data-settings=\"{&quot;ekit_we_effect_on&quot;:&quot;none&quot;}\" data-widget_type=\"text-editor.default\">\n\t\t\t\t<div class=\"elementor-widget-container\">\n\t\t\t\t\t\t\t\t\t<table width=\"855\"><tbody><tr><td width=\"159\">Anschlussgr\u00f6\u00dfe:<\/td><td width=\"205\">\u00a01\/2\u2033 bis 16\u2033<\/td><td width=\"146\">K\u00f6rpermaterialien:<\/td><td width=\"345\">Edelstahl<\/td><\/tr><tr><td width=\"159\">Druck:<\/td><td>\u00a0PN1,6, 2,5, 4,0, 6,4 MPa<\/td><td width=\"146\">Endverbindung:\u00a0<\/td><td width=\"345\">Flansch<\/td><\/tr><tr><td width=\"159\">Garantie:<\/td><td width=\"205\">12 Motten<\/td><td width=\"146\">Arbeitstemperatur:<\/td><td width=\"345\">PTFE \u2264 180 \u00b0C, Metallsitz \u2264 350 \u00b0C<\/td><\/tr><tr><td width=\"159\">Druckbewertung:<\/td><td width=\"205\">150 LB (300 LB und 600 LB sind optional)<\/td><td width=\"146\">Geeignete Medien<\/td><td width=\"345\">Wasser, \u00d6l, Gas, Luft usw.<\/td><\/tr><\/tbody><\/table>\t\t\t\t\t\t\t\t<\/div>\n\t\t\t\t<\/div>\n\t\t\t\t<\/div>\n\t\t<div class=\"elementor-element elementor-element-daef6c8 e-con-full e-flex e-con e-parent\" data-id=\"daef6c8\" data-element_type=\"container\" data-e-type=\"container\" data-settings=\"{&quot;ekit_has_onepagescroll_dot&quot;:&quot;yes&quot;}\">\n\t\t\t\t<div class=\"elementor-element elementor-element-52ddb61 elementor-widget elementor-widget-heading\" data-id=\"52ddb61\" data-element_type=\"widget\" data-e-type=\"widget\" data-settings=\"{&quot;ekit_we_effect_on&quot;:&quot;none&quot;}\" data-widget_type=\"heading.default\">\n\t\t\t\t<div class=\"elementor-widget-container\">\n\t\t\t\t\t<h2 class=\"elementor-heading-title elementor-size-default\">Anwendung<\/h2>\t\t\t\t<\/div>\n\t\t\t\t<\/div>\n\t\t\t\t<div class=\"elementor-element elementor-element-ac1034b elementor-widget elementor-widget-text-editor\" data-id=\"ac1034b\" data-element_type=\"widget\" data-e-type=\"widget\" data-settings=\"{&quot;ekit_we_effect_on&quot;:&quot;none&quot;}\" data-widget_type=\"text-editor.default\">\n\t\t\t\t<div class=\"elementor-widget-container\">\n\t\t\t\t\t\t\t\t\t<p>1. Wasseraufbereitungsindustrie<br \/>Wird in kommunalen Wasserversorgungssystemen, industriellen K\u00fchlprozessen und Geb\u00e4udepipelines verwendet, um einen stabilen und kontrollierbaren Wasserfluss zu gew\u00e4hrleisten.<br \/>2. Energie- und Petrochemieindustrie<br \/>Ideal f\u00fcr den Transport von Dampf, \u00d6l und Gas. Ausgelegt auf hohe Temperaturen und Dr\u00fccke, daher f\u00fcr verschiedene Medien geeignet.<br \/>3. Chemische Industrie<br \/>Perfekt f\u00fcr \u00e4tzende Chemikalien wie Salpeters\u00e4ure und Essigs\u00e4ure und bietet hervorragende Korrosionsbest\u00e4ndigkeit.<br \/>4. Lebensmittelindustrie<br \/>Unverzichtbar bei der Lebensmittelproduktion und Getr\u00e4nkeverarbeitung. Einhaltung strenger Hygienestandards zur Gew\u00e4hrleistung der Sicherheit und Reinheit der Fl\u00fcssigkeiten.<br \/>5. Pharmaindustrie<br \/>Anwendbar in der Arzneimittelproduktion, zur Aufrechterhaltung hygienischer Bedingungen und Gew\u00e4hrleistung der Fl\u00fcssigkeitsqualit\u00e4t.<br \/>6. Hochdrucksysteme<br \/>Konstruiert f\u00fcr Hochdruckleitungen und -ger\u00e4te und erf\u00fcllt die Anforderungen des Hochdruckfl\u00fcssigkeitstransports.<\/p>\t\t\t\t\t\t\t\t<\/div>\n\t\t\t\t<\/div>\n\t\t\t\t<\/div>\n\t\t\t\t<\/div>","protected":false},"excerpt":{"rendered":"<p>Der manuelle 3-Wege-Flanschkugelhahn ist ein vielseitiges Industrieventil zum Umschalten, Umleiten und Zusammenf\u00fchren von Fl\u00fcssigkeitsstr\u00f6men. Zu seinen Hauptkomponenten geh\u00f6ren ein K\u00f6rper aus hochfestem Gussstahl oder Edelstahl, eine verschlei\u00dffeste Kugel und eine korrosionsbest\u00e4ndige PTFE-Dichtung, die durch einfache manuelle Bedienung eine effiziente Fl\u00fcssigkeitssteuerung zwischen zwei Einl\u00e4ssen und einem Auslass erm\u00f6glichen.<\/p>\n<p>Dieses Ventil ist in zwei Ausf\u00fchrungen erh\u00e4ltlich: L-Kanal (Q41F-L) und T-Kanal (Q41F-T). L-Ventile verbinden zwei vertikale Kan\u00e4le und eignen sich ideal f\u00fcr die Umwandlung von Fl\u00fcssigkeitspfaden und die Durchflusseinstellung, w\u00e4hrend T-Ventile die Fl\u00fcssigkeitsumleitung, Zusammenf\u00fchrung und komplexe Durchflussregelung zwischen drei Kan\u00e4len erm\u00f6glichen. Beide Typen sind auf einfache Bedienung und Wartung ausgelegt und verf\u00fcgen \u00fcber eine modulare Struktur f\u00fcr effiziente Demontage, Reinigung und Langlebigkeit.<\/p>\n<p>Dieses Ventil erf\u00fcllt vielf\u00e4ltige Anforderungen an die Fl\u00fcssigkeitssteuerung, vom Routinebetrieb bis hin zu komplexen technischen Aufgaben. Zu den Anwendungsbereichen z\u00e4hlen Wasseraufbereitung, Energie- und Petrochemieindustrie, chemische Verarbeitung, Lebensmittelproduktion, Arzneimittelherstellung und Hochdrucksysteme.<\/p>\n<p>Modell: Manueller Flanschkugelhahn<br \/>\nGr\u00f6\u00dfenbereich: 1\/2\u2033 bis 16\u2033<br \/>\nDruckbereich: PN1,6, 2,5, 4,0, 6,4 MPa<br \/>\nMaterial: Edelstahl 304 oder Edelstahl 316<\/p>\n<p>&nbsp;<\/p>","protected":false},"featured_media":7303,"template":"","meta":{"site-sidebar-layout":"default","site-content-layout":"","ast-site-content-layout":"default","site-content-style":"default","site-sidebar-style":"default","ast-global-header-display":"","ast-banner-title-visibility":"","ast-main-header-display":"","ast-hfb-above-header-display":"","ast-hfb-below-header-display":"","ast-hfb-mobile-header-display":"","site-post-title":"","ast-breadcrumbs-content":"","ast-featured-img":"","footer-sml-layout":"","ast-disable-related-posts":"","theme-transparent-header-meta":"default","adv-header-id-meta":"","stick-header-meta":"","header-above-stick-meta":"","header-main-stick-meta":"","header-below-stick-meta":"","astra-migrate-meta-layouts":"set","ast-page-background-enabled":"default","ast-page-background-meta":{"desktop":{"background-color":"var(--ast-global-color-4)","background-image":"","background-repeat":"repeat","background-position":"center center","background-size":"auto","background-attachment":"scroll","background-type":"","background-media":"","overlay-type":"","overlay-color":"","overlay-opacity":"","overlay-gradient":""},"tablet":{"background-color":"","background-image":"","background-repeat":"repeat","background-position":"center center","background-size":"auto","background-attachment":"scroll","background-type":"","background-media":"","overlay-type":"","overlay-color":"","overlay-opacity":"","overlay-gradient":""},"mobile":{"background-color":"","background-image":"","background-repeat":"repeat","background-position":"center center","background-size":"auto","background-attachment":"scroll","background-type":"","background-media":"","overlay-type":"","overlay-color":"","overlay-opacity":"","overlay-gradient":""}},"ast-content-background-meta":{"desktop":{"background-color":"var(--ast-global-color-5)","background-image":"","background-repeat":"repeat","background-position":"center center","background-size":"auto","background-attachment":"scroll","background-type":"","background-media":"","overlay-type":"","overlay-color":"","overlay-opacity":"","overlay-gradient":""},"tablet":{"background-color":"var(--ast-global-color-5)","background-image":"","background-repeat":"repeat","background-position":"center center","background-size":"auto","background-attachment":"scroll","background-type":"","background-media":"","overlay-type":"","overlay-color":"","overlay-opacity":"","overlay-gradient":""},"mobile":{"background-color":"var(--ast-global-color-5)","background-image":"","background-repeat":"repeat","background-position":"center center","background-size":"auto","background-attachment":"scroll","background-type":"","background-media":"","overlay-type":"","overlay-color":"","overlay-opacity":"","overlay-gradient":""}}},"product_brand":[],"product_cat":[705,116,33],"product_tag":[241,214,664,261,661,73,56],"class_list":{"0":"post-6438","1":"product","2":"type-product","3":"status-publish","4":"has-post-thumbnail","6":"product_cat-manual-ball-valve","7":"product_cat-manual-valves","8":"product_cat-products","9":"product_tag-3-way-ball-valve","10":"product_tag-flange-ball-valve","11":"product_tag-full-bore-flange-ball-valve","12":"product_tag-manual-valve","13":"product_tag-stainless-steel-flange-ball-valve","14":"product_tag-valve","15":"product_tag-valves","16":"desktop-align-center","17":"tablet-align-left","18":"mobile-align-left","20":"first","21":"instock","22":"shipping-taxable","23":"product-type-simple"},"_links":{"self":[{"href":"https:\/\/www.delcofluid.com\/de\/wp-json\/wp\/v2\/product\/6438","targetHints":{"allow":["GET"]}}],"collection":[{"href":"https:\/\/www.delcofluid.com\/de\/wp-json\/wp\/v2\/product"}],"about":[{"href":"https:\/\/www.delcofluid.com\/de\/wp-json\/wp\/v2\/types\/product"}],"version-history":[{"count":0,"href":"https:\/\/www.delcofluid.com\/de\/wp-json\/wp\/v2\/product\/6438\/revisions"}],"wp:featuredmedia":[{"embeddable":true,"href":"https:\/\/www.delcofluid.com\/de\/wp-json\/wp\/v2\/media\/7303"}],"wp:attachment":[{"href":"https:\/\/www.delcofluid.com\/de\/wp-json\/wp\/v2\/media?parent=6438"}],"wp:term":[{"taxonomy":"product_brand","embeddable":true,"href":"https:\/\/www.delcofluid.com\/de\/wp-json\/wp\/v2\/product_brand?post=6438"},{"taxonomy":"product_cat","embeddable":true,"href":"https:\/\/www.delcofluid.com\/de\/wp-json\/wp\/v2\/product_cat?post=6438"},{"taxonomy":"product_tag","embeddable":true,"href":"https:\/\/www.delcofluid.com\/de\/wp-json\/wp\/v2\/product_tag?post=6438"}],"curies":[{"name":"wp","href":"https:\/\/api.w.org\/{rel}","templated":true}]}}