{"id":6453,"date":"2024-07-04T08:03:04","date_gmt":"2024-07-04T07:03:04","guid":{"rendered":"https:\/\/www.delcofluid.com\/?post_type=product&#038;p=6453"},"modified":"2024-08-09T08:21:34","modified_gmt":"2024-08-09T07:21:34","slug":"manual-stainless-steel-3-way-female-thread-ball-valve","status":"publish","type":"product","link":"https:\/\/www.delcofluid.com\/de\/produkt\/manual-stainless-steel-3-way-female-thread-ball-valve\/","title":{"rendered":"Manueller 3-Wege-Kugelhahn aus Edelstahl mit Innengewinde"},"content":{"rendered":"<div data-elementor-type=\"product-post\" data-elementor-id=\"6453\" class=\"elementor elementor-6453\" data-elementor-post-type=\"product\">\n\t\t\t\t<div class=\"elementor-element elementor-element-6fb59a60 e-con-full e-flex e-con e-parent\" data-id=\"6fb59a60\" data-element_type=\"container\" data-e-type=\"container\" data-settings=\"{&quot;ekit_has_onepagescroll_dot&quot;:&quot;yes&quot;}\">\n\t\t<div class=\"elementor-element elementor-element-b2e102c e-con-full e-flex e-con e-child\" data-id=\"b2e102c\" data-element_type=\"container\" data-e-type=\"container\" data-settings=\"{&quot;ekit_has_onepagescroll_dot&quot;:&quot;yes&quot;}\">\n\t\t\t\t<div class=\"elementor-element elementor-element-4c3cf80 elementor-widget elementor-widget-heading\" data-id=\"4c3cf80\" data-element_type=\"widget\" data-e-type=\"widget\" data-settings=\"{&quot;ekit_we_effect_on&quot;:&quot;none&quot;}\" data-widget_type=\"heading.default\">\n\t\t\t\t<div class=\"elementor-widget-container\">\n\t\t\t\t\t<h2 class=\"elementor-heading-title elementor-size-default\">Merkmale<\/h2>\t\t\t\t<\/div>\n\t\t\t\t<\/div>\n\t\t\t\t<div class=\"elementor-element elementor-element-1af4cc68 elementor-widget__width-initial elementor-widget elementor-widget-text-editor\" data-id=\"1af4cc68\" data-element_type=\"widget\" data-e-type=\"widget\" data-settings=\"{&quot;ekit_we_effect_on&quot;:&quot;none&quot;}\" data-widget_type=\"text-editor.default\">\n\t\t\t\t<div class=\"elementor-widget-container\">\n\t\t\t\t\t\t\t\t\t<ul><li>Kompakte Struktur: Das hocheffiziente Design spart Platz und eignet sich f\u00fcr eine Vielzahl industrieller Anwendungen.<\/li><li>Hervorragende Dichtungsleistung: Gew\u00e4hrleistet eine intakte Dichtung, verhindert Leckagen und erh\u00e4lt die Druckintegrit\u00e4t der Rohrleitungen.<\/li><li>Durchflussrichtungsumschaltfunktion: Unterst\u00fctzt die flexible Anpassung der Fl\u00fcssigkeitsdurchflussrichtung und erm\u00f6glicht das Umschalten oder Isolieren der Durchflussrichtung.<\/li><li>Anschlusskonfiguration: Bietet Anschlussoptionen vom Typ L oder T, um unterschiedlichen Rohrleitungsanforderungen gerecht zu werden.<\/li><li>Hohe Haltbarkeit: Der modulare Aufbau erm\u00f6glicht eine unkomplizierte Demontage und Wartung, sodass kein Ausbau der gesamten Rohrleitung erforderlich ist.<\/li><li>Hohe Qualit\u00e4t: Aus rostfreiem Stahl gefertigt, um Arbeitsdr\u00fccken von bis zu 1000 PSI standzuhalten.<\/li><\/ul>\t\t\t\t\t\t\t\t<\/div>\n\t\t\t\t<\/div>\n\t\t\t\t<\/div>\n\t\t\t\t<div class=\"elementor-element elementor-element-8e57110 elementor-widget elementor-widget-image\" data-id=\"8e57110\" data-element_type=\"widget\" data-e-type=\"widget\" data-settings=\"{&quot;ekit_we_effect_on&quot;:&quot;none&quot;}\" data-widget_type=\"image.default\">\n\t\t\t\t<div class=\"elementor-widget-container\">\n\t\t\t\t\t\t\t\t\t\t\t\t\t\t\t<img fetchpriority=\"high\" decoding=\"async\" width=\"768\" height=\"759\" src=\"https:\/\/www.delcofluid.com\/wp-content\/uploads\/2024\/03\/product-finder-graphic-3-x900.jpg\" class=\"attachment-large size-large wp-image-2576\" alt=\"Solenoid Valves\" srcset=\"https:\/\/www.delcofluid.com\/wp-content\/uploads\/2024\/03\/product-finder-graphic-3-x900.jpg 768w, https:\/\/www.delcofluid.com\/wp-content\/uploads\/2024\/03\/product-finder-graphic-3-x900-100x100.jpg 100w, https:\/\/www.delcofluid.com\/wp-content\/uploads\/2024\/03\/product-finder-graphic-3-x900-600x593.jpg 600w, https:\/\/www.delcofluid.com\/wp-content\/uploads\/2024\/03\/product-finder-graphic-3-x900-300x296.jpg 300w\" sizes=\"(max-width: 768px) 100vw, 768px\" \/>\t\t\t\t\t\t\t\t\t\t\t\t\t\t\t<\/div>\n\t\t\t\t<\/div>\n\t\t\t\t<\/div>\n\t\t<div class=\"elementor-element elementor-element-a55eeda e-flex e-con-boxed e-con e-parent\" data-id=\"a55eeda\" data-element_type=\"container\" data-e-type=\"container\" data-settings=\"{&quot;background_background&quot;:&quot;classic&quot;,&quot;ekit_has_onepagescroll_dot&quot;:&quot;yes&quot;}\">\n\t\t\t\t\t<div class=\"e-con-inner\">\n\t\t\t\t<div class=\"elementor-element elementor-element-585e9d9 elementor-widget elementor-widget-heading\" data-id=\"585e9d9\" data-element_type=\"widget\" data-e-type=\"widget\" data-settings=\"{&quot;ekit_we_effect_on&quot;:&quot;none&quot;}\" data-widget_type=\"heading.default\">\n\t\t\t\t<div class=\"elementor-widget-container\">\n\t\t\t\t\t<h2 class=\"elementor-heading-title elementor-size-default\">Technische Parameter<\/h2>\t\t\t\t<\/div>\n\t\t\t\t<\/div>\n\t\t\t\t\t<\/div>\n\t\t\t\t<\/div>\n\t\t<div class=\"elementor-element elementor-element-3414eb9 e-con-full e-flex e-con e-parent\" data-id=\"3414eb9\" data-element_type=\"container\" data-e-type=\"container\" data-settings=\"{&quot;background_background&quot;:&quot;classic&quot;,&quot;ekit_has_onepagescroll_dot&quot;:&quot;yes&quot;}\">\n\t\t\t\t<div class=\"elementor-element elementor-element-13df62f elementor-widget__width-initial elementor-widget elementor-widget-text-editor\" data-id=\"13df62f\" data-element_type=\"widget\" data-e-type=\"widget\" data-settings=\"{&quot;ekit_we_effect_on&quot;:&quot;none&quot;}\" data-widget_type=\"text-editor.default\">\n\t\t\t\t<div class=\"elementor-widget-container\">\n\t\t\t\t\t\t\t\t\t<table width=\"855\"><tbody><tr><td width=\"159\">Anschlussgr\u00f6\u00dfe:<\/td><td width=\"205\">\u00a01\/4\u2033 bis 4\u2033<\/td><td width=\"146\">Material:<\/td><td width=\"345\">Edelstahl 304 oder Edelstahl 316<\/td><\/tr><tr><td width=\"159\">Druck:<\/td><td>\u00a0PN1,6, 2,5, 4,0, 6,4 MPa<\/td><td width=\"146\">Arbeitsdruck:\u00a0<\/td><td width=\"345\">1000 PSI<\/td><\/tr><tr><td width=\"159\">Garantie:<\/td><td width=\"205\">12 Motten<\/td><td width=\"146\">Temperaturbereich:<\/td><td width=\"345\">-29 \u00b0C bis 150 \u00b0C<\/td><\/tr><tr><td width=\"159\">Druckbewertung:<\/td><td width=\"205\">1000 WOG<\/td><td width=\"146\">Geeignete Medien<\/td><td width=\"345\">Allgemeine Wasser-, \u00d6l-, Gasanwendungen usw.<\/td><\/tr><\/tbody><\/table>\t\t\t\t\t\t\t\t<\/div>\n\t\t\t\t<\/div>\n\t\t\t\t<\/div>\n\t\t<div class=\"elementor-element elementor-element-daef6c8 e-con-full e-flex e-con e-parent\" data-id=\"daef6c8\" data-element_type=\"container\" data-e-type=\"container\" data-settings=\"{&quot;ekit_has_onepagescroll_dot&quot;:&quot;yes&quot;}\">\n\t\t\t\t<div class=\"elementor-element elementor-element-52ddb61 elementor-widget elementor-widget-heading\" data-id=\"52ddb61\" data-element_type=\"widget\" data-e-type=\"widget\" data-settings=\"{&quot;ekit_we_effect_on&quot;:&quot;none&quot;}\" data-widget_type=\"heading.default\">\n\t\t\t\t<div class=\"elementor-widget-container\">\n\t\t\t\t\t<h2 class=\"elementor-heading-title elementor-size-default\">Anwendung<\/h2>\t\t\t\t<\/div>\n\t\t\t\t<\/div>\n\t\t\t\t<div class=\"elementor-element elementor-element-ac1034b elementor-widget elementor-widget-text-editor\" data-id=\"ac1034b\" data-element_type=\"widget\" data-e-type=\"widget\" data-settings=\"{&quot;ekit_we_effect_on&quot;:&quot;none&quot;}\" data-widget_type=\"text-editor.default\">\n\t\t\t\t<div class=\"elementor-widget-container\">\n\t\t\t\t\t\t\t\t\t<p>1. Lebensmittelindustrie<br \/>Reguliert den Zutatenfluss auf Produktionslinien und erleichtert den Wechsel zwischen Verarbeitungsschritten, wodurch die Produktionseffizienz und -sicherheit verbessert wird.<br \/>2.\u00d6lanwendungen<br \/>Verwaltet in Roh\u00f6lpipelines den Durchfluss f\u00fcr einen sicheren und effizienten Transport. \u00dcberwacht bei der \u00d6lraffination Durchfluss und Druck, um die Prozessbedingungen aufrechtzuerhalten. Sorgt bei der F\u00f6rderung und Lagerung f\u00fcr Sicherheit und Effizienz bei der Verwaltung des \u00d6lflusses und der Lagervorg\u00e4nge.<br \/>3. Gasanwendungen<br \/>Steuert bei der Erdgasverteilung Richtung und Druck f\u00fcr eine sichere Lieferung. Verwaltet bei der Gasverarbeitung den Gasfluss durch verschiedene Behandlungsstufen, um die Betriebseffizienz zu steigern. Erm\u00f6glicht bei der Gasspeicherung die sichere und effiziente Speicherung und \u00dcbertragung von Gas f\u00fcr den Bedarf gro\u00dfer Mengen.<br \/>4. Wasseranwendungen<br \/>Wird in Sanit\u00e4ranlagen von Wohngeb\u00e4uden zur Durchflussregelung und Absperrung von Armaturen wie Wasserh\u00e4hnen und Toiletten verwendet. Reguliert in kommerziellen Systemen den Wasserdurchfluss, um Anforderungen an hohen Durchfluss und hohen Druck zu erf\u00fcllen. In kommunalen Netzwerken steuert es den Wasserdurchfluss und -druck von Kl\u00e4ranlagen zu st\u00e4dtischen Verbrauchern und unterst\u00fctzt so die Wasserwirtschaft im gro\u00dfen Ma\u00dfstab.<\/p>\t\t\t\t\t\t\t\t<\/div>\n\t\t\t\t<\/div>\n\t\t\t\t<\/div>\n\t\t\t\t<\/div>","protected":false},"excerpt":{"rendered":"<p>Der 3-Wege-Kugelhahn mit Gewinde zeichnet sich durch seine kompakte Bauweise, sein attraktives Erscheinungsbild und seine hervorragende Dichtleistung aus. Er kann die Flie\u00dfrichtung des Rohrleitungsmediums umschalten und zwei senkrechte Kan\u00e4le verbinden oder schlie\u00dfen.<\/p>\n<p>Dreiwege-Kugelh\u00e4hne mit Gewinde werden in L-Typ und T-Typ unterteilt. Der L-Typ eignet sich zum Umschalten der Str\u00f6mungsrichtung des Mediums und erm\u00f6glicht die Verbindung zweier senkrechter Kan\u00e4le. Der T-Typ eignet sich zum Umleiten, Zusammenf\u00fchren oder Umschalten der Str\u00f6mungsrichtung des Mediums. Dieser Kugelhahn ist langlebig, funktioniert auch nach mehreren Zyklen zuverl\u00e4ssig und kann auch nach l\u00e4ngerer Inaktivit\u00e4t sicher geschlossen werden.<\/p>\n<p>Es wird h\u00e4ufig in Branchen wie der Chemie-, Erd\u00f6l-, Textil-, Energie-, Lebensmittel- und Pharmaindustrie, K\u00e4ltetechnik und Papierherstellung verwendet.<\/p>\n<p>Modell: Manueller Flanschkugelhahn<br \/>\nGr\u00f6\u00dfenbereich: 1\/4\u2033 bis 4\u2033<br \/>\nDruckbereich: 1000 WOG<br \/>\nMaterial: Edelstahl 304 oder Edelstahl 316<\/p>\n<p>&nbsp;<\/p>","protected":false},"featured_media":7301,"template":"","meta":{"site-sidebar-layout":"default","site-content-layout":"","ast-site-content-layout":"default","site-content-style":"default","site-sidebar-style":"default","ast-global-header-display":"","ast-banner-title-visibility":"","ast-main-header-display":"","ast-hfb-above-header-display":"","ast-hfb-below-header-display":"","ast-hfb-mobile-header-display":"","site-post-title":"","ast-breadcrumbs-content":"","ast-featured-img":"","footer-sml-layout":"","ast-disable-related-posts":"","theme-transparent-header-meta":"default","adv-header-id-meta":"","stick-header-meta":"","header-above-stick-meta":"","header-main-stick-meta":"","header-below-stick-meta":"","astra-migrate-meta-layouts":"set","ast-page-background-enabled":"default","ast-page-background-meta":{"desktop":{"background-color":"var(--ast-global-color-4)","background-image":"","background-repeat":"repeat","background-position":"center center","background-size":"auto","background-attachment":"scroll","background-type":"","background-media":"","overlay-type":"","overlay-color":"","overlay-opacity":"","overlay-gradient":""},"tablet":{"background-color":"","background-image":"","background-repeat":"repeat","background-position":"center center","background-size":"auto","background-attachment":"scroll","background-type":"","background-media":"","overlay-type":"","overlay-color":"","overlay-opacity":"","overlay-gradient":""},"mobile":{"background-color":"","background-image":"","background-repeat":"repeat","background-position":"center center","background-size":"auto","background-attachment":"scroll","background-type":"","background-media":"","overlay-type":"","overlay-color":"","overlay-opacity":"","overlay-gradient":""}},"ast-content-background-meta":{"desktop":{"background-color":"var(--ast-global-color-5)","background-image":"","background-repeat":"repeat","background-position":"center center","background-size":"auto","background-attachment":"scroll","background-type":"","background-media":"","overlay-type":"","overlay-color":"","overlay-opacity":"","overlay-gradient":""},"tablet":{"background-color":"var(--ast-global-color-5)","background-image":"","background-repeat":"repeat","background-position":"center center","background-size":"auto","background-attachment":"scroll","background-type":"","background-media":"","overlay-type":"","overlay-color":"","overlay-opacity":"","overlay-gradient":""},"mobile":{"background-color":"var(--ast-global-color-5)","background-image":"","background-repeat":"repeat","background-position":"center center","background-size":"auto","background-attachment":"scroll","background-type":"","background-media":"","overlay-type":"","overlay-color":"","overlay-opacity":"","overlay-gradient":""}}},"product_brand":[],"product_cat":[705,116,33],"product_tag":[241,666,98,665,667,261,235,73,56],"class_list":{"0":"post-6453","1":"product","2":"type-product","3":"status-publish","4":"has-post-thumbnail","6":"product_cat-manual-ball-valve","7":"product_cat-manual-valves","8":"product_cat-products","9":"product_tag-3-way-ball-valve","10":"product_tag-3-way-female-ball-valve","11":"product_tag-ball-valve","12":"product_tag-female-thread-ball-valve","13":"product_tag-manual-thread-ball-valve","14":"product_tag-manual-valve","15":"product_tag-thread-ball-valve","16":"product_tag-valve","17":"product_tag-valves","18":"desktop-align-center","19":"tablet-align-left","20":"mobile-align-left","22":"first","23":"instock","24":"shipping-taxable","25":"product-type-simple"},"_links":{"self":[{"href":"https:\/\/www.delcofluid.com\/de\/wp-json\/wp\/v2\/product\/6453","targetHints":{"allow":["GET"]}}],"collection":[{"href":"https:\/\/www.delcofluid.com\/de\/wp-json\/wp\/v2\/product"}],"about":[{"href":"https:\/\/www.delcofluid.com\/de\/wp-json\/wp\/v2\/types\/product"}],"version-history":[{"count":0,"href":"https:\/\/www.delcofluid.com\/de\/wp-json\/wp\/v2\/product\/6453\/revisions"}],"wp:featuredmedia":[{"embeddable":true,"href":"https:\/\/www.delcofluid.com\/de\/wp-json\/wp\/v2\/media\/7301"}],"wp:attachment":[{"href":"https:\/\/www.delcofluid.com\/de\/wp-json\/wp\/v2\/media?parent=6453"}],"wp:term":[{"taxonomy":"product_brand","embeddable":true,"href":"https:\/\/www.delcofluid.com\/de\/wp-json\/wp\/v2\/product_brand?post=6453"},{"taxonomy":"product_cat","embeddable":true,"href":"https:\/\/www.delcofluid.com\/de\/wp-json\/wp\/v2\/product_cat?post=6453"},{"taxonomy":"product_tag","embeddable":true,"href":"https:\/\/www.delcofluid.com\/de\/wp-json\/wp\/v2\/product_tag?post=6453"}],"curies":[{"name":"wp","href":"https:\/\/api.w.org\/{rel}","templated":true}]}}