{"id":6468,"date":"2024-07-04T09:47:33","date_gmt":"2024-07-04T08:47:33","guid":{"rendered":"https:\/\/www.delcofluid.com\/?post_type=product&#038;p=6468"},"modified":"2024-08-09T08:15:54","modified_gmt":"2024-08-09T07:15:54","slug":"manual-stainless-steel-2-way-female-thread-ball-valve","status":"publish","type":"product","link":"https:\/\/www.delcofluid.com\/de\/produkt\/manual-stainless-steel-2-way-female-thread-ball-valve\/","title":{"rendered":"Manueller 2-Wege-Kugelhahn aus Edelstahl mit Innengewinde"},"content":{"rendered":"<div data-elementor-type=\"product-post\" data-elementor-id=\"6468\" class=\"elementor elementor-6468\" data-elementor-post-type=\"product\">\n\t\t\t\t<div class=\"elementor-element elementor-element-6fb59a60 e-con-full e-flex e-con e-parent\" data-id=\"6fb59a60\" data-element_type=\"container\" data-e-type=\"container\" data-settings=\"{&quot;ekit_has_onepagescroll_dot&quot;:&quot;yes&quot;}\">\n\t\t<div class=\"elementor-element elementor-element-b2e102c e-con-full e-flex e-con e-child\" data-id=\"b2e102c\" data-element_type=\"container\" data-e-type=\"container\" data-settings=\"{&quot;ekit_has_onepagescroll_dot&quot;:&quot;yes&quot;}\">\n\t\t\t\t<div class=\"elementor-element elementor-element-4c3cf80 elementor-widget elementor-widget-heading\" data-id=\"4c3cf80\" data-element_type=\"widget\" data-e-type=\"widget\" data-settings=\"{&quot;ekit_we_effect_on&quot;:&quot;none&quot;}\" data-widget_type=\"heading.default\">\n\t\t\t\t<div class=\"elementor-widget-container\">\n\t\t\t\t\t<h2 class=\"elementor-heading-title elementor-size-default\">Merkmale<\/h2>\t\t\t\t<\/div>\n\t\t\t\t<\/div>\n\t\t\t\t<div class=\"elementor-element elementor-element-1af4cc68 elementor-widget__width-initial elementor-widget elementor-widget-text-editor\" data-id=\"1af4cc68\" data-element_type=\"widget\" data-e-type=\"widget\" data-settings=\"{&quot;ekit_we_effect_on&quot;:&quot;none&quot;}\" data-widget_type=\"text-editor.default\">\n\t\t\t\t<div class=\"elementor-widget-container\">\n\t\t\t\t\t\t\t\t\t<ul><li>Robuste Konstruktion: Durch die Verwendung von hochwertigem Edelstahl bieten diese Ventile zuverl\u00e4ssige Leistung und lange Haltbarkeit.<\/li><li>Geringer Reibungsverlust: Das Full-Port-Design minimiert die Reibung und verbessert die Gesamteffizienz.<\/li><li>Korrosionsbest\u00e4ndigkeit: Diese Ventile werden aus hochwertigem Edelstahl hergestellt und sind \u00e4u\u00dferst korrosionsbest\u00e4ndig. Erh\u00e4ltlich in den Edelstahlvarianten 304 und 316.<\/li><li>Langlebigkeit: Die robuste Konstruktion sorgt f\u00fcr Haltbarkeit, sodass diese Ventile praktisch f\u00fcr den wiederholten Gebrauch sind und eine l\u00e4ngere Lebensdauer bieten.<\/li><li>Einfache Installation und Bedienung: Diese Ventile sind auf Benutzerfreundlichkeit ausgelegt, einfach zu installieren und verf\u00fcgen \u00fcber einfache \u00d6ffnungs-\/Schlie\u00dfmechanismen.<\/li><li>Weit verbreitet: Manuelle Zweiwege-Kugelh\u00e4hne mit Gewinde werden in Werften, Wasseraufbereitungsanlagen, Bew\u00e4sserungssystemen und der Lebensmittel- und Getr\u00e4nkeindustrie eingesetzt.<\/li><\/ul>\t\t\t\t\t\t\t\t<\/div>\n\t\t\t\t<\/div>\n\t\t\t\t<\/div>\n\t\t\t\t<div class=\"elementor-element elementor-element-8e57110 elementor-widget elementor-widget-image\" data-id=\"8e57110\" data-element_type=\"widget\" data-e-type=\"widget\" data-settings=\"{&quot;ekit_we_effect_on&quot;:&quot;none&quot;}\" data-widget_type=\"image.default\">\n\t\t\t\t<div class=\"elementor-widget-container\">\n\t\t\t\t\t\t\t\t\t\t\t\t\t\t\t<img fetchpriority=\"high\" decoding=\"async\" width=\"768\" height=\"759\" src=\"https:\/\/www.delcofluid.com\/wp-content\/uploads\/2024\/03\/product-finder-graphic-3-x900.jpg\" class=\"attachment-large size-large wp-image-2576\" alt=\"Solenoid Valves\" srcset=\"https:\/\/www.delcofluid.com\/wp-content\/uploads\/2024\/03\/product-finder-graphic-3-x900.jpg 768w, https:\/\/www.delcofluid.com\/wp-content\/uploads\/2024\/03\/product-finder-graphic-3-x900-100x100.jpg 100w, https:\/\/www.delcofluid.com\/wp-content\/uploads\/2024\/03\/product-finder-graphic-3-x900-600x593.jpg 600w, https:\/\/www.delcofluid.com\/wp-content\/uploads\/2024\/03\/product-finder-graphic-3-x900-300x296.jpg 300w\" sizes=\"(max-width: 768px) 100vw, 768px\" \/>\t\t\t\t\t\t\t\t\t\t\t\t\t\t\t<\/div>\n\t\t\t\t<\/div>\n\t\t\t\t<\/div>\n\t\t<div class=\"elementor-element elementor-element-a55eeda e-flex e-con-boxed e-con e-parent\" data-id=\"a55eeda\" data-element_type=\"container\" data-e-type=\"container\" data-settings=\"{&quot;background_background&quot;:&quot;classic&quot;,&quot;ekit_has_onepagescroll_dot&quot;:&quot;yes&quot;}\">\n\t\t\t\t\t<div class=\"e-con-inner\">\n\t\t\t\t<div class=\"elementor-element elementor-element-585e9d9 elementor-widget elementor-widget-heading\" data-id=\"585e9d9\" data-element_type=\"widget\" data-e-type=\"widget\" data-settings=\"{&quot;ekit_we_effect_on&quot;:&quot;none&quot;}\" data-widget_type=\"heading.default\">\n\t\t\t\t<div class=\"elementor-widget-container\">\n\t\t\t\t\t<h2 class=\"elementor-heading-title elementor-size-default\">Technische Parameter<\/h2>\t\t\t\t<\/div>\n\t\t\t\t<\/div>\n\t\t\t\t\t<\/div>\n\t\t\t\t<\/div>\n\t\t<div class=\"elementor-element elementor-element-3414eb9 e-con-full e-flex e-con e-parent\" data-id=\"3414eb9\" data-element_type=\"container\" data-e-type=\"container\" data-settings=\"{&quot;background_background&quot;:&quot;classic&quot;,&quot;ekit_has_onepagescroll_dot&quot;:&quot;yes&quot;}\">\n\t\t\t\t<div class=\"elementor-element elementor-element-13df62f elementor-widget__width-initial elementor-widget elementor-widget-text-editor\" data-id=\"13df62f\" data-element_type=\"widget\" data-e-type=\"widget\" data-settings=\"{&quot;ekit_we_effect_on&quot;:&quot;none&quot;}\" data-widget_type=\"text-editor.default\">\n\t\t\t\t<div class=\"elementor-widget-container\">\n\t\t\t\t\t\t\t\t\t<table width=\"855\">\n<tbody>\n<tr>\n<td width=\"159\">Anschlussgr\u00f6\u00dfe:<\/td>\n<td width=\"205\">&nbsp;1\/4\u2033 bis 4\u2033<\/td>\n<td width=\"146\">Material:<\/td>\n<td width=\"345\">Edelstahl 304 oder Edelstahl 316<\/td>\n<\/tr>\n<tr>\n<td width=\"159\">Allgemeiner Druck:<\/td>\n<td>PN1,0, 1,6 MPa<\/td>\n<td width=\"146\">Leistung:<\/td>\n<td width=\"345\">Handhaben<\/td>\n<\/tr>\n<tr>\n<td width=\"159\">Garantie:<\/td>\n<td width=\"205\">12 Motten<\/td>\n<td width=\"146\">Temperaturbereich:<\/td>\n<td width=\"345\">-10 bis 180 \u00b0C (-10 \u00b0F bis 356 \u00b0F)<\/td>\n<\/tr>\n<tr>\n<td width=\"159\">Druckbewertung:<\/td>\n<td width=\"205\">1000 WOG (PN63)<\/td>\n<td width=\"146\">Geeignete Medien<\/td>\n<td width=\"345\">Wasser, \u00d6l, Gas usw.<\/td>\n<\/tr>\n<\/tbody>\n<\/table>\t\t\t\t\t\t\t\t<\/div>\n\t\t\t\t<\/div>\n\t\t\t\t<\/div>\n\t\t<div class=\"elementor-element elementor-element-daef6c8 e-con-full e-flex e-con e-parent\" data-id=\"daef6c8\" data-element_type=\"container\" data-e-type=\"container\" data-settings=\"{&quot;ekit_has_onepagescroll_dot&quot;:&quot;yes&quot;}\">\n\t\t\t\t<div class=\"elementor-element elementor-element-52ddb61 elementor-widget elementor-widget-heading\" data-id=\"52ddb61\" data-element_type=\"widget\" data-e-type=\"widget\" data-settings=\"{&quot;ekit_we_effect_on&quot;:&quot;none&quot;}\" data-widget_type=\"heading.default\">\n\t\t\t\t<div class=\"elementor-widget-container\">\n\t\t\t\t\t<h2 class=\"elementor-heading-title elementor-size-default\">Anwendung<\/h2>\t\t\t\t<\/div>\n\t\t\t\t<\/div>\n\t\t\t\t<div class=\"elementor-element elementor-element-ac1034b elementor-widget elementor-widget-text-editor\" data-id=\"ac1034b\" data-element_type=\"widget\" data-e-type=\"widget\" data-settings=\"{&quot;ekit_we_effect_on&quot;:&quot;none&quot;}\" data-widget_type=\"text-editor.default\">\n\t\t\t\t<div class=\"elementor-widget-container\">\n\t\t\t\t\t\t\t\t\t<p>1.Wasseraufbereitung<br \/>Gew\u00e4hrleistet den effizienten Fluss und die Regulierung des Wassers in verschiedenen Aufbereitungsprozessen.<br \/>2.Schiffbau<br \/>Erm\u00f6glicht die pr\u00e4zise Kontrolle von Fl\u00fcssigkeiten in verschiedenen Schiffssystemen.<br \/>3. Kesselherstellung<br \/>Unverzichtbar f\u00fcr die Steuerung des Dampfflusses und anderer Fl\u00fcssigkeiten in Kesselsystemen.<br \/>4. Essen und Trinken<br \/>\u00a0H\u00e4lt strenge Hygienestandards ein und verwaltet gleichzeitig den Fluss von Zutaten und Reinigungsl\u00f6sungen.<br \/>5. Chemische Verarbeitung<br \/>Manuelle Zweiwege-Kugelh\u00e4hne aus zwei Teilen regeln korrosive Medien mit korrosionsbest\u00e4ndigem Design f\u00fcr einen sicheren, effizienten Durchfluss.<br \/>6.\u00d6l und Gas<br \/>Diese Ventile regeln den \u00d6lfluss bei der F\u00f6rderung und Raffination mit Langlebigkeit und Pr\u00e4zision f\u00fcr Effizienz und Sicherheit.<\/p>\t\t\t\t\t\t\t\t<\/div>\n\t\t\t\t<\/div>\n\t\t\t\t<\/div>\n\t\t\t\t<\/div>","protected":false},"excerpt":{"rendered":"<p><strong>Hochleistungs-Durchflussregler<\/strong><br \/>\nDer manuelle 2-Wege-Kugelhahn aus Edelstahl mit Innengewinde ist ein Hochleistungsger\u00e4t f\u00fcr eine zuverl\u00e4ssige Ein-\/Aus-Steuerung. Seine 90-Grad-Griffdrehung gew\u00e4hrleistet eine einfache Bedienung, w\u00e4hrend das Vollbohrungsdesign den Reibungsverlust f\u00fcr einen reibungslosen Medienfluss minimiert. Dieses Design macht ihn ideal f\u00fcr verschiedene Rohrleitungssysteme und einfach zu installieren.<br \/>\n<strong>Edelstahlmaterial und robuste Konstruktion<\/strong><br \/>\nDieser Kugelhahn aus hochwertigem Edelstahl bietet au\u00dfergew\u00f6hnliche Korrosionsbest\u00e4ndigkeit und Haltbarkeit. Seine robuste Konstruktion gew\u00e4hrleistet eine stabile Leistung in rauen Umgebungen und sorgt f\u00fcr langfristige Zuverl\u00e4ssigkeit und gleichbleibende Funktionalit\u00e4t.<br \/>\n<strong>Vielseitige Anwendungen in allen Branchen<\/strong><br \/>\nManuelle 2-Wege-Kugelh\u00e4hne mit Gewinde werden h\u00e4ufig in der Wasseraufbereitung, in der Lebensmittel- und Getr\u00e4nkeindustrie, im Schiffbau, in Kesselsystemen sowie bei der \u00d6l- und Gasf\u00f6rderung eingesetzt. Aufgrund ihrer Korrosionsbest\u00e4ndigkeit und Langlebigkeit eignen sie sich f\u00fcr die Handhabung einer Reihe von Medien und gew\u00e4hrleisten einen effizienten, sicheren Betrieb in verschiedenen industriellen Anwendungen.<\/p>\n<p>Modell: Manueller Gewindekugelhahn<br \/>\nGr\u00f6\u00dfenbereich: 1\/4\u2033 bis 4\u2033<br \/>\nDruckbereich: 1000 WOG<br \/>\nMaterial: Edelstahl 304 oder Edelstahl 316<\/p>\n<p>&nbsp;<\/p>","protected":false},"featured_media":7175,"template":"","meta":{"site-sidebar-layout":"default","site-content-layout":"","ast-site-content-layout":"default","site-content-style":"default","site-sidebar-style":"default","ast-global-header-display":"","ast-banner-title-visibility":"","ast-main-header-display":"","ast-hfb-above-header-display":"","ast-hfb-below-header-display":"","ast-hfb-mobile-header-display":"","site-post-title":"","ast-breadcrumbs-content":"","ast-featured-img":"","footer-sml-layout":"","ast-disable-related-posts":"","theme-transparent-header-meta":"default","adv-header-id-meta":"","stick-header-meta":"","header-above-stick-meta":"","header-main-stick-meta":"","header-below-stick-meta":"","astra-migrate-meta-layouts":"set","ast-page-background-enabled":"default","ast-page-background-meta":{"desktop":{"background-color":"var(--ast-global-color-4)","background-image":"","background-repeat":"repeat","background-position":"center center","background-size":"auto","background-attachment":"scroll","background-type":"","background-media":"","overlay-type":"","overlay-color":"","overlay-opacity":"","overlay-gradient":""},"tablet":{"background-color":"","background-image":"","background-repeat":"repeat","background-position":"center center","background-size":"auto","background-attachment":"scroll","background-type":"","background-media":"","overlay-type":"","overlay-color":"","overlay-opacity":"","overlay-gradient":""},"mobile":{"background-color":"","background-image":"","background-repeat":"repeat","background-position":"center center","background-size":"auto","background-attachment":"scroll","background-type":"","background-media":"","overlay-type":"","overlay-color":"","overlay-opacity":"","overlay-gradient":""}},"ast-content-background-meta":{"desktop":{"background-color":"var(--ast-global-color-5)","background-image":"","background-repeat":"repeat","background-position":"center center","background-size":"auto","background-attachment":"scroll","background-type":"","background-media":"","overlay-type":"","overlay-color":"","overlay-opacity":"","overlay-gradient":""},"tablet":{"background-color":"var(--ast-global-color-5)","background-image":"","background-repeat":"repeat","background-position":"center center","background-size":"auto","background-attachment":"scroll","background-type":"","background-media":"","overlay-type":"","overlay-color":"","overlay-opacity":"","overlay-gradient":""},"mobile":{"background-color":"var(--ast-global-color-5)","background-image":"","background-repeat":"repeat","background-position":"center center","background-size":"auto","background-attachment":"scroll","background-type":"","background-media":"","overlay-type":"","overlay-color":"","overlay-opacity":"","overlay-gradient":""}}},"product_brand":[],"product_cat":[705,116,33],"product_tag":[669,668,665,667,261,670,73,56],"class_list":{"0":"post-6468","1":"product","2":"type-product","3":"status-publish","4":"has-post-thumbnail","6":"product_cat-manual-ball-valve","7":"product_cat-manual-valves","8":"product_cat-products","9":"product_tag-2-way-ball-valve","10":"product_tag-2-way-female-thread-ball-valve","11":"product_tag-female-thread-ball-valve","12":"product_tag-manual-thread-ball-valve","13":"product_tag-manual-valve","14":"product_tag-stainless-steel-thread-ball-valve","15":"product_tag-valve","16":"product_tag-valves","17":"desktop-align-center","18":"tablet-align-left","19":"mobile-align-left","21":"first","22":"instock","23":"shipping-taxable","24":"product-type-simple"},"_links":{"self":[{"href":"https:\/\/www.delcofluid.com\/de\/wp-json\/wp\/v2\/product\/6468","targetHints":{"allow":["GET"]}}],"collection":[{"href":"https:\/\/www.delcofluid.com\/de\/wp-json\/wp\/v2\/product"}],"about":[{"href":"https:\/\/www.delcofluid.com\/de\/wp-json\/wp\/v2\/types\/product"}],"version-history":[{"count":0,"href":"https:\/\/www.delcofluid.com\/de\/wp-json\/wp\/v2\/product\/6468\/revisions"}],"wp:featuredmedia":[{"embeddable":true,"href":"https:\/\/www.delcofluid.com\/de\/wp-json\/wp\/v2\/media\/7175"}],"wp:attachment":[{"href":"https:\/\/www.delcofluid.com\/de\/wp-json\/wp\/v2\/media?parent=6468"}],"wp:term":[{"taxonomy":"product_brand","embeddable":true,"href":"https:\/\/www.delcofluid.com\/de\/wp-json\/wp\/v2\/product_brand?post=6468"},{"taxonomy":"product_cat","embeddable":true,"href":"https:\/\/www.delcofluid.com\/de\/wp-json\/wp\/v2\/product_cat?post=6468"},{"taxonomy":"product_tag","embeddable":true,"href":"https:\/\/www.delcofluid.com\/de\/wp-json\/wp\/v2\/product_tag?post=6468"}],"curies":[{"name":"wp","href":"https:\/\/api.w.org\/{rel}","templated":true}]}}