{"id":6507,"date":"2024-07-05T07:54:49","date_gmt":"2024-07-05T06:54:49","guid":{"rendered":"https:\/\/www.delcofluid.com\/?post_type=product&#038;p=6507"},"modified":"2024-08-09T08:12:00","modified_gmt":"2024-08-09T07:12:00","slug":"manual-stainless-steel-3pc-full-port-female-thread-ball-valve","status":"publish","type":"product","link":"https:\/\/www.delcofluid.com\/de\/produkt\/manual-stainless-steel-3pc-full-port-female-thread-ball-valve\/","title":{"rendered":"Manueller 3-teiliger Kugelhahn aus Edelstahl mit vollem Durchgang und Innengewinde"},"content":{"rendered":"<div data-elementor-type=\"product-post\" data-elementor-id=\"6507\" class=\"elementor elementor-6507\" data-elementor-post-type=\"product\">\n\t\t\t\t<div class=\"elementor-element elementor-element-6fb59a60 e-con-full e-flex e-con e-parent\" data-id=\"6fb59a60\" data-element_type=\"container\" data-e-type=\"container\" data-settings=\"{&quot;ekit_has_onepagescroll_dot&quot;:&quot;yes&quot;}\">\n\t\t<div class=\"elementor-element elementor-element-b2e102c e-con-full e-flex e-con e-child\" data-id=\"b2e102c\" data-element_type=\"container\" data-e-type=\"container\" data-settings=\"{&quot;ekit_has_onepagescroll_dot&quot;:&quot;yes&quot;}\">\n\t\t\t\t<div class=\"elementor-element elementor-element-4c3cf80 elementor-widget elementor-widget-heading\" data-id=\"4c3cf80\" data-element_type=\"widget\" data-e-type=\"widget\" data-settings=\"{&quot;ekit_we_effect_on&quot;:&quot;none&quot;}\" data-widget_type=\"heading.default\">\n\t\t\t\t<div class=\"elementor-widget-container\">\n\t\t\t\t\t<h2 class=\"elementor-heading-title elementor-size-default\">Merkmale<\/h2>\t\t\t\t<\/div>\n\t\t\t\t<\/div>\n\t\t\t\t<div class=\"elementor-element elementor-element-1af4cc68 elementor-widget__width-initial elementor-widget elementor-widget-text-editor\" data-id=\"1af4cc68\" data-element_type=\"widget\" data-e-type=\"widget\" data-settings=\"{&quot;ekit_we_effect_on&quot;:&quot;none&quot;}\" data-widget_type=\"text-editor.default\">\n\t\t\t\t<div class=\"elementor-widget-container\">\n\t\t\t\t\t\t\t\t\t<ul><li>Kompakte Struktur: Die Struktur besteht aus einem Hauptventilk\u00f6rper und zwei Unterk\u00f6rpern, die zu einer Einheit zusammengeschraubt sind. Dies erleichtert die Installation, Demontage und Wartung und erm\u00f6glicht die Anpassung an eine Vielzahl von Platzbeschr\u00e4nkungen und komplexen Umgebungen.<\/li><li>Durchgehende Bohrung: Die durchgehende Bohrung des Kugelhahns gew\u00e4hrleistet einen ungehinderten Fl\u00fcssigkeitsfluss, verringert den Fl\u00fcssigkeitswiderstand und erh\u00f6ht die Systemleistung f\u00fcr eine breite Palette von Rohrleitungssystemen.<\/li><li>Einfache Bedienung: Die Vierteldrehung kann mit einer 90-Grad-Drehung durchgef\u00fchrt werden und das \u00d6ffnen und Schlie\u00dfen von vollst\u00e4ndig ge\u00f6ffnet bis vollst\u00e4ndig geschlossen erfolgt extrem schnell, was die Fernsteuerung und -bedienung erleichtert.<\/li><li>Korrosionsbest\u00e4ndigkeit: Verwendet hochwertige Edelstahl- und PTFE-Dichtungen mit hervorragender Korrosionsbest\u00e4ndigkeit und dichter Abdichtung. Geeignet f\u00fcr eine Vielzahl von Medien wie Wasser, \u00d6l, Gas\/Luft, leichte Basen, S\u00e4uren, Biodiesel, Kraftstoffe und Alkohole.<\/li><li>\u00a0Vielf\u00e4ltige Anwendungen: Bietet zuverl\u00e4ssige Fl\u00fcssigkeitskontrolle und Dichtungsleistung in einem breiten Anwendungsbereich, darunter Wasseraufbereitung, Lebensmittel und Getr\u00e4nke, Schiffbau, Kesselsysteme, \u00d6l und Gas, Gasindustrie und Vakuumsysteme.<\/li><\/ul>\t\t\t\t\t\t\t\t<\/div>\n\t\t\t\t<\/div>\n\t\t\t\t<\/div>\n\t\t\t\t<div class=\"elementor-element elementor-element-8e57110 elementor-widget elementor-widget-image\" data-id=\"8e57110\" data-element_type=\"widget\" data-e-type=\"widget\" data-settings=\"{&quot;ekit_we_effect_on&quot;:&quot;none&quot;}\" data-widget_type=\"image.default\">\n\t\t\t\t<div class=\"elementor-widget-container\">\n\t\t\t\t\t\t\t\t\t\t\t\t\t\t\t<img fetchpriority=\"high\" decoding=\"async\" width=\"768\" height=\"759\" src=\"https:\/\/www.delcofluid.com\/wp-content\/uploads\/2024\/03\/product-finder-graphic-3-x900.jpg\" class=\"attachment-large size-large wp-image-2576\" alt=\"Solenoid Valves\" srcset=\"https:\/\/www.delcofluid.com\/wp-content\/uploads\/2024\/03\/product-finder-graphic-3-x900.jpg 768w, https:\/\/www.delcofluid.com\/wp-content\/uploads\/2024\/03\/product-finder-graphic-3-x900-100x100.jpg 100w, https:\/\/www.delcofluid.com\/wp-content\/uploads\/2024\/03\/product-finder-graphic-3-x900-600x593.jpg 600w, https:\/\/www.delcofluid.com\/wp-content\/uploads\/2024\/03\/product-finder-graphic-3-x900-300x296.jpg 300w\" sizes=\"(max-width: 768px) 100vw, 768px\" \/>\t\t\t\t\t\t\t\t\t\t\t\t\t\t\t<\/div>\n\t\t\t\t<\/div>\n\t\t\t\t<\/div>\n\t\t<div class=\"elementor-element elementor-element-a55eeda e-flex e-con-boxed e-con e-parent\" data-id=\"a55eeda\" data-element_type=\"container\" data-e-type=\"container\" data-settings=\"{&quot;background_background&quot;:&quot;classic&quot;,&quot;ekit_has_onepagescroll_dot&quot;:&quot;yes&quot;}\">\n\t\t\t\t\t<div class=\"e-con-inner\">\n\t\t\t\t<div class=\"elementor-element elementor-element-585e9d9 elementor-widget elementor-widget-heading\" data-id=\"585e9d9\" data-element_type=\"widget\" data-e-type=\"widget\" data-settings=\"{&quot;ekit_we_effect_on&quot;:&quot;none&quot;}\" data-widget_type=\"heading.default\">\n\t\t\t\t<div class=\"elementor-widget-container\">\n\t\t\t\t\t<h2 class=\"elementor-heading-title elementor-size-default\">Technische Parameter<\/h2>\t\t\t\t<\/div>\n\t\t\t\t<\/div>\n\t\t\t\t\t<\/div>\n\t\t\t\t<\/div>\n\t\t<div class=\"elementor-element elementor-element-3414eb9 e-con-full e-flex e-con e-parent\" data-id=\"3414eb9\" data-element_type=\"container\" data-e-type=\"container\" data-settings=\"{&quot;background_background&quot;:&quot;classic&quot;,&quot;ekit_has_onepagescroll_dot&quot;:&quot;yes&quot;}\">\n\t\t\t\t<div class=\"elementor-element elementor-element-13df62f elementor-widget__width-initial elementor-widget elementor-widget-text-editor\" data-id=\"13df62f\" data-element_type=\"widget\" data-e-type=\"widget\" data-settings=\"{&quot;ekit_we_effect_on&quot;:&quot;none&quot;}\" data-widget_type=\"text-editor.default\">\n\t\t\t\t<div class=\"elementor-widget-container\">\n\t\t\t\t\t\t\t\t\t<table width=\"855\">\n<tbody>\n<tr>\n<td width=\"159\">Anschlussgr\u00f6\u00dfe:<\/td>\n<td width=\"205\">&nbsp;1\/4\u2033 bis 4\u2033<\/td>\n<td width=\"146\">Material:<\/td>\n<td width=\"345\">Edelstahl 304 oder Edelstahl 316<\/td>\n<\/tr>\n<tr>\n<td width=\"159\">Druckbereich:<\/td>\n<td>10bar, 16bar<\/td>\n<td width=\"146\">Leistung:<\/td>\n<td width=\"345\">Handhaben<\/td>\n<\/tr>\n<tr>\n<td width=\"159\">Garantie:<\/td>\n<td width=\"205\">12 Motten<\/td>\n<td width=\"146\">Temperaturbereich:<\/td>\n<td width=\"345\">-29~180\u2103<\/td>\n<\/tr>\n<tr>\n<td width=\"159\">Verbindung:<\/td>\n<td width=\"205\">Innengewinde<\/td>\n<td width=\"146\">Geeignete Medien<\/td>\n<td width=\"345\">Wasser, \u00d6l, Gas, Salpeters\u00e4ure, Essigs\u00e4ure usw.<\/td>\n<\/tr>\n<\/tbody>\n<\/table>\t\t\t\t\t\t\t\t<\/div>\n\t\t\t\t<\/div>\n\t\t\t\t<\/div>\n\t\t<div class=\"elementor-element elementor-element-daef6c8 e-con-full e-flex e-con e-parent\" data-id=\"daef6c8\" data-element_type=\"container\" data-e-type=\"container\" data-settings=\"{&quot;ekit_has_onepagescroll_dot&quot;:&quot;yes&quot;}\">\n\t\t\t\t<div class=\"elementor-element elementor-element-52ddb61 elementor-widget elementor-widget-heading\" data-id=\"52ddb61\" data-element_type=\"widget\" data-e-type=\"widget\" data-settings=\"{&quot;ekit_we_effect_on&quot;:&quot;none&quot;}\" data-widget_type=\"heading.default\">\n\t\t\t\t<div class=\"elementor-widget-container\">\n\t\t\t\t\t<h2 class=\"elementor-heading-title elementor-size-default\">Anwendung<\/h2>\t\t\t\t<\/div>\n\t\t\t\t<\/div>\n\t\t\t\t<div class=\"elementor-element elementor-element-ac1034b elementor-widget elementor-widget-text-editor\" data-id=\"ac1034b\" data-element_type=\"widget\" data-e-type=\"widget\" data-settings=\"{&quot;ekit_we_effect_on&quot;:&quot;none&quot;}\" data-widget_type=\"text-editor.default\">\n\t\t\t\t<div class=\"elementor-widget-container\">\n\t\t\t\t\t\t\t\t\t<p>Wasseraufbereitung<br \/>Der manuelle dreiteilige Kugelhahn aus Edelstahl mit Gewinde ist in Wasseraufbereitungssystemen unverzichtbar. Seine Korrosionsbest\u00e4ndigkeit und dichte Abdichtung gew\u00e4hrleisten einen effizienten und zuverl\u00e4ssigen Betrieb. Das Design mit durchgehender Bohrung erm\u00f6glicht einen reibungslosen Fl\u00fcssigkeitsdurchgang, verringert den Widerstand und verbessert die Systemeffizienz.<br \/>Nahrungsmittel und Getr\u00e4nke<br \/>In der Lebensmittel- und Getr\u00e4nkeindustrie bietet dieses Ventil mit seiner Edelstahlkonstruktion und den PTFE-Dichtungen hervorragenden Korrosionsschutz und Sicherheit. Es erf\u00fcllt hohe Hygienestandards und gew\u00e4hrleistet so Produktqualit\u00e4t und -sicherheit.<br \/>Kesselsysteme<br \/>Diese Ventile werden zur Fl\u00fcssigkeitsregelung in Kesselsystemen verwendet und halten hohen Temperaturen und Dr\u00fccken stand. So wird ein sicherer Betrieb des Systems gew\u00e4hrleistet und Lecks und Unf\u00e4lle verhindert.<br \/>\u00d6l und Gas<br \/>Dieses Ventil spielt eine wichtige Rolle bei der F\u00f6rderung, Verarbeitung und \u00dcbertragung von \u00d6l und Gas. Es h\u00e4lt Hochdruckumgebungen stand und bietet eine zuverl\u00e4ssige Abdichtung, um Leckagen zu verhindern und einen sicheren Betrieb zu gew\u00e4hrleisten.<br \/>Gasindustrie<br \/>Beim Gastransport sorgt das Ventil dank seiner kompakten Bauweise und einfachen Bedienung f\u00fcr eine zuverl\u00e4ssige Abdichtung und Durchflussregelung und kann sich an unterschiedliche Arbeitsdruck- und Temperaturbedingungen anpassen, um einen stabilen Betrieb des Systems zu gew\u00e4hrleisten.<br \/>Vakuumsystem<br \/>Der manuelle dreiteilige Kugelhahn mit Gewinde aus Edelstahl ist auch f\u00fcr Vakuumsysteme geeignet und bietet eine gute Dichtleistung, um das Vakuumniveau des Systems sicherzustellen und die Arbeitseffizienz zu verbessern.<\/p>\t\t\t\t\t\t\t\t<\/div>\n\t\t\t\t<\/div>\n\t\t\t\t<\/div>\n\t\t\t\t<\/div>","protected":false},"excerpt":{"rendered":"<p>Das manuelle 3PC-Kugelventil aus Edelstahl mit Innengewinde und vollem Durchgang zeichnet sich durch ein einfaches, kompaktes und zuverl\u00e4ssiges Design aus. Es besteht aus einem Hauptventilk\u00f6rper und zwei Unterk\u00f6rpern, die zu einer Einheit zusammengeschraubt sind. Diese Konfiguration erm\u00f6glicht eine einfache Montage und Demontage f\u00fcr eine bequeme Wartung. Das Design mit vollem Durchgang gew\u00e4hrleistet einen minimalen Fl\u00fcssigkeitswiderstand, vergleichbar mit einem Rohr gleicher L\u00e4nge, und verhindert Korrosion der Ventildichtfl\u00e4che. Ausgestattet mit PTFE-Sitzen und -Dichtungen h\u00e4lt es Arbeitsdr\u00fccken von bis zu 1000 PSI stand.<\/p>\n<p>Diese Gewindeventile erf\u00fcllen internationale Normen und sind f\u00fcr Niederdruck-Rohrleitungssysteme geeignet. Sie bieten dichte Abdichtungen und zuverl\u00e4ssige Leistung \u00fcber viele Jahre intensiver Nutzung. Aufgrund ihrer hervorragenden Korrosionsbest\u00e4ndigkeit sind sie f\u00fcr eine Vielzahl von Anwendungen geeignet, darunter Wasser, \u00d6l, Gas, leichte Laugen und S\u00e4uren, Biodiesel, Kraftstoff und Alkohol.<\/p>\n<p>Modell: Manueller Gewindekugelhahn<br \/>\nGr\u00f6\u00dfenbereich: 1\/4\u2033 bis 4\u2033<br \/>\nDruckbereich: 10bar, 16bar<br \/>\nMaterial: Edelstahl 304 oder Edelstahl 316<\/p>\n<p>&nbsp;<\/p>","protected":false},"featured_media":7172,"template":"","meta":{"site-sidebar-layout":"default","site-content-layout":"","ast-site-content-layout":"default","site-content-style":"default","site-sidebar-style":"default","ast-global-header-display":"","ast-banner-title-visibility":"","ast-main-header-display":"","ast-hfb-above-header-display":"","ast-hfb-below-header-display":"","ast-hfb-mobile-header-display":"","site-post-title":"","ast-breadcrumbs-content":"","ast-featured-img":"","footer-sml-layout":"","ast-disable-related-posts":"","theme-transparent-header-meta":"default","adv-header-id-meta":"","stick-header-meta":"","header-above-stick-meta":"","header-main-stick-meta":"","header-below-stick-meta":"","astra-migrate-meta-layouts":"set","ast-page-background-enabled":"default","ast-page-background-meta":{"desktop":{"background-color":"var(--ast-global-color-4)","background-image":"","background-repeat":"repeat","background-position":"center center","background-size":"auto","background-attachment":"scroll","background-type":"","background-media":"","overlay-type":"","overlay-color":"","overlay-opacity":"","overlay-gradient":""},"tablet":{"background-color":"","background-image":"","background-repeat":"repeat","background-position":"center center","background-size":"auto","background-attachment":"scroll","background-type":"","background-media":"","overlay-type":"","overlay-color":"","overlay-opacity":"","overlay-gradient":""},"mobile":{"background-color":"","background-image":"","background-repeat":"repeat","background-position":"center center","background-size":"auto","background-attachment":"scroll","background-type":"","background-media":"","overlay-type":"","overlay-color":"","overlay-opacity":"","overlay-gradient":""}},"ast-content-background-meta":{"desktop":{"background-color":"var(--ast-global-color-5)","background-image":"","background-repeat":"repeat","background-position":"center center","background-size":"auto","background-attachment":"scroll","background-type":"","background-media":"","overlay-type":"","overlay-color":"","overlay-opacity":"","overlay-gradient":""},"tablet":{"background-color":"var(--ast-global-color-5)","background-image":"","background-repeat":"repeat","background-position":"center center","background-size":"auto","background-attachment":"scroll","background-type":"","background-media":"","overlay-type":"","overlay-color":"","overlay-opacity":"","overlay-gradient":""},"mobile":{"background-color":"var(--ast-global-color-5)","background-image":"","background-repeat":"repeat","background-position":"center center","background-size":"auto","background-attachment":"scroll","background-type":"","background-media":"","overlay-type":"","overlay-color":"","overlay-opacity":"","overlay-gradient":""}}},"product_brand":[],"product_cat":[705,116,33],"product_tag":[669,668,98,217,665,673,703,667,261,670,73,56],"class_list":{"0":"post-6507","1":"product","2":"type-product","3":"status-publish","4":"has-post-thumbnail","6":"product_cat-manual-ball-valve","7":"product_cat-manual-valves","8":"product_cat-products","9":"product_tag-2-way-ball-valve","10":"product_tag-2-way-female-thread-ball-valve","11":"product_tag-ball-valve","12":"product_tag-ball-valves","13":"product_tag-female-thread-ball-valve","14":"product_tag-full-port-thread-ball-valve","15":"product_tag-manual-ball-valve","16":"product_tag-manual-thread-ball-valve","17":"product_tag-manual-valve","18":"product_tag-stainless-steel-thread-ball-valve","19":"product_tag-valve","20":"product_tag-valves","21":"desktop-align-center","22":"tablet-align-left","23":"mobile-align-left","25":"first","26":"instock","27":"shipping-taxable","28":"product-type-simple"},"_links":{"self":[{"href":"https:\/\/www.delcofluid.com\/de\/wp-json\/wp\/v2\/product\/6507","targetHints":{"allow":["GET"]}}],"collection":[{"href":"https:\/\/www.delcofluid.com\/de\/wp-json\/wp\/v2\/product"}],"about":[{"href":"https:\/\/www.delcofluid.com\/de\/wp-json\/wp\/v2\/types\/product"}],"version-history":[{"count":0,"href":"https:\/\/www.delcofluid.com\/de\/wp-json\/wp\/v2\/product\/6507\/revisions"}],"wp:featuredmedia":[{"embeddable":true,"href":"https:\/\/www.delcofluid.com\/de\/wp-json\/wp\/v2\/media\/7172"}],"wp:attachment":[{"href":"https:\/\/www.delcofluid.com\/de\/wp-json\/wp\/v2\/media?parent=6507"}],"wp:term":[{"taxonomy":"product_brand","embeddable":true,"href":"https:\/\/www.delcofluid.com\/de\/wp-json\/wp\/v2\/product_brand?post=6507"},{"taxonomy":"product_cat","embeddable":true,"href":"https:\/\/www.delcofluid.com\/de\/wp-json\/wp\/v2\/product_cat?post=6507"},{"taxonomy":"product_tag","embeddable":true,"href":"https:\/\/www.delcofluid.com\/de\/wp-json\/wp\/v2\/product_tag?post=6507"}],"curies":[{"name":"wp","href":"https:\/\/api.w.org\/{rel}","templated":true}]}}