{"id":6592,"date":"2024-07-08T09:54:11","date_gmt":"2024-07-08T08:54:11","guid":{"rendered":"https:\/\/www.delcofluid.com\/?post_type=product&#038;p=6592"},"modified":"2024-08-12T05:00:45","modified_gmt":"2024-08-12T04:00:45","slug":"stainless-steel-spring-loaded-closed-flange-safety-valve","status":"publish","type":"product","link":"https:\/\/www.delcofluid.com\/de\/produkt\/stainless-steel-spring-loaded-closed-flange-safety-valve\/","title":{"rendered":"Federbelastetes Sicherheitsventil mit geschlossenem Flansch aus Edelstahl"},"content":{"rendered":"<div data-elementor-type=\"product-post\" data-elementor-id=\"6592\" class=\"elementor elementor-6592\" data-elementor-post-type=\"product\">\n\t\t\t\t<div class=\"elementor-element elementor-element-6fb59a60 e-con-full e-flex e-con e-parent\" data-id=\"6fb59a60\" data-element_type=\"container\" data-e-type=\"container\" data-settings=\"{&quot;ekit_has_onepagescroll_dot&quot;:&quot;yes&quot;}\">\n\t\t<div class=\"elementor-element elementor-element-b2e102c e-con-full e-flex e-con e-child\" data-id=\"b2e102c\" data-element_type=\"container\" data-e-type=\"container\" data-settings=\"{&quot;ekit_has_onepagescroll_dot&quot;:&quot;yes&quot;}\">\n\t\t\t\t<div class=\"elementor-element elementor-element-4c3cf80 elementor-widget elementor-widget-heading\" data-id=\"4c3cf80\" data-element_type=\"widget\" data-e-type=\"widget\" data-settings=\"{&quot;ekit_we_effect_on&quot;:&quot;none&quot;}\" data-widget_type=\"heading.default\">\n\t\t\t\t<div class=\"elementor-widget-container\">\n\t\t\t\t\t<h2 class=\"elementor-heading-title elementor-size-default\">Merkmale<\/h2>\t\t\t\t<\/div>\n\t\t\t\t<\/div>\n\t\t\t\t<div class=\"elementor-element elementor-element-1af4cc68 elementor-widget__width-initial elementor-widget elementor-widget-text-editor\" data-id=\"1af4cc68\" data-element_type=\"widget\" data-e-type=\"widget\" data-settings=\"{&quot;ekit_we_effect_on&quot;:&quot;none&quot;}\" data-widget_type=\"text-editor.default\">\n\t\t\t\t<div class=\"elementor-widget-container\">\n\t\t\t\t\t\t\t\t\t<ul><li>Stabilisierung des Systemdrucks: Das Sicherheitsventil \u00f6ffnet sich automatisch, um \u00fcbersch\u00fcssigen Druck abzulassen, wenn dieser den eingestellten Wert \u00fcberschreitet, und schlie\u00dft sich, sobald der Normaldruck wiederhergestellt ist, um einen stabilen Betrieb zu gew\u00e4hrleisten.<\/li><li>\u00dcberlegene Korrosionsbest\u00e4ndigkeit: Dieses aus hochwertigem Edelstahl gefertigte Flanschsicherheitsventil weist eine au\u00dfergew\u00f6hnliche Korrosionsbest\u00e4ndigkeit auf und gew\u00e4hrleistet einen stabilen Betrieb in einer Vielzahl rauer Umgebungen \u00fcber l\u00e4ngere Zeitr\u00e4ume.<\/li><li>Leistung bei hohen Temperaturen: Dieses Ventil wurde f\u00fcr Anwendungen bei hohen Temperaturen entwickelt und gibt bei extremer Hitze effektiv Druck ab, wodurch der sichere Betrieb von Ger\u00e4ten und Systemen gew\u00e4hrleistet wird.<\/li><li>Kompaktes Design: Die kompakte Struktur erleichtert die Installation und Wartung auf engstem Raum und optimiert die Ger\u00e4teanordnung und Zug\u00e4nglichkeit.<\/li><li>Vielseitige Fl\u00fcssigkeitskompatibilit\u00e4t: Dieses Ventil kann eine breite Palette an Gasen und Fl\u00fcssigkeiten handhaben und ist ideal f\u00fcr verschiedene Branchen, darunter Chemie, Petrochemie, Kohlebergbau und Elektrizit\u00e4tswirtschaft, und bietet umfassende Anwendungsvielseitigkeit.<\/li><li>Effiziente Druckregulierung: Als automatisches Druckablassger\u00e4t \u00f6ffnet sich das Ventil, wenn der Druck den Standardschwellenwert \u00fcberschreitet, und verhindert so einen \u00fcberm\u00e4\u00dfigen Druckaufbau. Es schlie\u00dft automatisch, wenn sich der Druck normalisiert, und gew\u00e4hrleistet so den stabilen Betrieb des Systems. \u00a0 \u00a0\u00a0<\/li><\/ul>\t\t\t\t\t\t\t\t<\/div>\n\t\t\t\t<\/div>\n\t\t\t\t<\/div>\n\t\t\t\t<div class=\"elementor-element elementor-element-8e57110 elementor-widget elementor-widget-image\" data-id=\"8e57110\" data-element_type=\"widget\" data-e-type=\"widget\" data-settings=\"{&quot;ekit_we_effect_on&quot;:&quot;none&quot;}\" data-widget_type=\"image.default\">\n\t\t\t\t<div class=\"elementor-widget-container\">\n\t\t\t\t\t\t\t\t\t\t\t\t\t\t\t<img fetchpriority=\"high\" decoding=\"async\" width=\"768\" height=\"759\" src=\"https:\/\/www.delcofluid.com\/wp-content\/uploads\/2024\/03\/product-finder-graphic-3-x900.jpg\" class=\"attachment-large size-large wp-image-2576\" alt=\"Solenoid Valves\" srcset=\"https:\/\/www.delcofluid.com\/wp-content\/uploads\/2024\/03\/product-finder-graphic-3-x900.jpg 768w, https:\/\/www.delcofluid.com\/wp-content\/uploads\/2024\/03\/product-finder-graphic-3-x900-100x100.jpg 100w, https:\/\/www.delcofluid.com\/wp-content\/uploads\/2024\/03\/product-finder-graphic-3-x900-600x593.jpg 600w, https:\/\/www.delcofluid.com\/wp-content\/uploads\/2024\/03\/product-finder-graphic-3-x900-300x296.jpg 300w\" sizes=\"(max-width: 768px) 100vw, 768px\" \/>\t\t\t\t\t\t\t\t\t\t\t\t\t\t\t<\/div>\n\t\t\t\t<\/div>\n\t\t\t\t<\/div>\n\t\t<div class=\"elementor-element elementor-element-a55eeda e-flex e-con-boxed e-con e-parent\" data-id=\"a55eeda\" data-element_type=\"container\" data-e-type=\"container\" data-settings=\"{&quot;background_background&quot;:&quot;classic&quot;,&quot;ekit_has_onepagescroll_dot&quot;:&quot;yes&quot;}\">\n\t\t\t\t\t<div class=\"e-con-inner\">\n\t\t\t\t<div class=\"elementor-element elementor-element-585e9d9 elementor-widget elementor-widget-heading\" data-id=\"585e9d9\" data-element_type=\"widget\" data-e-type=\"widget\" data-settings=\"{&quot;ekit_we_effect_on&quot;:&quot;none&quot;}\" data-widget_type=\"heading.default\">\n\t\t\t\t<div class=\"elementor-widget-container\">\n\t\t\t\t\t<h2 class=\"elementor-heading-title elementor-size-default\">Technische Parameter<\/h2>\t\t\t\t<\/div>\n\t\t\t\t<\/div>\n\t\t\t\t\t<\/div>\n\t\t\t\t<\/div>\n\t\t<div class=\"elementor-element elementor-element-3414eb9 e-con-full e-flex e-con e-parent\" data-id=\"3414eb9\" data-element_type=\"container\" data-e-type=\"container\" data-settings=\"{&quot;background_background&quot;:&quot;classic&quot;,&quot;ekit_has_onepagescroll_dot&quot;:&quot;yes&quot;}\">\n\t\t\t\t<div class=\"elementor-element elementor-element-13df62f elementor-widget__width-initial elementor-widget elementor-widget-text-editor\" data-id=\"13df62f\" data-element_type=\"widget\" data-e-type=\"widget\" data-settings=\"{&quot;ekit_we_effect_on&quot;:&quot;none&quot;}\" data-widget_type=\"text-editor.default\">\n\t\t\t\t<div class=\"elementor-widget-container\">\n\t\t\t\t\t\t\t\t\t<table width=\"855\">\n<tbody>\n<tr>\n<td width=\"159\">Gr\u00f6\u00dfenbereich:<\/td>\n<td width=\"205\">3\/4\u2033 bis 16\u2033<\/td>\n<td width=\"146\">Material:<\/td>\n<td width=\"345\">Edelstahl 304\/316, WCB<\/td>\n<\/tr>\n<tr>\n<td width=\"159\">Druckbereich:<\/td>\n<td>&nbsp;1,6 MPa bis 4 MPa<br><\/td>\n<td width=\"146\">Leistung:<\/td>\n<td width=\"345\">Handhaben<\/td>\n<\/tr>\n<tr>\n<td width=\"159\">Garantie:<\/td>\n<td width=\"205\">12 Motten<\/td>\n<td width=\"146\">K\u00f6rper:<\/td>\n<td width=\"345\">WCB<\/td>\n<\/tr>\n<tr>\n<td width=\"159\">Die Dichtfl\u00e4che des Materials:<\/td>\n<td width=\"205\">Ablagerung von Stellit<\/td>\n<td width=\"146\">Nozzio<\/td>\n<td width=\"345\">2Cr13<\/td>\n<\/tr>\n<\/tbody>\n<\/table>\t\t\t\t\t\t\t\t<\/div>\n\t\t\t\t<\/div>\n\t\t\t\t<\/div>\n\t\t<div class=\"elementor-element elementor-element-daef6c8 e-con-full e-flex e-con e-parent\" data-id=\"daef6c8\" data-element_type=\"container\" data-e-type=\"container\" data-settings=\"{&quot;ekit_has_onepagescroll_dot&quot;:&quot;yes&quot;}\">\n\t\t\t\t<div class=\"elementor-element elementor-element-52ddb61 elementor-widget elementor-widget-heading\" data-id=\"52ddb61\" data-element_type=\"widget\" data-e-type=\"widget\" data-settings=\"{&quot;ekit_we_effect_on&quot;:&quot;none&quot;}\" data-widget_type=\"heading.default\">\n\t\t\t\t<div class=\"elementor-widget-container\">\n\t\t\t\t\t<h2 class=\"elementor-heading-title elementor-size-default\">Anwendung<\/h2>\t\t\t\t<\/div>\n\t\t\t\t<\/div>\n\t\t\t\t<div class=\"elementor-element elementor-element-ac1034b elementor-widget elementor-widget-text-editor\" data-id=\"ac1034b\" data-element_type=\"widget\" data-e-type=\"widget\" data-settings=\"{&quot;ekit_we_effect_on&quot;:&quot;none&quot;}\" data-widget_type=\"text-editor.default\">\n\t\t\t\t<div class=\"elementor-widget-container\">\n\t\t\t\t\t\t\t\t\t<p>Chemische Industrie: Flanschsicherheitsventile aus Edelstahl werden in Reaktoren, Lagertanks und Rohrleitungen eingesetzt, um \u00dcberdruck zu verhindern und einen sicheren Betrieb zu gew\u00e4hrleisten.<br \/>Petrochemische Industrie: Sicherheitsventile sind f\u00fcr Raffinationsprozesse, Gasaufbereitung und -speicherung von entscheidender Bedeutung, um die Ausr\u00fcstung zu sch\u00fctzen und \u00dcberdruckvorf\u00e4lle zu vermeiden.<br \/>Kohlebergbauindustrie: Sicherheitsventile regeln Bel\u00fcftung, Entw\u00e4sserung und Ger\u00e4tedruck, um einen sicheren Betrieb und die Stabilit\u00e4t der Ger\u00e4te zu gew\u00e4hrleisten.<br \/>Energieerzeugungsindustrie: Sicherheitsventile regulieren den Druck in Kesselsystemen, K\u00fchlanlagen und Energieger\u00e4ten, um einen sicheren und stabilen Betrieb aufrechtzuerhalten.<br \/><br \/><\/p>\t\t\t\t\t\t\t\t<\/div>\n\t\t\t\t<\/div>\n\t\t\t\t<\/div>\n\t\t\t\t<\/div>","protected":false},"excerpt":{"rendered":"<p>Ein Sicherheitsventil ist ein automatisches Druckentlastungsger\u00e4t, das an unter Druck stehenden Ger\u00e4ten, Beh\u00e4ltern oder Rohrleitungen installiert wird. Wenn der Innendruck des Systems den eingestellten Sicherheitswert \u00fcberschreitet, \u00f6ffnet sich das Ventil automatisch, um einen Teil des \u00fcbersch\u00fcssigen Mediums freizugeben und einen weiteren Druckanstieg zu verhindern. Wenn der Systemdruck auf den angegebenen Wert f\u00e4llt, schlie\u00dft sich das Ventil automatisch, um sicherzustellen, dass das System wieder in den Normalbetrieb zur\u00fcckkehrt.<\/p>\n<p>Sicherheitsventile aus Edelstahl sind hervorragend korrosionsbest\u00e4ndig und f\u00fcr eine Vielzahl rauer Umgebungen geeignet. Das Ventil kann unter Hochtemperaturbedingungen stabil arbeiten und so die Sicherheit von Ger\u00e4ten und Systemen gew\u00e4hrleisten. Durch sein kompaktes Design l\u00e4sst es sich leicht installieren und auf engstem Raum bedienen. Das Sicherheitsventil aus Edelstahl kann eine Vielzahl von Fl\u00fcssigkeiten verarbeiten und bietet zuverl\u00e4ssige Druckentlastung und Systemschutz. Daher wird es h\u00e4ufig in der Chemie, Petrochemie, im Kohlebergbau, in der Elektrizit\u00e4tswirtschaft und anderen Bereichen zur Druckregulierung von Gasen und Fl\u00fcssigkeiten eingesetzt.<\/p>\n<p>Modell: Sicherheitsventil<br \/>\nGr\u00f6\u00dfenbereich: 3\/4\u2033 bis 16\u2033<br \/>\nDruckbereich: 1,6 MPa bis 4 MPa<br \/>\nMaterial: Edelstahl 304\/316 oder WCB<\/p>\n<p>&nbsp;<\/p>","protected":false},"featured_media":7167,"template":"","meta":{"site-sidebar-layout":"default","site-content-layout":"","ast-site-content-layout":"default","site-content-style":"default","site-sidebar-style":"default","ast-global-header-display":"","ast-banner-title-visibility":"","ast-main-header-display":"","ast-hfb-above-header-display":"","ast-hfb-below-header-display":"","ast-hfb-mobile-header-display":"","site-post-title":"","ast-breadcrumbs-content":"","ast-featured-img":"","footer-sml-layout":"","ast-disable-related-posts":"","theme-transparent-header-meta":"default","adv-header-id-meta":"","stick-header-meta":"","header-above-stick-meta":"","header-main-stick-meta":"","header-below-stick-meta":"","astra-migrate-meta-layouts":"set","ast-page-background-enabled":"default","ast-page-background-meta":{"desktop":{"background-color":"var(--ast-global-color-4)","background-image":"","background-repeat":"repeat","background-position":"center center","background-size":"auto","background-attachment":"scroll","background-type":"","background-media":"","overlay-type":"","overlay-color":"","overlay-opacity":"","overlay-gradient":""},"tablet":{"background-color":"","background-image":"","background-repeat":"repeat","background-position":"center center","background-size":"auto","background-attachment":"scroll","background-type":"","background-media":"","overlay-type":"","overlay-color":"","overlay-opacity":"","overlay-gradient":""},"mobile":{"background-color":"","background-image":"","background-repeat":"repeat","background-position":"center center","background-size":"auto","background-attachment":"scroll","background-type":"","background-media":"","overlay-type":"","overlay-color":"","overlay-opacity":"","overlay-gradient":""}},"ast-content-background-meta":{"desktop":{"background-color":"var(--ast-global-color-5)","background-image":"","background-repeat":"repeat","background-position":"center center","background-size":"auto","background-attachment":"scroll","background-type":"","background-media":"","overlay-type":"","overlay-color":"","overlay-opacity":"","overlay-gradient":""},"tablet":{"background-color":"var(--ast-global-color-5)","background-image":"","background-repeat":"repeat","background-position":"center center","background-size":"auto","background-attachment":"scroll","background-type":"","background-media":"","overlay-type":"","overlay-color":"","overlay-opacity":"","overlay-gradient":""},"mobile":{"background-color":"var(--ast-global-color-5)","background-image":"","background-repeat":"repeat","background-position":"center center","background-size":"auto","background-attachment":"scroll","background-type":"","background-media":"","overlay-type":"","overlay-color":"","overlay-opacity":"","overlay-gradient":""}}},"product_brand":[],"product_cat":[33,709],"product_tag":[685,684,686,687,73,56],"class_list":{"0":"post-6592","1":"product","2":"type-product","3":"status-publish","4":"has-post-thumbnail","6":"product_cat-products","7":"product_cat-safety-valve","8":"product_tag-flange-safety-valve","9":"product_tag-safety-valve","10":"product_tag-spring-loaded-closed-valve","11":"product_tag-stainless-steel-safety-valve","12":"product_tag-valve","13":"product_tag-valves","14":"desktop-align-center","15":"tablet-align-left","16":"mobile-align-left","18":"first","19":"instock","20":"shipping-taxable","21":"product-type-simple"},"_links":{"self":[{"href":"https:\/\/www.delcofluid.com\/de\/wp-json\/wp\/v2\/product\/6592","targetHints":{"allow":["GET"]}}],"collection":[{"href":"https:\/\/www.delcofluid.com\/de\/wp-json\/wp\/v2\/product"}],"about":[{"href":"https:\/\/www.delcofluid.com\/de\/wp-json\/wp\/v2\/types\/product"}],"version-history":[{"count":0,"href":"https:\/\/www.delcofluid.com\/de\/wp-json\/wp\/v2\/product\/6592\/revisions"}],"wp:featuredmedia":[{"embeddable":true,"href":"https:\/\/www.delcofluid.com\/de\/wp-json\/wp\/v2\/media\/7167"}],"wp:attachment":[{"href":"https:\/\/www.delcofluid.com\/de\/wp-json\/wp\/v2\/media?parent=6592"}],"wp:term":[{"taxonomy":"product_brand","embeddable":true,"href":"https:\/\/www.delcofluid.com\/de\/wp-json\/wp\/v2\/product_brand?post=6592"},{"taxonomy":"product_cat","embeddable":true,"href":"https:\/\/www.delcofluid.com\/de\/wp-json\/wp\/v2\/product_cat?post=6592"},{"taxonomy":"product_tag","embeddable":true,"href":"https:\/\/www.delcofluid.com\/de\/wp-json\/wp\/v2\/product_tag?post=6592"}],"curies":[{"name":"wp","href":"https:\/\/api.w.org\/{rel}","templated":true}]}}