{"id":6646,"date":"2024-07-09T03:33:29","date_gmt":"2024-07-09T02:33:29","guid":{"rendered":"https:\/\/www.delcofluid.com\/?post_type=product&#038;p=6646"},"modified":"2025-02-20T09:50:46","modified_gmt":"2025-02-20T09:50:46","slug":"cast-iron-full-lift-spring-loaded-male-threaded-safety-valve","status":"publish","type":"product","link":"https:\/\/www.delcofluid.com\/de\/produkt\/cast-iron-full-lift-spring-loaded-male-threaded-safety-valve\/","title":{"rendered":"Federbelastetes Flansch-Sicherheitsventil mit Vollhub aus Gusseisen"},"content":{"rendered":"<div data-elementor-type=\"product-post\" data-elementor-id=\"6646\" class=\"elementor elementor-6646\" data-elementor-post-type=\"product\">\n\t\t\t\t<div class=\"elementor-element elementor-element-6fb59a60 e-con-full e-flex e-con e-parent\" data-id=\"6fb59a60\" data-element_type=\"container\" data-e-type=\"container\" data-settings=\"{&quot;ekit_has_onepagescroll_dot&quot;:&quot;yes&quot;}\">\n\t\t<div class=\"elementor-element elementor-element-b2e102c e-con-full e-flex e-con e-child\" data-id=\"b2e102c\" data-element_type=\"container\" data-e-type=\"container\" data-settings=\"{&quot;ekit_has_onepagescroll_dot&quot;:&quot;yes&quot;}\">\n\t\t\t\t<div class=\"elementor-element elementor-element-4c3cf80 elementor-widget elementor-widget-heading\" data-id=\"4c3cf80\" data-element_type=\"widget\" data-e-type=\"widget\" data-settings=\"{&quot;ekit_we_effect_on&quot;:&quot;none&quot;}\" data-widget_type=\"heading.default\">\n\t\t\t\t<div class=\"elementor-widget-container\">\n\t\t\t\t\t<h2 class=\"elementor-heading-title elementor-size-default\">Merkmale<\/h2>\t\t\t\t<\/div>\n\t\t\t\t<\/div>\n\t\t\t\t<div class=\"elementor-element elementor-element-1af4cc68 elementor-widget__width-initial elementor-widget elementor-widget-text-editor\" data-id=\"1af4cc68\" data-element_type=\"widget\" data-e-type=\"widget\" data-settings=\"{&quot;ekit_we_effect_on&quot;:&quot;none&quot;}\" data-widget_type=\"text-editor.default\">\n\t\t\t\t<div class=\"elementor-widget-container\">\n\t\t\t\t\t\t\t\t\t<ul><li>Zuverl\u00e4ssiger \u00dcberdruckschutz: Reguliert \u00fcberm\u00e4\u00dfigen Druck automatisch, um die Ausr\u00fcstung zu sch\u00fctzen und einen stabilen Betrieb sicherzustellen.<\/li><li>Hochtemperaturleistung: Entwickelt f\u00fcr Umgebungen bis zu 350 \u00b0C und daher perfekt f\u00fcr Dampf- und Gasanwendungen.<\/li><li>\u00dcberlegene Abdichtung und Langlebigkeit: Verf\u00fcgt \u00fcber einen einzelnen Schaft mit doppelter F\u00fchrung und einer Mittelkugel f\u00fcr hervorragende Abdichtung und l\u00e4ngere Haltbarkeit.<\/li><li>Vielseitige Anwendungen: Wirksam in zahlreichen Branchen, darunter Chemie, Petrochemie, Kohlebergbau und Stromerzeugung.<\/li><li>Effiziente Einstellung und Wartung: Verf\u00fcgt \u00fcber einen gro\u00dfen Federeinstellbereich und ein Design, das den Wartungsbedarf minimiert.<\/li><li>Auswahl langlebiger Materialien: Erh\u00e4ltlich in robusten Materialien wie Stahlguss, Edelstahl und legiertem Stahl f\u00fcr verschiedene industrielle Anwendungen.\u00a0\u00a0<\/li><\/ul>\t\t\t\t\t\t\t\t<\/div>\n\t\t\t\t<\/div>\n\t\t\t\t<\/div>\n\t\t\t\t<div class=\"elementor-element elementor-element-8e57110 elementor-widget elementor-widget-image\" data-id=\"8e57110\" data-element_type=\"widget\" data-e-type=\"widget\" data-settings=\"{&quot;ekit_we_effect_on&quot;:&quot;none&quot;}\" data-widget_type=\"image.default\">\n\t\t\t\t<div class=\"elementor-widget-container\">\n\t\t\t\t\t\t\t\t\t\t\t\t\t\t\t<img fetchpriority=\"high\" decoding=\"async\" width=\"1024\" height=\"1024\" src=\"https:\/\/www.delcofluid.com\/wp-content\/uploads\/2024\/07\/5-4-1024x1024.jpg\" class=\"attachment-large size-large wp-image-6656\" alt=\"Safety Valve\" srcset=\"https:\/\/www.delcofluid.com\/wp-content\/uploads\/2024\/07\/5-4-1024x1024.jpg 1024w, https:\/\/www.delcofluid.com\/wp-content\/uploads\/2024\/07\/5-4-300x300.jpg 300w, https:\/\/www.delcofluid.com\/wp-content\/uploads\/2024\/07\/5-4-150x150.jpg 150w, https:\/\/www.delcofluid.com\/wp-content\/uploads\/2024\/07\/5-4-768x768.jpg 768w, https:\/\/www.delcofluid.com\/wp-content\/uploads\/2024\/07\/5-4-1536x1536.jpg 1536w, https:\/\/www.delcofluid.com\/wp-content\/uploads\/2024\/07\/5-4-2048x2048.jpg 2048w, https:\/\/www.delcofluid.com\/wp-content\/uploads\/2024\/07\/5-4-600x600.jpg 600w, https:\/\/www.delcofluid.com\/wp-content\/uploads\/2024\/07\/5-4-100x100.jpg 100w\" sizes=\"(max-width: 1024px) 100vw, 1024px\" \/>\t\t\t\t\t\t\t\t\t\t\t\t\t\t\t<\/div>\n\t\t\t\t<\/div>\n\t\t\t\t<\/div>\n\t\t<div class=\"elementor-element elementor-element-a55eeda e-flex e-con-boxed e-con e-parent\" data-id=\"a55eeda\" data-element_type=\"container\" data-e-type=\"container\" data-settings=\"{&quot;background_background&quot;:&quot;classic&quot;,&quot;ekit_has_onepagescroll_dot&quot;:&quot;yes&quot;}\">\n\t\t\t\t\t<div class=\"e-con-inner\">\n\t\t\t\t<div class=\"elementor-element elementor-element-585e9d9 elementor-widget elementor-widget-heading\" data-id=\"585e9d9\" data-element_type=\"widget\" data-e-type=\"widget\" data-settings=\"{&quot;ekit_we_effect_on&quot;:&quot;none&quot;}\" data-widget_type=\"heading.default\">\n\t\t\t\t<div class=\"elementor-widget-container\">\n\t\t\t\t\t<h2 class=\"elementor-heading-title elementor-size-default\">Technische Parameter<\/h2>\t\t\t\t<\/div>\n\t\t\t\t<\/div>\n\t\t\t\t\t<\/div>\n\t\t\t\t<\/div>\n\t\t<div class=\"elementor-element elementor-element-3414eb9 e-con-full e-flex e-con e-parent\" data-id=\"3414eb9\" data-element_type=\"container\" data-e-type=\"container\" data-settings=\"{&quot;background_background&quot;:&quot;classic&quot;,&quot;ekit_has_onepagescroll_dot&quot;:&quot;yes&quot;}\">\n\t\t\t\t<div class=\"elementor-element elementor-element-13df62f elementor-widget__width-initial elementor-widget elementor-widget-text-editor\" data-id=\"13df62f\" data-element_type=\"widget\" data-e-type=\"widget\" data-settings=\"{&quot;ekit_we_effect_on&quot;:&quot;none&quot;}\" data-widget_type=\"text-editor.default\">\n\t\t\t\t<div class=\"elementor-widget-container\">\n\t\t\t\t\t\t\t\t\t<table width=\"855\">\n<tbody>\n<tr>\n<td width=\"159\">Gr\u00f6\u00dfenbereich:<\/td>\n<td width=\"205\">3\/4\u201d bis 16\u2033<\/td>\n<td width=\"146\">Material:<\/td>\n<td width=\"345\">WCB, CF8M<\/td>\n<\/tr>\n<tr>\n<td width=\"159\">Druckbereich:<\/td>\n<td>&nbsp;1,6 MPa bis 4 MPa<br><\/td>\n<td width=\"146\">Ventilsitz:<\/td>\n<td width=\"345\">ZG2Cr13<\/td>\n<\/tr>\n<tr>\n<td width=\"159\">Garantie:<\/td>\n<td width=\"205\">12 Motten<\/td>\n<td width=\"146\">&nbsp;Ventilteller:<\/td>\n<td width=\"345\">2Cr13<\/td>\n<\/tr>\n<tr>\n<td width=\"159\">Ventilk\u00f6rper:<\/td>\n<td width=\"205\">WCB<\/td>\n<td width=\"146\">Fr\u00fchling<\/td>\n<td width=\"345\">50CrVA<\/td>\n<\/tr>\n<\/tbody>\n<\/table>\t\t\t\t\t\t\t\t<\/div>\n\t\t\t\t<\/div>\n\t\t\t\t<\/div>\n\t\t<div class=\"elementor-element elementor-element-daef6c8 e-con-full e-flex e-con e-parent\" data-id=\"daef6c8\" data-element_type=\"container\" data-e-type=\"container\" data-settings=\"{&quot;ekit_has_onepagescroll_dot&quot;:&quot;yes&quot;}\">\n\t\t\t\t<div class=\"elementor-element elementor-element-52ddb61 elementor-widget elementor-widget-heading\" data-id=\"52ddb61\" data-element_type=\"widget\" data-e-type=\"widget\" data-settings=\"{&quot;ekit_we_effect_on&quot;:&quot;none&quot;}\" data-widget_type=\"heading.default\">\n\t\t\t\t<div class=\"elementor-widget-container\">\n\t\t\t\t\t<h2 class=\"elementor-heading-title elementor-size-default\">Anwendung<\/h2>\t\t\t\t<\/div>\n\t\t\t\t<\/div>\n\t\t\t\t<div class=\"elementor-element elementor-element-ac1034b elementor-widget elementor-widget-text-editor\" data-id=\"ac1034b\" data-element_type=\"widget\" data-e-type=\"widget\" data-settings=\"{&quot;ekit_we_effect_on&quot;:&quot;none&quot;}\" data-widget_type=\"text-editor.default\">\n\t\t\t\t<div class=\"elementor-widget-container\">\n\t\t\t\t\t\t\t\t\t<p>\u00a0Chemische Industrie: In der chemischen Industrie sind Sicherheitsventile unverzichtbar, um \u00dcberdruck in Verarbeitungssystemen zu kontrollieren und Reaktionen, Lagerung und Transport abzusichern.<br \/>Petrochemische Industrie: In der petrochemischen Industrie sch\u00fctzen diese Ventile die an der Gewinnung, Raffination und Verarbeitung von Erd\u00f6lprodukten beteiligten Ger\u00e4te durch die Kontrolle extremer Dr\u00fccke und Temperaturen.<br \/>Kohlebergbau: Im Kohlebergbau sind Sicherheitsventile von entscheidender Bedeutung, um durch effektive Druckregulierung die Sicherheit in Bel\u00fcftungs-, Verarbeitungs- und Transportsystemen aufrechtzuerhalten.<br \/>Energieerzeugungsindustrie: In der Energieerzeugung gew\u00e4hrleisten Sicherheitsventile durch die Regulierung des Systemdrucks den sicheren Betrieb von Dampfkesseln, Turbinen und anderen Hochdruckkomponenten.<\/p>\t\t\t\t\t\t\t\t<\/div>\n\t\t\t\t<\/div>\n\t\t\t\t<\/div>\n\t\t\t\t<\/div>","protected":false},"excerpt":{"rendered":"<p>Ein Sicherheitsventil ist ein automatisches Ventil, das dazu dient, \u00dcberdruck in einem System zu regulieren und abzulassen. Es ist daher f\u00fcr den Umgang mit verschiedenen Arten von Gasen und Fl\u00fcssigkeiten unter Hochdruck- und Hochtemperaturbedingungen unverzichtbar. Urspr\u00fcnglich wurden Sicherheitsventile w\u00e4hrend der industriellen Revolution entwickelt, um das explosive Versagen von Dampfkesseln aufgrund fehlender Sicherheitsmechanismen zu beheben. Seitdem sind sie zum Schutz von Druckbeh\u00e4ltern (sowohl brennenden als auch nicht brennenden) und W\u00e4rmetauschern unverzichtbar geworden. Heute werden Sicherheitsventile haupts\u00e4chlich in Anwendungen wie Kesseln, Druckbeh\u00e4ltern und Rohrleitungssystemen eingesetzt, um die pers\u00f6nliche Sicherheit zu gew\u00e4hrleisten und den stabilen Betrieb von Ger\u00e4ten sicherzustellen.<\/p>\n<p>Das Sicherheitsventil mit Feder aus Gusseisen ist ein g\u00e4ngiger Sicherheitsventiltyp, der f\u00fcr seine langlebige Gusseisenkonstruktion und sein effektives federbelastetes Design bekannt ist. Diese Art von Sicherheitsventil wird aufgrund seiner Robustheit und Effizienz bei der Bew\u00e4ltigung von \u00dcberdrucksituationen h\u00e4ufig in verschiedenen industriellen Anwendungen eingesetzt. Dadurch werden potenzielle Sicherheitsrisiken vermieden und die zuverl\u00e4ssige Leistung industrieller Systeme sichergestellt.<\/p>\n<p>Modell: Sicherheitsventil<br \/>\nGr\u00f6\u00dfenbereich: 3\/4&quot; bis 16&quot;<br \/>\nDruckbereich: 1,6 MPa bis 4 MPa<br \/>\nWerkstoff: WCB, CF8M<\/p>\n<p>&nbsp;<\/p>\n<p>&nbsp;<\/p>","protected":false},"featured_media":7162,"template":"","meta":{"site-sidebar-layout":"default","site-content-layout":"","ast-site-content-layout":"default","site-content-style":"default","site-sidebar-style":"default","ast-global-header-display":"","ast-banner-title-visibility":"","ast-main-header-display":"","ast-hfb-above-header-display":"","ast-hfb-below-header-display":"","ast-hfb-mobile-header-display":"","site-post-title":"","ast-breadcrumbs-content":"","ast-featured-img":"","footer-sml-layout":"","ast-disable-related-posts":"","theme-transparent-header-meta":"default","adv-header-id-meta":"","stick-header-meta":"","header-above-stick-meta":"","header-main-stick-meta":"","header-below-stick-meta":"","astra-migrate-meta-layouts":"set","ast-page-background-enabled":"default","ast-page-background-meta":{"desktop":{"background-color":"var(--ast-global-color-4)","background-image":"","background-repeat":"repeat","background-position":"center center","background-size":"auto","background-attachment":"scroll","background-type":"","background-media":"","overlay-type":"","overlay-color":"","overlay-opacity":"","overlay-gradient":""},"tablet":{"background-color":"","background-image":"","background-repeat":"repeat","background-position":"center center","background-size":"auto","background-attachment":"scroll","background-type":"","background-media":"","overlay-type":"","overlay-color":"","overlay-opacity":"","overlay-gradient":""},"mobile":{"background-color":"","background-image":"","background-repeat":"repeat","background-position":"center center","background-size":"auto","background-attachment":"scroll","background-type":"","background-media":"","overlay-type":"","overlay-color":"","overlay-opacity":"","overlay-gradient":""}},"ast-content-background-meta":{"desktop":{"background-color":"var(--ast-global-color-5)","background-image":"","background-repeat":"repeat","background-position":"center center","background-size":"auto","background-attachment":"scroll","background-type":"","background-media":"","overlay-type":"","overlay-color":"","overlay-opacity":"","overlay-gradient":""},"tablet":{"background-color":"var(--ast-global-color-5)","background-image":"","background-repeat":"repeat","background-position":"center center","background-size":"auto","background-attachment":"scroll","background-type":"","background-media":"","overlay-type":"","overlay-color":"","overlay-opacity":"","overlay-gradient":""},"mobile":{"background-color":"var(--ast-global-color-5)","background-image":"","background-repeat":"repeat","background-position":"center center","background-size":"auto","background-attachment":"scroll","background-type":"","background-media":"","overlay-type":"","overlay-color":"","overlay-opacity":"","overlay-gradient":""}}},"product_brand":[],"product_cat":[33,709],"product_tag":[689,690,688,684,691,56],"class_list":{"0":"post-6646","1":"product","2":"type-product","3":"status-publish","4":"has-post-thumbnail","6":"product_cat-products","7":"product_cat-safety-valve","8":"product_tag-cast-iron-safety-valve","9":"product_tag-full-lift-valve","10":"product_tag-male-threaded-safety-valve","11":"product_tag-safety-valve","12":"product_tag-threaded-safety-valve","13":"product_tag-valves","14":"desktop-align-center","15":"tablet-align-left","16":"mobile-align-left","18":"first","19":"instock","20":"shipping-taxable","21":"product-type-simple"},"_links":{"self":[{"href":"https:\/\/www.delcofluid.com\/de\/wp-json\/wp\/v2\/product\/6646","targetHints":{"allow":["GET"]}}],"collection":[{"href":"https:\/\/www.delcofluid.com\/de\/wp-json\/wp\/v2\/product"}],"about":[{"href":"https:\/\/www.delcofluid.com\/de\/wp-json\/wp\/v2\/types\/product"}],"version-history":[{"count":0,"href":"https:\/\/www.delcofluid.com\/de\/wp-json\/wp\/v2\/product\/6646\/revisions"}],"wp:featuredmedia":[{"embeddable":true,"href":"https:\/\/www.delcofluid.com\/de\/wp-json\/wp\/v2\/media\/7162"}],"wp:attachment":[{"href":"https:\/\/www.delcofluid.com\/de\/wp-json\/wp\/v2\/media?parent=6646"}],"wp:term":[{"taxonomy":"product_brand","embeddable":true,"href":"https:\/\/www.delcofluid.com\/de\/wp-json\/wp\/v2\/product_brand?post=6646"},{"taxonomy":"product_cat","embeddable":true,"href":"https:\/\/www.delcofluid.com\/de\/wp-json\/wp\/v2\/product_cat?post=6646"},{"taxonomy":"product_tag","embeddable":true,"href":"https:\/\/www.delcofluid.com\/de\/wp-json\/wp\/v2\/product_tag?post=6646"}],"curies":[{"name":"wp","href":"https:\/\/api.w.org\/{rel}","templated":true}]}}