{"id":6674,"date":"2024-07-09T07:36:38","date_gmt":"2024-07-09T06:36:38","guid":{"rendered":"https:\/\/www.delcofluid.com\/?post_type=product&#038;p=6674"},"modified":"2024-08-12T07:26:00","modified_gmt":"2024-08-12T06:26:00","slug":"stainless-steel-flange-pressure-reducing-valve","status":"publish","type":"product","link":"https:\/\/www.delcofluid.com\/de\/produkt\/stainless-steel-flange-pressure-reducing-valve\/","title":{"rendered":"Druckminderventil mit Edelstahlflansch"},"content":{"rendered":"<div data-elementor-type=\"product-post\" data-elementor-id=\"6674\" class=\"elementor elementor-6674\" data-elementor-post-type=\"product\">\n\t\t\t\t<div class=\"elementor-element elementor-element-6fb59a60 e-con-full e-flex e-con e-parent\" data-id=\"6fb59a60\" data-element_type=\"container\" data-e-type=\"container\" data-settings=\"{&quot;ekit_has_onepagescroll_dot&quot;:&quot;yes&quot;}\">\n\t\t<div class=\"elementor-element elementor-element-b2e102c e-con-full e-flex e-con e-child\" data-id=\"b2e102c\" data-element_type=\"container\" data-e-type=\"container\" data-settings=\"{&quot;ekit_has_onepagescroll_dot&quot;:&quot;yes&quot;}\">\n\t\t\t\t<div class=\"elementor-element elementor-element-4c3cf80 elementor-widget elementor-widget-heading\" data-id=\"4c3cf80\" data-element_type=\"widget\" data-e-type=\"widget\" data-settings=\"{&quot;ekit_we_effect_on&quot;:&quot;none&quot;}\" data-widget_type=\"heading.default\">\n\t\t\t\t<div class=\"elementor-widget-container\">\n\t\t\t\t\t<h2 class=\"elementor-heading-title elementor-size-default\">Merkmale<\/h2>\t\t\t\t<\/div>\n\t\t\t\t<\/div>\n\t\t\t\t<div class=\"elementor-element elementor-element-1af4cc68 elementor-widget__width-initial elementor-widget elementor-widget-text-editor\" data-id=\"1af4cc68\" data-element_type=\"widget\" data-e-type=\"widget\" data-settings=\"{&quot;ekit_we_effect_on&quot;:&quot;none&quot;}\" data-widget_type=\"text-editor.default\">\n\t\t\t\t<div class=\"elementor-widget-container\">\n\t\t\t\t\t\t\t\t\t<ul><li><span style=\"color: #000000\">Druckregelung: Druckmindernde Flanschkugelh\u00e4hne aus Edelstahl reduzieren den hohen Eingangsdruck auf einen stabilen Ausgangsdruck, indem sie den Flie\u00dfdruck des Mediums regeln, um den stabilen Betrieb des Systems innerhalb des Sicherheitsbereichs zu gew\u00e4hrleisten.<\/span><\/li><li><span style=\"color: #000000\">Breites Medienspektrum: Geeignet f\u00fcr Wasser, Druckluft, neutrale Gase und nichtviskose Fl\u00fcssigkeiten bis 95 \u00b0C. Besonders geeignet f\u00fcr die Handhabung von Dampfleitungen mit gro\u00dfen Durchfluss- und Druckschwankungen.<\/span><\/li><li><span style=\"color: #000000\">Standard-Flanschverbindungen: Die Flanschendenkonstruktion nach EN 1092-2 erleichtert den Ein- und Ausbau.<\/span><\/li><li><span style=\"color: #000000\">Optimiertes Design und Steuerung: Das Durchgangsventildesign ist mit ma\u00dfgeschneiderten Steuerungen ausgestattet. Das druckausgeglichene Ventilkolbendesign bietet ein niedriges Anlaufdrehmoment und gew\u00e4hrleistet eine stabile Druckregelung.<\/span><\/li><li><span style=\"color: #000000\">Hohe Abdichtung und Haltbarkeit: Elastische Dichtungen bieten eine hohe Haltbarkeit in str\u00f6mungsfreien Bereichen; die Kolbenf\u00fchrungen des Geh\u00e4uses bestehen aus abrieb- und korrosionsbest\u00e4ndiger, mikrobearbeiteter Bronze und sind \u00fcberschwei\u00dft, um ein Durchdringen zu verhindern.<\/span><\/li><li><span style=\"color: #000000\">F\u00e4higkeit zur Selbstregulierung des Mediums: Die selbstgesteuerte Druckregulierung mit einem Mindestdifferenzdruck von 2 Bar zur Erzeugung des f\u00fcr den Betrieb erforderlichen Drehmoments sorgt f\u00fcr einen stabilen Ausgangsdruck, unabh\u00e4ngig von Eingangsdruck und Durchflussschwankungen.<\/span><\/li><\/ul>\t\t\t\t\t\t\t\t<\/div>\n\t\t\t\t<\/div>\n\t\t\t\t<\/div>\n\t\t\t\t<div class=\"elementor-element elementor-element-8e57110 elementor-widget elementor-widget-image\" data-id=\"8e57110\" data-element_type=\"widget\" data-e-type=\"widget\" data-settings=\"{&quot;ekit_we_effect_on&quot;:&quot;none&quot;}\" data-widget_type=\"image.default\">\n\t\t\t\t<div class=\"elementor-widget-container\">\n\t\t\t\t\t\t\t\t\t\t\t\t\t\t\t<img fetchpriority=\"high\" decoding=\"async\" width=\"768\" height=\"759\" src=\"https:\/\/www.delcofluid.com\/wp-content\/uploads\/2024\/03\/product-finder-graphic-3-x900.jpg\" class=\"attachment-large size-large wp-image-2576\" alt=\"Solenoid Valves\" srcset=\"https:\/\/www.delcofluid.com\/wp-content\/uploads\/2024\/03\/product-finder-graphic-3-x900.jpg 768w, https:\/\/www.delcofluid.com\/wp-content\/uploads\/2024\/03\/product-finder-graphic-3-x900-100x100.jpg 100w, https:\/\/www.delcofluid.com\/wp-content\/uploads\/2024\/03\/product-finder-graphic-3-x900-600x593.jpg 600w, https:\/\/www.delcofluid.com\/wp-content\/uploads\/2024\/03\/product-finder-graphic-3-x900-300x296.jpg 300w\" sizes=\"(max-width: 768px) 100vw, 768px\" \/>\t\t\t\t\t\t\t\t\t\t\t\t\t\t\t<\/div>\n\t\t\t\t<\/div>\n\t\t\t\t<\/div>\n\t\t<div class=\"elementor-element elementor-element-a55eeda e-flex e-con-boxed e-con e-parent\" data-id=\"a55eeda\" data-element_type=\"container\" data-e-type=\"container\" data-settings=\"{&quot;background_background&quot;:&quot;classic&quot;,&quot;ekit_has_onepagescroll_dot&quot;:&quot;yes&quot;}\">\n\t\t\t\t\t<div class=\"e-con-inner\">\n\t\t\t\t<div class=\"elementor-element elementor-element-585e9d9 elementor-widget elementor-widget-heading\" data-id=\"585e9d9\" data-element_type=\"widget\" data-e-type=\"widget\" data-settings=\"{&quot;ekit_we_effect_on&quot;:&quot;none&quot;}\" data-widget_type=\"heading.default\">\n\t\t\t\t<div class=\"elementor-widget-container\">\n\t\t\t\t\t<h2 class=\"elementor-heading-title elementor-size-default\">Technische Parameter<\/h2>\t\t\t\t<\/div>\n\t\t\t\t<\/div>\n\t\t\t\t\t<\/div>\n\t\t\t\t<\/div>\n\t\t<div class=\"elementor-element elementor-element-3414eb9 e-con-full e-flex e-con e-parent\" data-id=\"3414eb9\" data-element_type=\"container\" data-e-type=\"container\" data-settings=\"{&quot;background_background&quot;:&quot;classic&quot;,&quot;ekit_has_onepagescroll_dot&quot;:&quot;yes&quot;}\">\n\t\t\t\t<div class=\"elementor-element elementor-element-13df62f elementor-widget__width-initial elementor-widget elementor-widget-text-editor\" data-id=\"13df62f\" data-element_type=\"widget\" data-e-type=\"widget\" data-settings=\"{&quot;ekit_we_effect_on&quot;:&quot;none&quot;}\" data-widget_type=\"text-editor.default\">\n\t\t\t\t<div class=\"elementor-widget-container\">\n\t\t\t\t\t\t\t\t\t<table width=\"855\">\n<tbody>\n<tr>\n<td width=\"159\"><span style=\"color: #000000\">Artikel:<\/span><\/td>\n<td width=\"205\"><span style=\"color: #000000\">&nbsp;Druckminderventil<\/span><\/td>\n<td width=\"146\"><span style=\"color: #000000\">Material:<\/span><\/td>\n<td width=\"345\"><span style=\"color: #000000\">Edelstahl,&nbsp;<\/span><span style=\"color: #000000\">Kohlenstoffstahl, Gusseisen<\/span><\/td>\n<\/tr>\n<tr>\n<td width=\"159\"><span style=\"color: #000000\">Druckbereich:<\/span><\/td>\n<td><span style=\"color: #000000\">1,6\uff5e6,4 MPa<\/span><\/td>\n<td width=\"146\"><span style=\"color: #000000\">Ventilsitz:<\/span><\/td>\n<td width=\"345\"><span style=\"color: #000000\">2Cr13<\/span><\/td>\n<\/tr>\n<tr>\n<td width=\"159\"><span style=\"color: #000000\">Garantie:<\/span><\/td>\n<td width=\"205\"><span style=\"color: #000000\">12 Motten<\/span><\/td>\n<td width=\"146\"><span style=\"color: #000000\">&nbsp;Ventilteller:<\/span><\/td>\n<td width=\"345\"><span style=\"color: #000000\">2Cr13<\/span><\/td>\n<\/tr>\n<tr>\n<td width=\"159\"><span style=\"color: #000000\">Ventilk\u00f6rper:<\/span><\/td>\n<td width=\"205\"><font color=\"#000000\">Edelstahl<\/font><\/td>\n<td width=\"146\"><span style=\"color: #000000\">Verbindung:<\/span><\/td>\n<td width=\"345\"><span style=\"color: #000000\">Flansch<\/span><\/td>\n<\/tr>\n<\/tbody>\n<\/table>\t\t\t\t\t\t\t\t<\/div>\n\t\t\t\t<\/div>\n\t\t\t\t<\/div>\n\t\t<div class=\"elementor-element elementor-element-daef6c8 e-con-full e-flex e-con e-parent\" data-id=\"daef6c8\" data-element_type=\"container\" data-e-type=\"container\" data-settings=\"{&quot;ekit_has_onepagescroll_dot&quot;:&quot;yes&quot;}\">\n\t\t\t\t<div class=\"elementor-element elementor-element-52ddb61 elementor-widget elementor-widget-heading\" data-id=\"52ddb61\" data-element_type=\"widget\" data-e-type=\"widget\" data-settings=\"{&quot;ekit_we_effect_on&quot;:&quot;none&quot;}\" data-widget_type=\"heading.default\">\n\t\t\t\t<div class=\"elementor-widget-container\">\n\t\t\t\t\t<h2 class=\"elementor-heading-title elementor-size-default\">Anwendung<\/h2>\t\t\t\t<\/div>\n\t\t\t\t<\/div>\n\t\t\t\t<div class=\"elementor-element elementor-element-ac1034b elementor-widget elementor-widget-text-editor\" data-id=\"ac1034b\" data-element_type=\"widget\" data-e-type=\"widget\" data-settings=\"{&quot;ekit_we_effect_on&quot;:&quot;none&quot;}\" data-widget_type=\"text-editor.default\">\n\t\t\t\t<div class=\"elementor-widget-container\">\n\t\t\t\t\t\t\t\t\t<p><span style=\"color: #000000\">Regelung des Rohrleitungsdrucks:<\/span><br \/><span style=\"color: #000000\">Reguliert den Druck in Dampf- und Gasleitungssystemen und passt den Wasserdruck in Versorgungssystemen an, um einen sicheren, stabilen und effizienten Betrieb zu gew\u00e4hrleisten.<\/span><br \/><span style=\"color: #000000\">Industrielle Ausr\u00fcstung:<\/span><br \/><span style=\"color: #000000\">Sorgen Sie f\u00fcr einen stabilen Mitteldruck f\u00fcr alle Arten von Industrieanlagen, um den normalen Produktionsprozess zu gew\u00e4hrleisten.<\/span><br \/><span style=\"color: #000000\">Chemische Industrie:<\/span><br \/><span style=\"color: #000000\">Reguliert den Druck in chemischen Reaktoren und Lagertanks, um sichere und stabile Produktionsprozesse zu gew\u00e4hrleisten.<\/span><br \/><span style=\"color: #000000\">Petrochemische Industrie:<\/span><br \/><span style=\"color: #000000\">Bew\u00e4ltigt extreme Dr\u00fccke und Temperaturen w\u00e4hrend der Erd\u00f6lraffination und -verarbeitung, um Ger\u00e4te und Lagersysteme zu sch\u00fctzen.<\/span><br \/><span style=\"color: #000000\">Kohlebergbauindustrie:<\/span><br \/><span style=\"color: #000000\">Sorgt f\u00fcr sichere Druckniveaus in Bel\u00fcftungs-, Verarbeitungs- und Transportsystemen im Kohlebergbausektor.<\/span><br \/><span style=\"color: #000000\">Energieerzeugungsindustrie:<\/span><br \/><span style=\"color: #000000\">Passt Hochdruckdampf in Kesseln und Turbinen an und stabilisiert ihn, um den sicheren Betrieb von Stromerzeugungsanlagen zu gew\u00e4hrleisten.<\/span><br \/><span style=\"color: #000000\">Pharmazeutische Industrie:<\/span><br \/><span style=\"color: #000000\">Reguliert den Druck in Produktionsger\u00e4ten, um Stabilit\u00e4t und Sicherheit w\u00e4hrend des gesamten Arzneimittelherstellungsprozesses zu gew\u00e4hrleisten.<\/span><br \/><span style=\"color: #000000\">Lebensmittel- und Getr\u00e4nkeindustrie:<\/span><br \/><span style=\"color: #000000\">Reguliert den Druck in Lebensmittel- und Getr\u00e4nkeproduktionsprozessen, um die Betriebseffizienz zu unterst\u00fctzen und die Produktqualit\u00e4t sicherzustellen.<\/span><\/p>\t\t\t\t\t\t\t\t<\/div>\n\t\t\t\t<\/div>\n\t\t\t\t<\/div>\n\t\t\t\t<\/div>","protected":false},"excerpt":{"rendered":"<p><span style=\"color: #000000\">Das Druckminderventil mit Edelstahlflansch ist ein pilotgesteuertes Kolbensteuerger\u00e4t, das zur Reduzierung und Stabilisierung des Drucks in einem System verwendet wird, um den sicheren Betrieb von Ger\u00e4ten und Systemen zu gew\u00e4hrleisten. Es ist f\u00fcr Wasser, Druckluft, neutrale Gase und nicht viskose Fl\u00fcssigkeiten bis 95 \u00b0C ausgelegt. Das Ventil wird haupts\u00e4chlich in Dampfleitungen verwendet und eignet sich besonders f\u00fcr Umgebungen mit hohen und h\u00e4ufig wechselnden Durchflussraten und erheblichen Schwankungen des Eingangsdrucks.<\/span><\/p>\n<p><span style=\"color: #000000\">Dieses Druckminderventil verf\u00fcgt \u00fcber ein druckausgeglichenes Kolbendesign mit geringem Anlaufdrehmoment, das einen stabilen Betrieb bei schwankenden Eingangsdr\u00fccken und Durchflussraten erm\u00f6glicht und einen h\u00f6heren Eingangsdruck auf einen konstanten niedrigeren Ausgangsdruck regelt. Sein rotationssymmetrisches F\u00fchrungsdesign und sein ringf\u00f6rmiger Querschnitt sorgen f\u00fcr eine hervorragende Betriebsleistung. Der Ventilk\u00f6rper besteht aus mikrobearbeiteter Bronzeauflage, die verschlei\u00dffest, korrosionsbest\u00e4ndig und undurchl\u00e4ssig ist. Der kontrollierte Betrieb wird durch den Differenzdruck des Mediums selbst erreicht, der das erforderliche Betriebsdrehmoment liefert. Ausgestattet mit einem doppelt gelagerten Gewichtshebel, um die \u00dcbertragung der Fallhammerkr\u00e4fte auf die Ventillager zu verhindern. Das modulare Design des Fallhammers kann individuell angepasst und an die Betriebsbedingungen angepasst werden, sodass er f\u00fcr eine Vielzahl von Szenarien wie Gasleitungen, Dampfleitungen und Wasserversorgungsleitungen geeignet ist.<\/span><\/p>\n<p><span style=\"color: #000000\">Modell: Druckminderventil<\/span><br \/>\n<span style=\"color: #000000\">Druckbereich: 1,6\uff5e6,4 MPa<\/span><br \/>\n<span style=\"color: #000000\">Material: Edelstahl 304\/316<\/span><\/p>\n<p>&nbsp;<\/p>\n<p>&nbsp;<\/p>","protected":false},"featured_media":7157,"template":"","meta":{"site-sidebar-layout":"default","site-content-layout":"","ast-site-content-layout":"default","site-content-style":"default","site-sidebar-style":"default","ast-global-header-display":"","ast-banner-title-visibility":"","ast-main-header-display":"","ast-hfb-above-header-display":"","ast-hfb-below-header-display":"","ast-hfb-mobile-header-display":"","site-post-title":"","ast-breadcrumbs-content":"","ast-featured-img":"","footer-sml-layout":"","ast-disable-related-posts":"","theme-transparent-header-meta":"default","adv-header-id-meta":"","stick-header-meta":"","header-above-stick-meta":"","header-main-stick-meta":"","header-below-stick-meta":"","astra-migrate-meta-layouts":"set","ast-page-background-enabled":"default","ast-page-background-meta":{"desktop":{"background-color":"var(--ast-global-color-4)","background-image":"","background-repeat":"repeat","background-position":"center center","background-size":"auto","background-attachment":"scroll","background-type":"","background-media":"","overlay-type":"","overlay-color":"","overlay-opacity":"","overlay-gradient":""},"tablet":{"background-color":"","background-image":"","background-repeat":"repeat","background-position":"center center","background-size":"auto","background-attachment":"scroll","background-type":"","background-media":"","overlay-type":"","overlay-color":"","overlay-opacity":"","overlay-gradient":""},"mobile":{"background-color":"","background-image":"","background-repeat":"repeat","background-position":"center center","background-size":"auto","background-attachment":"scroll","background-type":"","background-media":"","overlay-type":"","overlay-color":"","overlay-opacity":"","overlay-gradient":""}},"ast-content-background-meta":{"desktop":{"background-color":"var(--ast-global-color-5)","background-image":"","background-repeat":"repeat","background-position":"center center","background-size":"auto","background-attachment":"scroll","background-type":"","background-media":"","overlay-type":"","overlay-color":"","overlay-opacity":"","overlay-gradient":""},"tablet":{"background-color":"var(--ast-global-color-5)","background-image":"","background-repeat":"repeat","background-position":"center center","background-size":"auto","background-attachment":"scroll","background-type":"","background-media":"","overlay-type":"","overlay-color":"","overlay-opacity":"","overlay-gradient":""},"mobile":{"background-color":"var(--ast-global-color-5)","background-image":"","background-repeat":"repeat","background-position":"center center","background-size":"auto","background-attachment":"scroll","background-type":"","background-media":"","overlay-type":"","overlay-color":"","overlay-opacity":"","overlay-gradient":""}}},"product_brand":[],"product_cat":[710,33],"product_tag":[693,695,694,692,468,73,56],"class_list":{"0":"post-6674","1":"product","2":"type-product","3":"status-publish","4":"has-post-thumbnail","6":"product_cat-pressure-reducing-valve","7":"product_cat-products","8":"product_tag-flange-pressure-reducing-valve","9":"product_tag-flange-pressure-reducing-valves","10":"product_tag-flange-valve","11":"product_tag-pressure-reducing-valve","12":"product_tag-stainless-steel-valve","13":"product_tag-valve","14":"product_tag-valves","15":"desktop-align-center","16":"tablet-align-left","17":"mobile-align-left","19":"first","20":"instock","21":"shipping-taxable","22":"product-type-simple"},"_links":{"self":[{"href":"https:\/\/www.delcofluid.com\/de\/wp-json\/wp\/v2\/product\/6674","targetHints":{"allow":["GET"]}}],"collection":[{"href":"https:\/\/www.delcofluid.com\/de\/wp-json\/wp\/v2\/product"}],"about":[{"href":"https:\/\/www.delcofluid.com\/de\/wp-json\/wp\/v2\/types\/product"}],"version-history":[{"count":0,"href":"https:\/\/www.delcofluid.com\/de\/wp-json\/wp\/v2\/product\/6674\/revisions"}],"wp:featuredmedia":[{"embeddable":true,"href":"https:\/\/www.delcofluid.com\/de\/wp-json\/wp\/v2\/media\/7157"}],"wp:attachment":[{"href":"https:\/\/www.delcofluid.com\/de\/wp-json\/wp\/v2\/media?parent=6674"}],"wp:term":[{"taxonomy":"product_brand","embeddable":true,"href":"https:\/\/www.delcofluid.com\/de\/wp-json\/wp\/v2\/product_brand?post=6674"},{"taxonomy":"product_cat","embeddable":true,"href":"https:\/\/www.delcofluid.com\/de\/wp-json\/wp\/v2\/product_cat?post=6674"},{"taxonomy":"product_tag","embeddable":true,"href":"https:\/\/www.delcofluid.com\/de\/wp-json\/wp\/v2\/product_tag?post=6674"}],"curies":[{"name":"wp","href":"https:\/\/api.w.org\/{rel}","templated":true}]}}