{"id":6732,"date":"2024-07-10T08:29:30","date_gmt":"2024-07-10T07:29:30","guid":{"rendered":"https:\/\/www.delcofluid.com\/?post_type=product&#038;p=6732"},"modified":"2025-02-28T01:05:29","modified_gmt":"2025-02-28T01:05:29","slug":"manual-stainless-steel-flange-gate-valve-with-handwheel","status":"publish","type":"product","link":"https:\/\/www.delcofluid.com\/de\/produkt\/manual-stainless-steel-flange-gate-valve-with-handwheel\/","title":{"rendered":"Manuelles Flanschschieberventil aus Edelstahl mit Handrad"},"content":{"rendered":"<div data-elementor-type=\"product-post\" data-elementor-id=\"6732\" class=\"elementor elementor-6732\" data-elementor-post-type=\"product\">\n\t\t\t\t<div class=\"elementor-element elementor-element-6fb59a60 e-con-full e-flex e-con e-parent\" data-id=\"6fb59a60\" data-element_type=\"container\" data-e-type=\"container\" data-settings=\"{&quot;ekit_has_onepagescroll_dot&quot;:&quot;yes&quot;}\">\n\t\t<div class=\"elementor-element elementor-element-b2e102c e-con-full e-flex e-con e-child\" data-id=\"b2e102c\" data-element_type=\"container\" data-e-type=\"container\" data-settings=\"{&quot;ekit_has_onepagescroll_dot&quot;:&quot;yes&quot;}\">\n\t\t\t\t<div class=\"elementor-element elementor-element-4c3cf80 elementor-widget elementor-widget-heading\" data-id=\"4c3cf80\" data-element_type=\"widget\" data-e-type=\"widget\" data-settings=\"{&quot;ekit_we_effect_on&quot;:&quot;none&quot;}\" data-widget_type=\"heading.default\">\n\t\t\t\t<div class=\"elementor-widget-container\">\n\t\t\t\t\t<h2 class=\"elementor-heading-title elementor-size-default\">Merkmale<\/h2>\t\t\t\t<\/div>\n\t\t\t\t<\/div>\n\t\t\t\t<div class=\"elementor-element elementor-element-1af4cc68 elementor-widget__width-initial elementor-widget elementor-widget-text-editor\" data-id=\"1af4cc68\" data-element_type=\"widget\" data-e-type=\"widget\" data-settings=\"{&quot;ekit_we_effect_on&quot;:&quot;none&quot;}\" data-widget_type=\"text-editor.default\">\n\t\t\t\t<div class=\"elementor-widget-container\">\n\t\t\t\t\t\t\t\t\t<ul><li><span style=\"color: #000000\">Au\u00dfergew\u00f6hnliche Dichtungsleistung: Erreicht im vollst\u00e4ndig geschlossenen Zustand nahezu keine Leckage und gew\u00e4hrleistet so die Zuverl\u00e4ssigkeit der Fl\u00fcssigkeitskontrolle.<\/span><\/li><li><span style=\"color: #000000\">Hohe Durchflusskapazit\u00e4t: Wenn das Ventil vollst\u00e4ndig ge\u00f6ffnet ist, bietet es dem Fl\u00fcssigkeitsfluss nur minimalen Widerstand, was die Gesamteffizienz des Systems verbessert.<\/span><\/li><li><span style=\"color: #000000\">Minimaler Druck: Das Design gew\u00e4hrleistet einen minimalen Druckabfall w\u00e4hrend des Betriebs, was f\u00fcr die Aufrechterhaltung der Systemleistung entscheidend ist.<\/span><\/li><li><span style=\"color: #000000\">Bidirektionale Durchflussf\u00e4higkeit: Die meisten Absperrschieber k\u00f6nnen in beide Richtungen verwendet werden und bieten Flexibilit\u00e4t f\u00fcr verschiedene Rohrleitungskonfigurationen.<\/span><\/li><li><span style=\"color: #000000\">Eignung f\u00fcr hohen Druck und hohe Temperaturen: Speziell f\u00fcr den Umgang mit hohem Druck und hohen Temperaturen konzipiert, um eine zuverl\u00e4ssige Leistung in extremen Umgebungen zu gew\u00e4hrleisten.<\/span><\/li><li><span style=\"color: #000000\">Geringer Wartungsaufwand: Die Konstruktion reduziert den Verschlei\u00df und das Ausfallrisiko, was zu einem geringeren Wartungsbedarf und langfristigen Kosteneinsparungen f\u00fchrt.<\/span><\/li><li><span style=\"color: #000000\">Linearbewegungsmechanismus: Verwendet einen Linearbewegungsmechanismus, um ein vollst\u00e4ndiges \u00d6ffnen oder Schlie\u00dfen des Fl\u00fcssigkeitsflusses zu erreichen, mit minimalem Widerstand, wenn das Ventil vollst\u00e4ndig ge\u00f6ffnet ist.<\/span><\/li><\/ul>\t\t\t\t\t\t\t\t<\/div>\n\t\t\t\t<\/div>\n\t\t\t\t<\/div>\n\t\t\t\t<div class=\"elementor-element elementor-element-8e57110 elementor-widget elementor-widget-image\" data-id=\"8e57110\" data-element_type=\"widget\" data-e-type=\"widget\" data-settings=\"{&quot;ekit_we_effect_on&quot;:&quot;none&quot;}\" data-widget_type=\"image.default\">\n\t\t\t\t<div class=\"elementor-widget-container\">\n\t\t\t\t\t\t\t\t\t\t\t\t\t\t\t<img fetchpriority=\"high\" decoding=\"async\" width=\"1024\" height=\"1024\" src=\"https:\/\/www.delcofluid.com\/wp-content\/uploads\/2024\/07\/z4-1024x1024.jpg\" class=\"attachment-large size-large wp-image-6746\" alt=\"Gate Valve\" srcset=\"https:\/\/www.delcofluid.com\/wp-content\/uploads\/2024\/07\/z4-1024x1024.jpg 1024w, https:\/\/www.delcofluid.com\/wp-content\/uploads\/2024\/07\/z4-300x300.jpg 300w, https:\/\/www.delcofluid.com\/wp-content\/uploads\/2024\/07\/z4-150x150.jpg 150w, https:\/\/www.delcofluid.com\/wp-content\/uploads\/2024\/07\/z4-768x768.jpg 768w, https:\/\/www.delcofluid.com\/wp-content\/uploads\/2024\/07\/z4-1536x1536.jpg 1536w, https:\/\/www.delcofluid.com\/wp-content\/uploads\/2024\/07\/z4-2048x2048.jpg 2048w, https:\/\/www.delcofluid.com\/wp-content\/uploads\/2024\/07\/z4-600x600.jpg 600w, https:\/\/www.delcofluid.com\/wp-content\/uploads\/2024\/07\/z4-100x100.jpg 100w\" sizes=\"(max-width: 1024px) 100vw, 1024px\" \/>\t\t\t\t\t\t\t\t\t\t\t\t\t\t\t<\/div>\n\t\t\t\t<\/div>\n\t\t\t\t<\/div>\n\t\t<div class=\"elementor-element elementor-element-a55eeda e-flex e-con-boxed e-con e-parent\" data-id=\"a55eeda\" data-element_type=\"container\" data-e-type=\"container\" data-settings=\"{&quot;background_background&quot;:&quot;classic&quot;,&quot;ekit_has_onepagescroll_dot&quot;:&quot;yes&quot;}\">\n\t\t\t\t\t<div class=\"e-con-inner\">\n\t\t\t\t<div class=\"elementor-element elementor-element-585e9d9 elementor-widget elementor-widget-heading\" data-id=\"585e9d9\" data-element_type=\"widget\" data-e-type=\"widget\" data-settings=\"{&quot;ekit_we_effect_on&quot;:&quot;none&quot;}\" data-widget_type=\"heading.default\">\n\t\t\t\t<div class=\"elementor-widget-container\">\n\t\t\t\t\t<h2 class=\"elementor-heading-title elementor-size-default\">Technische Parameter<\/h2>\t\t\t\t<\/div>\n\t\t\t\t<\/div>\n\t\t\t\t\t<\/div>\n\t\t\t\t<\/div>\n\t\t<div class=\"elementor-element elementor-element-3414eb9 e-con-full e-flex e-con e-parent\" data-id=\"3414eb9\" data-element_type=\"container\" data-e-type=\"container\" data-settings=\"{&quot;background_background&quot;:&quot;classic&quot;,&quot;ekit_has_onepagescroll_dot&quot;:&quot;yes&quot;}\">\n\t\t\t\t<div class=\"elementor-element elementor-element-13df62f elementor-widget__width-initial elementor-widget elementor-widget-text-editor\" data-id=\"13df62f\" data-element_type=\"widget\" data-e-type=\"widget\" data-settings=\"{&quot;ekit_we_effect_on&quot;:&quot;none&quot;}\" data-widget_type=\"text-editor.default\">\n\t\t\t\t<div class=\"elementor-widget-container\">\n\t\t\t\t\t\t\t\t\t<table width=\"855\">\n<tbody>\n<tr>\n<td width=\"159\"><span style=\"color: #000000\">Gr\u00f6\u00dfenbereich:<\/span><\/td>\n<td width=\"205\"><span style=\"color: #000000\">1&#8243; ~ 24&#8243;<\/span><\/td>\n<td width=\"146\"><span style=\"color: #000000\">Material:<\/span><\/td>\n<td width=\"345\"><span style=\"color: #000000\">Edelstahl 316<\/span><\/td>\n<\/tr>\n<tr>\n<td width=\"159\"><span style=\"color: #000000\">Druckbereich:<\/span><\/td>\n<td><span style=\"color: #000000\">&nbsp;1,6 bis 10 MPa<\/span><\/td>\n<td width=\"146\"><span style=\"color: #000000\">Leistung:<\/span><\/td>\n<td width=\"345\"><span style=\"color: #000000\">Handhaben<\/span><\/td>\n<\/tr>\n<tr>\n<td width=\"159\"><span style=\"color: #000000\">Garantie:<\/span><\/td>\n<td width=\"205\"><span style=\"color: #000000\">12 Motten<\/span><\/td>\n<td width=\"146\"><span style=\"color: #000000\">K\u00f6rper:<\/span><\/td>\n<td width=\"345\"><span style=\"color: #000000\">Edelstahl<\/span><\/td>\n<\/tr>\n<tr>\n<td width=\"159\"><span style=\"color: #000000\">Keil:<\/span><\/td>\n<td width=\"205\"><span style=\"color: #000000\">Edelstahl<\/span><\/td>\n<td width=\"146\"><span style=\"color: #000000\">Anwendbare Medien:<\/span><\/td>\n<td width=\"345\"><span style=\"color: #000000\">Wasser, Dampf, \u00d6l usw.<\/span><\/td>\n<\/tr>\n<\/tbody>\n<\/table>\t\t\t\t\t\t\t\t<\/div>\n\t\t\t\t<\/div>\n\t\t\t\t<\/div>\n\t\t<div class=\"elementor-element elementor-element-daef6c8 e-con-full e-flex e-con e-parent\" data-id=\"daef6c8\" data-element_type=\"container\" data-e-type=\"container\" data-settings=\"{&quot;ekit_has_onepagescroll_dot&quot;:&quot;yes&quot;}\">\n\t\t\t\t<div class=\"elementor-element elementor-element-52ddb61 elementor-widget elementor-widget-heading\" data-id=\"52ddb61\" data-element_type=\"widget\" data-e-type=\"widget\" data-settings=\"{&quot;ekit_we_effect_on&quot;:&quot;none&quot;}\" data-widget_type=\"heading.default\">\n\t\t\t\t<div class=\"elementor-widget-container\">\n\t\t\t\t\t<h2 class=\"elementor-heading-title elementor-size-default\">Anwendung<\/h2>\t\t\t\t<\/div>\n\t\t\t\t<\/div>\n\t\t\t\t<div class=\"elementor-element elementor-element-ac1034b elementor-widget elementor-widget-text-editor\" data-id=\"ac1034b\" data-element_type=\"widget\" data-e-type=\"widget\" data-settings=\"{&quot;ekit_we_effect_on&quot;:&quot;none&quot;}\" data-widget_type=\"text-editor.default\">\n\t\t\t\t<div class=\"elementor-widget-container\">\n\t\t\t\t\t\t\t\t\t<p><span style=\"color: #000000\">\u00d6l und Gas:<\/span><br \/><span style=\"color: #000000\">Geeignet zur Steuerung des \u00d6lflusses in Pipelines und zur Verwendung in Raffinerien und \u00d6lverarbeitungsanlagen.<\/span><br \/><span style=\"color: #000000\">Chemische Industrie: <\/span><br \/><span style=\"color: #000000\">Wird in chemischen Verarbeitungsanlagen zur Steuerung verschiedener Fl\u00fcssigkeitsstr\u00f6me verwendet und gew\u00e4hrleistet so eine sichere und effiziente Handhabung von Chemikalien.<\/span><br \/><span style=\"color: #000000\">W\u00e4rmekraftwerke:<\/span><br \/><span style=\"color: #000000\">Wird in Dampfleitungen zur effizienten Durchflussregelung verwendet und gew\u00e4hrleistet einen zuverl\u00e4ssigen Betrieb unter hohem Druck und hohen Temperaturen.<\/span><br \/><span style=\"color: #000000\">Wasseraufbereitung: <\/span><br \/><span style=\"color: #000000\">Wird in Wasserversorgungssystemen zur Steuerung des Wasserflusses verwendet, ideal sowohl f\u00fcr sauberes Wasser als auch f\u00fcr Abwasseraufbereitungsprozesse.<\/span><\/p>\t\t\t\t\t\t\t\t<\/div>\n\t\t\t\t<\/div>\n\t\t\t\t<\/div>\n\t\t\t\t<\/div>","protected":false},"excerpt":{"rendered":"<p><span style=\"color: #000000\">Schieberventile, auch Schieberventile oder Schieberschieber genannt, sind kompakt und gut konstruiert und verf\u00fcgen \u00fcber eine robuste Sitzdichtung. Der Ventilschaft ist geh\u00e4rtet und die Oberfl\u00e4che nitriert, um eine hervorragende Korrosions-, Abrieb- und Verschlei\u00dffestigkeit zu gew\u00e4hrleisten.<\/span><\/p>\n<p><span style=\"color: #000000\">Durch die Verwendung einer elastischen Keilschieberstruktur ist es f\u00fcr Ventile mittleren und gro\u00dfen Kalibers geeignet und verf\u00fcgt \u00fcber ein Axiallager mit geringer Reibung sowie ein Schlaghandrad, das das \u00d6ffnen und Schlie\u00dfen erleichtert. Das Ventil weist eine gute Steifigkeit, einen reibungslosen Durchgang, einen niedrigen Str\u00f6mungswiderstandskoeffizienten, eine zuverl\u00e4ssige Abdichtung und einen flexiblen Betrieb auf. Das \u00d6ffnen und Schlie\u00dfen wird durch Anheben und Absenken des Schiebers gesteuert, der senkrecht zur Fl\u00fcssigkeitsrichtung steht, und die Gr\u00f6\u00dfe des Kanals wird durch Anpassen der relativen Position zwischen Schieber und Ventilsitz ge\u00e4ndert. Der Druckabfall w\u00e4hrend des Betriebs ist sehr gering, geeignet f\u00fcr Hochdruck- und Hochtemperaturanwendungen, lange Lebensdauer, geringer Wartungsaufwand, weit verbreitet in Erd\u00f6l-, Chemie-, W\u00e4rmekraftwerken und anderen Industrien.<\/span><\/p>\n<p><span style=\"color: #000000\">Modell: Manuelles Absperrventil<\/span><br \/>\n<span style=\"color: #000000\">Gr\u00f6\u00dfenbereich: 1\u2033 ~ 40\u2033<\/span><br \/>\n<span style=\"color: #000000\">Druckbereich: 1,6 MPa bis 10 MPa<\/span><br \/>\n<span style=\"color: #000000\">Material: Edelstahl 304\/316<\/span><\/p>\n<p>&nbsp;<\/p>","protected":false},"featured_media":7145,"template":"","meta":{"site-sidebar-layout":"default","site-content-layout":"","ast-site-content-layout":"default","site-content-style":"default","site-sidebar-style":"default","ast-global-header-display":"","ast-banner-title-visibility":"","ast-main-header-display":"","ast-hfb-above-header-display":"","ast-hfb-below-header-display":"","ast-hfb-mobile-header-display":"","site-post-title":"","ast-breadcrumbs-content":"","ast-featured-img":"","footer-sml-layout":"","ast-disable-related-posts":"","theme-transparent-header-meta":"default","adv-header-id-meta":"","stick-header-meta":"","header-above-stick-meta":"","header-main-stick-meta":"","header-below-stick-meta":"","astra-migrate-meta-layouts":"set","ast-page-background-enabled":"default","ast-page-background-meta":{"desktop":{"background-color":"var(--ast-global-color-4)","background-image":"","background-repeat":"repeat","background-position":"center center","background-size":"auto","background-attachment":"scroll","background-type":"","background-media":"","overlay-type":"","overlay-color":"","overlay-opacity":"","overlay-gradient":""},"tablet":{"background-color":"","background-image":"","background-repeat":"repeat","background-position":"center center","background-size":"auto","background-attachment":"scroll","background-type":"","background-media":"","overlay-type":"","overlay-color":"","overlay-opacity":"","overlay-gradient":""},"mobile":{"background-color":"","background-image":"","background-repeat":"repeat","background-position":"center center","background-size":"auto","background-attachment":"scroll","background-type":"","background-media":"","overlay-type":"","overlay-color":"","overlay-opacity":"","overlay-gradient":""}},"ast-content-background-meta":{"desktop":{"background-color":"var(--ast-global-color-5)","background-image":"","background-repeat":"repeat","background-position":"center center","background-size":"auto","background-attachment":"scroll","background-type":"","background-media":"","overlay-type":"","overlay-color":"","overlay-opacity":"","overlay-gradient":""},"tablet":{"background-color":"var(--ast-global-color-5)","background-image":"","background-repeat":"repeat","background-position":"center center","background-size":"auto","background-attachment":"scroll","background-type":"","background-media":"","overlay-type":"","overlay-color":"","overlay-opacity":"","overlay-gradient":""},"mobile":{"background-color":"var(--ast-global-color-5)","background-image":"","background-repeat":"repeat","background-position":"center center","background-size":"auto","background-attachment":"scroll","background-type":"","background-media":"","overlay-type":"","overlay-color":"","overlay-opacity":"","overlay-gradient":""}}},"product_brand":[],"product_cat":[731,116,33],"product_tag":[561,700,560,702,701,73,56],"class_list":{"0":"post-6732","1":"product","2":"type-product","3":"status-publish","4":"has-post-thumbnail","6":"product_cat-manual-gate-valve","7":"product_cat-manual-valves","8":"product_cat-products","9":"product_tag-gate-valve","10":"product_tag-gate-valve-with-handwheel","11":"product_tag-gate-valves","12":"product_tag-manual-flange-gate-valve","13":"product_tag-stainless-steel-flange-gate-valve","14":"product_tag-valve","15":"product_tag-valves","16":"desktop-align-center","17":"tablet-align-left","18":"mobile-align-left","20":"first","21":"instock","22":"shipping-taxable","23":"product-type-simple"},"_links":{"self":[{"href":"https:\/\/www.delcofluid.com\/de\/wp-json\/wp\/v2\/product\/6732","targetHints":{"allow":["GET"]}}],"collection":[{"href":"https:\/\/www.delcofluid.com\/de\/wp-json\/wp\/v2\/product"}],"about":[{"href":"https:\/\/www.delcofluid.com\/de\/wp-json\/wp\/v2\/types\/product"}],"version-history":[{"count":0,"href":"https:\/\/www.delcofluid.com\/de\/wp-json\/wp\/v2\/product\/6732\/revisions"}],"wp:featuredmedia":[{"embeddable":true,"href":"https:\/\/www.delcofluid.com\/de\/wp-json\/wp\/v2\/media\/7145"}],"wp:attachment":[{"href":"https:\/\/www.delcofluid.com\/de\/wp-json\/wp\/v2\/media?parent=6732"}],"wp:term":[{"taxonomy":"product_brand","embeddable":true,"href":"https:\/\/www.delcofluid.com\/de\/wp-json\/wp\/v2\/product_brand?post=6732"},{"taxonomy":"product_cat","embeddable":true,"href":"https:\/\/www.delcofluid.com\/de\/wp-json\/wp\/v2\/product_cat?post=6732"},{"taxonomy":"product_tag","embeddable":true,"href":"https:\/\/www.delcofluid.com\/de\/wp-json\/wp\/v2\/product_tag?post=6732"}],"curies":[{"name":"wp","href":"https:\/\/api.w.org\/{rel}","templated":true}]}}