{"id":6945,"date":"2024-07-15T03:00:38","date_gmt":"2024-07-15T02:00:38","guid":{"rendered":"https:\/\/www.delcofluid.com\/?post_type=product&#038;p=6945"},"modified":"2024-12-04T09:44:44","modified_gmt":"2024-12-04T09:44:44","slug":"stainless-steel-sanitary-silicone-diaphragm-solenoid-valves-2w-10b","status":"publish","type":"product","link":"https:\/\/www.delcofluid.com\/de\/produkt\/stainless-steel-sanitary-silicone-diaphragm-solenoid-valves-2w-10b\/","title":{"rendered":"DELCO Sanit\u00e4r-Magnetventile mit Silikonmembran aus Edelstahl - 2W-10B"},"content":{"rendered":"<div data-elementor-type=\"product-post\" data-elementor-id=\"6945\" class=\"elementor elementor-6945\" data-elementor-post-type=\"product\">\n\t\t\t\t<div class=\"elementor-element elementor-element-d687e8c e-con-full e-flex e-con e-parent\" data-id=\"d687e8c\" data-element_type=\"container\" data-e-type=\"container\" data-settings=\"{&quot;ekit_has_onepagescroll_dot&quot;:&quot;yes&quot;}\">\n\t\t<div class=\"elementor-element elementor-element-af28963 e-con-full e-flex e-con e-child\" data-id=\"af28963\" data-element_type=\"container\" data-e-type=\"container\" data-settings=\"{&quot;ekit_has_onepagescroll_dot&quot;:&quot;yes&quot;}\">\n\t\t\t\t<div class=\"elementor-element elementor-element-d09385f elementor-widget elementor-widget-heading\" data-id=\"d09385f\" data-element_type=\"widget\" data-e-type=\"widget\" data-settings=\"{&quot;ekit_we_effect_on&quot;:&quot;none&quot;}\" data-widget_type=\"heading.default\">\n\t\t\t\t<div class=\"elementor-widget-container\">\n\t\t\t\t\t<h2 class=\"elementor-heading-title elementor-size-default\">Anwendungen f\u00fcr Sanit\u00e4rmagnetventile:<\/h2>\t\t\t\t<\/div>\n\t\t\t\t<\/div>\n\t\t\t\t<div class=\"elementor-element elementor-element-12e21a0 elementor-widget__width-initial elementor-widget elementor-widget-text-editor\" data-id=\"12e21a0\" data-element_type=\"widget\" data-e-type=\"widget\" data-settings=\"{&quot;ekit_we_effect_on&quot;:&quot;none&quot;}\" data-widget_type=\"text-editor.default\">\n\t\t\t\t<div class=\"elementor-widget-container\">\n\t\t\t\t\t\t\t\t\t<p>Hygienische Magnetventile werden h\u00e4ufig in Branchen eingesetzt, in denen Hygiene eine wichtige Rolle spielt, wie etwa in der Lebensmittel- und Getr\u00e4nkeindustrie, Pharmazie, Biotechnologie und Kosmetik. Sie werden bei der Dosierung von Zutaten, der Produktabf\u00fcllung, in CIP-Systemen (Clean-in-Place) und der Steuerung von Bioreaktoren eingesetzt. Diese Ventile sind unverzichtbar, um die Integrit\u00e4t hygienischer Prozesse aufrechtzuerhalten und die Einhaltung strenger gesetzlicher Normen sicherzustellen.<\/p>\t\t\t\t\t\t\t\t<\/div>\n\t\t\t\t<\/div>\n\t\t\t\t<div class=\"elementor-element elementor-element-088f1a6 elementor-widget elementor-widget-heading\" data-id=\"088f1a6\" data-element_type=\"widget\" data-e-type=\"widget\" data-settings=\"{&quot;ekit_we_effect_on&quot;:&quot;none&quot;}\" data-widget_type=\"heading.default\">\n\t\t\t\t<div class=\"elementor-widget-container\">\n\t\t\t\t\t<h2 class=\"elementor-heading-title elementor-size-default\">Vorteile:<\/h2>\t\t\t\t<\/div>\n\t\t\t\t<\/div>\n\t\t\t\t<div class=\"elementor-element elementor-element-d3e9cb5 elementor-widget__width-initial elementor-widget elementor-widget-text-editor\" data-id=\"d3e9cb5\" data-element_type=\"widget\" data-e-type=\"widget\" data-settings=\"{&quot;ekit_we_effect_on&quot;:&quot;none&quot;}\" data-widget_type=\"text-editor.default\">\n\t\t\t\t<div class=\"elementor-widget-container\">\n\t\t\t\t\t\t\t\t\t<p>Die Vorteile von hygienischen Magnetventilen sind vielf\u00e4ltig. Ihr hygienisches Design minimiert das Risiko einer Produktkontamination und gew\u00e4hrleistet die Qualit\u00e4t und Sicherheit empfindlicher Produkte. Dar\u00fcber hinaus optimieren ihre pr\u00e4zisen Steuerungsfunktionen die Prozesseffizienz und reduzieren Produktabf\u00e4lle. Dar\u00fcber hinaus lassen sich diese Ventile einfach in bestehende Systeme integrieren und erfordern nur minimale Wartung, was zur allgemeinen Betriebszuverl\u00e4ssigkeit und Kosteneffizienz beitr\u00e4gt.<\/p>\t\t\t\t\t\t\t\t<\/div>\n\t\t\t\t<\/div>\n\t\t\t\t<\/div>\n\t\t<div class=\"elementor-element elementor-element-3ba88f2 e-con-full e-flex e-con e-child\" data-id=\"3ba88f2\" data-element_type=\"container\" data-e-type=\"container\" data-settings=\"{&quot;ekit_has_onepagescroll_dot&quot;:&quot;yes&quot;}\">\n\t\t\t\t<div class=\"elementor-element elementor-element-a34c371 elementor-widget__width-initial elementor-widget elementor-widget-image\" data-id=\"a34c371\" data-element_type=\"widget\" data-e-type=\"widget\" data-settings=\"{&quot;ekit_we_effect_on&quot;:&quot;none&quot;}\" data-widget_type=\"image.default\">\n\t\t\t\t<div class=\"elementor-widget-container\">\n\t\t\t\t\t\t\t\t\t\t\t\t\t\t\t<img fetchpriority=\"high\" decoding=\"async\" width=\"1024\" height=\"1024\" src=\"https:\/\/www.delcofluid.com\/wp-content\/uploads\/2024\/03\/z4-6-1024x1024.jpg\" class=\"attachment-large size-large wp-image-3062\" alt=\"sanitary solenoid valve\" srcset=\"https:\/\/www.delcofluid.com\/wp-content\/uploads\/2024\/03\/z4-6-1024x1024.jpg 1024w, https:\/\/www.delcofluid.com\/wp-content\/uploads\/2024\/03\/z4-6-300x300.jpg 300w, https:\/\/www.delcofluid.com\/wp-content\/uploads\/2024\/03\/z4-6-100x100.jpg 100w, https:\/\/www.delcofluid.com\/wp-content\/uploads\/2024\/03\/z4-6-600x600.jpg 600w, https:\/\/www.delcofluid.com\/wp-content\/uploads\/2024\/03\/z4-6-150x150.jpg 150w, https:\/\/www.delcofluid.com\/wp-content\/uploads\/2024\/03\/z4-6-768x768.jpg 768w, https:\/\/www.delcofluid.com\/wp-content\/uploads\/2024\/03\/z4-6.jpg 1500w\" sizes=\"(max-width: 1024px) 100vw, 1024px\" \/>\t\t\t\t\t\t\t\t\t\t\t\t\t\t\t<\/div>\n\t\t\t\t<\/div>\n\t\t\t\t<\/div>\n\t\t\t\t<\/div>\n\t\t<div class=\"elementor-element elementor-element-15c4c55 e-con-full e-flex e-con e-parent\" data-id=\"15c4c55\" data-element_type=\"container\" data-e-type=\"container\" data-settings=\"{&quot;background_background&quot;:&quot;classic&quot;,&quot;ekit_has_onepagescroll_dot&quot;:&quot;yes&quot;}\">\n\t\t\t\t<div class=\"elementor-element elementor-element-cf7446a elementor-widget elementor-widget-heading\" data-id=\"cf7446a\" data-element_type=\"widget\" data-e-type=\"widget\" data-settings=\"{&quot;ekit_we_effect_on&quot;:&quot;none&quot;}\" data-widget_type=\"heading.default\">\n\t\t\t\t<div class=\"elementor-widget-container\">\n\t\t\t\t\t<h2 class=\"elementor-heading-title elementor-size-default\">Technische Parameter f\u00fcr Sanit\u00e4rmagnetventile:<\/h2>\t\t\t\t<\/div>\n\t\t\t\t<\/div>\n\t\t\t\t<\/div>\n\t\t<div class=\"elementor-element elementor-element-0b18e32 e-flex e-con-boxed e-con e-parent\" data-id=\"0b18e32\" data-element_type=\"container\" data-e-type=\"container\" data-settings=\"{&quot;ekit_has_onepagescroll_dot&quot;:&quot;yes&quot;}\">\n\t\t\t\t\t<div class=\"e-con-inner\">\n\t\t\t\t<div class=\"elementor-element elementor-element-ffd4484 elementor-widget elementor-widget-text-editor\" data-id=\"ffd4484\" data-element_type=\"widget\" data-e-type=\"widget\" data-settings=\"{&quot;ekit_we_effect_on&quot;:&quot;none&quot;}\" data-widget_type=\"text-editor.default\">\n\t\t\t\t<div class=\"elementor-widget-container\">\n\t\t\t\t\t\t\t\t\t<table style=\"border-collapse: collapse;width: 930.77pt\" border=\"0\" width=\"629\" cellspacing=\"0\" cellpadding=\"0\"><tbody><tr style=\"height: 35.00pt\"><td class=\"et2\" style=\"height: 35.00pt;width: 158.25pt\" width=\"211\" height=\"46\">Gr\u00f6\u00dfenbereich<\/td><td class=\"et2\" style=\"width: 313.50pt\" width=\"418\">DN10~DN50 (3\/8\u2033~2\u2033)<\/td><\/tr><tr style=\"height: 35.00pt\"><td class=\"et2\" style=\"height: 35.00pt;width: 158.25pt\" width=\"211\" height=\"46\">Nenndruck<\/td><td class=\"et2\" style=\"width: 313.50pt\" width=\"418\">0 bis 1,6 MPa<\/td><\/tr><tr style=\"height: 35.00pt\"><td class=\"et2\" style=\"height: 35.00pt;width: 158.25pt\" width=\"211\" height=\"46\">Schaltmodus<\/td><td class=\"et2\" style=\"width: 313.50pt\" width=\"418\">\u00d6ffner, Schlie\u00dfer<\/td><\/tr><tr style=\"height: 35.00pt\"><td class=\"et2\" style=\"height: 35.00pt;width: 158.25pt\" width=\"211\" height=\"46\">Verbindung<\/td><td class=\"et2\" style=\"width: 313.50pt\" width=\"418\">Klemmen<\/td><\/tr><tr style=\"height: 35.00pt\"><td class=\"et2\" style=\"height: 35.00pt;width: 158.25pt\" width=\"211\" height=\"46\">Korpusmaterial<\/td><td class=\"et2\" style=\"width: 313.50pt\" width=\"418\">Edelstahl<\/td><\/tr><tr style=\"height: 35.00pt\"><td class=\"et2\" style=\"height: 35.00pt;width: 158.25pt\" width=\"211\" height=\"46\">Dichtungsmaterial<\/td><td class=\"et2\" style=\"width: 313.50pt\" width=\"418\">PTFE, Fluorelastomer<\/td><\/tr><tr style=\"height: 35.00pt\"><td class=\"et2\" style=\"height: 35.00pt;width: 158.25pt\" width=\"211\" height=\"46\">Spulenspannung<\/td><td class=\"et2\" style=\"width: 313.50pt\" width=\"418\">Wechselstrom 110 V\/220 V, Gleichstrom 12 V\/24 V<\/td><\/tr><tr style=\"height: 35.00pt\"><td class=\"et2\" style=\"height: 35.00pt;width: 158.25pt\" width=\"211\" height=\"46\">Anwendbare Medien<\/td><td class=\"et2\" style=\"width: 313.50pt\" width=\"418\">Dampf, Fl\u00fcssigkeit, W\u00e4rmetr\u00e4ger\u00f6l (Viskosit\u00e4t \u2264 20 cst)<\/td><\/tr><\/tbody><\/table><p>\u00a0<\/p>\t\t\t\t\t\t\t\t<\/div>\n\t\t\t\t<\/div>\n\t\t\t\t<div class=\"elementor-element elementor-element-fe1154f elementor-widget elementor-widget-heading\" data-id=\"fe1154f\" data-element_type=\"widget\" data-e-type=\"widget\" data-settings=\"{&quot;ekit_we_effect_on&quot;:&quot;none&quot;}\" data-widget_type=\"heading.default\">\n\t\t\t\t<div class=\"elementor-widget-container\">\n\t\t\t\t\t<h2 class=\"elementor-heading-title elementor-size-default\">Abschluss:<\/h2>\t\t\t\t<\/div>\n\t\t\t\t<\/div>\n\t\t\t\t<div class=\"elementor-element elementor-element-472bfac elementor-widget elementor-widget-text-editor\" data-id=\"472bfac\" data-element_type=\"widget\" data-e-type=\"widget\" data-settings=\"{&quot;ekit_we_effect_on&quot;:&quot;none&quot;}\" data-widget_type=\"text-editor.default\">\n\t\t\t\t<div class=\"elementor-widget-container\">\n\t\t\t\t\t\t\t\t\t<p>Zusammenfassend l\u00e4sst sich sagen, dass hygienische Magnetventile eine entscheidende Rolle bei der Aufrechterhaltung der Hygiene und Produktintegrit\u00e4t in sensiblen Fl\u00fcssigkeitshandhabungsanwendungen spielen. Mit ihrem hygienischen Design, ihrer pr\u00e4zisen Funktionsweise und ihrer breiten Anwendbarkeit sind diese Ventile unverzichtbare Komponenten in Branchen, in denen die Produktreinheit von gr\u00f6\u00dfter Bedeutung ist. Da die Hersteller weiterhin Wert auf Qualit\u00e4t und Einhaltung gesetzlicher Vorschriften legen, wird die Nachfrage nach hygienischen Magnetventilen stark bleiben und Innovationen und Fortschritte in der hygienischen Fl\u00fcssigkeitssteuerungstechnologie vorantreiben.<\/p>\t\t\t\t\t\t\t\t<\/div>\n\t\t\t\t<\/div>\n\t\t\t\t\t<\/div>\n\t\t\t\t<\/div>\n\t\t\t\t<\/div>","protected":false},"excerpt":{"rendered":"<p>Sanit\u00e4re Magnetventile sind spezielle Komponenten, die f\u00fcr die Aufrechterhaltung hygienischer Bedingungen in Fl\u00fcssigkeitshandhabungssystemen entwickelt wurden. Diese Ventile wurden f\u00fcr Anwendungen entwickelt, bei denen Sauberkeit und Reinheit von gr\u00f6\u00dfter Bedeutung sind. Sie bieten eine pr\u00e4zise Kontrolle \u00fcber den Fl\u00fcssigkeits- und Gasfluss und minimieren gleichzeitig das Kontaminationsrisiko. In diesem umfassenden Leitfaden untersuchen wir die Funktionen, Funktionsprinzipien, Anwendungen und Vorteile sanit\u00e4rer Magnetventile.<\/p>\n<p>Sanit\u00e4re Magnetventile zeichnen sich durch ein hygienisches Design mit glatten Oberfl\u00e4chen und minimalen Totr\u00e4umen aus, um Bakterienansammlungen vorzubeugen und eine einfache Reinigung zu erm\u00f6glichen. Sie nutzen fortschrittliche Magnettechnologie zur Regulierung des Fl\u00fcssigkeitsflusses und gew\u00e4hrleisten so eine genaue und hygienische Verarbeitung in empfindlichen Umgebungen. Mit Materialien wie Edelstahl und FDA-zugelassenen Elastomeren bieten diese Ventile eine hervorragende Best\u00e4ndigkeit gegen Korrosion und chemische Belastung.<\/p>\n<p><strong>Modell:<\/strong>\u00a02W10B<br \/>\n<strong>Gr\u00f6\u00dfenbereich: <\/strong>3\/8\u201d~2\u201d<br \/>\n<strong>Druckbereich:<\/strong>\u00a00,0 MPa bis 1,6 MPa<br \/>\n<strong>Material:<\/strong>\u00a0Edelstahl 304\/316<\/p>","protected":false},"featured_media":6925,"template":"","meta":{"site-sidebar-layout":"default","site-content-layout":"","ast-site-content-layout":"default","site-content-style":"default","site-sidebar-style":"default","ast-global-header-display":"","ast-banner-title-visibility":"","ast-main-header-display":"","ast-hfb-above-header-display":"","ast-hfb-below-header-display":"","ast-hfb-mobile-header-display":"","site-post-title":"","ast-breadcrumbs-content":"","ast-featured-img":"","footer-sml-layout":"","ast-disable-related-posts":"","theme-transparent-header-meta":"default","adv-header-id-meta":"","stick-header-meta":"","header-above-stick-meta":"","header-main-stick-meta":"","header-below-stick-meta":"","astra-migrate-meta-layouts":"set","ast-page-background-enabled":"default","ast-page-background-meta":{"desktop":{"background-color":"var(--ast-global-color-4)","background-image":"","background-repeat":"repeat","background-position":"center center","background-size":"auto","background-attachment":"scroll","background-type":"","background-media":"","overlay-type":"","overlay-color":"","overlay-opacity":"","overlay-gradient":""},"tablet":{"background-color":"","background-image":"","background-repeat":"repeat","background-position":"center center","background-size":"auto","background-attachment":"scroll","background-type":"","background-media":"","overlay-type":"","overlay-color":"","overlay-opacity":"","overlay-gradient":""},"mobile":{"background-color":"","background-image":"","background-repeat":"repeat","background-position":"center center","background-size":"auto","background-attachment":"scroll","background-type":"","background-media":"","overlay-type":"","overlay-color":"","overlay-opacity":"","overlay-gradient":""}},"ast-content-background-meta":{"desktop":{"background-color":"var(--ast-global-color-5)","background-image":"","background-repeat":"repeat","background-position":"center center","background-size":"auto","background-attachment":"scroll","background-type":"","background-media":"","overlay-type":"","overlay-color":"","overlay-opacity":"","overlay-gradient":""},"tablet":{"background-color":"var(--ast-global-color-5)","background-image":"","background-repeat":"repeat","background-position":"center center","background-size":"auto","background-attachment":"scroll","background-type":"","background-media":"","overlay-type":"","overlay-color":"","overlay-opacity":"","overlay-gradient":""},"mobile":{"background-color":"var(--ast-global-color-5)","background-image":"","background-repeat":"repeat","background-position":"center center","background-size":"auto","background-attachment":"scroll","background-type":"","background-media":"","overlay-type":"","overlay-color":"","overlay-opacity":"","overlay-gradient":""}}},"product_brand":[],"product_cat":[33,711,37],"product_tag":[206,207,158,156,73,56],"class_list":{"0":"post-6945","1":"product","2":"type-product","3":"status-publish","4":"has-post-thumbnail","6":"product_cat-products","7":"product_cat-sanitary-solenoid-valve","8":"product_cat-solenoid-valves","9":"product_tag-sanitary-solenoid-valve","10":"product_tag-sanitary-solenoid-valves","11":"product_tag-solenoid-valve","12":"product_tag-solenoid-valves","13":"product_tag-valve","14":"product_tag-valves","15":"desktop-align-center","16":"tablet-align-left","17":"mobile-align-left","19":"first","20":"instock","21":"shipping-taxable","22":"product-type-simple"},"_links":{"self":[{"href":"https:\/\/www.delcofluid.com\/de\/wp-json\/wp\/v2\/product\/6945","targetHints":{"allow":["GET"]}}],"collection":[{"href":"https:\/\/www.delcofluid.com\/de\/wp-json\/wp\/v2\/product"}],"about":[{"href":"https:\/\/www.delcofluid.com\/de\/wp-json\/wp\/v2\/types\/product"}],"version-history":[{"count":0,"href":"https:\/\/www.delcofluid.com\/de\/wp-json\/wp\/v2\/product\/6945\/revisions"}],"wp:featuredmedia":[{"embeddable":true,"href":"https:\/\/www.delcofluid.com\/de\/wp-json\/wp\/v2\/media\/6925"}],"wp:attachment":[{"href":"https:\/\/www.delcofluid.com\/de\/wp-json\/wp\/v2\/media?parent=6945"}],"wp:term":[{"taxonomy":"product_brand","embeddable":true,"href":"https:\/\/www.delcofluid.com\/de\/wp-json\/wp\/v2\/product_brand?post=6945"},{"taxonomy":"product_cat","embeddable":true,"href":"https:\/\/www.delcofluid.com\/de\/wp-json\/wp\/v2\/product_cat?post=6945"},{"taxonomy":"product_tag","embeddable":true,"href":"https:\/\/www.delcofluid.com\/de\/wp-json\/wp\/v2\/product_tag?post=6945"}],"curies":[{"name":"wp","href":"https:\/\/api.w.org\/{rel}","templated":true}]}}