{"id":1178,"date":"2024-03-08T08:46:04","date_gmt":"2024-03-08T08:46:04","guid":{"rendered":"https:\/\/www.delcofluid.com\/?post_type=product&#038;p=1178"},"modified":"2024-07-30T09:11:58","modified_gmt":"2024-07-30T08:11:58","slug":"pneumatic-control-valves","status":"publish","type":"product","link":"https:\/\/www.delcofluid.com\/es\/producto\/pneumatic-control-valves\/","title":{"rendered":"V\u00e1lvulas de control neum\u00e1ticas DELCO - ZJHP\/ZJHM"},"content":{"rendered":"<div data-elementor-type=\"product-post\" data-elementor-id=\"1178\" class=\"elementor elementor-1178\" data-elementor-post-type=\"product\">\n\t\t\t\t<div class=\"elementor-element elementor-element-6f615b3 e-flex e-con-boxed e-con e-parent\" data-id=\"6f615b3\" data-element_type=\"container\" data-e-type=\"container\" data-settings=\"{&quot;ekit_has_onepagescroll_dot&quot;:&quot;yes&quot;}\">\n\t\t\t\t\t<div class=\"e-con-inner\">\n\t\t<div class=\"elementor-element elementor-element-ee97c29 e-flex e-con-boxed e-con e-child\" data-id=\"ee97c29\" data-element_type=\"container\" data-e-type=\"container\" data-settings=\"{&quot;ekit_has_onepagescroll_dot&quot;:&quot;yes&quot;}\">\n\t\t\t\t\t<div class=\"e-con-inner\">\n\t\t\t\t<div class=\"elementor-element elementor-element-c8926d1 elementor-widget elementor-widget-image\" data-id=\"c8926d1\" data-element_type=\"widget\" data-e-type=\"widget\" data-settings=\"{&quot;ekit_we_effect_on&quot;:&quot;none&quot;}\" data-widget_type=\"image.default\">\n\t\t\t\t<div class=\"elementor-widget-container\">\n\t\t\t\t\t\t\t\t\t\t\t\t\t\t\t<img fetchpriority=\"high\" decoding=\"async\" width=\"1024\" height=\"1024\" src=\"https:\/\/www.delcofluid.com\/wp-content\/uploads\/2024\/03\/258-1024x1024.jpg\" class=\"attachment-large size-large wp-image-1819\" alt=\"Control valves\" srcset=\"https:\/\/www.delcofluid.com\/wp-content\/uploads\/2024\/03\/258-1024x1024.jpg 1024w, https:\/\/www.delcofluid.com\/wp-content\/uploads\/2024\/03\/258-300x300.jpg 300w, https:\/\/www.delcofluid.com\/wp-content\/uploads\/2024\/03\/258-scaled-100x100.jpg 100w, https:\/\/www.delcofluid.com\/wp-content\/uploads\/2024\/03\/258-scaled-600x600.jpg 600w, https:\/\/www.delcofluid.com\/wp-content\/uploads\/2024\/03\/258-150x150.jpg 150w, https:\/\/www.delcofluid.com\/wp-content\/uploads\/2024\/03\/258-768x768.jpg 768w, https:\/\/www.delcofluid.com\/wp-content\/uploads\/2024\/03\/258-1536x1536.jpg 1536w, https:\/\/www.delcofluid.com\/wp-content\/uploads\/2024\/03\/258-2048x2048.jpg 2048w\" sizes=\"(max-width: 1024px) 100vw, 1024px\" \/>\t\t\t\t\t\t\t\t\t\t\t\t\t\t\t<\/div>\n\t\t\t\t<\/div>\n\t\t\t\t\t<\/div>\n\t\t\t\t<\/div>\n\t\t<div class=\"elementor-element elementor-element-03d5528 e-con-full e-flex e-con e-child\" data-id=\"03d5528\" data-element_type=\"container\" data-e-type=\"container\" data-settings=\"{&quot;ekit_has_onepagescroll_dot&quot;:&quot;yes&quot;}\">\n\t\t\t\t<div class=\"elementor-element elementor-element-528aa53 elementor-widget elementor-widget-heading\" data-id=\"528aa53\" data-element_type=\"widget\" data-e-type=\"widget\" data-settings=\"{&quot;ekit_we_effect_on&quot;:&quot;none&quot;}\" data-widget_type=\"heading.default\">\n\t\t\t\t<div class=\"elementor-widget-container\">\n\t\t\t\t\t<h2 class=\"elementor-heading-title elementor-size-default\">Descripci\u00f3n<\/h2>\t\t\t\t<\/div>\n\t\t\t\t<\/div>\n\t\t\t\t<div class=\"elementor-element elementor-element-206a84f elementor-widget-divider--view-line elementor-widget elementor-widget-divider\" data-id=\"206a84f\" data-element_type=\"widget\" data-e-type=\"widget\" data-settings=\"{&quot;ekit_we_effect_on&quot;:&quot;none&quot;}\" data-widget_type=\"divider.default\">\n\t\t\t\t<div class=\"elementor-widget-container\">\n\t\t\t\t\t\t\t<div class=\"elementor-divider\">\n\t\t\t<span class=\"elementor-divider-separator\">\n\t\t\t\t\t\t<\/span>\n\t\t<\/div>\n\t\t\t\t\t\t<\/div>\n\t\t\t\t<\/div>\n\t\t\t\t<div class=\"elementor-element elementor-element-5f5b360d elementor-widget__width-initial elementor-widget elementor-widget-text-editor\" data-id=\"5f5b360d\" data-element_type=\"widget\" data-e-type=\"widget\" data-settings=\"{&quot;ekit_we_effect_on&quot;:&quot;none&quot;}\" data-widget_type=\"text-editor.default\">\n\t\t\t\t<div class=\"elementor-widget-container\">\n\t\t\t\t\t\t\t\t\t<p>Las v\u00e1lvulas de control neum\u00e1ticas son un tipo de v\u00e1lvula que utiliza los principios de la neum\u00e1tica para regular el flujo de fluidos. Esta v\u00e1lvula suele estar controlada por un actuador neum\u00e1tico, que funciona con aire comprimido u otros gases. Las v\u00e1lvulas de control neum\u00e1ticas se utilizan ampliamente en sistemas de automatizaci\u00f3n industrial, donde se emplean para ajustar par\u00e1metros como la presi\u00f3n, el flujo y la temperatura de los medios fluidos para cumplir con los requisitos del proceso.<\/p><p>El principio de funcionamiento consiste en modificar la apertura de la v\u00e1lvula ajustando la posici\u00f3n del actuador neum\u00e1tico. Este tipo de v\u00e1lvula es conocida por su respuesta r\u00e1pida, control preciso y rendimiento confiable, lo que la hace adecuada para diversos sectores industriales, incluidos los sectores qu\u00edmico, petrolero, farmac\u00e9utico y manufacturero.<\/p>\t\t\t\t\t\t\t\t<\/div>\n\t\t\t\t<\/div>\n\t\t\t\t<\/div>\n\t\t\t\t\t<\/div>\n\t\t\t\t<\/div>\n\t\t<div class=\"elementor-element elementor-element-906b3f4 e-flex e-con-boxed e-con e-parent\" data-id=\"906b3f4\" data-element_type=\"container\" data-e-type=\"container\" data-settings=\"{&quot;background_background&quot;:&quot;classic&quot;,&quot;ekit_has_onepagescroll_dot&quot;:&quot;yes&quot;}\">\n\t\t\t\t\t<div class=\"e-con-inner\">\n\t\t\t\t<div class=\"elementor-element elementor-element-1c8b5ce elementor-widget elementor-widget-heading\" data-id=\"1c8b5ce\" data-element_type=\"widget\" data-e-type=\"widget\" data-settings=\"{&quot;ekit_we_effect_on&quot;:&quot;none&quot;}\" data-widget_type=\"heading.default\">\n\t\t\t\t<div class=\"elementor-widget-container\">\n\t\t\t\t\t<h2 class=\"elementor-heading-title elementor-size-default\">Par\u00e1metros t\u00e9cnicos de las v\u00e1lvulas de control neum\u00e1tico:<\/h2>\t\t\t\t<\/div>\n\t\t\t\t<\/div>\n\t\t\t\t\t<\/div>\n\t\t\t\t<\/div>\n\t\t<div class=\"elementor-element elementor-element-419df0c e-flex e-con-boxed e-con e-parent\" data-id=\"419df0c\" data-element_type=\"container\" data-e-type=\"container\" data-settings=\"{&quot;ekit_has_onepagescroll_dot&quot;:&quot;yes&quot;}\">\n\t\t\t\t\t<div class=\"e-con-inner\">\n\t\t\t\t<div class=\"elementor-element elementor-element-8e45e57 elementor-widget__width-initial elementor-widget elementor-widget-text-editor\" data-id=\"8e45e57\" data-element_type=\"widget\" data-e-type=\"widget\" data-settings=\"{&quot;ekit_we_effect_on&quot;:&quot;none&quot;}\" data-widget_type=\"text-editor.default\">\n\t\t\t\t<div class=\"elementor-widget-container\">\n\t\t\t\t\t\t\t\t\t<table width=\"1025\">\n<tbody>\n<tr>\n<td width=\"205\">Tipo<\/td>\n<td width=\"205\">Presi\u00f3n nominal<\/td>\n<td width=\"205\">Estructura<\/td>\n<td width=\"205\">Tipo de enfriamiento<\/td>\n<td width=\"205\">Embalaje<\/td>\n<\/tr>\n<tr>\n<td width=\"205\">Asiento individual, asiento doble, manga<\/td>\n<td width=\"205\">PN16, PN25, PN40, PN63<\/td>\n<td width=\"205\">Tipo est\u00e1ndar <br>(-20\u2103 ~+200\u2103 )<\/td>\n<td width=\"205\">&nbsp;(-40 ~ 450 \u2103)<\/td>\n<td width=\"205\">PTFE tipo V, <br>grafito flexible<\/td>\n<\/tr>\n<tr>\n<td width=\"205\">Di\u00e1metro nominal<\/td>\n<td width=\"205\">Conexi\u00f3n<\/td>\n<td width=\"205\">Material<\/td>\n<td width=\"205\">Tipo de baja temperatura<\/td>\n<td width=\"205\">Rango ajustable<\/td>\n<\/tr>\n<tr>\n<td width=\"205\">DN15-DN300<\/td>\n<td width=\"205\">Brida, rosca, soldadura <br>(U otro especificado por el cliente)<\/td>\n<td width=\"205\">Acero inoxidable o WCB<\/td>\n<td width=\"205\">(-60\u2103 ~-196\u2103 )<\/td>\n<td width=\"205\">50:1<\/td>\n<\/tr>\n<tr>\n<td width=\"205\">Superficie de sellado<\/td>\n<td width=\"205\">Error b\u00e1sico<\/td>\n<td width=\"205\">Accesorios<\/td>\n<td colspan=\"2\" width=\"410\">Clase de fuga<\/td>\n<\/tr>\n<tr>\n<td width=\"205\">Superficie convexa PN16, PN40, PN63<\/td>\n<td width=\"205\">Menos de carrera completa +-1% (con localizador) Menos de carrera completa<\/td>\n<td width=\"205\">localizador, v\u00e1lvula de alivio de presi\u00f3n del filtro de aire, dispositivo de volante, interruptor de l\u00edmite, v\u00e1lvula solenoide, v\u00e1lvula de bloqueo y otros.<\/td>\n<td width=\"205\">Sello de metal: Menos de 0,01 (ANSI B16.104-1976IV)<\/td>\n<td width=\"205\">Sello blando: Menos de 0,00001%<\/td>\n<\/tr>\n<\/tbody>\n<\/table>\t\t\t\t\t\t\t\t<\/div>\n\t\t\t\t<\/div>\n\t\t\t\t\t<\/div>\n\t\t\t\t<\/div>\n\t\t<div class=\"elementor-element elementor-element-9724999 e-flex e-con-boxed e-con e-parent\" data-id=\"9724999\" data-element_type=\"container\" data-e-type=\"container\" data-settings=\"{&quot;ekit_has_onepagescroll_dot&quot;:&quot;yes&quot;}\">\n\t\t\t\t\t<div class=\"e-con-inner\">\n\t\t\t\t<div class=\"elementor-element elementor-element-e78f3c2 elementor-widget elementor-widget-text-editor\" data-id=\"e78f3c2\" data-element_type=\"widget\" data-e-type=\"widget\" data-settings=\"{&quot;ekit_we_effect_on&quot;:&quot;none&quot;}\" data-widget_type=\"text-editor.default\">\n\t\t\t\t<div class=\"elementor-widget-container\">\n\t\t\t\t\t\t\t\t\t<p><strong><span style=\"color: #000000\">Componentes de la v\u00e1lvula:<\/span> <\/strong>N\u00facleo de \u00e9mbolo de asiento \u00fanico, tipo 304, asiento de n\u00facleo 316+ SLT con porcentaje igual, lineal, caracter\u00edsticas bajas de apertura r\u00e1pida.<br \/><strong><span style=\"color: #000000\">Actuador de v\u00e1lvula:<\/span><\/strong> Actuador de diafragma con m\u00faltiples resortes de acci\u00f3n directa y acci\u00f3n inversa. Material de diafragma de tela de poli\u00e9ster reforzado con caucho NBR. Rango de resorte de 20 a 100 kPa, 40 a 200 kPa, 80 a 240 kPa. Presi\u00f3n de suministro de 0,4 MPa a 0,5 MPa.<br \/><strong><span style=\"color: #000000\">Tipo de acci\u00f3n:<\/span> <\/strong>Aire para cerrar FO (con actuador de acci\u00f3n directa), cuando falla el suministro de aire, el resorte del actuador abre la v\u00e1lvula; Aire para abrir FC (con actuador de acci\u00f3n inversa) Cuando falla el suministro de aire, el resorte del actuador cierra la v\u00e1lvula. Lineal, porcentaje igual, apertura r\u00e1pida.<\/p>\t\t\t\t\t\t\t\t<\/div>\n\t\t\t\t<\/div>\n\t\t\t\t\t<\/div>\n\t\t\t\t<\/div>\n\t\t<div class=\"elementor-element elementor-element-5f97730 e-flex e-con-boxed e-con e-parent\" data-id=\"5f97730\" data-element_type=\"container\" data-e-type=\"container\" data-settings=\"{&quot;ekit_has_onepagescroll_dot&quot;:&quot;yes&quot;}\">\n\t\t\t\t\t<div class=\"e-con-inner\">\n\t\t\t\t<div class=\"elementor-element elementor-element-06cbc42 elementor-widget elementor-widget-heading\" data-id=\"06cbc42\" data-element_type=\"widget\" data-e-type=\"widget\" data-settings=\"{&quot;ekit_we_effect_on&quot;:&quot;none&quot;}\" data-widget_type=\"heading.default\">\n\t\t\t\t<div class=\"elementor-widget-container\">\n\t\t\t\t\t<h2 class=\"elementor-heading-title elementor-size-default\">C\u00f3mo elegir las v\u00e1lvulas de control adecuadas<\/h2>\t\t\t\t<\/div>\n\t\t\t\t<\/div>\n\t\t\t\t<div class=\"elementor-element elementor-element-ee01192 elementor-widget elementor-widget-text-editor\" data-id=\"ee01192\" data-element_type=\"widget\" data-e-type=\"widget\" data-settings=\"{&quot;ekit_we_effect_on&quot;:&quot;none&quot;}\" data-widget_type=\"text-editor.default\">\n\t\t\t\t<div class=\"elementor-widget-container\">\n\t\t\t\t\t\t\t\t\t<p>Al seleccionar una v\u00e1lvula de control, tenga en cuenta los siguientes factores:<\/p>\t\t\t\t\t\t\t\t<\/div>\n\t\t\t\t<\/div>\n\t\t\t\t<div class=\"elementor-element elementor-element-3f366c3 elementor-widget elementor-widget-text-editor\" data-id=\"3f366c3\" data-element_type=\"widget\" data-e-type=\"widget\" data-settings=\"{&quot;ekit_we_effect_on&quot;:&quot;none&quot;}\" data-widget_type=\"text-editor.default\">\n\t\t\t\t<div class=\"elementor-widget-container\">\n\t\t\t\t\t\t\t\t\t<p><span style=\"color: #1b6dc1\"><strong>Requisitos de flujo:<\/strong><\/span> Evaluar las caracter\u00edsticas de flujo necesarias para la aplicaci\u00f3n espec\u00edfica.<br \/>Caracter\u00edsticas del flujo: considere las propiedades del fluido, como la viscosidad, la presi\u00f3n y la temperatura, para seleccionar una v\u00e1lvula que pueda manejar las condiciones espec\u00edficas.<br \/><strong><span style=\"color: #1b6dc1\">Tama\u00f1o de la v\u00e1lvula:<\/span><\/strong> Elija un tama\u00f1o de v\u00e1lvula que coincida con el tama\u00f1o de la tuber\u00eda y cumpla con la capacidad de flujo requerida.<br \/><strong><span style=\"color: #1b6dc1\">Tipo de actuador:<\/span><\/strong> Decida entre accionamiento manual, el\u00e9ctrico, neum\u00e1tico o hidr\u00e1ulico en funci\u00f3n de los requisitos del sistema y los recursos disponibles. Seleccione un actuador que proporcione la fuerza adecuada y cumpla con los requisitos de control deseados.<br \/><strong><span style=\"color: #1b6dc1\">Compatibilidad de materiales:<\/span><\/strong> Aseg\u00farese de que los materiales de la v\u00e1lvula sean compatibles con el fluido que se manipula para evitar la corrosi\u00f3n u otros da\u00f1os.<br \/><strong><span style=\"color: #1b6dc1\">Requisitos reglamentarios:<\/span><\/strong> Cumplir con las regulaciones y est\u00e1ndares espec\u00edficos de la industria para garantizar un funcionamiento seguro y eficiente.<br \/><strong><span style=\"color: #1b6dc1\">Ruido y vibraci\u00f3n:<\/span> <\/strong>Opci\u00f3n de un dise\u00f1o de v\u00e1lvula que minimiza el ruido y la vibraci\u00f3n para una operaci\u00f3n m\u00e1s segura y confiable.<\/p>\t\t\t\t\t\t\t\t<\/div>\n\t\t\t\t<\/div>\n\t\t\t\t\t<\/div>\n\t\t\t\t<\/div>\n\t\t\t\t<\/div>","protected":false},"excerpt":{"rendered":"<p>Las v\u00e1lvulas de control neum\u00e1ticas son componentes esenciales en la automatizaci\u00f3n industrial, que regulan el flujo de fluidos mediante actuadores neum\u00e1ticos.<\/p>\n<p>Las principales ventajas de la v\u00e1lvula de control neum\u00e1tica son que la velocidad de apertura y cierre de la v\u00e1lvula de control neum\u00e1tica es f\u00e1cil de ajustar, la estructura es simple y es f\u00e1cil de mantener. Debido a las caracter\u00edsticas de amortiguaci\u00f3n del propio gas durante el funcionamiento, no es f\u00e1cil que se da\u00f1e debido a atascos. Es m\u00e1s confiable que la v\u00e1lvula el\u00e9ctrica en algunas situaciones a prueba de explosiones.<\/p>\n<p>Modelo: V\u00e1lvula de control neum\u00e1tica<br \/>\nRango de tama\u00f1o: 1\/2\u201d~12\u2032<br \/>\nRango de presi\u00f3n: 1,6 ~ 6,4 Mpa<br \/>\nMaterial: Acero inoxidable 304, 316, 316L o WCB<\/p>","protected":false},"featured_media":6967,"template":"","meta":{"site-sidebar-layout":"default","site-content-layout":"","ast-site-content-layout":"default","site-content-style":"default","site-sidebar-style":"default","ast-global-header-display":"","ast-banner-title-visibility":"","ast-main-header-display":"","ast-hfb-above-header-display":"","ast-hfb-below-header-display":"","ast-hfb-mobile-header-display":"","site-post-title":"","ast-breadcrumbs-content":"","ast-featured-img":"","footer-sml-layout":"","ast-disable-related-posts":"","theme-transparent-header-meta":"default","adv-header-id-meta":"","stick-header-meta":"","header-above-stick-meta":"","header-main-stick-meta":"","header-below-stick-meta":"","astra-migrate-meta-layouts":"set","ast-page-background-enabled":"default","ast-page-background-meta":{"desktop":{"background-color":"var(--ast-global-color-4)","background-image":"","background-repeat":"repeat","background-position":"center center","background-size":"auto","background-attachment":"scroll","background-type":"","background-media":"","overlay-type":"","overlay-color":"","overlay-opacity":"","overlay-gradient":""},"tablet":{"background-color":"","background-image":"","background-repeat":"repeat","background-position":"center center","background-size":"auto","background-attachment":"scroll","background-type":"","background-media":"","overlay-type":"","overlay-color":"","overlay-opacity":"","overlay-gradient":""},"mobile":{"background-color":"","background-image":"","background-repeat":"repeat","background-position":"center center","background-size":"auto","background-attachment":"scroll","background-type":"","background-media":"","overlay-type":"","overlay-color":"","overlay-opacity":"","overlay-gradient":""}},"ast-content-background-meta":{"desktop":{"background-color":"var(--ast-global-color-5)","background-image":"","background-repeat":"repeat","background-position":"center center","background-size":"auto","background-attachment":"scroll","background-type":"","background-media":"","overlay-type":"","overlay-color":"","overlay-opacity":"","overlay-gradient":""},"tablet":{"background-color":"var(--ast-global-color-5)","background-image":"","background-repeat":"repeat","background-position":"center center","background-size":"auto","background-attachment":"scroll","background-type":"","background-media":"","overlay-type":"","overlay-color":"","overlay-opacity":"","overlay-gradient":""},"mobile":{"background-color":"var(--ast-global-color-5)","background-image":"","background-repeat":"repeat","background-position":"center center","background-size":"auto","background-attachment":"scroll","background-type":"","background-media":"","overlay-type":"","overlay-color":"","overlay-opacity":"","overlay-gradient":""}}},"product_brand":[],"product_cat":[36,255,33],"product_tag":[55,59,54,87,56],"class_list":{"0":"post-1178","1":"product","2":"type-product","3":"status-publish","4":"has-post-thumbnail","6":"product_cat-control-valves","7":"product_cat-pneumatic-control-valve","8":"product_cat-products","9":"product_tag-control-valve","10":"product_tag-control-valves","11":"product_tag-pneumatic-control-valve","12":"product_tag-pneumatic-control-valves","13":"product_tag-valves","14":"desktop-align-center","15":"tablet-align-left","16":"mobile-align-left","18":"first","19":"instock","20":"shipping-taxable","21":"product-type-simple"},"_links":{"self":[{"href":"https:\/\/www.delcofluid.com\/es\/wp-json\/wp\/v2\/product\/1178","targetHints":{"allow":["GET"]}}],"collection":[{"href":"https:\/\/www.delcofluid.com\/es\/wp-json\/wp\/v2\/product"}],"about":[{"href":"https:\/\/www.delcofluid.com\/es\/wp-json\/wp\/v2\/types\/product"}],"version-history":[{"count":0,"href":"https:\/\/www.delcofluid.com\/es\/wp-json\/wp\/v2\/product\/1178\/revisions"}],"wp:featuredmedia":[{"embeddable":true,"href":"https:\/\/www.delcofluid.com\/es\/wp-json\/wp\/v2\/media\/6967"}],"wp:attachment":[{"href":"https:\/\/www.delcofluid.com\/es\/wp-json\/wp\/v2\/media?parent=1178"}],"wp:term":[{"taxonomy":"product_brand","embeddable":true,"href":"https:\/\/www.delcofluid.com\/es\/wp-json\/wp\/v2\/product_brand?post=1178"},{"taxonomy":"product_cat","embeddable":true,"href":"https:\/\/www.delcofluid.com\/es\/wp-json\/wp\/v2\/product_cat?post=1178"},{"taxonomy":"product_tag","embeddable":true,"href":"https:\/\/www.delcofluid.com\/es\/wp-json\/wp\/v2\/product_tag?post=1178"}],"curies":[{"name":"wp","href":"https:\/\/api.w.org\/{rel}","templated":true}]}}