{"id":13014,"date":"2025-02-20T08:21:24","date_gmt":"2025-02-20T08:21:24","guid":{"rendered":"https:\/\/www.delcofluid.com\/?post_type=product&#038;p=13014"},"modified":"2025-02-20T08:50:42","modified_gmt":"2025-02-20T08:50:42","slug":"delco-carbon-steel-flange-linear-pneumatic-actuator-globe-valve","status":"publish","type":"product","link":"https:\/\/www.delcofluid.com\/es\/producto\/delco-carbon-steel-flange-linear-pneumatic-actuator-globe-valve\/","title":{"rendered":"V\u00e1lvula de globo con actuador neum\u00e1tico lineal con brida de acero al carbono DELCO"},"content":{"rendered":"<div data-elementor-type=\"product-post\" data-elementor-id=\"13014\" class=\"elementor elementor-13014\" data-elementor-post-type=\"product\">\n\t\t\t\t<div class=\"elementor-element elementor-element-20539a1c e-con-full e-flex e-con e-parent\" data-id=\"20539a1c\" data-element_type=\"container\" data-e-type=\"container\" data-settings=\"{&quot;ekit_has_onepagescroll_dot&quot;:&quot;yes&quot;}\">\n\t\t<div class=\"elementor-element elementor-element-3316fa6 e-con-full e-flex e-con e-child\" data-id=\"3316fa6\" data-element_type=\"container\" data-e-type=\"container\" data-settings=\"{&quot;ekit_has_onepagescroll_dot&quot;:&quot;yes&quot;}\">\n\t\t\t\t<div class=\"elementor-element elementor-element-b8b3abc elementor-widget elementor-widget-heading\" data-id=\"b8b3abc\" data-element_type=\"widget\" data-e-type=\"widget\" data-settings=\"{&quot;ekit_we_effect_on&quot;:&quot;none&quot;}\" data-widget_type=\"heading.default\">\n\t\t\t\t<div class=\"elementor-widget-container\">\n\t\t\t\t\t<h2 class=\"elementor-heading-title elementor-size-default\">Beneficios de las v\u00e1lvulas de globo neum\u00e1ticas:<\/h2>\t\t\t\t<\/div>\n\t\t\t\t<\/div>\n\t\t\t\t<div class=\"elementor-element elementor-element-4b43349d elementor-widget__width-initial elementor-widget elementor-widget-text-editor\" data-id=\"4b43349d\" data-element_type=\"widget\" data-e-type=\"widget\" data-settings=\"{&quot;ekit_we_effect_on&quot;:&quot;none&quot;}\" data-widget_type=\"text-editor.default\">\n\t\t\t\t<div class=\"elementor-widget-container\">\n\t\t\t\t\t\t\t\t\t<p>Las v\u00e1lvulas neum\u00e1ticas ofrecen un funcionamiento rentable, r\u00e1pido y con capacidad de respuesta, con requisitos de mantenimiento reducidos. Garantizan la seguridad en condiciones peligrosas, proporcionan soluciones de sellado eficaces y ofrecen versatilidad gracias a su integraci\u00f3n perfecta con diferentes se\u00f1ales de control y sistemas de automatizaci\u00f3n.<\/p>\t\t\t\t\t\t\t\t<\/div>\n\t\t\t\t<\/div>\n\t\t\t\t<div class=\"elementor-element elementor-element-f24d1e9 elementor-widget__width-initial elementor-widget elementor-widget-text-editor\" data-id=\"f24d1e9\" data-element_type=\"widget\" data-e-type=\"widget\" data-settings=\"{&quot;ekit_we_effect_on&quot;:&quot;none&quot;}\" data-widget_type=\"text-editor.default\">\n\t\t\t\t<div class=\"elementor-widget-container\">\n\t\t\t\t\t\t\t\t\t<ul><li>Tope de recorrido ajustable para la posici\u00f3n de retracci\u00f3n de la varilla; el pist\u00f3n toca fondo para la posici\u00f3n de extensi\u00f3n de la varilla. Hay aplicaciones de recorrido espec\u00edficas disponibles; consulte con la f\u00e1brica.<\/li><li>La tuerca de la varilla del resorte est\u00e1 bloqueada para evitar el desmontaje no autorizado del cartucho del resorte.<\/li><li>El material del cilindro neum\u00e1tico es aluminio anodizado duro.<\/li><li>El material de la varilla de transmisi\u00f3n es acero al carbono cromado. Con opci\u00f3n de acero inoxidable.<\/li><li>Otros colores\/recubrimientos disponibles a pedido.<\/li><li>Consulte a la f\u00e1brica para conocer los requisitos personalizados de empuje, recorrido y presi\u00f3n.<\/li><\/ul>\t\t\t\t\t\t\t\t<\/div>\n\t\t\t\t<\/div>\n\t\t\t\t<\/div>\n\t\t<div class=\"elementor-element elementor-element-e796ac0 e-con-full e-flex e-con e-child\" data-id=\"e796ac0\" data-element_type=\"container\" data-e-type=\"container\" data-settings=\"{&quot;ekit_has_onepagescroll_dot&quot;:&quot;yes&quot;}\">\n\t\t\t\t<div class=\"elementor-element elementor-element-7ddba38 elementor-widget__width-initial elementor-widget elementor-widget-image\" data-id=\"7ddba38\" data-element_type=\"widget\" data-e-type=\"widget\" data-settings=\"{&quot;ekit_we_effect_on&quot;:&quot;none&quot;}\" data-widget_type=\"image.default\">\n\t\t\t\t<div class=\"elementor-widget-container\">\n\t\t\t\t\t\t\t\t\t\t\t\t\t\t\t<img fetchpriority=\"high\" decoding=\"async\" width=\"1024\" height=\"767\" src=\"https:\/\/www.delcofluid.com\/wp-content\/uploads\/2025\/02\/\u672a\u6807\u9898-51.png\" class=\"attachment-large size-large wp-image-13019\" alt=\"DELCO Carbon Steel Flanged Linear Pneumatic Actuator Globe Valve\" srcset=\"https:\/\/www.delcofluid.com\/wp-content\/uploads\/2025\/02\/\u672a\u6807\u9898-51.png 1024w, https:\/\/www.delcofluid.com\/wp-content\/uploads\/2025\/02\/\u672a\u6807\u9898-51-300x225.png 300w, https:\/\/www.delcofluid.com\/wp-content\/uploads\/2025\/02\/\u672a\u6807\u9898-51-768x575.png 768w, https:\/\/www.delcofluid.com\/wp-content\/uploads\/2025\/02\/\u672a\u6807\u9898-51-16x12.png 16w, https:\/\/www.delcofluid.com\/wp-content\/uploads\/2025\/02\/\u672a\u6807\u9898-51-600x449.png 600w\" sizes=\"(max-width: 1024px) 100vw, 1024px\" \/>\t\t\t\t\t\t\t\t\t\t\t\t\t\t\t<\/div>\n\t\t\t\t<\/div>\n\t\t\t\t<\/div>\n\t\t\t\t<\/div>\n\t\t<div class=\"elementor-element elementor-element-15c4c55 e-con-full e-flex e-con e-parent\" data-id=\"15c4c55\" data-element_type=\"container\" data-e-type=\"container\" data-settings=\"{&quot;background_background&quot;:&quot;classic&quot;,&quot;ekit_has_onepagescroll_dot&quot;:&quot;yes&quot;}\">\n\t\t\t\t<div class=\"elementor-element elementor-element-cf7446a elementor-widget elementor-widget-heading\" data-id=\"cf7446a\" data-element_type=\"widget\" data-e-type=\"widget\" data-settings=\"{&quot;ekit_we_effect_on&quot;:&quot;none&quot;}\" data-widget_type=\"heading.default\">\n\t\t\t\t<div class=\"elementor-widget-container\">\n\t\t\t\t\t<h2 class=\"elementor-heading-title elementor-size-default\">Hoja de datos de la v\u00e1lvula:<\/h2>\t\t\t\t<\/div>\n\t\t\t\t<\/div>\n\t\t\t\t<\/div>\n\t\t<div class=\"elementor-element elementor-element-e2b9db7 e-con-full e-flex e-con e-parent\" data-id=\"e2b9db7\" data-element_type=\"container\" data-e-type=\"container\" data-settings=\"{&quot;ekit_has_onepagescroll_dot&quot;:&quot;yes&quot;}\">\n\t\t\t\t<div class=\"elementor-element elementor-element-4cf356d elementor-widget__width-initial elementor-widget elementor-widget-text-editor\" data-id=\"4cf356d\" data-element_type=\"widget\" data-e-type=\"widget\" data-settings=\"{&quot;ekit_we_effect_on&quot;:&quot;none&quot;}\" data-widget_type=\"text-editor.default\">\n\t\t\t\t<div class=\"elementor-widget-container\">\n\t\t\t\t\t\t\t\t\t<table><tbody><tr><td><p>Tipo de actuador<\/p><\/td><td><p>Retorno por resorte \/ Doble efecto<\/p><\/td><td><p>Rango de tallas<\/p><\/td><td><p>DN15 a DN150<\/p><\/td><\/tr><tr><td><p>Conexi\u00f3n<\/p><\/td><td><p>Brida<\/p><\/td><td><p>Material del sello<\/p><\/td><td><p>EPDM \/ Metal<\/p><\/td><\/tr><tr><td><p>Medio<\/p><\/td><td><p>Aire, agua, aguas residuales, aceite, lodo, etc.<\/p><\/td><td><p>Presi\u00f3n de trabajo<\/p><\/td><td><p>PN16<\/p><\/td><\/tr><tr><td><p>Material del cuerpo<\/p><\/td><td><p>Acero al carbono o acero inoxidable 304\/316\/316L<\/p><\/td><td><p>Temperatura del medio<\/p><\/td><td><p>-10 a 400 \u2103 (14 \u2109 a 752 \u2109)<\/p><\/td><\/tr><\/tbody><\/table>\t\t\t\t\t\t\t\t<\/div>\n\t\t\t\t<\/div>\n\t\t\t\t<\/div>\n\t\t<div class=\"elementor-element elementor-element-0b18e32 e-flex e-con-boxed e-con e-parent\" data-id=\"0b18e32\" data-element_type=\"container\" data-e-type=\"container\" data-settings=\"{&quot;ekit_has_onepagescroll_dot&quot;:&quot;yes&quot;}\">\n\t\t\t\t\t<div class=\"e-con-inner\">\n\t\t\t\t<div class=\"elementor-element elementor-element-c6975fe elementor-widget elementor-widget-heading\" data-id=\"c6975fe\" data-element_type=\"widget\" data-e-type=\"widget\" data-settings=\"{&quot;ekit_we_effect_on&quot;:&quot;none&quot;}\" data-widget_type=\"heading.default\">\n\t\t\t\t<div class=\"elementor-widget-container\">\n\t\t\t\t\t<h2 class=\"elementor-heading-title elementor-size-default\">V\u00e1lvula de globo con actuador neum\u00e1tico lineal tipo brida DELCO<\/h2>\t\t\t\t<\/div>\n\t\t\t\t<\/div>\n\t\t\t\t<div class=\"elementor-element elementor-element-7c2794f elementor-widget elementor-widget-image\" data-id=\"7c2794f\" data-element_type=\"widget\" data-e-type=\"widget\" data-settings=\"{&quot;ekit_we_effect_on&quot;:&quot;none&quot;}\" data-widget_type=\"image.default\">\n\t\t\t\t<div class=\"elementor-widget-container\">\n\t\t\t\t\t\t\t\t\t\t\t\t\t\t\t<img decoding=\"async\" width=\"1024\" height=\"354\" src=\"https:\/\/www.delcofluid.com\/wp-content\/uploads\/2025\/02\/\u672a\u6807\u9898-61-1024x354.png\" class=\"attachment-large size-large wp-image-13021\" alt=\"DELCO Carbon Steel Flanged Linear Pneumatic Actuator Globe Valve\" srcset=\"https:\/\/www.delcofluid.com\/wp-content\/uploads\/2025\/02\/\u672a\u6807\u9898-61-1024x354.png 1024w, https:\/\/www.delcofluid.com\/wp-content\/uploads\/2025\/02\/\u672a\u6807\u9898-61-300x104.png 300w, https:\/\/www.delcofluid.com\/wp-content\/uploads\/2025\/02\/\u672a\u6807\u9898-61-768x265.png 768w, https:\/\/www.delcofluid.com\/wp-content\/uploads\/2025\/02\/\u672a\u6807\u9898-61-1536x531.png 1536w, https:\/\/www.delcofluid.com\/wp-content\/uploads\/2025\/02\/\u672a\u6807\u9898-61-18x6.png 18w, https:\/\/www.delcofluid.com\/wp-content\/uploads\/2025\/02\/\u672a\u6807\u9898-61-600x207.png 600w, https:\/\/www.delcofluid.com\/wp-content\/uploads\/2025\/02\/\u672a\u6807\u9898-61.png 1881w\" sizes=\"(max-width: 1024px) 100vw, 1024px\" \/>\t\t\t\t\t\t\t\t\t\t\t\t\t\t\t<\/div>\n\t\t\t\t<\/div>\n\t\t\t\t\t<\/div>\n\t\t\t\t<\/div>\n\t\t<div class=\"elementor-element elementor-element-44f21df6 e-con-full e-flex e-con e-parent\" data-id=\"44f21df6\" data-element_type=\"container\" data-e-type=\"container\" data-settings=\"{&quot;background_background&quot;:&quot;classic&quot;,&quot;ekit_has_onepagescroll_dot&quot;:&quot;yes&quot;}\">\n\t\t\t\t<div class=\"elementor-element elementor-element-661968e2 elementor-widget elementor-widget-heading\" data-id=\"661968e2\" data-element_type=\"widget\" data-e-type=\"widget\" data-settings=\"{&quot;ekit_we_effect_on&quot;:&quot;none&quot;}\" data-widget_type=\"heading.default\">\n\t\t\t\t<div class=\"elementor-widget-container\">\n\t\t\t\t\t<h2 class=\"elementor-heading-title elementor-size-default\">Accesorios para v\u00e1lvulas neum\u00e1ticas:<\/h2>\t\t\t\t<\/div>\n\t\t\t\t<\/div>\n\t\t\t\t<\/div>\n\t\t<div class=\"elementor-element elementor-element-29c98da8 e-flex e-con-boxed e-con e-parent\" data-id=\"29c98da8\" data-element_type=\"container\" data-e-type=\"container\" data-settings=\"{&quot;ekit_has_onepagescroll_dot&quot;:&quot;yes&quot;}\">\n\t\t\t\t\t<div class=\"e-con-inner\">\n\t\t<div class=\"elementor-element elementor-element-24d0d7fe e-flex e-con-boxed e-con e-child\" data-id=\"24d0d7fe\" data-element_type=\"container\" data-e-type=\"container\" data-settings=\"{&quot;ekit_has_onepagescroll_dot&quot;:&quot;yes&quot;}\">\n\t\t\t\t\t<div class=\"e-con-inner\">\n\t\t<div class=\"elementor-element elementor-element-6a991f18 e-con-full e-flex e-con e-child\" data-id=\"6a991f18\" data-element_type=\"container\" data-e-type=\"container\" data-settings=\"{&quot;ekit_has_onepagescroll_dot&quot;:&quot;yes&quot;}\">\n\t\t\t\t<div class=\"elementor-element elementor-element-1c5ff5fb elementor-widget__width-initial elementor-widget elementor-widget-image\" data-id=\"1c5ff5fb\" data-element_type=\"widget\" data-e-type=\"widget\" data-settings=\"{&quot;ekit_we_effect_on&quot;:&quot;none&quot;}\" data-widget_type=\"image.default\">\n\t\t\t\t<div class=\"elementor-widget-container\">\n\t\t\t\t\t\t\t\t\t\t\t\t\t\t\t<img decoding=\"async\" width=\"1024\" height=\"328\" src=\"https:\/\/www.delcofluid.com\/wp-content\/uploads\/2025\/02\/\u672a\u6807\u9898-1www.webp\" class=\"attachment-large size-large wp-image-13005\" alt=\"DELCO Pneumatic Actuator2201612\" srcset=\"https:\/\/www.delcofluid.com\/wp-content\/uploads\/2025\/02\/\u672a\u6807\u9898-1www.webp 1024w, https:\/\/www.delcofluid.com\/wp-content\/uploads\/2025\/02\/\u672a\u6807\u9898-1www-300x96.webp 300w, https:\/\/www.delcofluid.com\/wp-content\/uploads\/2025\/02\/\u672a\u6807\u9898-1www-768x246.webp 768w, https:\/\/www.delcofluid.com\/wp-content\/uploads\/2025\/02\/\u672a\u6807\u9898-1www-18x6.webp 18w, https:\/\/www.delcofluid.com\/wp-content\/uploads\/2025\/02\/\u672a\u6807\u9898-1www-600x192.webp 600w\" sizes=\"(max-width: 1024px) 100vw, 1024px\" \/>\t\t\t\t\t\t\t\t\t\t\t\t\t\t\t<\/div>\n\t\t\t\t<\/div>\n\t\t\t\t<\/div>\n\t\t\t\t\t<\/div>\n\t\t\t\t<\/div>\n\t\t\t\t\t<\/div>\n\t\t\t\t<\/div>\n\t\t<div class=\"elementor-element elementor-element-8d1ed05 e-flex e-con-boxed e-con e-parent\" data-id=\"8d1ed05\" data-element_type=\"container\" data-e-type=\"container\" data-settings=\"{&quot;ekit_has_onepagescroll_dot&quot;:&quot;yes&quot;}\">\n\t\t\t\t\t<div class=\"e-con-inner\">\n\t\t\t\t<div class=\"elementor-element elementor-element-229f8d8a elementor-widget elementor-widget-text-editor\" data-id=\"229f8d8a\" data-element_type=\"widget\" data-e-type=\"widget\" data-settings=\"{&quot;ekit_we_effect_on&quot;:&quot;none&quot;}\" data-widget_type=\"text-editor.default\">\n\t\t\t\t<div class=\"elementor-widget-container\">\n\t\t\t\t\t\t\t\t\t<div class=\"elementor-element elementor-element-55adfb20 elementor-widget elementor-widget-text-editor\" data-id=\"55adfb20\" data-element_type=\"widget\" data-settings=\"{&quot;ekit_we_effect_on&quot;:&quot;none&quot;}\" data-widget_type=\"text-editor.default\"><div class=\"elementor-widget-container\"><p><strong>Procesador de fuente de aire:\u00a0\u00a0<\/strong>El triplete neum\u00e1tico, un accesorio vital para las v\u00e1lvulas neum\u00e1ticas, combina funciones de filtrado, reducci\u00f3n de presi\u00f3n y lubricaci\u00f3n. La v\u00e1lvula reductora de presi\u00f3n ajusta la presi\u00f3n de entrada a una presi\u00f3n de salida estable, utilizando la energ\u00eda del medio. En los conjuntos de dos piezas, se acopla con un filtro para filtrar el aire comprimido de los instrumentos. En las configuraciones de tres piezas, a\u00f1ade lubricaci\u00f3n al aire, lo que garantiza un funcionamiento eficiente.<\/p><\/div><\/div><div class=\"elementor-element elementor-element-65aef577 elementor-widget elementor-widget-text-editor\" data-id=\"65aef577\" data-element_type=\"widget\" data-settings=\"{&quot;ekit_we_effect_on&quot;:&quot;none&quot;}\" data-widget_type=\"text-editor.default\"><div class=\"elementor-widget-container\"><p><strong>Electrov\u00e1lvula neum\u00e1tica:\u00a0\u00a0<\/strong>La v\u00e1lvula solenoide neum\u00e1tica, tambi\u00e9n conocida como v\u00e1lvula de control direccional, es un componente vital para regular la apertura y el cierre de las v\u00e1lvulas neum\u00e1ticas. Funciona magnetizando y desmagnetizando, lo que dirige el flujo de gas en funci\u00f3n de se\u00f1ales de voltaje. Estas v\u00e1lvulas, que se emplean habitualmente para gestionar la fuente de gas y el flujo del circuito, ofrecen un control preciso sobre las operaciones de la v\u00e1lvula a trav\u00e9s de se\u00f1ales de voltaje.<\/p><\/div><\/div><div class=\"elementor-element elementor-element-2ca00d77 elementor-widget elementor-widget-text-editor\" data-id=\"2ca00d77\" data-element_type=\"widget\" data-settings=\"{&quot;ekit_we_effect_on&quot;:&quot;none&quot;}\" data-widget_type=\"text-editor.default\"><div class=\"elementor-widget-container\"><p><strong>Interruptor de l\u00edmite:\u00a0\u00a0<\/strong>El interruptor de l\u00edmite de v\u00e1lvula, tambi\u00e9n llamado interruptor de recorrido, es un instrumento de campo fundamental en los sistemas de control autom\u00e1tico. Detecta el estado de la v\u00e1lvula y emite se\u00f1ales para las posiciones abierta o cerrada. Este interruptor es esencial para confirmar y ejecutar programas posteriores por parte de los programadores. Adem\u00e1s, sirve como un componente vital para la protecci\u00f3n de interbloqueo de v\u00e1lvulas y la indicaci\u00f3n de alarma remota dentro del sistema. Indica y proporciona retroalimentaci\u00f3n de manera eficaz sobre la posici\u00f3n l\u00edmite de movimiento del equipo mec\u00e1nico.<\/p><\/div><\/div><div class=\"elementor-element elementor-element-388afed4 elementor-widget elementor-widget-text-editor\" data-id=\"388afed4\" data-element_type=\"widget\" data-settings=\"{&quot;ekit_we_effect_on&quot;:&quot;none&quot;}\" data-widget_type=\"text-editor.default\"><div class=\"elementor-widget-container\"><p><strong>Posicionador de v\u00e1lvula:\u00a0\u00a0<\/strong>El posicionador de v\u00e1lvula es un componente crucial de las v\u00e1lvulas de control neum\u00e1ticas, que permite un control preciso del posicionamiento de la v\u00e1lvula. Utiliza la se\u00f1al de desplazamiento del v\u00e1stago de la v\u00e1lvula como retroalimentaci\u00f3n de entrada y la se\u00f1al de salida del controlador como se\u00f1al de control. Al comparar estas se\u00f1ales, cualquier desviaci\u00f3n activa ajustes en la se\u00f1al de salida del actuador, lo que garantiza una correspondencia directa entre el desplazamiento del v\u00e1stago de la v\u00e1lvula y la salida del controlador.<\/p><\/div><\/div><div class=\"elementor-element elementor-element-18f93632 elementor-widget elementor-widget-text-editor\" data-id=\"18f93632\" data-element_type=\"widget\" data-settings=\"{&quot;ekit_we_effect_on&quot;:&quot;none&quot;}\" data-widget_type=\"text-editor.default\"><div class=\"elementor-widget-container\"><p><strong>Dispositivo manual:\u00a0\u00a0<\/strong>El dispositivo manual es un componente esencial que complementa el conjunto del actuador neum\u00e1tico. Sirve para facilitar el accionamiento manual o neum\u00e1tico de v\u00e1lvulas de mariposa y v\u00e1lvulas de bola con apertura de 90\u00b0. Este mecanismo es crucial para garantizar la versatilidad y flexibilidad en el funcionamiento de las v\u00e1lvulas, permitiendo un control tanto manual como automatizado seg\u00fan sea necesario.<\/p><\/div><\/div>\t\t\t\t\t\t\t\t<\/div>\n\t\t\t\t<\/div>\n\t\t\t\t\t<\/div>\n\t\t\t\t<\/div>\n\t\t<div class=\"elementor-element elementor-element-347eac96 e-flex e-con-boxed e-con e-parent\" data-id=\"347eac96\" data-element_type=\"container\" data-e-type=\"container\" data-settings=\"{&quot;ekit_has_onepagescroll_dot&quot;:&quot;yes&quot;}\">\n\t\t\t\t\t<div class=\"e-con-inner\">\n\t\t\t\t\t<\/div>\n\t\t\t\t<\/div>\n\t\t\t\t<\/div>","protected":false},"excerpt":{"rendered":"<div class=\"flex-1 overflow-hidden\">\n<div class=\"react-scroll-to-bottom--css-ymjnl-79elbk h-full\">\n<div class=\"react-scroll-to-bottom--css-ymjnl-1n7m0yu\">\n<div class=\"flex flex-col text-sm\">\n<div class=\"w-full text-token-text-primary\" dir=\"auto\" data-testid=\"conversation-turn-31\">\n<div class=\"px-4 py-2 justify-center text-base md:gap-6 m-auto\">\n<div class=\"flex flex-1 text-base mx-auto gap-3 juice:gap-4 juice:md:gap-6 md:px-5 lg:px-1 xl:px-5 md:max-w-3xl lg:max-w-[40rem] xl:max-w-[48rem]\">\n<div class=\"relative flex w-full flex-col agent-turn\">\n<div class=\"flex-col gap-1 md:gap-3\">\n<div class=\"flex flex-grow flex-col max-w-full\">\n<div class=\"min-h-[20px] text-message flex flex-col items-start gap-3 whitespace-pre-wrap break-words [.text-message+&amp;]:mt-5 overflow-x-auto\" dir=\"auto\" data-message-author-role=\"assistant\" data-message-id=\"4a6d6b9a-2028-48e5-bb27-c229b9ba8f05\">\n<div class=\"markdown prose w-full break-words dark:prose-invert light\">\n<p>Pneumatic globe valves are classified as mandatory seal valves. The sealing surfaces of the valve disc and seat are constructed using iron-based alloy overlay welding or Stellite cobalt-based hard alloy overlay welding. These valves exhibit excellent wear resistance, high-temperature resistance, corrosion resistance, scratch resistance, and a long service life. When a pneumatic valve is closed, pressure must be applied to the valve disc to ensure a mandatory seal surface, preventing leaks.<\/p>\n<p>As a leading electric ball valve manufacturer, DELCO provides a wide range of control valves and actuators suitable for various applications. We offer comprehensive solutions to meet the diverse needs of our customers, ensuring reliable performance and efficient operation.<\/p>\n<\/div>\n<\/div>\n<\/div>\n<\/div>\n<\/div>\n<\/div>\n<\/div>\n<\/div>\n<\/div>\n<\/div>\n<\/div>\n<\/div>\n<p><strong>Model:<\/strong>Linear Pneumatic Globe Valve<\/p>\n<p><strong>Size Range:<\/strong> DN15 to DN150<\/p>\n<p><strong>Pressure Range:<\/strong>16bar to 25bar<\/p>\n<p><strong>Material:<\/strong>Stainless Steel or Carbon Steel<\/p>\n","protected":false},"featured_media":13016,"template":"","meta":{"site-sidebar-layout":"default","site-content-layout":"","ast-site-content-layout":"default","site-content-style":"default","site-sidebar-style":"default","ast-global-header-display":"","ast-banner-title-visibility":"","ast-main-header-display":"","ast-hfb-above-header-display":"","ast-hfb-below-header-display":"","ast-hfb-mobile-header-display":"","site-post-title":"","ast-breadcrumbs-content":"","ast-featured-img":"","footer-sml-layout":"","ast-disable-related-posts":"","theme-transparent-header-meta":"default","adv-header-id-meta":"","stick-header-meta":"","header-above-stick-meta":"","header-main-stick-meta":"","header-below-stick-meta":"","astra-migrate-meta-layouts":"set","ast-page-background-enabled":"default","ast-page-background-meta":{"desktop":{"background-color":"var(--ast-global-color-4)","background-image":"","background-repeat":"repeat","background-position":"center center","background-size":"auto","background-attachment":"scroll","background-type":"","background-media":"","overlay-type":"","overlay-color":"","overlay-opacity":"","overlay-gradient":""},"tablet":{"background-color":"","background-image":"","background-repeat":"repeat","background-position":"center center","background-size":"auto","background-attachment":"scroll","background-type":"","background-media":"","overlay-type":"","overlay-color":"","overlay-opacity":"","overlay-gradient":""},"mobile":{"background-color":"","background-image":"","background-repeat":"repeat","background-position":"center center","background-size":"auto","background-attachment":"scroll","background-type":"","background-media":"","overlay-type":"","overlay-color":"","overlay-opacity":"","overlay-gradient":""}},"ast-content-background-meta":{"desktop":{"background-color":"var(--ast-global-color-5)","background-image":"","background-repeat":"repeat","background-position":"center center","background-size":"auto","background-attachment":"scroll","background-type":"","background-media":"","overlay-type":"","overlay-color":"","overlay-opacity":"","overlay-gradient":""},"tablet":{"background-color":"var(--ast-global-color-5)","background-image":"","background-repeat":"repeat","background-position":"center center","background-size":"auto","background-attachment":"scroll","background-type":"","background-media":"","overlay-type":"","overlay-color":"","overlay-opacity":"","overlay-gradient":""},"mobile":{"background-color":"var(--ast-global-color-5)","background-image":"","background-repeat":"repeat","background-position":"center center","background-size":"auto","background-attachment":"scroll","background-type":"","background-media":"","overlay-type":"","overlay-color":"","overlay-opacity":"","overlay-gradient":""}}},"product_brand":[],"product_cat":[947,35,33],"product_tag":[555,554,459,458,948,949,73,56],"class_list":{"0":"post-13014","1":"product","2":"type-product","3":"status-publish","4":"has-post-thumbnail","6":"product_cat-pneumatic-globe-valve","7":"product_cat-pneumatic-valves","8":"product_cat-products","9":"product_tag-globe-valve","10":"product_tag-globe-valves","11":"product_tag-pneumatic-actuator-valve","12":"product_tag-pneumatic-actuator-valves","13":"product_tag-pneumatic-globe-valve","14":"product_tag-pneumatic-globe-valves","15":"product_tag-valve","16":"product_tag-valves","17":"desktop-align-center","18":"tablet-align-left","19":"mobile-align-left","21":"first","22":"instock","23":"shipping-taxable","24":"product-type-simple"},"_links":{"self":[{"href":"https:\/\/www.delcofluid.com\/es\/wp-json\/wp\/v2\/product\/13014","targetHints":{"allow":["GET"]}}],"collection":[{"href":"https:\/\/www.delcofluid.com\/es\/wp-json\/wp\/v2\/product"}],"about":[{"href":"https:\/\/www.delcofluid.com\/es\/wp-json\/wp\/v2\/types\/product"}],"version-history":[{"count":0,"href":"https:\/\/www.delcofluid.com\/es\/wp-json\/wp\/v2\/product\/13014\/revisions"}],"wp:featuredmedia":[{"embeddable":true,"href":"https:\/\/www.delcofluid.com\/es\/wp-json\/wp\/v2\/media\/13016"}],"wp:attachment":[{"href":"https:\/\/www.delcofluid.com\/es\/wp-json\/wp\/v2\/media?parent=13014"}],"wp:term":[{"taxonomy":"product_brand","embeddable":true,"href":"https:\/\/www.delcofluid.com\/es\/wp-json\/wp\/v2\/product_brand?post=13014"},{"taxonomy":"product_cat","embeddable":true,"href":"https:\/\/www.delcofluid.com\/es\/wp-json\/wp\/v2\/product_cat?post=13014"},{"taxonomy":"product_tag","embeddable":true,"href":"https:\/\/www.delcofluid.com\/es\/wp-json\/wp\/v2\/product_tag?post=13014"}],"curies":[{"name":"wp","href":"https:\/\/api.w.org\/{rel}","templated":true}]}}