{"id":13103,"date":"2025-02-24T09:19:39","date_gmt":"2025-02-24T09:19:39","guid":{"rendered":"https:\/\/www.delcofluid.com\/?post_type=product&#038;p=13103"},"modified":"2025-02-24T09:24:27","modified_gmt":"2025-02-24T09:24:27","slug":"delco-sanitary-food-grade-tri-clamp-manual-butterfly-valve","status":"publish","type":"product","link":"https:\/\/www.delcofluid.com\/es\/producto\/delco-sanitary-food-grade-tri-clamp-manual-butterfly-valve\/","title":{"rendered":"V\u00e1lvula de mariposa manual de triple abrazadera de grado alimenticio sanitario DELCO"},"content":{"rendered":"<div data-elementor-type=\"product-post\" data-elementor-id=\"13103\" class=\"elementor elementor-13103\" data-elementor-post-type=\"product\">\n\t\t\t\t<div class=\"elementor-element elementor-element-6fb59a60 e-flex e-con-boxed e-con e-parent\" data-id=\"6fb59a60\" data-element_type=\"container\" data-e-type=\"container\" data-settings=\"{&quot;ekit_has_onepagescroll_dot&quot;:&quot;yes&quot;}\">\n\t\t\t\t\t<div class=\"e-con-inner\">\n\t\t<div class=\"elementor-element elementor-element-b2e102c e-con-full e-flex e-con e-child\" data-id=\"b2e102c\" data-element_type=\"container\" data-e-type=\"container\" data-settings=\"{&quot;ekit_has_onepagescroll_dot&quot;:&quot;yes&quot;}\">\n\t\t\t\t<div class=\"elementor-element elementor-element-4c3cf80 elementor-widget elementor-widget-heading\" data-id=\"4c3cf80\" data-element_type=\"widget\" data-e-type=\"widget\" data-settings=\"{&quot;ekit_we_effect_on&quot;:&quot;none&quot;}\" data-widget_type=\"heading.default\">\n\t\t\t\t<div class=\"elementor-widget-container\">\n\t\t\t\t\t<h2 class=\"elementor-heading-title elementor-size-default\">Caracter\u00edsticas<\/h2>\t\t\t\t<\/div>\n\t\t\t\t<\/div>\n\t\t\t\t<div class=\"elementor-element elementor-element-1af4cc68 elementor-widget__width-initial elementor-widget elementor-widget-text-editor\" data-id=\"1af4cc68\" data-element_type=\"widget\" data-e-type=\"widget\" data-settings=\"{&quot;ekit_we_effect_on&quot;:&quot;none&quot;}\" data-widget_type=\"text-editor.default\">\n\t\t\t\t<div class=\"elementor-widget-container\">\n\t\t\t\t\t\t\t\t\t<ul><li><strong>Dise\u00f1o higi\u00e9nico<\/strong>:Dise\u00f1ado espec\u00edficamente para industrias donde la higiene es fundamental, como alimentos, bebidas, productos farmac\u00e9uticos y biotecnolog\u00eda.<\/li><li><strong>Control de flujo de precisi\u00f3n<\/strong>:Permite una regulaci\u00f3n precisa de los caudales para cumplir con los requisitos espec\u00edficos del proceso.<\/li><li><strong>F\u00e1cil de limpiar<\/strong>:Las superficies lisas y el dise\u00f1o sanitario facilitan la limpieza y el mantenimiento, garantizando el cumplimiento de estrictos est\u00e1ndares de higiene.<\/li><li><strong>Operaci\u00f3n confiable<\/strong>:Construido con materiales de calidad e ingenier\u00eda de precisi\u00f3n para garantizar un rendimiento confiable en aplicaciones sanitarias cr\u00edticas.<\/li><li><strong>Cumplimiento<\/strong>:Cumple con los est\u00e1ndares y regulaciones de la industria para equipos sanitarios, brindando tranquilidad a los usuarios en industrias reguladas.<\/li><li><strong>Versatilidad<\/strong>:Adecuado para una variedad de aplicaciones sanitarias donde la limpieza y la precisi\u00f3n son esenciales para un funcionamiento suave.<\/li><\/ul>\t\t\t\t\t\t\t\t<\/div>\n\t\t\t\t<\/div>\n\t\t\t\t<\/div>\n\t\t\t\t<div class=\"elementor-element elementor-element-8e57110 elementor-widget elementor-widget-image\" data-id=\"8e57110\" data-element_type=\"widget\" data-e-type=\"widget\" data-settings=\"{&quot;ekit_we_effect_on&quot;:&quot;none&quot;}\" data-widget_type=\"image.default\">\n\t\t\t\t<div class=\"elementor-widget-container\">\n\t\t\t\t\t\t\t\t\t\t\t\t\t\t\t<img fetchpriority=\"high\" decoding=\"async\" width=\"768\" height=\"759\" src=\"https:\/\/www.delcofluid.com\/wp-content\/uploads\/2024\/03\/product-finder-graphic-3-x900.jpg\" class=\"attachment-large size-large wp-image-2576\" alt=\"Solenoid Valves\" srcset=\"https:\/\/www.delcofluid.com\/wp-content\/uploads\/2024\/03\/product-finder-graphic-3-x900.jpg 768w, https:\/\/www.delcofluid.com\/wp-content\/uploads\/2024\/03\/product-finder-graphic-3-x900-100x100.jpg 100w, https:\/\/www.delcofluid.com\/wp-content\/uploads\/2024\/03\/product-finder-graphic-3-x900-600x593.jpg 600w, https:\/\/www.delcofluid.com\/wp-content\/uploads\/2024\/03\/product-finder-graphic-3-x900-300x296.jpg 300w\" sizes=\"(max-width: 768px) 100vw, 768px\" \/>\t\t\t\t\t\t\t\t\t\t\t\t\t\t\t<\/div>\n\t\t\t\t<\/div>\n\t\t\t\t\t<\/div>\n\t\t\t\t<\/div>\n\t\t<div class=\"elementor-element elementor-element-a55eeda e-flex e-con-boxed e-con e-parent\" data-id=\"a55eeda\" data-element_type=\"container\" data-e-type=\"container\" data-settings=\"{&quot;background_background&quot;:&quot;classic&quot;,&quot;ekit_has_onepagescroll_dot&quot;:&quot;yes&quot;}\">\n\t\t\t\t\t<div class=\"e-con-inner\">\n\t\t\t\t<div class=\"elementor-element elementor-element-585e9d9 elementor-widget elementor-widget-heading\" data-id=\"585e9d9\" data-element_type=\"widget\" data-e-type=\"widget\" data-settings=\"{&quot;ekit_we_effect_on&quot;:&quot;none&quot;}\" data-widget_type=\"heading.default\">\n\t\t\t\t<div class=\"elementor-widget-container\">\n\t\t\t\t\t<h2 class=\"elementor-heading-title elementor-size-default\">Par\u00e1metros t\u00e9cnicos<\/h2>\t\t\t\t<\/div>\n\t\t\t\t<\/div>\n\t\t\t\t\t<\/div>\n\t\t\t\t<\/div>\n\t\t<div class=\"elementor-element elementor-element-3414eb9 e-con-full e-flex e-con e-parent\" data-id=\"3414eb9\" data-element_type=\"container\" data-e-type=\"container\" data-settings=\"{&quot;background_background&quot;:&quot;classic&quot;,&quot;ekit_has_onepagescroll_dot&quot;:&quot;yes&quot;}\">\n\t\t\t\t<div class=\"elementor-element elementor-element-13df62f elementor-widget__width-initial elementor-widget elementor-widget-text-editor\" data-id=\"13df62f\" data-element_type=\"widget\" data-e-type=\"widget\" data-settings=\"{&quot;ekit_we_effect_on&quot;:&quot;none&quot;}\" data-widget_type=\"text-editor.default\">\n\t\t\t\t<div class=\"elementor-widget-container\">\n\t\t\t\t\t\t\t\t\t<table width=\"855\"><tbody><tr><td width=\"159\">Tama\u00f1o del puerto:<\/td><td width=\"205\">\u00a0De 2\u2033 a 40\u2033<\/td><td width=\"146\">Material:<\/td><td width=\"345\">Acero inoxidable<\/td><\/tr><tr><td width=\"159\">Presi\u00f3n:<\/td><td>1,0 a 1,6 MPa<\/td><td width=\"146\">Material del disco:\u00a0<\/td><td width=\"345\">Acero inoxidable<\/td><\/tr><tr><td width=\"159\">Garant\u00eda:<\/td><td width=\"205\">12 polillas<\/td><td width=\"146\">Funci\u00f3n:<\/td><td width=\"345\">Manual<\/td><\/tr><tr><td width=\"159\">Brida est\u00e1ndar:<\/td><td width=\"205\">Normas GB, ANSI, JIS, DIN, etc.<\/td><td width=\"146\">Medios adecuados<\/td><td width=\"345\">Aire, gas inerte, petr\u00f3leo, agua de mar, agua y otros medios.<\/td><\/tr><\/tbody><\/table>\t\t\t\t\t\t\t\t<\/div>\n\t\t\t\t<\/div>\n\t\t\t\t<\/div>\n\t\t<div class=\"elementor-element elementor-element-daef6c8 e-con-full e-flex e-con e-parent\" data-id=\"daef6c8\" data-element_type=\"container\" data-e-type=\"container\" data-settings=\"{&quot;ekit_has_onepagescroll_dot&quot;:&quot;yes&quot;}\">\n\t\t\t\t<div class=\"elementor-element elementor-element-52ddb61 elementor-widget elementor-widget-heading\" data-id=\"52ddb61\" data-element_type=\"widget\" data-e-type=\"widget\" data-settings=\"{&quot;ekit_we_effect_on&quot;:&quot;none&quot;}\" data-widget_type=\"heading.default\">\n\t\t\t\t<div class=\"elementor-widget-container\">\n\t\t\t\t\t<h2 class=\"elementor-heading-title elementor-size-default\">Solicitud<\/h2>\t\t\t\t<\/div>\n\t\t\t\t<\/div>\n\t\t\t\t<div class=\"elementor-element elementor-element-ac1034b elementor-widget elementor-widget-text-editor\" data-id=\"ac1034b\" data-element_type=\"widget\" data-e-type=\"widget\" data-settings=\"{&quot;ekit_we_effect_on&quot;:&quot;none&quot;}\" data-widget_type=\"text-editor.default\">\n\t\t\t\t<div class=\"elementor-widget-container\">\n\t\t\t\t\t\t\t\t\t<ul><li><p><strong>Industria alimentaria<\/strong>:Se utiliza en plantas de procesamiento de alimentos para controlar el flujo de ingredientes, l\u00edquidos y productos de manera higi\u00e9nica.<\/p><\/li><li><p><strong>Industria de bebidas<\/strong>:Ideal para regular el flujo de bebidas como jugos, refrescos y bebidas alcoh\u00f3licas durante la producci\u00f3n.<\/p><\/li><li><p><strong>Industria farmac\u00e9utica<\/strong>:F\u00edsico para controlar el flujo de ingredientes y productos farmac\u00e9uticos en un entorno sanitario para mantener la integridad del producto.<\/p><\/li><li><p><strong>Biotecnolog\u00eda<\/strong>:Esencial para aplicaciones de bioprocesamiento donde mantener condiciones est\u00e9riles y un control de flujo preciso son vitales para operaciones exitosas.<\/p><\/li><li><p><strong>Industria cosm\u00e9tica<\/strong>:Se utiliza en la producci\u00f3n de cosm\u00e9ticos y productos de cuidado personal para garantizar un flujo limpio y controlado de ingredientes.<\/p><\/li><li><p><strong>Industria l\u00e1ctea<\/strong>:Se utiliza en plantas de procesamiento de productos l\u00e1cteos para gestionar el flujo de leche, crema y otros productos l\u00e1cteos con estricto apego a las normas sanitarias.<\/p><\/li><li><p><strong>Centros de salud<\/strong>:Se emplea en instalaciones m\u00e9dicas para controlar el flujo de l\u00edquidos y gases est\u00e9riles en equipos y sistemas m\u00e9dicos.<\/p><\/li><\/ul>\t\t\t\t\t\t\t\t<\/div>\n\t\t\t\t<\/div>\n\t\t\t\t<\/div>\n\t\t\t\t<\/div>","protected":false},"excerpt":{"rendered":"<p>La v\u00e1lvula de mariposa sanitaria manual DELCO es un componente crucial en industrias donde la higiene es primordial, como la de alimentos, bebidas, productos farmac\u00e9uticos y biotecnolog\u00eda. Fabricada con precisi\u00f3n y materiales de calidad, esta v\u00e1lvula garantiza la integridad de sus procesos.<\/p>\n<p>Dise\u00f1ada para facilitar su uso, esta v\u00e1lvula ofrece un control preciso del caudal, lo que le permite regular el caudal con exactitud. Su dise\u00f1o higi\u00e9nico y su superficie lisa facilitan su limpieza y mantenimiento, cumpliendo con los estrictos est\u00e1ndares de higiene de las aplicaciones sanitarias.<\/p>\n<p>Con un enfoque en la confiabilidad y la eficiencia, nuestra v\u00e1lvula de mariposa sanitaria manual es la opci\u00f3n ideal para industrias donde la limpieza, la precisi\u00f3n y el rendimiento no son negociables.<\/p>\n<p>Modelo: V\u00e1lvula de mariposa sanitaria manual<br \/>\nRango de tama\u00f1o: 2\u2033 a 40\u2033<br \/>\nRango de presi\u00f3n: 1,0 a 1,6 MPa<br \/>\nMaterial: acero inoxidable<\/p>","protected":false},"featured_media":13104,"template":"","meta":{"site-sidebar-layout":"default","site-content-layout":"","ast-site-content-layout":"default","site-content-style":"default","site-sidebar-style":"default","ast-global-header-display":"","ast-banner-title-visibility":"","ast-main-header-display":"","ast-hfb-above-header-display":"","ast-hfb-below-header-display":"","ast-hfb-mobile-header-display":"","site-post-title":"","ast-breadcrumbs-content":"","ast-featured-img":"","footer-sml-layout":"","ast-disable-related-posts":"","theme-transparent-header-meta":"default","adv-header-id-meta":"","stick-header-meta":"","header-above-stick-meta":"","header-main-stick-meta":"","header-below-stick-meta":"","astra-migrate-meta-layouts":"set","ast-page-background-enabled":"default","ast-page-background-meta":{"desktop":{"background-color":"var(--ast-global-color-4)","background-image":"","background-repeat":"repeat","background-position":"center center","background-size":"auto","background-attachment":"scroll","background-type":"","background-media":"","overlay-type":"","overlay-color":"","overlay-opacity":"","overlay-gradient":""},"tablet":{"background-color":"","background-image":"","background-repeat":"repeat","background-position":"center center","background-size":"auto","background-attachment":"scroll","background-type":"","background-media":"","overlay-type":"","overlay-color":"","overlay-opacity":"","overlay-gradient":""},"mobile":{"background-color":"","background-image":"","background-repeat":"repeat","background-position":"center center","background-size":"auto","background-attachment":"scroll","background-type":"","background-media":"","overlay-type":"","overlay-color":"","overlay-opacity":"","overlay-gradient":""}},"ast-content-background-meta":{"desktop":{"background-color":"var(--ast-global-color-5)","background-image":"","background-repeat":"repeat","background-position":"center center","background-size":"auto","background-attachment":"scroll","background-type":"","background-media":"","overlay-type":"","overlay-color":"","overlay-opacity":"","overlay-gradient":""},"tablet":{"background-color":"var(--ast-global-color-5)","background-image":"","background-repeat":"repeat","background-position":"center center","background-size":"auto","background-attachment":"scroll","background-type":"","background-media":"","overlay-type":"","overlay-color":"","overlay-opacity":"","overlay-gradient":""},"mobile":{"background-color":"var(--ast-global-color-5)","background-image":"","background-repeat":"repeat","background-position":"center center","background-size":"auto","background-attachment":"scroll","background-type":"","background-media":"","overlay-type":"","overlay-color":"","overlay-opacity":"","overlay-gradient":""}}},"product_brand":[],"product_cat":[706,116,33],"product_tag":[649,656,261,102,73,56],"class_list":{"0":"post-13103","1":"product","2":"type-product","3":"status-publish","4":"has-post-thumbnail","6":"product_cat-manual-butterfly-valve","7":"product_cat-manual-valves","8":"product_cat-products","9":"product_tag-butterfly-valve-with-handle","10":"product_tag-manual-flange-butterfly-valve","11":"product_tag-manual-valve","12":"product_tag-manual-valves","13":"product_tag-valve","14":"product_tag-valves","15":"desktop-align-center","16":"tablet-align-left","17":"mobile-align-left","19":"first","20":"instock","21":"shipping-taxable","22":"product-type-simple"},"_links":{"self":[{"href":"https:\/\/www.delcofluid.com\/es\/wp-json\/wp\/v2\/product\/13103","targetHints":{"allow":["GET"]}}],"collection":[{"href":"https:\/\/www.delcofluid.com\/es\/wp-json\/wp\/v2\/product"}],"about":[{"href":"https:\/\/www.delcofluid.com\/es\/wp-json\/wp\/v2\/types\/product"}],"version-history":[{"count":0,"href":"https:\/\/www.delcofluid.com\/es\/wp-json\/wp\/v2\/product\/13103\/revisions"}],"wp:featuredmedia":[{"embeddable":true,"href":"https:\/\/www.delcofluid.com\/es\/wp-json\/wp\/v2\/media\/13104"}],"wp:attachment":[{"href":"https:\/\/www.delcofluid.com\/es\/wp-json\/wp\/v2\/media?parent=13103"}],"wp:term":[{"taxonomy":"product_brand","embeddable":true,"href":"https:\/\/www.delcofluid.com\/es\/wp-json\/wp\/v2\/product_brand?post=13103"},{"taxonomy":"product_cat","embeddable":true,"href":"https:\/\/www.delcofluid.com\/es\/wp-json\/wp\/v2\/product_cat?post=13103"},{"taxonomy":"product_tag","embeddable":true,"href":"https:\/\/www.delcofluid.com\/es\/wp-json\/wp\/v2\/product_tag?post=13103"}],"curies":[{"name":"wp","href":"https:\/\/api.w.org\/{rel}","templated":true}]}}