{"id":13113,"date":"2025-02-24T09:26:01","date_gmt":"2025-02-24T09:26:01","guid":{"rendered":"https:\/\/www.delcofluid.com\/?post_type=product&#038;p=13113"},"modified":"2025-02-24T09:29:17","modified_gmt":"2025-02-24T09:29:17","slug":"delco-turbine-hard-seal-flange-manual-butterfly-valve","status":"publish","type":"product","link":"https:\/\/www.delcofluid.com\/es\/producto\/delco-turbine-hard-seal-flange-manual-butterfly-valve\/","title":{"rendered":"V\u00e1lvula de mariposa manual con brida de sellado r\u00edgido para turbina DELCO"},"content":{"rendered":"<div data-elementor-type=\"product-post\" data-elementor-id=\"13113\" class=\"elementor elementor-13113\" data-elementor-post-type=\"product\">\n\t\t\t\t<div class=\"elementor-element elementor-element-6fb59a60 e-flex e-con-boxed e-con e-parent\" data-id=\"6fb59a60\" data-element_type=\"container\" data-e-type=\"container\" data-settings=\"{&quot;ekit_has_onepagescroll_dot&quot;:&quot;yes&quot;}\">\n\t\t\t\t\t<div class=\"e-con-inner\">\n\t\t<div class=\"elementor-element elementor-element-b2e102c e-con-full e-flex e-con e-child\" data-id=\"b2e102c\" data-element_type=\"container\" data-e-type=\"container\" data-settings=\"{&quot;ekit_has_onepagescroll_dot&quot;:&quot;yes&quot;}\">\n\t\t\t\t<div class=\"elementor-element elementor-element-4c3cf80 elementor-widget elementor-widget-heading\" data-id=\"4c3cf80\" data-element_type=\"widget\" data-e-type=\"widget\" data-settings=\"{&quot;ekit_we_effect_on&quot;:&quot;none&quot;}\" data-widget_type=\"heading.default\">\n\t\t\t\t<div class=\"elementor-widget-container\">\n\t\t\t\t\t<h2 class=\"elementor-heading-title elementor-size-default\">Caracter\u00edsticas<\/h2>\t\t\t\t<\/div>\n\t\t\t\t<\/div>\n\t\t\t\t<div class=\"elementor-element elementor-element-1af4cc68 elementor-widget__width-initial elementor-widget elementor-widget-text-editor\" data-id=\"1af4cc68\" data-element_type=\"widget\" data-e-type=\"widget\" data-settings=\"{&quot;ekit_we_effect_on&quot;:&quot;none&quot;}\" data-widget_type=\"text-editor.default\">\n\t\t\t\t<div class=\"elementor-widget-container\">\n\t\t\t\t\t\t\t\t\t<ul><li><p><strong>Construcci\u00f3n robusta<\/strong>:Construido con materiales duraderos para soportar altas presiones y temperaturas en entornos industriales.<\/p><\/li><li><p><strong>Dise\u00f1o de sellado r\u00edgido<\/strong>:Cuenta con una superficie de sellado dura que garantiza un cierre herm\u00e9tico y evita fugas, mejorando la eficiencia operativa.<\/p><\/li><li><p><strong>Operaci\u00f3n de la turbina<\/strong>:Utiliza un mecanismo de turbina para un control de flujo suave y preciso, lo que permite un ajuste preciso de los caudales.<\/p><\/li><li><p><strong>Conexi\u00f3n con brida<\/strong>:Equipado con extremos bridados para una f\u00e1cil instalaci\u00f3n y conexi\u00f3n segura a los sistemas de tuber\u00edas, garantizando estabilidad y confiabilidad.<\/p><\/li><li><p><strong>Operaci\u00f3n manual<\/strong>:Dise\u00f1ado para operaci\u00f3n manual, ofrece a los operadores control directo sobre la regulaci\u00f3n del flujo y el cierre cuando sea necesario.<\/p><\/li><li><p><strong>Versatilidad<\/strong>:Adecuado para una amplia gama de aplicaciones en industrias como petr\u00f3leo y gas, petroqu\u00edmica, generaci\u00f3n de energ\u00eda y m\u00e1s, donde el control de flujo confiable es esencial.<\/p><\/li><li><p><strong>Bajo mantenimiento<\/strong>:Requiere un mantenimiento m\u00ednimo debido a su dise\u00f1o robusto y construcci\u00f3n sellada, lo que reduce el tiempo de inactividad y los costos operativos.<\/p><\/li><\/ul>\t\t\t\t\t\t\t\t<\/div>\n\t\t\t\t<\/div>\n\t\t\t\t<\/div>\n\t\t\t\t<div class=\"elementor-element elementor-element-8e57110 elementor-widget elementor-widget-image\" data-id=\"8e57110\" data-element_type=\"widget\" data-e-type=\"widget\" data-settings=\"{&quot;ekit_we_effect_on&quot;:&quot;none&quot;}\" data-widget_type=\"image.default\">\n\t\t\t\t<div class=\"elementor-widget-container\">\n\t\t\t\t\t\t\t\t\t\t\t\t\t\t\t<img fetchpriority=\"high\" decoding=\"async\" width=\"768\" height=\"759\" src=\"https:\/\/www.delcofluid.com\/wp-content\/uploads\/2024\/03\/product-finder-graphic-3-x900.jpg\" class=\"attachment-large size-large wp-image-2576\" alt=\"Solenoid Valves\" srcset=\"https:\/\/www.delcofluid.com\/wp-content\/uploads\/2024\/03\/product-finder-graphic-3-x900.jpg 768w, https:\/\/www.delcofluid.com\/wp-content\/uploads\/2024\/03\/product-finder-graphic-3-x900-100x100.jpg 100w, https:\/\/www.delcofluid.com\/wp-content\/uploads\/2024\/03\/product-finder-graphic-3-x900-600x593.jpg 600w, https:\/\/www.delcofluid.com\/wp-content\/uploads\/2024\/03\/product-finder-graphic-3-x900-300x296.jpg 300w\" sizes=\"(max-width: 768px) 100vw, 768px\" \/>\t\t\t\t\t\t\t\t\t\t\t\t\t\t\t<\/div>\n\t\t\t\t<\/div>\n\t\t\t\t\t<\/div>\n\t\t\t\t<\/div>\n\t\t<div class=\"elementor-element elementor-element-a55eeda e-flex e-con-boxed e-con e-parent\" data-id=\"a55eeda\" data-element_type=\"container\" data-e-type=\"container\" data-settings=\"{&quot;background_background&quot;:&quot;classic&quot;,&quot;ekit_has_onepagescroll_dot&quot;:&quot;yes&quot;}\">\n\t\t\t\t\t<div class=\"e-con-inner\">\n\t\t\t\t<div class=\"elementor-element elementor-element-585e9d9 elementor-widget elementor-widget-heading\" data-id=\"585e9d9\" data-element_type=\"widget\" data-e-type=\"widget\" data-settings=\"{&quot;ekit_we_effect_on&quot;:&quot;none&quot;}\" data-widget_type=\"heading.default\">\n\t\t\t\t<div class=\"elementor-widget-container\">\n\t\t\t\t\t<h2 class=\"elementor-heading-title elementor-size-default\">Par\u00e1metros t\u00e9cnicos<\/h2>\t\t\t\t<\/div>\n\t\t\t\t<\/div>\n\t\t\t\t\t<\/div>\n\t\t\t\t<\/div>\n\t\t<div class=\"elementor-element elementor-element-3414eb9 e-con-full e-flex e-con e-parent\" data-id=\"3414eb9\" data-element_type=\"container\" data-e-type=\"container\" data-settings=\"{&quot;background_background&quot;:&quot;classic&quot;,&quot;ekit_has_onepagescroll_dot&quot;:&quot;yes&quot;}\">\n\t\t\t\t<div class=\"elementor-element elementor-element-13df62f elementor-widget__width-initial elementor-widget elementor-widget-text-editor\" data-id=\"13df62f\" data-element_type=\"widget\" data-e-type=\"widget\" data-settings=\"{&quot;ekit_we_effect_on&quot;:&quot;none&quot;}\" data-widget_type=\"text-editor.default\">\n\t\t\t\t<div class=\"elementor-widget-container\">\n\t\t\t\t\t\t\t\t\t<table width=\"855\"><tbody><tr><td width=\"159\">Tama\u00f1o del puerto:<\/td><td width=\"205\">\u00a0De 2\u2033 a 40\u2033<\/td><td width=\"146\">Material:<\/td><td width=\"345\">Hierro fundido, acero fundido, WCB, acero inoxidable<\/td><\/tr><tr><td width=\"159\">Presi\u00f3n:<\/td><td>1,0 a 1,6 MPa<\/td><td width=\"146\">Material del disco:\u00a0<\/td><td width=\"345\">Acero inoxidable<\/td><\/tr><tr><td width=\"159\">Garant\u00eda:<\/td><td width=\"205\">12 polillas<\/td><td width=\"146\">Funci\u00f3n:<\/td><td width=\"345\">Manual<\/td><\/tr><tr><td width=\"159\">Brida est\u00e1ndar:<\/td><td width=\"205\">Normas GB, ANSI, JIS, DIN, etc.<\/td><td width=\"146\">Medios adecuados<\/td><td width=\"345\">Aire, gas inerte, petr\u00f3leo, agua de mar, agua y otros medios.<\/td><\/tr><\/tbody><\/table>\t\t\t\t\t\t\t\t<\/div>\n\t\t\t\t<\/div>\n\t\t\t\t<\/div>\n\t\t<div class=\"elementor-element elementor-element-daef6c8 e-con-full e-flex e-con e-parent\" data-id=\"daef6c8\" data-element_type=\"container\" data-e-type=\"container\" data-settings=\"{&quot;ekit_has_onepagescroll_dot&quot;:&quot;yes&quot;}\">\n\t\t\t\t<div class=\"elementor-element elementor-element-52ddb61 elementor-widget elementor-widget-heading\" data-id=\"52ddb61\" data-element_type=\"widget\" data-e-type=\"widget\" data-settings=\"{&quot;ekit_we_effect_on&quot;:&quot;none&quot;}\" data-widget_type=\"heading.default\">\n\t\t\t\t<div class=\"elementor-widget-container\">\n\t\t\t\t\t<h2 class=\"elementor-heading-title elementor-size-default\">Solicitud<\/h2>\t\t\t\t<\/div>\n\t\t\t\t<\/div>\n\t\t\t\t<div class=\"elementor-element elementor-element-ac1034b elementor-widget elementor-widget-text-editor\" data-id=\"ac1034b\" data-element_type=\"widget\" data-e-type=\"widget\" data-settings=\"{&quot;ekit_we_effect_on&quot;:&quot;none&quot;}\" data-widget_type=\"text-editor.default\">\n\t\t\t\t<div class=\"elementor-widget-container\">\n\t\t\t\t\t\t\t\t\t<p>1. En el manejo de fluidos:<br \/>\u00a0Estas v\u00e1lvulas se utilizan ampliamente en las industrias qu\u00edmica y alimentaria para la regulaci\u00f3n y el cierre del caudal, garantizando un funcionamiento sin problemas. En el sector del petr\u00f3leo y el gas, controlan los caudales en tuber\u00edas y sistemas de lubricaci\u00f3n, optimizando el manejo de productos derivados del petr\u00f3leo.<br \/>2. En el manejo de polvos:<br \/>Las v\u00e1lvulas controlan el flujo de polvo y garantizan el aislamiento ambiental, algo vital en la producci\u00f3n de productos farmac\u00e9uticos y fertilizantes. En los sistemas de vapor, gestionan el flujo de vapor en las centrales el\u00e9ctricas y las calderas, lo que permite una transferencia de energ\u00eda t\u00e9rmica eficiente.<br \/>3. En el procesamiento de gas:<br \/>Las v\u00e1lvulas de mariposa con brida manual regulan el flujo de gas y cierran el paso de los medios, lo que garantiza un transporte estable de aire y gas inerte. Son fundamentales para el control preciso del flujo y la eficiencia del sistema. En el tratamiento del agua, gestionan el flujo de agua y los procesos de aguas residuales, mejorando la eficacia operativa.<br \/>4. En sistemas HVAC:<br \/>Las v\u00e1lvulas de mariposa con brida manual regulan el caudal de agua fr\u00eda y caliente, garantizando un clima interior \u00f3ptimo. Son fundamentales en los sistemas de protecci\u00f3n contra incendios para gestionar el caudal de agua contra incendios. En el riego agr\u00edcola, estas v\u00e1lvulas ajustan el caudal de agua para mejorar la eficiencia y, en los sistemas de aire acondicionado, controlan el caudal de agua de refrigeraci\u00f3n y calefacci\u00f3n.<\/p>\t\t\t\t\t\t\t\t<\/div>\n\t\t\t\t<\/div>\n\t\t\t\t<\/div>\n\t\t\t\t<\/div>","protected":false},"excerpt":{"rendered":"<p>La v\u00e1lvula de mariposa manual DELCO es una soluci\u00f3n de control de caudal vers\u00e1til y confiable, adecuada para una amplia gama de aplicaciones industriales. Fabricada con ingenier\u00eda de precisi\u00f3n y materiales de calidad, esta v\u00e1lvula ofrece facilidad de operaci\u00f3n y un rendimiento excepcional. Con un dise\u00f1o simple pero efectivo, proporciona una regulaci\u00f3n precisa del caudal y un cierre herm\u00e9tico cuando es necesario. Ya sea que se utilice en plantas de tratamiento de agua, instalaciones de procesamiento qu\u00edmico o sistemas de HVAC, nuestra v\u00e1lvula de mariposa manual garantiza un funcionamiento eficiente y sin problemas. Conf\u00ede en su durabilidad, eficiencia y facilidad de mantenimiento para sus necesidades de control de caudal.<\/p>\n<p>Modelo: V\u00e1lvula manual tipo brida<br \/>\nRango de tama\u00f1o: 2\u2033 a 40\u2033<br \/>\nRango de presi\u00f3n: 1,0 a 1,6 MPa<br \/>\nMaterial: Hierro fundido, acero fundido, WCB, acero inoxidable<\/p>","protected":false},"featured_media":13116,"template":"","meta":{"site-sidebar-layout":"default","site-content-layout":"","ast-site-content-layout":"default","site-content-style":"default","site-sidebar-style":"default","ast-global-header-display":"","ast-banner-title-visibility":"","ast-main-header-display":"","ast-hfb-above-header-display":"","ast-hfb-below-header-display":"","ast-hfb-mobile-header-display":"","site-post-title":"","ast-breadcrumbs-content":"","ast-featured-img":"","footer-sml-layout":"","ast-disable-related-posts":"","theme-transparent-header-meta":"default","adv-header-id-meta":"","stick-header-meta":"","header-above-stick-meta":"","header-main-stick-meta":"","header-below-stick-meta":"","astra-migrate-meta-layouts":"set","ast-page-background-enabled":"default","ast-page-background-meta":{"desktop":{"background-color":"var(--ast-global-color-4)","background-image":"","background-repeat":"repeat","background-position":"center center","background-size":"auto","background-attachment":"scroll","background-type":"","background-media":"","overlay-type":"","overlay-color":"","overlay-opacity":"","overlay-gradient":""},"tablet":{"background-color":"","background-image":"","background-repeat":"repeat","background-position":"center center","background-size":"auto","background-attachment":"scroll","background-type":"","background-media":"","overlay-type":"","overlay-color":"","overlay-opacity":"","overlay-gradient":""},"mobile":{"background-color":"","background-image":"","background-repeat":"repeat","background-position":"center center","background-size":"auto","background-attachment":"scroll","background-type":"","background-media":"","overlay-type":"","overlay-color":"","overlay-opacity":"","overlay-gradient":""}},"ast-content-background-meta":{"desktop":{"background-color":"var(--ast-global-color-5)","background-image":"","background-repeat":"repeat","background-position":"center center","background-size":"auto","background-attachment":"scroll","background-type":"","background-media":"","overlay-type":"","overlay-color":"","overlay-opacity":"","overlay-gradient":""},"tablet":{"background-color":"var(--ast-global-color-5)","background-image":"","background-repeat":"repeat","background-position":"center center","background-size":"auto","background-attachment":"scroll","background-type":"","background-media":"","overlay-type":"","overlay-color":"","overlay-opacity":"","overlay-gradient":""},"mobile":{"background-color":"var(--ast-global-color-5)","background-image":"","background-repeat":"repeat","background-position":"center center","background-size":"auto","background-attachment":"scroll","background-type":"","background-media":"","overlay-type":"","overlay-color":"","overlay-opacity":"","overlay-gradient":""}}},"product_brand":[],"product_cat":[706,116,33],"product_tag":[649,176,657,656,261,102,73,56],"class_list":{"0":"post-13113","1":"product","2":"type-product","3":"status-publish","4":"has-post-thumbnail","6":"product_cat-manual-butterfly-valve","7":"product_cat-manual-valves","8":"product_cat-products","9":"product_tag-butterfly-valve-with-handle","10":"product_tag-flange-butterfly-valve","11":"product_tag-flange-butterfly-valve-with-handle","12":"product_tag-manual-flange-butterfly-valve","13":"product_tag-manual-valve","14":"product_tag-manual-valves","15":"product_tag-valve","16":"product_tag-valves","17":"desktop-align-center","18":"tablet-align-left","19":"mobile-align-left","21":"first","22":"instock","23":"shipping-taxable","24":"product-type-simple"},"_links":{"self":[{"href":"https:\/\/www.delcofluid.com\/es\/wp-json\/wp\/v2\/product\/13113","targetHints":{"allow":["GET"]}}],"collection":[{"href":"https:\/\/www.delcofluid.com\/es\/wp-json\/wp\/v2\/product"}],"about":[{"href":"https:\/\/www.delcofluid.com\/es\/wp-json\/wp\/v2\/types\/product"}],"version-history":[{"count":0,"href":"https:\/\/www.delcofluid.com\/es\/wp-json\/wp\/v2\/product\/13113\/revisions"}],"wp:featuredmedia":[{"embeddable":true,"href":"https:\/\/www.delcofluid.com\/es\/wp-json\/wp\/v2\/media\/13116"}],"wp:attachment":[{"href":"https:\/\/www.delcofluid.com\/es\/wp-json\/wp\/v2\/media?parent=13113"}],"wp:term":[{"taxonomy":"product_brand","embeddable":true,"href":"https:\/\/www.delcofluid.com\/es\/wp-json\/wp\/v2\/product_brand?post=13113"},{"taxonomy":"product_cat","embeddable":true,"href":"https:\/\/www.delcofluid.com\/es\/wp-json\/wp\/v2\/product_cat?post=13113"},{"taxonomy":"product_tag","embeddable":true,"href":"https:\/\/www.delcofluid.com\/es\/wp-json\/wp\/v2\/product_tag?post=13113"}],"curies":[{"name":"wp","href":"https:\/\/api.w.org\/{rel}","templated":true}]}}