{"id":13219,"date":"2025-02-27T07:42:23","date_gmt":"2025-02-27T07:42:23","guid":{"rendered":"https:\/\/www.delcofluid.com\/?post_type=product&#038;p=13219"},"modified":"2025-02-27T07:50:11","modified_gmt":"2025-02-27T07:50:11","slug":"delco-zcfp-plastic-anti-corrosion-solenoid-valve","status":"publish","type":"product","link":"https:\/\/www.delcofluid.com\/es\/producto\/delco-zcfp-plastic-anti-corrosion-solenoid-valve\/","title":{"rendered":"V\u00e1lvula solenoide anticorrosi\u00f3n de pl\u00e1stico DELCO ZCFP"},"content":{"rendered":"<div data-elementor-type=\"product-post\" data-elementor-id=\"13219\" class=\"elementor elementor-13219\" data-elementor-post-type=\"product\">\n\t\t\t\t<div class=\"elementor-element elementor-element-20539a1c e-con-full e-flex e-con e-parent\" data-id=\"20539a1c\" data-element_type=\"container\" data-e-type=\"container\" data-settings=\"{&quot;ekit_has_onepagescroll_dot&quot;:&quot;yes&quot;}\">\n\t\t<div class=\"elementor-element elementor-element-3316fa6 e-con-full e-flex e-con e-child\" data-id=\"3316fa6\" data-element_type=\"container\" data-e-type=\"container\" data-settings=\"{&quot;ekit_has_onepagescroll_dot&quot;:&quot;yes&quot;}\">\n\t\t\t\t<div class=\"elementor-element elementor-element-b8b3abc elementor-widget elementor-widget-heading\" data-id=\"b8b3abc\" data-element_type=\"widget\" data-e-type=\"widget\" data-settings=\"{&quot;ekit_we_effect_on&quot;:&quot;none&quot;}\" data-widget_type=\"heading.default\">\n\t\t\t\t<div class=\"elementor-widget-container\">\n\t\t\t\t\t<h2 class=\"elementor-heading-title elementor-size-default\">Caracter\u00edsticas<\/h2>\t\t\t\t<\/div>\n\t\t\t\t<\/div>\n\t\t\t\t<div class=\"elementor-element elementor-element-4b43349d elementor-widget__width-initial elementor-widget elementor-widget-text-editor\" data-id=\"4b43349d\" data-element_type=\"widget\" data-e-type=\"widget\" data-settings=\"{&quot;ekit_we_effect_on&quot;:&quot;none&quot;}\" data-widget_type=\"text-editor.default\">\n\t\t\t\t<div class=\"elementor-widget-container\">\n\t\t\t\t\t\t\t\t\t<ul><li><strong>Alta resistencia a la corrosi\u00f3n:<\/strong> el uso de materiales y recubrimientos resistentes a la corrosi\u00f3n para garantizar que la v\u00e1lvula pueda resistir la corrosi\u00f3n durante mucho tiempo, adecuada para entornos hostiles.<\/li><li><strong>Varias opciones de materiales:<\/strong> Seg\u00fan diferentes entornos y medios de trabajo, se pueden seleccionar v\u00e1lvulas solenoides anticorrosi\u00f3n hechas de diferentes materiales para satisfacer diversas necesidades.<\/li><li><strong>Ampliamente utilizado:<\/strong> Ampliamente utilizado en industrias qu\u00edmicas, marinas, de tratamiento de aguas residuales y otras, para brindar protecci\u00f3n confiable contra la corrosi\u00f3n para el sistema.<\/li><li><strong>Eficiente y estable:<\/strong> Las v\u00e1lvulas solenoides anticorrosi\u00f3n est\u00e1n bien dise\u00f1adas para funcionar de manera estable y confiable, lo que garantiza el funcionamiento eficiente del sistema de control de fluido.<\/li><li><strong>F\u00e1cil de mantener:<\/strong> El dise\u00f1o del producto tiene en cuenta la facilidad de mantenimiento, lo que hace que el mantenimiento sea m\u00e1s sencillo, reduce el tiempo de inactividad y garantiza un funcionamiento continuo y estable del sistema.<\/li><\/ul>\t\t\t\t\t\t\t\t<\/div>\n\t\t\t\t<\/div>\n\t\t\t\t<\/div>\n\t\t<div class=\"elementor-element elementor-element-e796ac0 e-con-full e-flex e-con e-child\" data-id=\"e796ac0\" data-element_type=\"container\" data-e-type=\"container\" data-settings=\"{&quot;ekit_has_onepagescroll_dot&quot;:&quot;yes&quot;}\">\n\t\t\t\t<div class=\"elementor-element elementor-element-7ddba38 elementor-widget__width-initial elementor-widget elementor-widget-image\" data-id=\"7ddba38\" data-element_type=\"widget\" data-e-type=\"widget\" data-settings=\"{&quot;ekit_we_effect_on&quot;:&quot;none&quot;}\" data-widget_type=\"image.default\">\n\t\t\t\t<div class=\"elementor-widget-container\">\n\t\t\t\t\t\t\t\t\t\t\t\t\t\t\t<img fetchpriority=\"high\" decoding=\"async\" width=\"768\" height=\"759\" src=\"https:\/\/www.delcofluid.com\/wp-content\/uploads\/2024\/03\/product-finder-graphic-3-x900.jpg\" class=\"attachment-large size-large wp-image-2576\" alt=\"Solenoid Valves\" srcset=\"https:\/\/www.delcofluid.com\/wp-content\/uploads\/2024\/03\/product-finder-graphic-3-x900.jpg 768w, https:\/\/www.delcofluid.com\/wp-content\/uploads\/2024\/03\/product-finder-graphic-3-x900-100x100.jpg 100w, https:\/\/www.delcofluid.com\/wp-content\/uploads\/2024\/03\/product-finder-graphic-3-x900-600x593.jpg 600w, https:\/\/www.delcofluid.com\/wp-content\/uploads\/2024\/03\/product-finder-graphic-3-x900-300x296.jpg 300w\" sizes=\"(max-width: 768px) 100vw, 768px\" \/>\t\t\t\t\t\t\t\t\t\t\t\t\t\t\t<\/div>\n\t\t\t\t<\/div>\n\t\t\t\t<\/div>\n\t\t\t\t<\/div>\n\t\t<div class=\"elementor-element elementor-element-4e8d114 e-flex e-con-boxed e-con e-parent\" data-id=\"4e8d114\" data-element_type=\"container\" data-e-type=\"container\" data-settings=\"{&quot;ekit_has_onepagescroll_dot&quot;:&quot;yes&quot;}\">\n\t\t\t\t\t<div class=\"e-con-inner\">\n\t\t\t\t<div class=\"elementor-element elementor-element-4afd6ea elementor-widget elementor-widget-heading\" data-id=\"4afd6ea\" data-element_type=\"widget\" data-e-type=\"widget\" data-settings=\"{&quot;ekit_we_effect_on&quot;:&quot;none&quot;}\" data-widget_type=\"heading.default\">\n\t\t\t\t<div class=\"elementor-widget-container\">\n\t\t\t\t\t<h2 class=\"elementor-heading-title elementor-size-default\">Principios de funcionamiento:<\/h2>\t\t\t\t<\/div>\n\t\t\t\t<\/div>\n\t\t\t\t<div class=\"elementor-element elementor-element-ffd4484 elementor-widget elementor-widget-text-editor\" data-id=\"ffd4484\" data-element_type=\"widget\" data-e-type=\"widget\" data-settings=\"{&quot;ekit_we_effect_on&quot;:&quot;none&quot;}\" data-widget_type=\"text-editor.default\">\n\t\t\t\t<div class=\"elementor-widget-container\">\n\t\t\t\t\t\t\t\t\t<p>Normalmente cerrado: cuando la bobina est\u00e1 energizada, el n\u00facleo del solenoide se succiona, el orificio de alivio de presi\u00f3n se abre, el pist\u00f3n principal es empujado por la presi\u00f3n del medio, el puerto de la v\u00e1lvula principal se abre y el medio fluye. Cuando la bobina est\u00e1 desenergizada, el puerto de la v\u00e1lvula principal se cierra, el medio se corta.<\/p><p>Normalmente abierto: cuando la bobina est\u00e1 energizada, el n\u00facleo del solenoide se cierra por succi\u00f3n, el orificio de alivio de presi\u00f3n se cierra, el pist\u00f3n principal es empujado por la presi\u00f3n del medio para cerrar el puerto de la v\u00e1lvula principal, el medio se corta. Cuando la bobina est\u00e1 desenergizada, el puerto de la v\u00e1lvula principal se abre y el medio fluye.<\/p>\t\t\t\t\t\t\t\t<\/div>\n\t\t\t\t<\/div>\n\t\t\t\t\t<\/div>\n\t\t\t\t<\/div>\n\t\t<div class=\"elementor-element elementor-element-15c4c55 e-con-full e-flex e-con e-parent\" data-id=\"15c4c55\" data-element_type=\"container\" data-e-type=\"container\" data-settings=\"{&quot;background_background&quot;:&quot;classic&quot;,&quot;ekit_has_onepagescroll_dot&quot;:&quot;yes&quot;}\">\n\t\t\t\t<div class=\"elementor-element elementor-element-cf7446a elementor-widget elementor-widget-heading\" data-id=\"cf7446a\" data-element_type=\"widget\" data-e-type=\"widget\" data-settings=\"{&quot;ekit_we_effect_on&quot;:&quot;none&quot;}\" data-widget_type=\"heading.default\">\n\t\t\t\t<div class=\"elementor-widget-container\">\n\t\t\t\t\t<h2 class=\"elementor-heading-title elementor-size-default\">Par\u00e1metros t\u00e9cnicos de la v\u00e1lvula solenoide resistente a la corrosi\u00f3n<\/h2>\t\t\t\t<\/div>\n\t\t\t\t<\/div>\n\t\t\t\t<\/div>\n\t\t<div class=\"elementor-element elementor-element-66467903 e-con-full e-flex e-con e-parent\" data-id=\"66467903\" data-element_type=\"container\" data-e-type=\"container\" data-settings=\"{&quot;ekit_has_onepagescroll_dot&quot;:&quot;yes&quot;}\">\n\t\t\t\t<div class=\"elementor-element elementor-element-3c14f475 elementor-widget__width-initial elementor-widget elementor-widget-global elementor-global-2967 elementor-widget-text-editor\" data-id=\"3c14f475\" data-element_type=\"widget\" data-e-type=\"widget\" data-settings=\"{&quot;ekit_we_effect_on&quot;:&quot;none&quot;}\" data-widget_type=\"text-editor.default\">\n\t\t\t\t<div class=\"elementor-widget-container\">\n\t\t\t\t\t\t\t\t\t<table width=\"288\"><tbody><tr><td width=\"72\">Tipo<\/td><td width=\"72\">V\u00e1lvula solenoide\u00a0<\/td><td width=\"72\">Di\u00e1metro nominal<\/td><td width=\"72\">DN15-DN50<\/td><\/tr><tr><td width=\"72\">Presi\u00f3n nominal<\/td><td width=\"72\">0 ~ 1,0 MPa<\/td><td width=\"72\">Conexi\u00f3n<\/td><td width=\"72\">Con rosca<\/td><\/tr><tr><td width=\"72\">Estructura<\/td><td width=\"72\">Diafragma<\/td><td width=\"72\">Soporte personalizado<\/td><td width=\"72\">Fabricante de equipos originales (OEM)<\/td><\/tr><tr><td width=\"72\">Garant\u00eda<\/td><td width=\"72\">\u00a012 polillas<\/td><td width=\"72\">Material de sellado<\/td><td width=\"72\">NBR, EPDM, FKM, PTFE<\/td><\/tr><tr><td width=\"72\">Medios de comunicaci\u00f3n<\/td><td width=\"72\">Petr\u00f3leo, aire, gas, l\u00edquido<\/td><td width=\"72\">Voltaje de la bobina<\/td><td width=\"72\">CC 12 ~ 24 V (\u00b1101 TP3T), CA 110-220 V<\/td><\/tr><\/tbody><\/table><p>\u00a0<\/p>\t\t\t\t\t\t\t\t<\/div>\n\t\t\t\t<\/div>\n\t\t\t\t<\/div>\n\t\t<div class=\"elementor-element elementor-element-0b18e32 e-flex e-con-boxed e-con e-parent\" data-id=\"0b18e32\" data-element_type=\"container\" data-e-type=\"container\" data-settings=\"{&quot;ekit_has_onepagescroll_dot&quot;:&quot;yes&quot;}\">\n\t\t\t\t\t<div class=\"e-con-inner\">\n\t\t\t\t<div class=\"elementor-element elementor-element-c6975fe elementor-widget elementor-widget-heading\" data-id=\"c6975fe\" data-element_type=\"widget\" data-e-type=\"widget\" data-settings=\"{&quot;ekit_we_effect_on&quot;:&quot;none&quot;}\" data-widget_type=\"heading.default\">\n\t\t\t\t<div class=\"elementor-widget-container\">\n\t\t\t\t\t<h2 class=\"elementor-heading-title elementor-size-default\">Aplicaciones:<\/h2>\t\t\t\t<\/div>\n\t\t\t\t<\/div>\n\t\t\t\t<div class=\"elementor-element elementor-element-eb6e9f8 elementor-widget elementor-widget-text-editor\" data-id=\"eb6e9f8\" data-element_type=\"widget\" data-e-type=\"widget\" data-settings=\"{&quot;ekit_we_effect_on&quot;:&quot;none&quot;}\" data-widget_type=\"text-editor.default\">\n\t\t\t\t<div class=\"elementor-widget-container\">\n\t\t\t\t\t\t\t\t\t<p>La v\u00e1lvula solenoide anticorrosi\u00f3n es adecuada para una variedad de gases y l\u00edquidos \u00e1cidos y alcalinos fuertes como medio de trabajo, y se usa ampliamente en equipos m\u00e9dicos y farmac\u00e9uticos, qu\u00edmicos y qu\u00edmicos, de protecci\u00f3n ambiental o de limpieza y otros sistemas de control de automatizaci\u00f3n.<\/p>\t\t\t\t\t\t\t\t<\/div>\n\t\t\t\t<\/div>\n\t\t\t\t\t<\/div>\n\t\t\t\t<\/div>\n\t\t\t\t<\/div>","protected":false},"excerpt":{"rendered":"<p>Las v\u00e1lvulas solenoides anticorrosivas est\u00e1n especialmente dise\u00f1adas para resistir la corrosi\u00f3n con una excelente resistencia a la corrosi\u00f3n y confiabilidad para el control y regulaci\u00f3n de diversos medios corrosivos. Estas v\u00e1lvulas est\u00e1n fabricadas con materiales y revestimientos resistentes a la corrosi\u00f3n de alta calidad para garantizar un funcionamiento estable durante largos per\u00edodos de tiempo en entornos operativos hostiles. La variedad de opciones de materiales les permite satisfacer las necesidades de diferentes industrias, como la qu\u00edmica, la marina y el tratamiento de aguas residuales. Su rendimiento eficiente y estable, as\u00ed como su dise\u00f1o de mantenimiento conveniente, hacen que las v\u00e1lvulas solenoides resistentes a la corrosi\u00f3n sean una parte indispensable e importante de los sistemas de control de fluidos, brindando una garant\u00eda confiable para el funcionamiento seguro y la estabilidad continua del sistema.<\/p>\n<ul>\n<li>Modelo: ZCFP<\/li>\n<li>Rango de tama\u00f1o: G1\/2\u201d<\/li>\n<li>Rango de presi\u00f3n: 0,0 MPa-0,6 MPa<\/li>\n<li>Material: Pl\u00e1stico, CPVC<\/li>\n<\/ul>","protected":false},"featured_media":13222,"template":"","meta":{"site-sidebar-layout":"default","site-content-layout":"","ast-site-content-layout":"default","site-content-style":"default","site-sidebar-style":"default","ast-global-header-display":"","ast-banner-title-visibility":"","ast-main-header-display":"","ast-hfb-above-header-display":"","ast-hfb-below-header-display":"","ast-hfb-mobile-header-display":"","site-post-title":"","ast-breadcrumbs-content":"","ast-featured-img":"","footer-sml-layout":"","ast-disable-related-posts":"","theme-transparent-header-meta":"default","adv-header-id-meta":"","stick-header-meta":"","header-above-stick-meta":"","header-main-stick-meta":"","header-below-stick-meta":"","astra-migrate-meta-layouts":"set","ast-page-background-enabled":"default","ast-page-background-meta":{"desktop":{"background-color":"var(--ast-global-color-4)","background-image":"","background-repeat":"repeat","background-position":"center center","background-size":"auto","background-attachment":"scroll","background-type":"","background-media":"","overlay-type":"","overlay-color":"","overlay-opacity":"","overlay-gradient":""},"tablet":{"background-color":"","background-image":"","background-repeat":"repeat","background-position":"center center","background-size":"auto","background-attachment":"scroll","background-type":"","background-media":"","overlay-type":"","overlay-color":"","overlay-opacity":"","overlay-gradient":""},"mobile":{"background-color":"","background-image":"","background-repeat":"repeat","background-position":"center center","background-size":"auto","background-attachment":"scroll","background-type":"","background-media":"","overlay-type":"","overlay-color":"","overlay-opacity":"","overlay-gradient":""}},"ast-content-background-meta":{"desktop":{"background-color":"var(--ast-global-color-5)","background-image":"","background-repeat":"repeat","background-position":"center center","background-size":"auto","background-attachment":"scroll","background-type":"","background-media":"","overlay-type":"","overlay-color":"","overlay-opacity":"","overlay-gradient":""},"tablet":{"background-color":"var(--ast-global-color-5)","background-image":"","background-repeat":"repeat","background-position":"center center","background-size":"auto","background-attachment":"scroll","background-type":"","background-media":"","overlay-type":"","overlay-color":"","overlay-opacity":"","overlay-gradient":""},"mobile":{"background-color":"var(--ast-global-color-5)","background-image":"","background-repeat":"repeat","background-position":"center center","background-size":"auto","background-attachment":"scroll","background-type":"","background-media":"","overlay-type":"","overlay-color":"","overlay-opacity":"","overlay-gradient":""}}},"product_brand":[],"product_cat":[957,33,37],"product_tag":[195,194,958,209,208,158,156,193,192,73,56],"class_list":{"0":"post-13219","1":"product","2":"type-product","3":"status-publish","4":"has-post-thumbnail","6":"product_cat-anti-corrosion-solenoid-valve","7":"product_cat-products","8":"product_cat-solenoid-valves","9":"product_tag-2-way-solenoid-valve","10":"product_tag-2-way-solenoid-valves","11":"product_tag-corrosion-resistant-solenoid-valve","12":"product_tag-direct-acting-diaphragm-type-solenoid-valve","13":"product_tag-direct-acting-diaphragm-type-solenoid-valves","14":"product_tag-solenoid-valve","15":"product_tag-solenoid-valves","16":"product_tag-two-position-two-way-solenoid-valve","17":"product_tag-two-position-two-way-solenoid-valves","18":"product_tag-valve","19":"product_tag-valves","20":"desktop-align-center","21":"tablet-align-left","22":"mobile-align-left","24":"first","25":"instock","26":"shipping-taxable","27":"product-type-simple"},"_links":{"self":[{"href":"https:\/\/www.delcofluid.com\/es\/wp-json\/wp\/v2\/product\/13219","targetHints":{"allow":["GET"]}}],"collection":[{"href":"https:\/\/www.delcofluid.com\/es\/wp-json\/wp\/v2\/product"}],"about":[{"href":"https:\/\/www.delcofluid.com\/es\/wp-json\/wp\/v2\/types\/product"}],"version-history":[{"count":0,"href":"https:\/\/www.delcofluid.com\/es\/wp-json\/wp\/v2\/product\/13219\/revisions"}],"wp:featuredmedia":[{"embeddable":true,"href":"https:\/\/www.delcofluid.com\/es\/wp-json\/wp\/v2\/media\/13222"}],"wp:attachment":[{"href":"https:\/\/www.delcofluid.com\/es\/wp-json\/wp\/v2\/media?parent=13219"}],"wp:term":[{"taxonomy":"product_brand","embeddable":true,"href":"https:\/\/www.delcofluid.com\/es\/wp-json\/wp\/v2\/product_brand?post=13219"},{"taxonomy":"product_cat","embeddable":true,"href":"https:\/\/www.delcofluid.com\/es\/wp-json\/wp\/v2\/product_cat?post=13219"},{"taxonomy":"product_tag","embeddable":true,"href":"https:\/\/www.delcofluid.com\/es\/wp-json\/wp\/v2\/product_tag?post=13219"}],"curies":[{"name":"wp","href":"https:\/\/api.w.org\/{rel}","templated":true}]}}