{"id":1451,"date":"2024-03-13T07:39:42","date_gmt":"2024-03-13T07:39:42","guid":{"rendered":"https:\/\/www.delcofluid.com\/?post_type=product&#038;p=1451"},"modified":"2024-07-30T08:23:51","modified_gmt":"2024-07-30T07:23:51","slug":"motorized-electric-control-valves","status":"publish","type":"product","link":"https:\/\/www.delcofluid.com\/es\/producto\/motorized-electric-control-valves\/","title":{"rendered":"V\u00e1lvulas de control el\u00e9ctricas y motorizadas DELCO - ZDLP\/ZDLM"},"content":{"rendered":"<div data-elementor-type=\"product-post\" data-elementor-id=\"1451\" class=\"elementor elementor-1451\" data-elementor-post-type=\"product\">\n\t\t\t\t<div class=\"elementor-element elementor-element-20539a1c e-flex e-con-boxed e-con e-parent\" data-id=\"20539a1c\" data-element_type=\"container\" data-e-type=\"container\" data-settings=\"{&quot;ekit_has_onepagescroll_dot&quot;:&quot;yes&quot;}\">\n\t\t\t\t\t<div class=\"e-con-inner\">\n\t\t<div class=\"elementor-element elementor-element-3316fa6 e-con-full e-flex e-con e-child\" data-id=\"3316fa6\" data-element_type=\"container\" data-e-type=\"container\" data-settings=\"{&quot;ekit_has_onepagescroll_dot&quot;:&quot;yes&quot;}\">\n\t\t\t\t<div class=\"elementor-element elementor-element-b8b3abc elementor-widget elementor-widget-heading\" data-id=\"b8b3abc\" data-element_type=\"widget\" data-e-type=\"widget\" data-settings=\"{&quot;ekit_we_effect_on&quot;:&quot;none&quot;}\" data-widget_type=\"heading.default\">\n\t\t\t\t<div class=\"elementor-widget-container\">\n\t\t\t\t\t<h2 class=\"elementor-heading-title elementor-size-default\">Descripci\u00f3n<\/h2>\t\t\t\t<\/div>\n\t\t\t\t<\/div>\n\t\t\t\t<div class=\"elementor-element elementor-element-4b43349d elementor-widget__width-initial elementor-widget elementor-widget-text-editor\" data-id=\"4b43349d\" data-element_type=\"widget\" data-e-type=\"widget\" data-settings=\"{&quot;ekit_we_effect_on&quot;:&quot;none&quot;}\" data-widget_type=\"text-editor.default\">\n\t\t\t\t<div class=\"elementor-widget-container\">\n\t\t\t\t\t\t\t\t\t<p>Motorizado\/El\u00e9ctrico <span style=\"color: #000000\"><a style=\"color: #000000\" href=\"https:\/\/www.delcofluid.com\/es\/categoria-producto\/control-valves\/\">V\u00e1lvulas de control<\/a><\/span>\u00a0 Es una v\u00e1lvula que regula el flujo de fluido mediante un actuador el\u00e9ctrico. Esta v\u00e1lvula emplea el movimiento rotatorio o lineal del actuador el\u00e9ctrico para lograr un control preciso sobre el medio fluido, lo que permite la operaci\u00f3n remota. Ampliamente utilizada en sistemas de automatizaci\u00f3n como HVAC y control de procesos industriales, cuenta con caracter\u00edsticas como respuesta r\u00e1pida y alta precisi\u00f3n, adapt\u00e1ndose a condiciones variables de presi\u00f3n, temperatura y flujo.\u00a0<\/p>\t\t\t\t\t\t\t\t<\/div>\n\t\t\t\t<\/div>\n\t\t\t\t<div class=\"elementor-element elementor-element-6b35d83 elementor-widget__width-initial elementor-widget elementor-widget-text-editor\" data-id=\"6b35d83\" data-element_type=\"widget\" data-e-type=\"widget\" data-settings=\"{&quot;ekit_we_effect_on&quot;:&quot;none&quot;}\" data-widget_type=\"text-editor.default\">\n\t\t\t\t<div class=\"elementor-widget-container\">\n\t\t\t\t\t\t\t\t\t<p>Las v\u00e1lvulas de control motorizadas, que suelen estar integradas en los sistemas de control, ofrecen un control y una operaci\u00f3n remotos fiables. Las v\u00e1lvulas de control motorizadas desempe\u00f1an un papel fundamental a la hora de mejorar la eficiencia del sistema y garantizar un control preciso del caudal, por lo que son un componente indispensable en las aplicaciones de automatizaci\u00f3n modernas.<\/p>\t\t\t\t\t\t\t\t<\/div>\n\t\t\t\t<\/div>\n\t\t\t\t<\/div>\n\t\t<div class=\"elementor-element elementor-element-e796ac0 e-flex e-con-boxed e-con e-child\" data-id=\"e796ac0\" data-element_type=\"container\" data-e-type=\"container\" data-settings=\"{&quot;ekit_has_onepagescroll_dot&quot;:&quot;yes&quot;}\">\n\t\t\t\t\t<div class=\"e-con-inner\">\n\t\t\t\t<div class=\"elementor-element elementor-element-7ddba38 elementor-widget elementor-widget-image\" data-id=\"7ddba38\" data-element_type=\"widget\" data-e-type=\"widget\" data-settings=\"{&quot;ekit_we_effect_on&quot;:&quot;none&quot;}\" data-widget_type=\"image.default\">\n\t\t\t\t<div class=\"elementor-widget-container\">\n\t\t\t\t\t\t\t\t\t\t\t\t\t\t\t<img fetchpriority=\"high\" decoding=\"async\" width=\"1016\" height=\"836\" src=\"https:\/\/www.delcofluid.com\/wp-content\/uploads\/2024\/03\/234454.jpg\" class=\"attachment-large size-large wp-image-1813\" alt=\"DELCO Motorized\/Electric Control Valves\" srcset=\"https:\/\/www.delcofluid.com\/wp-content\/uploads\/2024\/03\/234454.jpg 1016w, https:\/\/www.delcofluid.com\/wp-content\/uploads\/2024\/03\/234454-600x494.jpg 600w, https:\/\/www.delcofluid.com\/wp-content\/uploads\/2024\/03\/234454-300x247.jpg 300w, https:\/\/www.delcofluid.com\/wp-content\/uploads\/2024\/03\/234454-768x632.jpg 768w\" sizes=\"(max-width: 1016px) 100vw, 1016px\" \/>\t\t\t\t\t\t\t\t\t\t\t\t\t\t\t<\/div>\n\t\t\t\t<\/div>\n\t\t\t\t\t<\/div>\n\t\t\t\t<\/div>\n\t\t\t\t\t<\/div>\n\t\t\t\t<\/div>\n\t\t<div class=\"elementor-element elementor-element-23c1635 e-flex e-con-boxed e-con e-parent\" data-id=\"23c1635\" data-element_type=\"container\" data-e-type=\"container\" data-settings=\"{&quot;ekit_has_onepagescroll_dot&quot;:&quot;yes&quot;}\">\n\t\t\t\t\t<div class=\"e-con-inner\">\n\t\t<div class=\"elementor-element elementor-element-556380c e-flex e-con-boxed e-con e-child\" data-id=\"556380c\" data-element_type=\"container\" data-e-type=\"container\" data-settings=\"{&quot;ekit_has_onepagescroll_dot&quot;:&quot;yes&quot;}\">\n\t\t\t\t\t<div class=\"e-con-inner\">\n\t\t\t\t<div class=\"elementor-element elementor-element-e0391e7 elementor-widget elementor-widget-text-editor\" data-id=\"e0391e7\" data-element_type=\"widget\" data-e-type=\"widget\" data-settings=\"{&quot;ekit_we_effect_on&quot;:&quot;none&quot;}\" data-widget_type=\"text-editor.default\">\n\t\t\t\t<div class=\"elementor-widget-container\">\n\t\t\t\t\t\t\t\t\t<p>Este producto consta de un actuador el\u00e9ctrico electr\u00f3nico de la serie 3810L y una peque\u00f1a v\u00e1lvula reguladora de un solo asiento (manguito). El actuador tiene una estructura integrada con m\u00f3dulos de controlador electr\u00f3nico incorporados, lo que elimina la necesidad de servoamplificadores adicionales. Tiene alta precisi\u00f3n y es f\u00e1cil de instalar. Las caracter\u00edsticas de la v\u00e1lvula de manguito son las siguientes:<\/p><p>Al adoptar un n\u00facleo de v\u00e1lvula equilibrado, la fuerza desequilibrada es peque\u00f1a, se permite que la diferencia de presi\u00f3n sea grande y la operaci\u00f3n es estable.<br \/>La gran superficie gu\u00eda del carrete mejora la oscilaci\u00f3n causada por corrientes de Foucault y golpes y reduce los da\u00f1os.<br \/>El ruido de la v\u00e1lvula reguladora de v\u00e1lvula de asiento simple y doble ordinaria se reduce en aproximadamente 10 dB. Estructura simple, montaje y desmontaje convenientes.<\/p>\t\t\t\t\t\t\t\t<\/div>\n\t\t\t\t<\/div>\n\t\t\t\t\t<\/div>\n\t\t\t\t<\/div>\n\t\t<div class=\"elementor-element elementor-element-32e497b e-con-full e-flex e-con e-child\" data-id=\"32e497b\" data-element_type=\"container\" data-e-type=\"container\" data-settings=\"{&quot;ekit_has_onepagescroll_dot&quot;:&quot;yes&quot;}\">\n\t\t\t\t<div class=\"elementor-element elementor-element-8a16d8f elementor-widget__width-initial elementor-widget elementor-widget-image\" data-id=\"8a16d8f\" data-element_type=\"widget\" data-e-type=\"widget\" data-settings=\"{&quot;ekit_we_effect_on&quot;:&quot;none&quot;}\" data-widget_type=\"image.default\">\n\t\t\t\t<div class=\"elementor-widget-container\">\n\t\t\t\t\t\t\t\t\t\t\t\t\t\t\t<img decoding=\"async\" width=\"1024\" height=\"474\" src=\"https:\/\/www.delcofluid.com\/wp-content\/uploads\/2024\/03\/34-2-1024x474.jpg\" class=\"attachment-large size-large wp-image-1817\" alt=\"DELCO Motorized\/Electric Control Valves\" srcset=\"https:\/\/www.delcofluid.com\/wp-content\/uploads\/2024\/03\/34-2-1024x474.jpg 1024w, https:\/\/www.delcofluid.com\/wp-content\/uploads\/2024\/03\/34-2-600x278.jpg 600w, https:\/\/www.delcofluid.com\/wp-content\/uploads\/2024\/03\/34-2-300x139.jpg 300w, https:\/\/www.delcofluid.com\/wp-content\/uploads\/2024\/03\/34-2-768x355.jpg 768w, https:\/\/www.delcofluid.com\/wp-content\/uploads\/2024\/03\/34-2.jpg 1500w\" sizes=\"(max-width: 1024px) 100vw, 1024px\" \/>\t\t\t\t\t\t\t\t\t\t\t\t\t\t\t<\/div>\n\t\t\t\t<\/div>\n\t\t\t\t<\/div>\n\t\t\t\t\t<\/div>\n\t\t\t\t<\/div>\n\t\t<div class=\"elementor-element elementor-element-15c4c55 e-flex e-con-boxed e-con e-parent\" data-id=\"15c4c55\" data-element_type=\"container\" data-e-type=\"container\" data-settings=\"{&quot;background_background&quot;:&quot;classic&quot;,&quot;ekit_has_onepagescroll_dot&quot;:&quot;yes&quot;}\">\n\t\t\t\t\t<div class=\"e-con-inner\">\n\t\t\t\t<div class=\"elementor-element elementor-element-cf7446a elementor-widget elementor-widget-heading\" data-id=\"cf7446a\" data-element_type=\"widget\" data-e-type=\"widget\" data-settings=\"{&quot;ekit_we_effect_on&quot;:&quot;none&quot;}\" data-widget_type=\"heading.default\">\n\t\t\t\t<div class=\"elementor-widget-container\">\n\t\t\t\t\t<h2 class=\"elementor-heading-title elementor-size-default\">Descripci\u00f3n general de la v\u00e1lvula de control de globo con actuador el\u00e9ctrico\/motorizado:<\/h2>\t\t\t\t<\/div>\n\t\t\t\t<\/div>\n\t\t\t\t\t<\/div>\n\t\t\t\t<\/div>\n\t\t<div class=\"elementor-element elementor-element-e2b9db7 e-flex e-con-boxed e-con e-parent\" data-id=\"e2b9db7\" data-element_type=\"container\" data-e-type=\"container\" data-settings=\"{&quot;ekit_has_onepagescroll_dot&quot;:&quot;yes&quot;}\">\n\t\t\t\t\t<div class=\"e-con-inner\">\n\t\t\t\t<div class=\"elementor-element elementor-element-9242721 elementor-widget__width-initial elementor-widget elementor-widget-text-editor\" data-id=\"9242721\" data-element_type=\"widget\" data-e-type=\"widget\" data-settings=\"{&quot;ekit_we_effect_on&quot;:&quot;none&quot;}\" data-widget_type=\"text-editor.default\">\n\t\t\t\t<div class=\"elementor-widget-container\">\n\t\t\t\t\t\t\t\t\t<table width=\"982\"><tbody><tr><td width=\"157\">Tipo<\/td><td width=\"103\">Uso<\/td><td width=\"161\">Fuente de alimentaci\u00f3n<\/td><td width=\"194\">Se\u00f1al de control<\/td><td width=\"193\">Acci\u00f3n de cerrar<\/td><td width=\"174\">Acci\u00f3n de abrir<\/td><\/tr><tr><td width=\"157\">Actuador motorizado\/el\u00e9ctrico, <br \/>inteligente integrado<\/td><td width=\"103\">Regulando<\/td><td width=\"161\">220 V CA \u00b110 % 50 Hz, 380 V CA \u00b110 % 50 Hz<\/td><td width=\"194\">4-20 mA CC, 1~5 V CC<\/td><td width=\"193\">Aumento de la se\u00f1al de entrada, v\u00e1stago de la v\u00e1lvula desciende, v\u00e1lvula se cierra<\/td><td width=\"174\">Aumento de la se\u00f1al de entrada, v\u00e1stago de la v\u00e1lvula asciende, v\u00e1lvula abierta<\/td><\/tr><tr><td width=\"157\">Retraso<\/td><td width=\"103\">Tipo lineal<\/td><td colspan=\"2\" width=\"355\">Temperatura de funcionamiento<\/td><td width=\"193\">Caracter\u00edsticas de flujo intr\u00ednsecas<\/td><td>\u00a0<\/td><\/tr><tr><td width=\"157\">\u22640,8 %FS<\/td><td width=\"103\">\u22641 %FS<\/td><td width=\"161\">Temperatura de funcionamiento: -40 \u2103 \uff5e +250 \u2103,<br \/>\u00a0-40\u2103~+450\u2103<\/td><td width=\"194\">Acero inoxidable: -40\u2103\uff5e+250\u2103, -60\u2103\uff5e+450\u2103<\/td><td width=\"193\">L\u00ednea recta, porcentaje igual (relaci\u00f3n ajustable inherente 50:1)<\/td><td>\u00a0<\/td><\/tr><tr><td colspan=\"6\">Par\u00e1metros t\u00e9cnicos de los indicadores de v\u00e1lvulas de control motorizadas\/el\u00e9ctricas<\/td><\/tr><tr><td width=\"157\">Error b\u00e1sico<\/td><td width=\"103\">Reacci\u00f3n<\/td><td width=\"161\">Zona muerta<\/td><td width=\"194\">Fuga<\/td><td width=\"193\">Caracter\u00edsticas de caudal nominal<\/td><td width=\"174\">Caracter\u00edsticas de flujo intr\u00ednsecas<\/td><\/tr><tr><td width=\"157\">\u00b11,0 %<\/td><td width=\"103\">1%<\/td><td width=\"161\">1%<\/td><td width=\"194\">Capacidad nominal de la v\u00e1lvula 5*103<\/td><td width=\"193\">\u00b110%<\/td><td width=\"174\">pendiente \u00b130%<\/td><\/tr><tr><td colspan=\"6\" width=\"982\">Par\u00e1metros t\u00e9cnicos de la v\u00e1lvula de control de indicadores motorizados\/el\u00e9ctricos<\/td><\/tr><tr><td width=\"157\">Error b\u00e1sico<\/td><td width=\"103\">Reacci\u00f3n<\/td><td width=\"161\">Zona muerta<\/td><td width=\"194\">Fuga<\/td><td width=\"193\">Caracter\u00edsticas de caudal nominal<\/td><td width=\"174\">Caracter\u00edsticas de flujo intr\u00ednsecas<\/td><\/tr><tr><td width=\"157\">\u00b12,5 %<\/td><td width=\"103\">1.50%<\/td><td width=\"161\">3%<\/td><td width=\"194\">Capacidad nominal de la v\u00e1lvula 1*10^(-4)<\/td><td width=\"193\">\u00b110%<\/td><td width=\"174\">pendiente \u00b130%<\/td><\/tr><\/tbody><\/table>\t\t\t\t\t\t\t\t<\/div>\n\t\t\t\t<\/div>\n\t\t\t\t\t<\/div>\n\t\t\t\t<\/div>\n\t\t<div class=\"elementor-element elementor-element-0b18e32 e-flex e-con-boxed e-con e-parent\" data-id=\"0b18e32\" data-element_type=\"container\" data-e-type=\"container\" data-settings=\"{&quot;ekit_has_onepagescroll_dot&quot;:&quot;yes&quot;}\">\n\t\t\t\t\t<div class=\"e-con-inner\">\n\t\t\t\t<div class=\"elementor-element elementor-element-c6975fe elementor-widget elementor-widget-heading\" data-id=\"c6975fe\" data-element_type=\"widget\" data-e-type=\"widget\" data-settings=\"{&quot;ekit_we_effect_on&quot;:&quot;none&quot;}\" data-widget_type=\"heading.default\">\n\t\t\t\t<div class=\"elementor-widget-container\">\n\t\t\t\t\t<h2 class=\"elementor-heading-title elementor-size-default\">Industrias y aplicaciones de las v\u00e1lvulas de control<\/h2>\t\t\t\t<\/div>\n\t\t\t\t<\/div>\n\t\t\t\t<div class=\"elementor-element elementor-element-5ec3637 elementor-widget elementor-widget-text-editor\" data-id=\"5ec3637\" data-element_type=\"widget\" data-e-type=\"widget\" data-settings=\"{&quot;ekit_we_effect_on&quot;:&quot;none&quot;}\" data-widget_type=\"text-editor.default\">\n\t\t\t\t<div class=\"elementor-widget-container\">\n\t\t\t\t\t\t\t\t\t<p>Las aplicaciones de las v\u00e1lvulas de control abarcan numerosas industrias, entre ellas:<\/p>\t\t\t\t\t\t\t\t<\/div>\n\t\t\t\t<\/div>\n\t\t\t\t<div class=\"elementor-element elementor-element-fab2721 elementor-widget elementor-widget-text-editor\" data-id=\"fab2721\" data-element_type=\"widget\" data-e-type=\"widget\" data-settings=\"{&quot;ekit_we_effect_on&quot;:&quot;none&quot;}\" data-widget_type=\"text-editor.default\">\n\t\t\t\t<div class=\"elementor-widget-container\">\n\t\t\t\t\t\t\t\t\t<p>Petr\u00f3leo y gas: Control de caudales, presi\u00f3n y temperatura en tuber\u00edas, procesos de refinaci\u00f3n y sistemas de inyecci\u00f3n de productos qu\u00edmicos.<\/p>\t\t\t\t\t\t\t\t<\/div>\n\t\t\t\t<\/div>\n\t\t\t\t<div class=\"elementor-element elementor-element-30dc1fc elementor-widget elementor-widget-text-editor\" data-id=\"30dc1fc\" data-element_type=\"widget\" data-e-type=\"widget\" data-settings=\"{&quot;ekit_we_effect_on&quot;:&quot;none&quot;}\" data-widget_type=\"text-editor.default\">\n\t\t\t\t<div class=\"elementor-widget-container\">\n\t\t\t\t\t\t\t\t\t<p>Procesamiento qu\u00edmico: Regulaci\u00f3n del flujo de fluidos corrosivos, abrasivos o de alta temperatura en reacciones y procesos qu\u00edmicos.<\/p>\t\t\t\t\t\t\t\t<\/div>\n\t\t\t\t<\/div>\n\t\t\t\t<div class=\"elementor-element elementor-element-b254c08 elementor-widget elementor-widget-text-editor\" data-id=\"b254c08\" data-element_type=\"widget\" data-e-type=\"widget\" data-settings=\"{&quot;ekit_we_effect_on&quot;:&quot;none&quot;}\" data-widget_type=\"text-editor.default\">\n\t\t\t\t<div class=\"elementor-widget-container\">\n\t\t\t\t\t\t\t\t\t<p>Generaci\u00f3n de energ\u00eda: garantizar el buen funcionamiento de las centrales el\u00e9ctricas controlando el flujo de vapor, agua y gas en calderas y turbinas.<\/p>\t\t\t\t\t\t\t\t<\/div>\n\t\t\t\t<\/div>\n\t\t\t\t<div class=\"elementor-element elementor-element-cc64f11 elementor-widget elementor-widget-text-editor\" data-id=\"cc64f11\" data-element_type=\"widget\" data-e-type=\"widget\" data-settings=\"{&quot;ekit_we_effect_on&quot;:&quot;none&quot;}\" data-widget_type=\"text-editor.default\">\n\t\t\t\t<div class=\"elementor-widget-container\">\n\t\t\t\t\t\t\t\t\t<p>Tratamiento de agua y aguas residuales: Gesti\u00f3n de caudales y presiones en estaciones de bombeo, redes de distribuci\u00f3n y procesos de tratamiento.<\/p>\t\t\t\t\t\t\t\t<\/div>\n\t\t\t\t<\/div>\n\t\t\t\t\t<\/div>\n\t\t\t\t<\/div>\n\t\t<div class=\"elementor-element elementor-element-6778b4a e-flex e-con-boxed e-con e-parent\" data-id=\"6778b4a\" data-element_type=\"container\" data-e-type=\"container\" data-settings=\"{&quot;ekit_has_onepagescroll_dot&quot;:&quot;yes&quot;}\">\n\t\t\t\t\t<div class=\"e-con-inner\">\n\t\t\t\t<div class=\"elementor-element elementor-element-efcdb82 elementor-widget elementor-widget-heading\" data-id=\"efcdb82\" data-element_type=\"widget\" data-e-type=\"widget\" data-settings=\"{&quot;ekit_we_effect_on&quot;:&quot;none&quot;}\" data-widget_type=\"heading.default\">\n\t\t\t\t<div class=\"elementor-widget-container\">\n\t\t\t\t\t<h2 class=\"elementor-heading-title elementor-size-default\">Mantenimiento de v\u00e1lvulas de control<\/h2>\t\t\t\t<\/div>\n\t\t\t\t<\/div>\n\t\t\t\t<div class=\"elementor-element elementor-element-a2c23a1 elementor-widget elementor-widget-text-editor\" data-id=\"a2c23a1\" data-element_type=\"widget\" data-e-type=\"widget\" data-settings=\"{&quot;ekit_we_effect_on&quot;:&quot;none&quot;}\" data-widget_type=\"text-editor.default\">\n\t\t\t\t<div class=\"elementor-widget-container\">\n\t\t\t\t\t\t\t\t\t<p>Inspeccione la v\u00e1lvula peri\u00f3dicamente para detectar signos de desgaste, da\u00f1os o fugas.<\/p><p>Si alguna pieza est\u00e1 da\u00f1ada o desgastada, reempl\u00e1cela con repuestos de alta calidad del fabricante.<\/p><p>Lubrique la v\u00e1lvula de acuerdo con las instrucciones del fabricante utilizando el tipo y la cantidad de lubricante recomendados.<\/p><p>Limpie la v\u00e1lvula y sus componentes peri\u00f3dicamente para eliminar suciedad, residuos y otros contaminantes que podr\u00edan afectar el rendimiento o da\u00f1ar la v\u00e1lvula.<\/p><p>Pruebe la v\u00e1lvula peri\u00f3dicamente para asegurarse de que funciona correctamente y dentro de las especificaciones.<\/p><p>Registre todas las actividades de mantenimiento para referencia futura y cumplimiento con las regulaciones de la industria.<br \/>Tambi\u00e9n es importante contar con personal capacitado para realizar estas tareas de instalaci\u00f3n y mantenimiento, a fin de garantizar que se realicen de manera segura y correcta. Adem\u00e1s, se deben seguir las instrucciones de instalaci\u00f3n y mantenimiento espec\u00edficas del fabricante, ya que los diferentes tipos de v\u00e1lvulas de control pueden tener requisitos \u00fanicos. Si sigue estas instrucciones paso a paso, podr\u00e1 asegurarse de que sus v\u00e1lvulas de control funcionen de manera \u00f3ptima y tengan una vida \u00fatil prolongada.<\/p>\t\t\t\t\t\t\t\t<\/div>\n\t\t\t\t<\/div>\n\t\t\t\t\t<\/div>\n\t\t\t\t<\/div>\n\t\t\t\t<\/div>","protected":false},"excerpt":{"rendered":"<p>La capacidad de operaci\u00f3n remota de las v\u00e1lvulas de control motorizadas permite una integraci\u00f3n perfecta en los sistemas de control automatizados, lo que hace posible que los operadores monitoreen y ajusten la configuraci\u00f3n de las v\u00e1lvulas desde una ubicaci\u00f3n centralizada.<\/p>\n<p>La v\u00e1lvula de ajuste el\u00e9ctrica de un solo asiento (manguito) es de tama\u00f1o peque\u00f1o y excelente en rendimiento, y es un producto de v\u00e1lvula de control el\u00e9ctrica de tipo base de alta calidad. Es adecuada para sistemas de control de procesos de producci\u00f3n para condiciones de proceso de medios fluidos generales. La v\u00e1lvula de un solo asiento tiene caracter\u00edsticas de funcionamiento confiables, peque\u00f1as fugas en el asiento, caracter\u00edsticas de flujo grueso, amplio rango ajustable, estructura compacta y trayectoria de flujo suave. Esta serie de productos tiene un buen rendimiento y un funcionamiento estable, y puede satisfacer las necesidades de control del usuario en una amplia gama de aplicaciones.<\/p>\n<p>Modelo: V\u00e1lvula de control el\u00e9ctrica<br \/>\nRango de tama\u00f1o: 1\/2\u201d a 12\u201d<br \/>\nRango de presi\u00f3n: 1,6 a 6,4 MPa<br \/>\nMaterial: WCB o acero inoxidable 304\/316<\/p>","protected":false},"featured_media":6972,"template":"","meta":{"site-sidebar-layout":"default","site-content-layout":"","ast-site-content-layout":"default","site-content-style":"default","site-sidebar-style":"default","ast-global-header-display":"","ast-banner-title-visibility":"","ast-main-header-display":"","ast-hfb-above-header-display":"","ast-hfb-below-header-display":"","ast-hfb-mobile-header-display":"","site-post-title":"","ast-breadcrumbs-content":"","ast-featured-img":"","footer-sml-layout":"","ast-disable-related-posts":"","theme-transparent-header-meta":"default","adv-header-id-meta":"","stick-header-meta":"","header-above-stick-meta":"","header-main-stick-meta":"","header-below-stick-meta":"","astra-migrate-meta-layouts":"set","ast-page-background-enabled":"default","ast-page-background-meta":{"desktop":{"background-color":"var(--ast-global-color-4)","background-image":"","background-repeat":"repeat","background-position":"center center","background-size":"auto","background-attachment":"scroll","background-type":"","background-media":"","overlay-type":"","overlay-color":"","overlay-opacity":"","overlay-gradient":""},"tablet":{"background-color":"","background-image":"","background-repeat":"repeat","background-position":"center center","background-size":"auto","background-attachment":"scroll","background-type":"","background-media":"","overlay-type":"","overlay-color":"","overlay-opacity":"","overlay-gradient":""},"mobile":{"background-color":"","background-image":"","background-repeat":"repeat","background-position":"center center","background-size":"auto","background-attachment":"scroll","background-type":"","background-media":"","overlay-type":"","overlay-color":"","overlay-opacity":"","overlay-gradient":""}},"ast-content-background-meta":{"desktop":{"background-color":"var(--ast-global-color-5)","background-image":"","background-repeat":"repeat","background-position":"center center","background-size":"auto","background-attachment":"scroll","background-type":"","background-media":"","overlay-type":"","overlay-color":"","overlay-opacity":"","overlay-gradient":""},"tablet":{"background-color":"var(--ast-global-color-5)","background-image":"","background-repeat":"repeat","background-position":"center center","background-size":"auto","background-attachment":"scroll","background-type":"","background-media":"","overlay-type":"","overlay-color":"","overlay-opacity":"","overlay-gradient":""},"mobile":{"background-color":"var(--ast-global-color-5)","background-image":"","background-repeat":"repeat","background-position":"center center","background-size":"auto","background-attachment":"scroll","background-type":"","background-media":"","overlay-type":"","overlay-color":"","overlay-opacity":"","overlay-gradient":""}}},"product_brand":[],"product_cat":[36,256,33],"product_tag":[55,59,86,68,57],"class_list":{"0":"post-1451","1":"product","2":"type-product","3":"status-publish","4":"has-post-thumbnail","6":"product_cat-control-valves","7":"product_cat-electric-control-valve","8":"product_cat-products","9":"product_tag-control-valve","10":"product_tag-control-valves","11":"product_tag-electric-control-valves","12":"product_tag-electrical-control-valve","13":"product_tag-motorized-control-valve","14":"desktop-align-center","15":"tablet-align-left","16":"mobile-align-left","18":"first","19":"instock","20":"shipping-taxable","21":"product-type-simple"},"_links":{"self":[{"href":"https:\/\/www.delcofluid.com\/es\/wp-json\/wp\/v2\/product\/1451","targetHints":{"allow":["GET"]}}],"collection":[{"href":"https:\/\/www.delcofluid.com\/es\/wp-json\/wp\/v2\/product"}],"about":[{"href":"https:\/\/www.delcofluid.com\/es\/wp-json\/wp\/v2\/types\/product"}],"version-history":[{"count":0,"href":"https:\/\/www.delcofluid.com\/es\/wp-json\/wp\/v2\/product\/1451\/revisions"}],"wp:featuredmedia":[{"embeddable":true,"href":"https:\/\/www.delcofluid.com\/es\/wp-json\/wp\/v2\/media\/6972"}],"wp:attachment":[{"href":"https:\/\/www.delcofluid.com\/es\/wp-json\/wp\/v2\/media?parent=1451"}],"wp:term":[{"taxonomy":"product_brand","embeddable":true,"href":"https:\/\/www.delcofluid.com\/es\/wp-json\/wp\/v2\/product_brand?post=1451"},{"taxonomy":"product_cat","embeddable":true,"href":"https:\/\/www.delcofluid.com\/es\/wp-json\/wp\/v2\/product_cat?post=1451"},{"taxonomy":"product_tag","embeddable":true,"href":"https:\/\/www.delcofluid.com\/es\/wp-json\/wp\/v2\/product_tag?post=1451"}],"curies":[{"name":"wp","href":"https:\/\/api.w.org\/{rel}","templated":true}]}}