{"id":1466,"date":"2024-03-13T08:44:00","date_gmt":"2024-03-13T08:44:00","guid":{"rendered":"https:\/\/www.delcofluid.com\/?post_type=product&#038;p=1466"},"modified":"2024-08-13T09:33:55","modified_gmt":"2024-08-13T08:33:55","slug":"3-way-pneumatics-control-valves","status":"publish","type":"product","link":"https:\/\/www.delcofluid.com\/es\/producto\/3-way-pneumatics-control-valves\/","title":{"rendered":"V\u00e1lvulas de control neum\u00e1ticas de 3 v\u00edas DELCO - ZMAQ"},"content":{"rendered":"<div data-elementor-type=\"product-post\" data-elementor-id=\"1466\" class=\"elementor elementor-1466\" data-elementor-post-type=\"product\">\n\t\t\t\t<div class=\"elementor-element elementor-element-6fb59a60 e-flex e-con-boxed e-con e-parent\" data-id=\"6fb59a60\" data-element_type=\"container\" data-e-type=\"container\" data-settings=\"{&quot;ekit_has_onepagescroll_dot&quot;:&quot;yes&quot;}\">\n\t\t\t\t\t<div class=\"e-con-inner\">\n\t\t<div class=\"elementor-element elementor-element-b2e102c e-con-full e-flex e-con e-child\" data-id=\"b2e102c\" data-element_type=\"container\" data-e-type=\"container\" data-settings=\"{&quot;ekit_has_onepagescroll_dot&quot;:&quot;yes&quot;}\">\n\t\t\t\t<div class=\"elementor-element elementor-element-4c3cf80 elementor-widget elementor-widget-heading\" data-id=\"4c3cf80\" data-element_type=\"widget\" data-e-type=\"widget\" data-settings=\"{&quot;ekit_we_effect_on&quot;:&quot;none&quot;}\" data-widget_type=\"heading.default\">\n\t\t\t\t<div class=\"elementor-widget-container\">\n\t\t\t\t\t<h2 class=\"elementor-heading-title elementor-size-default\">Descripci\u00f3n<\/h2>\t\t\t\t<\/div>\n\t\t\t\t<\/div>\n\t\t\t\t<div class=\"elementor-element elementor-element-1af4cc68 elementor-widget__width-initial elementor-widget elementor-widget-text-editor\" data-id=\"1af4cc68\" data-element_type=\"widget\" data-e-type=\"widget\" data-settings=\"{&quot;ekit_we_effect_on&quot;:&quot;none&quot;}\" data-widget_type=\"text-editor.default\">\n\t\t\t\t<div class=\"elementor-widget-container\">\n\t\t\t\t\t\t\t\t\tLa v\u00e1lvula de control neum\u00e1tica de tres v\u00edas es una v\u00e1lvula controlada por un actuador neum\u00e1tico para regular el flujo de fluido en tres direcciones diferentes. Esta v\u00e1lvula se utiliza com\u00fanmente en sistemas que requieren cambiar las direcciones del flujo o mezclar diferentes medios. Al ajustar la posici\u00f3n del actuador neum\u00e1tico, se controla la apertura de la v\u00e1lvula, lo que permite una regulaci\u00f3n precisa del flujo y la direcci\u00f3n del fluido. Las v\u00e1lvulas de control neum\u00e1ticas de tres v\u00edas encuentran una amplia aplicaci\u00f3n en la automatizaci\u00f3n industrial, especialmente en escenarios que requieren un control flexible, como la fabricaci\u00f3n, los procesos qu\u00edmicos y los sistemas de HVAC. Con alta confiabilidad y respuesta r\u00e1pida, brindan una soluci\u00f3n de control eficiente para sistemas de fluidos complejos.\t\t\t\t\t\t\t\t<\/div>\n\t\t\t\t<\/div>\n\t\t\t\t<\/div>\n\t\t\t\t<div class=\"elementor-element elementor-element-8e57110 elementor-widget elementor-widget-image\" data-id=\"8e57110\" data-element_type=\"widget\" data-e-type=\"widget\" data-settings=\"{&quot;ekit_we_effect_on&quot;:&quot;none&quot;}\" data-widget_type=\"image.default\">\n\t\t\t\t<div class=\"elementor-widget-container\">\n\t\t\t\t\t\t\t\t\t\t\t\t\t\t\t<img fetchpriority=\"high\" decoding=\"async\" width=\"1024\" height=\"1024\" src=\"https:\/\/www.delcofluid.com\/wp-content\/uploads\/2024\/03\/1-1-1024x1024.jpg\" class=\"attachment-large size-large wp-image-1796\" alt=\"DELCO 3 Way Pneumatics Control Valves\" srcset=\"https:\/\/www.delcofluid.com\/wp-content\/uploads\/2024\/03\/1-1-1024x1024.jpg 1024w, https:\/\/www.delcofluid.com\/wp-content\/uploads\/2024\/03\/1-1-300x300.jpg 300w, https:\/\/www.delcofluid.com\/wp-content\/uploads\/2024\/03\/1-1-100x100.jpg 100w, https:\/\/www.delcofluid.com\/wp-content\/uploads\/2024\/03\/1-1-600x600.jpg 600w, https:\/\/www.delcofluid.com\/wp-content\/uploads\/2024\/03\/1-1-150x150.jpg 150w, https:\/\/www.delcofluid.com\/wp-content\/uploads\/2024\/03\/1-1-768x768.jpg 768w, https:\/\/www.delcofluid.com\/wp-content\/uploads\/2024\/03\/1-1.jpg 1500w\" sizes=\"(max-width: 1024px) 100vw, 1024px\" \/>\t\t\t\t\t\t\t\t\t\t\t\t\t\t\t<\/div>\n\t\t\t\t<\/div>\n\t\t\t\t\t<\/div>\n\t\t\t\t<\/div>\n\t\t<div class=\"elementor-element elementor-element-a55eeda e-flex e-con-boxed e-con e-parent\" data-id=\"a55eeda\" data-element_type=\"container\" data-e-type=\"container\" data-settings=\"{&quot;background_background&quot;:&quot;classic&quot;,&quot;ekit_has_onepagescroll_dot&quot;:&quot;yes&quot;}\">\n\t\t\t\t\t<div class=\"e-con-inner\">\n\t\t\t\t<div class=\"elementor-element elementor-element-585e9d9 elementor-widget elementor-widget-heading\" data-id=\"585e9d9\" data-element_type=\"widget\" data-e-type=\"widget\" data-settings=\"{&quot;ekit_we_effect_on&quot;:&quot;none&quot;}\" data-widget_type=\"heading.default\">\n\t\t\t\t<div class=\"elementor-widget-container\">\n\t\t\t\t\t<h2 class=\"elementor-heading-title elementor-size-default\">Introducci\u00f3n a las v\u00e1lvulas de control neum\u00e1ticas:<\/h2>\t\t\t\t<\/div>\n\t\t\t\t<\/div>\n\t\t\t\t\t<\/div>\n\t\t\t\t<\/div>\n\t\t<div class=\"elementor-element elementor-element-74c72de e-con-full e-flex e-con e-parent\" data-id=\"74c72de\" data-element_type=\"container\" data-e-type=\"container\" data-settings=\"{&quot;ekit_has_onepagescroll_dot&quot;:&quot;yes&quot;}\">\n\t\t\t\t<div class=\"elementor-element elementor-element-41da561 elementor-widget__width-initial elementor-widget elementor-widget-text-editor\" data-id=\"41da561\" data-element_type=\"widget\" data-e-type=\"widget\" data-settings=\"{&quot;ekit_we_effect_on&quot;:&quot;none&quot;}\" data-widget_type=\"text-editor.default\">\n\t\t\t\t<div class=\"elementor-widget-container\">\n\t\t\t\t\t\t\t\t\t<table width=\"288\">\n<tbody>\n<tr>\n<td width=\"72\">Tipo<\/td>\n<td width=\"72\">Monoplaza, biplaza, manga<\/td>\n<td width=\"72\">Di\u00e1metro nominal<\/td>\n<td width=\"72\">DN15-DN300<\/td>\n<\/tr>\n<tr>\n<td width=\"72\">Presi\u00f3n nominal<\/td>\n<td width=\"72\">PN16 a PN64<\/td>\n<td width=\"72\">Conexi\u00f3n<\/td>\n<td width=\"72\">Brida, rosca, soldadura (u otra especificada por el cliente)<\/td>\n<\/tr>\n<tr>\n<td width=\"72\">Estructura<\/td>\n<td width=\"72\">Tipo est\u00e1ndar (-20\u2103 ~+200\u2103 )<\/td>\n<td width=\"72\">Material<\/td>\n<td width=\"72\">304, 316, 316L, WCB,<\/td>\n<\/tr>\n<tr>\n<td width=\"72\">Tipo de enfriamiento<\/td>\n<td width=\"72\">&nbsp;(-40 ~ 450 \u2103)<\/td>\n<td width=\"72\">Tipo de baja temperatura<\/td>\n<td width=\"72\">(-60\u2103 ~-196\u2103 )<\/td>\n<\/tr>\n<tr>\n<td width=\"72\">Embalaje<\/td>\n<td width=\"72\">PTFE tipo V, grafito flexible<\/td>\n<td width=\"72\">Rango ajustable<\/td>\n<td width=\"72\">50:01:00<\/td>\n<\/tr>\n<\/tbody>\n<\/table>\t\t\t\t\t\t\t\t<\/div>\n\t\t\t\t<\/div>\n\t\t\t\t<\/div>\n\t\t<div class=\"elementor-element elementor-element-daef6c8 e-flex e-con-boxed e-con e-parent\" data-id=\"daef6c8\" data-element_type=\"container\" data-e-type=\"container\" data-settings=\"{&quot;ekit_has_onepagescroll_dot&quot;:&quot;yes&quot;}\">\n\t\t\t\t\t<div class=\"e-con-inner\">\n\t\t\t\t<div class=\"elementor-element elementor-element-52ddb61 elementor-widget elementor-widget-heading\" data-id=\"52ddb61\" data-element_type=\"widget\" data-e-type=\"widget\" data-settings=\"{&quot;ekit_we_effect_on&quot;:&quot;none&quot;}\" data-widget_type=\"heading.default\">\n\t\t\t\t<div class=\"elementor-widget-container\">\n\t\t\t\t\t<h2 class=\"elementor-heading-title elementor-size-default\">Instalaci\u00f3n y mantenimiento de v\u00e1lvulas de control neum\u00e1ticas de 3 v\u00edas<\/h2>\t\t\t\t<\/div>\n\t\t\t\t<\/div>\n\t\t\t\t<div class=\"elementor-element elementor-element-da5701e elementor-widget__width-initial elementor-widget elementor-widget-text-editor\" data-id=\"da5701e\" data-element_type=\"widget\" data-e-type=\"widget\" data-settings=\"{&quot;ekit_we_effect_on&quot;:&quot;none&quot;}\" data-widget_type=\"text-editor.default\">\n\t\t\t\t<div class=\"elementor-widget-container\">\n\t\t\t\t\t\t\t\t\t<p>Las consideraciones importantes para la instalaci\u00f3n de v\u00e1lvulas de control neum\u00e1ticas de 3 v\u00edas abarcan la manipulaci\u00f3n, las condiciones de la planta, la configuraci\u00f3n de las tuber\u00edas, las marcas y las consideraciones de ruido.<\/p>\t\t\t\t\t\t\t\t<\/div>\n\t\t\t\t<\/div>\n\t\t\t\t<div class=\"elementor-element elementor-element-e1e5066 elementor-widget__width-initial elementor-widget elementor-widget-text-editor\" data-id=\"e1e5066\" data-element_type=\"widget\" data-e-type=\"widget\" data-settings=\"{&quot;ekit_we_effect_on&quot;:&quot;none&quot;}\" data-widget_type=\"text-editor.default\">\n\t\t\t\t<div class=\"elementor-widget-container\">\n\t\t\t\t\t\t\t\t\t<p>\u00a0<\/p><p><strong><span style=\"color: #000000\">Estanqueidad del asiento de una v\u00e1lvula de control neum\u00e1tica de 3 v\u00edas<\/span><\/strong><br \/>La estanqueidad del asiento de una v\u00e1lvula de control neum\u00e1tica de 3 v\u00edas es crucial durante la selecci\u00f3n y la instalaci\u00f3n. Una estanqueidad inadecuada puede provocar la p\u00e9rdida de fluido y el deterioro de las superficies de sellado, lo que provoca una falla prematura de la v\u00e1lvula.<br \/>Hay tres factores principales que influyen en la estanqueidad del asiento: las caracter\u00edsticas de la v\u00e1lvula, el m\u00e9todo de instalaci\u00f3n y el funcionamiento de la v\u00e1lvula.<\/p><p><strong><span style=\"color: #000000\">Caracter\u00edsticas de la v\u00e1lvula<\/span><\/strong><br \/>Para un cierre satisfactorio en una v\u00e1lvula con asiento met\u00e1lico, son esenciales superficies de sellado planas con un acabado excelente. El disco debe articularse en el v\u00e1stago sin fricci\u00f3n excesiva de la gu\u00eda. Para lograr un cierre aceptable, normalmente se requiere un acabado de superficie de 0,5 \u03bcm y un nivel de planitud de dos bandas de luz \u00f3ptica. La alta resistencia al desgaste en las superficies de contacto y sellado extiende la vida \u00fatil de la v\u00e1lvula.<br \/>A diferencia de las v\u00e1lvulas de aislamiento habituales, la fuerza de cierre que act\u00faa sobre el disco en una v\u00e1lvula de control neum\u00e1tica de 3 v\u00edas es relativamente peque\u00f1a debido a la diferencia de presi\u00f3n m\u00ednima. Los sellos el\u00e1sticos pueden mejorar el cierre, pero son m\u00e1s propensos a sufrir da\u00f1os en comparaci\u00f3n con los asientos de metal.<\/p><p><strong><span style=\"color: #000000\">Instalaci\u00f3n de v\u00e1lvulas<\/span><\/strong><br \/>Durante la instalaci\u00f3n, el asiento puede sufrir da\u00f1os cuando se levanta la v\u00e1lvula por primera vez debido a la suciedad y los residuos en el sistema. Lavar el sistema antes de la instalaci\u00f3n y montar la v\u00e1lvula en un lugar libre de residuos ayuda a evitar el paso de materias extra\u00f1as.<\/p><p>\u00a0<\/p>\t\t\t\t\t\t\t\t<\/div>\n\t\t\t\t<\/div>\n\t\t\t\t\t<\/div>\n\t\t\t\t<\/div>\n\t\t\t\t<\/div>","protected":false},"excerpt":{"rendered":"<p>Las v\u00e1lvulas de control neum\u00e1ticas de 3 v\u00edas constan de tres puertos conectados a trav\u00e9s de pasajes dentro de un cuerpo de v\u00e1lvula. Las v\u00e1lvulas presurizan y descargan un puerto de salida para controlar un cilindro de simple efecto o para pilotar otra v\u00e1lvula. Son adecuadas para la automatizaci\u00f3n industrial y brindan una soluci\u00f3n eficiente para el control de fluidos.<br \/>\nSe utilizan ampliamente para sistemas de control de producci\u00f3n autom\u00e1tico en industrias como la qu\u00edmica, el petr\u00f3leo, la industria ligera, las centrales el\u00e9ctricas y la metalurgia.<br \/>\nDELCO Valves tiene como objetivo proporcionar a nuestros clientes productos de la mejor calidad con los precios m\u00e1s competitivos, entrega a tiempo y servicio de garant\u00eda completo.<\/p>\n<p><strong>Modelo<\/strong>: V\u00e1lvulas de control neum\u00e1ticas de 3 v\u00edas<br \/>\n<strong>Rango de tallas<\/strong>: 1\/2&#8221;~12&#8242;<br \/>\n<strong>Rango de presi\u00f3n<\/strong>: 1,6 ~ 6,4 MPa<br \/>\n<strong>Material<\/strong>:Acero inoxidable 304, 316, 316L o WCB<\/p>","protected":false},"featured_media":6974,"template":"","meta":{"site-sidebar-layout":"default","site-content-layout":"","ast-site-content-layout":"default","site-content-style":"default","site-sidebar-style":"default","ast-global-header-display":"","ast-banner-title-visibility":"","ast-main-header-display":"","ast-hfb-above-header-display":"","ast-hfb-below-header-display":"","ast-hfb-mobile-header-display":"","site-post-title":"","ast-breadcrumbs-content":"","ast-featured-img":"","footer-sml-layout":"","ast-disable-related-posts":"","theme-transparent-header-meta":"default","adv-header-id-meta":"","stick-header-meta":"","header-above-stick-meta":"","header-main-stick-meta":"","header-below-stick-meta":"","astra-migrate-meta-layouts":"set","ast-page-background-enabled":"default","ast-page-background-meta":{"desktop":{"background-color":"var(--ast-global-color-4)","background-image":"","background-repeat":"repeat","background-position":"center center","background-size":"auto","background-attachment":"scroll","background-type":"","background-media":"","overlay-type":"","overlay-color":"","overlay-opacity":"","overlay-gradient":""},"tablet":{"background-color":"","background-image":"","background-repeat":"repeat","background-position":"center center","background-size":"auto","background-attachment":"scroll","background-type":"","background-media":"","overlay-type":"","overlay-color":"","overlay-opacity":"","overlay-gradient":""},"mobile":{"background-color":"","background-image":"","background-repeat":"repeat","background-position":"center center","background-size":"auto","background-attachment":"scroll","background-type":"","background-media":"","overlay-type":"","overlay-color":"","overlay-opacity":"","overlay-gradient":""}},"ast-content-background-meta":{"desktop":{"background-color":"var(--ast-global-color-5)","background-image":"","background-repeat":"repeat","background-position":"center center","background-size":"auto","background-attachment":"scroll","background-type":"","background-media":"","overlay-type":"","overlay-color":"","overlay-opacity":"","overlay-gradient":""},"tablet":{"background-color":"var(--ast-global-color-5)","background-image":"","background-repeat":"repeat","background-position":"center center","background-size":"auto","background-attachment":"scroll","background-type":"","background-media":"","overlay-type":"","overlay-color":"","overlay-opacity":"","overlay-gradient":""},"mobile":{"background-color":"var(--ast-global-color-5)","background-image":"","background-repeat":"repeat","background-position":"center center","background-size":"auto","background-attachment":"scroll","background-type":"","background-media":"","overlay-type":"","overlay-color":"","overlay-opacity":"","overlay-gradient":""}}},"product_brand":[],"product_cat":[36,255,33],"product_tag":[65,88,59,54,58,56],"class_list":{"0":"post-1466","1":"product","2":"type-product","3":"status-publish","4":"has-post-thumbnail","6":"product_cat-control-valves","7":"product_cat-pneumatic-control-valve","8":"product_cat-products","9":"product_tag-3-way-pneumatic-control-valve","10":"product_tag-3-way-pneumatic-control-valves","11":"product_tag-control-valves","12":"product_tag-pneumatic-control-valve","13":"product_tag-pneumatic-three-way-control-valve","14":"product_tag-valves","15":"desktop-align-center","16":"tablet-align-left","17":"mobile-align-left","19":"first","20":"instock","21":"shipping-taxable","22":"product-type-simple"},"_links":{"self":[{"href":"https:\/\/www.delcofluid.com\/es\/wp-json\/wp\/v2\/product\/1466","targetHints":{"allow":["GET"]}}],"collection":[{"href":"https:\/\/www.delcofluid.com\/es\/wp-json\/wp\/v2\/product"}],"about":[{"href":"https:\/\/www.delcofluid.com\/es\/wp-json\/wp\/v2\/types\/product"}],"version-history":[{"count":0,"href":"https:\/\/www.delcofluid.com\/es\/wp-json\/wp\/v2\/product\/1466\/revisions"}],"wp:featuredmedia":[{"embeddable":true,"href":"https:\/\/www.delcofluid.com\/es\/wp-json\/wp\/v2\/media\/6974"}],"wp:attachment":[{"href":"https:\/\/www.delcofluid.com\/es\/wp-json\/wp\/v2\/media?parent=1466"}],"wp:term":[{"taxonomy":"product_brand","embeddable":true,"href":"https:\/\/www.delcofluid.com\/es\/wp-json\/wp\/v2\/product_brand?post=1466"},{"taxonomy":"product_cat","embeddable":true,"href":"https:\/\/www.delcofluid.com\/es\/wp-json\/wp\/v2\/product_cat?post=1466"},{"taxonomy":"product_tag","embeddable":true,"href":"https:\/\/www.delcofluid.com\/es\/wp-json\/wp\/v2\/product_tag?post=1466"}],"curies":[{"name":"wp","href":"https:\/\/api.w.org\/{rel}","templated":true}]}}