{"id":2066,"date":"2024-03-19T06:52:15","date_gmt":"2024-03-19T06:52:15","guid":{"rendered":"https:\/\/www.delcofluid.com\/?post_type=product&#038;p=2066"},"modified":"2024-07-30T07:35:04","modified_gmt":"2024-07-30T06:35:04","slug":"electric-3-way-control-valve","status":"publish","type":"product","link":"https:\/\/www.delcofluid.com\/es\/producto\/electric-3-way-control-valve\/","title":{"rendered":"V\u00e1lvula de control el\u00e9ctrica de 3 v\u00edas DELCO - ZDLQ-X"},"content":{"rendered":"<div data-elementor-type=\"product-post\" data-elementor-id=\"2066\" class=\"elementor elementor-2066\" data-elementor-post-type=\"product\">\n\t\t\t\t<div class=\"elementor-element elementor-element-6fb59a60 e-flex e-con-boxed e-con e-parent\" data-id=\"6fb59a60\" data-element_type=\"container\" data-e-type=\"container\" data-settings=\"{&quot;ekit_has_onepagescroll_dot&quot;:&quot;yes&quot;}\">\n\t\t\t\t\t<div class=\"e-con-inner\">\n\t\t<div class=\"elementor-element elementor-element-b2e102c e-con-full e-flex e-con e-child\" data-id=\"b2e102c\" data-element_type=\"container\" data-e-type=\"container\" data-settings=\"{&quot;ekit_has_onepagescroll_dot&quot;:&quot;yes&quot;}\">\n\t\t\t\t<div class=\"elementor-element elementor-element-4c3cf80 elementor-widget elementor-widget-heading\" data-id=\"4c3cf80\" data-element_type=\"widget\" data-e-type=\"widget\" data-settings=\"{&quot;ekit_we_effect_on&quot;:&quot;none&quot;}\" data-widget_type=\"heading.default\">\n\t\t\t\t<div class=\"elementor-widget-container\">\n\t\t\t\t\t<h2 class=\"elementor-heading-title elementor-size-default\">Descripci\u00f3n<\/h2>\t\t\t\t<\/div>\n\t\t\t\t<\/div>\n\t\t\t\t<div class=\"elementor-element elementor-element-1af4cc68 elementor-widget__width-initial elementor-widget elementor-widget-text-editor\" data-id=\"1af4cc68\" data-element_type=\"widget\" data-e-type=\"widget\" data-settings=\"{&quot;ekit_we_effect_on&quot;:&quot;none&quot;}\" data-widget_type=\"text-editor.default\">\n\t\t\t\t<div class=\"elementor-widget-container\">\n\t\t\t\t\t\t\t\t\t<p>En el \u00e1mbito de los sistemas de control de fluidos, la v\u00e1lvula de control el\u00e9ctrica de 3 v\u00edas se destaca como la cumbre de la innovaci\u00f3n y la eficiencia. Estas v\u00e1lvulas, que combinan tecnolog\u00eda avanzada con ingenier\u00eda de precisi\u00f3n, ofrecen una versatilidad y un rendimiento incomparables en la regulaci\u00f3n del flujo de fluidos en diversos procesos industriales, sistemas de calefacci\u00f3n, ventilaci\u00f3n y aire acondicionado (HVAC) y otras aplicaciones.<\/p><p>En el coraz\u00f3n de la v\u00e1lvula de control el\u00e9ctrica de 3 v\u00edas se encuentra su actuador, que funciona con electricidad para posicionar con precisi\u00f3n el mecanismo interno de la v\u00e1lvula. Al ajustar la posici\u00f3n del actuador, la v\u00e1lvula puede dirigir el flujo de fluido a cualquiera de los tres puertos disponibles: entrada A, entrada B o el puerto com\u00fan. Esto permite que la v\u00e1lvula realice funciones como desviar el flujo entre dos sistemas diferentes, mezclar fluidos de dos fuentes diferentes o controlar el caudal a trav\u00e9s de una sola tuber\u00eda.<\/p>\t\t\t\t\t\t\t\t<\/div>\n\t\t\t\t<\/div>\n\t\t\t\t<\/div>\n\t\t\t\t<div class=\"elementor-element elementor-element-8e57110 elementor-widget elementor-widget-image\" data-id=\"8e57110\" data-element_type=\"widget\" data-e-type=\"widget\" data-settings=\"{&quot;ekit_we_effect_on&quot;:&quot;none&quot;}\" data-widget_type=\"image.default\">\n\t\t\t\t<div class=\"elementor-widget-container\">\n\t\t\t\t\t\t\t\t\t\t\t\t\t\t\t<img fetchpriority=\"high\" decoding=\"async\" width=\"1024\" height=\"1024\" src=\"https:\/\/www.delcofluid.com\/wp-content\/uploads\/2024\/03\/1-1-1024x1024.jpg\" class=\"attachment-large size-large wp-image-1796\" alt=\"DELCO 3 Way Pneumatics Control Valves\" srcset=\"https:\/\/www.delcofluid.com\/wp-content\/uploads\/2024\/03\/1-1-1024x1024.jpg 1024w, https:\/\/www.delcofluid.com\/wp-content\/uploads\/2024\/03\/1-1-300x300.jpg 300w, https:\/\/www.delcofluid.com\/wp-content\/uploads\/2024\/03\/1-1-100x100.jpg 100w, https:\/\/www.delcofluid.com\/wp-content\/uploads\/2024\/03\/1-1-600x600.jpg 600w, https:\/\/www.delcofluid.com\/wp-content\/uploads\/2024\/03\/1-1-150x150.jpg 150w, https:\/\/www.delcofluid.com\/wp-content\/uploads\/2024\/03\/1-1-768x768.jpg 768w, https:\/\/www.delcofluid.com\/wp-content\/uploads\/2024\/03\/1-1.jpg 1500w\" sizes=\"(max-width: 1024px) 100vw, 1024px\" \/>\t\t\t\t\t\t\t\t\t\t\t\t\t\t\t<\/div>\n\t\t\t\t<\/div>\n\t\t\t\t\t<\/div>\n\t\t\t\t<\/div>\n\t\t<div class=\"elementor-element elementor-element-a55eeda e-flex e-con-boxed e-con e-parent\" data-id=\"a55eeda\" data-element_type=\"container\" data-e-type=\"container\" data-settings=\"{&quot;background_background&quot;:&quot;classic&quot;,&quot;ekit_has_onepagescroll_dot&quot;:&quot;yes&quot;}\">\n\t\t\t\t\t<div class=\"e-con-inner\">\n\t\t\t\t<div class=\"elementor-element elementor-element-585e9d9 elementor-widget elementor-widget-heading\" data-id=\"585e9d9\" data-element_type=\"widget\" data-e-type=\"widget\" data-settings=\"{&quot;ekit_we_effect_on&quot;:&quot;none&quot;}\" data-widget_type=\"heading.default\">\n\t\t\t\t<div class=\"elementor-widget-container\">\n\t\t\t\t\t<h2 class=\"elementor-heading-title elementor-size-default\">Par\u00e1metros del actuador<\/h2>\t\t\t\t<\/div>\n\t\t\t\t<\/div>\n\t\t\t\t\t<\/div>\n\t\t\t\t<\/div>\n\t\t<div class=\"elementor-element elementor-element-74c72de e-con-full e-flex e-con e-parent\" data-id=\"74c72de\" data-element_type=\"container\" data-e-type=\"container\" data-settings=\"{&quot;ekit_has_onepagescroll_dot&quot;:&quot;yes&quot;}\">\n\t\t\t\t<div class=\"elementor-element elementor-element-41da561 elementor-widget elementor-widget-text-editor\" data-id=\"41da561\" data-element_type=\"widget\" data-e-type=\"widget\" data-settings=\"{&quot;ekit_we_effect_on&quot;:&quot;none&quot;}\" data-widget_type=\"text-editor.default\">\n\t\t\t\t<div class=\"elementor-widget-container\">\n\t\t\t\t\t\t\t\t\t<table width=\"1470\"><tbody><tr><td width=\"272\">No.<\/td><td width=\"406\">25<\/td><td width=\"72\">32<\/td><td width=\"72\">40<\/td><td width=\"72\">50<\/td><td width=\"72\">65<\/td><td width=\"72\">80<\/td><td width=\"72\">100<\/td><td width=\"72\">125<\/td><td width=\"72\">150<\/td><td width=\"72\">200<\/td><td width=\"72\">250<\/td><td width=\"72\">300<\/td><\/tr><tr><td width=\"272\">Di\u00e1metro del asiento mm<\/td><td width=\"406\">25<\/td><td width=\"72\">32<\/td><td width=\"72\">40<\/td><td width=\"72\">50<\/td><td width=\"72\">65<\/td><td width=\"72\">80<\/td><td width=\"72\">100<\/td><td width=\"72\">125<\/td><td width=\"72\">150<\/td><td width=\"72\">200<\/td><td width=\"72\">250<\/td><td width=\"72\">300<\/td><\/tr><tr><td width=\"272\">KV nominal<\/td><td width=\"406\">8.5<\/td><td width=\"72\">13<\/td><td width=\"72\">21<\/td><td width=\"72\">34<\/td><td width=\"72\">53<\/td><td width=\"72\">85<\/td><td width=\"72\">135<\/td><td width=\"72\">210<\/td><td width=\"72\">340<\/td><td width=\"72\">535<\/td><td width=\"72\">800<\/td><td width=\"72\">1280<\/td><\/tr><tr><td width=\"272\">Presi\u00f3n nominal (MPa)<\/td><td colspan=\"12\" width=\"1198\">1.6,2.5,4.0,6.4<\/td><\/tr><tr><td width=\"272\">Viaje (mm)<\/td><td colspan=\"2\" width=\"478\">16<\/td><td colspan=\"2\" width=\"144\">25<\/td><td colspan=\"3\" width=\"216\">40<\/td><td colspan=\"3\" width=\"216\">60<\/td><td colspan=\"2\" width=\"144\">100<\/td><\/tr><tr><td width=\"272\">Con modelo de actuador el\u00e9ctrico<\/td><td colspan=\"2\" width=\"478\">361LSA-20<\/td><td colspan=\"2\" width=\"144\">361LSB-30<\/td><td colspan=\"3\" width=\"216\">361LSB-50<\/td><td colspan=\"3\" width=\"216\">361LSB-65<\/td><td colspan=\"2\" width=\"144\">361LSB-99<\/td><\/tr><tr><td width=\"272\">Se\u00f1al de entrada<\/td><td colspan=\"12\" width=\"1198\">4-20 mA CC, 1-5 V CC<\/td><\/tr><tr><td width=\"272\">Fuente de alimentaci\u00f3n<\/td><td colspan=\"12\" width=\"1198\">CA 220 V 50 Hz<\/td><\/tr><tr><td width=\"272\">Las caracter\u00edsticas inherentes del flujo<\/td><td colspan=\"12\" width=\"1198\">Lineal, porcentaje igual, apertura r\u00e1pida<\/td><\/tr><tr><td width=\"272\">La relaci\u00f3n de modulaci\u00f3n inherente<\/td><td colspan=\"12\" width=\"1198\">30:01:00<\/td><\/tr><tr><td width=\"272\">La relaci\u00f3n de modulaci\u00f3n inherente<\/td><td colspan=\"12\" width=\"1198\">IV<\/td><\/tr><tr><td width=\"272\">Tama\u00f1o de brida<\/td><td colspan=\"12\" width=\"1198\">De acuerdo con JB\/79.1 (2) -94, HG20592-97, GB, ANSI, JIS, DIN y otras normas<\/td><\/tr><tr><td width=\"272\">Material del cuerpo<\/td><td colspan=\"12\" width=\"1198\">WCB, 304, 316, WC6, n\u00edquel, titanio, Hastelloy, Monel, etc.<\/td><\/tr><tr><td width=\"272\">Material de la v\u00e1lvula<\/td><td colspan=\"12\" width=\"1198\">304, 316, 420, n\u00edquel, titanio, Hastelloy, Monel, etc.<\/td><\/tr><tr><td width=\"272\">Temperatura de trabajo \u2103<\/td><td colspan=\"12\" width=\"1198\">-40~230<\/td><\/tr><tr><td width=\"272\">Tipo de serie<\/td><td colspan=\"12\" width=\"1198\">A temperatura ambiente, tipo temperatura media, tipo sello de fuelle<\/td><\/tr><\/tbody><\/table><p>\u00a0<\/p>\t\t\t\t\t\t\t\t<\/div>\n\t\t\t\t<\/div>\n\t\t\t\t<\/div>\n\t\t<div class=\"elementor-element elementor-element-daef6c8 e-flex e-con-boxed e-con e-parent\" data-id=\"daef6c8\" data-element_type=\"container\" data-e-type=\"container\" data-settings=\"{&quot;ekit_has_onepagescroll_dot&quot;:&quot;yes&quot;}\">\n\t\t\t\t\t<div class=\"e-con-inner\">\n\t\t\t\t<div class=\"elementor-element elementor-element-52ddb61 elementor-widget elementor-widget-heading\" data-id=\"52ddb61\" data-element_type=\"widget\" data-e-type=\"widget\" data-settings=\"{&quot;ekit_we_effect_on&quot;:&quot;none&quot;}\" data-widget_type=\"heading.default\">\n\t\t\t\t<div class=\"elementor-widget-container\">\n\t\t\t\t\t<h2 class=\"elementor-heading-title elementor-size-default\">Aplicaciones de v\u00e1lvulas de control el\u00e9ctricas de 3 v\u00edas<\/h2>\t\t\t\t<\/div>\n\t\t\t\t<\/div>\n\t\t\t\t<div class=\"elementor-element elementor-element-da5701e elementor-widget__width-initial elementor-widget elementor-widget-text-editor\" data-id=\"da5701e\" data-element_type=\"widget\" data-e-type=\"widget\" data-settings=\"{&quot;ekit_we_effect_on&quot;:&quot;none&quot;}\" data-widget_type=\"text-editor.default\">\n\t\t\t\t<div class=\"elementor-widget-container\">\n\t\t\t\t\t\t\t\t\t<p>La versatilidad de las v\u00e1lvulas de control el\u00e9ctricas de 3 v\u00edas las hace indispensables en una amplia gama de aplicaciones industriales y comerciales. Algunas aplicaciones comunes incluyen:<\/p>\t\t\t\t\t\t\t\t<\/div>\n\t\t\t\t<\/div>\n\t\t\t\t<div class=\"elementor-element elementor-element-e1e5066 elementor-widget__width-initial elementor-widget elementor-widget-text-editor\" data-id=\"e1e5066\" data-element_type=\"widget\" data-e-type=\"widget\" data-settings=\"{&quot;ekit_we_effect_on&quot;:&quot;none&quot;}\" data-widget_type=\"text-editor.default\">\n\t\t\t\t<div class=\"elementor-widget-container\">\n\t\t\t\t\t\t\t\t\t<ul><li><span style=\"color: #000000\"><strong>Sistemas HVAC:<\/strong><\/span> Estas v\u00e1lvulas se utilizan en sistemas de calefacci\u00f3n, ventilaci\u00f3n y aire acondicionado para controlar el flujo de agua fr\u00eda y caliente, garantizando una regulaci\u00f3n precisa de la temperatura en edificios e instalaciones.<\/li><li><strong><span style=\"color: #000000\">Control de procesos:<\/span> <\/strong>En procesos industriales como la fabricaci\u00f3n de productos qu\u00edmicos, la producci\u00f3n farmac\u00e9utica y el procesamiento de alimentos, las v\u00e1lvulas de control de tres v\u00edas desempe\u00f1an un papel vital en el control del flujo de l\u00edquidos, gases y vapor para lograr condiciones \u00f3ptimas del proceso y la calidad del producto.<\/li><li><strong><span style=\"color: #000000\">Tratamiento de agua:<\/span><\/strong> Las v\u00e1lvulas de control el\u00e9ctricas de tres v\u00edas se utilizan en plantas de tratamiento de agua para regular el flujo de productos qu\u00edmicos, controlar los niveles de pH y gestionar la mezcla de diferentes corrientes de agua con fines de purificaci\u00f3n y desinfecci\u00f3n.<\/li><li><strong><span style=\"color: #000000\">Sistemas de energ\u00eda renovable:<\/span><\/strong> En sistemas de energ\u00eda renovable, como plantas de energ\u00eda solar t\u00e9rmica y geot\u00e9rmica, estas v\u00e1lvulas ayudan a regular el flujo de fluidos de transferencia de calor para optimizar los procesos de captura y conversi\u00f3n de energ\u00eda.<\/li><\/ul>\t\t\t\t\t\t\t\t<\/div>\n\t\t\t\t<\/div>\n\t\t\t\t\t<\/div>\n\t\t\t\t<\/div>\n\t\t\t\t<\/div>","protected":false},"excerpt":{"rendered":"<p>La v\u00e1lvula de control el\u00e9ctrica de 3 v\u00edas es un componente sofisticado dise\u00f1ado para gestionar el flujo de fluidos desvi\u00e1ndolos o mezcl\u00e1ndolos a trav\u00e9s de tres v\u00edas diferentes. A diferencia de las v\u00e1lvulas tradicionales que suelen proporcionar un control binario de encendido y apagado, las v\u00e1lvulas de control de 3 v\u00edas permiten una modulaci\u00f3n precisa de los caudales y direcciones, lo que permite una mayor flexibilidad y optimizaci\u00f3n en los sistemas de gesti\u00f3n de fluidos.<\/p>\n<p>Se utilizan ampliamente para sistemas de control de producci\u00f3n autom\u00e1tico en industrias como la qu\u00edmica, el petr\u00f3leo, la industria ligera, las centrales el\u00e9ctricas y la metalurgia.<\/p>\n<p>El grupo DELCO tiene como objetivo proporcionar a nuestros clientes productos de la mejor calidad con los precios m\u00e1s competitivos, entrega a tiempo y un servicio de garant\u00eda total.<\/p>\n<p>Modelo: V\u00e1lvula de control el\u00e9ctrica de 3 v\u00edas<br \/>\nRango de tama\u00f1o: 1\/2\u201d a 12\u201d<br \/>\nRango de presi\u00f3n: 1,6 a 6,4 MPa<br \/>\nMaterial: Acero inoxidable 304\/316 o WCB<\/p>","protected":false},"featured_media":6979,"template":"","meta":{"site-sidebar-layout":"default","site-content-layout":"","ast-site-content-layout":"default","site-content-style":"default","site-sidebar-style":"default","ast-global-header-display":"","ast-banner-title-visibility":"","ast-main-header-display":"","ast-hfb-above-header-display":"","ast-hfb-below-header-display":"","ast-hfb-mobile-header-display":"","site-post-title":"","ast-breadcrumbs-content":"","ast-featured-img":"","footer-sml-layout":"","ast-disable-related-posts":"","theme-transparent-header-meta":"default","adv-header-id-meta":"","stick-header-meta":"","header-above-stick-meta":"","header-main-stick-meta":"","header-below-stick-meta":"","astra-migrate-meta-layouts":"set","ast-page-background-enabled":"default","ast-page-background-meta":{"desktop":{"background-color":"var(--ast-global-color-4)","background-image":"","background-repeat":"repeat","background-position":"center center","background-size":"auto","background-attachment":"scroll","background-type":"","background-media":"","overlay-type":"","overlay-color":"","overlay-opacity":"","overlay-gradient":""},"tablet":{"background-color":"","background-image":"","background-repeat":"repeat","background-position":"center center","background-size":"auto","background-attachment":"scroll","background-type":"","background-media":"","overlay-type":"","overlay-color":"","overlay-opacity":"","overlay-gradient":""},"mobile":{"background-color":"","background-image":"","background-repeat":"repeat","background-position":"center center","background-size":"auto","background-attachment":"scroll","background-type":"","background-media":"","overlay-type":"","overlay-color":"","overlay-opacity":"","overlay-gradient":""}},"ast-content-background-meta":{"desktop":{"background-color":"var(--ast-global-color-5)","background-image":"","background-repeat":"repeat","background-position":"center center","background-size":"auto","background-attachment":"scroll","background-type":"","background-media":"","overlay-type":"","overlay-color":"","overlay-opacity":"","overlay-gradient":""},"tablet":{"background-color":"var(--ast-global-color-5)","background-image":"","background-repeat":"repeat","background-position":"center center","background-size":"auto","background-attachment":"scroll","background-type":"","background-media":"","overlay-type":"","overlay-color":"","overlay-opacity":"","overlay-gradient":""},"mobile":{"background-color":"var(--ast-global-color-5)","background-image":"","background-repeat":"repeat","background-position":"center center","background-size":"auto","background-attachment":"scroll","background-type":"","background-media":"","overlay-type":"","overlay-color":"","overlay-opacity":"","overlay-gradient":""}}},"product_brand":[],"product_cat":[36,256,33],"product_tag":[67,55,59,135,133,54,56],"class_list":{"0":"post-2066","1":"product","2":"type-product","3":"status-publish","4":"has-post-thumbnail","6":"product_cat-control-valves","7":"product_cat-electric-control-valve","8":"product_cat-products","9":"product_tag-3-way-control-valve","10":"product_tag-control-valve","11":"product_tag-control-valves","12":"product_tag-electric-3-way-control-valve","13":"product_tag-electric-control-valve","14":"product_tag-pneumatic-control-valve","15":"product_tag-valves","16":"desktop-align-center","17":"tablet-align-left","18":"mobile-align-left","20":"first","21":"instock","22":"shipping-taxable","23":"product-type-simple"},"_links":{"self":[{"href":"https:\/\/www.delcofluid.com\/es\/wp-json\/wp\/v2\/product\/2066","targetHints":{"allow":["GET"]}}],"collection":[{"href":"https:\/\/www.delcofluid.com\/es\/wp-json\/wp\/v2\/product"}],"about":[{"href":"https:\/\/www.delcofluid.com\/es\/wp-json\/wp\/v2\/types\/product"}],"version-history":[{"count":0,"href":"https:\/\/www.delcofluid.com\/es\/wp-json\/wp\/v2\/product\/2066\/revisions"}],"wp:featuredmedia":[{"embeddable":true,"href":"https:\/\/www.delcofluid.com\/es\/wp-json\/wp\/v2\/media\/6979"}],"wp:attachment":[{"href":"https:\/\/www.delcofluid.com\/es\/wp-json\/wp\/v2\/media?parent=2066"}],"wp:term":[{"taxonomy":"product_brand","embeddable":true,"href":"https:\/\/www.delcofluid.com\/es\/wp-json\/wp\/v2\/product_brand?post=2066"},{"taxonomy":"product_cat","embeddable":true,"href":"https:\/\/www.delcofluid.com\/es\/wp-json\/wp\/v2\/product_cat?post=2066"},{"taxonomy":"product_tag","embeddable":true,"href":"https:\/\/www.delcofluid.com\/es\/wp-json\/wp\/v2\/product_tag?post=2066"}],"curies":[{"name":"wp","href":"https:\/\/api.w.org\/{rel}","templated":true}]}}