{"id":2117,"date":"2024-03-20T01:30:16","date_gmt":"2024-03-20T01:30:16","guid":{"rendered":"https:\/\/www.delcofluid.com\/?post_type=product&#038;p=2117"},"modified":"2024-11-27T12:38:43","modified_gmt":"2024-11-27T12:38:43","slug":"self-operated-nitrogen-sealing-valve-zzyvp","status":"publish","type":"product","link":"https:\/\/www.delcofluid.com\/es\/producto\/self-operated-nitrogen-sealing-valve-zzyvp\/","title":{"rendered":"V\u00e1lvula de control de sellado de nitr\u00f3geno autooperada -ZZYVP-16"},"content":{"rendered":"<div data-elementor-type=\"product-post\" data-elementor-id=\"2117\" class=\"elementor elementor-2117\" data-elementor-post-type=\"product\">\n\t\t\t\t<div class=\"elementor-element elementor-element-6fb59a60 e-flex e-con-boxed e-con e-parent\" data-id=\"6fb59a60\" data-element_type=\"container\" data-e-type=\"container\" data-settings=\"{&quot;ekit_has_onepagescroll_dot&quot;:&quot;yes&quot;}\">\n\t\t\t\t\t<div class=\"e-con-inner\">\n\t\t<div class=\"elementor-element elementor-element-b2e102c e-con-full e-flex e-con e-child\" data-id=\"b2e102c\" data-element_type=\"container\" data-e-type=\"container\" data-settings=\"{&quot;ekit_has_onepagescroll_dot&quot;:&quot;yes&quot;}\">\n\t\t\t\t<div class=\"elementor-element elementor-element-4c3cf80 elementor-widget elementor-widget-heading\" data-id=\"4c3cf80\" data-element_type=\"widget\" data-e-type=\"widget\" data-settings=\"{&quot;ekit_we_effect_on&quot;:&quot;none&quot;}\" data-widget_type=\"heading.default\">\n\t\t\t\t<div class=\"elementor-widget-container\">\n\t\t\t\t\t<h2 class=\"elementor-heading-title elementor-size-default\">Descripci\u00f3n<\/h2>\t\t\t\t<\/div>\n\t\t\t\t<\/div>\n\t\t\t\t<div class=\"elementor-element elementor-element-1af4cc68 elementor-widget__width-initial elementor-widget elementor-widget-text-editor\" data-id=\"1af4cc68\" data-element_type=\"widget\" data-e-type=\"widget\" data-settings=\"{&quot;ekit_we_effect_on&quot;:&quot;none&quot;}\" data-widget_type=\"text-editor.default\">\n\t\t\t\t<div class=\"elementor-widget-container\">\n\t\t\t\t\t\t\t\t\t<p>La v\u00e1lvula de sellado de nitr\u00f3geno autooperada se utiliza principalmente para el control constante de la presi\u00f3n de nitr\u00f3geno en la parte superior del tanque de almacenamiento para proteger los materiales dentro del tanque de ser nitrurados y garantizar la seguridad del tanque de almacenamiento, la v\u00e1lvula reguladora de presi\u00f3n con un controlador consta de dos partes principales: una v\u00e1lvula de liberaci\u00f3n r\u00e1pida y una microv\u00e1lvula reguladora de presi\u00f3n autooperada. La v\u00e1lvula de liberaci\u00f3n r\u00e1pida consta de un controlador de presi\u00f3n y una v\u00e1lvula de cierre de un solo asiento.<br \/>Principio de funcionamiento: Cuando la presi\u00f3n dentro del tanque de almacenamiento aumenta hasta la presi\u00f3n establecida, la v\u00e1lvula de liberaci\u00f3n r\u00e1pida se abre r\u00e1pidamente para liberar el exceso de presi\u00f3n dentro del tanque. Cuando la presi\u00f3n dentro del tanque de almacenamiento disminuye, la v\u00e1lvula de regulaci\u00f3n de micro presi\u00f3n se abre y llena el tanque con gas nitr\u00f3geno debido al hecho de que la v\u00e1lvula de regulaci\u00f3n de micro presi\u00f3n debe reutilizarse a una presi\u00f3n inferior a 0 kPa y la presi\u00f3n en el sitio es alta. Se debe instalar una v\u00e1lvula reguladora de presi\u00f3n para reducir la presi\u00f3n por debajo de 0 kPa antes de que pueda usarse. La presi\u00f3n nominal es 0 kPa y la presi\u00f3n se puede ajustar en etapas, que van desde 0 kPa hasta menos de 66 kPa. La temperatura media es de 80 \u201dC.<\/p>\t\t\t\t\t\t\t\t<\/div>\n\t\t\t\t<\/div>\n\t\t\t\t<\/div>\n\t\t\t\t<div class=\"elementor-element elementor-element-8e57110 elementor-widget elementor-widget-image\" data-id=\"8e57110\" data-element_type=\"widget\" data-e-type=\"widget\" data-settings=\"{&quot;ekit_we_effect_on&quot;:&quot;none&quot;}\" data-widget_type=\"image.default\">\n\t\t\t\t<div class=\"elementor-widget-container\">\n\t\t\t\t\t\t\t\t\t\t\t\t\t\t\t<img fetchpriority=\"high\" decoding=\"async\" width=\"1024\" height=\"620\" src=\"https:\/\/www.delcofluid.com\/wp-content\/uploads\/2024\/03\/z4-1-1024x620.jpg\" class=\"attachment-large size-large wp-image-2122\" alt=\"Self-Operated Nitrogen Sealing Control Valve\" srcset=\"https:\/\/www.delcofluid.com\/wp-content\/uploads\/2024\/03\/z4-1-1024x620.jpg 1024w, https:\/\/www.delcofluid.com\/wp-content\/uploads\/2024\/03\/z4-1-600x363.jpg 600w, https:\/\/www.delcofluid.com\/wp-content\/uploads\/2024\/03\/z4-1-300x182.jpg 300w, https:\/\/www.delcofluid.com\/wp-content\/uploads\/2024\/03\/z4-1-768x465.jpg 768w, https:\/\/www.delcofluid.com\/wp-content\/uploads\/2024\/03\/z4-1.jpg 1500w\" sizes=\"(max-width: 1024px) 100vw, 1024px\" \/>\t\t\t\t\t\t\t\t\t\t\t\t\t\t\t<\/div>\n\t\t\t\t<\/div>\n\t\t\t\t\t<\/div>\n\t\t\t\t<\/div>\n\t\t<div class=\"elementor-element elementor-element-a55eeda e-flex e-con-boxed e-con e-parent\" data-id=\"a55eeda\" data-element_type=\"container\" data-e-type=\"container\" data-settings=\"{&quot;background_background&quot;:&quot;classic&quot;,&quot;ekit_has_onepagescroll_dot&quot;:&quot;yes&quot;}\">\n\t\t\t\t\t<div class=\"e-con-inner\">\n\t\t\t\t<div class=\"elementor-element elementor-element-585e9d9 elementor-widget elementor-widget-heading\" data-id=\"585e9d9\" data-element_type=\"widget\" data-e-type=\"widget\" data-settings=\"{&quot;ekit_we_effect_on&quot;:&quot;none&quot;}\" data-widget_type=\"heading.default\">\n\t\t\t\t<div class=\"elementor-widget-container\">\n\t\t\t\t\t<h2 class=\"elementor-heading-title elementor-size-default\">Par\u00e1metros t\u00e9cnicos<\/h2>\t\t\t\t<\/div>\n\t\t\t\t<\/div>\n\t\t\t\t\t<\/div>\n\t\t\t\t<\/div>\n\t\t<div class=\"elementor-element elementor-element-3414eb9 e-flex e-con-boxed e-con e-parent\" data-id=\"3414eb9\" data-element_type=\"container\" data-e-type=\"container\" data-settings=\"{&quot;background_background&quot;:&quot;classic&quot;,&quot;ekit_has_onepagescroll_dot&quot;:&quot;yes&quot;}\">\n\t\t\t\t\t<div class=\"e-con-inner\">\n\t\t\t\t<div class=\"elementor-element elementor-element-13df62f elementor-widget__width-initial elementor-widget elementor-widget-text-editor\" data-id=\"13df62f\" data-element_type=\"widget\" data-e-type=\"widget\" data-settings=\"{&quot;ekit_we_effect_on&quot;:&quot;none&quot;}\" data-widget_type=\"text-editor.default\">\n\t\t\t\t<div class=\"elementor-widget-container\">\n\t\t\t\t\t\t\t\t\t<table width=\"921\"><tbody><tr><td width=\"72\">Di\u00e1metro interior (mm)<\/td><td width=\"72\">Di\u00e1metro del asiento (mm)<\/td><td width=\"86\">Coeficiente de caudal nominal Kv<\/td><td width=\"94\">Rango de regulaci\u00f3n de presi\u00f3n KPa<\/td><td width=\"91\">Presi\u00f3n nominal PN (MPa).<\/td><td width=\"109\">Temperatura del medio a ajustar (\u00b0C)<\/td><td width=\"96\">Caracter\u00edsticas del flujo<\/td><td width=\"72\">Precisi\u00f3n de ajuste (%)<\/td><td width=\"120\">\u00c1rea efectiva del actuador (cm2).<\/td><td width=\"109\">Interfaz del tubo de presi\u00f3n<\/td><\/tr><tr><td rowspan=\"3\" width=\"72\">20<\/td><td width=\"72\">6<\/td><td width=\"86\">0.32<\/td><td rowspan=\"13\" width=\"94\">0,2 \uff5e 0,5\u3001<br \/>0,5 \uff5e 1,5\u3001<br \/>1\uff5e3\u3001<br \/>4.0\uff5e10<\/td><td rowspan=\"13\" width=\"91\">1.6\u30012.5<\/td><td rowspan=\"13\" width=\"109\">-5\uff5e+75<\/td><td rowspan=\"13\" width=\"96\">Apres\u00farate<\/td><td rowspan=\"13\" width=\"72\">\u2264\u00b15<\/td><td rowspan=\"5\" width=\"120\">200<\/td><td rowspan=\"13\" width=\"109\">M16\u00d71,5<\/td><\/tr><tr><td width=\"72\">15<\/td><td width=\"86\">5<\/td><\/tr><tr><td width=\"72\">20<\/td><td width=\"86\">8<\/td><\/tr><tr><td width=\"72\">25<\/td><td width=\"72\">25<\/td><td width=\"86\">11<\/td><\/tr><tr><td rowspan=\"3\" width=\"72\">40<\/td><td rowspan=\"2\" width=\"72\">32<\/td><td rowspan=\"2\" width=\"86\">20<\/td><\/tr><tr><td rowspan=\"3\" width=\"120\">280<\/td><\/tr><tr><td width=\"72\">40<\/td><td width=\"86\">30<\/td><\/tr><tr><td width=\"72\">50<\/td><td width=\"72\">50<\/td><td width=\"86\">48<\/td><\/tr><tr><td rowspan=\"2\" width=\"72\">80<\/td><td width=\"72\">65<\/td><td width=\"86\">75<\/td><td rowspan=\"3\" width=\"120\">400<\/td><\/tr><tr><td width=\"72\">80<\/td><td width=\"86\">120<\/td><\/tr><tr><td width=\"72\">100<\/td><td width=\"72\">100<\/td><td width=\"86\">190<\/td><\/tr><tr><td rowspan=\"2\" width=\"72\">150<\/td><td width=\"72\">125<\/td><td width=\"86\">300<\/td><td rowspan=\"2\" width=\"120\">600<\/td><\/tr><tr><td width=\"72\">150<\/td><td width=\"86\">480<\/td><\/tr><\/tbody><\/table>\t\t\t\t\t\t\t\t<\/div>\n\t\t\t\t<\/div>\n\t\t\t\t\t<\/div>\n\t\t\t\t<\/div>\n\t\t<div class=\"elementor-element elementor-element-daef6c8 e-flex e-con-boxed e-con e-parent\" data-id=\"daef6c8\" data-element_type=\"container\" data-e-type=\"container\" data-settings=\"{&quot;ekit_has_onepagescroll_dot&quot;:&quot;yes&quot;}\">\n\t\t\t\t\t<div class=\"e-con-inner\">\n\t\t\t\t<div class=\"elementor-element elementor-element-52ddb61 elementor-widget elementor-widget-heading\" data-id=\"52ddb61\" data-element_type=\"widget\" data-e-type=\"widget\" data-settings=\"{&quot;ekit_we_effect_on&quot;:&quot;none&quot;}\" data-widget_type=\"heading.default\">\n\t\t\t\t<div class=\"elementor-widget-container\">\n\t\t\t\t\t<h2 class=\"elementor-heading-title elementor-size-default\">V\u00e1lvula de sellado de nitr\u00f3geno de funcionamiento autom\u00e1tico<\/h2>\t\t\t\t<\/div>\n\t\t\t\t<\/div>\n\t\t\t\t<div class=\"elementor-element elementor-element-e1e5066 elementor-widget__width-initial elementor-widget elementor-widget-text-editor\" data-id=\"e1e5066\" data-element_type=\"widget\" data-e-type=\"widget\" data-settings=\"{&quot;ekit_we_effect_on&quot;:&quot;none&quot;}\" data-widget_type=\"text-editor.default\">\n\t\t\t\t<div class=\"elementor-widget-container\">\n\t\t\t\t\t\t\t\t\t<ul><li><p><strong>\u00a0Aplicaciones de v\u00e1lvulas de sellado de nitr\u00f3geno autooperadas:<\/strong><\/p><p>La versatilidad y confiabilidad de las v\u00e1lvulas de sellado de nitr\u00f3geno autooperadas las hacen indispensables en una variedad de aplicaciones industriales. Algunas aplicaciones comunes incluyen:<\/p><ul><li><p>Procesamiento qu\u00edmico: En las plantas de fabricaci\u00f3n y procesamiento de productos qu\u00edmicos, se utilizan v\u00e1lvulas de sellado de nitr\u00f3geno aut\u00f3nomas para crear atm\u00f3sferas inertes en tanques de almacenamiento, reactores y otros equipos, evitando la oxidaci\u00f3n, la contaminaci\u00f3n y las reacciones peligrosas.<\/p><\/li><li><p>Producci\u00f3n de alimentos y bebidas: En la industria de alimentos y bebidas, estas v\u00e1lvulas se emplean para mantener una capa de nitr\u00f3geno sobre los productos l\u00edquidos durante el almacenamiento y el envasado, evitando el deterioro, la oxidaci\u00f3n y el crecimiento microbiano.<\/p><\/li><li><p>Fabricaci\u00f3n farmac\u00e9utica: En las instalaciones de producci\u00f3n farmac\u00e9utica, se utilizan v\u00e1lvulas de sellado de nitr\u00f3geno aut\u00f3nomas para crear entornos est\u00e9riles en equipos de procesamiento y recipientes de almacenamiento, lo que garantiza la pureza y la estabilidad del producto.<\/p><\/li><li><p>Fabricaci\u00f3n de productos electr\u00f3nicos: en la fabricaci\u00f3n de semiconductores y productos electr\u00f3nicos, estas v\u00e1lvulas desempe\u00f1an un papel fundamental a la hora de evitar la entrada de humedad y ox\u00edgeno durante los procesos de ensamblaje y empaquetado, protegiendo as\u00ed los componentes y dispositivos electr\u00f3nicos sensibles.<\/p><\/li><\/ul><\/li><\/ul>\t\t\t\t\t\t\t\t<\/div>\n\t\t\t\t<\/div>\n\t\t\t\t<div class=\"elementor-element elementor-element-a3d6cd0 elementor-widget__width-initial elementor-widget elementor-widget-text-editor\" data-id=\"a3d6cd0\" data-element_type=\"widget\" data-e-type=\"widget\" data-settings=\"{&quot;ekit_we_effect_on&quot;:&quot;none&quot;}\" data-widget_type=\"text-editor.default\">\n\t\t\t\t<div class=\"elementor-widget-container\">\n\t\t\t\t\t\t\t\t\t<ul><li><p><strong>\u00a0Ventajas de las v\u00e1lvulas de sellado de nitr\u00f3geno autooperadas:<\/strong><\/p><ul><li><p>Operaci\u00f3n aut\u00f3noma: Las v\u00e1lvulas de sellado de nitr\u00f3geno aut\u00f3nomas no requieren fuentes de energ\u00eda externas ni sistemas de control complejos, y dependen \u00fanicamente de la presi\u00f3n del propio gas nitr\u00f3geno para regular los caudales y mantener la presi\u00f3n del sello, lo que reduce la dependencia de la infraestructura externa y mejora la confiabilidad del sistema.<\/p><\/li><li><p>Eficiencia: Al ajustar autom\u00e1ticamente los caudales en respuesta a los cambios en la presi\u00f3n del sello, estas v\u00e1lvulas ayudan a optimizar el uso de nitr\u00f3geno y a reducir los costos operativos en aplicaciones de sellado, mejorando la eficiencia y la sostenibilidad.<\/p><\/li><li><p>Confiabilidad: Con su dise\u00f1o robusto y mecanismo de autorregulaci\u00f3n, las v\u00e1lvulas de sellado de nitr\u00f3geno aut\u00f3nomas ofrecen un rendimiento confiable en una amplia gama de condiciones de operaci\u00f3n, lo que garantiza una presi\u00f3n de sellado constante y la integridad del sistema.<\/p><\/li><li><p>Flexibilidad: Las v\u00e1lvulas de sellado de nitr\u00f3geno aut\u00f3nomas son altamente adaptables y se pueden personalizar para cumplir con los requisitos espec\u00edficos de diferentes aplicaciones, lo que las hace adecuadas para una variedad de tareas de sellado en diferentes industrias.<\/p><\/li><\/ul><\/li><\/ul>\t\t\t\t\t\t\t\t<\/div>\n\t\t\t\t<\/div>\n\t\t\t\t<div class=\"elementor-element elementor-element-0b33c82 elementor-widget__width-initial elementor-widget elementor-widget-text-editor\" data-id=\"0b33c82\" data-element_type=\"widget\" data-e-type=\"widget\" data-settings=\"{&quot;ekit_we_effect_on&quot;:&quot;none&quot;}\" data-widget_type=\"text-editor.default\">\n\t\t\t\t<div class=\"elementor-widget-container\">\n\t\t\t\t\t\t\t\t\t<p>Las v\u00e1lvulas de sellado de nitr\u00f3geno autooperadas representan un avance significativo en la tecnolog\u00eda de sellado, ya que ofrecen un control aut\u00f3nomo y eficiente de la presi\u00f3n de sellado en procesos industriales. Con su exclusivo mecanismo de autorregulaci\u00f3n y confiabilidad, estas v\u00e1lvulas brindan mayor seguridad, integridad y eficiencia en aplicaciones de sellado en diversas industrias. A medida que la tecnolog\u00eda contin\u00faa evolucionando, las v\u00e1lvulas de sellado de nitr\u00f3geno autooperadas seguir\u00e1n estando a la vanguardia de la innovaci\u00f3n en sellado, impulsando la eficiencia, la confiabilidad y el rendimiento en los procesos industriales en todo el mundo.<\/p>\t\t\t\t\t\t\t\t<\/div>\n\t\t\t\t<\/div>\n\t\t\t\t\t<\/div>\n\t\t\t\t<\/div>\n\t\t\t\t<\/div>","protected":false},"excerpt":{"rendered":"<p>El tipo de control ZZYVP opera la v\u00e1lvula reguladora de presi\u00f3n autooperada (v\u00e1lvula de sellado de nitr\u00f3geno), que es una v\u00e1lvula reguladora de presi\u00f3n que ahorra energ\u00eda y que puede ajustar y estabilizar autom\u00e1ticamente la presi\u00f3n detr\u00e1s de la v\u00e1lvula a un valor establecido utilizando el cambio de presi\u00f3n del medio regulado en s\u00ed mismo sin energ\u00eda externa. El ajuste de presi\u00f3n de la v\u00e1lvula se realiza en el control, lo cual es conveniente y r\u00e1pido, y el valor de ajuste de presi\u00f3n se puede ajustar a voluntad durante el funcionamiento; la precisi\u00f3n de control es alta, que es el doble de alta que la de la v\u00e1lvula reguladora de presi\u00f3n autooperada ordinaria de operaci\u00f3n directa, y es adecuada para ocasiones con altos requisitos de precisi\u00f3n de control. Se usa ampliamente en los sectores qu\u00edmico, petrolero, metal\u00fargico, de energ\u00eda el\u00e9ctrica, textil y otros sectores industriales como regulaci\u00f3n autom\u00e1tica del proceso de producci\u00f3n.<\/p>\n<p><strong>Modelo: <\/strong>V\u00e1lvula de control de sellado de nitr\u00f3geno de funcionamiento autom\u00e1tico<\/p>\n<p><strong>Rango de tallas:<\/strong> 1\/2&#8221;~12&#8242;<\/p>\n<p><strong>Rango de presi\u00f3n:<\/strong>1.6~6.4<\/p>\n<p><strong>Material:<\/strong> WCB, acero inoxidable 304\/306<\/p>","protected":false},"featured_media":6989,"template":"","meta":{"site-sidebar-layout":"default","site-content-layout":"","ast-site-content-layout":"default","site-content-style":"default","site-sidebar-style":"default","ast-global-header-display":"","ast-banner-title-visibility":"","ast-main-header-display":"","ast-hfb-above-header-display":"","ast-hfb-below-header-display":"","ast-hfb-mobile-header-display":"","site-post-title":"","ast-breadcrumbs-content":"","ast-featured-img":"","footer-sml-layout":"","ast-disable-related-posts":"","theme-transparent-header-meta":"default","adv-header-id-meta":"","stick-header-meta":"","header-above-stick-meta":"","header-main-stick-meta":"","header-below-stick-meta":"","astra-migrate-meta-layouts":"set","ast-page-background-enabled":"default","ast-page-background-meta":{"desktop":{"background-color":"var(--ast-global-color-4)","background-image":"","background-repeat":"repeat","background-position":"center center","background-size":"auto","background-attachment":"scroll","background-type":"","background-media":"","overlay-type":"","overlay-color":"","overlay-opacity":"","overlay-gradient":""},"tablet":{"background-color":"","background-image":"","background-repeat":"repeat","background-position":"center center","background-size":"auto","background-attachment":"scroll","background-type":"","background-media":"","overlay-type":"","overlay-color":"","overlay-opacity":"","overlay-gradient":""},"mobile":{"background-color":"","background-image":"","background-repeat":"repeat","background-position":"center center","background-size":"auto","background-attachment":"scroll","background-type":"","background-media":"","overlay-type":"","overlay-color":"","overlay-opacity":"","overlay-gradient":""}},"ast-content-background-meta":{"desktop":{"background-color":"var(--ast-global-color-5)","background-image":"","background-repeat":"repeat","background-position":"center center","background-size":"auto","background-attachment":"scroll","background-type":"","background-media":"","overlay-type":"","overlay-color":"","overlay-opacity":"","overlay-gradient":""},"tablet":{"background-color":"var(--ast-global-color-5)","background-image":"","background-repeat":"repeat","background-position":"center center","background-size":"auto","background-attachment":"scroll","background-type":"","background-media":"","overlay-type":"","overlay-color":"","overlay-opacity":"","overlay-gradient":""},"mobile":{"background-color":"var(--ast-global-color-5)","background-image":"","background-repeat":"repeat","background-position":"center center","background-size":"auto","background-attachment":"scroll","background-type":"","background-media":"","overlay-type":"","overlay-color":"","overlay-opacity":"","overlay-gradient":""}}},"product_brand":[],"product_cat":[36,33,934],"product_tag":[55,59,84,85,74,73],"class_list":{"0":"post-2117","1":"product","2":"type-product","3":"status-publish","4":"has-post-thumbnail","6":"product_cat-control-valves","7":"product_cat-products","8":"product_cat-self-opereted-control-valve","9":"product_tag-control-valve","10":"product_tag-control-valves","11":"product_tag-self-operated-nitrogen-sealing-control-valve","12":"product_tag-self-operated-nitrogen-sealing-control-valves","13":"product_tag-self-operated-nitrogen-sealing-valve","14":"product_tag-valve","15":"desktop-align-center","16":"tablet-align-left","17":"mobile-align-left","19":"first","20":"instock","21":"shipping-taxable","22":"product-type-simple"},"_links":{"self":[{"href":"https:\/\/www.delcofluid.com\/es\/wp-json\/wp\/v2\/product\/2117","targetHints":{"allow":["GET"]}}],"collection":[{"href":"https:\/\/www.delcofluid.com\/es\/wp-json\/wp\/v2\/product"}],"about":[{"href":"https:\/\/www.delcofluid.com\/es\/wp-json\/wp\/v2\/types\/product"}],"version-history":[{"count":0,"href":"https:\/\/www.delcofluid.com\/es\/wp-json\/wp\/v2\/product\/2117\/revisions"}],"wp:featuredmedia":[{"embeddable":true,"href":"https:\/\/www.delcofluid.com\/es\/wp-json\/wp\/v2\/media\/6989"}],"wp:attachment":[{"href":"https:\/\/www.delcofluid.com\/es\/wp-json\/wp\/v2\/media?parent=2117"}],"wp:term":[{"taxonomy":"product_brand","embeddable":true,"href":"https:\/\/www.delcofluid.com\/es\/wp-json\/wp\/v2\/product_brand?post=2117"},{"taxonomy":"product_cat","embeddable":true,"href":"https:\/\/www.delcofluid.com\/es\/wp-json\/wp\/v2\/product_cat?post=2117"},{"taxonomy":"product_tag","embeddable":true,"href":"https:\/\/www.delcofluid.com\/es\/wp-json\/wp\/v2\/product_tag?post=2117"}],"curies":[{"name":"wp","href":"https:\/\/api.w.org\/{rel}","templated":true}]}}