{"id":2150,"date":"2024-03-20T05:44:12","date_gmt":"2024-03-20T05:44:12","guid":{"rendered":"https:\/\/www.delcofluid.com\/?post_type=product&#038;p=2150"},"modified":"2024-08-05T08:35:15","modified_gmt":"2024-08-05T07:35:15","slug":"pneumatic-actuator-knife-gate-valve","status":"publish","type":"product","link":"https:\/\/www.delcofluid.com\/es\/producto\/pneumatic-actuator-knife-gate-valve\/","title":{"rendered":"V\u00e1lvula de compuerta con cuchilla con actuador neum\u00e1tico DELCO"},"content":{"rendered":"<div data-elementor-type=\"product-post\" data-elementor-id=\"2150\" class=\"elementor elementor-2150\" data-elementor-post-type=\"product\">\n\t\t\t\t<div class=\"elementor-element elementor-element-6fb59a60 e-flex e-con-boxed e-con e-parent\" data-id=\"6fb59a60\" data-element_type=\"container\" data-e-type=\"container\" data-settings=\"{&quot;ekit_has_onepagescroll_dot&quot;:&quot;yes&quot;}\">\n\t\t\t\t\t<div class=\"e-con-inner\">\n\t\t<div class=\"elementor-element elementor-element-b2e102c e-con-full e-flex e-con e-child\" data-id=\"b2e102c\" data-element_type=\"container\" data-e-type=\"container\" data-settings=\"{&quot;ekit_has_onepagescroll_dot&quot;:&quot;yes&quot;}\">\n\t\t\t\t<div class=\"elementor-element elementor-element-4c3cf80 elementor-widget elementor-widget-heading\" data-id=\"4c3cf80\" data-element_type=\"widget\" data-e-type=\"widget\" data-settings=\"{&quot;ekit_we_effect_on&quot;:&quot;none&quot;}\" data-widget_type=\"heading.default\">\n\t\t\t\t<div class=\"elementor-widget-container\">\n\t\t\t\t\t<h2 class=\"elementor-heading-title elementor-size-default\">Descripci\u00f3n<\/h2>\t\t\t\t<\/div>\n\t\t\t\t<\/div>\n\t\t\t\t<div class=\"elementor-element elementor-element-1af4cc68 elementor-widget__width-initial elementor-widget elementor-widget-text-editor\" data-id=\"1af4cc68\" data-element_type=\"widget\" data-e-type=\"widget\" data-settings=\"{&quot;ekit_we_effect_on&quot;:&quot;none&quot;}\" data-widget_type=\"text-editor.default\">\n\t\t\t\t<div class=\"elementor-widget-container\">\n\t\t\t\t\t\t\t\t\t<p>Una v\u00e1lvula de compuerta de cuchilla neum\u00e1tica consta de una compuerta delgada que corta el medio, accionada por un actuador neum\u00e1tico. El dise\u00f1o es sencillo pero eficaz, y cuenta con una compuerta de borde afilado que puede cortar lodos pesados, sustancias pastosas e incluso materiales s\u00f3lidos que forman parte del medio que fluye. Esta capacidad de manipular materiales de flujo dif\u00edciles sin obstrucciones ni atascos la distingue de otros tipos de v\u00e1lvulas.<\/p>\t\t\t\t\t\t\t\t<\/div>\n\t\t\t\t<\/div>\n\t\t\t\t<div class=\"elementor-element elementor-element-0c679dd elementor-widget__width-initial elementor-widget elementor-widget-text-editor\" data-id=\"0c679dd\" data-element_type=\"widget\" data-e-type=\"widget\" data-settings=\"{&quot;ekit_we_effect_on&quot;:&quot;none&quot;}\" data-widget_type=\"text-editor.default\">\n\t\t\t\t<div class=\"elementor-widget-container\">\n\t\t\t\t\t\t\t\t\t<p>El actuador neum\u00e1tico, que puede ser de doble efecto (aire para abrir, aire para cerrar) o de efecto simple con retorno por resorte, proporciona la fuerza motriz. El uso de aire comprimido como medio de actuaci\u00f3n ofrece una acci\u00f3n r\u00e1pida y un alto grado de control sobre la apertura y el cierre de la v\u00e1lvula, lo que mejora la eficiencia y la seguridad del proceso. El cuerpo de la v\u00e1lvula puede estar hecho de varios materiales, incluido acero inoxidable, hierro fundido o aleaciones especiales, para adaptarse a diferentes medios y entornos de aplicaci\u00f3n.<\/p>\t\t\t\t\t\t\t\t<\/div>\n\t\t\t\t<\/div>\n\t\t\t\t<div class=\"elementor-element elementor-element-b3aab3c elementor-widget__width-initial elementor-widget elementor-widget-text-editor\" data-id=\"b3aab3c\" data-element_type=\"widget\" data-e-type=\"widget\" data-settings=\"{&quot;ekit_we_effect_on&quot;:&quot;none&quot;}\" data-widget_type=\"text-editor.default\">\n\t\t\t\t<div class=\"elementor-widget-container\">\n\t\t\t\t\t\t\t\t\t<p>El funcionamiento de una v\u00e1lvula de compuerta neum\u00e1tica se rige por el suministro de aire comprimido al actuador neum\u00e1tico. Cuando se introduce aire en el actuador, se crea una fuerza que mueve el pist\u00f3n, que a su vez desliza la compuerta hacia arriba o hacia abajo. Este movimiento permite el control preciso del flujo, desde posiciones completamente abiertas a completamente cerradas, y cualquier nivel intermedio que requiera el proceso. El accionamiento r\u00e1pido es particularmente beneficioso para aplicaciones donde es necesario aislar o restablecer r\u00e1pidamente el flujo.<\/p>\t\t\t\t\t\t\t\t<\/div>\n\t\t\t\t<\/div>\n\t\t\t\t<\/div>\n\t\t\t\t<div class=\"elementor-element elementor-element-8e57110 elementor-widget elementor-widget-image\" data-id=\"8e57110\" data-element_type=\"widget\" data-e-type=\"widget\" data-settings=\"{&quot;ekit_we_effect_on&quot;:&quot;none&quot;}\" data-widget_type=\"image.default\">\n\t\t\t\t<div class=\"elementor-widget-container\">\n\t\t\t\t\t\t\t\t\t\t\t\t\t\t\t<img fetchpriority=\"high\" decoding=\"async\" width=\"1024\" height=\"1024\" src=\"https:\/\/www.delcofluid.com\/wp-content\/uploads\/2024\/03\/5-4-1024x1024.jpg\" class=\"attachment-large size-large wp-image-2155\" alt=\"Pneumatic Knife Gate Valve Introduction\" srcset=\"https:\/\/www.delcofluid.com\/wp-content\/uploads\/2024\/03\/5-4-1024x1024.jpg 1024w, https:\/\/www.delcofluid.com\/wp-content\/uploads\/2024\/03\/5-4-300x300.jpg 300w, https:\/\/www.delcofluid.com\/wp-content\/uploads\/2024\/03\/5-4-100x100.jpg 100w, https:\/\/www.delcofluid.com\/wp-content\/uploads\/2024\/03\/5-4-600x600.jpg 600w, https:\/\/www.delcofluid.com\/wp-content\/uploads\/2024\/03\/5-4-150x150.jpg 150w, https:\/\/www.delcofluid.com\/wp-content\/uploads\/2024\/03\/5-4-768x768.jpg 768w, https:\/\/www.delcofluid.com\/wp-content\/uploads\/2024\/03\/5-4.jpg 1500w\" sizes=\"(max-width: 1024px) 100vw, 1024px\" \/>\t\t\t\t\t\t\t\t\t\t\t\t\t\t\t<\/div>\n\t\t\t\t<\/div>\n\t\t\t\t\t<\/div>\n\t\t\t\t<\/div>\n\t\t<div class=\"elementor-element elementor-element-a55eeda e-flex e-con-boxed e-con e-parent\" data-id=\"a55eeda\" data-element_type=\"container\" data-e-type=\"container\" data-settings=\"{&quot;background_background&quot;:&quot;classic&quot;,&quot;ekit_has_onepagescroll_dot&quot;:&quot;yes&quot;}\">\n\t\t\t\t\t<div class=\"e-con-inner\">\n\t\t\t\t<div class=\"elementor-element elementor-element-585e9d9 elementor-widget elementor-widget-heading\" data-id=\"585e9d9\" data-element_type=\"widget\" data-e-type=\"widget\" data-settings=\"{&quot;ekit_we_effect_on&quot;:&quot;none&quot;}\" data-widget_type=\"heading.default\">\n\t\t\t\t<div class=\"elementor-widget-container\">\n\t\t\t\t\t<h2 class=\"elementor-heading-title elementor-size-default\">Par\u00e1metros t\u00e9cnicos<\/h2>\t\t\t\t<\/div>\n\t\t\t\t<\/div>\n\t\t\t\t\t<\/div>\n\t\t\t\t<\/div>\n\t\t<div class=\"elementor-element elementor-element-daef6c8 e-con-full e-flex e-con e-parent\" data-id=\"daef6c8\" data-element_type=\"container\" data-e-type=\"container\" data-settings=\"{&quot;ekit_has_onepagescroll_dot&quot;:&quot;yes&quot;}\">\n\t\t\t\t<div class=\"elementor-element elementor-element-bf954c1 elementor-widget elementor-widget-text-editor\" data-id=\"bf954c1\" data-element_type=\"widget\" data-e-type=\"widget\" data-settings=\"{&quot;ekit_we_effect_on&quot;:&quot;none&quot;}\" data-widget_type=\"text-editor.default\">\n\t\t\t\t<div class=\"elementor-widget-container\">\n\t\t\t\t\t\t\t\t\t<table style=\"border-collapse: collapse;width: 910.52pt\" border=\"0\" width=\"686\" cellspacing=\"0\" cellpadding=\"0\">\n<tbody>\n<tr style=\"height: 31.50pt\">\n<td class=\"et2\" style=\"height: 31.50pt;width: 120.75pt\" width=\"161\" height=\"42\">Doble efecto<\/td>\n<td class=\"et2\" style=\"width: 99.00pt\" width=\"132\">N\/C de simple efecto<\/td>\n<td class=\"et2\" style=\"width: 141.00pt\" colspan=\"2\" width=\"188\">De simple efecto N\/O<\/td>\n<td class=\"et2\" style=\"width: 153.75pt\" colspan=\"2\" width=\"205\">Accesorio opcional<\/td>\n<\/tr>\n<tr style=\"height: 103.00pt\">\n<td class=\"et3\" style=\"height: 103.00pt;width: 120.75pt\" width=\"161\" height=\"137\">Aire para abrir, aire para cerrar, falla del proveedor de aire para mantener la posici\u00f3n actual<\/td>\n<td class=\"et3\" style=\"width: 99.00pt\" width=\"132\">Aire para abrir, interrupci\u00f3n del aire para cerrar, falla del aire para cerrar<\/td>\n<td class=\"et3\" style=\"width: 141.00pt\" colspan=\"2\" width=\"188\">Aire para cerrar, interrupci\u00f3n del aire para abrir, falla del aire para abrir<\/td>\n<td class=\"et3\" style=\"width: 153.75pt\" colspan=\"2\" width=\"205\">V\u00e1lvula solenoide inversora, caja de interruptores de l\u00edmite, v\u00e1lvula reductora de filtro de aire, posicionador, manual de manija, v\u00e1lvula de bloqueo.<\/td>\n<\/tr>\n<tr style=\"height: 39.00pt\">\n<td class=\"et2\" style=\"height: 89.00pt;width: 120.75pt\" rowspan=\"2\" width=\"161\" height=\"118\">Cuerpo<\/td>\n<td class=\"et2\" style=\"width: 99.00pt\" width=\"132\">Rango de tallas<\/td>\n<td class=\"et2\" style=\"width: 72.00pt\" width=\"96\">Material del cuerpo<\/td>\n<td class=\"et2\" style=\"width: 69.00pt\" width=\"92\">Conexi\u00f3n final<\/td>\n<td class=\"et2\" style=\"width: 65.25pt\" width=\"87\">Presi\u00f3n de funcionamiento<\/td>\n<td class=\"et2\" style=\"width: 88.50pt\" width=\"118\">Estructura<\/td>\n<\/tr>\n<tr style=\"height: 50.00pt\">\n<td class=\"et3\" style=\"width: 99.00pt\" width=\"132\">DN50 ~ DN600<\/td>\n<td class=\"et3\" style=\"width: 72.00pt\" width=\"96\">Hierro fundido<\/td>\n<td class=\"et3\" style=\"width: 69.00pt\" width=\"92\">&nbsp;Brida<\/td>\n<td class=\"et3\" style=\"width: 65.25pt\" width=\"87\">0,0 MPa<br>hasta 1 MPa<\/td>\n<td class=\"et3\" style=\"width: 88.50pt\" width=\"118\">Estructura de la l\u00ednea media<\/td>\n<\/tr>\n<tr style=\"height: 45.00pt\">\n<td class=\"et2\" style=\"height: 101.00pt;width: 120.75pt\" rowspan=\"2\" width=\"161\" height=\"134\">V\u00e1lvula<br>componentes<\/td>\n<td class=\"et2\" style=\"width: 99.00pt\" width=\"132\">Material de sellado<\/td>\n<td class=\"et2\" style=\"width: 72.00pt\" width=\"96\">Material del n\u00facleo<\/td>\n<td class=\"et2\" style=\"width: 69.00pt\" width=\"92\">Material del tallo<\/td>\n<td class=\"et2\" style=\"width: 153.75pt\" colspan=\"2\" width=\"205\">Medios aplicables<\/td>\n<\/tr>\n<tr style=\"height: 56.00pt\">\n<td class=\"et3\" style=\"width: 99.00pt\" width=\"132\">PTFE, PPL<\/td>\n<td class=\"et3\" style=\"width: 72.00pt\" width=\"96\">Acero inoxidable<\/td>\n<td class=\"et3\" style=\"width: 69.00pt\" width=\"92\">Acero inoxidable<\/td>\n<td class=\"et3\" style=\"width: 153.75pt\" colspan=\"2\" width=\"205\">Agua, aceite, gas, l\u00edquido, vapor, polvo, base anticorrosiva.<\/td>\n<\/tr>\n<\/tbody>\n<\/table>\t\t\t\t\t\t\t\t<\/div>\n\t\t\t\t<\/div>\n\t\t\t\t<div class=\"elementor-element elementor-element-52ddb61 elementor-widget elementor-widget-heading\" data-id=\"52ddb61\" data-element_type=\"widget\" data-e-type=\"widget\" data-settings=\"{&quot;ekit_we_effect_on&quot;:&quot;none&quot;}\" data-widget_type=\"heading.default\">\n\t\t\t\t<div class=\"elementor-widget-container\">\n\t\t\t\t\t<h2 class=\"elementor-heading-title elementor-size-default\">V\u00e1lvula de compuerta con cuchilla y actuador neum\u00e1tico<\/h2>\t\t\t\t<\/div>\n\t\t\t\t<\/div>\n\t\t\t\t<div class=\"elementor-element elementor-element-e1e5066 elementor-widget__width-initial elementor-widget elementor-widget-text-editor\" data-id=\"e1e5066\" data-element_type=\"widget\" data-e-type=\"widget\" data-settings=\"{&quot;ekit_we_effect_on&quot;:&quot;none&quot;}\" data-widget_type=\"text-editor.default\">\n\t\t\t\t<div class=\"elementor-widget-container\">\n\t\t\t\t\t\t\t\t\t<p><span style=\"color: #000000\"><strong>\u00a0 \u00a0 \u00a0 \u00a0 \u00a0 \u00a0 \u00a0 \u00a0 \u00a0 \u00a0 \u00a0 \u00a0 \u00a0 \u00a0 \u00a0 \u00a0 \u00a0 \u00a0 \u00a0 \u00a0 \u00a0 \u00a0 \u00a0 \u00a0 \u00a0 \u00a0 \u00a0 \u00a0 \u00a0 \u00a0 \u00a0 \u00a0 \u00a0 \u00a0 \u00a0 \u00a0 \u00a0 \u00a0 \u00a0 \u00a0 \u00a0 \u00a0 \u00a0 \u00a0 \u00a0 \u00a0 \u00a0 \u00a0 \u00a0 \u00a0 \u00a0 \u00a0 \u00a0 \u00a0 \u00a0 \u00a0 \u00a0 \u00a0 \u00a0 \u00a0 \u00a0 \u00a0 \u00a0 \u00a0 \u00a0 \u00a0 Caracter\u00edsticas<\/strong><\/span><br \/><span style=\"color: #000000\"><strong>Cuerpo:<\/strong><\/span><br \/>Un cuerpo integral con estructura de paso completo garantiza un flujo suave, un f\u00e1cil montaje y una menor posibilidad de fuga de la carcasa.<br \/>Las garras gu\u00eda dise\u00f1adas en la parte inferior del puerto para la fijaci\u00f3n de la compuerta, en lugar de una ranura, eliminan cualquier posible obstrucci\u00f3n cuando se cierra la v\u00e1lvula.<br \/><span style=\"color: #000000\"><strong>Puerta:<\/strong><\/span><br \/>El borde biselado del cuchillo proporciona una fuerte tensi\u00f3n de corte y un sellado herm\u00e9tico.<br \/>La gu\u00eda de punto resiliente de PTFE sobre el puerto evita el contacto metal-metal entre la compuerta y el cuerpo.<br \/>Se puede aumentar el espesor de la compuerta para soportar presiones m\u00e1s altas.<br \/><span style=\"color: #000000\"><strong>Asiento:<\/strong><\/span><br \/>El asiento puede ser reemplazable, lo que reduce el costo de mantenimiento, y puede ajustarse para cumplir con diferentes clases de sellado y compensar el desgaste normal del asiento.<\/p>\t\t\t\t\t\t\t\t<\/div>\n\t\t\t\t<\/div>\n\t\t\t\t<div class=\"elementor-element elementor-element-667f6fe elementor-widget__width-initial elementor-widget elementor-widget-text-editor\" data-id=\"667f6fe\" data-element_type=\"widget\" data-e-type=\"widget\" data-settings=\"{&quot;ekit_we_effect_on&quot;:&quot;none&quot;}\" data-widget_type=\"text-editor.default\">\n\t\t\t\t<div class=\"elementor-widget-container\">\n\t\t\t\t\t\t\t\t\t<p><span style=\"color: #000000\"><strong>\u00a0 \u00a0 \u00a0 \u00a0 \u00a0 \u00a0 \u00a0 \u00a0 \u00a0 \u00a0 \u00a0 \u00a0 \u00a0 \u00a0 \u00a0 \u00a0 \u00a0 \u00a0 \u00a0 \u00a0 \u00a0 \u00a0 \u00a0 \u00a0 \u00a0 \u00a0 \u00a0 \u00a0 \u00a0 \u00a0 \u00a0 \u00a0 \u00a0 \u00a0 \u00a0 \u00a0 \u00a0 \u00a0 \u00a0 \u00a0 \u00a0 \u00a0 \u00a0 \u00a0 \u00a0 \u00a0 \u00a0 \u00a0 \u00a0 \u00a0 \u00a0 \u00a0 \u00a0 \u00a0 \u00a0 \u00a0 \u00a0 \u00a0 \u00a0 \u00a0 \u00a0 \u00a0 \u00a0 \u00a0 \u00a0 \u00a0 Ventajas<\/strong><\/span><br \/><strong><span style=\"color: #000000\">Versatilidad:<\/span> <\/strong>Las v\u00e1lvulas de cuchilla neum\u00e1ticas pueden manejar una amplia variedad de medios, incluidos fluidos corrosivos, abrasivos y viscosos, as\u00ed como materiales secos a granel.<br \/><strong><span style=\"color: #000000\">Durabilidad:<\/span> <\/strong>Dise\u00f1adas para soportar condiciones adversas, estas v\u00e1lvulas pueden funcionar de manera eficiente en entornos con altas concentraciones de s\u00f3lidos o materiales abrasivos.<br \/><strong><span style=\"color: #000000\">Bajo mantenimiento:<\/span> <\/strong>El dise\u00f1o simple y la construcci\u00f3n robusta minimizan los requisitos de mantenimiento y prolongan la vida \u00fatil.<br \/><strong><span style=\"color: #000000\">Respuesta r\u00e1pida:<\/span><\/strong> El accionamiento neum\u00e1tico garantiza un funcionamiento r\u00e1pido y fiable de la v\u00e1lvula, fundamental en situaciones de cierre de emergencia y procesos automatizados.<br \/><strong><span style=\"color: #000000\">Rentable:<\/span><\/strong> A pesar de su funcionalidad avanzada, las v\u00e1lvulas de guillotina neum\u00e1ticas son rentables y ofrecen un costo total de propiedad m\u00e1s bajo en comparaci\u00f3n con otros tipos de v\u00e1lvulas adecuadas para aplicaciones similares.<\/p>\t\t\t\t\t\t\t\t<\/div>\n\t\t\t\t<\/div>\n\t\t\t\t<\/div>\n\t\t\t\t<\/div>","protected":false},"excerpt":{"rendered":"<p>La v\u00e1lvula de compuerta de cuchilla es una v\u00e1lvula de compuerta de cuchilla unidireccional con borde de cuchilla que se utiliza en tuber\u00edas industriales para operaciones de encendido y apagado.<br \/>\nLa estructura del cuerpo y del asiento elimina las obstrucciones y evita que se obstruya el paso del flujo de part\u00edculas finas. Adem\u00e1s, el borde biselado de la cuchilla ayuda a que la compuerta corte los medios gruesos con facilidad.<br \/>\nLas v\u00e1lvulas de guillotina con actuador neum\u00e1tico representan una evoluci\u00f3n fundamental en la tecnolog\u00eda y la aplicaci\u00f3n de las v\u00e1lvulas industriales. Est\u00e1n dise\u00f1adas espec\u00edficamente para controlar el flujo de fluidos abrasivos, viscosos o cargados de s\u00f3lidos, lo que las hace indispensables en sectores como la miner\u00eda, el tratamiento de aguas residuales, la pulpa y el papel y la manipulaci\u00f3n de productos a granel. Esta exploraci\u00f3n detallada profundiza en el dise\u00f1o, el funcionamiento, las ventajas y las aplicaciones de las v\u00e1lvulas de guillotina neum\u00e1ticas, destacando su importancia en las operaciones industriales modernas.<\/p>\n<p>Modelo: V\u00e1lvula de compuerta de cuchilla con actuador neum\u00e1tico<\/p>\n<p>Rango de tama\u00f1o: 2\u201d~24\u201d<\/p>\n<p>Rango de presi\u00f3n: 0,0 MPa a 1,0 MPa<\/p>\n<p>Material: Hierro fundido, acero inoxidable 304 o 316<\/p>","protected":false},"featured_media":7038,"template":"","meta":{"site-sidebar-layout":"default","site-content-layout":"","ast-site-content-layout":"default","site-content-style":"default","site-sidebar-style":"default","ast-global-header-display":"","ast-banner-title-visibility":"","ast-main-header-display":"","ast-hfb-above-header-display":"","ast-hfb-below-header-display":"","ast-hfb-mobile-header-display":"","site-post-title":"","ast-breadcrumbs-content":"","ast-featured-img":"","footer-sml-layout":"","ast-disable-related-posts":"","theme-transparent-header-meta":"default","adv-header-id-meta":"","stick-header-meta":"","header-above-stick-meta":"","header-main-stick-meta":"","header-below-stick-meta":"","astra-migrate-meta-layouts":"set","ast-page-background-enabled":"default","ast-page-background-meta":{"desktop":{"background-color":"var(--ast-global-color-4)","background-image":"","background-repeat":"repeat","background-position":"center center","background-size":"auto","background-attachment":"scroll","background-type":"","background-media":"","overlay-type":"","overlay-color":"","overlay-opacity":"","overlay-gradient":""},"tablet":{"background-color":"","background-image":"","background-repeat":"repeat","background-position":"center center","background-size":"auto","background-attachment":"scroll","background-type":"","background-media":"","overlay-type":"","overlay-color":"","overlay-opacity":"","overlay-gradient":""},"mobile":{"background-color":"","background-image":"","background-repeat":"repeat","background-position":"center center","background-size":"auto","background-attachment":"scroll","background-type":"","background-media":"","overlay-type":"","overlay-color":"","overlay-opacity":"","overlay-gradient":""}},"ast-content-background-meta":{"desktop":{"background-color":"var(--ast-global-color-5)","background-image":"","background-repeat":"repeat","background-position":"center center","background-size":"auto","background-attachment":"scroll","background-type":"","background-media":"","overlay-type":"","overlay-color":"","overlay-opacity":"","overlay-gradient":""},"tablet":{"background-color":"var(--ast-global-color-5)","background-image":"","background-repeat":"repeat","background-position":"center center","background-size":"auto","background-attachment":"scroll","background-type":"","background-media":"","overlay-type":"","overlay-color":"","overlay-opacity":"","overlay-gradient":""},"mobile":{"background-color":"var(--ast-global-color-5)","background-image":"","background-repeat":"repeat","background-position":"center center","background-size":"auto","background-attachment":"scroll","background-type":"","background-media":"","overlay-type":"","overlay-color":"","overlay-opacity":"","overlay-gradient":""}}},"product_brand":[],"product_cat":[274,35,33],"product_tag":[81,83,82,73,56],"class_list":{"0":"post-2150","1":"product","2":"type-product","3":"status-publish","4":"has-post-thumbnail","6":"product_cat-pneumatic-knife-gate-valve","7":"product_cat-pneumatic-valves","8":"product_cat-products","9":"product_tag-pneumatic-actuator-knife-gate-valve","10":"product_tag-pneumatic-actuator-knife-gate-valve-factory","11":"product_tag-pneumatic-actuator-knife-gate-valves","12":"product_tag-valve","13":"product_tag-valves","14":"desktop-align-center","15":"tablet-align-left","16":"mobile-align-left","18":"first","19":"instock","20":"shipping-taxable","21":"product-type-simple"},"_links":{"self":[{"href":"https:\/\/www.delcofluid.com\/es\/wp-json\/wp\/v2\/product\/2150","targetHints":{"allow":["GET"]}}],"collection":[{"href":"https:\/\/www.delcofluid.com\/es\/wp-json\/wp\/v2\/product"}],"about":[{"href":"https:\/\/www.delcofluid.com\/es\/wp-json\/wp\/v2\/types\/product"}],"version-history":[{"count":0,"href":"https:\/\/www.delcofluid.com\/es\/wp-json\/wp\/v2\/product\/2150\/revisions"}],"wp:featuredmedia":[{"embeddable":true,"href":"https:\/\/www.delcofluid.com\/es\/wp-json\/wp\/v2\/media\/7038"}],"wp:attachment":[{"href":"https:\/\/www.delcofluid.com\/es\/wp-json\/wp\/v2\/media?parent=2150"}],"wp:term":[{"taxonomy":"product_brand","embeddable":true,"href":"https:\/\/www.delcofluid.com\/es\/wp-json\/wp\/v2\/product_brand?post=2150"},{"taxonomy":"product_cat","embeddable":true,"href":"https:\/\/www.delcofluid.com\/es\/wp-json\/wp\/v2\/product_cat?post=2150"},{"taxonomy":"product_tag","embeddable":true,"href":"https:\/\/www.delcofluid.com\/es\/wp-json\/wp\/v2\/product_tag?post=2150"}],"curies":[{"name":"wp","href":"https:\/\/api.w.org\/{rel}","templated":true}]}}