{"id":2277,"date":"2024-03-20T08:38:36","date_gmt":"2024-03-20T08:38:36","guid":{"rendered":"https:\/\/www.delcofluid.com\/?post_type=product&#038;p=2277"},"modified":"2024-08-14T07:37:44","modified_gmt":"2024-08-14T06:37:44","slug":"motorized-electric-knife-gate-valves","status":"publish","type":"product","link":"https:\/\/www.delcofluid.com\/es\/producto\/motorized-electric-knife-gate-valves\/","title":{"rendered":"V\u00e1lvulas motorizadas DELCO V\u00e1lvulas de guillotina con brida el\u00e9ctrica"},"content":{"rendered":"<div data-elementor-type=\"product-post\" data-elementor-id=\"2277\" class=\"elementor elementor-2277\" data-elementor-post-type=\"product\">\n\t\t\t\t<div class=\"elementor-element elementor-element-20539a1c e-flex e-con-boxed e-con e-parent\" data-id=\"20539a1c\" data-element_type=\"container\" data-e-type=\"container\" data-settings=\"{&quot;ekit_has_onepagescroll_dot&quot;:&quot;yes&quot;}\">\n\t\t\t\t\t<div class=\"e-con-inner\">\n\t\t<div class=\"elementor-element elementor-element-3316fa6 e-con-full e-flex e-con e-child\" data-id=\"3316fa6\" data-element_type=\"container\" data-e-type=\"container\" data-settings=\"{&quot;ekit_has_onepagescroll_dot&quot;:&quot;yes&quot;}\">\n\t\t\t\t<div class=\"elementor-element elementor-element-b8b3abc elementor-widget elementor-widget-heading\" data-id=\"b8b3abc\" data-element_type=\"widget\" data-e-type=\"widget\" data-settings=\"{&quot;ekit_we_effect_on&quot;:&quot;none&quot;}\" data-widget_type=\"heading.default\">\n\t\t\t\t<div class=\"elementor-widget-container\">\n\t\t\t\t\t<h2 class=\"elementor-heading-title elementor-size-default\">Descripci\u00f3n<\/h2>\t\t\t\t<\/div>\n\t\t\t\t<\/div>\n\t\t\t\t<div class=\"elementor-element elementor-element-4b43349d elementor-widget__width-initial elementor-widget elementor-widget-text-editor\" data-id=\"4b43349d\" data-element_type=\"widget\" data-e-type=\"widget\" data-settings=\"{&quot;ekit_we_effect_on&quot;:&quot;none&quot;}\" data-widget_type=\"text-editor.default\">\n\t\t\t\t<div class=\"elementor-widget-container\">\n\t\t\t\t\t\t\t\t\t<p>Las v\u00e1lvulas de compuerta de cuchilla el\u00e9ctricas tienen un dise\u00f1o robusto y compacto, optimizado para un control eficiente del fluido. El cuerpo de la v\u00e1lvula generalmente est\u00e1 compuesto de materiales resistentes a la corrosi\u00f3n, como acero inoxidable o hierro fundido, lo que garantiza durabilidad y longevidad en entornos operativos hostiles. Dentro del cuerpo de la v\u00e1lvula, una compuerta o cuchilla de borde afilado es accionada por un motor el\u00e9ctrico, lo que permite un control preciso de la trayectoria del flujo.<\/p>\t\t\t\t\t\t\t\t<\/div>\n\t\t\t\t<\/div>\n\t\t\t\t<div class=\"elementor-element elementor-element-6b35d83 elementor-widget__width-initial elementor-widget elementor-widget-text-editor\" data-id=\"6b35d83\" data-element_type=\"widget\" data-e-type=\"widget\" data-settings=\"{&quot;ekit_we_effect_on&quot;:&quot;none&quot;}\" data-widget_type=\"text-editor.default\">\n\t\t\t\t<div class=\"elementor-widget-container\">\n\t\t\t\t\t\t\t\t\t<p>El actuador el\u00e9ctrico es el coraz\u00f3n de la v\u00e1lvula de guillotina el\u00e9ctrica y proporciona la fuerza motriz para abrir y cerrar la compuerta de la v\u00e1lvula. Funciona con electricidad y est\u00e1 controlado por un controlador l\u00f3gico programable (PLC), un sistema de control distribuido (DCS) u otros sistemas de automatizaci\u00f3n. El accionamiento el\u00e9ctrico ofrece varias ventajas, entre ellas, un posicionamiento preciso, capacidad de control remoto e integraci\u00f3n con estrategias de control avanzadas.<\/p>\t\t\t\t\t\t\t\t<\/div>\n\t\t\t\t<\/div>\n\t\t\t\t<div class=\"elementor-element elementor-element-b2411cb elementor-widget__width-initial elementor-widget elementor-widget-text-editor\" data-id=\"b2411cb\" data-element_type=\"widget\" data-e-type=\"widget\" data-settings=\"{&quot;ekit_we_effect_on&quot;:&quot;none&quot;}\" data-widget_type=\"text-editor.default\">\n\t\t\t\t<div class=\"elementor-widget-container\">\n\t\t\t\t\t\t\t\t\t<p>En conclusi\u00f3n, las v\u00e1lvulas de guillotina el\u00e9ctricas representan una piedra angular de la tecnolog\u00eda de control de fluidos, ofreciendo precisi\u00f3n, confiabilidad y versatilidad inigualables en aplicaciones industriales. Su dise\u00f1o innovador, accionamiento el\u00e9ctrico y numerosas ventajas las convierten en un componente indispensable en los sistemas de manejo de fluidos, asegurando un rendimiento y eficiencia \u00f3ptimos en diversos procesos industriales.<\/p>\t\t\t\t\t\t\t\t<\/div>\n\t\t\t\t<\/div>\n\t\t\t\t<\/div>\n\t\t<div class=\"elementor-element elementor-element-e796ac0 e-flex e-con-boxed e-con e-child\" data-id=\"e796ac0\" data-element_type=\"container\" data-e-type=\"container\" data-settings=\"{&quot;ekit_has_onepagescroll_dot&quot;:&quot;yes&quot;}\">\n\t\t\t\t\t<div class=\"e-con-inner\">\n\t\t\t\t<div class=\"elementor-element elementor-element-7ddba38 elementor-widget elementor-widget-image\" data-id=\"7ddba38\" data-element_type=\"widget\" data-e-type=\"widget\" data-settings=\"{&quot;ekit_we_effect_on&quot;:&quot;none&quot;}\" data-widget_type=\"image.default\">\n\t\t\t\t<div class=\"elementor-widget-container\">\n\t\t\t\t\t\t\t\t\t\t\t\t\t\t\t<img fetchpriority=\"high\" decoding=\"async\" width=\"1024\" height=\"934\" src=\"https:\/\/www.delcofluid.com\/wp-content\/uploads\/2024\/03\/z4-1024x934.jpg\" class=\"attachment-large size-large wp-image-2324\" alt=\"Electric Actuator\" srcset=\"https:\/\/www.delcofluid.com\/wp-content\/uploads\/2024\/03\/z4-1024x934.jpg 1024w, https:\/\/www.delcofluid.com\/wp-content\/uploads\/2024\/03\/z4-600x547.jpg 600w, https:\/\/www.delcofluid.com\/wp-content\/uploads\/2024\/03\/z4-300x274.jpg 300w, https:\/\/www.delcofluid.com\/wp-content\/uploads\/2024\/03\/z4-768x700.jpg 768w, https:\/\/www.delcofluid.com\/wp-content\/uploads\/2024\/03\/z4.jpg 1500w\" sizes=\"(max-width: 1024px) 100vw, 1024px\" \/>\t\t\t\t\t\t\t\t\t\t\t\t\t\t\t<\/div>\n\t\t\t\t<\/div>\n\t\t\t\t\t<\/div>\n\t\t\t\t<\/div>\n\t\t\t\t\t<\/div>\n\t\t\t\t<\/div>\n\t\t<div class=\"elementor-element elementor-element-23c1635 e-flex e-con-boxed e-con e-parent\" data-id=\"23c1635\" data-element_type=\"container\" data-e-type=\"container\" data-settings=\"{&quot;ekit_has_onepagescroll_dot&quot;:&quot;yes&quot;}\">\n\t\t\t\t\t<div class=\"e-con-inner\">\n\t\t<div class=\"elementor-element elementor-element-556380c e-flex e-con-boxed e-con e-child\" data-id=\"556380c\" data-element_type=\"container\" data-e-type=\"container\" data-settings=\"{&quot;ekit_has_onepagescroll_dot&quot;:&quot;yes&quot;}\">\n\t\t\t\t\t<div class=\"e-con-inner\">\n\t\t\t\t<div class=\"elementor-element elementor-element-e0391e7 elementor-widget__width-initial elementor-widget elementor-widget-text-editor\" data-id=\"e0391e7\" data-element_type=\"widget\" data-e-type=\"widget\" data-settings=\"{&quot;ekit_we_effect_on&quot;:&quot;none&quot;}\" data-widget_type=\"text-editor.default\">\n\t\t\t\t<div class=\"elementor-widget-container\">\n\t\t\t\t\t\t\t\t\t<p>La v\u00e1lvula de compuerta de cuchilla el\u00e9ctrica es una v\u00e1lvula de compuerta de cuchilla unidireccional con borde de cuchilla que se utiliza en tuber\u00edas industriales para operaciones de encendido y apagado. <br \/>La estructura del cuerpo y del asiento eliminan las obstrucciones que impiden el paso del flujo de part\u00edculas finas. Adem\u00e1s, el borde biselado de la cuchilla ayuda a que la compuerta corte f\u00e1cilmente medios espesos. Seg\u00fan las diferentes situaciones de trabajo, est\u00e1n disponibles las v\u00e1lvulas de compuerta de cuchilla con v\u00e1stago no ascendente, v\u00e1lvulas de compuerta de cuchilla tipo wafer, v\u00e1lvulas de compuerta de cuchilla con orejetas, v\u00e1lvulas de compuerta de cuchilla neum\u00e1ticas, v\u00e1lvulas de compuerta de cuchilla el\u00e9ctricas, v\u00e1lvulas de compuerta de cuchilla manuales y v\u00e1lvulas de compuerta de cuchilla con engranajes c\u00f3nicos.<\/p>\t\t\t\t\t\t\t\t<\/div>\n\t\t\t\t<\/div>\n\t\t\t\t\t<\/div>\n\t\t\t\t<\/div>\n\t\t\t\t\t<\/div>\n\t\t\t\t<\/div>\n\t\t<div class=\"elementor-element elementor-element-15c4c55 e-flex e-con-boxed e-con e-parent\" data-id=\"15c4c55\" data-element_type=\"container\" data-e-type=\"container\" data-settings=\"{&quot;background_background&quot;:&quot;classic&quot;,&quot;ekit_has_onepagescroll_dot&quot;:&quot;yes&quot;}\">\n\t\t\t\t\t<div class=\"e-con-inner\">\n\t\t\t\t<div class=\"elementor-element elementor-element-cf7446a elementor-widget elementor-widget-heading\" data-id=\"cf7446a\" data-element_type=\"widget\" data-e-type=\"widget\" data-settings=\"{&quot;ekit_we_effect_on&quot;:&quot;none&quot;}\" data-widget_type=\"heading.default\">\n\t\t\t\t<div class=\"elementor-widget-container\">\n\t\t\t\t\t<h2 class=\"elementor-heading-title elementor-size-default\">Par\u00e1metros t\u00e9cnicos de la v\u00e1lvula de compuerta de cuchilla el\u00e9ctrica<\/h2>\t\t\t\t<\/div>\n\t\t\t\t<\/div>\n\t\t\t\t\t<\/div>\n\t\t\t\t<\/div>\n\t\t<div class=\"elementor-element elementor-element-e2b9db7 e-flex e-con-boxed e-con e-parent\" data-id=\"e2b9db7\" data-element_type=\"container\" data-e-type=\"container\" data-settings=\"{&quot;ekit_has_onepagescroll_dot&quot;:&quot;yes&quot;}\">\n\t\t\t\t\t<div class=\"e-con-inner\">\n\t\t\t\t<div class=\"elementor-element elementor-element-6b3925b elementor-widget__width-initial elementor-widget elementor-widget-text-editor\" data-id=\"6b3925b\" data-element_type=\"widget\" data-e-type=\"widget\" data-settings=\"{&quot;ekit_we_effect_on&quot;:&quot;none&quot;}\" data-widget_type=\"text-editor.default\">\n\t\t\t\t<div class=\"elementor-widget-container\">\n\t\t\t\t\t\t\t\t\t<table border=\"0\" width=\"288\" cellspacing=\"0\" cellpadding=\"0\"><tbody><tr><td class=\"et2\" colspan=\"2\" width=\"144\" height=\"43\">Cuerpo de la v\u00e1lvula<\/td><td class=\"et2\" colspan=\"2\" width=\"144\">Componentes de la v\u00e1lvula<\/td><\/tr><tr><td class=\"et3\" width=\"72\" height=\"61\">Tama\u00f1o nominal<\/td><td class=\"et4\" width=\"72\">DN50-DN500<\/td><td class=\"et3\" width=\"72\">Material de sellado<\/td><td class=\"et4\" width=\"72\">PTFE, NBR, EPDM, VITON<\/td><\/tr><tr><td class=\"et3\" width=\"72\" height=\"43\">Material del cuerpo<\/td><td class=\"et4\" width=\"72\">Hierro fundido<\/td><td class=\"et3\" width=\"72\">Material del disco<\/td><td class=\"et4\" width=\"72\">SS304<\/td><\/tr><tr><td class=\"et3\" width=\"72\" height=\"64\">Conexi\u00f3n final<\/td><td class=\"et4\" width=\"72\">Brida<\/td><td class=\"et3\" width=\"72\">Material del tallo<\/td><td class=\"et4\" width=\"72\">Hierro fundido, WCB<\/td><\/tr><tr><td class=\"et3\" width=\"72\" height=\"85\">Presi\u00f3n de funcionamiento<\/td><td class=\"et4\" width=\"72\">1,0 \/ 1,6 MPa<\/td><td class=\"et3\" width=\"72\">Medios aplicables<\/td><td class=\"et4\" width=\"72\">Agua, Aire, Gas, Petr\u00f3leo, L\u00edquido<\/td><\/tr><tr><td class=\"et3\" width=\"72\" height=\"64\">Estructura<\/td><td class=\"et4\" width=\"72\">Estructura de la l\u00ednea media\/tipo A<\/td><td class=\"et3\" width=\"72\">Est\u00e1ndar de dise\u00f1o<\/td><td class=\"et4\" width=\"72\">Normas ANSI, JIS, DIN, BS y GB<\/td><\/tr><\/tbody><\/table>\t\t\t\t\t\t\t\t<\/div>\n\t\t\t\t<\/div>\n\t\t\t\t\t<\/div>\n\t\t\t\t<\/div>\n\t\t<div class=\"elementor-element elementor-element-0b18e32 e-flex e-con-boxed e-con e-parent\" data-id=\"0b18e32\" data-element_type=\"container\" data-e-type=\"container\" data-settings=\"{&quot;ekit_has_onepagescroll_dot&quot;:&quot;yes&quot;}\">\n\t\t\t\t\t<div class=\"e-con-inner\">\n\t\t\t\t<div class=\"elementor-element elementor-element-efcdb82 elementor-widget elementor-widget-heading\" data-id=\"efcdb82\" data-element_type=\"widget\" data-e-type=\"widget\" data-settings=\"{&quot;ekit_we_effect_on&quot;:&quot;none&quot;}\" data-widget_type=\"heading.default\">\n\t\t\t\t<div class=\"elementor-widget-container\">\n\t\t\t\t\t<h2 class=\"elementor-heading-title elementor-size-default\">Caracter\u00edsticas de las v\u00e1lvulas de compuerta de cuchilla <\/h2>\t\t\t\t<\/div>\n\t\t\t\t<\/div>\n\t\t\t\t<div class=\"elementor-element elementor-element-fab2721 elementor-widget elementor-widget-text-editor\" data-id=\"fab2721\" data-element_type=\"widget\" data-e-type=\"widget\" data-settings=\"{&quot;ekit_we_effect_on&quot;:&quot;none&quot;}\" data-widget_type=\"text-editor.default\">\n\t\t\t\t<div class=\"elementor-widget-container\">\n\t\t\t\t\t\t\t\t\t<p><span style=\"color: #000000\"><strong>Control de precisi\u00f3n:<\/strong> <\/span>Las v\u00e1lvulas de cuchilla el\u00e9ctricas proporcionan un control preciso sobre los caudales de fluido, lo que permite una modulaci\u00f3n y regulaci\u00f3n precisa de los par\u00e1metros del proceso.<\/p><p><span style=\"color: #000000\"><strong>Operaci\u00f3n confiable:<\/strong> <\/span>Con accionamiento el\u00e9ctrico, estas v\u00e1lvulas ofrecen un rendimiento constante y repetible, minimizando el riesgo de errores manuales y garantizando un funcionamiento confiable durante per\u00edodos prolongados.<\/p><p><span style=\"color: #000000\"><strong>Capacidad de control remoto:<\/strong><\/span> Las v\u00e1lvulas de guillotina el\u00e9ctricas se pueden operar de forma remota e integrar en sistemas de control automatizados, lo que permite una integraci\u00f3n perfecta en los procesos industriales modernos.<\/p><p><span style=\"color: #000000\"><strong>Bajo mantenimiento:<\/strong><\/span> En comparaci\u00f3n con las v\u00e1lvulas manuales o neum\u00e1ticas, las v\u00e1lvulas de guillotina el\u00e9ctricas requieren un mantenimiento m\u00ednimo, lo que resulta en un menor tiempo de inactividad y una mayor eficiencia operativa.<\/p>\t\t\t\t\t\t\t\t<\/div>\n\t\t\t\t<\/div>\n\t\t\t\t\t<\/div>\n\t\t\t\t<\/div>\n\t\t<div class=\"elementor-element elementor-element-6778b4a e-flex e-con-boxed e-con e-parent\" data-id=\"6778b4a\" data-element_type=\"container\" data-e-type=\"container\" data-settings=\"{&quot;ekit_has_onepagescroll_dot&quot;:&quot;yes&quot;}\">\n\t\t\t\t\t<div class=\"e-con-inner\">\n\t\t\t\t<div class=\"elementor-element elementor-element-6c778a9 elementor-widget elementor-widget-heading\" data-id=\"6c778a9\" data-element_type=\"widget\" data-e-type=\"widget\" data-settings=\"{&quot;ekit_we_effect_on&quot;:&quot;none&quot;}\" data-widget_type=\"heading.default\">\n\t\t\t\t<div class=\"elementor-widget-container\">\n\t\t\t\t\t<h2 class=\"elementor-heading-title elementor-size-default\">Industrias y aplicaciones de las v\u00e1lvulas de compuerta de cuchilla<\/h2>\t\t\t\t<\/div>\n\t\t\t\t<\/div>\n\t\t\t\t<div class=\"elementor-element elementor-element-a2c23a1 elementor-widget elementor-widget-text-editor\" data-id=\"a2c23a1\" data-element_type=\"widget\" data-e-type=\"widget\" data-settings=\"{&quot;ekit_we_effect_on&quot;:&quot;none&quot;}\" data-widget_type=\"text-editor.default\">\n\t\t\t\t<div class=\"elementor-widget-container\">\n\t\t\t\t\t\t\t\t\t<p><span style=\"color: #000000\"><strong>Miner\u00eda:<\/strong> <\/span>Estas v\u00e1lvulas se utilizan en operaciones mineras para controlar el flujo de lodos, relaves y agua de proceso, facilitando la extracci\u00f3n, el procesamiento y el transporte eficientes de minerales.<\/p><p><span style=\"color: #000000\"><strong>Tratamiento de aguas residuales:<\/strong><\/span> En las plantas de tratamiento de aguas residuales, las v\u00e1lvulas de guillotina el\u00e9ctricas regulan el flujo de lodos, productos qu\u00edmicos y aguas residuales, lo que permite procesos efectivos de purificaci\u00f3n y deshidrataci\u00f3n.<\/p><p><span style=\"color: #000000\"><strong>Pulpa y papel:<\/strong> <\/span>Utilizadas en f\u00e1bricas de pulpa y papel, estas v\u00e1lvulas controlan el flujo de pulpa, productos qu\u00edmicos y aguas residuales, lo que contribuye a la producci\u00f3n eficiente de papel y a la gesti\u00f3n de aguas residuales.<\/p><p><span style=\"color: #000000\"><strong>Procesamiento qu\u00edmico:<\/strong> <\/span>Las v\u00e1lvulas de cuchilla el\u00e9ctricas se emplean en plantas de fabricaci\u00f3n de productos qu\u00edmicos para regular el flujo de productos qu\u00edmicos corrosivos, solventes y lodos abrasivos, lo que garantiza procesos de producci\u00f3n seguros y eficientes.<\/p>\t\t\t\t\t\t\t\t<\/div>\n\t\t\t\t<\/div>\n\t\t\t\t\t<\/div>\n\t\t\t\t<\/div>\n\t\t\t\t<\/div>","protected":false},"excerpt":{"rendered":"<p>El cuerpo de la v\u00e1lvula de compuerta de cuchilla el\u00e9ctrica adopta un dise\u00f1o integral, con baja resistencia al fluido y un funcionamiento flexible y conveniente. El accionamiento de tornillo de la v\u00e1lvula adopta un dise\u00f1o de cojinete de doble plano, que reduce en gran medida la fricci\u00f3n de transmisi\u00f3n y facilita la apertura y el cierre de la v\u00e1lvula.<br \/>\nLas v\u00e1lvulas de compuerta de cuchilla motorizadas o el\u00e9ctricas representan la cumbre de la innovaci\u00f3n en tecnolog\u00eda de control de fluidos, ofreciendo un funcionamiento preciso y confiable en una amplia gama de aplicaciones industriales. Estas v\u00e1lvulas est\u00e1n dise\u00f1adas espec\u00edficamente para manipular fluidos, lodos y s\u00f3lidos dif\u00edciles, lo que las hace indispensables en sectores como la miner\u00eda, el tratamiento de aguas residuales, la pulpa y el papel, y el procesamiento qu\u00edmico.<br \/>\nEn los procesos industriales modernos, las v\u00e1lvulas de guillotina el\u00e9ctricas desempe\u00f1an un papel crucial en la optimizaci\u00f3n del rendimiento del proceso, la mejora de la productividad y la garant\u00eda de la seguridad operativa. Su capacidad para proporcionar un control preciso, un funcionamiento fiable y la capacidad de control remoto las hace indispensables en los sistemas de manipulaci\u00f3n de fluidos de diversas industrias.<\/p>\n<p><strong>Modelo: <\/strong>V\u00e1lvulas de compuerta de cuchilla el\u00e9ctricas<\/p>\n<p><strong>Rango de tallas:<\/strong> De 2\u201d a 20\u201d<\/p>\n<p><strong>Rango de presi\u00f3n:<\/strong> 1,0 MPa a 1,6 MPa<\/p>\n<p><strong>Material<\/strong>:Acero inoxidable 304\/316, Hierro fundido<\/p>","protected":false},"featured_media":7041,"template":"","meta":{"site-sidebar-layout":"default","site-content-layout":"","ast-site-content-layout":"default","site-content-style":"default","site-sidebar-style":"default","ast-global-header-display":"","ast-banner-title-visibility":"","ast-main-header-display":"","ast-hfb-above-header-display":"","ast-hfb-below-header-display":"","ast-hfb-mobile-header-display":"","site-post-title":"","ast-breadcrumbs-content":"","ast-featured-img":"","footer-sml-layout":"","ast-disable-related-posts":"","theme-transparent-header-meta":"default","adv-header-id-meta":"","stick-header-meta":"","header-above-stick-meta":"","header-main-stick-meta":"","header-below-stick-meta":"","astra-migrate-meta-layouts":"set","ast-page-background-enabled":"default","ast-page-background-meta":{"desktop":{"background-color":"var(--ast-global-color-4)","background-image":"","background-repeat":"repeat","background-position":"center center","background-size":"auto","background-attachment":"scroll","background-type":"","background-media":"","overlay-type":"","overlay-color":"","overlay-opacity":"","overlay-gradient":""},"tablet":{"background-color":"","background-image":"","background-repeat":"repeat","background-position":"center center","background-size":"auto","background-attachment":"scroll","background-type":"","background-media":"","overlay-type":"","overlay-color":"","overlay-opacity":"","overlay-gradient":""},"mobile":{"background-color":"","background-image":"","background-repeat":"repeat","background-position":"center center","background-size":"auto","background-attachment":"scroll","background-type":"","background-media":"","overlay-type":"","overlay-color":"","overlay-opacity":"","overlay-gradient":""}},"ast-content-background-meta":{"desktop":{"background-color":"var(--ast-global-color-5)","background-image":"","background-repeat":"repeat","background-position":"center center","background-size":"auto","background-attachment":"scroll","background-type":"","background-media":"","overlay-type":"","overlay-color":"","overlay-opacity":"","overlay-gradient":""},"tablet":{"background-color":"var(--ast-global-color-5)","background-image":"","background-repeat":"repeat","background-position":"center center","background-size":"auto","background-attachment":"scroll","background-type":"","background-media":"","overlay-type":"","overlay-color":"","overlay-opacity":"","overlay-gradient":""},"mobile":{"background-color":"var(--ast-global-color-5)","background-image":"","background-repeat":"repeat","background-position":"center center","background-size":"auto","background-attachment":"scroll","background-type":"","background-media":"","overlay-type":"","overlay-color":"","overlay-opacity":"","overlay-gradient":""}}},"product_brand":[],"product_cat":[273,34,38,567,33],"product_tag":[103,104,105,106,78,102,107,73,56],"class_list":{"0":"post-2277","1":"product","2":"type-product","3":"status-publish","4":"has-post-thumbnail","6":"product_cat-electric-knife-gate-valve","7":"product_cat-electric-valves","8":"product_cat-knife-gate-valve","9":"product_cat-multi-turn-electric-valves","10":"product_cat-products","11":"product_tag-electric-knife-gate-valve","12":"product_tag-electric-knife-gate-valves","13":"product_tag-knife-gate-valve","14":"product_tag-knife-gate-valves","15":"product_tag-manual-knife-gate-valve","16":"product_tag-manual-valves","17":"product_tag-motorized-knife-gate-valve","18":"product_tag-valve","19":"product_tag-valves","20":"desktop-align-center","21":"tablet-align-left","22":"mobile-align-left","24":"first","25":"instock","26":"shipping-taxable","27":"product-type-simple"},"_links":{"self":[{"href":"https:\/\/www.delcofluid.com\/es\/wp-json\/wp\/v2\/product\/2277","targetHints":{"allow":["GET"]}}],"collection":[{"href":"https:\/\/www.delcofluid.com\/es\/wp-json\/wp\/v2\/product"}],"about":[{"href":"https:\/\/www.delcofluid.com\/es\/wp-json\/wp\/v2\/types\/product"}],"version-history":[{"count":0,"href":"https:\/\/www.delcofluid.com\/es\/wp-json\/wp\/v2\/product\/2277\/revisions"}],"wp:featuredmedia":[{"embeddable":true,"href":"https:\/\/www.delcofluid.com\/es\/wp-json\/wp\/v2\/media\/7041"}],"wp:attachment":[{"href":"https:\/\/www.delcofluid.com\/es\/wp-json\/wp\/v2\/media?parent=2277"}],"wp:term":[{"taxonomy":"product_brand","embeddable":true,"href":"https:\/\/www.delcofluid.com\/es\/wp-json\/wp\/v2\/product_brand?post=2277"},{"taxonomy":"product_cat","embeddable":true,"href":"https:\/\/www.delcofluid.com\/es\/wp-json\/wp\/v2\/product_cat?post=2277"},{"taxonomy":"product_tag","embeddable":true,"href":"https:\/\/www.delcofluid.com\/es\/wp-json\/wp\/v2\/product_tag?post=2277"}],"curies":[{"name":"wp","href":"https:\/\/api.w.org\/{rel}","templated":true}]}}